{"id":23867,"date":"2024-01-09T15:58:35","date_gmt":"2024-01-09T15:58:35","guid":{"rendered":"http:\/\/rucashk.com\/?post_type=product&#038;p=23867"},"modified":"2024-03-11T06:50:12","modified_gmt":"2024-03-11T06:50:12","slug":"huawei-nova-5t","status":"publish","type":"product","link":"https:\/\/www.rucashk.com\/es\/producto\/huawei-nova-5t\/","title":{"rendered":"HUAWEI NOVA 5T"},"content":{"rendered":"<p><img class=\"bg_lazy\" title=\"HUAWEI NOVA 5T Versi\u00f3n global 6,26 pulgadas 48MP C\u00e1mara trasera cu\u00e1druple NFC 8GB RAM 128GB ROM Kirin 980 Octa core 4G Smartphone\" alt=\"HUAWEI NOVA 5T\" data-original=\"https:\/\/imgaz.staticbg.com\/images\/oaupload\/ser1\/banggood\/images\/63\/1C\/2d98ddd1-884a-4407-9c44-dbfe502bfcca.jpg\" \/><br \/>\n<img class=\"bg_lazy\" title=\"HUAWEI NOVA 5T Versi\u00f3n global 6,26 pulgadas 48MP C\u00e1mara trasera cu\u00e1druple NFC 8GB RAM 128GB ROM Kirin 980 Octa core 4G Smartphone\" alt=\"HUAWEI NOVA 5T\" data-original=\"https:\/\/imgaz.staticbg.com\/images\/oaupload\/ser1\/banggood\/images\/76\/33\/57a45e1f-1b25-4a33-ac48-0040bd6f9cfa.jpg\" \/><br \/>\n<img class=\"bg_lazy\" title=\"HUAWEI NOVA 5T Versi\u00f3n global 6,26 pulgadas 48MP C\u00e1mara trasera cu\u00e1druple NFC 8GB RAM 128GB ROM Kirin 980 Octa core 4G Smartphone\" alt=\"HUAWEI NOVA 5T\" data-original=\"https:\/\/imgaz.staticbg.com\/images\/oaupload\/ser1\/banggood\/images\/6F\/ED\/4cff8950-30a0-407e-aa53-1223610cb4b3.jpg\" \/><br \/>\n<img class=\"bg_lazy\" title=\"HUAWEI NOVA 5T Versi\u00f3n global 6,26 pulgadas 48MP C\u00e1mara trasera cu\u00e1druple NFC 8GB RAM 128GB ROM Kirin 980 Octa core 4G Smartphone\" alt=\"HUAWEI NOVA 5T\" data-original=\"https:\/\/imgaz.staticbg.com\/images\/oaupload\/ser1\/banggood\/images\/E4\/28\/846a4668-a56b-4118-b78a-f41d2680354a.jpg\" \/><br \/>\n<img class=\"bg_lazy\" title=\"HUAWEI NOVA 5T Versi\u00f3n global 6,26 pulgadas 48MP C\u00e1mara trasera cu\u00e1druple NFC 8GB RAM 128GB ROM Kirin 980 Octa core 4G Smartphone\" alt=\"HUAWEI NOVA 5T\" data-original=\"https:\/\/imgaz.staticbg.com\/images\/oaupload\/ser1\/banggood\/images\/F4\/24\/3e212727-3f7b-4768-9dd1-d39cc5f37abd.jpg\" \/><br \/>\n<img class=\"bg_lazy\" title=\"HUAWEI NOVA 5T Versi\u00f3n global 6,26 pulgadas 48MP C\u00e1mara trasera cu\u00e1druple NFC 8GB RAM 128GB ROM Kirin 980 Octa core 4G Smartphone\" alt=\"HUAWEI NOVA 5T\" data-original=\"https:\/\/imgaz.staticbg.com\/images\/oaupload\/ser1\/banggood\/images\/63\/18\/d11b3dec-7ef0-4b00-afd4-cbd5d0a9d286.jpg\" \/><br \/>\n<img class=\"bg_lazy\" title=\"HUAWEI NOVA 5T Versi\u00f3n global 6,26 pulgadas 48MP C\u00e1mara trasera cu\u00e1druple NFC 8GB RAM 128GB ROM Kirin 980 Octa core 4G Smartphone\" alt=\"HUAWEI NOVA 5T\" data-original=\"https:\/\/imgaz.staticbg.com\/images\/oaupload\/ser1\/banggood\/images\/98\/37\/4c0bdab6-93f6-4672-8250-31c385d0f284.jpg\" \/><br \/>\n<img class=\"bg_lazy\" title=\"HUAWEI NOVA 5T Versi\u00f3n global 6,26 pulgadas 48MP C\u00e1mara trasera cu\u00e1druple NFC 8GB RAM 128GB ROM Kirin 980 Octa core 4G Smartphone\" alt=\"HUAWEI NOVA 5T\" data-original=\"https:\/\/imgaz.staticbg.com\/images\/oaupload\/ser1\/banggood\/images\/CD\/CE\/04939758-aed9-4dec-9430-28bb9d492563.jpg\" \/><br \/>\n<img class=\"bg_lazy\" title=\"HUAWEI NOVA 5T Versi\u00f3n global 6,26 pulgadas 48MP C\u00e1mara trasera cu\u00e1druple NFC 8GB RAM 128GB ROM Kirin 980 Octa core 4G Smartphone\" alt=\"HUAWEI NOVA 5T\" data-original=\"https:\/\/imgaz.staticbg.com\/images\/oaupload\/ser1\/banggood\/images\/26\/AB\/6db1d313-526b-4320-926a-cc7e7ec3029e.jpg\" \/><br \/>\n<img class=\"bg_lazy\" title=\"HUAWEI NOVA 5T Versi\u00f3n global 6,26 pulgadas 48MP C\u00e1mara trasera cu\u00e1druple NFC 8GB RAM 128GB ROM Kirin 980 Octa core 4G Smartphone\" alt=\"HUAWEI NOVA 5T\" data-original=\"https:\/\/imgaz.staticbg.com\/images\/oaupload\/ser1\/banggood\/images\/D0\/C5\/4848e91e-2c22-4dc8-9fc2-ebcc32206a66.jpg\" \/><br \/>\n<img class=\"bg_lazy\" title=\"HUAWEI NOVA 5T Versi\u00f3n global 6,26 pulgadas 48MP C\u00e1mara trasera cu\u00e1druple NFC 8GB RAM 128GB ROM Kirin 980 Octa core 4G Smartphone\" alt=\"HUAWEI NOVA 5T\" data-original=\"https:\/\/imgaz.staticbg.com\/images\/oaupload\/ser1\/banggood\/images\/11\/7A\/3ece6151-902e-417b-a28e-15058d63535c.jpg\" \/><br \/>\n<img class=\"bg_lazy\" title=\"\" alt=\"HUAWEI NOVA 5T\" data-original=\"https:\/\/imgaz.staticbg.com\/images\/oaupload\/ser1\/banggood\/images\/D5\/BF\/d35dee35-6966-4efb-83e1-e54c1b01fd49.jpg\" \/><\/p>\n<h4 class=\"expand_en_name\">Especificaci\u00f3n<\/h4>\n<div class=\"product_pz_info product_pz_style2\">\n<table>\n<tbody>\n<tr>\n<th>General<\/th>\n<td>Marca: HUAWEI<br \/>\nN\u00famero de modelo: Nova 5T<br \/>\nIdioma: chino simplificado, chino tradicional de Hong Kong, chino tradicional taiwan\u00e9s, ingl\u00e9s americano, ingl\u00e9s brit\u00e1nico, espa\u00f1ol europeo, portugu\u00e9s europeo, franc\u00e9s, alem\u00e1n, ruso, italiano, japon\u00e9s, latinoamericano, portugu\u00e9s brasile\u00f1o, sueco, noruego, dan\u00e9s, checo. H\u00fangaro, eslovaco, polaco, rumano, griego, serbio (latino), bosnio, macedonio, b\u00falgaro, finland\u00e9s, estonio, let\u00f3n, lituano, esloveno, croata, ucraniano, turco, vietnamita, indonesio, \u00e1rabe, persa, holand\u00e9s, tailand\u00e9s, malayo , catal\u00e1n, hindi, birmano, coreano, inscripciones de Heber, gallego, vasco, georgiano, azer\u00ed, uzbeko, jemer, cingal\u00e9s, urdu, tibetano, bielorruso, kazajo (cir\u00edlico), idioma de Bangladesh, laosiano, filipino, javan\u00e9s, nepal\u00ed, swahili, Maor\u00ed, am\u00e1rico telugu, marathi, tamil, gujarati, kannada, malayalam, oriya, punjabi, assam, metilli, mongol (cir\u00edlico)<br \/>\nSistema operativo: Android 9.0<br \/>\nProveedor de servicios: desbloqueado<br \/>\nRanura para tarjeta SIM: Doble SIM, Doble modo de espera<br \/>\nTipo de tarjeta SIM: Doble Nano SIM<br \/>\nTipo: Tel\u00e9fono inteligente 4G<\/td>\n<\/tr>\n<tr>\n<th>Hardware<\/th>\n<td>Procesador: Kirin 980<br \/>\nN\u00facleos: 1,8 GHz, 1,92 GHz, 2,6 GHz, Octa Core<br \/>\nMemoria externa: no compatible<br \/>\nRAM: 8 GB de RAM<br \/>\nROM: 128GB<\/td>\n<\/tr>\n<tr>\n<th>Red<\/th>\n<td>Tipo de red: FDD-LTE,GSM,WCDMA<br \/>\nWIFI: WiFi 2,4G\/5G, Internet inal\u00e1mbrico 802.11a\/b\/g\/n\/ac<br \/>\nConectividad inal\u00e1mbrica: A-GPS,Bluetooth,GPS,WiFi<\/td>\n<\/tr>\n<tr>\n<th>Mostrar<\/th>\n<td>P\u00edxeles por pulgada (PPI): 412<br \/>\nResoluci\u00f3n de pantalla: 2340 x 1080<br \/>\nTama\u00f1o de pantalla: 6,26 pulgadas<br \/>\nTipo de pantalla: Capacitiva, LTPS, Multit\u00e1ctil<\/td>\n<\/tr>\n<tr>\n<th>C\u00e1mara<\/th>\n<td>C\u00e1mara trasera: 48 megap\u00edxeles (apertura F\/1.8) + 16 megap\u00edxeles (apertura F\/2.2) + 2 megap\u00edxeles (apertura F\/2.4) + 2 megap\u00edxeles (apertura F\/2.4)<br \/>\nTipo de c\u00e1mara: cuatro c\u00e1maras traseras y una c\u00e1mara frontal<br \/>\nC\u00e1mara frontal: 32 megap\u00edxeles, apertura F\/2.0<\/td>\n<\/tr>\n<tr>\n<th>Otras caracter\u00edsticas<\/th>\n<td>Caracter\u00edsticas adicionales: Alarma,Bluetooth,Calculadora,Calendario,GPS,Sensor de huellas dactilares lateral,WiFi<br \/>\nVersi\u00f3n de Bluetooth: Bluetooth 5.0<br \/>\nTienda Google Play: S\u00ed<br \/>\nInterfaz E\/S: 2 x Ranura para Nano SIM,Micr\u00f3fono,Altavoz,Tipo C<br \/>\nImpermeable\/Resistente al agua: No<br \/>\nOTA: S\u00ed<br \/>\nOTG: S\u00ed<br \/>\nSensor: Sensor de luz ambiental,E-Compass,Sensor de gravedad,Sensor de pasillo,Sensor de proximidad<\/td>\n<\/tr>\n<tr>\n<th>Bater\u00eda<\/th>\n<td>Capacidad de la bater\u00eda (mAh): 3750 mAh<br \/>\nTipo de bater\u00eda: no extra\u00edble<\/td>\n<\/tr>\n<tr>\n<th>contenidos del paquete<\/th>\n<td>Tel\u00e9fono celular: 1<\/td>\n<\/tr>\n<tr>\n<th>Dimensiones y peso<\/th>\n<td>Peso del producto: 0,1740 kg<br \/>\nPeso del paquete: 0,5500 kg<br \/>\nTama\u00f1o del producto (largo x ancho x alto): 15,43 x 7,40 x 0,79 cm \/ 6,07 x 2,91 x 0,31 pulgadas<br \/>\nTama\u00f1o del paquete (largo x ancho x alto): 18,50 x 10,00 x 6,00 cm \/ 7,28 x 3,94 x 2,36 pulgadas<\/td>\n<\/tr>\n<\/tbody>\n<\/table>\n<\/div>","protected":false},"excerpt":{"rendered":"<p><b>Principales caracter\u00edsticas:<\/b><br \/>\nEquipped with rear AI 5 professional cameras.<br \/>\n6.26 inch full screen that give you a wide and clear view.<br \/>\n48MP HD front camera.<br \/>\nSupport 22.5W HUAWEI SuperCharge, 30 minutes to charge 50%.<br \/>\nFully upgraded GPU Turbo3.0 image processing techniques.<\/p>","protected":false},"featured_media":23976,"template":"","meta":[],"product_brand":[],"product_cat":[1345,1295,1322],"product_tag":[975],"class_list":{"0":"post-23867","1":"product","2":"type-product","3":"status-publish","4":"has-post-thumbnail","6":"product_cat-huawei-other-a-brands","7":"product_cat-mobile-phone","8":"product_cat-other-a-brands","9":"product_tag-huawei-nova-5t","11":"first","12":"instock","13":"shipping-taxable","14":"product-type-external"},"aioseo_notices":[],"aioseo_head":"\n\t\t<!-- All in One SEO Pro 4.5.9.2 - aioseo.com -->\n\t\t<meta name=\"description\" content=\"Main Features: Equipped with rear AI 5 professional cameras. 6.26 inch full screen that give you a wide and clear view. 48MP HD front camera. Support 22.5W HUAWEI SuperCharge, 30 minutes to charge 50%. Fully upgraded GPU Turbo3.0 image processing techniques.\" \/>\n\t\t<meta name=\"robots\" content=\"max-image-preview:large\" \/>\n\t\t<link rel=\"canonical\" href=\"https:\/\/www.rucashk.com\/es\/producto\/huawei-nova-5t\/\" \/>\n\t\t<meta name=\"generator\" content=\"All in One SEO Pro (AIOSEO) 4.5.9.2\" \/>\n\t\t<meta property=\"og:locale\" content=\"es_ES\" \/>\n\t\t<meta property=\"og:site_name\" content=\"Rucas - One-stop AIoT Distribution Worldwide\" \/>\n\t\t<meta property=\"og:type\" content=\"article\" \/>\n\t\t<meta property=\"og:title\" content=\"HUAWEI NOVA 5T - Rucas - Wholesale and Distribution\" \/>\n\t\t<meta property=\"og:description\" content=\"Main Features: Equipped with rear AI 5 professional cameras. 6.26 inch full screen that give you a wide and clear view. 48MP HD front camera. Support 22.5W HUAWEI SuperCharge, 30 minutes to charge 50%. Fully upgraded GPU Turbo3.0 image processing techniques.\" \/>\n\t\t<meta property=\"og:url\" content=\"https:\/\/www.rucashk.com\/es\/producto\/huawei-nova-5t\/\" \/>\n\t\t<meta property=\"og:image\" content=\"https:\/\/www.rucashk.com\/wp-content\/uploads\/replace\/503b8e645f128a97ccde2b6290747646.jpeg\" \/>\n\t\t<meta property=\"og:image:secure_url\" content=\"https:\/\/www.rucashk.com\/wp-content\/uploads\/replace\/503b8e645f128a97ccde2b6290747646.jpeg\" \/>\n\t\t<meta property=\"og:image:width\" content=\"1456\" \/>\n\t\t<meta property=\"og:image:height\" content=\"816\" \/>\n\t\t<meta property=\"article:published_time\" content=\"2024-01-09T15:58:35+00:00\" \/>\n\t\t<meta property=\"article:modified_time\" content=\"2024-03-11T06:50:12+00:00\" \/>\n\t\t<meta name=\"twitter:card\" content=\"summary_large_image\" \/>\n\t\t<meta name=\"twitter:title\" content=\"HUAWEI NOVA 5T - Rucas - Wholesale and Distribution\" \/>\n\t\t<meta name=\"twitter:description\" content=\"Main Features: Equipped with rear AI 5 professional cameras. 6.26 inch full screen that give you a wide and clear view. 48MP HD front camera. Support 22.5W HUAWEI SuperCharge, 30 minutes to charge 50%. Fully upgraded GPU Turbo3.0 image processing techniques.\" \/>\n\t\t<meta name=\"twitter:image\" content=\"https:\/\/www.rucashk.com\/wp-content\/uploads\/replace\/503b8e645f128a97ccde2b6290747646.jpeg\" \/>\n\t\t<script type=\"application\/ld+json\" class=\"aioseo-schema\">\n\t\t\t{\"@context\":\"https:\\\/\\\/schema.org\",\"@graph\":[{\"@type\":\"BreadcrumbList\",\"@id\":\"https:\\\/\\\/www.rucashk.com\\\/es\\\/producto\\\/huawei-nova-5t\\\/#breadcrumblist\",\"itemListElement\":[{\"@type\":\"ListItem\",\"@id\":\"https:\\\/\\\/www.rucashk.com\\\/es\\\/#listItem\",\"position\":1,\"name\":\"Home\",\"item\":\"https:\\\/\\\/www.rucashk.com\\\/es\\\/\",\"nextItem\":\"https:\\\/\\\/www.rucashk.com\\\/es\\\/producto\\\/huawei-nova-5t\\\/#listItem\"},{\"@type\":\"ListItem\",\"@id\":\"https:\\\/\\\/www.rucashk.com\\\/es\\\/producto\\\/huawei-nova-5t\\\/#listItem\",\"position\":2,\"name\":\"HUAWEI NOVA 5T\",\"previousItem\":\"https:\\\/\\\/www.rucashk.com\\\/es\\\/#listItem\"}]},{\"@type\":\"Organization\",\"@id\":\"https:\\\/\\\/www.rucashk.com\\\/es\\\/#organization\",\"name\":\"Rucas\",\"url\":\"https:\\\/\\\/www.rucashk.com\\\/es\\\/\",\"logo\":{\"@type\":\"ImageObject\",\"url\":\"https:\\\/\\\/www.rucashk.com\\\/wp-content\\\/uploads\\\/2023\\\/12\\\/Rucas_campany_logo.png\",\"@id\":\"https:\\\/\\\/www.rucashk.com\\\/es\\\/producto\\\/huawei-nova-5t\\\/#organizationLogo\",\"width\":221,\"height\":65},\"image\":{\"@id\":\"https:\\\/\\\/www.rucashk.com\\\/es\\\/#organizationLogo\"}},{\"@type\":\"Person\",\"@id\":\"https:\\\/\\\/www.rucashk.com\\\/es\\\/author\\\/admin\\\/#author\",\"url\":\"https:\\\/\\\/www.rucashk.com\\\/es\\\/author\\\/admin\\\/\",\"name\":\"admin\",\"image\":{\"@type\":\"ImageObject\",\"@id\":\"https:\\\/\\\/www.rucashk.com\\\/es\\\/producto\\\/huawei-nova-5t\\\/#authorImage\",\"url\":\"https:\\\/\\\/secure.gravatar.com\\\/avatar\\\/b7c8925b09a27e72b30232f8ecaadbd5af0f70a38c78096863fe51b64f031c24?s=96&d=mm&r=g\",\"width\":96,\"height\":96,\"caption\":\"admin\"}},{\"@type\":\"WebPage\",\"@id\":\"https:\\\/\\\/www.rucashk.com\\\/es\\\/producto\\\/huawei-nova-5t\\\/#webpage\",\"url\":\"https:\\\/\\\/www.rucashk.com\\\/es\\\/producto\\\/huawei-nova-5t\\\/\",\"name\":\"HUAWEI NOVA 5T - Rucas - Wholesale and Distribution\",\"description\":\"Main Features: Equipped with rear AI 5 professional cameras. 6.26 inch full screen that give you a wide and clear view. 48MP HD front camera. Support 22.5W HUAWEI SuperCharge, 30 minutes to charge 50%. Fully upgraded GPU Turbo3.0 image processing techniques.\",\"inLanguage\":\"es-ES\",\"isPartOf\":{\"@id\":\"https:\\\/\\\/www.rucashk.com\\\/es\\\/#website\"},\"breadcrumb\":{\"@id\":\"https:\\\/\\\/www.rucashk.com\\\/es\\\/producto\\\/huawei-nova-5t\\\/#breadcrumblist\"},\"author\":{\"@id\":\"https:\\\/\\\/www.rucashk.com\\\/es\\\/author\\\/admin\\\/#author\"},\"creator\":{\"@id\":\"https:\\\/\\\/www.rucashk.com\\\/es\\\/author\\\/admin\\\/#author\"},\"image\":{\"@type\":\"ImageObject\",\"url\":\"https:\\\/\\\/www.rucashk.com\\\/wp-content\\\/uploads\\\/2024\\\/01\\\/huawei-nova-5t.jpg\",\"@id\":\"https:\\\/\\\/www.rucashk.com\\\/es\\\/producto\\\/huawei-nova-5t\\\/#mainImage\",\"width\":800,\"height\":800},\"primaryImageOfPage\":{\"@id\":\"https:\\\/\\\/www.rucashk.com\\\/es\\\/producto\\\/huawei-nova-5t\\\/#mainImage\"},\"datePublished\":\"2024-01-09T15:58:35+00:00\",\"dateModified\":\"2024-03-11T06:50:12+00:00\"},{\"@type\":\"WebSite\",\"@id\":\"https:\\\/\\\/www.rucashk.com\\\/es\\\/#website\",\"url\":\"https:\\\/\\\/www.rucashk.com\\\/es\\\/\",\"name\":\"Rucas - Wholesale and distribution worldwide\",\"alternateName\":\"Rucas - One-stop AIoT Distribution Worldwide\",\"description\":\"One-stop AIoT Distribution Worldwide\",\"inLanguage\":\"es-ES\",\"publisher\":{\"@id\":\"https:\\\/\\\/www.rucashk.com\\\/es\\\/#organization\"}}]}\n\t\t<\/script>\n\t\t<!-- All in One SEO Pro -->\r\n\t\t<title>HUAWEI NOVA 5T - Rucas - Wholesale and Distribution<\/title>\n\n","aioseo_head_json":{"title":"HUAWEI NOVA 5T - Rucas - Wholesale and Distribution","description":"Main Features: Equipped with rear AI 5 professional cameras. 6.26 inch full screen that give you a wide and clear view. 48MP HD front camera. Support 22.5W HUAWEI SuperCharge, 30 minutes to charge 50%. Fully upgraded GPU Turbo3.0 image processing techniques.","canonical_url":"https:\/\/www.rucashk.com\/es\/producto\/huawei-nova-5t\/","robots":"max-image-preview:large","keywords":"","webmasterTools":{"miscellaneous":""},"og:locale":"es_ES","og:site_name":"Rucas - One-stop AIoT Distribution Worldwide","og:type":"article","og:title":"HUAWEI NOVA 5T - Rucas - Wholesale and Distribution","og:description":"Main Features: Equipped with rear AI 5 professional cameras. 6.26 inch full screen that give you a wide and clear view. 48MP HD front camera. Support 22.5W HUAWEI SuperCharge, 30 minutes to charge 50%. Fully upgraded GPU Turbo3.0 image processing techniques.","og:url":"https:\/\/www.rucashk.com\/es\/producto\/huawei-nova-5t\/","og:image":"https:\/\/www.rucashk.com\/wp-content\/uploads\/replace\/503b8e645f128a97ccde2b6290747646.jpeg","og:image:secure_url":"https:\/\/www.rucashk.com\/wp-content\/uploads\/replace\/503b8e645f128a97ccde2b6290747646.jpeg","og:image:width":1456,"og:image:height":816,"article:published_time":"2024-01-09T15:58:35+00:00","article:modified_time":"2024-03-11T06:50:12+00:00","twitter:card":"summary_large_image","twitter:title":"HUAWEI NOVA 5T - Rucas - Wholesale and Distribution","twitter:description":"Main Features: Equipped with rear AI 5 professional cameras. 6.26 inch full screen that give you a wide and clear view. 48MP HD front camera. Support 22.5W HUAWEI SuperCharge, 30 minutes to charge 50%. Fully upgraded GPU Turbo3.0 image processing techniques.","twitter:image":"https:\/\/www.rucashk.com\/wp-content\/uploads\/replace\/503b8e645f128a97ccde2b6290747646.jpeg","schema":{"@context":"https:\/\/schema.org","@graph":[{"@type":"BreadcrumbList","@id":"https:\/\/www.rucashk.com\/es\/producto\/huawei-nova-5t\/#breadcrumblist","itemListElement":[{"@type":"ListItem","@id":"https:\/\/www.rucashk.com\/es\/#listItem","position":1,"name":"Home","item":"https:\/\/www.rucashk.com\/es\/","nextItem":"https:\/\/www.rucashk.com\/es\/producto\/huawei-nova-5t\/#listItem"},{"@type":"ListItem","@id":"https:\/\/www.rucashk.com\/es\/producto\/huawei-nova-5t\/#listItem","position":2,"name":"HUAWEI NOVA 5T","previousItem":"https:\/\/www.rucashk.com\/es\/#listItem"}]},{"@type":"Organization","@id":"https:\/\/www.rucashk.com\/es\/#organization","name":"Rucas","url":"https:\/\/www.rucashk.com\/es\/","logo":{"@type":"ImageObject","url":"https:\/\/www.rucashk.com\/wp-content\/uploads\/2023\/12\/Rucas_campany_logo.png","@id":"https:\/\/www.rucashk.com\/es\/producto\/huawei-nova-5t\/#organizationLogo","width":221,"height":65},"image":{"@id":"https:\/\/www.rucashk.com\/es\/#organizationLogo"}},{"@type":"Person","@id":"https:\/\/www.rucashk.com\/es\/author\/admin\/#author","url":"https:\/\/www.rucashk.com\/es\/author\/admin\/","name":"admin","image":{"@type":"ImageObject","@id":"https:\/\/www.rucashk.com\/es\/producto\/huawei-nova-5t\/#authorImage","url":"https:\/\/secure.gravatar.com\/avatar\/b7c8925b09a27e72b30232f8ecaadbd5af0f70a38c78096863fe51b64f031c24?s=96&d=mm&r=g","width":96,"height":96,"caption":"admin"}},{"@type":"WebPage","@id":"https:\/\/www.rucashk.com\/es\/producto\/huawei-nova-5t\/#webpage","url":"https:\/\/www.rucashk.com\/es\/producto\/huawei-nova-5t\/","name":"HUAWEI NOVA 5T - Rucas - Wholesale and Distribution","description":"Main Features: Equipped with rear AI 5 professional cameras. 6.26 inch full screen that give you a wide and clear view. 48MP HD front camera. Support 22.5W HUAWEI SuperCharge, 30 minutes to charge 50%. Fully upgraded GPU Turbo3.0 image processing techniques.","inLanguage":"es-ES","isPartOf":{"@id":"https:\/\/www.rucashk.com\/es\/#website"},"breadcrumb":{"@id":"https:\/\/www.rucashk.com\/es\/producto\/huawei-nova-5t\/#breadcrumblist"},"author":{"@id":"https:\/\/www.rucashk.com\/es\/author\/admin\/#author"},"creator":{"@id":"https:\/\/www.rucashk.com\/es\/author\/admin\/#author"},"image":{"@type":"ImageObject","url":"https:\/\/www.rucashk.com\/wp-content\/uploads\/2024\/01\/huawei-nova-5t.jpg","@id":"https:\/\/www.rucashk.com\/es\/producto\/huawei-nova-5t\/#mainImage","width":800,"height":800},"primaryImageOfPage":{"@id":"https:\/\/www.rucashk.com\/es\/producto\/huawei-nova-5t\/#mainImage"},"datePublished":"2024-01-09T15:58:35+00:00","dateModified":"2024-03-11T06:50:12+00:00"},{"@type":"WebSite","@id":"https:\/\/www.rucashk.com\/es\/#website","url":"https:\/\/www.rucashk.com\/es\/","name":"Rucas - Wholesale and distribution worldwide","alternateName":"Rucas - One-stop AIoT Distribution Worldwide","description":"One-stop AIoT Distribution Worldwide","inLanguage":"es-ES","publisher":{"@id":"https:\/\/www.rucashk.com\/es\/#organization"}}]}},"aioseo_meta_data":{"post_id":"23867","title":null,"description":null,"keywords":null,"keyphrases":null,"primary_term":null,"canonical_url":null,"og_title":null,"og_description":null,"og_object_type":"default","og_image_type":"default","og_image_url":null,"og_image_width":null,"og_image_height":null,"og_image_custom_url":null,"og_image_custom_fields":null,"og_video":null,"og_custom_url":null,"og_article_section":null,"og_article_tags":null,"twitter_use_og":false,"twitter_card":"default","twitter_image_type":"default","twitter_image_url":null,"twitter_image_custom_url":null,"twitter_image_custom_fields":null,"twitter_title":null,"twitter_description":null,"schema":{"blockGraphs":[],"customGraphs":[],"default":{"data":{"Article":[],"Course":[],"Dataset":[],"FAQPage":[],"Movie":[],"Person":[],"Product":[],"Recipe":[],"Service":[],"SoftwareApplication":[],"WebPage":[]},"graphName":"","isEnabled":true},"graphs":[]},"schema_type":"default","schema_type_options":null,"pillar_content":false,"robots_default":true,"robots_noindex":false,"robots_noarchive":false,"robots_nosnippet":false,"robots_nofollow":false,"robots_noimageindex":false,"robots_noodp":false,"robots_notranslate":false,"robots_max_snippet":null,"robots_max_videopreview":null,"robots_max_imagepreview":"large","priority":null,"frequency":null,"local_seo":null,"breadcrumb_settings":null,"limit_modified_date":false,"created":"2024-04-11 01:57:07","updated":"2025-06-22 17:17:04"},"aioseo_breadcrumb":"<div class=\"aioseo-breadcrumbs\"><span class=\"aioseo-breadcrumb\">\n\t<a href=\"https:\/\/www.rucashk.com\/es\" title=\"Home\">Home<\/a>\n<\/span><span class=\"aioseo-breadcrumb-separator\">&raquo;<\/span><span class=\"aioseo-breadcrumb\">\n\t<a href=\"https:\/\/www.rucashk.com\/es\/products\/\" title=\"Productos\">Productos<\/a>\n<\/span><span class=\"aioseo-breadcrumb-separator\">&raquo;<\/span><span class=\"aioseo-breadcrumb\">\n\t<a href=\"https:\/\/www.rucashk.com\/es\/categoria-producto\/other-a-brands\/\" title=\"Other A-Brands\">Other A-Brands<\/a>\n<\/span><span class=\"aioseo-breadcrumb-separator\">&raquo;<\/span><span class=\"aioseo-breadcrumb\">\n\t<a href=\"https:\/\/www.rucashk.com\/es\/categoria-producto\/other-a-brands\/huawei-other-a-brands\/\" title=\"Huawei\">Huawei<\/a>\n<\/span><span class=\"aioseo-breadcrumb-separator\">&raquo;<\/span><span class=\"aioseo-breadcrumb\">\n\tHUAWEI NOVA 5T\n<\/span><\/div>","aioseo_breadcrumb_json":[{"label":"Home","link":"https:\/\/www.rucashk.com\/es"},{"label":"Productos","link":"https:\/\/www.rucashk.com\/es\/products\/"},{"label":"Other A-Brands","link":"https:\/\/www.rucashk.com\/es\/categoria-producto\/other-a-brands\/"},{"label":"Huawei","link":"https:\/\/www.rucashk.com\/es\/categoria-producto\/other-a-brands\/huawei-other-a-brands\/"},{"label":"HUAWEI NOVA 5T","link":"https:\/\/www.rucashk.com\/es\/producto\/huawei-nova-5t\/"}],"_links":{"self":[{"href":"https:\/\/www.rucashk.com\/es\/wp-json\/wp\/v2\/product\/23867","targetHints":{"allow":["GET"]}}],"collection":[{"href":"https:\/\/www.rucashk.com\/es\/wp-json\/wp\/v2\/product"}],"about":[{"href":"https:\/\/www.rucashk.com\/es\/wp-json\/wp\/v2\/types\/product"}],"wp:featuredmedia":[{"embeddable":true,"href":"https:\/\/www.rucashk.com\/es\/wp-json\/wp\/v2\/media\/23976"}],"wp:attachment":[{"href":"https:\/\/www.rucashk.com\/es\/wp-json\/wp\/v2\/media?parent=23867"}],"wp:term":[{"taxonomy":"product_brand","embeddable":true,"href":"https:\/\/www.rucashk.com\/es\/wp-json\/wp\/v2\/product_brand?post=23867"},{"taxonomy":"product_cat","embeddable":true,"href":"https:\/\/www.rucashk.com\/es\/wp-json\/wp\/v2\/product_cat?post=23867"},{"taxonomy":"product_tag","embeddable":true,"href":"https:\/\/www.rucashk.com\/es\/wp-json\/wp\/v2\/product_tag?post=23867"}],"curies":[{"name":"wp","href":"https:\/\/api.w.org\/{rel}","templated":true}]}}