{"id":23866,"date":"2024-01-09T15:58:35","date_gmt":"2024-01-09T15:58:35","guid":{"rendered":"http:\/\/rucashk.com\/?post_type=product&#038;p=23866"},"modified":"2024-03-12T07:44:24","modified_gmt":"2024-03-12T07:44:24","slug":"ecovacs-deebot-n79s-robotic-vacuum","status":"publish","type":"product","link":"https:\/\/www.rucashk.com\/es\/producto\/ecovacs-deebot-n79s-robotic-vacuum\/","title":{"rendered":"Aspiradora rob\u00f3tica Ecovacs Deebot N79S"},"content":{"rendered":"<div class=\"celwidget aplus-module premium-module-2-fullbackground-image\" data-cel-widget=\"aplus-premium-module-2-fullbackground-image\">\n<div class=\"a-section a-spacing-none premium-aplus premium-aplus-module-2\">\n<div class=\"a-section a-spacing-none premium-background-wrapper\">\n<div class=\"a-section a-spacing-none background-image\" role=\"img\"><img decoding=\"async\" class=\"\" src=\"\/wp-content\/uploads\/replace\/8112a2fcccce315a5169589ccb646e60.jpeg\" alt=\"3 stage cleaning\" data-src=\"\/wp-content\/uploads\/replace\/8112a2fcccce315a5169589ccb646e60.jpeg\" \/><\/div>\n<\/div>\n<div class=\"a-section a-text-center\"><\/div>\n<\/div>\n<\/div>\n<div class=\"celwidget aplus-module premium-module-3-four-column-images\" data-cel-widget=\"aplus-premium-module-3-four-column-images\">\n<div class=\"a-section a-spacing-none premium-aplus premium-aplus-module-3 aplus-container-1\">\n<div class=\"a-section a-spacing-none premium-aplus-four-column\">\n<div class=\"a-section a-spacing-none premium-aplus-column\">\n<div class=\"a-section a-spacing-none {'column-image'}\"><img decoding=\"async\" class=\"\" src=\"\/wp-content\/uploads\/replace\/f0a63116ec3bb914c88b927082caf315.jpeg\" alt=\"Enjoy Life\" data-src=\"\/wp-content\/uploads\/replace\/f0a63116ec3bb914c88b927082caf315.jpeg\" \/><\/div>\n<div class=\"a-section a-spacing-none column-heading\">\n<h1 class=\"aplus-h3 a-text-bold\">F\u00e1cil de disfrutar la vida<\/h1>\n<\/div>\n<div class=\"a-section a-spacing-none column-description\">\n<p class=\"aplus-p3\">Su robot limpia de forma no intrusiva y con un bajo nivel de ruido, dejando un espacio tranquilo para su familia y sus actividades.<\/p>\n<\/div>\n<\/div>\n<div class=\"a-section a-spacing-none premium-aplus-column\">\n<div class=\"a-section a-spacing-none {'column-image'}\"><img decoding=\"async\" class=\"\" src=\"\/wp-content\/uploads\/replace\/6fe9c99bd21566e5806428b23ed109f8.jpeg\" alt=\"Max Mode\" data-src=\"\/wp-content\/uploads\/replace\/6fe9c99bd21566e5806428b23ed109f8.jpeg\" \/><\/div>\n<div class=\"a-section a-spacing-none column-heading\">\n<h1 class=\"aplus-h3 a-text-bold\">F\u00e1cil para limpiezas m\u00e1s profundas<\/h1>\n<\/div>\n<div class=\"a-section a-spacing-none column-description\">\n<p class=\"aplus-p3\">El modo m\u00e1ximo del DEEBOT N79S aumenta la potencia de succi\u00f3n hasta 2 veces y funciona tanto en pisos duros como en alfombras.<\/p>\n<\/div>\n<\/div>\n<div class=\"a-section a-spacing-none premium-aplus-column\">\n<div class=\"a-section a-spacing-none {'column-image'}\"><img decoding=\"async\" class=\"\" src=\"\/wp-content\/uploads\/replace\/06c604ff4bfc0c3fadfe5839f9003c3e.jpeg\" alt=\"Easy to use\" data-src=\"\/wp-content\/uploads\/replace\/06c604ff4bfc0c3fadfe5839f9003c3e.jpeg\" \/><\/div>\n<div class=\"a-section a-spacing-none column-heading\">\n<h1 class=\"aplus-h3 a-text-bold\">F\u00e1cil de agarrar<\/h1>\n<\/div>\n<div class=\"a-section a-spacing-none column-description\">\n<p class=\"aplus-p3\">Equipado con dos cepillos laterales, un cepillo giratorio principal y un motor de succi\u00f3n el\u00e9ctrico para barrer, levantar y aspirar la suciedad de alfombras y pisos duros.<\/p>\n<\/div>\n<\/div>\n<div class=\"a-section a-spacing-none premium-aplus-column\">\n<div class=\"a-section a-spacing-none {'column-image'}\"><img decoding=\"async\" class=\"\" src=\"\/wp-content\/uploads\/replace\/2bea45544a40415c9f2120b2bd447a60.jpeg\" alt=\"Under furniture\" data-src=\"\/wp-content\/uploads\/replace\/2bea45544a40415c9f2120b2bd447a60.jpeg\" \/><\/div>\n<div class=\"a-section a-spacing-none column-heading\">\n<h1 class=\"aplus-h3 a-text-bold\">F\u00e1cil de limpiar debajo de los muebles<\/h1>\n<\/div>\n<div class=\"a-section a-spacing-none column-description\">\n<p class=\"aplus-p3\">Con su dise\u00f1o de perfil bajo, DEEBOT N79S puede limpiar f\u00e1cilmente la suciedad debajo de los muebles y lugares de dif\u00edcil acceso.<\/p>\n<\/div>\n<\/div>\n<\/div>\n<\/div>\n<\/div>\n<div class=\"celwidget aplus-module premium-module-10-hotspot-plain-image\" data-cel-widget=\"aplus-premium-module-10-hotspot-plain-image\">\n<div class=\"a-section a-spacing-none premium-aplus premium-aplus-module-10\"><img decoding=\"async\" class=\"\" src=\"\/wp-content\/uploads\/replace\/100ea19004fbaa1b5f9098d3175e9a6f.jpeg\" alt=\"N79S Hot Spot\" data-src=\"\/wp-content\/uploads\/replace\/100ea19004fbaa1b5f9098d3175e9a6f.jpeg\" \/><\/div>\n<div>\n<p><img decoding=\"async\" alt=\"Ecovacs Deebot N79S Robotic Vacuum\" src=\"\/wp-content\/uploads\/replace\/708e4f1b10f699d14ef1ed6ec13adb50.jpeg\" \/><img decoding=\"async\" alt=\"Ecovacs Deebot N79S Robotic Vacuum\" src=\"\/wp-content\/uploads\/replace\/63c6484c0abda2182b58a2eee3497df8.jpeg\" \/><img decoding=\"async\" alt=\"Ecovacs Deebot N79S Robotic Vacuum\" src=\"\/wp-content\/uploads\/replace\/1e4fa07082fb5b57c3096c76716db7b1.jpeg\" \/><img decoding=\"async\" alt=\"Ecovacs Deebot N79S Robotic Vacuum\" src=\"\/wp-content\/uploads\/replace\/93c1e5403423c9a8c0d2ca6d7d20c9e1.jpeg\" \/><img decoding=\"async\" alt=\"Ecovacs Deebot N79S Robotic Vacuum\" src=\"\/wp-content\/uploads\/replace\/367a0e1806930b977bc9ec571d98f4a2.jpeg\" \/><img decoding=\"async\" alt=\"Ecovacs Deebot N79S Robotic Vacuum\" src=\"\/wp-content\/uploads\/replace\/568b6082c5b77e1bb45fee198ba9ff64.jpeg\" \/><\/p>\n<h3><strong>Informaci\u00f3n del Producto<\/strong><\/h3>\n<table width=\"0\">\n<tbody>\n<tr>\n<td width=\"352\">Dimensiones del producto<\/td>\n<td>33 x 33 x 7,8 pulgadas<\/td>\n<\/tr>\n<tr>\n<td width=\"352\">Peso del art\u00edculo<\/td>\n<td>7,04 libras<\/td>\n<\/tr>\n<tr>\n<td width=\"352\">Fabricante<\/td>\n<td>Ecovacs<\/td>\n<\/tr>\n<tr>\n<td width=\"352\">COMO EN<\/td>\n<td>B077HW9XM7<\/td>\n<\/tr>\n<tr>\n<td width=\"352\">N\u00famero de modelo del art\u00edculo<\/td>\n<td>N79S<\/td>\n<\/tr>\n<tr>\n<td width=\"352\">Bater\u00edas<\/td>\n<td>Se requieren bater\u00edas de 6 A. (incluido)<\/td>\n<\/tr>\n<tr>\n<td width=\"352\">Est\u00e1 descontinuado por el fabricante.<\/td>\n<td>No<\/td>\n<\/tr>\n<tr>\n<td width=\"352\">Peso del art\u00edculo<\/td>\n<td>3,2 kilogramos<\/td>\n<\/tr>\n<tr>\n<td width=\"352\">Bater\u00edas requeridas<\/td>\n<td>S\u00ed<\/td>\n<\/tr>\n<\/tbody>\n<\/table>\n<\/div>\n<h3>Principales caracter\u00edsticas<\/h3>\n<ul class=\"a-unordered-list a-vertical a-spacing-mini\">\n<li><span class=\"a-list-item\">Listo para cualquier desorden: Equipado con dos cepillos laterales y un cepillo principal, DEEBOT barrer\u00e1, levantar\u00e1 y aspirar\u00e1 para limpiar un piso completo (modo autom\u00e1tico), un \u00e1rea peque\u00f1a (modo puntual) o el borde de su piso (modo borde). )<\/span><\/li>\n<li><span class=\"a-list-item\">Controles de voz y aplicaciones: comandos de voz de Alexa y Google Assistant. La aplicaci\u00f3n Ecovacs Smart viene con m\u00e1s de 5 funciones avanzadas que incluyen control directo, programaci\u00f3n, actualizaciones de estado, modos de limpieza, estado de accesorios, etc.<\/span><\/li>\n<li><span class=\"a-list-item\">Potencia en modo m\u00e1ximo: aumenta la potencia de succi\u00f3n hasta 2 veces para situaciones particularmente problem\u00e1ticas.<\/span><\/li>\n<li><span class=\"a-list-item\">Hasta 110 minutos de tiempo de funcionamiento: una mayor duraci\u00f3n de la bater\u00eda para una limpieza a\u00fan mayor. El retorno y la carga autom\u00e1ticos significan que su robot siempre estar\u00e1 listo para limpiar.<\/span><\/li>\n<li><span class=\"a-list-item\">Est\u00e1ndar: 1 a\u00f1o de garant\u00eda. Viene con (1) base de carga, (4) cepillos laterales de doble longitud, (2) filtro de aire de alta eficiencia, (1) control remoto con bater\u00eda), (1) herramienta de limpieza y atenci\u00f3n al cliente<\/span><\/li>\n<\/ul>\n<\/div>","protected":false},"excerpt":{"rendered":"<p><strong>Caracter\u00edstica:<\/strong><\/p>\n<ul>\n<li>Listo para cualquier l\u00edo<\/li>\n<li>Controles de voz y aplicaciones<\/li>\n<li>Potencia m\u00e1xima en modo<\/li>\n<li>Hasta 110 minutos de tiempo de ejecuci\u00f3n<\/li>\n<li>Est\u00e1ndar<\/li>\n<\/ul>\n<p>&nbsp;<\/p>","protected":false},"featured_media":23972,"template":"","meta":[],"product_brand":[],"product_cat":[1337,1322],"product_tag":[974],"class_list":{"0":"post-23866","1":"product","2":"type-product","3":"status-publish","4":"has-post-thumbnail","6":"product_cat-ecovacs-other-a-brands","7":"product_cat-other-a-brands","8":"product_tag-ecovacs-deebot-n79s-robotic-vacuum","10":"first","11":"instock","12":"shipping-taxable","13":"product-type-external"},"aioseo_notices":[],"aioseo_head":"\n\t\t<!-- All in One SEO Pro 4.5.9.2 - aioseo.com -->\n\t\t<meta name=\"description\" content=\"Feature: Ready for any mess Voice &amp; app controls Max mode power Upto 110 minute run time Standard\" \/>\n\t\t<meta name=\"robots\" content=\"max-image-preview:large\" \/>\n\t\t<link rel=\"canonical\" href=\"https:\/\/www.rucashk.com\/es\/producto\/ecovacs-deebot-n79s-robotic-vacuum\/\" \/>\n\t\t<meta name=\"generator\" content=\"All in One SEO Pro (AIOSEO) 4.5.9.2\" \/>\n\t\t<meta property=\"og:locale\" content=\"es_ES\" \/>\n\t\t<meta property=\"og:site_name\" content=\"Rucas - One-stop AIoT Distribution Worldwide\" \/>\n\t\t<meta property=\"og:type\" content=\"article\" \/>\n\t\t<meta property=\"og:title\" content=\"Ecovacs Deebot N79S Robotic Vacuum - Rucas - Wholesale and Distribution\" \/>\n\t\t<meta property=\"og:description\" content=\"Feature: Ready for any mess Voice &amp; app controls Max mode power Upto 110 minute run time Standard\" \/>\n\t\t<meta property=\"og:url\" content=\"https:\/\/www.rucashk.com\/es\/producto\/ecovacs-deebot-n79s-robotic-vacuum\/\" \/>\n\t\t<meta property=\"og:image\" content=\"https:\/\/www.rucashk.com\/wp-content\/uploads\/replace\/503b8e645f128a97ccde2b6290747646.jpeg\" \/>\n\t\t<meta property=\"og:image:secure_url\" content=\"https:\/\/www.rucashk.com\/wp-content\/uploads\/replace\/503b8e645f128a97ccde2b6290747646.jpeg\" \/>\n\t\t<meta property=\"og:image:width\" content=\"1456\" \/>\n\t\t<meta property=\"og:image:height\" content=\"816\" \/>\n\t\t<meta property=\"article:published_time\" content=\"2024-01-09T15:58:35+00:00\" \/>\n\t\t<meta property=\"article:modified_time\" content=\"2024-03-12T07:44:24+00:00\" \/>\n\t\t<meta name=\"twitter:card\" content=\"summary_large_image\" \/>\n\t\t<meta name=\"twitter:title\" content=\"Ecovacs Deebot N79S Robotic Vacuum - Rucas - Wholesale and Distribution\" \/>\n\t\t<meta name=\"twitter:description\" content=\"Feature: Ready for any mess Voice &amp; app controls Max mode power Upto 110 minute run time Standard\" \/>\n\t\t<meta name=\"twitter:image\" content=\"https:\/\/www.rucashk.com\/wp-content\/uploads\/replace\/503b8e645f128a97ccde2b6290747646.jpeg\" \/>\n\t\t<script type=\"application\/ld+json\" class=\"aioseo-schema\">\n\t\t\t{\"@context\":\"https:\\\/\\\/schema.org\",\"@graph\":[{\"@type\":\"BreadcrumbList\",\"@id\":\"https:\\\/\\\/www.rucashk.com\\\/es\\\/producto\\\/ecovacs-deebot-n79s-robotic-vacuum\\\/#breadcrumblist\",\"itemListElement\":[{\"@type\":\"ListItem\",\"@id\":\"https:\\\/\\\/www.rucashk.com\\\/es\\\/#listItem\",\"position\":1,\"name\":\"Home\",\"item\":\"https:\\\/\\\/www.rucashk.com\\\/es\\\/\",\"nextItem\":\"https:\\\/\\\/www.rucashk.com\\\/es\\\/producto\\\/ecovacs-deebot-n79s-robotic-vacuum\\\/#listItem\"},{\"@type\":\"ListItem\",\"@id\":\"https:\\\/\\\/www.rucashk.com\\\/es\\\/producto\\\/ecovacs-deebot-n79s-robotic-vacuum\\\/#listItem\",\"position\":2,\"name\":\"Ecovacs Deebot N79S Robotic Vacuum\",\"previousItem\":\"https:\\\/\\\/www.rucashk.com\\\/es\\\/#listItem\"}]},{\"@type\":\"Organization\",\"@id\":\"https:\\\/\\\/www.rucashk.com\\\/es\\\/#organization\",\"name\":\"Rucas\",\"url\":\"https:\\\/\\\/www.rucashk.com\\\/es\\\/\",\"logo\":{\"@type\":\"ImageObject\",\"url\":\"https:\\\/\\\/www.rucashk.com\\\/wp-content\\\/uploads\\\/2023\\\/12\\\/Rucas_campany_logo.png\",\"@id\":\"https:\\\/\\\/www.rucashk.com\\\/es\\\/producto\\\/ecovacs-deebot-n79s-robotic-vacuum\\\/#organizationLogo\",\"width\":221,\"height\":65},\"image\":{\"@id\":\"https:\\\/\\\/www.rucashk.com\\\/es\\\/#organizationLogo\"}},{\"@type\":\"Person\",\"@id\":\"https:\\\/\\\/www.rucashk.com\\\/es\\\/author\\\/admin\\\/#author\",\"url\":\"https:\\\/\\\/www.rucashk.com\\\/es\\\/author\\\/admin\\\/\",\"name\":\"admin\",\"image\":{\"@type\":\"ImageObject\",\"@id\":\"https:\\\/\\\/www.rucashk.com\\\/es\\\/producto\\\/ecovacs-deebot-n79s-robotic-vacuum\\\/#authorImage\",\"url\":\"https:\\\/\\\/secure.gravatar.com\\\/avatar\\\/b7c8925b09a27e72b30232f8ecaadbd5af0f70a38c78096863fe51b64f031c24?s=96&d=mm&r=g\",\"width\":96,\"height\":96,\"caption\":\"admin\"}},{\"@type\":\"WebPage\",\"@id\":\"https:\\\/\\\/www.rucashk.com\\\/es\\\/producto\\\/ecovacs-deebot-n79s-robotic-vacuum\\\/#webpage\",\"url\":\"https:\\\/\\\/www.rucashk.com\\\/es\\\/producto\\\/ecovacs-deebot-n79s-robotic-vacuum\\\/\",\"name\":\"Ecovacs Deebot N79S Robotic Vacuum - Rucas - Wholesale and Distribution\",\"description\":\"Feature: Ready for any mess Voice & app controls Max mode power Upto 110 minute run time Standard\",\"inLanguage\":\"es-ES\",\"isPartOf\":{\"@id\":\"https:\\\/\\\/www.rucashk.com\\\/es\\\/#website\"},\"breadcrumb\":{\"@id\":\"https:\\\/\\\/www.rucashk.com\\\/es\\\/producto\\\/ecovacs-deebot-n79s-robotic-vacuum\\\/#breadcrumblist\"},\"author\":{\"@id\":\"https:\\\/\\\/www.rucashk.com\\\/es\\\/author\\\/admin\\\/#author\"},\"creator\":{\"@id\":\"https:\\\/\\\/www.rucashk.com\\\/es\\\/author\\\/admin\\\/#author\"},\"image\":{\"@type\":\"ImageObject\",\"url\":\"https:\\\/\\\/www.rucashk.com\\\/wp-content\\\/uploads\\\/2024\\\/01\\\/Ecovacs-DEEBOT-N79S-Robotic-Vacuum.jpg\",\"@id\":\"https:\\\/\\\/www.rucashk.com\\\/es\\\/producto\\\/ecovacs-deebot-n79s-robotic-vacuum\\\/#mainImage\",\"width\":800,\"height\":800},\"primaryImageOfPage\":{\"@id\":\"https:\\\/\\\/www.rucashk.com\\\/es\\\/producto\\\/ecovacs-deebot-n79s-robotic-vacuum\\\/#mainImage\"},\"datePublished\":\"2024-01-09T15:58:35+00:00\",\"dateModified\":\"2024-03-12T07:44:24+00:00\"},{\"@type\":\"WebSite\",\"@id\":\"https:\\\/\\\/www.rucashk.com\\\/es\\\/#website\",\"url\":\"https:\\\/\\\/www.rucashk.com\\\/es\\\/\",\"name\":\"Rucas - Wholesale and distribution worldwide\",\"alternateName\":\"Rucas - One-stop AIoT Distribution Worldwide\",\"description\":\"One-stop AIoT Distribution Worldwide\",\"inLanguage\":\"es-ES\",\"publisher\":{\"@id\":\"https:\\\/\\\/www.rucashk.com\\\/es\\\/#organization\"}}]}\n\t\t<\/script>\n\t\t<!-- All in One SEO Pro -->\r\n\t\t<title>Ecovacs Deebot N79S Robotic Vacuum - Rucas - Wholesale and Distribution<\/title>\n\n","aioseo_head_json":{"title":"Ecovacs Deebot N79S Robotic Vacuum - Rucas - Wholesale and Distribution","description":"Feature: Ready for any mess Voice & app controls Max mode power Upto 110 minute run time Standard","canonical_url":"https:\/\/www.rucashk.com\/es\/producto\/ecovacs-deebot-n79s-robotic-vacuum\/","robots":"max-image-preview:large","keywords":"","webmasterTools":{"miscellaneous":""},"og:locale":"es_ES","og:site_name":"Rucas - One-stop AIoT Distribution Worldwide","og:type":"article","og:title":"Ecovacs Deebot N79S Robotic Vacuum - Rucas - Wholesale and Distribution","og:description":"Feature: Ready for any mess Voice &amp; app controls Max mode power Upto 110 minute run time Standard","og:url":"https:\/\/www.rucashk.com\/es\/producto\/ecovacs-deebot-n79s-robotic-vacuum\/","og:image":"https:\/\/www.rucashk.com\/wp-content\/uploads\/replace\/503b8e645f128a97ccde2b6290747646.jpeg","og:image:secure_url":"https:\/\/www.rucashk.com\/wp-content\/uploads\/replace\/503b8e645f128a97ccde2b6290747646.jpeg","og:image:width":1456,"og:image:height":816,"article:published_time":"2024-01-09T15:58:35+00:00","article:modified_time":"2024-03-12T07:44:24+00:00","twitter:card":"summary_large_image","twitter:title":"Ecovacs Deebot N79S Robotic Vacuum - Rucas - Wholesale and Distribution","twitter:description":"Feature: Ready for any mess Voice &amp; app controls Max mode power Upto 110 minute run time Standard","twitter:image":"https:\/\/www.rucashk.com\/wp-content\/uploads\/replace\/503b8e645f128a97ccde2b6290747646.jpeg","schema":{"@context":"https:\/\/schema.org","@graph":[{"@type":"BreadcrumbList","@id":"https:\/\/www.rucashk.com\/es\/producto\/ecovacs-deebot-n79s-robotic-vacuum\/#breadcrumblist","itemListElement":[{"@type":"ListItem","@id":"https:\/\/www.rucashk.com\/es\/#listItem","position":1,"name":"Home","item":"https:\/\/www.rucashk.com\/es\/","nextItem":"https:\/\/www.rucashk.com\/es\/producto\/ecovacs-deebot-n79s-robotic-vacuum\/#listItem"},{"@type":"ListItem","@id":"https:\/\/www.rucashk.com\/es\/producto\/ecovacs-deebot-n79s-robotic-vacuum\/#listItem","position":2,"name":"Ecovacs Deebot N79S Robotic Vacuum","previousItem":"https:\/\/www.rucashk.com\/es\/#listItem"}]},{"@type":"Organization","@id":"https:\/\/www.rucashk.com\/es\/#organization","name":"Rucas","url":"https:\/\/www.rucashk.com\/es\/","logo":{"@type":"ImageObject","url":"https:\/\/www.rucashk.com\/wp-content\/uploads\/2023\/12\/Rucas_campany_logo.png","@id":"https:\/\/www.rucashk.com\/es\/producto\/ecovacs-deebot-n79s-robotic-vacuum\/#organizationLogo","width":221,"height":65},"image":{"@id":"https:\/\/www.rucashk.com\/es\/#organizationLogo"}},{"@type":"Person","@id":"https:\/\/www.rucashk.com\/es\/author\/admin\/#author","url":"https:\/\/www.rucashk.com\/es\/author\/admin\/","name":"admin","image":{"@type":"ImageObject","@id":"https:\/\/www.rucashk.com\/es\/producto\/ecovacs-deebot-n79s-robotic-vacuum\/#authorImage","url":"https:\/\/secure.gravatar.com\/avatar\/b7c8925b09a27e72b30232f8ecaadbd5af0f70a38c78096863fe51b64f031c24?s=96&d=mm&r=g","width":96,"height":96,"caption":"admin"}},{"@type":"WebPage","@id":"https:\/\/www.rucashk.com\/es\/producto\/ecovacs-deebot-n79s-robotic-vacuum\/#webpage","url":"https:\/\/www.rucashk.com\/es\/producto\/ecovacs-deebot-n79s-robotic-vacuum\/","name":"Ecovacs Deebot N79S Robotic Vacuum - Rucas - Wholesale and Distribution","description":"Feature: Ready for any mess Voice & app controls Max mode power Upto 110 minute run time Standard","inLanguage":"es-ES","isPartOf":{"@id":"https:\/\/www.rucashk.com\/es\/#website"},"breadcrumb":{"@id":"https:\/\/www.rucashk.com\/es\/producto\/ecovacs-deebot-n79s-robotic-vacuum\/#breadcrumblist"},"author":{"@id":"https:\/\/www.rucashk.com\/es\/author\/admin\/#author"},"creator":{"@id":"https:\/\/www.rucashk.com\/es\/author\/admin\/#author"},"image":{"@type":"ImageObject","url":"https:\/\/www.rucashk.com\/wp-content\/uploads\/2024\/01\/Ecovacs-DEEBOT-N79S-Robotic-Vacuum.jpg","@id":"https:\/\/www.rucashk.com\/es\/producto\/ecovacs-deebot-n79s-robotic-vacuum\/#mainImage","width":800,"height":800},"primaryImageOfPage":{"@id":"https:\/\/www.rucashk.com\/es\/producto\/ecovacs-deebot-n79s-robotic-vacuum\/#mainImage"},"datePublished":"2024-01-09T15:58:35+00:00","dateModified":"2024-03-12T07:44:24+00:00"},{"@type":"WebSite","@id":"https:\/\/www.rucashk.com\/es\/#website","url":"https:\/\/www.rucashk.com\/es\/","name":"Rucas - Wholesale and distribution worldwide","alternateName":"Rucas - One-stop AIoT Distribution Worldwide","description":"One-stop AIoT Distribution Worldwide","inLanguage":"es-ES","publisher":{"@id":"https:\/\/www.rucashk.com\/es\/#organization"}}]}},"aioseo_meta_data":{"post_id":"23866","title":null,"description":null,"keywords":null,"keyphrases":null,"primary_term":null,"canonical_url":null,"og_title":null,"og_description":null,"og_object_type":"default","og_image_type":"default","og_image_url":null,"og_image_width":null,"og_image_height":null,"og_image_custom_url":null,"og_image_custom_fields":null,"og_video":null,"og_custom_url":null,"og_article_section":null,"og_article_tags":null,"twitter_use_og":false,"twitter_card":"default","twitter_image_type":"default","twitter_image_url":null,"twitter_image_custom_url":null,"twitter_image_custom_fields":null,"twitter_title":null,"twitter_description":null,"schema":{"blockGraphs":[],"customGraphs":[],"default":{"data":{"Article":[],"Course":[],"Dataset":[],"FAQPage":[],"Movie":[],"Person":[],"Product":[],"Recipe":[],"Service":[],"SoftwareApplication":[],"WebPage":[]},"graphName":"","isEnabled":true},"graphs":[]},"schema_type":"default","schema_type_options":null,"pillar_content":false,"robots_default":true,"robots_noindex":false,"robots_noarchive":false,"robots_nosnippet":false,"robots_nofollow":false,"robots_noimageindex":false,"robots_noodp":false,"robots_notranslate":false,"robots_max_snippet":null,"robots_max_videopreview":null,"robots_max_imagepreview":"large","priority":null,"frequency":null,"local_seo":null,"breadcrumb_settings":null,"limit_modified_date":false,"created":"2024-04-11 01:57:07","updated":"2025-06-22 17:17:04"},"aioseo_breadcrumb":"<div class=\"aioseo-breadcrumbs\"><span class=\"aioseo-breadcrumb\">\n\t<a href=\"https:\/\/www.rucashk.com\/es\" title=\"Home\">Home<\/a>\n<\/span><span class=\"aioseo-breadcrumb-separator\">&raquo;<\/span><span class=\"aioseo-breadcrumb\">\n\t<a href=\"https:\/\/www.rucashk.com\/es\/products\/\" title=\"Productos\">Productos<\/a>\n<\/span><span class=\"aioseo-breadcrumb-separator\">&raquo;<\/span><span class=\"aioseo-breadcrumb\">\n\t<a href=\"https:\/\/www.rucashk.com\/es\/categoria-producto\/other-a-brands\/\" title=\"Other A-Brands\">Other A-Brands<\/a>\n<\/span><span class=\"aioseo-breadcrumb-separator\">&raquo;<\/span><span class=\"aioseo-breadcrumb\">\n\t<a href=\"https:\/\/www.rucashk.com\/es\/categoria-producto\/other-a-brands\/ecovacs-other-a-brands\/\" title=\"Ecovacs\">Ecovacs<\/a>\n<\/span><span class=\"aioseo-breadcrumb-separator\">&raquo;<\/span><span class=\"aioseo-breadcrumb\">\n\tEcovacs Deebot N79S Robotic Vacuum\n<\/span><\/div>","aioseo_breadcrumb_json":[{"label":"Home","link":"https:\/\/www.rucashk.com\/es"},{"label":"Productos","link":"https:\/\/www.rucashk.com\/es\/products\/"},{"label":"Other A-Brands","link":"https:\/\/www.rucashk.com\/es\/categoria-producto\/other-a-brands\/"},{"label":"Ecovacs","link":"https:\/\/www.rucashk.com\/es\/categoria-producto\/other-a-brands\/ecovacs-other-a-brands\/"},{"label":"Ecovacs Deebot N79S Robotic Vacuum","link":"https:\/\/www.rucashk.com\/es\/producto\/ecovacs-deebot-n79s-robotic-vacuum\/"}],"_links":{"self":[{"href":"https:\/\/www.rucashk.com\/es\/wp-json\/wp\/v2\/product\/23866","targetHints":{"allow":["GET"]}}],"collection":[{"href":"https:\/\/www.rucashk.com\/es\/wp-json\/wp\/v2\/product"}],"about":[{"href":"https:\/\/www.rucashk.com\/es\/wp-json\/wp\/v2\/types\/product"}],"wp:featuredmedia":[{"embeddable":true,"href":"https:\/\/www.rucashk.com\/es\/wp-json\/wp\/v2\/media\/23972"}],"wp:attachment":[{"href":"https:\/\/www.rucashk.com\/es\/wp-json\/wp\/v2\/media?parent=23866"}],"wp:term":[{"taxonomy":"product_brand","embeddable":true,"href":"https:\/\/www.rucashk.com\/es\/wp-json\/wp\/v2\/product_brand?post=23866"},{"taxonomy":"product_cat","embeddable":true,"href":"https:\/\/www.rucashk.com\/es\/wp-json\/wp\/v2\/product_cat?post=23866"},{"taxonomy":"product_tag","embeddable":true,"href":"https:\/\/www.rucashk.com\/es\/wp-json\/wp\/v2\/product_tag?post=23866"}],"curies":[{"name":"wp","href":"https:\/\/api.w.org\/{rel}","templated":true}]}}