{"id":23780,"date":"2024-01-09T15:57:49","date_gmt":"2024-01-09T15:57:49","guid":{"rendered":"http:\/\/rucashk.com\/?post_type=product&#038;p=23780"},"modified":"2024-03-11T06:41:54","modified_gmt":"2024-03-11T06:41:54","slug":"oneplus-nord-5g","status":"publish","type":"product","link":"https:\/\/www.rucashk.com\/es\/producto\/oneplus-nord-5g\/","title":{"rendered":"OnePlus Nord 5g"},"content":{"rendered":"<table cellspacing=\"0\">\n<tbody>\n<tr class=\"tr-hover\">\n<th rowspan=\"15\" scope=\"row\">RED<\/th>\n<td class=\"ttl\"><a href=\"https:\/\/www.gsmarena.com\/network-bands.php3\">Tecnolog\u00eda<\/a><\/td>\n<td class=\"nfo\"><a class=\"link-network-detail\" href=\"https:\/\/www.gsmarena.com\/oneplus_nord_5g-10289.php#\" data-spec=\"nettech\">GSM\/HSPA\/LTE<\/a><\/td>\n<\/tr>\n<tr class=\"tr-toggle\">\n<td class=\"ttl\"><a href=\"https:\/\/www.gsmarena.com\/network-bands.php3\">bandas 2G<\/a><\/td>\n<td class=\"nfo\" data-spec=\"net2g\">GSM 850\/900\/1800\/1900 \u2013 SIM 1 y SIM 2<\/td>\n<\/tr>\n<tr class=\"tr-toggle\">\n<td class=\"ttl\"><a href=\"https:\/\/www.gsmarena.com\/network-bands.php3\">bandas 3G<\/a><\/td>\n<td class=\"nfo\" data-spec=\"net3g\">HSDPA 850\/900\/2100<\/td>\n<\/tr>\n<tr class=\"tr-toggle\">\n<td class=\"ttl\"><a href=\"https:\/\/www.gsmarena.com\/network-bands.php3\">bandas 4G<\/a><\/td>\n<td class=\"nfo\" data-spec=\"net4g\">1, 3, 5, 8, 38, 40, 41<\/td>\n<\/tr>\n<tr class=\"tr-toggle\">\n<td class=\"ttl\"><a href=\"https:\/\/www.gsmarena.com\/glossary.php3?term=3g\">Velocidad<\/a><\/td>\n<td class=\"nfo\" data-spec=\"speed\">HSPA 42,2\/5,76 Mbps, LTE-A<\/td>\n<\/tr>\n<\/tbody>\n<\/table>\n<table cellspacing=\"0\">\n<tbody>\n<tr>\n<th rowspan=\"2\" scope=\"row\">LANZAMIENTO<\/th>\n<td class=\"ttl\"><a href=\"https:\/\/www.gsmarena.com\/glossary.php3?term=phone-life-cycle\">Anunciado<\/a><\/td>\n<td class=\"nfo\" data-spec=\"year\">A\u00fan no anunciado<\/td>\n<\/tr>\n<tr>\n<td class=\"ttl\"><a href=\"https:\/\/www.gsmarena.com\/glossary.php3?term=phone-life-cycle\">Estado<\/a><\/td>\n<td class=\"nfo\" data-spec=\"status\">Se rumorea<\/td>\n<\/tr>\n<\/tbody>\n<\/table>\n<table cellspacing=\"0\">\n<tbody>\n<tr>\n<th rowspan=\"6\" scope=\"row\">CUERPO<\/th>\n<td class=\"ttl\"><a href=\"https:\/\/www.gsmarena.com\/oneplus_nord_5g-10289.php#\">Dimensiones<\/a><\/td>\n<td class=\"nfo\" data-spec=\"dimensions\">&#8211;<\/td>\n<\/tr>\n<tr>\n<td class=\"ttl\"><a href=\"https:\/\/www.gsmarena.com\/oneplus_nord_5g-10289.php#\">Peso<\/a><\/td>\n<td class=\"nfo\" data-spec=\"weight\">&#8211;<\/td>\n<\/tr>\n<tr>\n<td class=\"ttl\"><a href=\"https:\/\/www.gsmarena.com\/glossary.php3?term=sim\">SIM<\/a><\/td>\n<td class=\"nfo\" data-spec=\"sim\">Doble SIM (Nano-SIM, doble modo de espera)<\/td>\n<\/tr>\n<\/tbody>\n<\/table>\n<table cellspacing=\"0\">\n<tbody>\n<tr>\n<th rowspan=\"5\" scope=\"row\">MOSTRAR<\/th>\n<td class=\"ttl\"><a href=\"https:\/\/www.gsmarena.com\/glossary.php3?term=display-type\">Tipo<\/a><\/td>\n<td class=\"nfo\" data-spec=\"displaytype\">Pantalla t\u00e1ctil capacitiva Super AMOLED, 16 millones de colores<\/td>\n<\/tr>\n<tr>\n<td class=\"ttl\"><a href=\"https:\/\/www.gsmarena.com\/oneplus_nord_5g-10289.php#\">Tama\u00f1o<\/a><\/td>\n<td class=\"nfo\" data-spec=\"displaysize\">6,55 pulgadas, 103,6 cm<sup>2<\/sup><\/td>\n<\/tr>\n<tr>\n<td class=\"ttl\"><a href=\"https:\/\/www.gsmarena.com\/glossary.php3?term=resolution\">Resoluci\u00f3n<\/a><\/td>\n<td class=\"nfo\" data-spec=\"displayresolution\">1080 x 2400 p\u00edxeles, relaci\u00f3n 20:9 (densidad ~402 ppp)<\/td>\n<\/tr>\n<tr>\n<td class=\"ttl\"><\/td>\n<td class=\"nfo\" data-spec=\"displayother\">Frecuencia de actualizaci\u00f3n de 90 Hz<\/td>\n<\/tr>\n<\/tbody>\n<\/table>\n<table cellspacing=\"0\">\n<tbody>\n<tr>\n<th rowspan=\"4\" scope=\"row\">PLATAFORMA<\/th>\n<td class=\"ttl\"><a href=\"https:\/\/www.gsmarena.com\/glossary.php3?term=os\">SO<\/a><\/td>\n<td class=\"nfo\" data-spec=\"os\">Android 10, Ox\u00edgeno OS 10.0<\/td>\n<\/tr>\n<tr>\n<td class=\"ttl\"><a href=\"https:\/\/www.gsmarena.com\/glossary.php3?term=chipset\">conjunto de chips<\/a><\/td>\n<td class=\"nfo\" data-spec=\"chipset\">Qualcomm SDM765 Snapdragon 765G (7 nm)<\/td>\n<\/tr>\n<tr>\n<td class=\"ttl\"><a href=\"https:\/\/www.gsmarena.com\/glossary.php3?term=cpu\">UPC<\/a><\/td>\n<td class=\"nfo\" data-spec=\"cpu\">Octa n\u00facleo (1\u00d72,4 GHz Kryo 475 Prime y 1\u00d72,2 GHz Kryo 475 Gold y 6\u00d71,8 GHz Kryo 475 Silver)<\/td>\n<\/tr>\n<tr>\n<td class=\"ttl\"><a href=\"https:\/\/www.gsmarena.com\/glossary.php3?term=gpu\">GPU<\/a><\/td>\n<td class=\"nfo\" data-spec=\"gpu\">adren620<\/td>\n<\/tr>\n<\/tbody>\n<\/table>\n<table cellspacing=\"0\">\n<tbody>\n<tr>\n<th rowspan=\"5\" scope=\"row\">MEMORIA<\/th>\n<td class=\"ttl\"><a href=\"https:\/\/www.gsmarena.com\/glossary.php3?term=memory-card-slot\">Ranura para tarjetas<\/a><\/td>\n<td class=\"nfo\" data-spec=\"memoryslot\">No especificado<\/td>\n<\/tr>\n<tr>\n<td class=\"ttl\"><a href=\"https:\/\/www.gsmarena.com\/glossary.php3?term=dynamic-memory\">Interno<\/a><\/td>\n<td class=\"nfo\" data-spec=\"internalmemory\">128 GB 6 GB de RAM<\/td>\n<\/tr>\n<tr>\n<td class=\"ttl\"><\/td>\n<td class=\"nfo\" data-spec=\"memoryother\">UFS 2.1<\/td>\n<\/tr>\n<\/tbody>\n<\/table>\n<table cellspacing=\"0\">\n<tbody>\n<tr>\n<th class=\"small-line-height\" rowspan=\"4\" scope=\"row\">C\u00c1MARA PRINCIPAL<\/th>\n<td class=\"ttl\"><a href=\"https:\/\/www.gsmarena.com\/glossary.php3?term=camera\">Triple<\/a><\/td>\n<td class=\"nfo\" data-spec=\"cam1modules\">64 MP, f\/2.0, 26 mm (ancho), 1\/1,72\u2033, 0,8 \u00b5m, PDAF<br \/>\n16 MP, f\/2.2, 14 mm, 116\u02da (ultra gran angular)<br \/>\n2MP, f\/2.4, (macro)<\/td>\n<\/tr>\n<tr>\n<td class=\"ttl\"><a href=\"https:\/\/www.gsmarena.com\/glossary.php3?term=camera\">Caracter\u00edsticas<\/a><\/td>\n<td class=\"nfo\" data-spec=\"cam1features\">Flash de doble LED, HDR, panorama<\/td>\n<\/tr>\n<tr>\n<td class=\"ttl\"><a href=\"https:\/\/www.gsmarena.com\/glossary.php3?term=camera\">Video<\/a><\/td>\n<td class=\"nfo\" data-spec=\"cam1video\">4K@30fps, 1080p@30fps, giroscopio EIS<\/td>\n<\/tr>\n<\/tbody>\n<\/table>\n<table cellspacing=\"0\">\n<tbody>\n<tr>\n<th class=\"small-line-height\" rowspan=\"4\" scope=\"row\">C\u00c1MARA SELFIE<\/th>\n<td class=\"ttl\"><a href=\"https:\/\/www.gsmarena.com\/glossary.php3?term=secondary-camera\">Doble<\/a><\/td>\n<td class=\"nfo\" data-spec=\"cam2modules\">32 MP, f\/2,0, (ancho), 1\/2,8\u2033, 0,8 \u00b5m<br \/>\n8 MP, f\/2,2, (ultra gran angular), 1\/4,0\u2033, 1,12 \u00b5m<\/td>\n<\/tr>\n<tr>\n<td class=\"ttl\"><a href=\"https:\/\/www.gsmarena.com\/glossary.php3?term=secondary-camera\">Video<\/a><\/td>\n<td class=\"nfo\" data-spec=\"cam2video\">1080p@30fps<\/td>\n<\/tr>\n<\/tbody>\n<\/table>\n<table cellspacing=\"0\">\n<tbody>\n<tr>\n<th rowspan=\"3\" scope=\"row\">SONIDO<\/th>\n<td class=\"ttl\"><a href=\"https:\/\/www.gsmarena.com\/glossary.php3?term=loudspeaker\">Altoparlante<\/a><\/td>\n<td class=\"nfo\">S\u00ed<\/td>\n<\/tr>\n<tr>\n<td class=\"ttl\"><a href=\"https:\/\/www.gsmarena.com\/glossary.php3?term=audio-jack\">conector de 3,5 mm<\/a><\/td>\n<td class=\"nfo\">No especificado<\/td>\n<\/tr>\n<\/tbody>\n<\/table>\n<table cellspacing=\"0\">\n<tbody>\n<tr>\n<th rowspan=\"9\" scope=\"row\">COMUNICACIONES<\/th>\n<td class=\"ttl\"><a href=\"https:\/\/www.gsmarena.com\/glossary.php3?term=wi-fi\">WiFi<\/a><\/td>\n<td class=\"nfo\" data-spec=\"wlan\">Wi-Fi 802.11 a\/b\/g\/n\/ac, doble banda, Wi-Fi Direct, punto de acceso<\/td>\n<\/tr>\n<tr>\n<td class=\"ttl\"><a href=\"https:\/\/www.gsmarena.com\/glossary.php3?term=bluetooth\">Bluetooth<\/a><\/td>\n<td class=\"nfo\" data-spec=\"bluetooth\">5.0, A2DP, LE<\/td>\n<\/tr>\n<tr>\n<td class=\"ttl\"><a href=\"https:\/\/www.gsmarena.com\/glossary.php3?term=gps\">GPS<\/a><\/td>\n<td class=\"nfo\" data-spec=\"gps\">S\u00ed, A-GPS, GLONASS, BDS, NavIC<\/td>\n<\/tr>\n<tr>\n<td class=\"ttl\"><a href=\"https:\/\/www.gsmarena.com\/glossary.php3?term=fm-radio\">Radio<\/a><\/td>\n<td class=\"nfo\" data-spec=\"radio\">No especificado<\/td>\n<\/tr>\n<tr>\n<td class=\"ttl\"><a href=\"https:\/\/www.gsmarena.com\/glossary.php3?term=usb\">USB<\/a><\/td>\n<td class=\"nfo\" data-spec=\"usb\">2.0, conector reversible tipo C 1.0, USB On-The-Go<\/td>\n<\/tr>\n<\/tbody>\n<\/table>\n<table cellspacing=\"0\">\n<tbody>\n<tr>\n<th rowspan=\"9\" scope=\"row\">CARACTER\u00cdSTICAS<\/th>\n<td class=\"ttl\"><a href=\"https:\/\/www.gsmarena.com\/glossary.php3?term=sensors\">Sensores<\/a><\/td>\n<td class=\"nfo\" data-spec=\"sensors\">Huella digital (debajo de la pantalla, \u00f3ptica), aceler\u00f3metro, giroscopio, proximidad, br\u00fajula<\/td>\n<\/tr>\n<\/tbody>\n<\/table>\n<table cellspacing=\"0\">\n<tbody>\n<tr>\n<th rowspan=\"7\" scope=\"row\">BATER\u00cdA<\/th>\n<td class=\"ttl\"><\/td>\n<td class=\"nfo\" data-spec=\"batdescription1\">Bater\u00eda Li-Po 4300 mAh no extra\u00edble<\/td>\n<\/tr>\n<tr>\n<td class=\"ttl\"><a href=\"https:\/\/www.gsmarena.com\/glossary.php3?term=battery-charging\">Cargando<\/a><\/td>\n<td class=\"nfo\">Carga r\u00e1pida 30W<\/td>\n<\/tr>\n<\/tbody>\n<\/table>\n<table cellspacing=\"0\">\n<tbody>\n<tr>\n<th rowspan=\"6\" scope=\"row\">MISC<\/th>\n<td class=\"ttl\"><a href=\"https:\/\/www.gsmarena.com\/glossary.php3?term=build\">Colores<\/a><\/td>\n<td class=\"nfo\" data-spec=\"colors\">Azul<\/td>\n<\/tr>\n<tr>\n<td class=\"ttl\"><a href=\"https:\/\/www.gsmarena.com\/glossary.php3?term=price\">Precio<\/a><\/td>\n<td class=\"nfo\" data-spec=\"price\">Alrededor de 290 euros<\/td>\n<\/tr>\n<\/tbody>\n<\/table>","protected":false},"excerpt":{"rendered":"<p>NETWORK Technology GSM \/ HSPA \/ LTE 2G bands GSM 850 \/ 900 \/ 1800 \/ 1900 &#8211; SIM 1 &amp; SIM 2 3G bands HSDPA 850 \/ 900 \/ 2100 4G bands 1, 3, 5, 8, 38, 40, 41 Speed HSPA 42.2\/5.76 Mbps, LTE-A LAUNCH Announced Not announced yet Status Rumored BODY Dimensions &#8211; [&hellip;]<\/p>","protected":false},"featured_media":23914,"template":"","meta":[],"product_brand":[],"product_cat":[1295,1304],"product_tag":[959],"class_list":{"0":"post-23780","1":"product","2":"type-product","3":"status-publish","4":"has-post-thumbnail","6":"product_cat-mobile-phone","7":"product_cat-oneplus-mobile-phone","8":"product_tag-oneplus-nord-5g","10":"first","11":"instock","12":"shipping-taxable","13":"product-type-simple"},"aioseo_notices":[],"aioseo_head":"\n\t\t<!-- All in One SEO Pro 4.5.9.2 - aioseo.com -->\n\t\t<meta name=\"description\" content=\"NETWORK Technology GSM \/ HSPA \/ LTE 2G bands GSM 850 \/ 900 \/ 1800 \/ 1900 - SIM 1 &amp; SIM 2 3G bands HSDPA 850 \/ 900 \/ 2100 4G bands 1, 3, 5, 8, 38, 40, 41 Speed HSPA 42.2\/5.76 Mbps, LTE-A LAUNCH Announced Not announced yet Status Rumored BODY Dimensions -\" \/>\n\t\t<meta name=\"robots\" content=\"max-image-preview:large\" \/>\n\t\t<link rel=\"canonical\" href=\"https:\/\/www.rucashk.com\/es\/producto\/oneplus-nord-5g\/\" \/>\n\t\t<meta name=\"generator\" content=\"All in One SEO Pro (AIOSEO) 4.5.9.2\" \/>\n\t\t<meta property=\"og:locale\" content=\"es_ES\" \/>\n\t\t<meta property=\"og:site_name\" content=\"Rucas - One-stop AIoT Distribution Worldwide\" \/>\n\t\t<meta property=\"og:type\" content=\"article\" \/>\n\t\t<meta property=\"og:title\" content=\"Oneplus Nord 5g - Rucas - Wholesale and Distribution\" \/>\n\t\t<meta property=\"og:description\" content=\"NETWORK Technology GSM \/ HSPA \/ LTE 2G bands GSM 850 \/ 900 \/ 1800 \/ 1900 - SIM 1 &amp; SIM 2 3G bands HSDPA 850 \/ 900 \/ 2100 4G bands 1, 3, 5, 8, 38, 40, 41 Speed HSPA 42.2\/5.76 Mbps, LTE-A LAUNCH Announced Not announced yet Status Rumored BODY Dimensions -\" \/>\n\t\t<meta property=\"og:url\" content=\"https:\/\/www.rucashk.com\/es\/producto\/oneplus-nord-5g\/\" \/>\n\t\t<meta property=\"og:image\" content=\"https:\/\/www.rucashk.com\/wp-content\/uploads\/replace\/503b8e645f128a97ccde2b6290747646.jpeg\" \/>\n\t\t<meta property=\"og:image:secure_url\" content=\"https:\/\/www.rucashk.com\/wp-content\/uploads\/replace\/503b8e645f128a97ccde2b6290747646.jpeg\" \/>\n\t\t<meta property=\"og:image:width\" content=\"1456\" \/>\n\t\t<meta property=\"og:image:height\" content=\"816\" \/>\n\t\t<meta property=\"article:published_time\" content=\"2024-01-09T15:57:49+00:00\" \/>\n\t\t<meta property=\"article:modified_time\" content=\"2024-03-11T06:41:54+00:00\" \/>\n\t\t<meta name=\"twitter:card\" content=\"summary_large_image\" \/>\n\t\t<meta name=\"twitter:title\" content=\"Oneplus Nord 5g - Rucas - Wholesale and Distribution\" \/>\n\t\t<meta name=\"twitter:description\" content=\"NETWORK Technology GSM \/ HSPA \/ LTE 2G bands GSM 850 \/ 900 \/ 1800 \/ 1900 - SIM 1 &amp; SIM 2 3G bands HSDPA 850 \/ 900 \/ 2100 4G bands 1, 3, 5, 8, 38, 40, 41 Speed HSPA 42.2\/5.76 Mbps, LTE-A LAUNCH Announced Not announced yet Status Rumored BODY Dimensions -\" \/>\n\t\t<meta name=\"twitter:image\" content=\"https:\/\/www.rucashk.com\/wp-content\/uploads\/replace\/503b8e645f128a97ccde2b6290747646.jpeg\" \/>\n\t\t<script type=\"application\/ld+json\" class=\"aioseo-schema\">\n\t\t\t{\"@context\":\"https:\\\/\\\/schema.org\",\"@graph\":[{\"@type\":\"BreadcrumbList\",\"@id\":\"https:\\\/\\\/www.rucashk.com\\\/es\\\/producto\\\/oneplus-nord-5g\\\/#breadcrumblist\",\"itemListElement\":[{\"@type\":\"ListItem\",\"@id\":\"https:\\\/\\\/www.rucashk.com\\\/es\\\/#listItem\",\"position\":1,\"name\":\"Home\",\"item\":\"https:\\\/\\\/www.rucashk.com\\\/es\\\/\",\"nextItem\":\"https:\\\/\\\/www.rucashk.com\\\/es\\\/producto\\\/oneplus-nord-5g\\\/#listItem\"},{\"@type\":\"ListItem\",\"@id\":\"https:\\\/\\\/www.rucashk.com\\\/es\\\/producto\\\/oneplus-nord-5g\\\/#listItem\",\"position\":2,\"name\":\"Oneplus Nord 5g\",\"previousItem\":\"https:\\\/\\\/www.rucashk.com\\\/es\\\/#listItem\"}]},{\"@type\":\"Organization\",\"@id\":\"https:\\\/\\\/www.rucashk.com\\\/es\\\/#organization\",\"name\":\"Rucas\",\"url\":\"https:\\\/\\\/www.rucashk.com\\\/es\\\/\",\"logo\":{\"@type\":\"ImageObject\",\"url\":\"https:\\\/\\\/www.rucashk.com\\\/wp-content\\\/uploads\\\/2023\\\/12\\\/Rucas_campany_logo.png\",\"@id\":\"https:\\\/\\\/www.rucashk.com\\\/es\\\/producto\\\/oneplus-nord-5g\\\/#organizationLogo\",\"width\":221,\"height\":65},\"image\":{\"@id\":\"https:\\\/\\\/www.rucashk.com\\\/es\\\/#organizationLogo\"}},{\"@type\":\"Person\",\"@id\":\"https:\\\/\\\/www.rucashk.com\\\/es\\\/author\\\/admin\\\/#author\",\"url\":\"https:\\\/\\\/www.rucashk.com\\\/es\\\/author\\\/admin\\\/\",\"name\":\"admin\",\"image\":{\"@type\":\"ImageObject\",\"@id\":\"https:\\\/\\\/www.rucashk.com\\\/es\\\/producto\\\/oneplus-nord-5g\\\/#authorImage\",\"url\":\"https:\\\/\\\/secure.gravatar.com\\\/avatar\\\/b7c8925b09a27e72b30232f8ecaadbd5af0f70a38c78096863fe51b64f031c24?s=96&d=mm&r=g\",\"width\":96,\"height\":96,\"caption\":\"admin\"}},{\"@type\":\"WebPage\",\"@id\":\"https:\\\/\\\/www.rucashk.com\\\/es\\\/producto\\\/oneplus-nord-5g\\\/#webpage\",\"url\":\"https:\\\/\\\/www.rucashk.com\\\/es\\\/producto\\\/oneplus-nord-5g\\\/\",\"name\":\"Oneplus Nord 5g - Rucas - Wholesale and Distribution\",\"description\":\"NETWORK Technology GSM \\\/ HSPA \\\/ LTE 2G bands GSM 850 \\\/ 900 \\\/ 1800 \\\/ 1900 - SIM 1 & SIM 2 3G bands HSDPA 850 \\\/ 900 \\\/ 2100 4G bands 1, 3, 5, 8, 38, 40, 41 Speed HSPA 42.2\\\/5.76 Mbps, LTE-A LAUNCH Announced Not announced yet Status Rumored BODY Dimensions -\",\"inLanguage\":\"es-ES\",\"isPartOf\":{\"@id\":\"https:\\\/\\\/www.rucashk.com\\\/es\\\/#website\"},\"breadcrumb\":{\"@id\":\"https:\\\/\\\/www.rucashk.com\\\/es\\\/producto\\\/oneplus-nord-5g\\\/#breadcrumblist\"},\"author\":{\"@id\":\"https:\\\/\\\/www.rucashk.com\\\/es\\\/author\\\/admin\\\/#author\"},\"creator\":{\"@id\":\"https:\\\/\\\/www.rucashk.com\\\/es\\\/author\\\/admin\\\/#author\"},\"image\":{\"@type\":\"ImageObject\",\"url\":\"https:\\\/\\\/www.rucashk.com\\\/wp-content\\\/uploads\\\/2024\\\/01\\\/d5938747-5565-4643-b041-908c355a8b3c.jpg\",\"@id\":\"https:\\\/\\\/www.rucashk.com\\\/es\\\/producto\\\/oneplus-nord-5g\\\/#mainImage\",\"width\":800,\"height\":800},\"primaryImageOfPage\":{\"@id\":\"https:\\\/\\\/www.rucashk.com\\\/es\\\/producto\\\/oneplus-nord-5g\\\/#mainImage\"},\"datePublished\":\"2024-01-09T15:57:49+00:00\",\"dateModified\":\"2024-03-11T06:41:54+00:00\"},{\"@type\":\"WebSite\",\"@id\":\"https:\\\/\\\/www.rucashk.com\\\/es\\\/#website\",\"url\":\"https:\\\/\\\/www.rucashk.com\\\/es\\\/\",\"name\":\"Rucas - Wholesale and distribution worldwide\",\"alternateName\":\"Rucas - One-stop AIoT Distribution Worldwide\",\"description\":\"One-stop AIoT Distribution Worldwide\",\"inLanguage\":\"es-ES\",\"publisher\":{\"@id\":\"https:\\\/\\\/www.rucashk.com\\\/es\\\/#organization\"}}]}\n\t\t<\/script>\n\t\t<!-- All in One SEO Pro -->\r\n\t\t<title>Oneplus Nord 5g - Rucas - Wholesale and Distribution<\/title>\n\n","aioseo_head_json":{"title":"Oneplus Nord 5g - Rucas - Wholesale and Distribution","description":"NETWORK Technology GSM \/ HSPA \/ LTE 2G bands GSM 850 \/ 900 \/ 1800 \/ 1900 - SIM 1 & SIM 2 3G bands HSDPA 850 \/ 900 \/ 2100 4G bands 1, 3, 5, 8, 38, 40, 41 Speed HSPA 42.2\/5.76 Mbps, LTE-A LAUNCH Announced Not announced yet Status Rumored BODY Dimensions -","canonical_url":"https:\/\/www.rucashk.com\/es\/producto\/oneplus-nord-5g\/","robots":"max-image-preview:large","keywords":"","webmasterTools":{"miscellaneous":""},"og:locale":"es_ES","og:site_name":"Rucas - One-stop AIoT Distribution Worldwide","og:type":"article","og:title":"Oneplus Nord 5g - Rucas - Wholesale and Distribution","og:description":"NETWORK Technology GSM \/ HSPA \/ LTE 2G bands GSM 850 \/ 900 \/ 1800 \/ 1900 - SIM 1 &amp; SIM 2 3G bands HSDPA 850 \/ 900 \/ 2100 4G bands 1, 3, 5, 8, 38, 40, 41 Speed HSPA 42.2\/5.76 Mbps, LTE-A LAUNCH Announced Not announced yet Status Rumored BODY Dimensions -","og:url":"https:\/\/www.rucashk.com\/es\/producto\/oneplus-nord-5g\/","og:image":"https:\/\/www.rucashk.com\/wp-content\/uploads\/replace\/503b8e645f128a97ccde2b6290747646.jpeg","og:image:secure_url":"https:\/\/www.rucashk.com\/wp-content\/uploads\/replace\/503b8e645f128a97ccde2b6290747646.jpeg","og:image:width":1456,"og:image:height":816,"article:published_time":"2024-01-09T15:57:49+00:00","article:modified_time":"2024-03-11T06:41:54+00:00","twitter:card":"summary_large_image","twitter:title":"Oneplus Nord 5g - Rucas - Wholesale and Distribution","twitter:description":"NETWORK Technology GSM \/ HSPA \/ LTE 2G bands GSM 850 \/ 900 \/ 1800 \/ 1900 - SIM 1 &amp; SIM 2 3G bands HSDPA 850 \/ 900 \/ 2100 4G bands 1, 3, 5, 8, 38, 40, 41 Speed HSPA 42.2\/5.76 Mbps, LTE-A LAUNCH Announced Not announced yet Status Rumored BODY Dimensions -","twitter:image":"https:\/\/www.rucashk.com\/wp-content\/uploads\/replace\/503b8e645f128a97ccde2b6290747646.jpeg","schema":{"@context":"https:\/\/schema.org","@graph":[{"@type":"BreadcrumbList","@id":"https:\/\/www.rucashk.com\/es\/producto\/oneplus-nord-5g\/#breadcrumblist","itemListElement":[{"@type":"ListItem","@id":"https:\/\/www.rucashk.com\/es\/#listItem","position":1,"name":"Home","item":"https:\/\/www.rucashk.com\/es\/","nextItem":"https:\/\/www.rucashk.com\/es\/producto\/oneplus-nord-5g\/#listItem"},{"@type":"ListItem","@id":"https:\/\/www.rucashk.com\/es\/producto\/oneplus-nord-5g\/#listItem","position":2,"name":"Oneplus Nord 5g","previousItem":"https:\/\/www.rucashk.com\/es\/#listItem"}]},{"@type":"Organization","@id":"https:\/\/www.rucashk.com\/es\/#organization","name":"Rucas","url":"https:\/\/www.rucashk.com\/es\/","logo":{"@type":"ImageObject","url":"https:\/\/www.rucashk.com\/wp-content\/uploads\/2023\/12\/Rucas_campany_logo.png","@id":"https:\/\/www.rucashk.com\/es\/producto\/oneplus-nord-5g\/#organizationLogo","width":221,"height":65},"image":{"@id":"https:\/\/www.rucashk.com\/es\/#organizationLogo"}},{"@type":"Person","@id":"https:\/\/www.rucashk.com\/es\/author\/admin\/#author","url":"https:\/\/www.rucashk.com\/es\/author\/admin\/","name":"admin","image":{"@type":"ImageObject","@id":"https:\/\/www.rucashk.com\/es\/producto\/oneplus-nord-5g\/#authorImage","url":"https:\/\/secure.gravatar.com\/avatar\/b7c8925b09a27e72b30232f8ecaadbd5af0f70a38c78096863fe51b64f031c24?s=96&d=mm&r=g","width":96,"height":96,"caption":"admin"}},{"@type":"WebPage","@id":"https:\/\/www.rucashk.com\/es\/producto\/oneplus-nord-5g\/#webpage","url":"https:\/\/www.rucashk.com\/es\/producto\/oneplus-nord-5g\/","name":"Oneplus Nord 5g - Rucas - Wholesale and Distribution","description":"NETWORK Technology GSM \/ HSPA \/ LTE 2G bands GSM 850 \/ 900 \/ 1800 \/ 1900 - SIM 1 & SIM 2 3G bands HSDPA 850 \/ 900 \/ 2100 4G bands 1, 3, 5, 8, 38, 40, 41 Speed HSPA 42.2\/5.76 Mbps, LTE-A LAUNCH Announced Not announced yet Status Rumored BODY Dimensions -","inLanguage":"es-ES","isPartOf":{"@id":"https:\/\/www.rucashk.com\/es\/#website"},"breadcrumb":{"@id":"https:\/\/www.rucashk.com\/es\/producto\/oneplus-nord-5g\/#breadcrumblist"},"author":{"@id":"https:\/\/www.rucashk.com\/es\/author\/admin\/#author"},"creator":{"@id":"https:\/\/www.rucashk.com\/es\/author\/admin\/#author"},"image":{"@type":"ImageObject","url":"https:\/\/www.rucashk.com\/wp-content\/uploads\/2024\/01\/d5938747-5565-4643-b041-908c355a8b3c.jpg","@id":"https:\/\/www.rucashk.com\/es\/producto\/oneplus-nord-5g\/#mainImage","width":800,"height":800},"primaryImageOfPage":{"@id":"https:\/\/www.rucashk.com\/es\/producto\/oneplus-nord-5g\/#mainImage"},"datePublished":"2024-01-09T15:57:49+00:00","dateModified":"2024-03-11T06:41:54+00:00"},{"@type":"WebSite","@id":"https:\/\/www.rucashk.com\/es\/#website","url":"https:\/\/www.rucashk.com\/es\/","name":"Rucas - Wholesale and distribution worldwide","alternateName":"Rucas - One-stop AIoT Distribution Worldwide","description":"One-stop AIoT Distribution Worldwide","inLanguage":"es-ES","publisher":{"@id":"https:\/\/www.rucashk.com\/es\/#organization"}}]}},"aioseo_meta_data":{"post_id":"23780","title":null,"description":null,"keywords":null,"keyphrases":null,"primary_term":null,"canonical_url":null,"og_title":null,"og_description":null,"og_object_type":"default","og_image_type":"default","og_image_url":null,"og_image_width":null,"og_image_height":null,"og_image_custom_url":null,"og_image_custom_fields":null,"og_video":null,"og_custom_url":null,"og_article_section":null,"og_article_tags":null,"twitter_use_og":false,"twitter_card":"default","twitter_image_type":"default","twitter_image_url":null,"twitter_image_custom_url":null,"twitter_image_custom_fields":null,"twitter_title":null,"twitter_description":null,"schema":{"blockGraphs":[],"customGraphs":[],"default":{"data":{"Article":[],"Course":[],"Dataset":[],"FAQPage":[],"Movie":[],"Person":[],"Product":[],"Recipe":[],"Service":[],"SoftwareApplication":[],"WebPage":[]},"graphName":"","isEnabled":true},"graphs":[]},"schema_type":"default","schema_type_options":null,"pillar_content":false,"robots_default":true,"robots_noindex":false,"robots_noarchive":false,"robots_nosnippet":false,"robots_nofollow":false,"robots_noimageindex":false,"robots_noodp":false,"robots_notranslate":false,"robots_max_snippet":null,"robots_max_videopreview":null,"robots_max_imagepreview":"large","priority":null,"frequency":null,"local_seo":null,"breadcrumb_settings":null,"limit_modified_date":false,"created":"2024-04-11 01:57:07","updated":"2025-06-22 17:15:05"},"aioseo_breadcrumb":"<div class=\"aioseo-breadcrumbs\"><span class=\"aioseo-breadcrumb\">\n\t<a href=\"https:\/\/www.rucashk.com\/es\" title=\"Home\">Home<\/a>\n<\/span><span class=\"aioseo-breadcrumb-separator\">&raquo;<\/span><span class=\"aioseo-breadcrumb\">\n\t<a href=\"https:\/\/www.rucashk.com\/es\/products\/\" title=\"Productos\">Productos<\/a>\n<\/span><span class=\"aioseo-breadcrumb-separator\">&raquo;<\/span><span class=\"aioseo-breadcrumb\">\n\t<a href=\"https:\/\/www.rucashk.com\/es\/categoria-producto\/mobile-phone\/\" title=\"Mobile Phone\">Mobile Phone<\/a>\n<\/span><span class=\"aioseo-breadcrumb-separator\">&raquo;<\/span><span class=\"aioseo-breadcrumb\">\n\t<a href=\"https:\/\/www.rucashk.com\/es\/categoria-producto\/mobile-phone\/oneplus-mobile-phone\/\" title=\"Oneplus\">Oneplus<\/a>\n<\/span><span class=\"aioseo-breadcrumb-separator\">&raquo;<\/span><span class=\"aioseo-breadcrumb\">\n\tOneplus Nord 5g\n<\/span><\/div>","aioseo_breadcrumb_json":[{"label":"Home","link":"https:\/\/www.rucashk.com\/es"},{"label":"Productos","link":"https:\/\/www.rucashk.com\/es\/products\/"},{"label":"Mobile Phone","link":"https:\/\/www.rucashk.com\/es\/categoria-producto\/mobile-phone\/"},{"label":"Oneplus","link":"https:\/\/www.rucashk.com\/es\/categoria-producto\/mobile-phone\/oneplus-mobile-phone\/"},{"label":"Oneplus Nord 5g","link":"https:\/\/www.rucashk.com\/es\/producto\/oneplus-nord-5g\/"}],"_links":{"self":[{"href":"https:\/\/www.rucashk.com\/es\/wp-json\/wp\/v2\/product\/23780","targetHints":{"allow":["GET"]}}],"collection":[{"href":"https:\/\/www.rucashk.com\/es\/wp-json\/wp\/v2\/product"}],"about":[{"href":"https:\/\/www.rucashk.com\/es\/wp-json\/wp\/v2\/types\/product"}],"wp:featuredmedia":[{"embeddable":true,"href":"https:\/\/www.rucashk.com\/es\/wp-json\/wp\/v2\/media\/23914"}],"wp:attachment":[{"href":"https:\/\/www.rucashk.com\/es\/wp-json\/wp\/v2\/media?parent=23780"}],"wp:term":[{"taxonomy":"product_brand","embeddable":true,"href":"https:\/\/www.rucashk.com\/es\/wp-json\/wp\/v2\/product_brand?post=23780"},{"taxonomy":"product_cat","embeddable":true,"href":"https:\/\/www.rucashk.com\/es\/wp-json\/wp\/v2\/product_cat?post=23780"},{"taxonomy":"product_tag","embeddable":true,"href":"https:\/\/www.rucashk.com\/es\/wp-json\/wp\/v2\/product_tag?post=23780"}],"curies":[{"name":"wp","href":"https:\/\/api.w.org\/{rel}","templated":true}]}}