{"id":23779,"date":"2024-01-09T15:57:49","date_gmt":"2024-01-09T15:57:49","guid":{"rendered":"http:\/\/rucashk.com\/?post_type=product&#038;p=23779"},"modified":"2024-03-11T06:42:27","modified_gmt":"2024-03-11T06:42:27","slug":"meizu-hd60-bluetooth-headphones","status":"publish","type":"product","link":"https:\/\/www.rucashk.com\/es\/producto\/meizu-hd60-bluetooth-headphones\/","title":{"rendered":"Auriculares Bluetooth Meizu HD60"},"content":{"rendered":"<div class=\"self-adaption\"><img decoding=\"async\" alt=\"Meizu HD60 Bluetooth Headphones\" title=\"20191106103116_71463.jpg\" src=\"\/wp-content\/uploads\/replace\/5628a2142c56d73e763c786c4a852cfc.jpeg\" \/><\/div>\n<div class=\"self-adaption\"><img decoding=\"async\" alt=\"Meizu HD60 Bluetooth Headphones\" title=\"20191106103117_67612.jpg\" src=\"\/wp-content\/uploads\/replace\/9552af08cb6e23f51d11d73bcb2db2a3.jpeg\" \/><\/div>\n<div class=\"self-adaption\"><img decoding=\"async\" alt=\"Meizu HD60 Bluetooth Headphones\" title=\"20191106103118_24207.jpg\" src=\"\/wp-content\/uploads\/replace\/dce4826c8884a58fe701781eb7679a99.jpeg\" \/><\/div>\n<div class=\"self-adaption\"><img decoding=\"async\" alt=\"Meizu HD60 Bluetooth Headphones\" title=\"20191106103118_37303.jpg\" src=\"\/wp-content\/uploads\/replace\/80037597be0ee519769d4216ad02a10c.jpeg\" \/><\/div>\n<div class=\"self-adaption\"><img decoding=\"async\" alt=\"Meizu HD60 Bluetooth Headphones\" title=\"20191106103118_92414.jpg\" src=\"\/wp-content\/uploads\/replace\/aeba79462f71a2aa13c6452f3c49a598.jpeg\" \/><\/div>\n<div class=\"self-adaption\"><img decoding=\"async\" alt=\"Meizu HD60 Bluetooth Headphones\" title=\"20191106103119_16518.jpg\" src=\"\/wp-content\/uploads\/replace\/b353acad4509c279475a865b7c865546.jpeg\" \/><\/div>\n<div class=\"self-adaption\"><img decoding=\"async\" alt=\"Meizu HD60 Bluetooth Headphones\" title=\"20191106103119_23844.jpg\" src=\"\/wp-content\/uploads\/replace\/5e98d9b5cc70a946e916f89df0b3d375.jpeg\" data-spm-anchor-id=\"a2g0o.detail.1000023.i0.6a3d3fadHvLlSg\" \/><\/div>\n<div>\n<table cellspacing=\"0\" cellpadding=\"0\">\n<tbody>\n<tr>\n<td colspan=\"2\">General<\/td>\n<\/tr>\n<tr>\n<td>Marca<\/td>\n<td>MEIZU<\/td>\n<\/tr>\n<tr>\n<td>Tipo<\/td>\n<td>Sobre oreja<\/td>\n<\/tr>\n<tr>\n<td>Material<\/td>\n<td>abdominales<\/td>\n<\/tr>\n<tr>\n<td>Caracter\u00edsticas<\/td>\n<td>Genial, port\u00e1til, sonido envolvente<\/td>\n<\/tr>\n<tr>\n<td>Tipo de uso<\/td>\n<td>Venda<\/td>\n<\/tr>\n<tr>\n<td>Funciones principales<\/td>\n<td>Bluetooth, micr\u00f3fono, contestar tel\u00e9fono, cambio de canci\u00f3n, control de volumen<\/td>\n<\/tr>\n<tr>\n<td colspan=\"2\">Detalles de producto<\/td>\n<\/tr>\n<tr>\n<td>Solicitud<\/td>\n<td>Aviaci\u00f3n, DJ, Audiophile<\/td>\n<\/tr>\n<tr>\n<td>Longitud del cable (m)<\/td>\n<td>0m<\/td>\n<\/tr>\n<tr>\n<td>Compatible con<\/td>\n<td>MP3,PC,Tel\u00e9fono m\u00f3vil,iPod,iPhone,Ordenador<\/td>\n<\/tr>\n<tr>\n<td>Conectividad<\/td>\n<td>Inal\u00e1mbrico<\/td>\n<\/tr>\n<tr>\n<td>Respuesta frecuente<\/td>\n<td>20-40000Hz<\/td>\n<\/tr>\n<tr>\n<td>Impedancia<\/td>\n<td>16 ohmios<\/td>\n<\/tr>\n<tr>\n<td>Sensibilidad<\/td>\n<td>103dB<\/td>\n<\/tr>\n<tr>\n<td colspan=\"2\">Funci\u00f3n extendida<\/td>\n<\/tr>\n<tr>\n<td>Bluetooth<\/td>\n<td>S\u00ed<\/td>\n<\/tr>\n<tr>\n<td>Versi\u00f3n Bluetooth<\/td>\n<td>V5.0<\/td>\n<\/tr>\n<tr>\n<td>WIFI<\/td>\n<td>No<\/td>\n<\/tr>\n<tr>\n<td colspan=\"2\">Informaci\u00f3n de la bater\u00eda<\/td>\n<\/tr>\n<tr>\n<td>Tipo de Bater\u00eda<\/td>\n<td>Incorporado<\/td>\n<\/tr>\n<tr>\n<td colspan=\"2\">Dimensiones y peso<\/td>\n<\/tr>\n<tr>\n<td>Peso del Producto<\/td>\n<td>0,4500 kilogramos<\/td>\n<\/tr>\n<tr>\n<td>Peso del paquete<\/td>\n<td>0,7260 kilogramos<\/td>\n<\/tr>\n<tr>\n<td>Tama\u00f1o del producto (largo x ancho x alto)<\/td>\n<td>20,00 x 18,50 x 5,50 cm \/ 7,87 x 7,28 x 2,17 pulgadas<\/td>\n<\/tr>\n<tr>\n<td>Tama\u00f1o del paquete (largo x ancho x alto)<\/td>\n<td>22,50 x 19,50 x 6,50 cm \/ 8,86 x 7,68 x 2,56 pulgadas<\/td>\n<\/tr>\n<tr>\n<td colspan=\"2\">contenidos del paquete<\/td>\n<\/tr>\n<tr>\n<td>contenidos del paquete<\/td>\n<td>1 x par de auriculares, 1 x cable de carga, 1 x bolsa de almacenamiento, 1 x manual en ingl\u00e9s<\/td>\n<\/tr>\n<\/tbody>\n<\/table>\n<\/div>","protected":false},"excerpt":{"rendered":"<p><b>Principales caracter\u00edsticas:<\/b><br \/>\n\u25cf\u00a0<b>Alta calidad<\/b><br \/>\nStainless steel sliding structure, it is durable, rigid and comfortable to wear. The earmuffs are made of protein skin leather which is comfortable even for pro-longed usage.<br \/>\n\u25cf\u00a0<b>Biodiafragma de 40 mm.<\/b><br \/>\nComes with a 40mm bio-diaphragm super-sounding unit and has an independent back cavity which raises the output of the low-frequency sound. It also comes with a Hi-Res certification for an immersive sound experience.<br \/>\n\u25cf\u00a0<b>Puerto USB tipo C<\/b><br \/>\nUSB Type-C port that supports for wired audio connection.<br \/>\n\u25cf\u00a0<b>bluetooth 5.0<\/b><br \/>\nSupports Bluetooth 5.0 and comes with aptX codec.<br \/>\n\u25cf\u00a0<b>Mecanismo de control t\u00e1ctil<\/b><br \/>\nComes with touch-enable control mechanism and has voice assistant support to make the controlling easier.<br \/>\n\u25cf\u00a0<b>Reducci\u00f3n de ruido de modo dual cVc<\/b><br \/>\nMeizu HD60 is with cVc dual-mode noise reduction technology that ensure a noise-free audio experience.<br \/>\n\u25cf\u00a0<b>Bater\u00eda de 500 mAh.<\/b><br \/>\nPuede funcionar durante unas 25 horas con una sola carga.<\/p>","protected":false},"featured_media":23903,"template":"","meta":[],"product_brand":[],"product_cat":[1295],"product_tag":[958],"class_list":{"0":"post-23779","1":"product","2":"type-product","3":"status-publish","4":"has-post-thumbnail","6":"product_cat-mobile-phone","7":"product_tag-meizu-hd60-bluetooth-headphones","9":"first","10":"instock","11":"shipping-taxable","12":"product-type-external"},"aioseo_notices":[],"aioseo_head":"\n\t\t<!-- All in One SEO Pro 4.5.9.2 - aioseo.com -->\n\t\t<meta name=\"description\" content=\"Main Features: \u25cf High Quality Stainless steel sliding structure, it is durable, rigid and comfortable to wear. The earmuffs are made of protein skin leather which is comfortable even for pro-longed usage. \u25cf 40mm Bio-diaphragm Comes with a 40mm bio-diaphragm super-sounding unit and has an independent back cavity which raises the output of the low-frequency sound. It also comes with a Hi-Res certification for an immersive sound experience. \u25cf USB Type-C Port USB Type-C port that supports for wired audio connection. \u25cf Bluetooth 5.0 Supports Bluetooth 5.0 and comes with aptX codec. \u25cf Touch-enable Control Mechanism Comes with touch-enable control mechanism and has voice assistant support to make the controlling easier. \u25cf cVc Dual-mode Noise Reduction Meizu HD60 is with cVc dual-mode noise reduction technology that ensure a noise-free audio experience. \u25cf 500mAh Battery Can run for around 25 hours on a single charge.\" \/>\n\t\t<meta name=\"robots\" content=\"max-image-preview:large\" \/>\n\t\t<link rel=\"canonical\" href=\"https:\/\/www.rucashk.com\/es\/producto\/meizu-hd60-bluetooth-headphones\/\" \/>\n\t\t<meta name=\"generator\" content=\"All in One SEO Pro (AIOSEO) 4.5.9.2\" \/>\n\t\t<meta property=\"og:locale\" content=\"es_ES\" \/>\n\t\t<meta property=\"og:site_name\" content=\"Rucas - One-stop AIoT Distribution Worldwide\" \/>\n\t\t<meta property=\"og:type\" content=\"article\" \/>\n\t\t<meta property=\"og:title\" content=\"Meizu HD60 Bluetooth Headphones - Rucas - Wholesale and Distribution\" \/>\n\t\t<meta property=\"og:description\" content=\"Main Features: \u25cf High Quality Stainless steel sliding structure, it is durable, rigid and comfortable to wear. The earmuffs are made of protein skin leather which is comfortable even for pro-longed usage. \u25cf 40mm Bio-diaphragm Comes with a 40mm bio-diaphragm super-sounding unit and has an independent back cavity which raises the output of the low-frequency sound. It also comes with a Hi-Res certification for an immersive sound experience. \u25cf USB Type-C Port USB Type-C port that supports for wired audio connection. \u25cf Bluetooth 5.0 Supports Bluetooth 5.0 and comes with aptX codec. \u25cf Touch-enable Control Mechanism Comes with touch-enable control mechanism and has voice assistant support to make the controlling easier. \u25cf cVc Dual-mode Noise Reduction Meizu HD60 is with cVc dual-mode noise reduction technology that ensure a noise-free audio experience. \u25cf 500mAh Battery Can run for around 25 hours on a single charge.\" \/>\n\t\t<meta property=\"og:url\" content=\"https:\/\/www.rucashk.com\/es\/producto\/meizu-hd60-bluetooth-headphones\/\" \/>\n\t\t<meta property=\"og:image\" content=\"https:\/\/www.rucashk.com\/wp-content\/uploads\/replace\/503b8e645f128a97ccde2b6290747646.jpeg\" \/>\n\t\t<meta property=\"og:image:secure_url\" content=\"https:\/\/www.rucashk.com\/wp-content\/uploads\/replace\/503b8e645f128a97ccde2b6290747646.jpeg\" \/>\n\t\t<meta property=\"og:image:width\" content=\"1456\" \/>\n\t\t<meta property=\"og:image:height\" content=\"816\" \/>\n\t\t<meta property=\"article:published_time\" content=\"2024-01-09T15:57:49+00:00\" \/>\n\t\t<meta property=\"article:modified_time\" content=\"2024-03-11T06:42:27+00:00\" \/>\n\t\t<meta name=\"twitter:card\" content=\"summary_large_image\" \/>\n\t\t<meta name=\"twitter:title\" content=\"Meizu HD60 Bluetooth Headphones - Rucas - Wholesale and Distribution\" \/>\n\t\t<meta name=\"twitter:description\" content=\"Main Features: \u25cf High Quality Stainless steel sliding structure, it is durable, rigid and comfortable to wear. The earmuffs are made of protein skin leather which is comfortable even for pro-longed usage. \u25cf 40mm Bio-diaphragm Comes with a 40mm bio-diaphragm super-sounding unit and has an independent back cavity which raises the output of the low-frequency sound. It also comes with a Hi-Res certification for an immersive sound experience. \u25cf USB Type-C Port USB Type-C port that supports for wired audio connection. \u25cf Bluetooth 5.0 Supports Bluetooth 5.0 and comes with aptX codec. \u25cf Touch-enable Control Mechanism Comes with touch-enable control mechanism and has voice assistant support to make the controlling easier. \u25cf cVc Dual-mode Noise Reduction Meizu HD60 is with cVc dual-mode noise reduction technology that ensure a noise-free audio experience. \u25cf 500mAh Battery Can run for around 25 hours on a single charge.\" \/>\n\t\t<meta name=\"twitter:image\" content=\"https:\/\/www.rucashk.com\/wp-content\/uploads\/replace\/503b8e645f128a97ccde2b6290747646.jpeg\" \/>\n\t\t<script type=\"application\/ld+json\" class=\"aioseo-schema\">\n\t\t\t{\"@context\":\"https:\\\/\\\/schema.org\",\"@graph\":[{\"@type\":\"BreadcrumbList\",\"@id\":\"https:\\\/\\\/www.rucashk.com\\\/es\\\/producto\\\/meizu-hd60-bluetooth-headphones\\\/#breadcrumblist\",\"itemListElement\":[{\"@type\":\"ListItem\",\"@id\":\"https:\\\/\\\/www.rucashk.com\\\/es\\\/#listItem\",\"position\":1,\"name\":\"Home\",\"item\":\"https:\\\/\\\/www.rucashk.com\\\/es\\\/\",\"nextItem\":\"https:\\\/\\\/www.rucashk.com\\\/es\\\/producto\\\/meizu-hd60-bluetooth-headphones\\\/#listItem\"},{\"@type\":\"ListItem\",\"@id\":\"https:\\\/\\\/www.rucashk.com\\\/es\\\/producto\\\/meizu-hd60-bluetooth-headphones\\\/#listItem\",\"position\":2,\"name\":\"Meizu HD60 Bluetooth Headphones\",\"previousItem\":\"https:\\\/\\\/www.rucashk.com\\\/es\\\/#listItem\"}]},{\"@type\":\"Organization\",\"@id\":\"https:\\\/\\\/www.rucashk.com\\\/es\\\/#organization\",\"name\":\"Rucas\",\"url\":\"https:\\\/\\\/www.rucashk.com\\\/es\\\/\",\"logo\":{\"@type\":\"ImageObject\",\"url\":\"https:\\\/\\\/www.rucashk.com\\\/wp-content\\\/uploads\\\/2023\\\/12\\\/Rucas_campany_logo.png\",\"@id\":\"https:\\\/\\\/www.rucashk.com\\\/es\\\/producto\\\/meizu-hd60-bluetooth-headphones\\\/#organizationLogo\",\"width\":221,\"height\":65},\"image\":{\"@id\":\"https:\\\/\\\/www.rucashk.com\\\/es\\\/#organizationLogo\"}},{\"@type\":\"Person\",\"@id\":\"https:\\\/\\\/www.rucashk.com\\\/es\\\/author\\\/admin\\\/#author\",\"url\":\"https:\\\/\\\/www.rucashk.com\\\/es\\\/author\\\/admin\\\/\",\"name\":\"admin\",\"image\":{\"@type\":\"ImageObject\",\"@id\":\"https:\\\/\\\/www.rucashk.com\\\/es\\\/producto\\\/meizu-hd60-bluetooth-headphones\\\/#authorImage\",\"url\":\"https:\\\/\\\/secure.gravatar.com\\\/avatar\\\/b7c8925b09a27e72b30232f8ecaadbd5af0f70a38c78096863fe51b64f031c24?s=96&d=mm&r=g\",\"width\":96,\"height\":96,\"caption\":\"admin\"}},{\"@type\":\"WebPage\",\"@id\":\"https:\\\/\\\/www.rucashk.com\\\/es\\\/producto\\\/meizu-hd60-bluetooth-headphones\\\/#webpage\",\"url\":\"https:\\\/\\\/www.rucashk.com\\\/es\\\/producto\\\/meizu-hd60-bluetooth-headphones\\\/\",\"name\":\"Meizu HD60 Bluetooth Headphones - Rucas - Wholesale and Distribution\",\"description\":\"Main Features: \\u25cf High Quality Stainless steel sliding structure, it is durable, rigid and comfortable to wear. The earmuffs are made of protein skin leather which is comfortable even for pro-longed usage. \\u25cf 40mm Bio-diaphragm Comes with a 40mm bio-diaphragm super-sounding unit and has an independent back cavity which raises the output of the low-frequency sound. It also comes with a Hi-Res certification for an immersive sound experience. \\u25cf USB Type-C Port USB Type-C port that supports for wired audio connection. \\u25cf Bluetooth 5.0 Supports Bluetooth 5.0 and comes with aptX codec. \\u25cf Touch-enable Control Mechanism Comes with touch-enable control mechanism and has voice assistant support to make the controlling easier. \\u25cf cVc Dual-mode Noise Reduction Meizu HD60 is with cVc dual-mode noise reduction technology that ensure a noise-free audio experience. \\u25cf 500mAh Battery Can run for around 25 hours on a single charge.\",\"inLanguage\":\"es-ES\",\"isPartOf\":{\"@id\":\"https:\\\/\\\/www.rucashk.com\\\/es\\\/#website\"},\"breadcrumb\":{\"@id\":\"https:\\\/\\\/www.rucashk.com\\\/es\\\/producto\\\/meizu-hd60-bluetooth-headphones\\\/#breadcrumblist\"},\"author\":{\"@id\":\"https:\\\/\\\/www.rucashk.com\\\/es\\\/author\\\/admin\\\/#author\"},\"creator\":{\"@id\":\"https:\\\/\\\/www.rucashk.com\\\/es\\\/author\\\/admin\\\/#author\"},\"image\":{\"@type\":\"ImageObject\",\"url\":\"https:\\\/\\\/www.rucashk.com\\\/wp-content\\\/uploads\\\/2024\\\/01\\\/MEIZU-HD60-Bluetooth-Headphones.jpg\",\"@id\":\"https:\\\/\\\/www.rucashk.com\\\/es\\\/producto\\\/meizu-hd60-bluetooth-headphones\\\/#mainImage\",\"width\":800,\"height\":800},\"primaryImageOfPage\":{\"@id\":\"https:\\\/\\\/www.rucashk.com\\\/es\\\/producto\\\/meizu-hd60-bluetooth-headphones\\\/#mainImage\"},\"datePublished\":\"2024-01-09T15:57:49+00:00\",\"dateModified\":\"2024-03-11T06:42:27+00:00\"},{\"@type\":\"WebSite\",\"@id\":\"https:\\\/\\\/www.rucashk.com\\\/es\\\/#website\",\"url\":\"https:\\\/\\\/www.rucashk.com\\\/es\\\/\",\"name\":\"Rucas - Wholesale and distribution worldwide\",\"alternateName\":\"Rucas - One-stop AIoT Distribution Worldwide\",\"description\":\"One-stop AIoT Distribution Worldwide\",\"inLanguage\":\"es-ES\",\"publisher\":{\"@id\":\"https:\\\/\\\/www.rucashk.com\\\/es\\\/#organization\"}}]}\n\t\t<\/script>\n\t\t<!-- All in One SEO Pro -->\r\n\t\t<title>Meizu HD60 Bluetooth Headphones - Rucas - Wholesale and Distribution<\/title>\n\n","aioseo_head_json":{"title":"Meizu HD60 Bluetooth Headphones - Rucas - Wholesale and Distribution","description":"Main Features: \u25cf High Quality Stainless steel sliding structure, it is durable, rigid and comfortable to wear. The earmuffs are made of protein skin leather which is comfortable even for pro-longed usage. \u25cf 40mm Bio-diaphragm Comes with a 40mm bio-diaphragm super-sounding unit and has an independent back cavity which raises the output of the low-frequency sound. It also comes with a Hi-Res certification for an immersive sound experience. \u25cf USB Type-C Port USB Type-C port that supports for wired audio connection. \u25cf Bluetooth 5.0 Supports Bluetooth 5.0 and comes with aptX codec. \u25cf Touch-enable Control Mechanism Comes with touch-enable control mechanism and has voice assistant support to make the controlling easier. \u25cf cVc Dual-mode Noise Reduction Meizu HD60 is with cVc dual-mode noise reduction technology that ensure a noise-free audio experience. \u25cf 500mAh Battery Can run for around 25 hours on a single charge.","canonical_url":"https:\/\/www.rucashk.com\/es\/producto\/meizu-hd60-bluetooth-headphones\/","robots":"max-image-preview:large","keywords":"","webmasterTools":{"miscellaneous":""},"og:locale":"es_ES","og:site_name":"Rucas - One-stop AIoT Distribution Worldwide","og:type":"article","og:title":"Meizu HD60 Bluetooth Headphones - Rucas - Wholesale and Distribution","og:description":"Main Features: \u25cf High Quality Stainless steel sliding structure, it is durable, rigid and comfortable to wear. The earmuffs are made of protein skin leather which is comfortable even for pro-longed usage. \u25cf 40mm Bio-diaphragm Comes with a 40mm bio-diaphragm super-sounding unit and has an independent back cavity which raises the output of the low-frequency sound. It also comes with a Hi-Res certification for an immersive sound experience. \u25cf USB Type-C Port USB Type-C port that supports for wired audio connection. \u25cf Bluetooth 5.0 Supports Bluetooth 5.0 and comes with aptX codec. \u25cf Touch-enable Control Mechanism Comes with touch-enable control mechanism and has voice assistant support to make the controlling easier. \u25cf cVc Dual-mode Noise Reduction Meizu HD60 is with cVc dual-mode noise reduction technology that ensure a noise-free audio experience. \u25cf 500mAh Battery Can run for around 25 hours on a single charge.","og:url":"https:\/\/www.rucashk.com\/es\/producto\/meizu-hd60-bluetooth-headphones\/","og:image":"https:\/\/www.rucashk.com\/wp-content\/uploads\/replace\/503b8e645f128a97ccde2b6290747646.jpeg","og:image:secure_url":"https:\/\/www.rucashk.com\/wp-content\/uploads\/replace\/503b8e645f128a97ccde2b6290747646.jpeg","og:image:width":1456,"og:image:height":816,"article:published_time":"2024-01-09T15:57:49+00:00","article:modified_time":"2024-03-11T06:42:27+00:00","twitter:card":"summary_large_image","twitter:title":"Meizu HD60 Bluetooth Headphones - Rucas - Wholesale and Distribution","twitter:description":"Main Features: \u25cf High Quality Stainless steel sliding structure, it is durable, rigid and comfortable to wear. The earmuffs are made of protein skin leather which is comfortable even for pro-longed usage. \u25cf 40mm Bio-diaphragm Comes with a 40mm bio-diaphragm super-sounding unit and has an independent back cavity which raises the output of the low-frequency sound. It also comes with a Hi-Res certification for an immersive sound experience. \u25cf USB Type-C Port USB Type-C port that supports for wired audio connection. \u25cf Bluetooth 5.0 Supports Bluetooth 5.0 and comes with aptX codec. \u25cf Touch-enable Control Mechanism Comes with touch-enable control mechanism and has voice assistant support to make the controlling easier. \u25cf cVc Dual-mode Noise Reduction Meizu HD60 is with cVc dual-mode noise reduction technology that ensure a noise-free audio experience. \u25cf 500mAh Battery Can run for around 25 hours on a single charge.","twitter:image":"https:\/\/www.rucashk.com\/wp-content\/uploads\/replace\/503b8e645f128a97ccde2b6290747646.jpeg","schema":{"@context":"https:\/\/schema.org","@graph":[{"@type":"BreadcrumbList","@id":"https:\/\/www.rucashk.com\/es\/producto\/meizu-hd60-bluetooth-headphones\/#breadcrumblist","itemListElement":[{"@type":"ListItem","@id":"https:\/\/www.rucashk.com\/es\/#listItem","position":1,"name":"Home","item":"https:\/\/www.rucashk.com\/es\/","nextItem":"https:\/\/www.rucashk.com\/es\/producto\/meizu-hd60-bluetooth-headphones\/#listItem"},{"@type":"ListItem","@id":"https:\/\/www.rucashk.com\/es\/producto\/meizu-hd60-bluetooth-headphones\/#listItem","position":2,"name":"Meizu HD60 Bluetooth Headphones","previousItem":"https:\/\/www.rucashk.com\/es\/#listItem"}]},{"@type":"Organization","@id":"https:\/\/www.rucashk.com\/es\/#organization","name":"Rucas","url":"https:\/\/www.rucashk.com\/es\/","logo":{"@type":"ImageObject","url":"https:\/\/www.rucashk.com\/wp-content\/uploads\/2023\/12\/Rucas_campany_logo.png","@id":"https:\/\/www.rucashk.com\/es\/producto\/meizu-hd60-bluetooth-headphones\/#organizationLogo","width":221,"height":65},"image":{"@id":"https:\/\/www.rucashk.com\/es\/#organizationLogo"}},{"@type":"Person","@id":"https:\/\/www.rucashk.com\/es\/author\/admin\/#author","url":"https:\/\/www.rucashk.com\/es\/author\/admin\/","name":"admin","image":{"@type":"ImageObject","@id":"https:\/\/www.rucashk.com\/es\/producto\/meizu-hd60-bluetooth-headphones\/#authorImage","url":"https:\/\/secure.gravatar.com\/avatar\/b7c8925b09a27e72b30232f8ecaadbd5af0f70a38c78096863fe51b64f031c24?s=96&d=mm&r=g","width":96,"height":96,"caption":"admin"}},{"@type":"WebPage","@id":"https:\/\/www.rucashk.com\/es\/producto\/meizu-hd60-bluetooth-headphones\/#webpage","url":"https:\/\/www.rucashk.com\/es\/producto\/meizu-hd60-bluetooth-headphones\/","name":"Meizu HD60 Bluetooth Headphones - Rucas - Wholesale and Distribution","description":"Main Features: \u25cf High Quality Stainless steel sliding structure, it is durable, rigid and comfortable to wear. The earmuffs are made of protein skin leather which is comfortable even for pro-longed usage. \u25cf 40mm Bio-diaphragm Comes with a 40mm bio-diaphragm super-sounding unit and has an independent back cavity which raises the output of the low-frequency sound. It also comes with a Hi-Res certification for an immersive sound experience. \u25cf USB Type-C Port USB Type-C port that supports for wired audio connection. \u25cf Bluetooth 5.0 Supports Bluetooth 5.0 and comes with aptX codec. \u25cf Touch-enable Control Mechanism Comes with touch-enable control mechanism and has voice assistant support to make the controlling easier. \u25cf cVc Dual-mode Noise Reduction Meizu HD60 is with cVc dual-mode noise reduction technology that ensure a noise-free audio experience. \u25cf 500mAh Battery Can run for around 25 hours on a single charge.","inLanguage":"es-ES","isPartOf":{"@id":"https:\/\/www.rucashk.com\/es\/#website"},"breadcrumb":{"@id":"https:\/\/www.rucashk.com\/es\/producto\/meizu-hd60-bluetooth-headphones\/#breadcrumblist"},"author":{"@id":"https:\/\/www.rucashk.com\/es\/author\/admin\/#author"},"creator":{"@id":"https:\/\/www.rucashk.com\/es\/author\/admin\/#author"},"image":{"@type":"ImageObject","url":"https:\/\/www.rucashk.com\/wp-content\/uploads\/2024\/01\/MEIZU-HD60-Bluetooth-Headphones.jpg","@id":"https:\/\/www.rucashk.com\/es\/producto\/meizu-hd60-bluetooth-headphones\/#mainImage","width":800,"height":800},"primaryImageOfPage":{"@id":"https:\/\/www.rucashk.com\/es\/producto\/meizu-hd60-bluetooth-headphones\/#mainImage"},"datePublished":"2024-01-09T15:57:49+00:00","dateModified":"2024-03-11T06:42:27+00:00"},{"@type":"WebSite","@id":"https:\/\/www.rucashk.com\/es\/#website","url":"https:\/\/www.rucashk.com\/es\/","name":"Rucas - Wholesale and distribution worldwide","alternateName":"Rucas - One-stop AIoT Distribution Worldwide","description":"One-stop AIoT Distribution Worldwide","inLanguage":"es-ES","publisher":{"@id":"https:\/\/www.rucashk.com\/es\/#organization"}}]}},"aioseo_meta_data":{"post_id":"23779","title":null,"description":null,"keywords":null,"keyphrases":null,"primary_term":null,"canonical_url":null,"og_title":null,"og_description":null,"og_object_type":"default","og_image_type":"default","og_image_url":null,"og_image_width":null,"og_image_height":null,"og_image_custom_url":null,"og_image_custom_fields":null,"og_video":null,"og_custom_url":null,"og_article_section":null,"og_article_tags":null,"twitter_use_og":false,"twitter_card":"default","twitter_image_type":"default","twitter_image_url":null,"twitter_image_custom_url":null,"twitter_image_custom_fields":null,"twitter_title":null,"twitter_description":null,"schema":{"blockGraphs":[],"customGraphs":[],"default":{"data":{"Article":[],"Course":[],"Dataset":[],"FAQPage":[],"Movie":[],"Person":[],"Product":[],"Recipe":[],"Service":[],"SoftwareApplication":[],"WebPage":[]},"graphName":"","isEnabled":true},"graphs":[]},"schema_type":"default","schema_type_options":null,"pillar_content":false,"robots_default":true,"robots_noindex":false,"robots_noarchive":false,"robots_nosnippet":false,"robots_nofollow":false,"robots_noimageindex":false,"robots_noodp":false,"robots_notranslate":false,"robots_max_snippet":null,"robots_max_videopreview":null,"robots_max_imagepreview":"large","priority":null,"frequency":null,"local_seo":null,"breadcrumb_settings":null,"limit_modified_date":false,"created":"2024-04-11 01:57:06","updated":"2025-06-22 17:15:05"},"aioseo_breadcrumb":"<div class=\"aioseo-breadcrumbs\"><span class=\"aioseo-breadcrumb\">\n\t<a href=\"https:\/\/www.rucashk.com\/es\" title=\"Home\">Home<\/a>\n<\/span><span class=\"aioseo-breadcrumb-separator\">&raquo;<\/span><span class=\"aioseo-breadcrumb\">\n\t<a href=\"https:\/\/www.rucashk.com\/es\/products\/\" title=\"Productos\">Productos<\/a>\n<\/span><span class=\"aioseo-breadcrumb-separator\">&raquo;<\/span><span class=\"aioseo-breadcrumb\">\n\t<a href=\"https:\/\/www.rucashk.com\/es\/categoria-producto\/mobile-phone\/\" title=\"Mobile Phone\">Mobile Phone<\/a>\n<\/span><span class=\"aioseo-breadcrumb-separator\">&raquo;<\/span><span class=\"aioseo-breadcrumb\">\n\tMeizu HD60 Bluetooth Headphones\n<\/span><\/div>","aioseo_breadcrumb_json":[{"label":"Home","link":"https:\/\/www.rucashk.com\/es"},{"label":"Productos","link":"https:\/\/www.rucashk.com\/es\/products\/"},{"label":"Mobile Phone","link":"https:\/\/www.rucashk.com\/es\/categoria-producto\/mobile-phone\/"},{"label":"Meizu HD60 Bluetooth Headphones","link":"https:\/\/www.rucashk.com\/es\/producto\/meizu-hd60-bluetooth-headphones\/"}],"_links":{"self":[{"href":"https:\/\/www.rucashk.com\/es\/wp-json\/wp\/v2\/product\/23779","targetHints":{"allow":["GET"]}}],"collection":[{"href":"https:\/\/www.rucashk.com\/es\/wp-json\/wp\/v2\/product"}],"about":[{"href":"https:\/\/www.rucashk.com\/es\/wp-json\/wp\/v2\/types\/product"}],"wp:featuredmedia":[{"embeddable":true,"href":"https:\/\/www.rucashk.com\/es\/wp-json\/wp\/v2\/media\/23903"}],"wp:attachment":[{"href":"https:\/\/www.rucashk.com\/es\/wp-json\/wp\/v2\/media?parent=23779"}],"wp:term":[{"taxonomy":"product_brand","embeddable":true,"href":"https:\/\/www.rucashk.com\/es\/wp-json\/wp\/v2\/product_brand?post=23779"},{"taxonomy":"product_cat","embeddable":true,"href":"https:\/\/www.rucashk.com\/es\/wp-json\/wp\/v2\/product_cat?post=23779"},{"taxonomy":"product_tag","embeddable":true,"href":"https:\/\/www.rucashk.com\/es\/wp-json\/wp\/v2\/product_tag?post=23779"}],"curies":[{"name":"wp","href":"https:\/\/api.w.org\/{rel}","templated":true}]}}