{"id":23733,"date":"2024-01-09T15:57:25","date_gmt":"2024-01-09T15:57:25","guid":{"rendered":"http:\/\/rucashk.com\/?post_type=product&#038;p=23733"},"modified":"2024-01-20T10:23:58","modified_gmt":"2024-01-20T10:23:58","slug":"xiaomi-mijia-mosquito-repellent-killer","status":"publish","type":"product","link":"https:\/\/www.rucashk.com\/es\/producto\/xiaomi-mijia-mosquito-repellent-killer\/","title":{"rendered":"Asesino repelente de mosquitos Xiaomi Mijia"},"content":{"rendered":"<div><img decoding=\"async\" src=\"https:\/\/www.rucashk.com\/wp-content\/uploads\/2020\/07\/HTB1DFkkX8v0gK0jSZKbq6zK2FXas.jpg\" alt=\"New Xiaomi Mijia Mosquito Repellent Killer basic version No Heating Fan Drive Portable Insect Repeller Timing Function Repellent (10)\" \/><img decoding=\"async\" src=\"https:\/\/www.rucashk.com\/wp-content\/uploads\/2020\/07\/HTB1iy3iX1P2gK0jSZFoq6yuIVXaZ.jpg\" alt=\"New Xiaomi Mijia Mosquito Repellent Killer basic version No Heating Fan Drive Portable Insect Repeller Timing Function Repellent (5)\" \/><img decoding=\"async\" src=\"https:\/\/www.rucashk.com\/wp-content\/uploads\/2020\/07\/HTB1qfMiX1L2gK0jSZPhq6yhvXXar.jpg\" alt=\"New Xiaomi Mijia Mosquito Repellent Killer basic version No Heating Fan Drive Portable Insect Repeller Timing Function Repellent (9)\" \/><img decoding=\"async\" src=\"https:\/\/www.rucashk.com\/wp-content\/uploads\/2020\/07\/HTB14IciX7T2gK0jSZFkq6AIQFXal.jpg\" alt=\"New Xiaomi Mijia Mosquito Repellent Killer basic version No Heating Fan Drive Portable Insect Repeller Timing Function Repellent (7)\" \/><img decoding=\"async\" src=\"https:\/\/www.rucashk.com\/wp-content\/uploads\/2020\/07\/HTB1e6MfXWL7gK0jSZFBq6xZZpXaj.jpg\" alt=\"New Xiaomi Mijia Mosquito Repellent Killer basic version No Heating Fan Drive Portable Insect Repeller Timing Function Repellent (3)\" \/><img decoding=\"async\" src=\"https:\/\/www.rucashk.com\/wp-content\/uploads\/2020\/07\/HTB1_xIiX1H2gK0jSZFEq6AqMpXaK.jpg\" alt=\"New Xiaomi Mijia Mosquito Repellent Killer basic version No Heating Fan Drive Portable Insect Repeller Timing Function Repellent (4)\" \/><img decoding=\"async\" src=\"https:\/\/www.rucashk.com\/wp-content\/uploads\/2020\/07\/HTB1yNMiX1H2gK0jSZFEq6AqMpXam.jpg\" alt=\"New Xiaomi Mijia Mosquito Repellent Killer basic version No Heating Fan Drive Portable Insect Repeller Timing Function Repellent (6)\" \/><img decoding=\"async\" src=\"https:\/\/www.rucashk.com\/wp-content\/uploads\/2020\/07\/HTB15y3iX1P2gK0jSZFoq6yuIVXaU.jpg\" alt=\"New Xiaomi Mijia Mosquito Repellent Killer basic version No Heating Fan Drive Portable Insect Repeller Timing Function Repellent (8)\" \/><\/div>\n<div><\/div>\n<div><img decoding=\"async\" src=\"https:\/\/www.rucashk.com\/wp-content\/uploads\/2020\/07\/HTB1ql7jXYH1gK0jSZFwq6A7aXXaT.jpg\" alt=\"New Xiaomi Mijia Mosquito Repellent Killer basic version No Heating Fan Drive Portable Insect Repeller Timing Function Repellent (11)\" \/><img decoding=\"async\" src=\"https:\/\/www.rucashk.com\/wp-content\/uploads\/2020\/07\/HTB1YRofXVY7gK0jSZKzq6yikpXaK.jpg\" alt=\"New Xiaomi Mijia Mosquito Repellent Killer basic version No Heating Fan Drive Portable Insect Repeller Timing Function Repellent (1)\" \/><img decoding=\"async\" src=\"https:\/\/www.rucashk.com\/wp-content\/uploads\/2020\/07\/HTB1u6oiX1L2gK0jSZFmq6A7iXXay.jpg\" alt=\"New Xiaomi Mijia Mosquito Repellent Killer basic version No Heating Fan Drive Portable Insect Repeller Timing Function Repellent (2)\" \/><\/div>\n<div><img decoding=\"async\" src=\"https:\/\/www.rucashk.com\/wp-content\/uploads\/2020\/07\/HTB1m8dKXoGF3KVjSZFoq6zmpFXa9.jpg\" alt=\"\u5fae\u4fe1\u56fe\u7247_20190517193737\" \/><img decoding=\"async\" src=\"https:\/\/www.rucashk.com\/wp-content\/uploads\/2020\/07\/HTB1VA4KXoWF3KVjSZPhq6xclXXat.jpg\" alt=\"\u5fae\u4fe1\u56fe\u7247_20190517193747\" \/><img decoding=\"async\" src=\"https:\/\/www.rucashk.com\/wp-content\/uploads\/2020\/07\/HTB1KipLXliE3KVjSZFMq6zQhVXaw.jpg\" alt=\"\u5fae\u4fe1\u56fe\u7247_20190517193755\" \/><\/div>\n<div>\n<div><strong>Voltaje:<\/strong>3.0V Potencia nominal 0.06W<\/div>\n<div><strong>Tama\u00f1o :<\/strong>96,5 mm x 96,5 mm x 52,7 mm \/ 3,80 \u2033 x 3,80 \u2033 x 2,07 \u2033<\/div>\n<div data-spm-anchor-id=\"2114.12057483.0.i8.21c47c94dopkgh\"><strong>Peso:<\/strong>133 g\/PC Material PP+ ABS (la parte inferior est\u00e1 hecha de silicona org\u00e1nica de alta calidad)<\/div>\n<\/div>","protected":false},"excerpt":{"rendered":"<div><strong>Funciones Caracter\u00edstica principal:<\/strong><\/div>\n<div>El peque\u00f1o ventilador integrado se volatiliza, no necesita calefacci\u00f3n, no es necesario enchufarlo. (puede colocarlo en cualquier lugar que desee) Configuraci\u00f3n de sincronizaci\u00f3n con un bot\u00f3n, configuraci\u00f3n de sincronizaci\u00f3n de diez horas Uso f\u00e1cil y r\u00e1pido para el hogar Ahorro total de energ\u00eda, m\u00e1s de 90 d\u00edas de uso en una sola vez \u00c1rea efectiva \u226428m\u22833; Casa o cualquier habitaci\u00f3n que desee (si su casa es m\u00e1s grande que eso, puede comprar dos o m\u00e1s Mijia Mosquito Killer para usar) C\u00f3mo utilizar presione la palma de la mano y gire en el sentido contrario a las agujas del reloj (tan simple como desee)<\/div>\n<div><strong>Poder por:<\/strong>Bater\u00eda AA (no incluida)<\/div>\n<div data-spm-anchor-id=\"2114.12057483.0.i4.21c47c94dopkgh\"><strong>Tiempo de trabajo:\u00a0<\/strong>M\u00e1s de 90 d\u00edas<\/div>","protected":false},"featured_media":23850,"template":"","meta":[],"product_brand":[],"product_cat":[1318,1305],"product_tag":[948],"class_list":{"0":"post-23733","1":"product","2":"type-product","3":"status-publish","4":"has-post-thumbnail","6":"product_cat-gadgets","7":"product_cat-xiaomi-eco","8":"product_tag-xiaomi-mijia-mosquito-repellent-killer","10":"first","11":"instock","12":"shipping-taxable","13":"product-type-external"},"aioseo_notices":[],"aioseo_head":"\n\t\t<!-- All in One SEO Pro 4.5.9.2 - aioseo.com -->\n\t\t<meta name=\"description\" content=\"Functions Main Feature: Built-in Little Fan Drive Volatilize,No Need Heating No Need Plug into. (you can place it in anywhere you like) One Button Timing Setting, Ten Hours Timing Setting Easy &amp; Fast Using for Home Total Energy Saving, More than 90 days using in one Time Effective Area \u226428m\u22833; House or Any Room You Like (if you house is bigger than that, you can buy two or more mijia Mosquito Killer for using) How to use use your palm press and anti-clockwise rotate ( simple as you want ) Power By:AA Battery ( Not Included ) Working Time: More than 90 days\" \/>\n\t\t<meta name=\"robots\" content=\"max-image-preview:large\" \/>\n\t\t<link rel=\"canonical\" href=\"https:\/\/www.rucashk.com\/es\/producto\/xiaomi-mijia-mosquito-repellent-killer\/\" \/>\n\t\t<meta name=\"generator\" content=\"All in One SEO Pro (AIOSEO) 4.5.9.2\" \/>\n\t\t<meta property=\"og:locale\" content=\"es_ES\" \/>\n\t\t<meta property=\"og:site_name\" content=\"Rucas - One-stop AIoT Distribution Worldwide\" \/>\n\t\t<meta property=\"og:type\" content=\"article\" \/>\n\t\t<meta property=\"og:title\" content=\"Xiaomi Mijia Mosquito Repellent Killer - Rucas - Wholesale and Distribution\" \/>\n\t\t<meta property=\"og:description\" content=\"Functions Main Feature: Built-in Little Fan Drive Volatilize,No Need Heating No Need Plug into. (you can place it in anywhere you like) One Button Timing Setting, Ten Hours Timing Setting Easy &amp; Fast Using for Home Total Energy Saving, More than 90 days using in one Time Effective Area \u226428m\u22833; House or Any Room You Like (if you house is bigger than that, you can buy two or more mijia Mosquito Killer for using) How to use use your palm press and anti-clockwise rotate ( simple as you want ) Power By:AA Battery ( Not Included ) Working Time: More than 90 days\" \/>\n\t\t<meta property=\"og:url\" content=\"https:\/\/www.rucashk.com\/es\/producto\/xiaomi-mijia-mosquito-repellent-killer\/\" \/>\n\t\t<meta property=\"og:image\" content=\"https:\/\/www.rucashk.com\/wp-content\/uploads\/replace\/503b8e645f128a97ccde2b6290747646.jpeg\" \/>\n\t\t<meta property=\"og:image:secure_url\" content=\"https:\/\/www.rucashk.com\/wp-content\/uploads\/replace\/503b8e645f128a97ccde2b6290747646.jpeg\" \/>\n\t\t<meta property=\"og:image:width\" content=\"1456\" \/>\n\t\t<meta property=\"og:image:height\" content=\"816\" \/>\n\t\t<meta property=\"article:published_time\" content=\"2024-01-09T15:57:25+00:00\" \/>\n\t\t<meta property=\"article:modified_time\" content=\"2024-01-20T10:23:58+00:00\" \/>\n\t\t<meta name=\"twitter:card\" content=\"summary_large_image\" \/>\n\t\t<meta name=\"twitter:title\" content=\"Xiaomi Mijia Mosquito Repellent Killer - Rucas - Wholesale and Distribution\" \/>\n\t\t<meta name=\"twitter:description\" content=\"Functions Main Feature: Built-in Little Fan Drive Volatilize,No Need Heating No Need Plug into. (you can place it in anywhere you like) One Button Timing Setting, Ten Hours Timing Setting Easy &amp; Fast Using for Home Total Energy Saving, More than 90 days using in one Time Effective Area \u226428m\u22833; House or Any Room You Like (if you house is bigger than that, you can buy two or more mijia Mosquito Killer for using) How to use use your palm press and anti-clockwise rotate ( simple as you want ) Power By:AA Battery ( Not Included ) Working Time: More than 90 days\" \/>\n\t\t<meta name=\"twitter:image\" content=\"https:\/\/www.rucashk.com\/wp-content\/uploads\/replace\/503b8e645f128a97ccde2b6290747646.jpeg\" \/>\n\t\t<script type=\"application\/ld+json\" class=\"aioseo-schema\">\n\t\t\t{\"@context\":\"https:\\\/\\\/schema.org\",\"@graph\":[{\"@type\":\"BreadcrumbList\",\"@id\":\"https:\\\/\\\/www.rucashk.com\\\/es\\\/producto\\\/xiaomi-mijia-mosquito-repellent-killer\\\/#breadcrumblist\",\"itemListElement\":[{\"@type\":\"ListItem\",\"@id\":\"https:\\\/\\\/www.rucashk.com\\\/es\\\/#listItem\",\"position\":1,\"name\":\"Home\",\"item\":\"https:\\\/\\\/www.rucashk.com\\\/es\\\/\",\"nextItem\":\"https:\\\/\\\/www.rucashk.com\\\/es\\\/producto\\\/xiaomi-mijia-mosquito-repellent-killer\\\/#listItem\"},{\"@type\":\"ListItem\",\"@id\":\"https:\\\/\\\/www.rucashk.com\\\/es\\\/producto\\\/xiaomi-mijia-mosquito-repellent-killer\\\/#listItem\",\"position\":2,\"name\":\"Xiaomi Mijia Mosquito Repellent Killer\",\"previousItem\":\"https:\\\/\\\/www.rucashk.com\\\/es\\\/#listItem\"}]},{\"@type\":\"Organization\",\"@id\":\"https:\\\/\\\/www.rucashk.com\\\/es\\\/#organization\",\"name\":\"Rucas\",\"url\":\"https:\\\/\\\/www.rucashk.com\\\/es\\\/\",\"logo\":{\"@type\":\"ImageObject\",\"url\":\"https:\\\/\\\/www.rucashk.com\\\/wp-content\\\/uploads\\\/2023\\\/12\\\/Rucas_campany_logo.png\",\"@id\":\"https:\\\/\\\/www.rucashk.com\\\/es\\\/producto\\\/xiaomi-mijia-mosquito-repellent-killer\\\/#organizationLogo\",\"width\":221,\"height\":65},\"image\":{\"@id\":\"https:\\\/\\\/www.rucashk.com\\\/es\\\/#organizationLogo\"}},{\"@type\":\"Person\",\"@id\":\"https:\\\/\\\/www.rucashk.com\\\/es\\\/author\\\/admin\\\/#author\",\"url\":\"https:\\\/\\\/www.rucashk.com\\\/es\\\/author\\\/admin\\\/\",\"name\":\"admin\",\"image\":{\"@type\":\"ImageObject\",\"@id\":\"https:\\\/\\\/www.rucashk.com\\\/es\\\/producto\\\/xiaomi-mijia-mosquito-repellent-killer\\\/#authorImage\",\"url\":\"https:\\\/\\\/secure.gravatar.com\\\/avatar\\\/b7c8925b09a27e72b30232f8ecaadbd5af0f70a38c78096863fe51b64f031c24?s=96&d=mm&r=g\",\"width\":96,\"height\":96,\"caption\":\"admin\"}},{\"@type\":\"WebPage\",\"@id\":\"https:\\\/\\\/www.rucashk.com\\\/es\\\/producto\\\/xiaomi-mijia-mosquito-repellent-killer\\\/#webpage\",\"url\":\"https:\\\/\\\/www.rucashk.com\\\/es\\\/producto\\\/xiaomi-mijia-mosquito-repellent-killer\\\/\",\"name\":\"Xiaomi Mijia Mosquito Repellent Killer - Rucas - Wholesale and Distribution\",\"description\":\"Functions Main Feature: Built-in Little Fan Drive Volatilize,No Need Heating No Need Plug into. (you can place it in anywhere you like) One Button Timing Setting, Ten Hours Timing Setting Easy & Fast Using for Home Total Energy Saving, More than 90 days using in one Time Effective Area \\u226428m\\u22833; House or Any Room You Like (if you house is bigger than that, you can buy two or more mijia Mosquito Killer for using) How to use use your palm press and anti-clockwise rotate ( simple as you want ) Power By:AA Battery ( Not Included ) Working Time: More than 90 days\",\"inLanguage\":\"es-ES\",\"isPartOf\":{\"@id\":\"https:\\\/\\\/www.rucashk.com\\\/es\\\/#website\"},\"breadcrumb\":{\"@id\":\"https:\\\/\\\/www.rucashk.com\\\/es\\\/producto\\\/xiaomi-mijia-mosquito-repellent-killer\\\/#breadcrumblist\"},\"author\":{\"@id\":\"https:\\\/\\\/www.rucashk.com\\\/es\\\/author\\\/admin\\\/#author\"},\"creator\":{\"@id\":\"https:\\\/\\\/www.rucashk.com\\\/es\\\/author\\\/admin\\\/#author\"},\"image\":{\"@type\":\"ImageObject\",\"url\":\"https:\\\/\\\/www.rucashk.com\\\/wp-content\\\/uploads\\\/2024\\\/01\\\/New-Xiaomi-Mijia-Mosquito-Repellent-Killer-basic-version-No-Heating-Fan-Drive-Portable-Insect-Repeller-Timing.jpg_q50-1.jpg\",\"@id\":\"https:\\\/\\\/www.rucashk.com\\\/es\\\/producto\\\/xiaomi-mijia-mosquito-repellent-killer\\\/#mainImage\",\"width\":800,\"height\":800},\"primaryImageOfPage\":{\"@id\":\"https:\\\/\\\/www.rucashk.com\\\/es\\\/producto\\\/xiaomi-mijia-mosquito-repellent-killer\\\/#mainImage\"},\"datePublished\":\"2024-01-09T15:57:25+00:00\",\"dateModified\":\"2024-01-20T10:23:58+00:00\"},{\"@type\":\"WebSite\",\"@id\":\"https:\\\/\\\/www.rucashk.com\\\/es\\\/#website\",\"url\":\"https:\\\/\\\/www.rucashk.com\\\/es\\\/\",\"name\":\"Rucas - Wholesale and distribution worldwide\",\"alternateName\":\"Rucas - One-stop AIoT Distribution Worldwide\",\"description\":\"One-stop AIoT Distribution Worldwide\",\"inLanguage\":\"es-ES\",\"publisher\":{\"@id\":\"https:\\\/\\\/www.rucashk.com\\\/es\\\/#organization\"}}]}\n\t\t<\/script>\n\t\t<!-- All in One SEO Pro -->\r\n\t\t<title>Xiaomi Mijia Mosquito Repellent Killer - Rucas - Wholesale and Distribution<\/title>\n\n","aioseo_head_json":{"title":"Xiaomi Mijia Mosquito Repellent Killer - Rucas - Wholesale and Distribution","description":"Functions Main Feature: Built-in Little Fan Drive Volatilize,No Need Heating No Need Plug into. (you can place it in anywhere you like) One Button Timing Setting, Ten Hours Timing Setting Easy & Fast Using for Home Total Energy Saving, More than 90 days using in one Time Effective Area \u226428m\u22833; House or Any Room You Like (if you house is bigger than that, you can buy two or more mijia Mosquito Killer for using) How to use use your palm press and anti-clockwise rotate ( simple as you want ) Power By:AA Battery ( Not Included ) Working Time: More than 90 days","canonical_url":"https:\/\/www.rucashk.com\/es\/producto\/xiaomi-mijia-mosquito-repellent-killer\/","robots":"max-image-preview:large","keywords":"","webmasterTools":{"miscellaneous":""},"og:locale":"es_ES","og:site_name":"Rucas - One-stop AIoT Distribution Worldwide","og:type":"article","og:title":"Xiaomi Mijia Mosquito Repellent Killer - Rucas - Wholesale and Distribution","og:description":"Functions Main Feature: Built-in Little Fan Drive Volatilize,No Need Heating No Need Plug into. (you can place it in anywhere you like) One Button Timing Setting, Ten Hours Timing Setting Easy &amp; Fast Using for Home Total Energy Saving, More than 90 days using in one Time Effective Area \u226428m\u22833; House or Any Room You Like (if you house is bigger than that, you can buy two or more mijia Mosquito Killer for using) How to use use your palm press and anti-clockwise rotate ( simple as you want ) Power By:AA Battery ( Not Included ) Working Time: More than 90 days","og:url":"https:\/\/www.rucashk.com\/es\/producto\/xiaomi-mijia-mosquito-repellent-killer\/","og:image":"https:\/\/www.rucashk.com\/wp-content\/uploads\/replace\/503b8e645f128a97ccde2b6290747646.jpeg","og:image:secure_url":"https:\/\/www.rucashk.com\/wp-content\/uploads\/replace\/503b8e645f128a97ccde2b6290747646.jpeg","og:image:width":1456,"og:image:height":816,"article:published_time":"2024-01-09T15:57:25+00:00","article:modified_time":"2024-01-20T10:23:58+00:00","twitter:card":"summary_large_image","twitter:title":"Xiaomi Mijia Mosquito Repellent Killer - Rucas - Wholesale and Distribution","twitter:description":"Functions Main Feature: Built-in Little Fan Drive Volatilize,No Need Heating No Need Plug into. (you can place it in anywhere you like) One Button Timing Setting, Ten Hours Timing Setting Easy &amp; Fast Using for Home Total Energy Saving, More than 90 days using in one Time Effective Area \u226428m\u22833; House or Any Room You Like (if you house is bigger than that, you can buy two or more mijia Mosquito Killer for using) How to use use your palm press and anti-clockwise rotate ( simple as you want ) Power By:AA Battery ( Not Included ) Working Time: More than 90 days","twitter:image":"https:\/\/www.rucashk.com\/wp-content\/uploads\/replace\/503b8e645f128a97ccde2b6290747646.jpeg","schema":{"@context":"https:\/\/schema.org","@graph":[{"@type":"BreadcrumbList","@id":"https:\/\/www.rucashk.com\/es\/producto\/xiaomi-mijia-mosquito-repellent-killer\/#breadcrumblist","itemListElement":[{"@type":"ListItem","@id":"https:\/\/www.rucashk.com\/es\/#listItem","position":1,"name":"Home","item":"https:\/\/www.rucashk.com\/es\/","nextItem":"https:\/\/www.rucashk.com\/es\/producto\/xiaomi-mijia-mosquito-repellent-killer\/#listItem"},{"@type":"ListItem","@id":"https:\/\/www.rucashk.com\/es\/producto\/xiaomi-mijia-mosquito-repellent-killer\/#listItem","position":2,"name":"Xiaomi Mijia Mosquito Repellent Killer","previousItem":"https:\/\/www.rucashk.com\/es\/#listItem"}]},{"@type":"Organization","@id":"https:\/\/www.rucashk.com\/es\/#organization","name":"Rucas","url":"https:\/\/www.rucashk.com\/es\/","logo":{"@type":"ImageObject","url":"https:\/\/www.rucashk.com\/wp-content\/uploads\/2023\/12\/Rucas_campany_logo.png","@id":"https:\/\/www.rucashk.com\/es\/producto\/xiaomi-mijia-mosquito-repellent-killer\/#organizationLogo","width":221,"height":65},"image":{"@id":"https:\/\/www.rucashk.com\/es\/#organizationLogo"}},{"@type":"Person","@id":"https:\/\/www.rucashk.com\/es\/author\/admin\/#author","url":"https:\/\/www.rucashk.com\/es\/author\/admin\/","name":"admin","image":{"@type":"ImageObject","@id":"https:\/\/www.rucashk.com\/es\/producto\/xiaomi-mijia-mosquito-repellent-killer\/#authorImage","url":"https:\/\/secure.gravatar.com\/avatar\/b7c8925b09a27e72b30232f8ecaadbd5af0f70a38c78096863fe51b64f031c24?s=96&d=mm&r=g","width":96,"height":96,"caption":"admin"}},{"@type":"WebPage","@id":"https:\/\/www.rucashk.com\/es\/producto\/xiaomi-mijia-mosquito-repellent-killer\/#webpage","url":"https:\/\/www.rucashk.com\/es\/producto\/xiaomi-mijia-mosquito-repellent-killer\/","name":"Xiaomi Mijia Mosquito Repellent Killer - Rucas - Wholesale and Distribution","description":"Functions Main Feature: Built-in Little Fan Drive Volatilize,No Need Heating No Need Plug into. (you can place it in anywhere you like) One Button Timing Setting, Ten Hours Timing Setting Easy & Fast Using for Home Total Energy Saving, More than 90 days using in one Time Effective Area \u226428m\u22833; House or Any Room You Like (if you house is bigger than that, you can buy two or more mijia Mosquito Killer for using) How to use use your palm press and anti-clockwise rotate ( simple as you want ) Power By:AA Battery ( Not Included ) Working Time: More than 90 days","inLanguage":"es-ES","isPartOf":{"@id":"https:\/\/www.rucashk.com\/es\/#website"},"breadcrumb":{"@id":"https:\/\/www.rucashk.com\/es\/producto\/xiaomi-mijia-mosquito-repellent-killer\/#breadcrumblist"},"author":{"@id":"https:\/\/www.rucashk.com\/es\/author\/admin\/#author"},"creator":{"@id":"https:\/\/www.rucashk.com\/es\/author\/admin\/#author"},"image":{"@type":"ImageObject","url":"https:\/\/www.rucashk.com\/wp-content\/uploads\/2024\/01\/New-Xiaomi-Mijia-Mosquito-Repellent-Killer-basic-version-No-Heating-Fan-Drive-Portable-Insect-Repeller-Timing.jpg_q50-1.jpg","@id":"https:\/\/www.rucashk.com\/es\/producto\/xiaomi-mijia-mosquito-repellent-killer\/#mainImage","width":800,"height":800},"primaryImageOfPage":{"@id":"https:\/\/www.rucashk.com\/es\/producto\/xiaomi-mijia-mosquito-repellent-killer\/#mainImage"},"datePublished":"2024-01-09T15:57:25+00:00","dateModified":"2024-01-20T10:23:58+00:00"},{"@type":"WebSite","@id":"https:\/\/www.rucashk.com\/es\/#website","url":"https:\/\/www.rucashk.com\/es\/","name":"Rucas - Wholesale and distribution worldwide","alternateName":"Rucas - One-stop AIoT Distribution Worldwide","description":"One-stop AIoT Distribution Worldwide","inLanguage":"es-ES","publisher":{"@id":"https:\/\/www.rucashk.com\/es\/#organization"}}]}},"aioseo_meta_data":{"post_id":"23733","title":null,"description":null,"keywords":null,"keyphrases":null,"primary_term":null,"canonical_url":null,"og_title":null,"og_description":null,"og_object_type":"default","og_image_type":"default","og_image_url":null,"og_image_width":null,"og_image_height":null,"og_image_custom_url":null,"og_image_custom_fields":null,"og_video":null,"og_custom_url":null,"og_article_section":null,"og_article_tags":null,"twitter_use_og":false,"twitter_card":"default","twitter_image_type":"default","twitter_image_url":null,"twitter_image_custom_url":null,"twitter_image_custom_fields":null,"twitter_title":null,"twitter_description":null,"schema":{"blockGraphs":[],"customGraphs":[],"default":{"data":{"Article":[],"Course":[],"Dataset":[],"FAQPage":[],"Movie":[],"Person":[],"Product":[],"Recipe":[],"Service":[],"SoftwareApplication":[],"WebPage":[]},"graphName":"","isEnabled":true},"graphs":[]},"schema_type":"default","schema_type_options":null,"pillar_content":false,"robots_default":true,"robots_noindex":false,"robots_noarchive":false,"robots_nosnippet":false,"robots_nofollow":false,"robots_noimageindex":false,"robots_noodp":false,"robots_notranslate":false,"robots_max_snippet":null,"robots_max_videopreview":null,"robots_max_imagepreview":"large","priority":null,"frequency":null,"local_seo":null,"breadcrumb_settings":null,"limit_modified_date":false,"created":"2024-04-11 01:57:06","updated":"2025-06-22 17:14:19"},"aioseo_breadcrumb":"<div class=\"aioseo-breadcrumbs\"><span class=\"aioseo-breadcrumb\">\n\t<a href=\"https:\/\/www.rucashk.com\/es\" title=\"Home\">Home<\/a>\n<\/span><span class=\"aioseo-breadcrumb-separator\">&raquo;<\/span><span class=\"aioseo-breadcrumb\">\n\t<a href=\"https:\/\/www.rucashk.com\/es\/products\/\" title=\"Productos\">Productos<\/a>\n<\/span><span class=\"aioseo-breadcrumb-separator\">&raquo;<\/span><span class=\"aioseo-breadcrumb\">\n\t<a href=\"https:\/\/www.rucashk.com\/es\/categoria-producto\/xiaomi-eco\/\" title=\"Xiaomi Eco\">Xiaomi Eco<\/a>\n<\/span><span class=\"aioseo-breadcrumb-separator\">&raquo;<\/span><span class=\"aioseo-breadcrumb\">\n\t<a href=\"https:\/\/www.rucashk.com\/es\/categoria-producto\/xiaomi-eco\/gadgets\/\" title=\"Gadgets\">Gadgets<\/a>\n<\/span><span class=\"aioseo-breadcrumb-separator\">&raquo;<\/span><span class=\"aioseo-breadcrumb\">\n\tXiaomi Mijia Mosquito Repellent Killer\n<\/span><\/div>","aioseo_breadcrumb_json":[{"label":"Home","link":"https:\/\/www.rucashk.com\/es"},{"label":"Productos","link":"https:\/\/www.rucashk.com\/es\/products\/"},{"label":"Xiaomi Eco","link":"https:\/\/www.rucashk.com\/es\/categoria-producto\/xiaomi-eco\/"},{"label":"Gadgets","link":"https:\/\/www.rucashk.com\/es\/categoria-producto\/xiaomi-eco\/gadgets\/"},{"label":"Xiaomi Mijia Mosquito Repellent Killer","link":"https:\/\/www.rucashk.com\/es\/producto\/xiaomi-mijia-mosquito-repellent-killer\/"}],"_links":{"self":[{"href":"https:\/\/www.rucashk.com\/es\/wp-json\/wp\/v2\/product\/23733","targetHints":{"allow":["GET"]}}],"collection":[{"href":"https:\/\/www.rucashk.com\/es\/wp-json\/wp\/v2\/product"}],"about":[{"href":"https:\/\/www.rucashk.com\/es\/wp-json\/wp\/v2\/types\/product"}],"wp:featuredmedia":[{"embeddable":true,"href":"https:\/\/www.rucashk.com\/es\/wp-json\/wp\/v2\/media\/23850"}],"wp:attachment":[{"href":"https:\/\/www.rucashk.com\/es\/wp-json\/wp\/v2\/media?parent=23733"}],"wp:term":[{"taxonomy":"product_brand","embeddable":true,"href":"https:\/\/www.rucashk.com\/es\/wp-json\/wp\/v2\/product_brand?post=23733"},{"taxonomy":"product_cat","embeddable":true,"href":"https:\/\/www.rucashk.com\/es\/wp-json\/wp\/v2\/product_cat?post=23733"},{"taxonomy":"product_tag","embeddable":true,"href":"https:\/\/www.rucashk.com\/es\/wp-json\/wp\/v2\/product_tag?post=23733"}],"curies":[{"name":"wp","href":"https:\/\/api.w.org\/{rel}","templated":true}]}}