{"id":23657,"date":"2024-01-09T15:56:40","date_gmt":"2024-01-09T15:56:40","guid":{"rendered":"http:\/\/rucashk.com\/?post_type=product&#038;p=23657"},"modified":"2024-01-21T04:01:20","modified_gmt":"2024-01-21T04:01:20","slug":"xiaomi-mijia-internet-dishwasher-vdw0401m","status":"publish","type":"product","link":"https:\/\/www.rucashk.com\/es\/producto\/xiaomi-mijia-internet-dishwasher-vdw0401m\/","title":{"rendered":"Lavavajillas Internet Xiaomi Mijia (VDW0401M)"},"content":{"rendered":"<p><img fetchpriority=\"high\" decoding=\"async\" class=\"alignnone size-full wp-image-18123\" src=\"https:\/\/www.rucashk.com\/wp-content\/uploads\/2020\/07\/2d4b7411-1575-416e-bca0-8975b58cefda.jpg\" alt=\"\" width=\"1080\" height=\"1080\" \/><\/p>\n<p>En la parte superior del frente, hay una pantalla LED que muestra datos de operaciones en tiempo real. Adem\u00e1s, el lavavajillas dispone de una puerta que se puede abrir hacia fuera. Tambi\u00e9n imprime el logotipo de la marca en la superficie exterior.<\/p>\n<p>El chasis est\u00e1 fabricado firmemente con material de alta calidad, que es duradero y delicado al mismo tiempo. Junto con los 12,5 kg de peso, el lavavajillas Mijia VDW0401M mide 44,2\u00d746,15\u00d741,9 cm.<\/p>\n<h3>Sistema de limpieza dual<\/h3>\n<p>Bueno, el nuevo Xiaomi Internet DishWasher ofrece un sistema de limpieza de doble efecto de esterilizaci\u00f3n m\u00e1s desinfecci\u00f3n para obtener una tasa de esterilizaci\u00f3n de hasta 99.99%. Puede utilizar la m\u00e1quina para esterilizar, lavar platos, desinfectar y secar con fines de almacenamiento.<\/p>\n<p><img decoding=\"async\" class=\"alignnone size-full wp-image-18132\" src=\"https:\/\/www.rucashk.com\/wp-content\/uploads\/2020\/07\/d01b85f2-a026-4085-8153-dd75e811e432.jpg\" alt=\"\" width=\"1080\" height=\"1080\" \/><\/p>\n<h4>Sistema de pulverizaci\u00f3n<\/h4>\n<p>Adem\u00e1s, el dispositivo adopta el sistema de doble pulverizaci\u00f3n 6D. Tiene 6 tipos de rociado para brindarte una experiencia de lavado integral en todo momento. El sistema tiene una capacidad de carga de 4 juegos de vajilla, lo cual es bueno para una microfamilia.<\/p>\n<h4>Potencia del lavavajillas Internet Xiaomi Mijia<\/h4>\n<p>El lavavajillas Xiaomi Mijia consume 900 W de potencia junto con el voltaje de 220 V. Adem\u00e1s cuenta con una bater\u00eda recargable para funcionar de 90 a 120 minutos por carga. El tiempo de carga sigue siendo de 4 a 6 horas.<\/p>\n<p><img decoding=\"async\" class=\"alignnone size-full wp-image-18131\" src=\"https:\/\/www.rucashk.com\/wp-content\/uploads\/2020\/07\/af836029-6f55-4b7a-b632-9228646bb39f.jpg\" alt=\"\" width=\"1080\" height=\"1080\" \/><\/p>\n<h4>El consumo de agua<\/h4>\n<p>En cuanto a las necesidades de agua, el lavavajillas ofrece un lavado que ahorra energ\u00eda con un consumo de agua est\u00e1ndar de 5,3 litros. La presi\u00f3n del agua mide 0,04-0,4 MPA.<\/p>\n<h5>Control de lavavajillas por Internet Xiaomi Mijia<\/h5>\n<p>Adem\u00e1s del control de botones, el lavavajillas Xiaomi Mijia admite la aplicaci\u00f3n Mijia y el control por voz XiaoAI.<\/p>\n<table border=\"1\" cellpadding=\"5\">\n<tbody>\n<tr>\n<th>Especificaci\u00f3n<\/th>\n<td>Marca:\u00a0<strong>Mijia (marca de cooperaci\u00f3n Xiaomi)<\/strong><br \/>\nModelo:VDW0401M<br \/>\nM\u00e9todo de secado: secado con ventilador + secado a temperatura residual<br \/>\nM\u00e9todo de lavado: 6 tipos de pulverizaci\u00f3n<br \/>\nMetodo de instalacion:<br \/>\nCapacidad de carga de vajilla: 4 juegos.<br \/>\nConsumo de agua est\u00e1ndar: 5,3 l (lavado que ahorra energ\u00eda)<br \/>\nPresi\u00f3n de agua nominal: 0,04-0,4 MPa<br \/>\nM\u00e9todo de control: Control de bot\u00f3n<br \/>\nPotencia: 900W<br \/>\nVoltaje: 220V<br \/>\nFrecuencia: 50Hz<br \/>\nTiempo de carga: 4 \u2013 6 horas<br \/>\nTiempo de trabajo: 90 \u2013 120 minutos<\/td>\n<\/tr>\n<tr>\n<th>Dimensi\u00f3n<\/th>\n<td>Peso del producto: 12,5 kg<br \/>\nTama\u00f1o del producto: 44,2 x 46,15 x 41,9 cm<\/td>\n<\/tr>\n<\/tbody>\n<\/table>","protected":false},"excerpt":{"rendered":"<div>\n<p>\u25cf Limpieza de doble efecto de esterilizaci\u00f3n y desinfecci\u00f3n, tasa de esterilizaci\u00f3n de 99.99%<\/p>\n<\/div>\n<div>\n<p><span lang=\"EN-US\">\u25cf<\/span><span lang=\"EN-US\">\u00a0<\/span>Sistema de doble pulverizaci\u00f3n 6D<\/p>\n<\/div>\n<div>\n<p><span lang=\"EN-US\">\u25cf Admite la aplicaci\u00f3n Mijia y el control por voz Xiaoai<\/span><\/p>\n<\/div>\n<div>\n<p>\u25cf se puede utilizar para lavar platos, esterilizar, desinfectar, secar y almacenar<\/p>\n<\/div>\n<div>\n<p><span lang=\"EN-US\">\u25cf Instalaci\u00f3n gratuita en escritorio<\/span><\/p>\n<\/div>","protected":false},"featured_media":23800,"template":"","meta":[],"product_brand":[],"product_cat":[1341,1305],"product_tag":[939],"class_list":{"0":"post-23657","1":"product","2":"type-product","3":"status-publish","4":"has-post-thumbnail","6":"product_cat-others","7":"product_cat-xiaomi-eco","8":"product_tag-xiaomi-mijia-internet-dishwasher-vdw0401m","10":"first","11":"instock","12":"shipping-taxable","13":"product-type-external"},"aioseo_notices":[],"aioseo_head":"\n\t\t<!-- All in One SEO Pro 4.5.9.2 - aioseo.com -->\n\t\t<meta name=\"description\" content=\"\u25cf Sterilization&amp;disinfection dual-effect clean, 99.99% sterilization rate \u25cf 6D double spray system \u25cf Support Mijia APP and Xiaoai voice control \u25cf can be used for dishwashing, sterilization, disinfection, drying and storage \u25cf Desktop Free Installation\" \/>\n\t\t<meta name=\"robots\" content=\"max-image-preview:large\" \/>\n\t\t<link rel=\"canonical\" href=\"https:\/\/www.rucashk.com\/es\/producto\/xiaomi-mijia-internet-dishwasher-vdw0401m\/\" \/>\n\t\t<meta name=\"generator\" content=\"All in One SEO Pro (AIOSEO) 4.5.9.2\" \/>\n\t\t<meta property=\"og:locale\" content=\"es_ES\" \/>\n\t\t<meta property=\"og:site_name\" content=\"Rucas - One-stop AIoT Distribution Worldwide\" \/>\n\t\t<meta property=\"og:type\" content=\"article\" \/>\n\t\t<meta property=\"og:title\" content=\"Xiaomi Mijia Internet DishWasher (VDW0401M) - Rucas - Wholesale and Distribution\" \/>\n\t\t<meta property=\"og:description\" content=\"\u25cf Sterilization&amp;disinfection dual-effect clean, 99.99% sterilization rate \u25cf 6D double spray system \u25cf Support Mijia APP and Xiaoai voice control \u25cf can be used for dishwashing, sterilization, disinfection, drying and storage \u25cf Desktop Free Installation\" \/>\n\t\t<meta property=\"og:url\" content=\"https:\/\/www.rucashk.com\/es\/producto\/xiaomi-mijia-internet-dishwasher-vdw0401m\/\" \/>\n\t\t<meta property=\"og:image\" content=\"https:\/\/www.rucashk.com\/wp-content\/uploads\/replace\/503b8e645f128a97ccde2b6290747646.jpeg\" \/>\n\t\t<meta property=\"og:image:secure_url\" content=\"https:\/\/www.rucashk.com\/wp-content\/uploads\/replace\/503b8e645f128a97ccde2b6290747646.jpeg\" \/>\n\t\t<meta property=\"og:image:width\" content=\"1456\" \/>\n\t\t<meta property=\"og:image:height\" content=\"816\" \/>\n\t\t<meta property=\"article:published_time\" content=\"2024-01-09T15:56:40+00:00\" \/>\n\t\t<meta property=\"article:modified_time\" content=\"2024-01-21T04:01:20+00:00\" \/>\n\t\t<meta name=\"twitter:card\" content=\"summary_large_image\" \/>\n\t\t<meta name=\"twitter:title\" content=\"Xiaomi Mijia Internet DishWasher (VDW0401M) - Rucas - Wholesale and Distribution\" \/>\n\t\t<meta name=\"twitter:description\" content=\"\u25cf Sterilization&amp;disinfection dual-effect clean, 99.99% sterilization rate \u25cf 6D double spray system \u25cf Support Mijia APP and Xiaoai voice control \u25cf can be used for dishwashing, sterilization, disinfection, drying and storage \u25cf Desktop Free Installation\" \/>\n\t\t<meta name=\"twitter:image\" content=\"https:\/\/www.rucashk.com\/wp-content\/uploads\/replace\/503b8e645f128a97ccde2b6290747646.jpeg\" \/>\n\t\t<script type=\"application\/ld+json\" class=\"aioseo-schema\">\n\t\t\t{\"@context\":\"https:\\\/\\\/schema.org\",\"@graph\":[{\"@type\":\"BreadcrumbList\",\"@id\":\"https:\\\/\\\/www.rucashk.com\\\/es\\\/producto\\\/xiaomi-mijia-internet-dishwasher-vdw0401m\\\/#breadcrumblist\",\"itemListElement\":[{\"@type\":\"ListItem\",\"@id\":\"https:\\\/\\\/www.rucashk.com\\\/es\\\/#listItem\",\"position\":1,\"name\":\"Home\",\"item\":\"https:\\\/\\\/www.rucashk.com\\\/es\\\/\",\"nextItem\":\"https:\\\/\\\/www.rucashk.com\\\/es\\\/producto\\\/xiaomi-mijia-internet-dishwasher-vdw0401m\\\/#listItem\"},{\"@type\":\"ListItem\",\"@id\":\"https:\\\/\\\/www.rucashk.com\\\/es\\\/producto\\\/xiaomi-mijia-internet-dishwasher-vdw0401m\\\/#listItem\",\"position\":2,\"name\":\"Xiaomi Mijia Internet DishWasher (VDW0401M)\",\"previousItem\":\"https:\\\/\\\/www.rucashk.com\\\/es\\\/#listItem\"}]},{\"@type\":\"Organization\",\"@id\":\"https:\\\/\\\/www.rucashk.com\\\/es\\\/#organization\",\"name\":\"Rucas\",\"url\":\"https:\\\/\\\/www.rucashk.com\\\/es\\\/\",\"logo\":{\"@type\":\"ImageObject\",\"url\":\"https:\\\/\\\/www.rucashk.com\\\/wp-content\\\/uploads\\\/2023\\\/12\\\/Rucas_campany_logo.png\",\"@id\":\"https:\\\/\\\/www.rucashk.com\\\/es\\\/producto\\\/xiaomi-mijia-internet-dishwasher-vdw0401m\\\/#organizationLogo\",\"width\":221,\"height\":65},\"image\":{\"@id\":\"https:\\\/\\\/www.rucashk.com\\\/es\\\/#organizationLogo\"}},{\"@type\":\"Person\",\"@id\":\"https:\\\/\\\/www.rucashk.com\\\/es\\\/author\\\/admin\\\/#author\",\"url\":\"https:\\\/\\\/www.rucashk.com\\\/es\\\/author\\\/admin\\\/\",\"name\":\"admin\",\"image\":{\"@type\":\"ImageObject\",\"@id\":\"https:\\\/\\\/www.rucashk.com\\\/es\\\/producto\\\/xiaomi-mijia-internet-dishwasher-vdw0401m\\\/#authorImage\",\"url\":\"https:\\\/\\\/secure.gravatar.com\\\/avatar\\\/b7c8925b09a27e72b30232f8ecaadbd5af0f70a38c78096863fe51b64f031c24?s=96&d=mm&r=g\",\"width\":96,\"height\":96,\"caption\":\"admin\"}},{\"@type\":\"WebPage\",\"@id\":\"https:\\\/\\\/www.rucashk.com\\\/es\\\/producto\\\/xiaomi-mijia-internet-dishwasher-vdw0401m\\\/#webpage\",\"url\":\"https:\\\/\\\/www.rucashk.com\\\/es\\\/producto\\\/xiaomi-mijia-internet-dishwasher-vdw0401m\\\/\",\"name\":\"Xiaomi Mijia Internet DishWasher (VDW0401M) - Rucas - Wholesale and Distribution\",\"description\":\"\\u25cf Sterilization&disinfection dual-effect clean, 99.99% sterilization rate \\u25cf 6D double spray system \\u25cf Support Mijia APP and Xiaoai voice control \\u25cf can be used for dishwashing, sterilization, disinfection, drying and storage \\u25cf Desktop Free Installation\",\"inLanguage\":\"es-ES\",\"isPartOf\":{\"@id\":\"https:\\\/\\\/www.rucashk.com\\\/es\\\/#website\"},\"breadcrumb\":{\"@id\":\"https:\\\/\\\/www.rucashk.com\\\/es\\\/producto\\\/xiaomi-mijia-internet-dishwasher-vdw0401m\\\/#breadcrumblist\"},\"author\":{\"@id\":\"https:\\\/\\\/www.rucashk.com\\\/es\\\/author\\\/admin\\\/#author\"},\"creator\":{\"@id\":\"https:\\\/\\\/www.rucashk.com\\\/es\\\/author\\\/admin\\\/#author\"},\"image\":{\"@type\":\"ImageObject\",\"url\":\"https:\\\/\\\/www.rucashk.com\\\/wp-content\\\/uploads\\\/2024\\\/01\\\/2d4b7411-1575-416e-bca0-8975b58cefda.jpg\",\"@id\":\"https:\\\/\\\/www.rucashk.com\\\/es\\\/producto\\\/xiaomi-mijia-internet-dishwasher-vdw0401m\\\/#mainImage\",\"width\":1080,\"height\":1080},\"primaryImageOfPage\":{\"@id\":\"https:\\\/\\\/www.rucashk.com\\\/es\\\/producto\\\/xiaomi-mijia-internet-dishwasher-vdw0401m\\\/#mainImage\"},\"datePublished\":\"2024-01-09T15:56:40+00:00\",\"dateModified\":\"2024-01-21T04:01:20+00:00\"},{\"@type\":\"WebSite\",\"@id\":\"https:\\\/\\\/www.rucashk.com\\\/es\\\/#website\",\"url\":\"https:\\\/\\\/www.rucashk.com\\\/es\\\/\",\"name\":\"Rucas - Wholesale and distribution worldwide\",\"alternateName\":\"Rucas - One-stop AIoT Distribution Worldwide\",\"description\":\"One-stop AIoT Distribution Worldwide\",\"inLanguage\":\"es-ES\",\"publisher\":{\"@id\":\"https:\\\/\\\/www.rucashk.com\\\/es\\\/#organization\"}}]}\n\t\t<\/script>\n\t\t<!-- All in One SEO Pro -->\r\n\t\t<title>Xiaomi Mijia Internet DishWasher (VDW0401M) - Rucas - Wholesale and Distribution<\/title>\n\n","aioseo_head_json":{"title":"Xiaomi Mijia Internet DishWasher (VDW0401M) - Rucas - Wholesale and Distribution","description":"\u25cf Sterilization&disinfection dual-effect clean, 99.99% sterilization rate \u25cf 6D double spray system \u25cf Support Mijia APP and Xiaoai voice control \u25cf can be used for dishwashing, sterilization, disinfection, drying and storage \u25cf Desktop Free Installation","canonical_url":"https:\/\/www.rucashk.com\/es\/producto\/xiaomi-mijia-internet-dishwasher-vdw0401m\/","robots":"max-image-preview:large","keywords":"","webmasterTools":{"miscellaneous":""},"og:locale":"es_ES","og:site_name":"Rucas - One-stop AIoT Distribution Worldwide","og:type":"article","og:title":"Xiaomi Mijia Internet DishWasher (VDW0401M) - Rucas - Wholesale and Distribution","og:description":"\u25cf Sterilization&amp;disinfection dual-effect clean, 99.99% sterilization rate \u25cf 6D double spray system \u25cf Support Mijia APP and Xiaoai voice control \u25cf can be used for dishwashing, sterilization, disinfection, drying and storage \u25cf Desktop Free Installation","og:url":"https:\/\/www.rucashk.com\/es\/producto\/xiaomi-mijia-internet-dishwasher-vdw0401m\/","og:image":"https:\/\/www.rucashk.com\/wp-content\/uploads\/replace\/503b8e645f128a97ccde2b6290747646.jpeg","og:image:secure_url":"https:\/\/www.rucashk.com\/wp-content\/uploads\/replace\/503b8e645f128a97ccde2b6290747646.jpeg","og:image:width":1456,"og:image:height":816,"article:published_time":"2024-01-09T15:56:40+00:00","article:modified_time":"2024-01-21T04:01:20+00:00","twitter:card":"summary_large_image","twitter:title":"Xiaomi Mijia Internet DishWasher (VDW0401M) - Rucas - Wholesale and Distribution","twitter:description":"\u25cf Sterilization&amp;disinfection dual-effect clean, 99.99% sterilization rate \u25cf 6D double spray system \u25cf Support Mijia APP and Xiaoai voice control \u25cf can be used for dishwashing, sterilization, disinfection, drying and storage \u25cf Desktop Free Installation","twitter:image":"https:\/\/www.rucashk.com\/wp-content\/uploads\/replace\/503b8e645f128a97ccde2b6290747646.jpeg","schema":{"@context":"https:\/\/schema.org","@graph":[{"@type":"BreadcrumbList","@id":"https:\/\/www.rucashk.com\/es\/producto\/xiaomi-mijia-internet-dishwasher-vdw0401m\/#breadcrumblist","itemListElement":[{"@type":"ListItem","@id":"https:\/\/www.rucashk.com\/es\/#listItem","position":1,"name":"Home","item":"https:\/\/www.rucashk.com\/es\/","nextItem":"https:\/\/www.rucashk.com\/es\/producto\/xiaomi-mijia-internet-dishwasher-vdw0401m\/#listItem"},{"@type":"ListItem","@id":"https:\/\/www.rucashk.com\/es\/producto\/xiaomi-mijia-internet-dishwasher-vdw0401m\/#listItem","position":2,"name":"Xiaomi Mijia Internet DishWasher (VDW0401M)","previousItem":"https:\/\/www.rucashk.com\/es\/#listItem"}]},{"@type":"Organization","@id":"https:\/\/www.rucashk.com\/es\/#organization","name":"Rucas","url":"https:\/\/www.rucashk.com\/es\/","logo":{"@type":"ImageObject","url":"https:\/\/www.rucashk.com\/wp-content\/uploads\/2023\/12\/Rucas_campany_logo.png","@id":"https:\/\/www.rucashk.com\/es\/producto\/xiaomi-mijia-internet-dishwasher-vdw0401m\/#organizationLogo","width":221,"height":65},"image":{"@id":"https:\/\/www.rucashk.com\/es\/#organizationLogo"}},{"@type":"Person","@id":"https:\/\/www.rucashk.com\/es\/author\/admin\/#author","url":"https:\/\/www.rucashk.com\/es\/author\/admin\/","name":"admin","image":{"@type":"ImageObject","@id":"https:\/\/www.rucashk.com\/es\/producto\/xiaomi-mijia-internet-dishwasher-vdw0401m\/#authorImage","url":"https:\/\/secure.gravatar.com\/avatar\/b7c8925b09a27e72b30232f8ecaadbd5af0f70a38c78096863fe51b64f031c24?s=96&d=mm&r=g","width":96,"height":96,"caption":"admin"}},{"@type":"WebPage","@id":"https:\/\/www.rucashk.com\/es\/producto\/xiaomi-mijia-internet-dishwasher-vdw0401m\/#webpage","url":"https:\/\/www.rucashk.com\/es\/producto\/xiaomi-mijia-internet-dishwasher-vdw0401m\/","name":"Xiaomi Mijia Internet DishWasher (VDW0401M) - Rucas - Wholesale and Distribution","description":"\u25cf Sterilization&disinfection dual-effect clean, 99.99% sterilization rate \u25cf 6D double spray system \u25cf Support Mijia APP and Xiaoai voice control \u25cf can be used for dishwashing, sterilization, disinfection, drying and storage \u25cf Desktop Free Installation","inLanguage":"es-ES","isPartOf":{"@id":"https:\/\/www.rucashk.com\/es\/#website"},"breadcrumb":{"@id":"https:\/\/www.rucashk.com\/es\/producto\/xiaomi-mijia-internet-dishwasher-vdw0401m\/#breadcrumblist"},"author":{"@id":"https:\/\/www.rucashk.com\/es\/author\/admin\/#author"},"creator":{"@id":"https:\/\/www.rucashk.com\/es\/author\/admin\/#author"},"image":{"@type":"ImageObject","url":"https:\/\/www.rucashk.com\/wp-content\/uploads\/2024\/01\/2d4b7411-1575-416e-bca0-8975b58cefda.jpg","@id":"https:\/\/www.rucashk.com\/es\/producto\/xiaomi-mijia-internet-dishwasher-vdw0401m\/#mainImage","width":1080,"height":1080},"primaryImageOfPage":{"@id":"https:\/\/www.rucashk.com\/es\/producto\/xiaomi-mijia-internet-dishwasher-vdw0401m\/#mainImage"},"datePublished":"2024-01-09T15:56:40+00:00","dateModified":"2024-01-21T04:01:20+00:00"},{"@type":"WebSite","@id":"https:\/\/www.rucashk.com\/es\/#website","url":"https:\/\/www.rucashk.com\/es\/","name":"Rucas - Wholesale and distribution worldwide","alternateName":"Rucas - One-stop AIoT Distribution Worldwide","description":"One-stop AIoT Distribution Worldwide","inLanguage":"es-ES","publisher":{"@id":"https:\/\/www.rucashk.com\/es\/#organization"}}]}},"aioseo_meta_data":{"post_id":"23657","title":null,"description":null,"keywords":null,"keyphrases":null,"primary_term":null,"canonical_url":null,"og_title":null,"og_description":null,"og_object_type":"default","og_image_type":"default","og_image_url":null,"og_image_width":null,"og_image_height":null,"og_image_custom_url":null,"og_image_custom_fields":null,"og_video":null,"og_custom_url":null,"og_article_section":null,"og_article_tags":null,"twitter_use_og":false,"twitter_card":"default","twitter_image_type":"default","twitter_image_url":null,"twitter_image_custom_url":null,"twitter_image_custom_fields":null,"twitter_title":null,"twitter_description":null,"schema":{"blockGraphs":[],"customGraphs":[],"default":{"data":{"Article":[],"Course":[],"Dataset":[],"FAQPage":[],"Movie":[],"Person":[],"Product":[],"Recipe":[],"Service":[],"SoftwareApplication":[],"WebPage":[]},"graphName":"","isEnabled":true},"graphs":[]},"schema_type":"default","schema_type_options":null,"pillar_content":false,"robots_default":true,"robots_noindex":false,"robots_noarchive":false,"robots_nosnippet":false,"robots_nofollow":false,"robots_noimageindex":false,"robots_noodp":false,"robots_notranslate":false,"robots_max_snippet":null,"robots_max_videopreview":null,"robots_max_imagepreview":"large","priority":null,"frequency":null,"local_seo":null,"breadcrumb_settings":null,"limit_modified_date":false,"created":"2024-04-11 01:57:06","updated":"2025-06-22 17:13:07"},"aioseo_breadcrumb":"<div class=\"aioseo-breadcrumbs\"><span class=\"aioseo-breadcrumb\">\n\t<a href=\"https:\/\/www.rucashk.com\/es\" title=\"Home\">Home<\/a>\n<\/span><span class=\"aioseo-breadcrumb-separator\">&raquo;<\/span><span class=\"aioseo-breadcrumb\">\n\t<a href=\"https:\/\/www.rucashk.com\/es\/products\/\" title=\"Productos\">Productos<\/a>\n<\/span><span class=\"aioseo-breadcrumb-separator\">&raquo;<\/span><span class=\"aioseo-breadcrumb\">\n\t<a href=\"https:\/\/www.rucashk.com\/es\/categoria-producto\/xiaomi-eco\/\" title=\"Xiaomi Eco\">Xiaomi Eco<\/a>\n<\/span><span class=\"aioseo-breadcrumb-separator\">&raquo;<\/span><span class=\"aioseo-breadcrumb\">\n\t<a href=\"https:\/\/www.rucashk.com\/es\/categoria-producto\/xiaomi-eco\/others\/\" title=\"Others\">Others<\/a>\n<\/span><span class=\"aioseo-breadcrumb-separator\">&raquo;<\/span><span class=\"aioseo-breadcrumb\">\n\tXiaomi Mijia Internet DishWasher (VDW0401M)\n<\/span><\/div>","aioseo_breadcrumb_json":[{"label":"Home","link":"https:\/\/www.rucashk.com\/es"},{"label":"Productos","link":"https:\/\/www.rucashk.com\/es\/products\/"},{"label":"Xiaomi Eco","link":"https:\/\/www.rucashk.com\/es\/categoria-producto\/xiaomi-eco\/"},{"label":"Others","link":"https:\/\/www.rucashk.com\/es\/categoria-producto\/xiaomi-eco\/others\/"},{"label":"Xiaomi Mijia Internet DishWasher (VDW0401M)","link":"https:\/\/www.rucashk.com\/es\/producto\/xiaomi-mijia-internet-dishwasher-vdw0401m\/"}],"_links":{"self":[{"href":"https:\/\/www.rucashk.com\/es\/wp-json\/wp\/v2\/product\/23657","targetHints":{"allow":["GET"]}}],"collection":[{"href":"https:\/\/www.rucashk.com\/es\/wp-json\/wp\/v2\/product"}],"about":[{"href":"https:\/\/www.rucashk.com\/es\/wp-json\/wp\/v2\/types\/product"}],"wp:featuredmedia":[{"embeddable":true,"href":"https:\/\/www.rucashk.com\/es\/wp-json\/wp\/v2\/media\/23800"}],"wp:attachment":[{"href":"https:\/\/www.rucashk.com\/es\/wp-json\/wp\/v2\/media?parent=23657"}],"wp:term":[{"taxonomy":"product_brand","embeddable":true,"href":"https:\/\/www.rucashk.com\/es\/wp-json\/wp\/v2\/product_brand?post=23657"},{"taxonomy":"product_cat","embeddable":true,"href":"https:\/\/www.rucashk.com\/es\/wp-json\/wp\/v2\/product_cat?post=23657"},{"taxonomy":"product_tag","embeddable":true,"href":"https:\/\/www.rucashk.com\/es\/wp-json\/wp\/v2\/product_tag?post=23657"}],"curies":[{"name":"wp","href":"https:\/\/api.w.org\/{rel}","templated":true}]}}