{"id":23656,"date":"2024-01-09T15:56:40","date_gmt":"2024-01-09T15:56:40","guid":{"rendered":"http:\/\/rucashk.com\/?post_type=product&#038;p=23656"},"modified":"2024-01-21T03:35:06","modified_gmt":"2024-01-21T03:35:06","slug":"xiaomi-mijia-wireless-smart-electric-e-ink-digital-clock-2","status":"publish","type":"product","link":"https:\/\/www.rucashk.com\/es\/producto\/xiaomi-mijia-wireless-smart-electric-e-ink-digital-clock-2\/","title":{"rendered":"Reloj digital el\u00e9ctrico inteligente inal\u00e1mbrico Xiaomi mijia con tinta electr\u00f3nica"},"content":{"rendered":"<p><img decoding=\"async\" class=\"product_lazy\" src=\"https:\/\/www.rucashk.com\/wp-content\/uploads\/2020\/07\/70decfc5-b8cc-46f5-985d-25b5ac9acc34.jpg\" alt=\"Xiaomi Miaomiaoce Digital Thermometer Hygrometer E-ink Ink Screen Display High-Precision Temperature Humidity Monitor -White\" data-original=\"\/\/img.gkbcdn.com\/s3\/d\/201801\/70decfc5-b8cc-46f5-985d-25b5ac9acc34.jpg\" \/><img decoding=\"async\" class=\"product_lazy\" src=\"https:\/\/www.rucashk.com\/wp-content\/uploads\/2020\/07\/1d2b3d3a-ed2e-4f25-a76f-02e4f2657e9a.jpg\" alt=\"Xiaomi Miaomiaoce Digital Thermometer Hygrometer E-ink Ink Screen Display High-Precision Temperature Humidity Monitor -White\" data-original=\"\/\/img.gkbcdn.com\/s3\/d\/201801\/1d2b3d3a-ed2e-4f25-a76f-02e4f2657e9a.jpg\" \/><img decoding=\"async\" class=\"product_lazy\" src=\"https:\/\/www.rucashk.com\/wp-content\/uploads\/2020\/07\/83100fdf-84dd-47a6-b395-6bd445c100cc.jpg\" alt=\"Xiaomi Miaomiaoce Digital Thermometer Hygrometer E-ink Ink Screen Display High-Precision Temperature Humidity Monitor -White\" data-original=\"\/\/img.gkbcdn.com\/s3\/d\/201801\/83100fdf-84dd-47a6-b395-6bd445c100cc.jpg\" \/><img decoding=\"async\" class=\"product_lazy\" src=\"https:\/\/www.rucashk.com\/wp-content\/uploads\/2020\/07\/0f7d80e2-63ec-49be-b4a1-1af0792cbab1.jpg\" alt=\"Xiaomi Miaomiaoce Digital Thermometer Hygrometer E-ink Ink Screen Display High-Precision Temperature Humidity Monitor -White\" data-original=\"\/\/img.gkbcdn.com\/s3\/d\/201801\/0f7d80e2-63ec-49be-b4a1-1af0792cbab1.jpg\" \/><img decoding=\"async\" class=\"product_lazy\" src=\"https:\/\/www.rucashk.com\/wp-content\/uploads\/2020\/07\/f8366e92-20a1-40c3-abdb-7fbbb65c3f4d.jpg\" alt=\"Xiaomi Miaomiaoce Digital Thermometer Hygrometer E-ink Ink Screen Display High-Precision Temperature Humidity Monitor -White\" data-original=\"\/\/img.gkbcdn.com\/s3\/d\/201801\/f8366e92-20a1-40c3-abdb-7fbbb65c3f4d.jpg\" \/><img decoding=\"async\" class=\"product_lazy\" src=\"https:\/\/www.rucashk.com\/wp-content\/uploads\/2020\/07\/b5022350-85d1-446b-8ce3-88e1c3cf0ae6.jpg\" alt=\"Xiaomi Miaomiaoce Digital Thermometer Hygrometer E-ink Ink Screen Display High-Precision Temperature Humidity Monitor -White\" data-original=\"\/\/img.gkbcdn.com\/s3\/d\/201801\/b5022350-85d1-446b-8ce3-88e1c3cf0ae6.jpg\" \/><img decoding=\"async\" class=\"product_lazy\" src=\"https:\/\/www.rucashk.com\/wp-content\/uploads\/2020\/07\/8698132f-9089-4986-97bd-216e0ed6a4c7.jpg\" alt=\"Xiaomi Miaomiaoce Digital Thermometer Hygrometer E-ink Ink Screen Display High-Precision Temperature Humidity Monitor -White\" data-original=\"\/\/img.gkbcdn.com\/s3\/d\/201801\/8698132f-9089-4986-97bd-216e0ed6a4c7.jpg\" \/><img decoding=\"async\" class=\"product_lazy\" src=\"https:\/\/www.rucashk.com\/wp-content\/uploads\/2020\/07\/727fa516-2d3b-463b-9a02-3f0b49170ea6.jpg\" alt=\"Xiaomi Miaomiaoce Digital Thermometer Hygrometer E-ink Ink Screen Display High-Precision Temperature Humidity Monitor -White\" data-original=\"\/\/img.gkbcdn.com\/s3\/d\/201801\/727fa516-2d3b-463b-9a02-3f0b49170ea6.jpg\" \/><img decoding=\"async\" class=\"product_lazy\" src=\"https:\/\/www.rucashk.com\/wp-content\/uploads\/2020\/07\/6f55f349-03d2-408e-95b7-88aafb5689c3.jpg\" alt=\"Xiaomi Miaomiaoce Digital Thermometer Hygrometer E-ink Ink Screen Display High-Precision Temperature Humidity Monitor -White\" data-original=\"\/\/img.gkbcdn.com\/s3\/d\/201801\/6f55f349-03d2-408e-95b7-88aafb5689c3.jpg\" \/><img decoding=\"async\" class=\"product_lazy\" src=\"https:\/\/www.rucashk.com\/wp-content\/uploads\/2020\/07\/cb8ef801-8712-404d-9487-fdf9d6750e52.jpg\" alt=\"Xiaomi Miaomiaoce Digital Thermometer Hygrometer E-ink Ink Screen Display High-Precision Temperature Humidity Monitor -White\" data-original=\"\/\/img.gkbcdn.com\/s3\/d\/201801\/cb8ef801-8712-404d-9487-fdf9d6750e52.jpg\" \/><img decoding=\"async\" class=\"product_lazy\" src=\"https:\/\/www.rucashk.com\/wp-content\/uploads\/2020\/07\/f35b81ab-b372-45e6-a3e6-445f1edf4fea.jpg\" alt=\"Xiaomi Miaomiaoce Digital Thermometer Hygrometer E-ink Ink Screen Display High-Precision Temperature Humidity Monitor -White\" data-original=\"\/\/img.gkbcdn.com\/s3\/d\/201801\/f35b81ab-b372-45e6-a3e6-445f1edf4fea.jpg\" \/><img decoding=\"async\" class=\"product_lazy\" src=\"https:\/\/www.rucashk.com\/wp-content\/uploads\/2020\/07\/3dcd7693-4880-4ee7-bfaf-e54eab070061.jpg\" alt=\"Xiaomi Miaomiaoce Digital Thermometer Hygrometer E-ink Ink Screen Display High-Precision Temperature Humidity Monitor -White\" data-original=\"\/\/img.gkbcdn.com\/s3\/d\/201801\/3dcd7693-4880-4ee7-bfaf-e54eab070061.jpg\" \/><\/p>\n<h2>Especificaci\u00f3n<\/h2>\n<table class=\"jbEidtTable\" border=\"1\" cellspacing=\"0\" cellpadding=\"5\">\n<tbody>\n<tr>\n<td><strong>General<\/strong><\/td>\n<td>Marca: Xiaomi Mijia<br \/>\nTipo: Humidificador y Term\u00f3metro<br \/>\nColor blanco<\/td>\n<\/tr>\n<tr>\n<td><strong>Detalles de producto<\/strong><\/td>\n<td>Rango de temperatura: 0\u00b0C \u00b160\u00b0C<br \/>\nPrecisi\u00f3n de temperatura: \u00b10,3\u00b0C<br \/>\nRango de humedad: 0-100%<br \/>\nPrecisi\u00f3n de humedad: \u00b13%RH<br \/>\nBater\u00eda: CR2032<br \/>\nCompatible con la aplicaci\u00f3n Mijia: no<\/td>\n<\/tr>\n<\/tbody>\n<\/table>","protected":false},"excerpt":{"rendered":"<p>Reflejos<br \/>\nThe Xiaomi Digital Thermometer Hygrometer measures both the temperature and humidity of the room and the parameters are displayed on a screen.<br \/>\nThe device features an e-ink display which ensures it conserves battery power, it will last up to a year on a single charge.<br \/>\nThe e-ink display uses a 3D curved display screen, with beautiful curves along the edges.<br \/>\nIt comes with 6 kinds of notifications which shows the state of the room using facial expressions on the display.<\/p>","protected":false},"featured_media":23797,"template":"","meta":[],"product_brand":[],"product_cat":[1318,1305],"product_tag":[938],"class_list":{"0":"post-23656","1":"product","2":"type-product","3":"status-publish","4":"has-post-thumbnail","6":"product_cat-gadgets","7":"product_cat-xiaomi-eco","8":"product_tag-xiaomi-mijia-wireless-smart-electric-e-ink-digital-clock","10":"first","11":"instock","12":"shipping-taxable","13":"product-type-external"},"aioseo_notices":[],"aioseo_head":"\n\t\t<!-- All in One SEO Pro 4.5.9.2 - aioseo.com -->\n\t\t<meta name=\"description\" content=\"Highlights The Xiaomi Digital Thermometer Hygrometer measures both the temperature and humidity of the room and the parameters are displayed on a screen. The device features an e-ink display which ensures it conserves battery power, it will last up to a year on a single charge. The e-ink display uses a 3D curved display screen, with beautiful curves along the edges. It comes with 6 kinds of notifications which shows the state of the room using facial expressions on the display.\" \/>\n\t\t<meta name=\"robots\" content=\"max-image-preview:large\" \/>\n\t\t<link rel=\"canonical\" href=\"https:\/\/www.rucashk.com\/es\/producto\/xiaomi-mijia-wireless-smart-electric-e-ink-digital-clock-2\/\" \/>\n\t\t<meta name=\"generator\" content=\"All in One SEO Pro (AIOSEO) 4.5.9.2\" \/>\n\t\t<meta property=\"og:locale\" content=\"es_ES\" \/>\n\t\t<meta property=\"og:site_name\" content=\"Rucas - One-stop AIoT Distribution Worldwide\" \/>\n\t\t<meta property=\"og:type\" content=\"article\" \/>\n\t\t<meta property=\"og:title\" content=\"Xiaomi mijia wireless smart electric e-ink digital Clock - Rucas - Wholesale and Distribution\" \/>\n\t\t<meta property=\"og:description\" content=\"Highlights The Xiaomi Digital Thermometer Hygrometer measures both the temperature and humidity of the room and the parameters are displayed on a screen. The device features an e-ink display which ensures it conserves battery power, it will last up to a year on a single charge. The e-ink display uses a 3D curved display screen, with beautiful curves along the edges. It comes with 6 kinds of notifications which shows the state of the room using facial expressions on the display.\" \/>\n\t\t<meta property=\"og:url\" content=\"https:\/\/www.rucashk.com\/es\/producto\/xiaomi-mijia-wireless-smart-electric-e-ink-digital-clock-2\/\" \/>\n\t\t<meta property=\"og:image\" content=\"https:\/\/www.rucashk.com\/wp-content\/uploads\/replace\/503b8e645f128a97ccde2b6290747646.jpeg\" \/>\n\t\t<meta property=\"og:image:secure_url\" content=\"https:\/\/www.rucashk.com\/wp-content\/uploads\/replace\/503b8e645f128a97ccde2b6290747646.jpeg\" \/>\n\t\t<meta property=\"og:image:width\" content=\"1456\" \/>\n\t\t<meta property=\"og:image:height\" content=\"816\" \/>\n\t\t<meta property=\"article:published_time\" content=\"2024-01-09T15:56:40+00:00\" \/>\n\t\t<meta property=\"article:modified_time\" content=\"2024-01-21T03:35:06+00:00\" \/>\n\t\t<meta name=\"twitter:card\" content=\"summary_large_image\" \/>\n\t\t<meta name=\"twitter:title\" content=\"Xiaomi mijia wireless smart electric e-ink digital Clock - Rucas - Wholesale and Distribution\" \/>\n\t\t<meta name=\"twitter:description\" content=\"Highlights The Xiaomi Digital Thermometer Hygrometer measures both the temperature and humidity of the room and the parameters are displayed on a screen. The device features an e-ink display which ensures it conserves battery power, it will last up to a year on a single charge. The e-ink display uses a 3D curved display screen, with beautiful curves along the edges. It comes with 6 kinds of notifications which shows the state of the room using facial expressions on the display.\" \/>\n\t\t<meta name=\"twitter:image\" content=\"https:\/\/www.rucashk.com\/wp-content\/uploads\/replace\/503b8e645f128a97ccde2b6290747646.jpeg\" \/>\n\t\t<script type=\"application\/ld+json\" class=\"aioseo-schema\">\n\t\t\t{\"@context\":\"https:\\\/\\\/schema.org\",\"@graph\":[{\"@type\":\"BreadcrumbList\",\"@id\":\"https:\\\/\\\/www.rucashk.com\\\/es\\\/producto\\\/xiaomi-mijia-wireless-smart-electric-e-ink-digital-clock-2\\\/#breadcrumblist\",\"itemListElement\":[{\"@type\":\"ListItem\",\"@id\":\"https:\\\/\\\/www.rucashk.com\\\/es\\\/#listItem\",\"position\":1,\"name\":\"Home\",\"item\":\"https:\\\/\\\/www.rucashk.com\\\/es\\\/\",\"nextItem\":\"https:\\\/\\\/www.rucashk.com\\\/es\\\/producto\\\/xiaomi-mijia-wireless-smart-electric-e-ink-digital-clock-2\\\/#listItem\"},{\"@type\":\"ListItem\",\"@id\":\"https:\\\/\\\/www.rucashk.com\\\/es\\\/producto\\\/xiaomi-mijia-wireless-smart-electric-e-ink-digital-clock-2\\\/#listItem\",\"position\":2,\"name\":\"Xiaomi mijia wireless smart electric e-ink digital Clock\",\"previousItem\":\"https:\\\/\\\/www.rucashk.com\\\/es\\\/#listItem\"}]},{\"@type\":\"Organization\",\"@id\":\"https:\\\/\\\/www.rucashk.com\\\/es\\\/#organization\",\"name\":\"Rucas\",\"url\":\"https:\\\/\\\/www.rucashk.com\\\/es\\\/\",\"logo\":{\"@type\":\"ImageObject\",\"url\":\"https:\\\/\\\/www.rucashk.com\\\/wp-content\\\/uploads\\\/2023\\\/12\\\/Rucas_campany_logo.png\",\"@id\":\"https:\\\/\\\/www.rucashk.com\\\/es\\\/producto\\\/xiaomi-mijia-wireless-smart-electric-e-ink-digital-clock-2\\\/#organizationLogo\",\"width\":221,\"height\":65},\"image\":{\"@id\":\"https:\\\/\\\/www.rucashk.com\\\/es\\\/#organizationLogo\"}},{\"@type\":\"Person\",\"@id\":\"https:\\\/\\\/www.rucashk.com\\\/es\\\/author\\\/admin\\\/#author\",\"url\":\"https:\\\/\\\/www.rucashk.com\\\/es\\\/author\\\/admin\\\/\",\"name\":\"admin\",\"image\":{\"@type\":\"ImageObject\",\"@id\":\"https:\\\/\\\/www.rucashk.com\\\/es\\\/producto\\\/xiaomi-mijia-wireless-smart-electric-e-ink-digital-clock-2\\\/#authorImage\",\"url\":\"https:\\\/\\\/secure.gravatar.com\\\/avatar\\\/b7c8925b09a27e72b30232f8ecaadbd5af0f70a38c78096863fe51b64f031c24?s=96&d=mm&r=g\",\"width\":96,\"height\":96,\"caption\":\"admin\"}},{\"@type\":\"WebPage\",\"@id\":\"https:\\\/\\\/www.rucashk.com\\\/es\\\/producto\\\/xiaomi-mijia-wireless-smart-electric-e-ink-digital-clock-2\\\/#webpage\",\"url\":\"https:\\\/\\\/www.rucashk.com\\\/es\\\/producto\\\/xiaomi-mijia-wireless-smart-electric-e-ink-digital-clock-2\\\/\",\"name\":\"Xiaomi mijia wireless smart electric e-ink digital Clock - Rucas - Wholesale and Distribution\",\"description\":\"Highlights The Xiaomi Digital Thermometer Hygrometer measures both the temperature and humidity of the room and the parameters are displayed on a screen. The device features an e-ink display which ensures it conserves battery power, it will last up to a year on a single charge. The e-ink display uses a 3D curved display screen, with beautiful curves along the edges. It comes with 6 kinds of notifications which shows the state of the room using facial expressions on the display.\",\"inLanguage\":\"es-ES\",\"isPartOf\":{\"@id\":\"https:\\\/\\\/www.rucashk.com\\\/es\\\/#website\"},\"breadcrumb\":{\"@id\":\"https:\\\/\\\/www.rucashk.com\\\/es\\\/producto\\\/xiaomi-mijia-wireless-smart-electric-e-ink-digital-clock-2\\\/#breadcrumblist\"},\"author\":{\"@id\":\"https:\\\/\\\/www.rucashk.com\\\/es\\\/author\\\/admin\\\/#author\"},\"creator\":{\"@id\":\"https:\\\/\\\/www.rucashk.com\\\/es\\\/author\\\/admin\\\/#author\"},\"image\":{\"@type\":\"ImageObject\",\"url\":\"https:\\\/\\\/www.rucashk.com\\\/wp-content\\\/uploads\\\/2024\\\/01\\\/XIAOMI-Mijia-Bluetooth-Thermometer-2-893971-._w500_.jpg\",\"@id\":\"https:\\\/\\\/www.rucashk.com\\\/es\\\/producto\\\/xiaomi-mijia-wireless-smart-electric-e-ink-digital-clock-2\\\/#mainImage\",\"width\":500,\"height\":500},\"primaryImageOfPage\":{\"@id\":\"https:\\\/\\\/www.rucashk.com\\\/es\\\/producto\\\/xiaomi-mijia-wireless-smart-electric-e-ink-digital-clock-2\\\/#mainImage\"},\"datePublished\":\"2024-01-09T15:56:40+00:00\",\"dateModified\":\"2024-01-21T03:35:06+00:00\"},{\"@type\":\"WebSite\",\"@id\":\"https:\\\/\\\/www.rucashk.com\\\/es\\\/#website\",\"url\":\"https:\\\/\\\/www.rucashk.com\\\/es\\\/\",\"name\":\"Rucas - Wholesale and distribution worldwide\",\"alternateName\":\"Rucas - One-stop AIoT Distribution Worldwide\",\"description\":\"One-stop AIoT Distribution Worldwide\",\"inLanguage\":\"es-ES\",\"publisher\":{\"@id\":\"https:\\\/\\\/www.rucashk.com\\\/es\\\/#organization\"}}]}\n\t\t<\/script>\n\t\t<!-- All in One SEO Pro -->\r\n\t\t<title>Xiaomi mijia wireless smart electric e-ink digital Clock - Rucas - Wholesale and Distribution<\/title>\n\n","aioseo_head_json":{"title":"Xiaomi mijia wireless smart electric e-ink digital Clock - Rucas - Wholesale and Distribution","description":"Highlights The Xiaomi Digital Thermometer Hygrometer measures both the temperature and humidity of the room and the parameters are displayed on a screen. The device features an e-ink display which ensures it conserves battery power, it will last up to a year on a single charge. The e-ink display uses a 3D curved display screen, with beautiful curves along the edges. It comes with 6 kinds of notifications which shows the state of the room using facial expressions on the display.","canonical_url":"https:\/\/www.rucashk.com\/es\/producto\/xiaomi-mijia-wireless-smart-electric-e-ink-digital-clock-2\/","robots":"max-image-preview:large","keywords":"","webmasterTools":{"miscellaneous":""},"og:locale":"es_ES","og:site_name":"Rucas - One-stop AIoT Distribution Worldwide","og:type":"article","og:title":"Xiaomi mijia wireless smart electric e-ink digital Clock - Rucas - Wholesale and Distribution","og:description":"Highlights The Xiaomi Digital Thermometer Hygrometer measures both the temperature and humidity of the room and the parameters are displayed on a screen. The device features an e-ink display which ensures it conserves battery power, it will last up to a year on a single charge. The e-ink display uses a 3D curved display screen, with beautiful curves along the edges. It comes with 6 kinds of notifications which shows the state of the room using facial expressions on the display.","og:url":"https:\/\/www.rucashk.com\/es\/producto\/xiaomi-mijia-wireless-smart-electric-e-ink-digital-clock-2\/","og:image":"https:\/\/www.rucashk.com\/wp-content\/uploads\/replace\/503b8e645f128a97ccde2b6290747646.jpeg","og:image:secure_url":"https:\/\/www.rucashk.com\/wp-content\/uploads\/replace\/503b8e645f128a97ccde2b6290747646.jpeg","og:image:width":1456,"og:image:height":816,"article:published_time":"2024-01-09T15:56:40+00:00","article:modified_time":"2024-01-21T03:35:06+00:00","twitter:card":"summary_large_image","twitter:title":"Xiaomi mijia wireless smart electric e-ink digital Clock - Rucas - Wholesale and Distribution","twitter:description":"Highlights The Xiaomi Digital Thermometer Hygrometer measures both the temperature and humidity of the room and the parameters are displayed on a screen. The device features an e-ink display which ensures it conserves battery power, it will last up to a year on a single charge. The e-ink display uses a 3D curved display screen, with beautiful curves along the edges. It comes with 6 kinds of notifications which shows the state of the room using facial expressions on the display.","twitter:image":"https:\/\/www.rucashk.com\/wp-content\/uploads\/replace\/503b8e645f128a97ccde2b6290747646.jpeg","schema":{"@context":"https:\/\/schema.org","@graph":[{"@type":"BreadcrumbList","@id":"https:\/\/www.rucashk.com\/es\/producto\/xiaomi-mijia-wireless-smart-electric-e-ink-digital-clock-2\/#breadcrumblist","itemListElement":[{"@type":"ListItem","@id":"https:\/\/www.rucashk.com\/es\/#listItem","position":1,"name":"Home","item":"https:\/\/www.rucashk.com\/es\/","nextItem":"https:\/\/www.rucashk.com\/es\/producto\/xiaomi-mijia-wireless-smart-electric-e-ink-digital-clock-2\/#listItem"},{"@type":"ListItem","@id":"https:\/\/www.rucashk.com\/es\/producto\/xiaomi-mijia-wireless-smart-electric-e-ink-digital-clock-2\/#listItem","position":2,"name":"Xiaomi mijia wireless smart electric e-ink digital Clock","previousItem":"https:\/\/www.rucashk.com\/es\/#listItem"}]},{"@type":"Organization","@id":"https:\/\/www.rucashk.com\/es\/#organization","name":"Rucas","url":"https:\/\/www.rucashk.com\/es\/","logo":{"@type":"ImageObject","url":"https:\/\/www.rucashk.com\/wp-content\/uploads\/2023\/12\/Rucas_campany_logo.png","@id":"https:\/\/www.rucashk.com\/es\/producto\/xiaomi-mijia-wireless-smart-electric-e-ink-digital-clock-2\/#organizationLogo","width":221,"height":65},"image":{"@id":"https:\/\/www.rucashk.com\/es\/#organizationLogo"}},{"@type":"Person","@id":"https:\/\/www.rucashk.com\/es\/author\/admin\/#author","url":"https:\/\/www.rucashk.com\/es\/author\/admin\/","name":"admin","image":{"@type":"ImageObject","@id":"https:\/\/www.rucashk.com\/es\/producto\/xiaomi-mijia-wireless-smart-electric-e-ink-digital-clock-2\/#authorImage","url":"https:\/\/secure.gravatar.com\/avatar\/b7c8925b09a27e72b30232f8ecaadbd5af0f70a38c78096863fe51b64f031c24?s=96&d=mm&r=g","width":96,"height":96,"caption":"admin"}},{"@type":"WebPage","@id":"https:\/\/www.rucashk.com\/es\/producto\/xiaomi-mijia-wireless-smart-electric-e-ink-digital-clock-2\/#webpage","url":"https:\/\/www.rucashk.com\/es\/producto\/xiaomi-mijia-wireless-smart-electric-e-ink-digital-clock-2\/","name":"Xiaomi mijia wireless smart electric e-ink digital Clock - Rucas - Wholesale and Distribution","description":"Highlights The Xiaomi Digital Thermometer Hygrometer measures both the temperature and humidity of the room and the parameters are displayed on a screen. The device features an e-ink display which ensures it conserves battery power, it will last up to a year on a single charge. The e-ink display uses a 3D curved display screen, with beautiful curves along the edges. It comes with 6 kinds of notifications which shows the state of the room using facial expressions on the display.","inLanguage":"es-ES","isPartOf":{"@id":"https:\/\/www.rucashk.com\/es\/#website"},"breadcrumb":{"@id":"https:\/\/www.rucashk.com\/es\/producto\/xiaomi-mijia-wireless-smart-electric-e-ink-digital-clock-2\/#breadcrumblist"},"author":{"@id":"https:\/\/www.rucashk.com\/es\/author\/admin\/#author"},"creator":{"@id":"https:\/\/www.rucashk.com\/es\/author\/admin\/#author"},"image":{"@type":"ImageObject","url":"https:\/\/www.rucashk.com\/wp-content\/uploads\/2024\/01\/XIAOMI-Mijia-Bluetooth-Thermometer-2-893971-._w500_.jpg","@id":"https:\/\/www.rucashk.com\/es\/producto\/xiaomi-mijia-wireless-smart-electric-e-ink-digital-clock-2\/#mainImage","width":500,"height":500},"primaryImageOfPage":{"@id":"https:\/\/www.rucashk.com\/es\/producto\/xiaomi-mijia-wireless-smart-electric-e-ink-digital-clock-2\/#mainImage"},"datePublished":"2024-01-09T15:56:40+00:00","dateModified":"2024-01-21T03:35:06+00:00"},{"@type":"WebSite","@id":"https:\/\/www.rucashk.com\/es\/#website","url":"https:\/\/www.rucashk.com\/es\/","name":"Rucas - Wholesale and distribution worldwide","alternateName":"Rucas - One-stop AIoT Distribution Worldwide","description":"One-stop AIoT Distribution Worldwide","inLanguage":"es-ES","publisher":{"@id":"https:\/\/www.rucashk.com\/es\/#organization"}}]}},"aioseo_meta_data":{"post_id":"23656","title":null,"description":null,"keywords":null,"keyphrases":null,"primary_term":null,"canonical_url":null,"og_title":null,"og_description":null,"og_object_type":"default","og_image_type":"default","og_image_url":null,"og_image_width":null,"og_image_height":null,"og_image_custom_url":null,"og_image_custom_fields":null,"og_video":null,"og_custom_url":null,"og_article_section":null,"og_article_tags":null,"twitter_use_og":false,"twitter_card":"default","twitter_image_type":"default","twitter_image_url":null,"twitter_image_custom_url":null,"twitter_image_custom_fields":null,"twitter_title":null,"twitter_description":null,"schema":{"blockGraphs":[],"customGraphs":[],"default":{"data":{"Article":[],"Course":[],"Dataset":[],"FAQPage":[],"Movie":[],"Person":[],"Product":[],"Recipe":[],"Service":[],"SoftwareApplication":[],"WebPage":[]},"graphName":"","isEnabled":true},"graphs":[]},"schema_type":"default","schema_type_options":null,"pillar_content":false,"robots_default":true,"robots_noindex":false,"robots_noarchive":false,"robots_nosnippet":false,"robots_nofollow":false,"robots_noimageindex":false,"robots_noodp":false,"robots_notranslate":false,"robots_max_snippet":null,"robots_max_videopreview":null,"robots_max_imagepreview":"large","priority":null,"frequency":null,"local_seo":null,"breadcrumb_settings":null,"limit_modified_date":false,"created":"2024-04-11 01:57:06","updated":"2025-06-22 17:13:06"},"aioseo_breadcrumb":"<div class=\"aioseo-breadcrumbs\"><span class=\"aioseo-breadcrumb\">\n\t<a href=\"https:\/\/www.rucashk.com\/es\" title=\"Home\">Home<\/a>\n<\/span><span class=\"aioseo-breadcrumb-separator\">&raquo;<\/span><span class=\"aioseo-breadcrumb\">\n\t<a href=\"https:\/\/www.rucashk.com\/es\/products\/\" title=\"Productos\">Productos<\/a>\n<\/span><span class=\"aioseo-breadcrumb-separator\">&raquo;<\/span><span class=\"aioseo-breadcrumb\">\n\t<a href=\"https:\/\/www.rucashk.com\/es\/categoria-producto\/xiaomi-eco\/\" title=\"Xiaomi Eco\">Xiaomi Eco<\/a>\n<\/span><span class=\"aioseo-breadcrumb-separator\">&raquo;<\/span><span class=\"aioseo-breadcrumb\">\n\t<a href=\"https:\/\/www.rucashk.com\/es\/categoria-producto\/xiaomi-eco\/gadgets\/\" title=\"Gadgets\">Gadgets<\/a>\n<\/span><span class=\"aioseo-breadcrumb-separator\">&raquo;<\/span><span class=\"aioseo-breadcrumb\">\n\tXiaomi mijia wireless smart electric e-ink digital Clock\n<\/span><\/div>","aioseo_breadcrumb_json":[{"label":"Home","link":"https:\/\/www.rucashk.com\/es"},{"label":"Productos","link":"https:\/\/www.rucashk.com\/es\/products\/"},{"label":"Xiaomi Eco","link":"https:\/\/www.rucashk.com\/es\/categoria-producto\/xiaomi-eco\/"},{"label":"Gadgets","link":"https:\/\/www.rucashk.com\/es\/categoria-producto\/xiaomi-eco\/gadgets\/"},{"label":"Xiaomi mijia wireless smart electric e-ink digital Clock","link":"https:\/\/www.rucashk.com\/es\/producto\/xiaomi-mijia-wireless-smart-electric-e-ink-digital-clock-2\/"}],"_links":{"self":[{"href":"https:\/\/www.rucashk.com\/es\/wp-json\/wp\/v2\/product\/23656","targetHints":{"allow":["GET"]}}],"collection":[{"href":"https:\/\/www.rucashk.com\/es\/wp-json\/wp\/v2\/product"}],"about":[{"href":"https:\/\/www.rucashk.com\/es\/wp-json\/wp\/v2\/types\/product"}],"wp:featuredmedia":[{"embeddable":true,"href":"https:\/\/www.rucashk.com\/es\/wp-json\/wp\/v2\/media\/23797"}],"wp:attachment":[{"href":"https:\/\/www.rucashk.com\/es\/wp-json\/wp\/v2\/media?parent=23656"}],"wp:term":[{"taxonomy":"product_brand","embeddable":true,"href":"https:\/\/www.rucashk.com\/es\/wp-json\/wp\/v2\/product_brand?post=23656"},{"taxonomy":"product_cat","embeddable":true,"href":"https:\/\/www.rucashk.com\/es\/wp-json\/wp\/v2\/product_cat?post=23656"},{"taxonomy":"product_tag","embeddable":true,"href":"https:\/\/www.rucashk.com\/es\/wp-json\/wp\/v2\/product_tag?post=23656"}],"curies":[{"name":"wp","href":"https:\/\/api.w.org\/{rel}","templated":true}]}}