{"id":23655,"date":"2024-01-09T15:56:39","date_gmt":"2024-01-09T15:56:39","guid":{"rendered":"http:\/\/rucashk.com\/?post_type=product&#038;p=23655"},"modified":"2024-01-21T04:02:38","modified_gmt":"2024-01-21T04:02:38","slug":"xiaomi-car-air-cleaner-bluetooth-4-1-air-purifier-freshener-2","status":"publish","type":"product","link":"https:\/\/www.rucashk.com\/es\/producto\/xiaomi-car-air-cleaner-bluetooth-4-1-air-purifier-freshener-2\/","title":{"rendered":"Xiaomi Car Air Cleaner Bluetooth 4.1 Ambientador purificador de aire"},"content":{"rendered":"<p><strong>Im\u00e1genes del producto<\/strong><\/p>\n<div>\n<div>\n<p><img decoding=\"async\" src=\"https:\/\/www.rucashk.com\/wp-content\/uploads\/2020\/07\/HTB1oIcMhlyWBuNkSmFPq6xguVXa7.jpg\" alt=\"15\" \/><img decoding=\"async\" src=\"https:\/\/www.rucashk.com\/wp-content\/uploads\/2020\/07\/HTB194SYeYsrBKNjSZFpq6AXhFXaw.jpg\" alt=\"16\" \/><img decoding=\"async\" src=\"https:\/\/www.rucashk.com\/wp-content\/uploads\/2020\/07\/HTB19WShpFuWBuNjSszbq6AS7FXam.jpg\" alt=\"17\" \/><img decoding=\"async\" src=\"https:\/\/www.rucashk.com\/wp-content\/uploads\/2020\/07\/HTB1TACFpH5YBuNjSspoq6zeNFXay.jpg\" alt=\"18\" \/><img decoding=\"async\" src=\"https:\/\/www.rucashk.com\/wp-content\/uploads\/2020\/07\/HTB1pniPeVooBKNjSZFPq6xa2XXaH.jpg\" alt=\"19\" \/><img decoding=\"async\" src=\"https:\/\/www.rucashk.com\/wp-content\/uploads\/2020\/07\/HTB1.zOlpQOWBuNjSsppq6xPgpXaZ.jpg\" alt=\"20\" \/><img decoding=\"async\" src=\"https:\/\/www.rucashk.com\/wp-content\/uploads\/2020\/07\/HTB1oqKKeYArBKNjSZFLq6A_dVXa0.jpg\" alt=\"21\" \/><img decoding=\"async\" src=\"https:\/\/www.rucashk.com\/wp-content\/uploads\/2020\/07\/HTB1swNDhDXYBeNkHFrdq6AiuVXaF.jpg\" alt=\"22\" \/><img decoding=\"async\" src=\"https:\/\/www.rucashk.com\/wp-content\/uploads\/2020\/07\/HTB1fIC9e_mWBKNjSZFBq6xxUFXaB.jpg\" alt=\"23\" \/><img decoding=\"async\" src=\"https:\/\/www.rucashk.com\/wp-content\/uploads\/2020\/07\/HTB16O8Fe8nTBKNjSZPfq6zf1XXam.jpg\" alt=\"24\" \/><\/p>\n<\/div>\n<\/div>\n<div>\n<div>\n<h3><strong>Descripci\u00f3n divertida<\/strong><\/h3>\n<\/div>\n<div>\n<div>\n<table>\n<thead>\n<tr>\n<td colspan=\"5\"><strong>Informaci\u00f3n del Producto<\/strong><\/td>\n<\/tr>\n<\/thead>\n<tbody>\n<tr>\n<td>Marca<\/td>\n<td>Xiaomi MiJia<\/td>\n<\/tr>\n<tr>\n<td>Color<\/td>\n<td>Negro<\/td>\n<\/tr>\n<tr>\n<td>Potencia nominal<\/td>\n<td>12 V CC\/6,5 W<\/td>\n<\/tr>\n<tr>\n<td>Longitud del cable<\/td>\n<td>4,5 m<\/td>\n<\/tr>\n<tr>\n<td>Ruido<\/td>\n<td>42dB(A)<\/td>\n<\/tr>\n<tr>\n<td>Peso del Producto<\/td>\n<td>1.250 kilogramos<\/td>\n<\/tr>\n<tr>\n<td>Bluetooth<\/td>\n<td>V4.1 Soporte para conexiones de tel\u00e9fonos inteligentes, control remoto<\/td>\n<\/tr>\n<tr>\n<td>Sensor de part\u00edculas<\/td>\n<td>anfenol<\/td>\n<\/tr>\n<tr>\n<td colspan=\"5\"><strong>contenidos del paquete<\/strong><\/td>\n<\/tr>\n<tr>\n<td colspan=\"5\">1 robot aspirador, 1 base de carga, 1 cable de alimentaci\u00f3n, 1 cepillo de limpieza, 1 manual de usuario<\/p>\n<div><\/div>\n<\/td>\n<\/tr>\n<\/tbody>\n<\/table>\n<\/div>\n<\/div>\n<\/div>\n<p><img class=\"bg_lazy\" title=\"Original Xiaomi MiJia purificador de aire para coche ambientador bluetooth 4,1 para Control remoto de tel\u00e9fono inteligente\" alt=\"\" data-original=\"https:\/\/imgaz.staticbg.com\/images\/oaupload\/banggood\/images\/18\/68\/efe55276-4732-4b92-a4c1-9ec82a86198b.png\" \/><img class=\"bg_lazy\" title=\"Original Xiaomi MiJia purificador de aire para coche ambientador bluetooth 4,1 para Control remoto de tel\u00e9fono inteligente\" alt=\"\" data-original=\"https:\/\/imgaz.staticbg.com\/images\/oaupload\/banggood\/images\/8F\/19\/b5827aae-3528-454a-8043-24d11ef92efa.png\" \/><\/p>\n<p><img class=\"bg_lazy\" title=\"Original Xiaomi MiJia purificador de aire para coche ambientador bluetooth 4,1 para Control remoto de tel\u00e9fono inteligente\" alt=\"\" data-original=\"https:\/\/imgaz.staticbg.com\/images\/oaupload\/banggood\/images\/3E\/4A\/f4f72fea-3298-4f15-9f19-660a4b900788.png\" \/><img class=\"bg_lazy\" title=\"Original Xiaomi MiJia purificador de aire para coche ambientador bluetooth 4,1 para Control remoto de tel\u00e9fono inteligente\" alt=\"\" data-original=\"https:\/\/imgaz.staticbg.com\/images\/oaupload\/banggood\/images\/5F\/1B\/3f9f6f91-f358-4a08-a49c-3b652199c2b9.png\" \/><img class=\"bg_lazy\" title=\"Original Xiaomi MiJia purificador de aire para coche ambientador bluetooth 4,1 para Control remoto de tel\u00e9fono inteligente\" alt=\"\" data-original=\"https:\/\/imgaz.staticbg.com\/images\/oaupload\/banggood\/images\/65\/6C\/87d0888a-422a-4861-b494-5af34c30a45f.png\" \/><img class=\"bg_lazy\" title=\"Original Xiaomi MiJia purificador de aire para coche ambientador bluetooth 4,1 para Control remoto de tel\u00e9fono inteligente\" alt=\"\" data-original=\"https:\/\/imgaz.staticbg.com\/images\/oaupload\/banggood\/images\/5C\/54\/6d08cc9e-93aa-4e8f-9f17-68b6a2b5c450.png\" \/><img class=\"bg_lazy\" title=\"Original Xiaomi MiJia purificador de aire para coche ambientador bluetooth 4,1 para Control remoto de tel\u00e9fono inteligente\" alt=\"\" data-original=\"https:\/\/imgaz.staticbg.com\/images\/oaupload\/banggood\/images\/D6\/C5\/e24b90da-edc0-47b1-85b6-9ba623d6f386.png\" \/><\/p>\n<p>&nbsp;<\/p>\n<p>&nbsp;<\/p>","protected":false},"excerpt":{"rendered":"<p>Reflejos<br \/>\nLa adopci\u00f3n de ventiladores dobles y el reciclaje del flujo de aire aceleran el proceso de limpieza del aire.<br \/>\nPuede limpiar el aire de un coche entre 3 y 7 minutos.<br \/>\nModo silencio: 60 metros cuadrados por hora<br \/>\nForma de instalaci\u00f3n \u00fanica: atar al reposacabezas de la silla del autom\u00f3vil<br \/>\nControl inteligente de la aplicaci\u00f3n: muestra la calidad del aire interior, recuerda inteligentemente el reemplazo del filtro, filtra una clave para comprar<br \/>\nAPLICACI\u00d3N MiJia, compatible con Android e iOS<\/p>","protected":false},"featured_media":23793,"template":"","meta":[],"product_brand":[],"product_cat":[1291,1288],"product_tag":[937],"class_list":{"0":"post-23655","1":"product","2":"type-product","3":"status-publish","4":"has-post-thumbnail","6":"product_cat-car-purifier","7":"product_cat-e-vehicle-accessories","8":"product_tag-xiaomi-car-air-cleaner-bluetooth-4-1-air-purifier-freshener","10":"first","11":"instock","12":"shipping-taxable","13":"product-type-external"},"aioseo_notices":[],"aioseo_head":"\n\t\t<!-- All in One SEO Pro 4.5.9.2 - aioseo.com -->\n\t\t<meta name=\"description\" content=\"Highlights Adopting double fans, recycling airflow accelerate air cleaning process Can clean air of a car about 3 - 7 minutes Mute mode: 60 square meters per hour Unique installation way: bind on the headrest of the car chair APP intelligent control: Display the interior air quality, Intelligent remind filter replacement, Filter a key to buy MiJia APP, support Android and iOS\" \/>\n\t\t<meta name=\"robots\" content=\"max-image-preview:large\" \/>\n\t\t<link rel=\"canonical\" href=\"https:\/\/www.rucashk.com\/es\/producto\/xiaomi-car-air-cleaner-bluetooth-4-1-air-purifier-freshener-2\/\" \/>\n\t\t<meta name=\"generator\" content=\"All in One SEO Pro (AIOSEO) 4.5.9.2\" \/>\n\t\t<meta property=\"og:locale\" content=\"es_ES\" \/>\n\t\t<meta property=\"og:site_name\" content=\"Rucas - One-stop AIoT Distribution Worldwide\" \/>\n\t\t<meta property=\"og:type\" content=\"article\" \/>\n\t\t<meta property=\"og:title\" content=\"Xiaomi Car Air Cleaner Bluetooth 4.1 Air Purifier Freshener - Rucas - Wholesale and Distribution\" \/>\n\t\t<meta property=\"og:description\" content=\"Highlights Adopting double fans, recycling airflow accelerate air cleaning process Can clean air of a car about 3 - 7 minutes Mute mode: 60 square meters per hour Unique installation way: bind on the headrest of the car chair APP intelligent control: Display the interior air quality, Intelligent remind filter replacement, Filter a key to buy MiJia APP, support Android and iOS\" \/>\n\t\t<meta property=\"og:url\" content=\"https:\/\/www.rucashk.com\/es\/producto\/xiaomi-car-air-cleaner-bluetooth-4-1-air-purifier-freshener-2\/\" \/>\n\t\t<meta property=\"og:image\" content=\"https:\/\/www.rucashk.com\/wp-content\/uploads\/replace\/503b8e645f128a97ccde2b6290747646.jpeg\" \/>\n\t\t<meta property=\"og:image:secure_url\" content=\"https:\/\/www.rucashk.com\/wp-content\/uploads\/replace\/503b8e645f128a97ccde2b6290747646.jpeg\" \/>\n\t\t<meta property=\"og:image:width\" content=\"1456\" \/>\n\t\t<meta property=\"og:image:height\" content=\"816\" \/>\n\t\t<meta property=\"article:published_time\" content=\"2024-01-09T15:56:39+00:00\" \/>\n\t\t<meta property=\"article:modified_time\" content=\"2024-01-21T04:02:38+00:00\" \/>\n\t\t<meta name=\"twitter:card\" content=\"summary_large_image\" \/>\n\t\t<meta name=\"twitter:title\" content=\"Xiaomi Car Air Cleaner Bluetooth 4.1 Air Purifier Freshener - Rucas - Wholesale and Distribution\" \/>\n\t\t<meta name=\"twitter:description\" content=\"Highlights Adopting double fans, recycling airflow accelerate air cleaning process Can clean air of a car about 3 - 7 minutes Mute mode: 60 square meters per hour Unique installation way: bind on the headrest of the car chair APP intelligent control: Display the interior air quality, Intelligent remind filter replacement, Filter a key to buy MiJia APP, support Android and iOS\" \/>\n\t\t<meta name=\"twitter:image\" content=\"https:\/\/www.rucashk.com\/wp-content\/uploads\/replace\/503b8e645f128a97ccde2b6290747646.jpeg\" \/>\n\t\t<script type=\"application\/ld+json\" class=\"aioseo-schema\">\n\t\t\t{\"@context\":\"https:\\\/\\\/schema.org\",\"@graph\":[{\"@type\":\"BreadcrumbList\",\"@id\":\"https:\\\/\\\/www.rucashk.com\\\/es\\\/producto\\\/xiaomi-car-air-cleaner-bluetooth-4-1-air-purifier-freshener-2\\\/#breadcrumblist\",\"itemListElement\":[{\"@type\":\"ListItem\",\"@id\":\"https:\\\/\\\/www.rucashk.com\\\/es\\\/#listItem\",\"position\":1,\"name\":\"Home\",\"item\":\"https:\\\/\\\/www.rucashk.com\\\/es\\\/\",\"nextItem\":\"https:\\\/\\\/www.rucashk.com\\\/es\\\/producto\\\/xiaomi-car-air-cleaner-bluetooth-4-1-air-purifier-freshener-2\\\/#listItem\"},{\"@type\":\"ListItem\",\"@id\":\"https:\\\/\\\/www.rucashk.com\\\/es\\\/producto\\\/xiaomi-car-air-cleaner-bluetooth-4-1-air-purifier-freshener-2\\\/#listItem\",\"position\":2,\"name\":\"Xiaomi Car Air Cleaner Bluetooth 4.1 Air Purifier Freshener\",\"previousItem\":\"https:\\\/\\\/www.rucashk.com\\\/es\\\/#listItem\"}]},{\"@type\":\"Organization\",\"@id\":\"https:\\\/\\\/www.rucashk.com\\\/es\\\/#organization\",\"name\":\"Rucas\",\"url\":\"https:\\\/\\\/www.rucashk.com\\\/es\\\/\",\"logo\":{\"@type\":\"ImageObject\",\"url\":\"https:\\\/\\\/www.rucashk.com\\\/wp-content\\\/uploads\\\/2023\\\/12\\\/Rucas_campany_logo.png\",\"@id\":\"https:\\\/\\\/www.rucashk.com\\\/es\\\/producto\\\/xiaomi-car-air-cleaner-bluetooth-4-1-air-purifier-freshener-2\\\/#organizationLogo\",\"width\":221,\"height\":65},\"image\":{\"@id\":\"https:\\\/\\\/www.rucashk.com\\\/es\\\/#organizationLogo\"}},{\"@type\":\"Person\",\"@id\":\"https:\\\/\\\/www.rucashk.com\\\/es\\\/author\\\/admin\\\/#author\",\"url\":\"https:\\\/\\\/www.rucashk.com\\\/es\\\/author\\\/admin\\\/\",\"name\":\"admin\",\"image\":{\"@type\":\"ImageObject\",\"@id\":\"https:\\\/\\\/www.rucashk.com\\\/es\\\/producto\\\/xiaomi-car-air-cleaner-bluetooth-4-1-air-purifier-freshener-2\\\/#authorImage\",\"url\":\"https:\\\/\\\/secure.gravatar.com\\\/avatar\\\/b7c8925b09a27e72b30232f8ecaadbd5af0f70a38c78096863fe51b64f031c24?s=96&d=mm&r=g\",\"width\":96,\"height\":96,\"caption\":\"admin\"}},{\"@type\":\"WebPage\",\"@id\":\"https:\\\/\\\/www.rucashk.com\\\/es\\\/producto\\\/xiaomi-car-air-cleaner-bluetooth-4-1-air-purifier-freshener-2\\\/#webpage\",\"url\":\"https:\\\/\\\/www.rucashk.com\\\/es\\\/producto\\\/xiaomi-car-air-cleaner-bluetooth-4-1-air-purifier-freshener-2\\\/\",\"name\":\"Xiaomi Car Air Cleaner Bluetooth 4.1 Air Purifier Freshener - Rucas - Wholesale and Distribution\",\"description\":\"Highlights Adopting double fans, recycling airflow accelerate air cleaning process Can clean air of a car about 3 - 7 minutes Mute mode: 60 square meters per hour Unique installation way: bind on the headrest of the car chair APP intelligent control: Display the interior air quality, Intelligent remind filter replacement, Filter a key to buy MiJia APP, support Android and iOS\",\"inLanguage\":\"es-ES\",\"isPartOf\":{\"@id\":\"https:\\\/\\\/www.rucashk.com\\\/es\\\/#website\"},\"breadcrumb\":{\"@id\":\"https:\\\/\\\/www.rucashk.com\\\/es\\\/producto\\\/xiaomi-car-air-cleaner-bluetooth-4-1-air-purifier-freshener-2\\\/#breadcrumblist\"},\"author\":{\"@id\":\"https:\\\/\\\/www.rucashk.com\\\/es\\\/author\\\/admin\\\/#author\"},\"creator\":{\"@id\":\"https:\\\/\\\/www.rucashk.com\\\/es\\\/author\\\/admin\\\/#author\"},\"image\":{\"@type\":\"ImageObject\",\"url\":\"https:\\\/\\\/www.rucashk.com\\\/wp-content\\\/uploads\\\/2024\\\/01\\\/15a399d9-dbe7-4352-a954-aada0828d269.jpg\",\"@id\":\"https:\\\/\\\/www.rucashk.com\\\/es\\\/producto\\\/xiaomi-car-air-cleaner-bluetooth-4-1-air-purifier-freshener-2\\\/#mainImage\",\"width\":600,\"height\":600},\"primaryImageOfPage\":{\"@id\":\"https:\\\/\\\/www.rucashk.com\\\/es\\\/producto\\\/xiaomi-car-air-cleaner-bluetooth-4-1-air-purifier-freshener-2\\\/#mainImage\"},\"datePublished\":\"2024-01-09T15:56:39+00:00\",\"dateModified\":\"2024-01-21T04:02:38+00:00\"},{\"@type\":\"WebSite\",\"@id\":\"https:\\\/\\\/www.rucashk.com\\\/es\\\/#website\",\"url\":\"https:\\\/\\\/www.rucashk.com\\\/es\\\/\",\"name\":\"Rucas - Wholesale and distribution worldwide\",\"alternateName\":\"Rucas - One-stop AIoT Distribution Worldwide\",\"description\":\"One-stop AIoT Distribution Worldwide\",\"inLanguage\":\"es-ES\",\"publisher\":{\"@id\":\"https:\\\/\\\/www.rucashk.com\\\/es\\\/#organization\"}}]}\n\t\t<\/script>\n\t\t<!-- All in One SEO Pro -->\r\n\t\t<title>Xiaomi Car Air Cleaner Bluetooth 4.1 Air Purifier Freshener - Rucas - Wholesale and Distribution<\/title>\n\n","aioseo_head_json":{"title":"Xiaomi Car Air Cleaner Bluetooth 4.1 Air Purifier Freshener - Rucas - Wholesale and Distribution","description":"Highlights Adopting double fans, recycling airflow accelerate air cleaning process Can clean air of a car about 3 - 7 minutes Mute mode: 60 square meters per hour Unique installation way: bind on the headrest of the car chair APP intelligent control: Display the interior air quality, Intelligent remind filter replacement, Filter a key to buy MiJia APP, support Android and iOS","canonical_url":"https:\/\/www.rucashk.com\/es\/producto\/xiaomi-car-air-cleaner-bluetooth-4-1-air-purifier-freshener-2\/","robots":"max-image-preview:large","keywords":"","webmasterTools":{"miscellaneous":""},"og:locale":"es_ES","og:site_name":"Rucas - One-stop AIoT Distribution Worldwide","og:type":"article","og:title":"Xiaomi Car Air Cleaner Bluetooth 4.1 Air Purifier Freshener - Rucas - Wholesale and Distribution","og:description":"Highlights Adopting double fans, recycling airflow accelerate air cleaning process Can clean air of a car about 3 - 7 minutes Mute mode: 60 square meters per hour Unique installation way: bind on the headrest of the car chair APP intelligent control: Display the interior air quality, Intelligent remind filter replacement, Filter a key to buy MiJia APP, support Android and iOS","og:url":"https:\/\/www.rucashk.com\/es\/producto\/xiaomi-car-air-cleaner-bluetooth-4-1-air-purifier-freshener-2\/","og:image":"https:\/\/www.rucashk.com\/wp-content\/uploads\/replace\/503b8e645f128a97ccde2b6290747646.jpeg","og:image:secure_url":"https:\/\/www.rucashk.com\/wp-content\/uploads\/replace\/503b8e645f128a97ccde2b6290747646.jpeg","og:image:width":1456,"og:image:height":816,"article:published_time":"2024-01-09T15:56:39+00:00","article:modified_time":"2024-01-21T04:02:38+00:00","twitter:card":"summary_large_image","twitter:title":"Xiaomi Car Air Cleaner Bluetooth 4.1 Air Purifier Freshener - Rucas - Wholesale and Distribution","twitter:description":"Highlights Adopting double fans, recycling airflow accelerate air cleaning process Can clean air of a car about 3 - 7 minutes Mute mode: 60 square meters per hour Unique installation way: bind on the headrest of the car chair APP intelligent control: Display the interior air quality, Intelligent remind filter replacement, Filter a key to buy MiJia APP, support Android and iOS","twitter:image":"https:\/\/www.rucashk.com\/wp-content\/uploads\/replace\/503b8e645f128a97ccde2b6290747646.jpeg","schema":{"@context":"https:\/\/schema.org","@graph":[{"@type":"BreadcrumbList","@id":"https:\/\/www.rucashk.com\/es\/producto\/xiaomi-car-air-cleaner-bluetooth-4-1-air-purifier-freshener-2\/#breadcrumblist","itemListElement":[{"@type":"ListItem","@id":"https:\/\/www.rucashk.com\/es\/#listItem","position":1,"name":"Home","item":"https:\/\/www.rucashk.com\/es\/","nextItem":"https:\/\/www.rucashk.com\/es\/producto\/xiaomi-car-air-cleaner-bluetooth-4-1-air-purifier-freshener-2\/#listItem"},{"@type":"ListItem","@id":"https:\/\/www.rucashk.com\/es\/producto\/xiaomi-car-air-cleaner-bluetooth-4-1-air-purifier-freshener-2\/#listItem","position":2,"name":"Xiaomi Car Air Cleaner Bluetooth 4.1 Air Purifier Freshener","previousItem":"https:\/\/www.rucashk.com\/es\/#listItem"}]},{"@type":"Organization","@id":"https:\/\/www.rucashk.com\/es\/#organization","name":"Rucas","url":"https:\/\/www.rucashk.com\/es\/","logo":{"@type":"ImageObject","url":"https:\/\/www.rucashk.com\/wp-content\/uploads\/2023\/12\/Rucas_campany_logo.png","@id":"https:\/\/www.rucashk.com\/es\/producto\/xiaomi-car-air-cleaner-bluetooth-4-1-air-purifier-freshener-2\/#organizationLogo","width":221,"height":65},"image":{"@id":"https:\/\/www.rucashk.com\/es\/#organizationLogo"}},{"@type":"Person","@id":"https:\/\/www.rucashk.com\/es\/author\/admin\/#author","url":"https:\/\/www.rucashk.com\/es\/author\/admin\/","name":"admin","image":{"@type":"ImageObject","@id":"https:\/\/www.rucashk.com\/es\/producto\/xiaomi-car-air-cleaner-bluetooth-4-1-air-purifier-freshener-2\/#authorImage","url":"https:\/\/secure.gravatar.com\/avatar\/b7c8925b09a27e72b30232f8ecaadbd5af0f70a38c78096863fe51b64f031c24?s=96&d=mm&r=g","width":96,"height":96,"caption":"admin"}},{"@type":"WebPage","@id":"https:\/\/www.rucashk.com\/es\/producto\/xiaomi-car-air-cleaner-bluetooth-4-1-air-purifier-freshener-2\/#webpage","url":"https:\/\/www.rucashk.com\/es\/producto\/xiaomi-car-air-cleaner-bluetooth-4-1-air-purifier-freshener-2\/","name":"Xiaomi Car Air Cleaner Bluetooth 4.1 Air Purifier Freshener - Rucas - Wholesale and Distribution","description":"Highlights Adopting double fans, recycling airflow accelerate air cleaning process Can clean air of a car about 3 - 7 minutes Mute mode: 60 square meters per hour Unique installation way: bind on the headrest of the car chair APP intelligent control: Display the interior air quality, Intelligent remind filter replacement, Filter a key to buy MiJia APP, support Android and iOS","inLanguage":"es-ES","isPartOf":{"@id":"https:\/\/www.rucashk.com\/es\/#website"},"breadcrumb":{"@id":"https:\/\/www.rucashk.com\/es\/producto\/xiaomi-car-air-cleaner-bluetooth-4-1-air-purifier-freshener-2\/#breadcrumblist"},"author":{"@id":"https:\/\/www.rucashk.com\/es\/author\/admin\/#author"},"creator":{"@id":"https:\/\/www.rucashk.com\/es\/author\/admin\/#author"},"image":{"@type":"ImageObject","url":"https:\/\/www.rucashk.com\/wp-content\/uploads\/2024\/01\/15a399d9-dbe7-4352-a954-aada0828d269.jpg","@id":"https:\/\/www.rucashk.com\/es\/producto\/xiaomi-car-air-cleaner-bluetooth-4-1-air-purifier-freshener-2\/#mainImage","width":600,"height":600},"primaryImageOfPage":{"@id":"https:\/\/www.rucashk.com\/es\/producto\/xiaomi-car-air-cleaner-bluetooth-4-1-air-purifier-freshener-2\/#mainImage"},"datePublished":"2024-01-09T15:56:39+00:00","dateModified":"2024-01-21T04:02:38+00:00"},{"@type":"WebSite","@id":"https:\/\/www.rucashk.com\/es\/#website","url":"https:\/\/www.rucashk.com\/es\/","name":"Rucas - Wholesale and distribution worldwide","alternateName":"Rucas - One-stop AIoT Distribution Worldwide","description":"One-stop AIoT Distribution Worldwide","inLanguage":"es-ES","publisher":{"@id":"https:\/\/www.rucashk.com\/es\/#organization"}}]}},"aioseo_meta_data":{"post_id":"23655","title":null,"description":null,"keywords":null,"keyphrases":null,"primary_term":null,"canonical_url":null,"og_title":null,"og_description":null,"og_object_type":"default","og_image_type":"default","og_image_url":null,"og_image_width":null,"og_image_height":null,"og_image_custom_url":null,"og_image_custom_fields":null,"og_video":null,"og_custom_url":null,"og_article_section":null,"og_article_tags":null,"twitter_use_og":false,"twitter_card":"default","twitter_image_type":"default","twitter_image_url":null,"twitter_image_custom_url":null,"twitter_image_custom_fields":null,"twitter_title":null,"twitter_description":null,"schema":{"blockGraphs":[],"customGraphs":[],"default":{"data":{"Article":[],"Course":[],"Dataset":[],"FAQPage":[],"Movie":[],"Person":[],"Product":[],"Recipe":[],"Service":[],"SoftwareApplication":[],"WebPage":[]},"graphName":"","isEnabled":true},"graphs":[]},"schema_type":"default","schema_type_options":null,"pillar_content":false,"robots_default":true,"robots_noindex":false,"robots_noarchive":false,"robots_nosnippet":false,"robots_nofollow":false,"robots_noimageindex":false,"robots_noodp":false,"robots_notranslate":false,"robots_max_snippet":null,"robots_max_videopreview":null,"robots_max_imagepreview":"large","priority":null,"frequency":null,"local_seo":null,"breadcrumb_settings":null,"limit_modified_date":false,"created":"2024-04-11 01:57:06","updated":"2025-06-22 17:13:06"},"aioseo_breadcrumb":"<div class=\"aioseo-breadcrumbs\"><span class=\"aioseo-breadcrumb\">\n\t<a href=\"https:\/\/www.rucashk.com\/es\" title=\"Home\">Home<\/a>\n<\/span><span class=\"aioseo-breadcrumb-separator\">&raquo;<\/span><span class=\"aioseo-breadcrumb\">\n\t<a href=\"https:\/\/www.rucashk.com\/es\/products\/\" title=\"Productos\">Productos<\/a>\n<\/span><span class=\"aioseo-breadcrumb-separator\">&raquo;<\/span><span class=\"aioseo-breadcrumb\">\n\t<a href=\"https:\/\/www.rucashk.com\/es\/categoria-producto\/e-vehicle-accessories\/\" title=\"E-Vehicle Accessories\">E-Vehicle Accessories<\/a>\n<\/span><span class=\"aioseo-breadcrumb-separator\">&raquo;<\/span><span class=\"aioseo-breadcrumb\">\n\t<a href=\"https:\/\/www.rucashk.com\/es\/categoria-producto\/e-vehicle-accessories\/car-purifier\/\" title=\"Car Purifier\">Car Purifier<\/a>\n<\/span><span class=\"aioseo-breadcrumb-separator\">&raquo;<\/span><span class=\"aioseo-breadcrumb\">\n\tXiaomi Car Air Cleaner Bluetooth 4.1 Air Purifier Freshener\n<\/span><\/div>","aioseo_breadcrumb_json":[{"label":"Home","link":"https:\/\/www.rucashk.com\/es"},{"label":"Productos","link":"https:\/\/www.rucashk.com\/es\/products\/"},{"label":"E-Vehicle Accessories","link":"https:\/\/www.rucashk.com\/es\/categoria-producto\/e-vehicle-accessories\/"},{"label":"Car Purifier","link":"https:\/\/www.rucashk.com\/es\/categoria-producto\/e-vehicle-accessories\/car-purifier\/"},{"label":"Xiaomi Car Air Cleaner Bluetooth 4.1 Air Purifier Freshener","link":"https:\/\/www.rucashk.com\/es\/producto\/xiaomi-car-air-cleaner-bluetooth-4-1-air-purifier-freshener-2\/"}],"_links":{"self":[{"href":"https:\/\/www.rucashk.com\/es\/wp-json\/wp\/v2\/product\/23655","targetHints":{"allow":["GET"]}}],"collection":[{"href":"https:\/\/www.rucashk.com\/es\/wp-json\/wp\/v2\/product"}],"about":[{"href":"https:\/\/www.rucashk.com\/es\/wp-json\/wp\/v2\/types\/product"}],"wp:featuredmedia":[{"embeddable":true,"href":"https:\/\/www.rucashk.com\/es\/wp-json\/wp\/v2\/media\/23793"}],"wp:attachment":[{"href":"https:\/\/www.rucashk.com\/es\/wp-json\/wp\/v2\/media?parent=23655"}],"wp:term":[{"taxonomy":"product_brand","embeddable":true,"href":"https:\/\/www.rucashk.com\/es\/wp-json\/wp\/v2\/product_brand?post=23655"},{"taxonomy":"product_cat","embeddable":true,"href":"https:\/\/www.rucashk.com\/es\/wp-json\/wp\/v2\/product_cat?post=23655"},{"taxonomy":"product_tag","embeddable":true,"href":"https:\/\/www.rucashk.com\/es\/wp-json\/wp\/v2\/product_tag?post=23655"}],"curies":[{"name":"wp","href":"https:\/\/api.w.org\/{rel}","templated":true}]}}