{"id":23654,"date":"2024-01-09T15:56:39","date_gmt":"2024-01-09T15:56:39","guid":{"rendered":"http:\/\/rucashk.com\/?post_type=product&#038;p=23654"},"modified":"2024-03-12T07:46:20","modified_gmt":"2024-03-12T07:46:20","slug":"roborock-e4","status":"publish","type":"product","link":"https:\/\/www.rucashk.com\/es\/producto\/roborock-e4\/","title":{"rendered":"roborock e4"},"content":{"rendered":"<h2>Descripci\u00f3n del Producto<\/h2>\n<div class=\"aplus-v2 desktop celwidget\" data-cel-widget=\"aplus\">\n<div class=\"celwidget aplus-module 3p-module-b\" data-cel-widget=\"aplus-3p-module-b\">\n<div class=\"aplus-3p-fixed-width\"><img decoding=\"async\" class=\"a-spacing-base\" src=\"\/wp-content\/uploads\/replace\/b50ec2003215b05e09eb31933baffd53.jpeg\" alt=\"roborock E4 robot vacuum\" data-src=\"\/wp-content\/uploads\/replace\/b50ec2003215b05e09eb31933baffd53.jpeg\" \/><\/div>\n<\/div>\n<div class=\"celwidget aplus-module module-9\" data-cel-widget=\"aplus-module-9\">\n<div class=\"a-expander-collapsed-height a-row a-expander-container a-expander-partial-collapse-container\" data-a-expander-name=\"aplus-module-expander\" data-a-expander-collapsed-height=\"700\">\n<div class=\"a-expander-content a-expander-partial-collapse-content\">\n<div class=\"aplus-module-wrapper\">\n<div class=\"apm-spacing apm-fixed-width\">\n<table class=\"apm-fixed-width apm-eventhirdcol-table\">\n<tbody>\n<tr>\n<th class=\"apm-center\">\n<div class=\"apm-eventhirdcol apm-floatleft\">\n<p><img decoding=\"async\" class=\"a-spacing-mini\" src=\"\/wp-content\/uploads\/replace\/83200f84e68dd85974397a6093eddfd1.jpeg\" alt=\"robot vacuum cleaner\" data-src=\"\/wp-content\/uploads\/replace\/83200f84e68dd85974397a6093eddfd1.jpeg\" \/><\/p>\n<\/div>\n<\/th>\n<th class=\"apm-center\">\n<div class=\"apm-eventhirdcol apm-floatleft\">\n<p><img decoding=\"async\" class=\"a-spacing-mini\" src=\"\/wp-content\/uploads\/replace\/d92573d38b8b29a253bf9d4341eb9466.jpeg\" alt=\"robot vacuum cleaner\" data-src=\"\/wp-content\/uploads\/replace\/d92573d38b8b29a253bf9d4341eb9466.jpeg\" \/><\/p>\n<\/div>\n<\/th>\n<th class=\"apm-center\">\n<div class=\"apm-eventhirdcol apm-floatleft\">\n<p><img decoding=\"async\" class=\"a-spacing-mini\" src=\"\/wp-content\/uploads\/replace\/f5a9160d9206d4cff2da7a41c4c05005.jpeg\" alt=\"robotic vacuum and mop\" data-src=\"\/wp-content\/uploads\/replace\/f5a9160d9206d4cff2da7a41c4c05005.jpeg\" \/><\/p>\n<\/div>\n<\/th>\n<\/tr>\n<tr>\n<td class=\"apm-top\">\n<div class=\"apm-eventhirdcol apm-floatleft\">\n<h4 class=\"a-spacing-mini\">Limpieza efectiva<\/h4>\n<p>10% movimiento m\u00e1s r\u00e1pido*, navegaci\u00f3n inteligente impulsada por giroscopios duales, un sistema de seguimiento de movimiento OpticEye y una ruta en forma de Z limpian sus pisos de manera r\u00e1pida y eficiente.<\/p>\n<p>*Comparado con Roborock E2 y E3<\/p>\n<\/div>\n<\/td>\n<td class=\"apm-top\">\n<div class=\"apm-eventhirdcol apm-floatleft\">\n<h4 class=\"a-spacing-mini\">Succi\u00f3n intensa<\/h4>\n<p>Un impulso 11%* a 2000 Pa significa una succi\u00f3n m\u00e1xima potente que levanta f\u00e1cilmente el polvo de los pisos y las alfombras. El impulso autom\u00e1tico de alfombras convierte la succi\u00f3n al m\u00e1ximo cuando se detecta una alfombra para una aspiraci\u00f3n m\u00e1s efectiva.<\/p>\n<p>*Comparado con Roborock<span class=\"a-text-bold\">\u00a0E2<\/span><\/p>\n<\/div>\n<\/td>\n<td class=\"apm-top\">\n<div class=\"apm-eventhirdcol apm-floatleft\">\n<h4 class=\"a-spacing-mini\">Bater\u00eda de larga duraci\u00f3n<\/h4>\n<p>Una bater\u00eda 100% aumentada a 5200 mAh significa suficiente energ\u00eda para 2,5 horas de limpieza ininterrumpida o para limpiar hasta 2152 pies cuadrados.<\/p>\n<\/div>\n<\/td>\n<\/tr>\n<\/tbody>\n<\/table>\n<\/div>\n<\/div>\n<div><\/div>\n<\/div>\n<\/div>\n<\/div>\n<div class=\"celwidget aplus-module module-9\" data-cel-widget=\"aplus-module-9\">\n<div class=\"a-expander-collapsed-height a-row a-expander-container a-expander-partial-collapse-container\" data-a-expander-name=\"aplus-module-expander\" data-a-expander-collapsed-height=\"700\">\n<div class=\"a-expander-content a-expander-partial-collapse-content\">\n<div class=\"aplus-module-wrapper\">\n<div class=\"apm-spacing apm-fixed-width\">\n<table class=\"apm-fixed-width apm-eventhirdcol-table\">\n<tbody>\n<tr>\n<th class=\"apm-center\">\n<div class=\"apm-eventhirdcol apm-floatleft\">\n<p><img decoding=\"async\" class=\"a-spacing-mini\" src=\"\/wp-content\/uploads\/replace\/7101bf02b3631c45f5d28f72900981e7.jpeg\" alt=\"robot vacuum cleaner\" data-src=\"\/wp-content\/uploads\/replace\/7101bf02b3631c45f5d28f72900981e7.jpeg\" \/><\/p>\n<\/div>\n<\/th>\n<th class=\"apm-center\">\n<div class=\"apm-eventhirdcol apm-floatleft\">\n<p><img decoding=\"async\" class=\"a-spacing-mini\" src=\"\/wp-content\/uploads\/replace\/bdb42525e63a9835fe3e9ab4a2b24f1a.jpeg\" alt=\"wi-fi connected\" data-src=\"\/wp-content\/uploads\/replace\/bdb42525e63a9835fe3e9ab4a2b24f1a.jpeg\" \/><\/p>\n<\/div>\n<\/th>\n<th class=\"apm-center\">\n<div class=\"apm-eventhirdcol apm-floatleft\">\n<p><img decoding=\"async\" class=\"a-spacing-mini\" src=\"\/wp-content\/uploads\/replace\/d3bfcea26365f180f57073cf875eac1a.jpeg\" alt=\"auto charging\" data-src=\"\/wp-content\/uploads\/replace\/d3bfcea26365f180f57073cf875eac1a.jpeg\" \/><\/p>\n<\/div>\n<\/th>\n<\/tr>\n<tr>\n<td class=\"apm-top\">\n<div class=\"apm-eventhirdcol apm-floatleft\">\n<h4 class=\"a-spacing-mini\">Cubo de basura grande<\/h4>\n<p>Un cubo de basura de 640 ml almacena m\u00e1s residuos, lo que significa que se puede vaciar con menos frecuencia y se limpia de una sola vez.<\/p>\n<\/div>\n<\/td>\n<td class=\"apm-top\">\n<div class=\"apm-eventhirdcol apm-floatleft\">\n<h4 class=\"a-spacing-mini\">Aplicaci\u00f3n y control por voz<\/h4>\n<p>Inicie\/detenga limpiezas, establezca la fuerza de succi\u00f3n, establezca horarios y m\u00e1s en la aplicaci\u00f3n Mi Home, o inicie y detenga la limpieza con Amazon Alexa.<\/p>\n<p><span class=\"a-text-bold\">Nota: Se requiere Wi-Fi de 2,4 Ghz para la conexi\u00f3n de la aplicaci\u00f3n.<\/span><\/p>\n<\/div>\n<\/td>\n<td class=\"apm-top\">\n<div class=\"apm-eventhirdcol apm-floatleft\">\n<h4 class=\"a-spacing-mini\">Recarga autom\u00e1tica<\/h4>\n<p>Al limpiar espacios grandes, el E4 volver\u00e1 a la base, recargar\u00e1 su bater\u00eda y continuar\u00e1 aspirando donde lo dej\u00f3.<\/p>\n<p>Nota: consulte el manual para colocar la base en el \u00e1rea correcta.<\/p>\n<\/div>\n<\/td>\n<\/tr>\n<\/tbody>\n<\/table>\n<\/div>\n<\/div>\n<div><\/div>\n<\/div>\n<\/div>\n<\/div>\n<div class=\"celwidget aplus-module 3p-module-b\" data-cel-widget=\"aplus-3p-module-b\">\n<div class=\"aplus-3p-fixed-width\">\n<ul class=\"a-unordered-list a-vertical\">\n<li><span class=\"a-list-item\"><span class=\"a-text-bold\">Trapeado opcional<\/span><\/span><\/li>\n<\/ul>\n<p class=\"a-spacing-base\">Un sistema de trapeado adicional, 28% m\u00e1s grande que los que se encuentran en otros productos de la serie E, es ideal para eliminar el polvo fino adicional que otras aspiradoras pueden pasar por alto.<\/p>\n<p class=\"a-spacing-base\"><span class=\"a-text-bold\">*El sistema de trapeado debe comprarse por separado en Amazon.<\/span><\/p>\n<ul class=\"a-unordered-list a-vertical\">\n<li><span class=\"a-list-item\"><span class=\"a-text-bold\">Escalada de 0,8 pulgadas.<\/span><\/span><\/li>\n<\/ul>\n<p class=\"a-spacing-base\">Sube r\u00e1pidamente por los umbrales de las habitaciones y sobre las alfombras de la casa.<\/p>\n<ul class=\"a-unordered-list a-vertical\">\n<li><span class=\"a-list-item\"><span class=\"a-text-bold\">Sensores de acantilado<\/span><\/span><\/li>\n<\/ul>\n<p class=\"a-spacing-base\">Una serie de sensores de acantilados siempre buscan repisas y escalones, evitando ca\u00eddas accidentales.<\/p>\n<ul class=\"a-unordered-list a-vertical\">\n<li><span class=\"a-list-item\"><span class=\"a-text-bold\">Nota<\/span><\/span><\/li>\n<\/ul>\n<p class=\"a-spacing-base\">Despeje los pisos de cables sueltos, es decir, cables de carga para evitar enredos m\u00e1s severos.<\/p>\n<p class=\"a-spacing-base\"><span class=\"a-text-bold\">Se requiere Wi-Fi de 2,4 Ghz para la conexi\u00f3n de la aplicaci\u00f3n.<\/span><\/p>\n<p class=\"a-spacing-base\">No se admiten zonas sin trapear.<\/p>\n<p class=\"a-spacing-base\">Todos los datos de comparaci\u00f3n se comparan con roborock E2 o E3.<\/p>\n<p class=\"a-spacing-base\">Active el impulso de alfombras en la aplicaci\u00f3n para la limpieza de alfombras.<\/p>\n<p class=\"a-spacing-base\">Puede tocar el bot\u00f3n para iniciar y finalizar la limpieza y descargar la aplicaci\u00f3n Mi Home para disfrutar de m\u00e1s funciones.<\/p>\n<p><img fetchpriority=\"high\" decoding=\"async\" class=\"alignnone size-full wp-image-18061\" src=\"\/wp-content\/uploads\/replace\/be4b72da87d63c2b941e89a3baabb635.jpeg\" alt=\"Roborock\u00a0e4\" width=\"979\" height=\"293\" \/><\/p>\n<p>&nbsp;<\/p>\n<h3><strong>Informaci\u00f3n del Producto<\/strong><\/h3>\n<p>&nbsp;<\/p>\n<table width=\"0\">\n<tbody>\n<tr>\n<td width=\"352\">Dimensiones del paquete<\/td>\n<td>19,3 x 15,9 x 6 pulgadas<\/td>\n<\/tr>\n<tr>\n<td width=\"352\">Peso del art\u00edculo<\/td>\n<td>11,23 libras<\/td>\n<\/tr>\n<tr>\n<td width=\"352\">Fabricante<\/td>\n<td>roborock<\/td>\n<\/tr>\n<tr>\n<td width=\"352\">COMO EN<\/td>\n<td>B0825NN2FM<\/td>\n<\/tr>\n<tr>\n<td width=\"352\">N\u00famero de modelo del art\u00edculo<\/td>\n<td>E4<\/td>\n<\/tr>\n<tr>\n<td width=\"352\">Bater\u00edas<\/td>\n<td>Se requieren 1 bater\u00edas de iones de litio. (incluido)<\/td>\n<\/tr>\n<tr>\n<td width=\"352\">Bater\u00edas requeridas<\/td>\n<td>S\u00ed<\/td>\n<\/tr>\n<\/tbody>\n<\/table>\n<h3>Principales caracter\u00edsticas<\/h3>\n<ul class=\"a-unordered-list a-vertical a-spacing-mini\">\n<li><span class=\"a-list-item\">Limpieza efectiva: el movimiento m\u00e1s r\u00e1pido del 10%, la navegaci\u00f3n inteligente y una ruta en forma de Z limpian sus pisos de manera r\u00e1pida y eficiente.<\/span><\/li>\n<li><span class=\"a-list-item\">Limpieza a fondo: un aumento de succi\u00f3n 11% a 2000 Pa y un impulso autom\u00e1tico para alfombras brindan la potencia que necesita para extraer el polvo y los pelos alojados en las alfombras.<\/span><\/li>\n<li><span class=\"a-list-item\">Bater\u00eda de larga duraci\u00f3n: una bater\u00eda 100% aumentada a 5200 mAh significa suficiente energ\u00eda para limpiar hasta 2152 pies cuadrados<\/span><\/li>\n<li><span class=\"a-list-item\">Cubo de basura grande: un cubo de basura de 640 ml almacena m\u00e1s residuos, lo que significa que se puede vaciar con menos frecuencia.<\/span><\/li>\n<li><span class=\"a-list-item\">Aplicaci\u00f3n y control por voz: inicie\/detenga limpiezas, establezca la fuerza de succi\u00f3n, establezca horarios y m\u00e1s en la aplicaci\u00f3n Mi Home, o inicie y detenga la limpieza con Amazon Alexa. (Nota: no se proporciona ning\u00fan control remoto independiente).<\/span><\/li>\n<\/ul>\n<\/div>\n<\/div>\n<\/div>","protected":false},"excerpt":{"rendered":"<p><strong>Caracter\u00edstica:<\/strong><\/p>\n<ul>\n<li>Limpieza efectiva<\/li>\n<li>Limpieza a fondo<\/li>\n<li>Bater\u00eda de larga duraci\u00f3n<\/li>\n<li>Cubo de basura grande<\/li>\n<li>Aplicaci\u00f3n y control por voz<\/li>\n<\/ul>","protected":false},"featured_media":23789,"template":"","meta":[],"product_brand":[],"product_cat":[1312,1305],"product_tag":[936],"class_list":{"0":"post-23654","1":"product","2":"type-product","3":"status-publish","4":"has-post-thumbnail","6":"product_cat-roborock-vacuum-cleaner","7":"product_cat-xiaomi-eco","8":"product_tag-roborock-e4","10":"first","11":"instock","12":"shipping-taxable","13":"product-type-external"},"aioseo_notices":[],"aioseo_head":"\n\t\t<!-- All in One SEO Pro 4.5.9.2 - aioseo.com -->\n\t\t<meta name=\"description\" content=\"Feature: Effective Cleaning Thorough cleaning Long-Lasting Battery Large Dustbin App and Voice Control\" \/>\n\t\t<meta name=\"robots\" content=\"max-image-preview:large\" \/>\n\t\t<link rel=\"canonical\" href=\"https:\/\/www.rucashk.com\/es\/producto\/roborock-e4\/\" \/>\n\t\t<meta name=\"generator\" content=\"All in One SEO Pro (AIOSEO) 4.5.9.2\" \/>\n\t\t<meta property=\"og:locale\" content=\"es_ES\" \/>\n\t\t<meta property=\"og:site_name\" content=\"Rucas - One-stop AIoT Distribution Worldwide\" \/>\n\t\t<meta property=\"og:type\" content=\"article\" \/>\n\t\t<meta property=\"og:title\" content=\"Roborock e4 - Rucas - Wholesale and Distribution\" \/>\n\t\t<meta property=\"og:description\" content=\"Feature: Effective Cleaning Thorough cleaning Long-Lasting Battery Large Dustbin App and Voice Control\" \/>\n\t\t<meta property=\"og:url\" content=\"https:\/\/www.rucashk.com\/es\/producto\/roborock-e4\/\" \/>\n\t\t<meta property=\"og:image\" content=\"https:\/\/www.rucashk.com\/wp-content\/uploads\/replace\/503b8e645f128a97ccde2b6290747646.jpeg\" \/>\n\t\t<meta property=\"og:image:secure_url\" content=\"https:\/\/www.rucashk.com\/wp-content\/uploads\/replace\/503b8e645f128a97ccde2b6290747646.jpeg\" \/>\n\t\t<meta property=\"og:image:width\" content=\"1456\" \/>\n\t\t<meta property=\"og:image:height\" content=\"816\" \/>\n\t\t<meta property=\"article:published_time\" content=\"2024-01-09T15:56:39+00:00\" \/>\n\t\t<meta property=\"article:modified_time\" content=\"2024-03-12T07:46:20+00:00\" \/>\n\t\t<meta name=\"twitter:card\" content=\"summary_large_image\" \/>\n\t\t<meta name=\"twitter:title\" content=\"Roborock e4 - Rucas - Wholesale and Distribution\" \/>\n\t\t<meta name=\"twitter:description\" content=\"Feature: Effective Cleaning Thorough cleaning Long-Lasting Battery Large Dustbin App and Voice Control\" \/>\n\t\t<meta name=\"twitter:image\" content=\"https:\/\/www.rucashk.com\/wp-content\/uploads\/replace\/503b8e645f128a97ccde2b6290747646.jpeg\" \/>\n\t\t<script type=\"application\/ld+json\" class=\"aioseo-schema\">\n\t\t\t{\"@context\":\"https:\\\/\\\/schema.org\",\"@graph\":[{\"@type\":\"BreadcrumbList\",\"@id\":\"https:\\\/\\\/www.rucashk.com\\\/es\\\/producto\\\/roborock-e4\\\/#breadcrumblist\",\"itemListElement\":[{\"@type\":\"ListItem\",\"@id\":\"https:\\\/\\\/www.rucashk.com\\\/es\\\/#listItem\",\"position\":1,\"name\":\"Home\",\"item\":\"https:\\\/\\\/www.rucashk.com\\\/es\\\/\",\"nextItem\":\"https:\\\/\\\/www.rucashk.com\\\/es\\\/producto\\\/roborock-e4\\\/#listItem\"},{\"@type\":\"ListItem\",\"@id\":\"https:\\\/\\\/www.rucashk.com\\\/es\\\/producto\\\/roborock-e4\\\/#listItem\",\"position\":2,\"name\":\"Roborock\\u00a0e4\",\"previousItem\":\"https:\\\/\\\/www.rucashk.com\\\/es\\\/#listItem\"}]},{\"@type\":\"Organization\",\"@id\":\"https:\\\/\\\/www.rucashk.com\\\/es\\\/#organization\",\"name\":\"Rucas\",\"url\":\"https:\\\/\\\/www.rucashk.com\\\/es\\\/\",\"logo\":{\"@type\":\"ImageObject\",\"url\":\"https:\\\/\\\/www.rucashk.com\\\/wp-content\\\/uploads\\\/2023\\\/12\\\/Rucas_campany_logo.png\",\"@id\":\"https:\\\/\\\/www.rucashk.com\\\/es\\\/producto\\\/roborock-e4\\\/#organizationLogo\",\"width\":221,\"height\":65},\"image\":{\"@id\":\"https:\\\/\\\/www.rucashk.com\\\/es\\\/#organizationLogo\"}},{\"@type\":\"Person\",\"@id\":\"https:\\\/\\\/www.rucashk.com\\\/es\\\/author\\\/admin\\\/#author\",\"url\":\"https:\\\/\\\/www.rucashk.com\\\/es\\\/author\\\/admin\\\/\",\"name\":\"admin\",\"image\":{\"@type\":\"ImageObject\",\"@id\":\"https:\\\/\\\/www.rucashk.com\\\/es\\\/producto\\\/roborock-e4\\\/#authorImage\",\"url\":\"https:\\\/\\\/secure.gravatar.com\\\/avatar\\\/b7c8925b09a27e72b30232f8ecaadbd5af0f70a38c78096863fe51b64f031c24?s=96&d=mm&r=g\",\"width\":96,\"height\":96,\"caption\":\"admin\"}},{\"@type\":\"WebPage\",\"@id\":\"https:\\\/\\\/www.rucashk.com\\\/es\\\/producto\\\/roborock-e4\\\/#webpage\",\"url\":\"https:\\\/\\\/www.rucashk.com\\\/es\\\/producto\\\/roborock-e4\\\/\",\"name\":\"Roborock e4 - Rucas - Wholesale and Distribution\",\"description\":\"Feature: Effective Cleaning Thorough cleaning Long-Lasting Battery Large Dustbin App and Voice Control\",\"inLanguage\":\"es-ES\",\"isPartOf\":{\"@id\":\"https:\\\/\\\/www.rucashk.com\\\/es\\\/#website\"},\"breadcrumb\":{\"@id\":\"https:\\\/\\\/www.rucashk.com\\\/es\\\/producto\\\/roborock-e4\\\/#breadcrumblist\"},\"author\":{\"@id\":\"https:\\\/\\\/www.rucashk.com\\\/es\\\/author\\\/admin\\\/#author\"},\"creator\":{\"@id\":\"https:\\\/\\\/www.rucashk.com\\\/es\\\/author\\\/admin\\\/#author\"},\"image\":{\"@type\":\"ImageObject\",\"url\":\"https:\\\/\\\/www.rucashk.com\\\/wp-content\\\/uploads\\\/2024\\\/01\\\/roborock-e4.jpg\",\"@id\":\"https:\\\/\\\/www.rucashk.com\\\/es\\\/producto\\\/roborock-e4\\\/#mainImage\",\"width\":800,\"height\":800},\"primaryImageOfPage\":{\"@id\":\"https:\\\/\\\/www.rucashk.com\\\/es\\\/producto\\\/roborock-e4\\\/#mainImage\"},\"datePublished\":\"2024-01-09T15:56:39+00:00\",\"dateModified\":\"2024-03-12T07:46:20+00:00\"},{\"@type\":\"WebSite\",\"@id\":\"https:\\\/\\\/www.rucashk.com\\\/es\\\/#website\",\"url\":\"https:\\\/\\\/www.rucashk.com\\\/es\\\/\",\"name\":\"Rucas - Wholesale and distribution worldwide\",\"alternateName\":\"Rucas - One-stop AIoT Distribution Worldwide\",\"description\":\"One-stop AIoT Distribution Worldwide\",\"inLanguage\":\"es-ES\",\"publisher\":{\"@id\":\"https:\\\/\\\/www.rucashk.com\\\/es\\\/#organization\"}}]}\n\t\t<\/script>\n\t\t<!-- All in One SEO Pro -->\r\n\t\t<title>Roborock e4 - Rucas - Wholesale and Distribution<\/title>\n\n","aioseo_head_json":{"title":"Roborock e4 - Rucas - Wholesale and Distribution","description":"Feature: Effective Cleaning Thorough cleaning Long-Lasting Battery Large Dustbin App and Voice Control","canonical_url":"https:\/\/www.rucashk.com\/es\/producto\/roborock-e4\/","robots":"max-image-preview:large","keywords":"","webmasterTools":{"miscellaneous":""},"og:locale":"es_ES","og:site_name":"Rucas - One-stop AIoT Distribution Worldwide","og:type":"article","og:title":"Roborock e4 - Rucas - Wholesale and Distribution","og:description":"Feature: Effective Cleaning Thorough cleaning Long-Lasting Battery Large Dustbin App and Voice Control","og:url":"https:\/\/www.rucashk.com\/es\/producto\/roborock-e4\/","og:image":"https:\/\/www.rucashk.com\/wp-content\/uploads\/replace\/503b8e645f128a97ccde2b6290747646.jpeg","og:image:secure_url":"https:\/\/www.rucashk.com\/wp-content\/uploads\/replace\/503b8e645f128a97ccde2b6290747646.jpeg","og:image:width":1456,"og:image:height":816,"article:published_time":"2024-01-09T15:56:39+00:00","article:modified_time":"2024-03-12T07:46:20+00:00","twitter:card":"summary_large_image","twitter:title":"Roborock e4 - Rucas - Wholesale and Distribution","twitter:description":"Feature: Effective Cleaning Thorough cleaning Long-Lasting Battery Large Dustbin App and Voice Control","twitter:image":"https:\/\/www.rucashk.com\/wp-content\/uploads\/replace\/503b8e645f128a97ccde2b6290747646.jpeg","schema":{"@context":"https:\/\/schema.org","@graph":[{"@type":"BreadcrumbList","@id":"https:\/\/www.rucashk.com\/es\/producto\/roborock-e4\/#breadcrumblist","itemListElement":[{"@type":"ListItem","@id":"https:\/\/www.rucashk.com\/es\/#listItem","position":1,"name":"Home","item":"https:\/\/www.rucashk.com\/es\/","nextItem":"https:\/\/www.rucashk.com\/es\/producto\/roborock-e4\/#listItem"},{"@type":"ListItem","@id":"https:\/\/www.rucashk.com\/es\/producto\/roborock-e4\/#listItem","position":2,"name":"Roborock\u00a0e4","previousItem":"https:\/\/www.rucashk.com\/es\/#listItem"}]},{"@type":"Organization","@id":"https:\/\/www.rucashk.com\/es\/#organization","name":"Rucas","url":"https:\/\/www.rucashk.com\/es\/","logo":{"@type":"ImageObject","url":"https:\/\/www.rucashk.com\/wp-content\/uploads\/2023\/12\/Rucas_campany_logo.png","@id":"https:\/\/www.rucashk.com\/es\/producto\/roborock-e4\/#organizationLogo","width":221,"height":65},"image":{"@id":"https:\/\/www.rucashk.com\/es\/#organizationLogo"}},{"@type":"Person","@id":"https:\/\/www.rucashk.com\/es\/author\/admin\/#author","url":"https:\/\/www.rucashk.com\/es\/author\/admin\/","name":"admin","image":{"@type":"ImageObject","@id":"https:\/\/www.rucashk.com\/es\/producto\/roborock-e4\/#authorImage","url":"https:\/\/secure.gravatar.com\/avatar\/b7c8925b09a27e72b30232f8ecaadbd5af0f70a38c78096863fe51b64f031c24?s=96&d=mm&r=g","width":96,"height":96,"caption":"admin"}},{"@type":"WebPage","@id":"https:\/\/www.rucashk.com\/es\/producto\/roborock-e4\/#webpage","url":"https:\/\/www.rucashk.com\/es\/producto\/roborock-e4\/","name":"Roborock e4 - Rucas - Wholesale and Distribution","description":"Feature: Effective Cleaning Thorough cleaning Long-Lasting Battery Large Dustbin App and Voice Control","inLanguage":"es-ES","isPartOf":{"@id":"https:\/\/www.rucashk.com\/es\/#website"},"breadcrumb":{"@id":"https:\/\/www.rucashk.com\/es\/producto\/roborock-e4\/#breadcrumblist"},"author":{"@id":"https:\/\/www.rucashk.com\/es\/author\/admin\/#author"},"creator":{"@id":"https:\/\/www.rucashk.com\/es\/author\/admin\/#author"},"image":{"@type":"ImageObject","url":"https:\/\/www.rucashk.com\/wp-content\/uploads\/2024\/01\/roborock-e4.jpg","@id":"https:\/\/www.rucashk.com\/es\/producto\/roborock-e4\/#mainImage","width":800,"height":800},"primaryImageOfPage":{"@id":"https:\/\/www.rucashk.com\/es\/producto\/roborock-e4\/#mainImage"},"datePublished":"2024-01-09T15:56:39+00:00","dateModified":"2024-03-12T07:46:20+00:00"},{"@type":"WebSite","@id":"https:\/\/www.rucashk.com\/es\/#website","url":"https:\/\/www.rucashk.com\/es\/","name":"Rucas - Wholesale and distribution worldwide","alternateName":"Rucas - One-stop AIoT Distribution Worldwide","description":"One-stop AIoT Distribution Worldwide","inLanguage":"es-ES","publisher":{"@id":"https:\/\/www.rucashk.com\/es\/#organization"}}]}},"aioseo_meta_data":{"post_id":"23654","title":null,"description":null,"keywords":null,"keyphrases":null,"primary_term":null,"canonical_url":null,"og_title":null,"og_description":null,"og_object_type":"default","og_image_type":"default","og_image_url":null,"og_image_width":null,"og_image_height":null,"og_image_custom_url":null,"og_image_custom_fields":null,"og_video":null,"og_custom_url":null,"og_article_section":null,"og_article_tags":null,"twitter_use_og":false,"twitter_card":"default","twitter_image_type":"default","twitter_image_url":null,"twitter_image_custom_url":null,"twitter_image_custom_fields":null,"twitter_title":null,"twitter_description":null,"schema":{"blockGraphs":[],"customGraphs":[],"default":{"data":{"Article":[],"Course":[],"Dataset":[],"FAQPage":[],"Movie":[],"Person":[],"Product":[],"Recipe":[],"Service":[],"SoftwareApplication":[],"WebPage":[]},"graphName":"","isEnabled":true},"graphs":[]},"schema_type":"default","schema_type_options":null,"pillar_content":false,"robots_default":true,"robots_noindex":false,"robots_noarchive":false,"robots_nosnippet":false,"robots_nofollow":false,"robots_noimageindex":false,"robots_noodp":false,"robots_notranslate":false,"robots_max_snippet":null,"robots_max_videopreview":null,"robots_max_imagepreview":"large","priority":null,"frequency":null,"local_seo":null,"breadcrumb_settings":null,"limit_modified_date":false,"created":"2024-04-11 01:57:06","updated":"2025-06-22 17:13:06"},"aioseo_breadcrumb":"<div class=\"aioseo-breadcrumbs\"><span class=\"aioseo-breadcrumb\">\n\t<a href=\"https:\/\/www.rucashk.com\/es\" title=\"Home\">Home<\/a>\n<\/span><span class=\"aioseo-breadcrumb-separator\">&raquo;<\/span><span class=\"aioseo-breadcrumb\">\n\t<a href=\"https:\/\/www.rucashk.com\/es\/products\/\" title=\"Productos\">Productos<\/a>\n<\/span><span class=\"aioseo-breadcrumb-separator\">&raquo;<\/span><span class=\"aioseo-breadcrumb\">\n\t<a href=\"https:\/\/www.rucashk.com\/es\/categoria-producto\/xiaomi-eco\/\" title=\"Xiaomi Eco\">Xiaomi Eco<\/a>\n<\/span><span class=\"aioseo-breadcrumb-separator\">&raquo;<\/span><span class=\"aioseo-breadcrumb\">\n\t<a href=\"https:\/\/www.rucashk.com\/es\/categoria-producto\/xiaomi-eco\/roborock-vacuum-cleaner\/\" title=\"Roborock Vacuum Cleaner\">Roborock Vacuum Cleaner<\/a>\n<\/span><span class=\"aioseo-breadcrumb-separator\">&raquo;<\/span><span class=\"aioseo-breadcrumb\">\n\tRoborock\u00a0e4\n<\/span><\/div>","aioseo_breadcrumb_json":[{"label":"Home","link":"https:\/\/www.rucashk.com\/es"},{"label":"Productos","link":"https:\/\/www.rucashk.com\/es\/products\/"},{"label":"Xiaomi Eco","link":"https:\/\/www.rucashk.com\/es\/categoria-producto\/xiaomi-eco\/"},{"label":"Roborock Vacuum Cleaner","link":"https:\/\/www.rucashk.com\/es\/categoria-producto\/xiaomi-eco\/roborock-vacuum-cleaner\/"},{"label":"Roborock\u00a0e4","link":"https:\/\/www.rucashk.com\/es\/producto\/roborock-e4\/"}],"_links":{"self":[{"href":"https:\/\/www.rucashk.com\/es\/wp-json\/wp\/v2\/product\/23654","targetHints":{"allow":["GET"]}}],"collection":[{"href":"https:\/\/www.rucashk.com\/es\/wp-json\/wp\/v2\/product"}],"about":[{"href":"https:\/\/www.rucashk.com\/es\/wp-json\/wp\/v2\/types\/product"}],"wp:featuredmedia":[{"embeddable":true,"href":"https:\/\/www.rucashk.com\/es\/wp-json\/wp\/v2\/media\/23789"}],"wp:attachment":[{"href":"https:\/\/www.rucashk.com\/es\/wp-json\/wp\/v2\/media?parent=23654"}],"wp:term":[{"taxonomy":"product_brand","embeddable":true,"href":"https:\/\/www.rucashk.com\/es\/wp-json\/wp\/v2\/product_brand?post=23654"},{"taxonomy":"product_cat","embeddable":true,"href":"https:\/\/www.rucashk.com\/es\/wp-json\/wp\/v2\/product_cat?post=23654"},{"taxonomy":"product_tag","embeddable":true,"href":"https:\/\/www.rucashk.com\/es\/wp-json\/wp\/v2\/product_tag?post=23654"}],"curies":[{"name":"wp","href":"https:\/\/api.w.org\/{rel}","templated":true}]}}