{"id":23653,"date":"2024-01-09T15:56:39","date_gmt":"2024-01-09T15:56:39","guid":{"rendered":"http:\/\/rucashk.com\/?post_type=product&#038;p=23653"},"modified":"2024-01-21T04:01:45","modified_gmt":"2024-01-21T04:01:45","slug":"mijia-hl-happy-life-3-in-1-mini-cooling-bladeless-fan-2","status":"publish","type":"product","link":"https:\/\/www.rucashk.com\/es\/producto\/mijia-hl-happy-life-3-in-1-mini-cooling-bladeless-fan-2\/","title":{"rendered":"Mijia HL Happy Life 3 en 1 Mini ventilador de refrigeraci\u00f3n sin aspas"},"content":{"rendered":"<div class=\"detailmodule_text-image\">\n<p class=\"detail-desc-decorate-content\" data-spm-anchor-id=\"a2g0o.detail.1000023.i2.48f26d05QdqYsl\"><img decoding=\"async\" class=\"detail-desc-decorate-image\" src=\"https:\/\/www.rucashk.com\/wp-content\/uploads\/2020\/07\/HTB1WgR1a3FY.1VjSZFqq6ydbXXaS.jpg\" \/><\/p>\n<\/div>\n<div class=\"detailmodule_text-image\"><img decoding=\"async\" class=\"detail-desc-decorate-image\" src=\"https:\/\/www.rucashk.com\/wp-content\/uploads\/2020\/07\/HTB14PFFea5s3KVjSZFNq6AD3FXaq.jpg\" data-spm-anchor-id=\"a2g0o.detail.1000023.i1.48f26d05QdqYsl\" \/><\/div>\n<div class=\"detailmodule_text-image\">\n<p class=\"detail-desc-decorate-title\">Instrucciones:<\/p>\n<p class=\"detail-desc-decorate-content\">Imagen del ventilador: Pulsaci\u00f3n corta: ajustar el aire (0-3 niveles) Pulsaci\u00f3n larga: apagar la luz del ventilador Imagen: pulsaci\u00f3n corta: encender\/apagar la luz Pulsaci\u00f3n larga: encender\/apagar el humidificador<\/p>\n<p><img decoding=\"async\" class=\"detail-desc-decorate-image\" src=\"https:\/\/www.rucashk.com\/wp-content\/uploads\/2020\/07\/HTB1WqlxelWD3KVjSZFsq6AqkpXaT.jpg\" \/><\/div>\n<div class=\"detailmodule_text-image\">\n<p class=\"detail-desc-decorate-title\">Pasos de llenado de agua:<\/p>\n<p class=\"detail-desc-decorate-content\">1. Apague el humidificador y col\u00f3quelo suavemente. 2. Incline el ventilador de refrigeraci\u00f3n hacia adelante y agregue agua lentamente para evitar la inmersi\u00f3n de la sonda. 3. Si hay inmersi\u00f3n de la sonda, se supone que debe limpiarla y luego volver a colocar el humidificador en el tanque de agua.<\/p>\n<p><img decoding=\"async\" class=\"detail-desc-decorate-image\" src=\"https:\/\/www.rucashk.com\/wp-content\/uploads\/2020\/07\/HTB1EQdvef1H3KVjSZFBq6zSMXXaf.jpg\" \/><img decoding=\"async\" class=\"detail-desc-decorate-image\" src=\"https:\/\/www.rucashk.com\/wp-content\/uploads\/2020\/07\/HTB1fEFxef1G3KVjSZFkq6yK4XXae.jpg\" \/><img decoding=\"async\" class=\"detail-desc-decorate-image\" src=\"https:\/\/www.rucashk.com\/wp-content\/uploads\/2020\/07\/HTB1wXdyel1D3KVjSZFyq6zuFpXa0.jpg\" \/><\/div>\n<div class=\"detailmodule_text-image\">\n<p class=\"detail-desc-decorate-title\">El paquete incluye:<\/p>\n<p class=\"detail-desc-decorate-content\">1 ventilador de refrigeraci\u00f3n Xiaomi 3 en 1.<\/p>\n<p><img decoding=\"async\" class=\"detail-desc-decorate-image\" src=\"https:\/\/www.rucashk.com\/wp-content\/uploads\/2020\/07\/HTB1s_Jvef1H3KVjSZFBq6zSMXXaW.jpg\" \/><\/div>\n<div>Descripci\u00f3n:<\/div>\n<div>Este ventilador de refrigeraci\u00f3n 3 en 1 tiene las funciones de ventilador, humidificador y luz, lo que se considera un regalo \u00fatil y una bonita decoraci\u00f3n. Especificaci\u00f3n: Especificaci\u00f3n: Marca: Happy Life (Cadena ecol\u00f3gica Xiaomi) Material: ABS, AS, PC, PP, aleaci\u00f3n de aluminio Tama\u00f1o: 129 x 145 x 227 mm Fuente de alimentaci\u00f3n: USB Voltaje de entrada: 5V\/2A Potencia del ventilador: 8W Potencia de la luz: 1W Potencia del humidificador: 1,5 W Tiempo de humidificaci\u00f3n: 3 h Temperatura de color del LED: 3000 K Capacidad de agua: 60 ml Ventilaci\u00f3n de niebla: una Velocidad ajustable: 0-3 niveles DB m\u00e1ximo: 40 dB<\/div>","protected":false},"excerpt":{"rendered":"<p>Caracter\u00edsticas:<br \/>\n1. Ventilador sin aspas, m\u00e1s c\u00f3modo con aire natural. Sin cuchillas no se expone ninguna posibilidad de lastimar a personas y mascotas al cortarlas, especialmente seguro para los ni\u00f1os.<br \/>\n2. Adopting advanced technology, it&#8217;s lower noise than traditional fan.<br \/>\n3. Eres libre de ajustar la velocidad m\u00e1s adecuada ya que tiene de 0 a 3 niveles para elegir.<br \/>\n4. Fuente de alimentaci\u00f3n USB, conveniente y que ahorra energ\u00eda.<br \/>\n5. Humedezca y enfr\u00ede ya que tiene funciones tanto de ventiladores de refrigeraci\u00f3n como de humidificador.<br \/>\n6. Bonitas decoraciones con iluminaci\u00f3n c\u00e1lida.<br \/>\n7. Dise\u00f1o 3 en 1, port\u00e1til y c\u00f3modo de usar.<\/p>","protected":false},"featured_media":23784,"template":"","meta":[],"product_brand":[],"product_cat":[1318,1305],"product_tag":[935],"class_list":{"0":"post-23653","1":"product","2":"type-product","3":"status-publish","4":"has-post-thumbnail","6":"product_cat-gadgets","7":"product_cat-xiaomi-eco","8":"product_tag-mijia-hl-happy-life-3-in-1-mini-cooling-bladeless-fan","10":"first","11":"instock","12":"shipping-taxable","13":"product-type-external"},"aioseo_notices":[],"aioseo_head":"\n\t\t<!-- All in One SEO Pro 4.5.9.2 - aioseo.com -->\n\t\t<meta name=\"description\" content=\"Features: 1. Bladeless fan, more comfortable with natural air. Without blades exposed no possibility to hurt people and pets by blade cutting, especially safe for kids. 2. Adopting advanced technology, it&#039;s lower noise than traditional fan. 3. You are free to adjust most suitable speed since it has 0-3 levels to choose from. 4. USB power supply, convenient and power saving. 5. Humidify and cool down since it has functions of both cooling fans and humidifier. 6. Nice decorations with warm lighting. 7. 3 in 1 design, portable and convenient to use.\" \/>\n\t\t<meta name=\"robots\" content=\"max-image-preview:large\" \/>\n\t\t<link rel=\"canonical\" href=\"https:\/\/www.rucashk.com\/es\/producto\/mijia-hl-happy-life-3-in-1-mini-cooling-bladeless-fan-2\/\" \/>\n\t\t<meta name=\"generator\" content=\"All in One SEO Pro (AIOSEO) 4.5.9.2\" \/>\n\t\t<meta property=\"og:locale\" content=\"es_ES\" \/>\n\t\t<meta property=\"og:site_name\" content=\"Rucas - One-stop AIoT Distribution Worldwide\" \/>\n\t\t<meta property=\"og:type\" content=\"article\" \/>\n\t\t<meta property=\"og:title\" content=\"mijia HL Happy Life 3 in 1 Mini Cooling bladeless fan - Rucas - Wholesale and Distribution\" \/>\n\t\t<meta property=\"og:description\" content=\"Features: 1. Bladeless fan, more comfortable with natural air. Without blades exposed no possibility to hurt people and pets by blade cutting, especially safe for kids. 2. Adopting advanced technology, it&#039;s lower noise than traditional fan. 3. You are free to adjust most suitable speed since it has 0-3 levels to choose from. 4. USB power supply, convenient and power saving. 5. Humidify and cool down since it has functions of both cooling fans and humidifier. 6. Nice decorations with warm lighting. 7. 3 in 1 design, portable and convenient to use.\" \/>\n\t\t<meta property=\"og:url\" content=\"https:\/\/www.rucashk.com\/es\/producto\/mijia-hl-happy-life-3-in-1-mini-cooling-bladeless-fan-2\/\" \/>\n\t\t<meta property=\"og:image\" content=\"https:\/\/www.rucashk.com\/wp-content\/uploads\/replace\/503b8e645f128a97ccde2b6290747646.jpeg\" \/>\n\t\t<meta property=\"og:image:secure_url\" content=\"https:\/\/www.rucashk.com\/wp-content\/uploads\/replace\/503b8e645f128a97ccde2b6290747646.jpeg\" \/>\n\t\t<meta property=\"og:image:width\" content=\"1456\" \/>\n\t\t<meta property=\"og:image:height\" content=\"816\" \/>\n\t\t<meta property=\"article:published_time\" content=\"2024-01-09T15:56:39+00:00\" \/>\n\t\t<meta property=\"article:modified_time\" content=\"2024-01-21T04:01:45+00:00\" \/>\n\t\t<meta name=\"twitter:card\" content=\"summary_large_image\" \/>\n\t\t<meta name=\"twitter:title\" content=\"mijia HL Happy Life 3 in 1 Mini Cooling bladeless fan - Rucas - Wholesale and Distribution\" \/>\n\t\t<meta name=\"twitter:description\" content=\"Features: 1. Bladeless fan, more comfortable with natural air. Without blades exposed no possibility to hurt people and pets by blade cutting, especially safe for kids. 2. Adopting advanced technology, it&#039;s lower noise than traditional fan. 3. You are free to adjust most suitable speed since it has 0-3 levels to choose from. 4. USB power supply, convenient and power saving. 5. Humidify and cool down since it has functions of both cooling fans and humidifier. 6. Nice decorations with warm lighting. 7. 3 in 1 design, portable and convenient to use.\" \/>\n\t\t<meta name=\"twitter:image\" content=\"https:\/\/www.rucashk.com\/wp-content\/uploads\/replace\/503b8e645f128a97ccde2b6290747646.jpeg\" \/>\n\t\t<script type=\"application\/ld+json\" class=\"aioseo-schema\">\n\t\t\t{\"@context\":\"https:\\\/\\\/schema.org\",\"@graph\":[{\"@type\":\"BreadcrumbList\",\"@id\":\"https:\\\/\\\/www.rucashk.com\\\/es\\\/producto\\\/mijia-hl-happy-life-3-in-1-mini-cooling-bladeless-fan-2\\\/#breadcrumblist\",\"itemListElement\":[{\"@type\":\"ListItem\",\"@id\":\"https:\\\/\\\/www.rucashk.com\\\/es\\\/#listItem\",\"position\":1,\"name\":\"Home\",\"item\":\"https:\\\/\\\/www.rucashk.com\\\/es\\\/\",\"nextItem\":\"https:\\\/\\\/www.rucashk.com\\\/es\\\/producto\\\/mijia-hl-happy-life-3-in-1-mini-cooling-bladeless-fan-2\\\/#listItem\"},{\"@type\":\"ListItem\",\"@id\":\"https:\\\/\\\/www.rucashk.com\\\/es\\\/producto\\\/mijia-hl-happy-life-3-in-1-mini-cooling-bladeless-fan-2\\\/#listItem\",\"position\":2,\"name\":\"mijia\\u00a0HL Happy Life 3 in 1 Mini Cooling bladeless fan\",\"previousItem\":\"https:\\\/\\\/www.rucashk.com\\\/es\\\/#listItem\"}]},{\"@type\":\"Organization\",\"@id\":\"https:\\\/\\\/www.rucashk.com\\\/es\\\/#organization\",\"name\":\"Rucas\",\"url\":\"https:\\\/\\\/www.rucashk.com\\\/es\\\/\",\"logo\":{\"@type\":\"ImageObject\",\"url\":\"https:\\\/\\\/www.rucashk.com\\\/wp-content\\\/uploads\\\/2023\\\/12\\\/Rucas_campany_logo.png\",\"@id\":\"https:\\\/\\\/www.rucashk.com\\\/es\\\/producto\\\/mijia-hl-happy-life-3-in-1-mini-cooling-bladeless-fan-2\\\/#organizationLogo\",\"width\":221,\"height\":65},\"image\":{\"@id\":\"https:\\\/\\\/www.rucashk.com\\\/es\\\/#organizationLogo\"}},{\"@type\":\"Person\",\"@id\":\"https:\\\/\\\/www.rucashk.com\\\/es\\\/author\\\/admin\\\/#author\",\"url\":\"https:\\\/\\\/www.rucashk.com\\\/es\\\/author\\\/admin\\\/\",\"name\":\"admin\",\"image\":{\"@type\":\"ImageObject\",\"@id\":\"https:\\\/\\\/www.rucashk.com\\\/es\\\/producto\\\/mijia-hl-happy-life-3-in-1-mini-cooling-bladeless-fan-2\\\/#authorImage\",\"url\":\"https:\\\/\\\/secure.gravatar.com\\\/avatar\\\/b7c8925b09a27e72b30232f8ecaadbd5af0f70a38c78096863fe51b64f031c24?s=96&d=mm&r=g\",\"width\":96,\"height\":96,\"caption\":\"admin\"}},{\"@type\":\"WebPage\",\"@id\":\"https:\\\/\\\/www.rucashk.com\\\/es\\\/producto\\\/mijia-hl-happy-life-3-in-1-mini-cooling-bladeless-fan-2\\\/#webpage\",\"url\":\"https:\\\/\\\/www.rucashk.com\\\/es\\\/producto\\\/mijia-hl-happy-life-3-in-1-mini-cooling-bladeless-fan-2\\\/\",\"name\":\"mijia HL Happy Life 3 in 1 Mini Cooling bladeless fan - Rucas - Wholesale and Distribution\",\"description\":\"Features: 1. Bladeless fan, more comfortable with natural air. Without blades exposed no possibility to hurt people and pets by blade cutting, especially safe for kids. 2. Adopting advanced technology, it's lower noise than traditional fan. 3. You are free to adjust most suitable speed since it has 0-3 levels to choose from. 4. USB power supply, convenient and power saving. 5. Humidify and cool down since it has functions of both cooling fans and humidifier. 6. Nice decorations with warm lighting. 7. 3 in 1 design, portable and convenient to use.\",\"inLanguage\":\"es-ES\",\"isPartOf\":{\"@id\":\"https:\\\/\\\/www.rucashk.com\\\/es\\\/#website\"},\"breadcrumb\":{\"@id\":\"https:\\\/\\\/www.rucashk.com\\\/es\\\/producto\\\/mijia-hl-happy-life-3-in-1-mini-cooling-bladeless-fan-2\\\/#breadcrumblist\"},\"author\":{\"@id\":\"https:\\\/\\\/www.rucashk.com\\\/es\\\/author\\\/admin\\\/#author\"},\"creator\":{\"@id\":\"https:\\\/\\\/www.rucashk.com\\\/es\\\/author\\\/admin\\\/#author\"},\"image\":{\"@type\":\"ImageObject\",\"url\":\"https:\\\/\\\/www.rucashk.com\\\/wp-content\\\/uploads\\\/2024\\\/01\\\/Xiaomi-Mijia-HL-Happy-Life-3-in-1-Mini-Cooling-USB-Fan-Bladeless-Desktop-Fan-Mist.jpg\",\"@id\":\"https:\\\/\\\/www.rucashk.com\\\/es\\\/producto\\\/mijia-hl-happy-life-3-in-1-mini-cooling-bladeless-fan-2\\\/#mainImage\",\"width\":640,\"height\":640},\"primaryImageOfPage\":{\"@id\":\"https:\\\/\\\/www.rucashk.com\\\/es\\\/producto\\\/mijia-hl-happy-life-3-in-1-mini-cooling-bladeless-fan-2\\\/#mainImage\"},\"datePublished\":\"2024-01-09T15:56:39+00:00\",\"dateModified\":\"2024-01-21T04:01:45+00:00\"},{\"@type\":\"WebSite\",\"@id\":\"https:\\\/\\\/www.rucashk.com\\\/es\\\/#website\",\"url\":\"https:\\\/\\\/www.rucashk.com\\\/es\\\/\",\"name\":\"Rucas - Wholesale and distribution worldwide\",\"alternateName\":\"Rucas - One-stop AIoT Distribution Worldwide\",\"description\":\"One-stop AIoT Distribution Worldwide\",\"inLanguage\":\"es-ES\",\"publisher\":{\"@id\":\"https:\\\/\\\/www.rucashk.com\\\/es\\\/#organization\"}}]}\n\t\t<\/script>\n\t\t<!-- All in One SEO Pro -->\r\n\t\t<title>mijia HL Happy Life 3 in 1 Mini Cooling bladeless fan - Rucas - Wholesale and Distribution<\/title>\n\n","aioseo_head_json":{"title":"mijia HL Happy Life 3 in 1 Mini Cooling bladeless fan - Rucas - Wholesale and Distribution","description":"Features: 1. Bladeless fan, more comfortable with natural air. Without blades exposed no possibility to hurt people and pets by blade cutting, especially safe for kids. 2. Adopting advanced technology, it's lower noise than traditional fan. 3. You are free to adjust most suitable speed since it has 0-3 levels to choose from. 4. USB power supply, convenient and power saving. 5. Humidify and cool down since it has functions of both cooling fans and humidifier. 6. Nice decorations with warm lighting. 7. 3 in 1 design, portable and convenient to use.","canonical_url":"https:\/\/www.rucashk.com\/es\/producto\/mijia-hl-happy-life-3-in-1-mini-cooling-bladeless-fan-2\/","robots":"max-image-preview:large","keywords":"","webmasterTools":{"miscellaneous":""},"og:locale":"es_ES","og:site_name":"Rucas - One-stop AIoT Distribution Worldwide","og:type":"article","og:title":"mijia HL Happy Life 3 in 1 Mini Cooling bladeless fan - Rucas - Wholesale and Distribution","og:description":"Features: 1. Bladeless fan, more comfortable with natural air. Without blades exposed no possibility to hurt people and pets by blade cutting, especially safe for kids. 2. Adopting advanced technology, it's lower noise than traditional fan. 3. You are free to adjust most suitable speed since it has 0-3 levels to choose from. 4. USB power supply, convenient and power saving. 5. Humidify and cool down since it has functions of both cooling fans and humidifier. 6. Nice decorations with warm lighting. 7. 3 in 1 design, portable and convenient to use.","og:url":"https:\/\/www.rucashk.com\/es\/producto\/mijia-hl-happy-life-3-in-1-mini-cooling-bladeless-fan-2\/","og:image":"https:\/\/www.rucashk.com\/wp-content\/uploads\/replace\/503b8e645f128a97ccde2b6290747646.jpeg","og:image:secure_url":"https:\/\/www.rucashk.com\/wp-content\/uploads\/replace\/503b8e645f128a97ccde2b6290747646.jpeg","og:image:width":1456,"og:image:height":816,"article:published_time":"2024-01-09T15:56:39+00:00","article:modified_time":"2024-01-21T04:01:45+00:00","twitter:card":"summary_large_image","twitter:title":"mijia HL Happy Life 3 in 1 Mini Cooling bladeless fan - Rucas - Wholesale and Distribution","twitter:description":"Features: 1. Bladeless fan, more comfortable with natural air. Without blades exposed no possibility to hurt people and pets by blade cutting, especially safe for kids. 2. Adopting advanced technology, it's lower noise than traditional fan. 3. You are free to adjust most suitable speed since it has 0-3 levels to choose from. 4. USB power supply, convenient and power saving. 5. Humidify and cool down since it has functions of both cooling fans and humidifier. 6. Nice decorations with warm lighting. 7. 3 in 1 design, portable and convenient to use.","twitter:image":"https:\/\/www.rucashk.com\/wp-content\/uploads\/replace\/503b8e645f128a97ccde2b6290747646.jpeg","schema":{"@context":"https:\/\/schema.org","@graph":[{"@type":"BreadcrumbList","@id":"https:\/\/www.rucashk.com\/es\/producto\/mijia-hl-happy-life-3-in-1-mini-cooling-bladeless-fan-2\/#breadcrumblist","itemListElement":[{"@type":"ListItem","@id":"https:\/\/www.rucashk.com\/es\/#listItem","position":1,"name":"Home","item":"https:\/\/www.rucashk.com\/es\/","nextItem":"https:\/\/www.rucashk.com\/es\/producto\/mijia-hl-happy-life-3-in-1-mini-cooling-bladeless-fan-2\/#listItem"},{"@type":"ListItem","@id":"https:\/\/www.rucashk.com\/es\/producto\/mijia-hl-happy-life-3-in-1-mini-cooling-bladeless-fan-2\/#listItem","position":2,"name":"mijia\u00a0HL Happy Life 3 in 1 Mini Cooling bladeless fan","previousItem":"https:\/\/www.rucashk.com\/es\/#listItem"}]},{"@type":"Organization","@id":"https:\/\/www.rucashk.com\/es\/#organization","name":"Rucas","url":"https:\/\/www.rucashk.com\/es\/","logo":{"@type":"ImageObject","url":"https:\/\/www.rucashk.com\/wp-content\/uploads\/2023\/12\/Rucas_campany_logo.png","@id":"https:\/\/www.rucashk.com\/es\/producto\/mijia-hl-happy-life-3-in-1-mini-cooling-bladeless-fan-2\/#organizationLogo","width":221,"height":65},"image":{"@id":"https:\/\/www.rucashk.com\/es\/#organizationLogo"}},{"@type":"Person","@id":"https:\/\/www.rucashk.com\/es\/author\/admin\/#author","url":"https:\/\/www.rucashk.com\/es\/author\/admin\/","name":"admin","image":{"@type":"ImageObject","@id":"https:\/\/www.rucashk.com\/es\/producto\/mijia-hl-happy-life-3-in-1-mini-cooling-bladeless-fan-2\/#authorImage","url":"https:\/\/secure.gravatar.com\/avatar\/b7c8925b09a27e72b30232f8ecaadbd5af0f70a38c78096863fe51b64f031c24?s=96&d=mm&r=g","width":96,"height":96,"caption":"admin"}},{"@type":"WebPage","@id":"https:\/\/www.rucashk.com\/es\/producto\/mijia-hl-happy-life-3-in-1-mini-cooling-bladeless-fan-2\/#webpage","url":"https:\/\/www.rucashk.com\/es\/producto\/mijia-hl-happy-life-3-in-1-mini-cooling-bladeless-fan-2\/","name":"mijia HL Happy Life 3 in 1 Mini Cooling bladeless fan - Rucas - Wholesale and Distribution","description":"Features: 1. Bladeless fan, more comfortable with natural air. Without blades exposed no possibility to hurt people and pets by blade cutting, especially safe for kids. 2. Adopting advanced technology, it's lower noise than traditional fan. 3. You are free to adjust most suitable speed since it has 0-3 levels to choose from. 4. USB power supply, convenient and power saving. 5. Humidify and cool down since it has functions of both cooling fans and humidifier. 6. Nice decorations with warm lighting. 7. 3 in 1 design, portable and convenient to use.","inLanguage":"es-ES","isPartOf":{"@id":"https:\/\/www.rucashk.com\/es\/#website"},"breadcrumb":{"@id":"https:\/\/www.rucashk.com\/es\/producto\/mijia-hl-happy-life-3-in-1-mini-cooling-bladeless-fan-2\/#breadcrumblist"},"author":{"@id":"https:\/\/www.rucashk.com\/es\/author\/admin\/#author"},"creator":{"@id":"https:\/\/www.rucashk.com\/es\/author\/admin\/#author"},"image":{"@type":"ImageObject","url":"https:\/\/www.rucashk.com\/wp-content\/uploads\/2024\/01\/Xiaomi-Mijia-HL-Happy-Life-3-in-1-Mini-Cooling-USB-Fan-Bladeless-Desktop-Fan-Mist.jpg","@id":"https:\/\/www.rucashk.com\/es\/producto\/mijia-hl-happy-life-3-in-1-mini-cooling-bladeless-fan-2\/#mainImage","width":640,"height":640},"primaryImageOfPage":{"@id":"https:\/\/www.rucashk.com\/es\/producto\/mijia-hl-happy-life-3-in-1-mini-cooling-bladeless-fan-2\/#mainImage"},"datePublished":"2024-01-09T15:56:39+00:00","dateModified":"2024-01-21T04:01:45+00:00"},{"@type":"WebSite","@id":"https:\/\/www.rucashk.com\/es\/#website","url":"https:\/\/www.rucashk.com\/es\/","name":"Rucas - Wholesale and distribution worldwide","alternateName":"Rucas - One-stop AIoT Distribution Worldwide","description":"One-stop AIoT Distribution Worldwide","inLanguage":"es-ES","publisher":{"@id":"https:\/\/www.rucashk.com\/es\/#organization"}}]}},"aioseo_meta_data":{"post_id":"23653","title":null,"description":null,"keywords":null,"keyphrases":null,"primary_term":null,"canonical_url":null,"og_title":null,"og_description":null,"og_object_type":"default","og_image_type":"default","og_image_url":null,"og_image_width":null,"og_image_height":null,"og_image_custom_url":null,"og_image_custom_fields":null,"og_video":null,"og_custom_url":null,"og_article_section":null,"og_article_tags":null,"twitter_use_og":false,"twitter_card":"default","twitter_image_type":"default","twitter_image_url":null,"twitter_image_custom_url":null,"twitter_image_custom_fields":null,"twitter_title":null,"twitter_description":null,"schema":{"blockGraphs":[],"customGraphs":[],"default":{"data":{"Article":[],"Course":[],"Dataset":[],"FAQPage":[],"Movie":[],"Person":[],"Product":[],"Recipe":[],"Service":[],"SoftwareApplication":[],"WebPage":[]},"graphName":"","isEnabled":true},"graphs":[]},"schema_type":"default","schema_type_options":null,"pillar_content":false,"robots_default":true,"robots_noindex":false,"robots_noarchive":false,"robots_nosnippet":false,"robots_nofollow":false,"robots_noimageindex":false,"robots_noodp":false,"robots_notranslate":false,"robots_max_snippet":null,"robots_max_videopreview":null,"robots_max_imagepreview":"large","priority":null,"frequency":null,"local_seo":null,"breadcrumb_settings":null,"limit_modified_date":false,"created":"2024-04-11 01:57:06","updated":"2025-06-22 17:13:05"},"aioseo_breadcrumb":"<div class=\"aioseo-breadcrumbs\"><span class=\"aioseo-breadcrumb\">\n\t<a href=\"https:\/\/www.rucashk.com\/es\" title=\"Home\">Home<\/a>\n<\/span><span class=\"aioseo-breadcrumb-separator\">&raquo;<\/span><span class=\"aioseo-breadcrumb\">\n\t<a href=\"https:\/\/www.rucashk.com\/es\/products\/\" title=\"Productos\">Productos<\/a>\n<\/span><span class=\"aioseo-breadcrumb-separator\">&raquo;<\/span><span class=\"aioseo-breadcrumb\">\n\t<a href=\"https:\/\/www.rucashk.com\/es\/categoria-producto\/xiaomi-eco\/\" title=\"Xiaomi Eco\">Xiaomi Eco<\/a>\n<\/span><span class=\"aioseo-breadcrumb-separator\">&raquo;<\/span><span class=\"aioseo-breadcrumb\">\n\t<a href=\"https:\/\/www.rucashk.com\/es\/categoria-producto\/xiaomi-eco\/gadgets\/\" title=\"Gadgets\">Gadgets<\/a>\n<\/span><span class=\"aioseo-breadcrumb-separator\">&raquo;<\/span><span class=\"aioseo-breadcrumb\">\n\tmijia\u00a0HL Happy Life 3 in 1 Mini Cooling bladeless fan\n<\/span><\/div>","aioseo_breadcrumb_json":[{"label":"Home","link":"https:\/\/www.rucashk.com\/es"},{"label":"Productos","link":"https:\/\/www.rucashk.com\/es\/products\/"},{"label":"Xiaomi Eco","link":"https:\/\/www.rucashk.com\/es\/categoria-producto\/xiaomi-eco\/"},{"label":"Gadgets","link":"https:\/\/www.rucashk.com\/es\/categoria-producto\/xiaomi-eco\/gadgets\/"},{"label":"mijia\u00a0HL Happy Life 3 in 1 Mini Cooling bladeless fan","link":"https:\/\/www.rucashk.com\/es\/producto\/mijia-hl-happy-life-3-in-1-mini-cooling-bladeless-fan-2\/"}],"_links":{"self":[{"href":"https:\/\/www.rucashk.com\/es\/wp-json\/wp\/v2\/product\/23653","targetHints":{"allow":["GET"]}}],"collection":[{"href":"https:\/\/www.rucashk.com\/es\/wp-json\/wp\/v2\/product"}],"about":[{"href":"https:\/\/www.rucashk.com\/es\/wp-json\/wp\/v2\/types\/product"}],"wp:featuredmedia":[{"embeddable":true,"href":"https:\/\/www.rucashk.com\/es\/wp-json\/wp\/v2\/media\/23784"}],"wp:attachment":[{"href":"https:\/\/www.rucashk.com\/es\/wp-json\/wp\/v2\/media?parent=23653"}],"wp:term":[{"taxonomy":"product_brand","embeddable":true,"href":"https:\/\/www.rucashk.com\/es\/wp-json\/wp\/v2\/product_brand?post=23653"},{"taxonomy":"product_cat","embeddable":true,"href":"https:\/\/www.rucashk.com\/es\/wp-json\/wp\/v2\/product_cat?post=23653"},{"taxonomy":"product_tag","embeddable":true,"href":"https:\/\/www.rucashk.com\/es\/wp-json\/wp\/v2\/product_tag?post=23653"}],"curies":[{"name":"wp","href":"https:\/\/api.w.org\/{rel}","templated":true}]}}