{"id":23623,"date":"2024-01-09T15:56:16","date_gmt":"2024-01-09T15:56:16","guid":{"rendered":"http:\/\/rucashk.com\/?post_type=product&#038;p=23623"},"modified":"2024-01-16T10:56:41","modified_gmt":"2024-01-16T10:56:41","slug":"mijia-bluetooth-thermometer-2-2","status":"publish","type":"product","link":"https:\/\/www.rucashk.com\/es\/producto\/mijia-bluetooth-thermometer-2-2\/","title":{"rendered":"term\u00f3metro bluetooth mijia 2"},"content":{"rendered":"<div>\n<div class=\"pictures\">\n<p><img decoding=\"async\" src=\"https:\/\/www.rucashk.com\/wp-content\/uploads\/2020\/07\/10.jpg\" alt=\"\" \/><\/p>\n<p><img decoding=\"async\" src=\"https:\/\/www.rucashk.com\/wp-content\/uploads\/2020\/07\/10-1.jpg\" alt=\"\" \/><\/p>\n<p><img decoding=\"async\" src=\"https:\/\/www.rucashk.com\/wp-content\/uploads\/2020\/07\/10-2.jpg\" alt=\"\" \/><\/p>\n<p><img decoding=\"async\" src=\"https:\/\/www.rucashk.com\/wp-content\/uploads\/2020\/07\/10-3.jpg\" alt=\"\" \/><\/p>\n<p><img decoding=\"async\" src=\"https:\/\/www.rucashk.com\/wp-content\/uploads\/2020\/07\/10-4.jpg\" alt=\"\" \/><\/p>\n<p><img decoding=\"async\" src=\"https:\/\/www.rucashk.com\/wp-content\/uploads\/2020\/07\/10-5.jpg\" alt=\"\" \/><\/p>\n<p><img decoding=\"async\" src=\"https:\/\/www.rucashk.com\/wp-content\/uploads\/2020\/07\/10-6.jpg\" alt=\"\" \/><\/p>\n<p><img decoding=\"async\" src=\"https:\/\/www.rucashk.com\/wp-content\/uploads\/2020\/07\/10-7.jpg\" alt=\"\" \/><\/p>\n<p><img decoding=\"async\" src=\"https:\/\/www.rucashk.com\/wp-content\/uploads\/2020\/07\/10-8.jpg\" alt=\"\" \/><\/p>\n<p><img decoding=\"async\" src=\"https:\/\/www.rucashk.com\/wp-content\/uploads\/2020\/07\/10-9.jpg\" alt=\"\" \/><\/p>\n<\/div>\n<\/div>\n<div id=\"imgBox\">\n<h2>Especificaci\u00f3n<\/h2>\n<table class=\"jbEidtTable\" border=\"1\" cellspacing=\"0\" cellpadding=\"5\">\n<tbody>\n<tr>\n<td width=\"189\" height=\"31\"><strong>General<\/strong><\/td>\n<td width=\"731\">Marca: XIAOMI Mijia<br \/>\nModelo: LYWSD03MMC<br \/>\nTipo: Term\u00f3metro Higr\u00f3metro<br \/>\nColor blanco<\/td>\n<\/tr>\n<tr>\n<td height=\"31\"><strong>Especificaci\u00f3n<\/strong><\/td>\n<td>Material: ABS+PMMA<br \/>\nVoltaje: DC2.5V- -3V<br \/>\nBater\u00eda: CR2032<br \/>\nConexi\u00f3n inal\u00e1mbrica: Bluetooth 4.2 BLE<br \/>\nRango de medida: 0\u00b0C-60\u00b0C<br \/>\nResoluci\u00f3n de visualizaci\u00f3n de temperatura: 0,1 \u00b0C<br \/>\nRango de humedad: 0%-99%RH<br \/>\nResoluci\u00f3n de pantalla de humedad: 1 %RH<br \/>\nNorma ejecutiva: QB\/WSDJ 2401-2019<\/td>\n<\/tr>\n<\/tbody>\n<\/table>\n<\/div>","protected":false},"excerpt":{"rendered":"<div><strong>Caracter\u00edsticas:\u00a0<\/strong><\/div>\n<div>\n<div>1. Higr\u00f3metro dom\u00e9stico, los datos se pueden leer claramente en varios brillos y \u00e1ngulos.<\/div>\n<div>2. Alta sensibilidad y sensibilidad precisa de Suiza, detecta cambios sutiles de temperatura y humedad con un suspiro.<\/div>\n<div>3. Una expresi\u00f3n para deletrear por encima del nivel de comodidad, linda y simple.<\/div>\n<div>4. Pantalla de bajo consumo, pila de bot\u00f3n CR2032 por un a\u00f1o.<\/div>\n<\/div>\n<div>\n<p>5. Sensor avanzado de temperatura y humedad Sensirion incorporado, precisi\u00f3n de temperatura: 0,1 grados, precisi\u00f3n de humedad: 0,1 por ciento RH<\/p>\n<div>6. A trav\u00e9s de la aplicaci\u00f3n Mi para encender el humidificador cuando la humedad interior es demasiado baja y el aire acondicionado cuando la temperatura interior es demasiado alta<\/div>\n<div>Pantalla digital LED, puede obtener temperatura y humedad f\u00e1cilmente<\/div>\n<\/div>","protected":false},"featured_media":23764,"template":"","meta":[],"product_brand":[],"product_cat":[1318,1305],"product_tag":[930],"class_list":{"0":"post-23623","1":"product","2":"type-product","3":"status-publish","4":"has-post-thumbnail","6":"product_cat-gadgets","7":"product_cat-xiaomi-eco","8":"product_tag-mijia-bluetooth-thermometer-2","10":"first","11":"instock","12":"shipping-taxable","13":"product-type-external"},"aioseo_notices":[],"aioseo_head":"\n\t\t<!-- All in One SEO Pro 4.5.9.2 - aioseo.com -->\n\t\t<meta name=\"description\" content=\"Features: 1. Home hygrometer, data can be clearly read in various brightness and angle. 2. High sensitivity and accurate sensirion from Switzerland, sense subtle change of temperature and humidity a breath away. 3. An expression to spell over comfort level, cute and simple. 4. Low consumption screen, a CR2032 button battery for one-year. 5. Built-in advanced Sensirion temperature and humidity sensor, temperature accuracy: 0.1 degrees, humidity accuracy: 0.1 percent RH 6. Via Mi app to switch on humidifier when indoor humidity is too low and air-conditioner when indoors temperature is too high LED digital display, you can get temperature, humidity easily\" \/>\n\t\t<meta name=\"robots\" content=\"max-image-preview:large\" \/>\n\t\t<link rel=\"canonical\" href=\"https:\/\/www.rucashk.com\/es\/producto\/mijia-bluetooth-thermometer-2-2\/\" \/>\n\t\t<meta name=\"generator\" content=\"All in One SEO Pro (AIOSEO) 4.5.9.2\" \/>\n\t\t<meta property=\"og:locale\" content=\"es_ES\" \/>\n\t\t<meta property=\"og:site_name\" content=\"Rucas - One-stop AIoT Distribution Worldwide\" \/>\n\t\t<meta property=\"og:type\" content=\"article\" \/>\n\t\t<meta property=\"og:title\" content=\"mijia bluetooth thermometer 2 - Rucas - Wholesale and Distribution\" \/>\n\t\t<meta property=\"og:description\" content=\"Features: 1. Home hygrometer, data can be clearly read in various brightness and angle. 2. High sensitivity and accurate sensirion from Switzerland, sense subtle change of temperature and humidity a breath away. 3. An expression to spell over comfort level, cute and simple. 4. Low consumption screen, a CR2032 button battery for one-year. 5. Built-in advanced Sensirion temperature and humidity sensor, temperature accuracy: 0.1 degrees, humidity accuracy: 0.1 percent RH 6. Via Mi app to switch on humidifier when indoor humidity is too low and air-conditioner when indoors temperature is too high LED digital display, you can get temperature, humidity easily\" \/>\n\t\t<meta property=\"og:url\" content=\"https:\/\/www.rucashk.com\/es\/producto\/mijia-bluetooth-thermometer-2-2\/\" \/>\n\t\t<meta property=\"og:image\" content=\"https:\/\/www.rucashk.com\/wp-content\/uploads\/replace\/503b8e645f128a97ccde2b6290747646.jpeg\" \/>\n\t\t<meta property=\"og:image:secure_url\" content=\"https:\/\/www.rucashk.com\/wp-content\/uploads\/replace\/503b8e645f128a97ccde2b6290747646.jpeg\" \/>\n\t\t<meta property=\"og:image:width\" content=\"1456\" \/>\n\t\t<meta property=\"og:image:height\" content=\"816\" \/>\n\t\t<meta property=\"article:published_time\" content=\"2024-01-09T15:56:16+00:00\" \/>\n\t\t<meta property=\"article:modified_time\" content=\"2024-01-16T10:56:41+00:00\" \/>\n\t\t<meta name=\"twitter:card\" content=\"summary_large_image\" \/>\n\t\t<meta name=\"twitter:title\" content=\"mijia bluetooth thermometer 2 - Rucas - Wholesale and Distribution\" \/>\n\t\t<meta name=\"twitter:description\" content=\"Features: 1. Home hygrometer, data can be clearly read in various brightness and angle. 2. High sensitivity and accurate sensirion from Switzerland, sense subtle change of temperature and humidity a breath away. 3. An expression to spell over comfort level, cute and simple. 4. Low consumption screen, a CR2032 button battery for one-year. 5. Built-in advanced Sensirion temperature and humidity sensor, temperature accuracy: 0.1 degrees, humidity accuracy: 0.1 percent RH 6. Via Mi app to switch on humidifier when indoor humidity is too low and air-conditioner when indoors temperature is too high LED digital display, you can get temperature, humidity easily\" \/>\n\t\t<meta name=\"twitter:image\" content=\"https:\/\/www.rucashk.com\/wp-content\/uploads\/replace\/503b8e645f128a97ccde2b6290747646.jpeg\" \/>\n\t\t<script type=\"application\/ld+json\" class=\"aioseo-schema\">\n\t\t\t{\"@context\":\"https:\\\/\\\/schema.org\",\"@graph\":[{\"@type\":\"BreadcrumbList\",\"@id\":\"https:\\\/\\\/www.rucashk.com\\\/es\\\/producto\\\/mijia-bluetooth-thermometer-2-2\\\/#breadcrumblist\",\"itemListElement\":[{\"@type\":\"ListItem\",\"@id\":\"https:\\\/\\\/www.rucashk.com\\\/es\\\/#listItem\",\"position\":1,\"name\":\"Home\",\"item\":\"https:\\\/\\\/www.rucashk.com\\\/es\\\/\",\"nextItem\":\"https:\\\/\\\/www.rucashk.com\\\/es\\\/producto\\\/mijia-bluetooth-thermometer-2-2\\\/#listItem\"},{\"@type\":\"ListItem\",\"@id\":\"https:\\\/\\\/www.rucashk.com\\\/es\\\/producto\\\/mijia-bluetooth-thermometer-2-2\\\/#listItem\",\"position\":2,\"name\":\"mijia\\u00a0bluetooth thermometer 2\",\"previousItem\":\"https:\\\/\\\/www.rucashk.com\\\/es\\\/#listItem\"}]},{\"@type\":\"Organization\",\"@id\":\"https:\\\/\\\/www.rucashk.com\\\/es\\\/#organization\",\"name\":\"Rucas\",\"url\":\"https:\\\/\\\/www.rucashk.com\\\/es\\\/\",\"logo\":{\"@type\":\"ImageObject\",\"url\":\"https:\\\/\\\/www.rucashk.com\\\/wp-content\\\/uploads\\\/2023\\\/12\\\/Rucas_campany_logo.png\",\"@id\":\"https:\\\/\\\/www.rucashk.com\\\/es\\\/producto\\\/mijia-bluetooth-thermometer-2-2\\\/#organizationLogo\",\"width\":221,\"height\":65},\"image\":{\"@id\":\"https:\\\/\\\/www.rucashk.com\\\/es\\\/#organizationLogo\"}},{\"@type\":\"Person\",\"@id\":\"https:\\\/\\\/www.rucashk.com\\\/es\\\/author\\\/admin\\\/#author\",\"url\":\"https:\\\/\\\/www.rucashk.com\\\/es\\\/author\\\/admin\\\/\",\"name\":\"admin\",\"image\":{\"@type\":\"ImageObject\",\"@id\":\"https:\\\/\\\/www.rucashk.com\\\/es\\\/producto\\\/mijia-bluetooth-thermometer-2-2\\\/#authorImage\",\"url\":\"https:\\\/\\\/secure.gravatar.com\\\/avatar\\\/b7c8925b09a27e72b30232f8ecaadbd5af0f70a38c78096863fe51b64f031c24?s=96&d=mm&r=g\",\"width\":96,\"height\":96,\"caption\":\"admin\"}},{\"@type\":\"WebPage\",\"@id\":\"https:\\\/\\\/www.rucashk.com\\\/es\\\/producto\\\/mijia-bluetooth-thermometer-2-2\\\/#webpage\",\"url\":\"https:\\\/\\\/www.rucashk.com\\\/es\\\/producto\\\/mijia-bluetooth-thermometer-2-2\\\/\",\"name\":\"mijia bluetooth thermometer 2 - Rucas - Wholesale and Distribution\",\"description\":\"Features: 1. Home hygrometer, data can be clearly read in various brightness and angle. 2. High sensitivity and accurate sensirion from Switzerland, sense subtle change of temperature and humidity a breath away. 3. An expression to spell over comfort level, cute and simple. 4. Low consumption screen, a CR2032 button battery for one-year. 5. Built-in advanced Sensirion temperature and humidity sensor, temperature accuracy: 0.1 degrees, humidity accuracy: 0.1 percent RH 6. Via Mi app to switch on humidifier when indoor humidity is too low and air-conditioner when indoors temperature is too high LED digital display, you can get temperature, humidity easily\",\"inLanguage\":\"es-ES\",\"isPartOf\":{\"@id\":\"https:\\\/\\\/www.rucashk.com\\\/es\\\/#website\"},\"breadcrumb\":{\"@id\":\"https:\\\/\\\/www.rucashk.com\\\/es\\\/producto\\\/mijia-bluetooth-thermometer-2-2\\\/#breadcrumblist\"},\"author\":{\"@id\":\"https:\\\/\\\/www.rucashk.com\\\/es\\\/author\\\/admin\\\/#author\"},\"creator\":{\"@id\":\"https:\\\/\\\/www.rucashk.com\\\/es\\\/author\\\/admin\\\/#author\"},\"image\":{\"@type\":\"ImageObject\",\"url\":\"https:\\\/\\\/www.rucashk.com\\\/wp-content\\\/uploads\\\/2024\\\/01\\\/957737d6-80ee-44ee-bb7c-b926676666dd.jpg\",\"@id\":\"https:\\\/\\\/www.rucashk.com\\\/es\\\/producto\\\/mijia-bluetooth-thermometer-2-2\\\/#mainImage\",\"width\":890,\"height\":890},\"primaryImageOfPage\":{\"@id\":\"https:\\\/\\\/www.rucashk.com\\\/es\\\/producto\\\/mijia-bluetooth-thermometer-2-2\\\/#mainImage\"},\"datePublished\":\"2024-01-09T15:56:16+00:00\",\"dateModified\":\"2024-01-16T10:56:41+00:00\"},{\"@type\":\"WebSite\",\"@id\":\"https:\\\/\\\/www.rucashk.com\\\/es\\\/#website\",\"url\":\"https:\\\/\\\/www.rucashk.com\\\/es\\\/\",\"name\":\"Rucas - Wholesale and distribution worldwide\",\"alternateName\":\"Rucas - One-stop AIoT Distribution Worldwide\",\"description\":\"One-stop AIoT Distribution Worldwide\",\"inLanguage\":\"es-ES\",\"publisher\":{\"@id\":\"https:\\\/\\\/www.rucashk.com\\\/es\\\/#organization\"}}]}\n\t\t<\/script>\n\t\t<!-- All in One SEO Pro -->\r\n\t\t<title>mijia bluetooth thermometer 2 - Rucas - Wholesale and Distribution<\/title>\n\n","aioseo_head_json":{"title":"mijia bluetooth thermometer 2 - Rucas - Wholesale and Distribution","description":"Features: 1. Home hygrometer, data can be clearly read in various brightness and angle. 2. High sensitivity and accurate sensirion from Switzerland, sense subtle change of temperature and humidity a breath away. 3. An expression to spell over comfort level, cute and simple. 4. Low consumption screen, a CR2032 button battery for one-year. 5. Built-in advanced Sensirion temperature and humidity sensor, temperature accuracy: 0.1 degrees, humidity accuracy: 0.1 percent RH 6. Via Mi app to switch on humidifier when indoor humidity is too low and air-conditioner when indoors temperature is too high LED digital display, you can get temperature, humidity easily","canonical_url":"https:\/\/www.rucashk.com\/es\/producto\/mijia-bluetooth-thermometer-2-2\/","robots":"max-image-preview:large","keywords":"","webmasterTools":{"miscellaneous":""},"og:locale":"es_ES","og:site_name":"Rucas - One-stop AIoT Distribution Worldwide","og:type":"article","og:title":"mijia bluetooth thermometer 2 - Rucas - Wholesale and Distribution","og:description":"Features: 1. Home hygrometer, data can be clearly read in various brightness and angle. 2. High sensitivity and accurate sensirion from Switzerland, sense subtle change of temperature and humidity a breath away. 3. An expression to spell over comfort level, cute and simple. 4. Low consumption screen, a CR2032 button battery for one-year. 5. Built-in advanced Sensirion temperature and humidity sensor, temperature accuracy: 0.1 degrees, humidity accuracy: 0.1 percent RH 6. Via Mi app to switch on humidifier when indoor humidity is too low and air-conditioner when indoors temperature is too high LED digital display, you can get temperature, humidity easily","og:url":"https:\/\/www.rucashk.com\/es\/producto\/mijia-bluetooth-thermometer-2-2\/","og:image":"https:\/\/www.rucashk.com\/wp-content\/uploads\/replace\/503b8e645f128a97ccde2b6290747646.jpeg","og:image:secure_url":"https:\/\/www.rucashk.com\/wp-content\/uploads\/replace\/503b8e645f128a97ccde2b6290747646.jpeg","og:image:width":1456,"og:image:height":816,"article:published_time":"2024-01-09T15:56:16+00:00","article:modified_time":"2024-01-16T10:56:41+00:00","twitter:card":"summary_large_image","twitter:title":"mijia bluetooth thermometer 2 - Rucas - Wholesale and Distribution","twitter:description":"Features: 1. Home hygrometer, data can be clearly read in various brightness and angle. 2. High sensitivity and accurate sensirion from Switzerland, sense subtle change of temperature and humidity a breath away. 3. An expression to spell over comfort level, cute and simple. 4. Low consumption screen, a CR2032 button battery for one-year. 5. Built-in advanced Sensirion temperature and humidity sensor, temperature accuracy: 0.1 degrees, humidity accuracy: 0.1 percent RH 6. Via Mi app to switch on humidifier when indoor humidity is too low and air-conditioner when indoors temperature is too high LED digital display, you can get temperature, humidity easily","twitter:image":"https:\/\/www.rucashk.com\/wp-content\/uploads\/replace\/503b8e645f128a97ccde2b6290747646.jpeg","schema":{"@context":"https:\/\/schema.org","@graph":[{"@type":"BreadcrumbList","@id":"https:\/\/www.rucashk.com\/es\/producto\/mijia-bluetooth-thermometer-2-2\/#breadcrumblist","itemListElement":[{"@type":"ListItem","@id":"https:\/\/www.rucashk.com\/es\/#listItem","position":1,"name":"Home","item":"https:\/\/www.rucashk.com\/es\/","nextItem":"https:\/\/www.rucashk.com\/es\/producto\/mijia-bluetooth-thermometer-2-2\/#listItem"},{"@type":"ListItem","@id":"https:\/\/www.rucashk.com\/es\/producto\/mijia-bluetooth-thermometer-2-2\/#listItem","position":2,"name":"mijia\u00a0bluetooth thermometer 2","previousItem":"https:\/\/www.rucashk.com\/es\/#listItem"}]},{"@type":"Organization","@id":"https:\/\/www.rucashk.com\/es\/#organization","name":"Rucas","url":"https:\/\/www.rucashk.com\/es\/","logo":{"@type":"ImageObject","url":"https:\/\/www.rucashk.com\/wp-content\/uploads\/2023\/12\/Rucas_campany_logo.png","@id":"https:\/\/www.rucashk.com\/es\/producto\/mijia-bluetooth-thermometer-2-2\/#organizationLogo","width":221,"height":65},"image":{"@id":"https:\/\/www.rucashk.com\/es\/#organizationLogo"}},{"@type":"Person","@id":"https:\/\/www.rucashk.com\/es\/author\/admin\/#author","url":"https:\/\/www.rucashk.com\/es\/author\/admin\/","name":"admin","image":{"@type":"ImageObject","@id":"https:\/\/www.rucashk.com\/es\/producto\/mijia-bluetooth-thermometer-2-2\/#authorImage","url":"https:\/\/secure.gravatar.com\/avatar\/b7c8925b09a27e72b30232f8ecaadbd5af0f70a38c78096863fe51b64f031c24?s=96&d=mm&r=g","width":96,"height":96,"caption":"admin"}},{"@type":"WebPage","@id":"https:\/\/www.rucashk.com\/es\/producto\/mijia-bluetooth-thermometer-2-2\/#webpage","url":"https:\/\/www.rucashk.com\/es\/producto\/mijia-bluetooth-thermometer-2-2\/","name":"mijia bluetooth thermometer 2 - Rucas - Wholesale and Distribution","description":"Features: 1. Home hygrometer, data can be clearly read in various brightness and angle. 2. High sensitivity and accurate sensirion from Switzerland, sense subtle change of temperature and humidity a breath away. 3. An expression to spell over comfort level, cute and simple. 4. Low consumption screen, a CR2032 button battery for one-year. 5. Built-in advanced Sensirion temperature and humidity sensor, temperature accuracy: 0.1 degrees, humidity accuracy: 0.1 percent RH 6. Via Mi app to switch on humidifier when indoor humidity is too low and air-conditioner when indoors temperature is too high LED digital display, you can get temperature, humidity easily","inLanguage":"es-ES","isPartOf":{"@id":"https:\/\/www.rucashk.com\/es\/#website"},"breadcrumb":{"@id":"https:\/\/www.rucashk.com\/es\/producto\/mijia-bluetooth-thermometer-2-2\/#breadcrumblist"},"author":{"@id":"https:\/\/www.rucashk.com\/es\/author\/admin\/#author"},"creator":{"@id":"https:\/\/www.rucashk.com\/es\/author\/admin\/#author"},"image":{"@type":"ImageObject","url":"https:\/\/www.rucashk.com\/wp-content\/uploads\/2024\/01\/957737d6-80ee-44ee-bb7c-b926676666dd.jpg","@id":"https:\/\/www.rucashk.com\/es\/producto\/mijia-bluetooth-thermometer-2-2\/#mainImage","width":890,"height":890},"primaryImageOfPage":{"@id":"https:\/\/www.rucashk.com\/es\/producto\/mijia-bluetooth-thermometer-2-2\/#mainImage"},"datePublished":"2024-01-09T15:56:16+00:00","dateModified":"2024-01-16T10:56:41+00:00"},{"@type":"WebSite","@id":"https:\/\/www.rucashk.com\/es\/#website","url":"https:\/\/www.rucashk.com\/es\/","name":"Rucas - Wholesale and distribution worldwide","alternateName":"Rucas - One-stop AIoT Distribution Worldwide","description":"One-stop AIoT Distribution Worldwide","inLanguage":"es-ES","publisher":{"@id":"https:\/\/www.rucashk.com\/es\/#organization"}}]}},"aioseo_meta_data":{"post_id":"23623","title":null,"description":null,"keywords":null,"keyphrases":null,"primary_term":null,"canonical_url":null,"og_title":null,"og_description":null,"og_object_type":"default","og_image_type":"default","og_image_url":null,"og_image_width":null,"og_image_height":null,"og_image_custom_url":null,"og_image_custom_fields":null,"og_video":null,"og_custom_url":null,"og_article_section":null,"og_article_tags":null,"twitter_use_og":false,"twitter_card":"default","twitter_image_type":"default","twitter_image_url":null,"twitter_image_custom_url":null,"twitter_image_custom_fields":null,"twitter_title":null,"twitter_description":null,"schema":{"blockGraphs":[],"customGraphs":[],"default":{"data":{"Article":[],"Course":[],"Dataset":[],"FAQPage":[],"Movie":[],"Person":[],"Product":[],"Recipe":[],"Service":[],"SoftwareApplication":[],"WebPage":[]},"graphName":"","isEnabled":true},"graphs":[]},"schema_type":"default","schema_type_options":null,"pillar_content":false,"robots_default":true,"robots_noindex":false,"robots_noarchive":false,"robots_nosnippet":false,"robots_nofollow":false,"robots_noimageindex":false,"robots_noodp":false,"robots_notranslate":false,"robots_max_snippet":null,"robots_max_videopreview":null,"robots_max_imagepreview":"large","priority":null,"frequency":null,"local_seo":null,"breadcrumb_settings":null,"limit_modified_date":false,"created":"2024-04-11 01:57:06","updated":"2025-06-22 17:12:08"},"aioseo_breadcrumb":"<div class=\"aioseo-breadcrumbs\"><span class=\"aioseo-breadcrumb\">\n\t<a href=\"https:\/\/www.rucashk.com\/es\" title=\"Home\">Home<\/a>\n<\/span><span class=\"aioseo-breadcrumb-separator\">&raquo;<\/span><span class=\"aioseo-breadcrumb\">\n\t<a href=\"https:\/\/www.rucashk.com\/es\/products\/\" title=\"Productos\">Productos<\/a>\n<\/span><span class=\"aioseo-breadcrumb-separator\">&raquo;<\/span><span class=\"aioseo-breadcrumb\">\n\t<a href=\"https:\/\/www.rucashk.com\/es\/categoria-producto\/xiaomi-eco\/\" title=\"Xiaomi Eco\">Xiaomi Eco<\/a>\n<\/span><span class=\"aioseo-breadcrumb-separator\">&raquo;<\/span><span class=\"aioseo-breadcrumb\">\n\t<a href=\"https:\/\/www.rucashk.com\/es\/categoria-producto\/xiaomi-eco\/gadgets\/\" title=\"Gadgets\">Gadgets<\/a>\n<\/span><span class=\"aioseo-breadcrumb-separator\">&raquo;<\/span><span class=\"aioseo-breadcrumb\">\n\tmijia\u00a0bluetooth thermometer 2\n<\/span><\/div>","aioseo_breadcrumb_json":[{"label":"Home","link":"https:\/\/www.rucashk.com\/es"},{"label":"Productos","link":"https:\/\/www.rucashk.com\/es\/products\/"},{"label":"Xiaomi Eco","link":"https:\/\/www.rucashk.com\/es\/categoria-producto\/xiaomi-eco\/"},{"label":"Gadgets","link":"https:\/\/www.rucashk.com\/es\/categoria-producto\/xiaomi-eco\/gadgets\/"},{"label":"mijia\u00a0bluetooth thermometer 2","link":"https:\/\/www.rucashk.com\/es\/producto\/mijia-bluetooth-thermometer-2-2\/"}],"_links":{"self":[{"href":"https:\/\/www.rucashk.com\/es\/wp-json\/wp\/v2\/product\/23623","targetHints":{"allow":["GET"]}}],"collection":[{"href":"https:\/\/www.rucashk.com\/es\/wp-json\/wp\/v2\/product"}],"about":[{"href":"https:\/\/www.rucashk.com\/es\/wp-json\/wp\/v2\/types\/product"}],"wp:featuredmedia":[{"embeddable":true,"href":"https:\/\/www.rucashk.com\/es\/wp-json\/wp\/v2\/media\/23764"}],"wp:attachment":[{"href":"https:\/\/www.rucashk.com\/es\/wp-json\/wp\/v2\/media?parent=23623"}],"wp:term":[{"taxonomy":"product_brand","embeddable":true,"href":"https:\/\/www.rucashk.com\/es\/wp-json\/wp\/v2\/product_brand?post=23623"},{"taxonomy":"product_cat","embeddable":true,"href":"https:\/\/www.rucashk.com\/es\/wp-json\/wp\/v2\/product_cat?post=23623"},{"taxonomy":"product_tag","embeddable":true,"href":"https:\/\/www.rucashk.com\/es\/wp-json\/wp\/v2\/product_tag?post=23623"}],"curies":[{"name":"wp","href":"https:\/\/api.w.org\/{rel}","templated":true}]}}