{"id":23585,"date":"2024-01-09T15:55:52","date_gmt":"2024-01-09T15:55:52","guid":{"rendered":"http:\/\/rucashk.com\/?post_type=product&#038;p=23585"},"modified":"2024-01-21T04:14:54","modified_gmt":"2024-01-21T04:14:54","slug":"xiaomi-electric-kettle-2","status":"publish","type":"product","link":"https:\/\/www.rucashk.com\/es\/producto\/xiaomi-electric-kettle-2\/","title":{"rendered":"Hervidor el\u00e9ctrico xiaomi"},"content":{"rendered":"<p data-spm-anchor-id=\"a2g0o.detail.1000023.i0.48b933e4vzkJwW\">Hervidor el\u00e9ctrico Xiaomi MIJIA<\/p>\n<div>Ebullici\u00f3n r\u00e1pida | Revestimiento de acero inoxidable 304 | 1,5 L de gran capacidad<\/div>\n<div>Anti-escaldado de doble capa | 13 cm de di\u00e1metro grande<\/div>\n<p><img decoding=\"async\" src=\"https:\/\/www.rucashk.com\/wp-content\/uploads\/2020\/07\/HTB12EGSXLfsK1RjSszbq6AqBXXap.jpg\" alt=\"_01\" \/><\/p>\n<p>1, 5 l de gran capacidad<\/p>\n<p>Conozca una bebida familiar hirviendo, no es necesario hervir agua con frecuencia<\/p>\n<p><img decoding=\"async\" src=\"https:\/\/www.rucashk.com\/wp-content\/uploads\/2020\/07\/HTB1wU9ZXULrK1Rjy0Fjq6zYXFXaS.jpg\" alt=\"_03\" \/><img decoding=\"async\" src=\"https:\/\/www.rucashk.com\/wp-content\/uploads\/2020\/07\/HTB1ILOUXI_vK1Rjy0Foq6xIxVXaF.jpg\" alt=\"_05\" \/><\/p>\n<p>Capa interior de acero inoxidable 304. M\u00e1s segura y limpia.<\/p>\n<p>Acero inoxidable est\u00e1ndar apto para uso alimentario, inoxidable, antical, inodoro, f\u00e1cil de limpiar.<\/p>\n<p><img decoding=\"async\" src=\"https:\/\/www.rucashk.com\/wp-content\/uploads\/2020\/07\/HTB1XFmWXOjrK1RjSsplq6xHmVXa1.jpg\" alt=\"_07\" \/><\/p>\n<p>Controlador de temperatura STRIX superior<\/p>\n<p>Garantizar una ebullici\u00f3n completa y una vida \u00fatil m\u00e1s larga.<\/p>\n<p>El control preciso de la temperatura garantiza agua completamente hervida para beber.<\/p>\n<p>El controlador STRIX puede durar 10000 veces su uso<\/p>\n<p><img decoding=\"async\" src=\"https:\/\/www.rucashk.com\/wp-content\/uploads\/2020\/07\/HTB1GQaUXPzuK1Rjy0Fpq6yEpFXan.jpg\" alt=\"_09\" \/><\/p>\n<p>Dise\u00f1o de destape de amortiguaci\u00f3n de dos etapas<\/p>\n<p>Prevenir salpicaduras y quemaduras.<\/p>\n<p>Presione el bot\u00f3n de apertura de la tapa, la tapa se abre autom\u00e1ticamente en un \u00e1ngulo de 30 grados sin que salpiquen gotas calientes, lo que evita que las salpicaduras lo quemen.<\/p>\n<p><img decoding=\"async\" src=\"https:\/\/www.rucashk.com\/wp-content\/uploads\/2020\/07\/HTB1VkiUXJjvK1RjSspiq6AEqXXaw.jpg\" alt=\"_11\" \/><\/p>\n<p>Doble capa anti-escaldaduras<\/p>\n<p>M\u00e1s aislamiento t\u00e9rmico para proteger las manos<\/p>\n<p>con la capa de aislamiento hueca entre la capa interior y exterior<\/p>\n<p><img decoding=\"async\" src=\"https:\/\/www.rucashk.com\/wp-content\/uploads\/2020\/07\/HTB1FW5SXInrK1RkHFrdq6xCoFXao.jpg\" alt=\"_13\" \/><\/p>\n<p>&nbsp;<\/p>\n<p>Triple protecci\u00f3n de seguridad<\/p>\n<p>Prevenir descargas el\u00e9ctricas<\/p>\n<p>Apagado autom\u00e1tico en seco<\/p>\n<p>Apagado autom\u00e1tico en ebullici\u00f3n<\/p>\n<p><img decoding=\"async\" src=\"https:\/\/www.rucashk.com\/wp-content\/uploads\/2020\/07\/HTB1_cqTXIfrK1Rjy1Xdq6yemFXao.jpg\" alt=\"_15\" \/><\/p>\n<p>Luz indicadora LED visible<\/p>\n<p>Conveniente para seguir el proceso de calentamiento de agua.<\/p>\n<p><img decoding=\"async\" src=\"https:\/\/www.rucashk.com\/wp-content\/uploads\/2020\/07\/HTB1kQqUXJjvK1RjSspiq6AEqXXaz.jpg\" alt=\"_17\" \/><\/p>\n<p>Almacenamiento de cable considerado<\/p>\n<p>M\u00e1s ordenada y bonita<\/p>\n<p>F\u00e1cil de ordenar el cable de alimentaci\u00f3n de gran longitud. Hermanamiento en la parte inferior de la base.<\/p>\n<p><img decoding=\"async\" src=\"https:\/\/www.rucashk.com\/wp-content\/uploads\/2020\/07\/HTB1oAeSXOnrK1Rjy1Xcq6yeDVXa1.jpg\" alt=\"_19\" \/><\/p>\n<p><img decoding=\"async\" src=\"\" data-spm-anchor-id=\"a2g0o.detail.1000023.i3.48b933e4vzkJwW\" \/><\/p>\n<p>\u25cf Capa interior de acero inoxidable 304<\/p>\n<p data-spm-anchor-id=\"a2g0o.detail.1000023.i4.48b933e4vzkJwW\">Acero inoxidable est\u00e1ndar apto para uso alimentario, inoxidable, antical, inodoro, f\u00e1cil de limpiar.<br \/>\n\u25cf Gran capacidad de 1,5 litros<br \/>\nUn hervor puede preparar una bebida familiar para varios miembros, no es necesario hervir agua con frecuencia.<br \/>\n\u25cf Doble capa anti-escaldaduras<br \/>\nCon la capa de aislamiento hueca entre la capa interior y exterior, proporciona m\u00e1s aislamiento t\u00e9rmico para protegerte de quemaduras.<br \/>\n\u25cf Control superior de temperatura STRIX<br \/>\nEl control preciso de la temperatura garantiza una ebullici\u00f3n completa y una vida \u00fatil m\u00e1s larga.<br \/>\n\u25cf Dise\u00f1o sin tapa con amortiguaci\u00f3n de dos etapas<br \/>\nPresione el bot\u00f3n de apertura de la tapa, la tapa se abre autom\u00e1ticamente en un \u00e1ngulo de 30 grados sin que salpiquen gotas calientes, lo que evita que las salpicaduras lo quemen.<br \/>\n\u25cf Triple protecci\u00f3n de seguridad<br \/>\n<span data-spm-anchor-id=\"a2g0o.detail.1000023.i2.48b933e4vzkJwW\">Evite descargas el\u00e9ctricas, fugas el\u00e9ctricas y apagado autom\u00e1tico durante el funcionamiento en seco y en ebullici\u00f3n.<\/span><br \/>\n\u25cf Dise\u00f1o de cuerpo \u00fanico sin costuras<br \/>\nF\u00e1cil de limpiar, di adi\u00f3s a la suciedad interior.<br \/>\n\u25cf Luz indicadora LED visible<br \/>\nConveniente para seguir el proceso de calentamiento de agua.<br \/>\n\u25cf Almacenamiento de cable considerado<br \/>\nF\u00e1cil de ordenar gracias al cable de alimentaci\u00f3n de gran longitud, que se entrelaza en la parte inferior de la base principal.<\/p>\n<p class=\"sizeDescTitle\">Especificaci\u00f3n<\/p>\n<div class=\"sizeDescTable\">\n<div class=\"sizeDescCate  topBorder\">\n<div class=\"sizeDescCateContent\">Voltaje (V): 220v Potencia (W); 1800W<\/div>\n<\/div>\n<\/div>\n<div class=\"sizeDescTable\">\n<div class=\"sizeDescCate\">\n<div class=\"sizeDescCateContent\">M\u00e9todo de calentamiento: Capacidad del serpent\u00edn de calentamiento: 1,5 L<\/div>\n<\/div>\n<\/div>","protected":false},"excerpt":{"rendered":"<p>XIAOMI Mijia 1.5L \/ 1800W Electric Water Kettle 304 Stainless Steel 12hrs Temperature Control Time<br \/>\nTriple security protection : Prevent electric shock, no electric leakage and auto power off.<br \/>\nConstant temperature control time can be up to 12hrs.<br \/>\nDouble 304 stainless steel inner layer, heat insulation design gives more safe protection.<br \/>\n360 degree power base provides durable use and convenience.<\/p>","protected":false},"featured_media":23723,"template":"","meta":[],"product_brand":[],"product_cat":[1318,1305],"product_tag":[837],"class_list":{"0":"post-23585","1":"product","2":"type-product","3":"status-publish","4":"has-post-thumbnail","6":"product_cat-gadgets","7":"product_cat-xiaomi-eco","8":"product_tag-xiaomi-electric-kettle","10":"first","11":"instock","12":"shipping-taxable","13":"product-type-external"},"aioseo_notices":[],"aioseo_head":"\n\t\t<!-- All in One SEO Pro 4.5.9.2 - aioseo.com -->\n\t\t<meta name=\"description\" content=\"XIAOMI Mijia 1.5L \/ 1800W Electric Water Kettle 304 Stainless Steel 12hrs Temperature Control Time Triple security protection : Prevent electric shock, no electric leakage and auto power off. Constant temperature control time can be up to 12hrs. Double 304 stainless steel inner layer, heat insulation design gives more safe protection. 360 degree power base provides durable use and convenience.\" \/>\n\t\t<meta name=\"robots\" content=\"max-image-preview:large\" \/>\n\t\t<link rel=\"canonical\" href=\"https:\/\/www.rucashk.com\/es\/producto\/xiaomi-electric-kettle-2\/\" \/>\n\t\t<meta name=\"generator\" content=\"All in One SEO Pro (AIOSEO) 4.5.9.2\" \/>\n\t\t<meta property=\"og:locale\" content=\"es_ES\" \/>\n\t\t<meta property=\"og:site_name\" content=\"Rucas - One-stop AIoT Distribution Worldwide\" \/>\n\t\t<meta property=\"og:type\" content=\"article\" \/>\n\t\t<meta property=\"og:title\" content=\"xiaomi Electric kettle - Rucas - Wholesale and Distribution\" \/>\n\t\t<meta property=\"og:description\" content=\"XIAOMI Mijia 1.5L \/ 1800W Electric Water Kettle 304 Stainless Steel 12hrs Temperature Control Time Triple security protection : Prevent electric shock, no electric leakage and auto power off. Constant temperature control time can be up to 12hrs. Double 304 stainless steel inner layer, heat insulation design gives more safe protection. 360 degree power base provides durable use and convenience.\" \/>\n\t\t<meta property=\"og:url\" content=\"https:\/\/www.rucashk.com\/es\/producto\/xiaomi-electric-kettle-2\/\" \/>\n\t\t<meta property=\"og:image\" content=\"https:\/\/www.rucashk.com\/wp-content\/uploads\/replace\/503b8e645f128a97ccde2b6290747646.jpeg\" \/>\n\t\t<meta property=\"og:image:secure_url\" content=\"https:\/\/www.rucashk.com\/wp-content\/uploads\/replace\/503b8e645f128a97ccde2b6290747646.jpeg\" \/>\n\t\t<meta property=\"og:image:width\" content=\"1456\" \/>\n\t\t<meta property=\"og:image:height\" content=\"816\" \/>\n\t\t<meta property=\"article:published_time\" content=\"2024-01-09T15:55:52+00:00\" \/>\n\t\t<meta property=\"article:modified_time\" content=\"2024-01-21T04:14:54+00:00\" \/>\n\t\t<meta name=\"twitter:card\" content=\"summary_large_image\" \/>\n\t\t<meta name=\"twitter:title\" content=\"xiaomi Electric kettle - Rucas - Wholesale and Distribution\" \/>\n\t\t<meta name=\"twitter:description\" content=\"XIAOMI Mijia 1.5L \/ 1800W Electric Water Kettle 304 Stainless Steel 12hrs Temperature Control Time Triple security protection : Prevent electric shock, no electric leakage and auto power off. Constant temperature control time can be up to 12hrs. Double 304 stainless steel inner layer, heat insulation design gives more safe protection. 360 degree power base provides durable use and convenience.\" \/>\n\t\t<meta name=\"twitter:image\" content=\"https:\/\/www.rucashk.com\/wp-content\/uploads\/replace\/503b8e645f128a97ccde2b6290747646.jpeg\" \/>\n\t\t<script type=\"application\/ld+json\" class=\"aioseo-schema\">\n\t\t\t{\"@context\":\"https:\\\/\\\/schema.org\",\"@graph\":[{\"@type\":\"BreadcrumbList\",\"@id\":\"https:\\\/\\\/www.rucashk.com\\\/es\\\/producto\\\/xiaomi-electric-kettle-2\\\/#breadcrumblist\",\"itemListElement\":[{\"@type\":\"ListItem\",\"@id\":\"https:\\\/\\\/www.rucashk.com\\\/es\\\/#listItem\",\"position\":1,\"name\":\"Home\",\"item\":\"https:\\\/\\\/www.rucashk.com\\\/es\\\/\",\"nextItem\":\"https:\\\/\\\/www.rucashk.com\\\/es\\\/producto\\\/xiaomi-electric-kettle-2\\\/#listItem\"},{\"@type\":\"ListItem\",\"@id\":\"https:\\\/\\\/www.rucashk.com\\\/es\\\/producto\\\/xiaomi-electric-kettle-2\\\/#listItem\",\"position\":2,\"name\":\"xiaomi\\u00a0Electric kettle\",\"previousItem\":\"https:\\\/\\\/www.rucashk.com\\\/es\\\/#listItem\"}]},{\"@type\":\"Organization\",\"@id\":\"https:\\\/\\\/www.rucashk.com\\\/es\\\/#organization\",\"name\":\"Rucas\",\"url\":\"https:\\\/\\\/www.rucashk.com\\\/es\\\/\",\"logo\":{\"@type\":\"ImageObject\",\"url\":\"https:\\\/\\\/www.rucashk.com\\\/wp-content\\\/uploads\\\/2023\\\/12\\\/Rucas_campany_logo.png\",\"@id\":\"https:\\\/\\\/www.rucashk.com\\\/es\\\/producto\\\/xiaomi-electric-kettle-2\\\/#organizationLogo\",\"width\":221,\"height\":65},\"image\":{\"@id\":\"https:\\\/\\\/www.rucashk.com\\\/es\\\/#organizationLogo\"}},{\"@type\":\"Person\",\"@id\":\"https:\\\/\\\/www.rucashk.com\\\/es\\\/author\\\/admin\\\/#author\",\"url\":\"https:\\\/\\\/www.rucashk.com\\\/es\\\/author\\\/admin\\\/\",\"name\":\"admin\",\"image\":{\"@type\":\"ImageObject\",\"@id\":\"https:\\\/\\\/www.rucashk.com\\\/es\\\/producto\\\/xiaomi-electric-kettle-2\\\/#authorImage\",\"url\":\"https:\\\/\\\/secure.gravatar.com\\\/avatar\\\/b7c8925b09a27e72b30232f8ecaadbd5af0f70a38c78096863fe51b64f031c24?s=96&d=mm&r=g\",\"width\":96,\"height\":96,\"caption\":\"admin\"}},{\"@type\":\"WebPage\",\"@id\":\"https:\\\/\\\/www.rucashk.com\\\/es\\\/producto\\\/xiaomi-electric-kettle-2\\\/#webpage\",\"url\":\"https:\\\/\\\/www.rucashk.com\\\/es\\\/producto\\\/xiaomi-electric-kettle-2\\\/\",\"name\":\"xiaomi Electric kettle - Rucas - Wholesale and Distribution\",\"description\":\"XIAOMI Mijia 1.5L \\\/ 1800W Electric Water Kettle 304 Stainless Steel 12hrs Temperature Control Time Triple security protection : Prevent electric shock, no electric leakage and auto power off. Constant temperature control time can be up to 12hrs. Double 304 stainless steel inner layer, heat insulation design gives more safe protection. 360 degree power base provides durable use and convenience.\",\"inLanguage\":\"es-ES\",\"isPartOf\":{\"@id\":\"https:\\\/\\\/www.rucashk.com\\\/es\\\/#website\"},\"breadcrumb\":{\"@id\":\"https:\\\/\\\/www.rucashk.com\\\/es\\\/producto\\\/xiaomi-electric-kettle-2\\\/#breadcrumblist\"},\"author\":{\"@id\":\"https:\\\/\\\/www.rucashk.com\\\/es\\\/author\\\/admin\\\/#author\"},\"creator\":{\"@id\":\"https:\\\/\\\/www.rucashk.com\\\/es\\\/author\\\/admin\\\/#author\"},\"image\":{\"@type\":\"ImageObject\",\"url\":\"https:\\\/\\\/www.rucashk.com\\\/wp-content\\\/uploads\\\/2024\\\/01\\\/Original-Xiaomi-Mijia-Electric-Kettle-1-5L-Auto-Power-off-Protection-Smart-Water-Boiler-Instant-Heating_\\u526f\\u672c.jpg\",\"@id\":\"https:\\\/\\\/www.rucashk.com\\\/es\\\/producto\\\/xiaomi-electric-kettle-2\\\/#mainImage\",\"width\":800,\"height\":800},\"primaryImageOfPage\":{\"@id\":\"https:\\\/\\\/www.rucashk.com\\\/es\\\/producto\\\/xiaomi-electric-kettle-2\\\/#mainImage\"},\"datePublished\":\"2024-01-09T15:55:52+00:00\",\"dateModified\":\"2024-01-21T04:14:54+00:00\"},{\"@type\":\"WebSite\",\"@id\":\"https:\\\/\\\/www.rucashk.com\\\/es\\\/#website\",\"url\":\"https:\\\/\\\/www.rucashk.com\\\/es\\\/\",\"name\":\"Rucas - Wholesale and distribution worldwide\",\"alternateName\":\"Rucas - One-stop AIoT Distribution Worldwide\",\"description\":\"One-stop AIoT Distribution Worldwide\",\"inLanguage\":\"es-ES\",\"publisher\":{\"@id\":\"https:\\\/\\\/www.rucashk.com\\\/es\\\/#organization\"}}]}\n\t\t<\/script>\n\t\t<!-- All in One SEO Pro -->\r\n\t\t<title>xiaomi Electric kettle - Rucas - Wholesale and Distribution<\/title>\n\n","aioseo_head_json":{"title":"xiaomi Electric kettle - Rucas - Wholesale and Distribution","description":"XIAOMI Mijia 1.5L \/ 1800W Electric Water Kettle 304 Stainless Steel 12hrs Temperature Control Time Triple security protection : Prevent electric shock, no electric leakage and auto power off. Constant temperature control time can be up to 12hrs. Double 304 stainless steel inner layer, heat insulation design gives more safe protection. 360 degree power base provides durable use and convenience.","canonical_url":"https:\/\/www.rucashk.com\/es\/producto\/xiaomi-electric-kettle-2\/","robots":"max-image-preview:large","keywords":"","webmasterTools":{"miscellaneous":""},"og:locale":"es_ES","og:site_name":"Rucas - One-stop AIoT Distribution Worldwide","og:type":"article","og:title":"xiaomi Electric kettle - Rucas - Wholesale and Distribution","og:description":"XIAOMI Mijia 1.5L \/ 1800W Electric Water Kettle 304 Stainless Steel 12hrs Temperature Control Time Triple security protection : Prevent electric shock, no electric leakage and auto power off. Constant temperature control time can be up to 12hrs. Double 304 stainless steel inner layer, heat insulation design gives more safe protection. 360 degree power base provides durable use and convenience.","og:url":"https:\/\/www.rucashk.com\/es\/producto\/xiaomi-electric-kettle-2\/","og:image":"https:\/\/www.rucashk.com\/wp-content\/uploads\/replace\/503b8e645f128a97ccde2b6290747646.jpeg","og:image:secure_url":"https:\/\/www.rucashk.com\/wp-content\/uploads\/replace\/503b8e645f128a97ccde2b6290747646.jpeg","og:image:width":1456,"og:image:height":816,"article:published_time":"2024-01-09T15:55:52+00:00","article:modified_time":"2024-01-21T04:14:54+00:00","twitter:card":"summary_large_image","twitter:title":"xiaomi Electric kettle - Rucas - Wholesale and Distribution","twitter:description":"XIAOMI Mijia 1.5L \/ 1800W Electric Water Kettle 304 Stainless Steel 12hrs Temperature Control Time Triple security protection : Prevent electric shock, no electric leakage and auto power off. Constant temperature control time can be up to 12hrs. Double 304 stainless steel inner layer, heat insulation design gives more safe protection. 360 degree power base provides durable use and convenience.","twitter:image":"https:\/\/www.rucashk.com\/wp-content\/uploads\/replace\/503b8e645f128a97ccde2b6290747646.jpeg","schema":{"@context":"https:\/\/schema.org","@graph":[{"@type":"BreadcrumbList","@id":"https:\/\/www.rucashk.com\/es\/producto\/xiaomi-electric-kettle-2\/#breadcrumblist","itemListElement":[{"@type":"ListItem","@id":"https:\/\/www.rucashk.com\/es\/#listItem","position":1,"name":"Home","item":"https:\/\/www.rucashk.com\/es\/","nextItem":"https:\/\/www.rucashk.com\/es\/producto\/xiaomi-electric-kettle-2\/#listItem"},{"@type":"ListItem","@id":"https:\/\/www.rucashk.com\/es\/producto\/xiaomi-electric-kettle-2\/#listItem","position":2,"name":"xiaomi\u00a0Electric kettle","previousItem":"https:\/\/www.rucashk.com\/es\/#listItem"}]},{"@type":"Organization","@id":"https:\/\/www.rucashk.com\/es\/#organization","name":"Rucas","url":"https:\/\/www.rucashk.com\/es\/","logo":{"@type":"ImageObject","url":"https:\/\/www.rucashk.com\/wp-content\/uploads\/2023\/12\/Rucas_campany_logo.png","@id":"https:\/\/www.rucashk.com\/es\/producto\/xiaomi-electric-kettle-2\/#organizationLogo","width":221,"height":65},"image":{"@id":"https:\/\/www.rucashk.com\/es\/#organizationLogo"}},{"@type":"Person","@id":"https:\/\/www.rucashk.com\/es\/author\/admin\/#author","url":"https:\/\/www.rucashk.com\/es\/author\/admin\/","name":"admin","image":{"@type":"ImageObject","@id":"https:\/\/www.rucashk.com\/es\/producto\/xiaomi-electric-kettle-2\/#authorImage","url":"https:\/\/secure.gravatar.com\/avatar\/b7c8925b09a27e72b30232f8ecaadbd5af0f70a38c78096863fe51b64f031c24?s=96&d=mm&r=g","width":96,"height":96,"caption":"admin"}},{"@type":"WebPage","@id":"https:\/\/www.rucashk.com\/es\/producto\/xiaomi-electric-kettle-2\/#webpage","url":"https:\/\/www.rucashk.com\/es\/producto\/xiaomi-electric-kettle-2\/","name":"xiaomi Electric kettle - Rucas - Wholesale and Distribution","description":"XIAOMI Mijia 1.5L \/ 1800W Electric Water Kettle 304 Stainless Steel 12hrs Temperature Control Time Triple security protection : Prevent electric shock, no electric leakage and auto power off. Constant temperature control time can be up to 12hrs. Double 304 stainless steel inner layer, heat insulation design gives more safe protection. 360 degree power base provides durable use and convenience.","inLanguage":"es-ES","isPartOf":{"@id":"https:\/\/www.rucashk.com\/es\/#website"},"breadcrumb":{"@id":"https:\/\/www.rucashk.com\/es\/producto\/xiaomi-electric-kettle-2\/#breadcrumblist"},"author":{"@id":"https:\/\/www.rucashk.com\/es\/author\/admin\/#author"},"creator":{"@id":"https:\/\/www.rucashk.com\/es\/author\/admin\/#author"},"image":{"@type":"ImageObject","url":"https:\/\/www.rucashk.com\/wp-content\/uploads\/2024\/01\/Original-Xiaomi-Mijia-Electric-Kettle-1-5L-Auto-Power-off-Protection-Smart-Water-Boiler-Instant-Heating_\u526f\u672c.jpg","@id":"https:\/\/www.rucashk.com\/es\/producto\/xiaomi-electric-kettle-2\/#mainImage","width":800,"height":800},"primaryImageOfPage":{"@id":"https:\/\/www.rucashk.com\/es\/producto\/xiaomi-electric-kettle-2\/#mainImage"},"datePublished":"2024-01-09T15:55:52+00:00","dateModified":"2024-01-21T04:14:54+00:00"},{"@type":"WebSite","@id":"https:\/\/www.rucashk.com\/es\/#website","url":"https:\/\/www.rucashk.com\/es\/","name":"Rucas - Wholesale and distribution worldwide","alternateName":"Rucas - One-stop AIoT Distribution Worldwide","description":"One-stop AIoT Distribution Worldwide","inLanguage":"es-ES","publisher":{"@id":"https:\/\/www.rucashk.com\/es\/#organization"}}]}},"aioseo_meta_data":{"post_id":"23585","title":null,"description":null,"keywords":null,"keyphrases":null,"primary_term":null,"canonical_url":null,"og_title":null,"og_description":null,"og_object_type":"default","og_image_type":"default","og_image_url":null,"og_image_width":null,"og_image_height":null,"og_image_custom_url":null,"og_image_custom_fields":null,"og_video":null,"og_custom_url":null,"og_article_section":null,"og_article_tags":null,"twitter_use_og":false,"twitter_card":"default","twitter_image_type":"default","twitter_image_url":null,"twitter_image_custom_url":null,"twitter_image_custom_fields":null,"twitter_title":null,"twitter_description":null,"schema":{"blockGraphs":[],"customGraphs":[],"default":{"data":{"Article":[],"Course":[],"Dataset":[],"FAQPage":[],"Movie":[],"Person":[],"Product":[],"Recipe":[],"Service":[],"SoftwareApplication":[],"WebPage":[]},"graphName":"","isEnabled":true},"graphs":[]},"schema_type":"default","schema_type_options":null,"pillar_content":false,"robots_default":true,"robots_noindex":false,"robots_noarchive":false,"robots_nosnippet":false,"robots_nofollow":false,"robots_noimageindex":false,"robots_noodp":false,"robots_notranslate":false,"robots_max_snippet":null,"robots_max_videopreview":null,"robots_max_imagepreview":"large","priority":null,"frequency":null,"local_seo":null,"breadcrumb_settings":null,"limit_modified_date":false,"created":"2024-04-11 01:57:06","updated":"2025-06-22 17:12:06"},"aioseo_breadcrumb":"<div class=\"aioseo-breadcrumbs\"><span class=\"aioseo-breadcrumb\">\n\t<a href=\"https:\/\/www.rucashk.com\/es\" title=\"Home\">Home<\/a>\n<\/span><span class=\"aioseo-breadcrumb-separator\">&raquo;<\/span><span class=\"aioseo-breadcrumb\">\n\t<a href=\"https:\/\/www.rucashk.com\/es\/products\/\" title=\"Productos\">Productos<\/a>\n<\/span><span class=\"aioseo-breadcrumb-separator\">&raquo;<\/span><span class=\"aioseo-breadcrumb\">\n\t<a href=\"https:\/\/www.rucashk.com\/es\/categoria-producto\/xiaomi-eco\/\" title=\"Xiaomi Eco\">Xiaomi Eco<\/a>\n<\/span><span class=\"aioseo-breadcrumb-separator\">&raquo;<\/span><span class=\"aioseo-breadcrumb\">\n\t<a href=\"https:\/\/www.rucashk.com\/es\/categoria-producto\/xiaomi-eco\/gadgets\/\" title=\"Gadgets\">Gadgets<\/a>\n<\/span><span class=\"aioseo-breadcrumb-separator\">&raquo;<\/span><span class=\"aioseo-breadcrumb\">\n\txiaomi\u00a0Electric kettle\n<\/span><\/div>","aioseo_breadcrumb_json":[{"label":"Home","link":"https:\/\/www.rucashk.com\/es"},{"label":"Productos","link":"https:\/\/www.rucashk.com\/es\/products\/"},{"label":"Xiaomi Eco","link":"https:\/\/www.rucashk.com\/es\/categoria-producto\/xiaomi-eco\/"},{"label":"Gadgets","link":"https:\/\/www.rucashk.com\/es\/categoria-producto\/xiaomi-eco\/gadgets\/"},{"label":"xiaomi\u00a0Electric kettle","link":"https:\/\/www.rucashk.com\/es\/producto\/xiaomi-electric-kettle-2\/"}],"_links":{"self":[{"href":"https:\/\/www.rucashk.com\/es\/wp-json\/wp\/v2\/product\/23585","targetHints":{"allow":["GET"]}}],"collection":[{"href":"https:\/\/www.rucashk.com\/es\/wp-json\/wp\/v2\/product"}],"about":[{"href":"https:\/\/www.rucashk.com\/es\/wp-json\/wp\/v2\/types\/product"}],"wp:featuredmedia":[{"embeddable":true,"href":"https:\/\/www.rucashk.com\/es\/wp-json\/wp\/v2\/media\/23723"}],"wp:attachment":[{"href":"https:\/\/www.rucashk.com\/es\/wp-json\/wp\/v2\/media?parent=23585"}],"wp:term":[{"taxonomy":"product_brand","embeddable":true,"href":"https:\/\/www.rucashk.com\/es\/wp-json\/wp\/v2\/product_brand?post=23585"},{"taxonomy":"product_cat","embeddable":true,"href":"https:\/\/www.rucashk.com\/es\/wp-json\/wp\/v2\/product_cat?post=23585"},{"taxonomy":"product_tag","embeddable":true,"href":"https:\/\/www.rucashk.com\/es\/wp-json\/wp\/v2\/product_tag?post=23585"}],"curies":[{"name":"wp","href":"https:\/\/api.w.org\/{rel}","templated":true}]}}