{"id":23582,"date":"2024-01-09T15:55:51","date_gmt":"2024-01-09T15:55:51","guid":{"rendered":"http:\/\/rucashk.com\/?post_type=product&#038;p=23582"},"modified":"2024-03-13T06:40:58","modified_gmt":"2024-03-13T06:40:58","slug":"xiaomi-mi-10-gcam","status":"publish","type":"product","link":"https:\/\/www.rucashk.com\/es\/producto\/xiaomi-mi-10-gcam\/","title":{"rendered":"C\u00e1mara Xiaomi Mi 10"},"content":{"rendered":"<p><img decoding=\"async\" alt=\"Xiaomi\u00a0Mi 10 Gcam\" src=\"\/wp-content\/uploads\/replace\/403a79fb4a4cc8a338dbc311268bef65.jpeg\" \/><img decoding=\"async\" alt=\"Xiaomi\u00a0Mi 10 Gcam\" src=\"\/wp-content\/uploads\/replace\/f65058abc0fafbe86d32f2c18ba97753.jpeg\" \/><img decoding=\"async\" alt=\"Xiaomi\u00a0Mi 10 Gcam\" src=\"\/wp-content\/uploads\/replace\/1f76a209e1d58d373f7c8bf29c48daf9.jpeg\" \/><img decoding=\"async\" alt=\"Xiaomi\u00a0Mi 10 Gcam\" src=\"\/wp-content\/uploads\/replace\/f36969b417f642d9484000061400608c.jpeg\" \/><img decoding=\"async\" alt=\"Xiaomi\u00a0Mi 10 Gcam\" src=\"\/wp-content\/uploads\/replace\/a326738e581e665c61485939b66d8adf.jpeg\" \/><img decoding=\"async\" alt=\"Xiaomi\u00a0Mi 10 Gcam\" src=\"\/wp-content\/uploads\/replace\/199eea23ed252a325905fdd78bfc94c0.jpeg\" \/><img decoding=\"async\" alt=\"Xiaomi\u00a0Mi 10 Gcam\" src=\"\/wp-content\/uploads\/replace\/445221ad743e67468d2de478485b322b.jpeg\" \/><img decoding=\"async\" alt=\"Xiaomi\u00a0Mi 10 Gcam\" src=\"\/wp-content\/uploads\/replace\/d018e76ef579c8f39f44dc14f65f5868.jpeg\" \/><img decoding=\"async\" alt=\"Xiaomi\u00a0Mi 10 Gcam\" src=\"\/wp-content\/uploads\/replace\/d67377fa3b78565319ff0bc45d2f20cb.jpeg\" \/><img decoding=\"async\" alt=\"Xiaomi\u00a0Mi 10 Gcam\" src=\"\/wp-content\/uploads\/replace\/4e2dbc2ba2bea46bdb074649e797e497.jpeg\" \/><img decoding=\"async\" alt=\"Xiaomi\u00a0Mi 10 Gcam\" src=\"\/wp-content\/uploads\/replace\/1957cb2234039141780091317fae2a1d.jpeg\" \/><\/p>","protected":false},"excerpt":{"rendered":"<p><b>Principales caracter\u00edsticas:<\/b><br \/>\n<b>CPU Qualcomm Snapdragon 865:<\/b>El procesador de tel\u00e9fono m\u00f3vil de configuraci\u00f3n m\u00e1s alta mejora el rendimiento del tel\u00e9fono.<br \/>\n<b>C\u00e1mara de 108MP + v\u00eddeo de 8K:<\/b>\u00a0Toma de fotograf\u00edas y grabaci\u00f3n de v\u00eddeo s\u00faper claras.<br \/>\n<b>Modo 5G:<\/b>\u00a0Admite comunicaci\u00f3n 5G.<br \/>\n<b>Memoria LPDDR5 de nueva generaci\u00f3n:<\/b>\u00a0Mejora la velocidad de descompresi\u00f3n y lectura de archivos en el tel\u00e9fono 50%.<br \/>\n<b>Est\u00e9reo sim\u00e9trico:<\/b>\u00a0Disfrute de una calidad de sonido ultra clara.<br \/>\n<b>Frecuencia de actualizaci\u00f3n de 90 Hz + frecuencia de muestreo de 180 Hz<\/b><br \/>\n<b>Almacenamiento de alta velocidad UFS 3.0<\/b><br \/>\n<b>Totalmente compatible con Wi-Fi 6<\/b><br \/>\n<b>Fuerte disipaci\u00f3n de calor VC:<\/b>\u00a0Enfr\u00eda r\u00e1pidamente el tel\u00e9fono y garantiza un rendimiento potente.<br \/>\n<b>Carga flash r\u00e1pida de 30 W + carga flash inal\u00e1mbrica de 30 W + carga inversa inal\u00e1mbrica de 10 W<\/b><br \/>\n<b>Capacidad de la bater\u00eda de 4780 mAh.<\/b><br \/>\n<b>Funci\u00f3n NFC con todas las funciones<\/b><\/p>","protected":false},"featured_media":23709,"template":"","meta":[],"product_brand":[],"product_cat":[1295,1296],"product_tag":[922],"class_list":{"0":"post-23582","1":"product","2":"type-product","3":"status-publish","4":"has-post-thumbnail","6":"product_cat-mobile-phone","7":"product_cat-xiaomi-mobile-phone","8":"product_tag-xiaomi-mi-10-gcam","10":"first","11":"instock","12":"shipping-taxable","13":"product-type-external"},"aioseo_notices":[],"aioseo_head":"\n\t\t<!-- All in One SEO Pro 4.5.9.2 - aioseo.com -->\n\t\t<meta name=\"description\" content=\"Main Features: Qualcomm snapdragon 865 CPU:The highest configuration mobile phone processor improves the performance of the phone. 108MP camera + 8K video: Super clear picture taking and video recording. 5G mode: Support 5G communication. New generation LPDDR5 memory: Improves the speed of decompressing and reading files on 50% the phone by. Symmetrical Stereo: Enjoy ultra clear sound quality. 90Hz refresh rate + 180Hz sampling rate UFS 3.0 high speed storage Fully compatible with Wi-Fi 6 Strong VC heat dissipation: Quickly cooling the phone and ensure the powerful performance. 30W fast flash charge + 30W wireless flash charge + 10W wireless reverse charging 4780mAh battery capacity Full-featured NFC function\" \/>\n\t\t<meta name=\"robots\" content=\"max-image-preview:large\" \/>\n\t\t<link rel=\"canonical\" href=\"https:\/\/www.rucashk.com\/es\/producto\/xiaomi-mi-10-gcam\/\" \/>\n\t\t<meta name=\"generator\" content=\"All in One SEO Pro (AIOSEO) 4.5.9.2\" \/>\n\t\t<meta property=\"og:locale\" content=\"es_ES\" \/>\n\t\t<meta property=\"og:site_name\" content=\"Rucas - One-stop AIoT Distribution Worldwide\" \/>\n\t\t<meta property=\"og:type\" content=\"article\" \/>\n\t\t<meta property=\"og:title\" content=\"Xiaomi Mi 10 Gcam - Rucas - Wholesale and Distribution\" \/>\n\t\t<meta property=\"og:description\" content=\"Main Features: Qualcomm snapdragon 865 CPU:The highest configuration mobile phone processor improves the performance of the phone. 108MP camera + 8K video: Super clear picture taking and video recording. 5G mode: Support 5G communication. New generation LPDDR5 memory: Improves the speed of decompressing and reading files on 50% the phone by. Symmetrical Stereo: Enjoy ultra clear sound quality. 90Hz refresh rate + 180Hz sampling rate UFS 3.0 high speed storage Fully compatible with Wi-Fi 6 Strong VC heat dissipation: Quickly cooling the phone and ensure the powerful performance. 30W fast flash charge + 30W wireless flash charge + 10W wireless reverse charging 4780mAh battery capacity Full-featured NFC function\" \/>\n\t\t<meta property=\"og:url\" content=\"https:\/\/www.rucashk.com\/es\/producto\/xiaomi-mi-10-gcam\/\" \/>\n\t\t<meta property=\"og:image\" content=\"https:\/\/www.rucashk.com\/wp-content\/uploads\/replace\/503b8e645f128a97ccde2b6290747646.jpeg\" \/>\n\t\t<meta property=\"og:image:secure_url\" content=\"https:\/\/www.rucashk.com\/wp-content\/uploads\/replace\/503b8e645f128a97ccde2b6290747646.jpeg\" \/>\n\t\t<meta property=\"og:image:width\" content=\"1456\" \/>\n\t\t<meta property=\"og:image:height\" content=\"816\" \/>\n\t\t<meta property=\"article:published_time\" content=\"2024-01-09T15:55:51+00:00\" \/>\n\t\t<meta property=\"article:modified_time\" content=\"2024-03-13T06:40:58+00:00\" \/>\n\t\t<meta name=\"twitter:card\" content=\"summary_large_image\" \/>\n\t\t<meta name=\"twitter:title\" content=\"Xiaomi Mi 10 Gcam - Rucas - Wholesale and Distribution\" \/>\n\t\t<meta name=\"twitter:description\" content=\"Main Features: Qualcomm snapdragon 865 CPU:The highest configuration mobile phone processor improves the performance of the phone. 108MP camera + 8K video: Super clear picture taking and video recording. 5G mode: Support 5G communication. New generation LPDDR5 memory: Improves the speed of decompressing and reading files on 50% the phone by. Symmetrical Stereo: Enjoy ultra clear sound quality. 90Hz refresh rate + 180Hz sampling rate UFS 3.0 high speed storage Fully compatible with Wi-Fi 6 Strong VC heat dissipation: Quickly cooling the phone and ensure the powerful performance. 30W fast flash charge + 30W wireless flash charge + 10W wireless reverse charging 4780mAh battery capacity Full-featured NFC function\" \/>\n\t\t<meta name=\"twitter:image\" content=\"https:\/\/www.rucashk.com\/wp-content\/uploads\/replace\/503b8e645f128a97ccde2b6290747646.jpeg\" \/>\n\t\t<script type=\"application\/ld+json\" class=\"aioseo-schema\">\n\t\t\t{\"@context\":\"https:\\\/\\\/schema.org\",\"@graph\":[{\"@type\":\"BreadcrumbList\",\"@id\":\"https:\\\/\\\/www.rucashk.com\\\/es\\\/producto\\\/xiaomi-mi-10-gcam\\\/#breadcrumblist\",\"itemListElement\":[{\"@type\":\"ListItem\",\"@id\":\"https:\\\/\\\/www.rucashk.com\\\/es\\\/#listItem\",\"position\":1,\"name\":\"Home\",\"item\":\"https:\\\/\\\/www.rucashk.com\\\/es\\\/\",\"nextItem\":\"https:\\\/\\\/www.rucashk.com\\\/es\\\/producto\\\/xiaomi-mi-10-gcam\\\/#listItem\"},{\"@type\":\"ListItem\",\"@id\":\"https:\\\/\\\/www.rucashk.com\\\/es\\\/producto\\\/xiaomi-mi-10-gcam\\\/#listItem\",\"position\":2,\"name\":\"Xiaomi\\u00a0Mi 10 Gcam\",\"previousItem\":\"https:\\\/\\\/www.rucashk.com\\\/es\\\/#listItem\"}]},{\"@type\":\"Organization\",\"@id\":\"https:\\\/\\\/www.rucashk.com\\\/es\\\/#organization\",\"name\":\"Rucas\",\"url\":\"https:\\\/\\\/www.rucashk.com\\\/es\\\/\",\"logo\":{\"@type\":\"ImageObject\",\"url\":\"https:\\\/\\\/www.rucashk.com\\\/wp-content\\\/uploads\\\/2023\\\/12\\\/Rucas_campany_logo.png\",\"@id\":\"https:\\\/\\\/www.rucashk.com\\\/es\\\/producto\\\/xiaomi-mi-10-gcam\\\/#organizationLogo\",\"width\":221,\"height\":65},\"image\":{\"@id\":\"https:\\\/\\\/www.rucashk.com\\\/es\\\/#organizationLogo\"}},{\"@type\":\"Person\",\"@id\":\"https:\\\/\\\/www.rucashk.com\\\/es\\\/author\\\/admin\\\/#author\",\"url\":\"https:\\\/\\\/www.rucashk.com\\\/es\\\/author\\\/admin\\\/\",\"name\":\"admin\",\"image\":{\"@type\":\"ImageObject\",\"@id\":\"https:\\\/\\\/www.rucashk.com\\\/es\\\/producto\\\/xiaomi-mi-10-gcam\\\/#authorImage\",\"url\":\"https:\\\/\\\/secure.gravatar.com\\\/avatar\\\/b7c8925b09a27e72b30232f8ecaadbd5af0f70a38c78096863fe51b64f031c24?s=96&d=mm&r=g\",\"width\":96,\"height\":96,\"caption\":\"admin\"}},{\"@type\":\"WebPage\",\"@id\":\"https:\\\/\\\/www.rucashk.com\\\/es\\\/producto\\\/xiaomi-mi-10-gcam\\\/#webpage\",\"url\":\"https:\\\/\\\/www.rucashk.com\\\/es\\\/producto\\\/xiaomi-mi-10-gcam\\\/\",\"name\":\"Xiaomi Mi 10 Gcam - Rucas - Wholesale and Distribution\",\"description\":\"Main Features: Qualcomm snapdragon 865 CPU:The highest configuration mobile phone processor improves the performance of the phone. 108MP camera + 8K video: Super clear picture taking and video recording. 5G mode: Support 5G communication. New generation LPDDR5 memory: Improves the speed of decompressing and reading files on 50% the phone by. Symmetrical Stereo: Enjoy ultra clear sound quality. 90Hz refresh rate + 180Hz sampling rate UFS 3.0 high speed storage Fully compatible with Wi-Fi 6 Strong VC heat dissipation: Quickly cooling the phone and ensure the powerful performance. 30W fast flash charge + 30W wireless flash charge + 10W wireless reverse charging 4780mAh battery capacity Full-featured NFC function\",\"inLanguage\":\"es-ES\",\"isPartOf\":{\"@id\":\"https:\\\/\\\/www.rucashk.com\\\/es\\\/#website\"},\"breadcrumb\":{\"@id\":\"https:\\\/\\\/www.rucashk.com\\\/es\\\/producto\\\/xiaomi-mi-10-gcam\\\/#breadcrumblist\"},\"author\":{\"@id\":\"https:\\\/\\\/www.rucashk.com\\\/es\\\/author\\\/admin\\\/#author\"},\"creator\":{\"@id\":\"https:\\\/\\\/www.rucashk.com\\\/es\\\/author\\\/admin\\\/#author\"},\"image\":{\"@type\":\"ImageObject\",\"url\":\"https:\\\/\\\/www.rucashk.com\\\/wp-content\\\/uploads\\\/2024\\\/01\\\/2_\\u526f\\u672c-11-1.jpg\",\"@id\":\"https:\\\/\\\/www.rucashk.com\\\/es\\\/producto\\\/xiaomi-mi-10-gcam\\\/#mainImage\",\"width\":800,\"height\":800},\"primaryImageOfPage\":{\"@id\":\"https:\\\/\\\/www.rucashk.com\\\/es\\\/producto\\\/xiaomi-mi-10-gcam\\\/#mainImage\"},\"datePublished\":\"2024-01-09T15:55:51+00:00\",\"dateModified\":\"2024-03-13T06:40:58+00:00\"},{\"@type\":\"WebSite\",\"@id\":\"https:\\\/\\\/www.rucashk.com\\\/es\\\/#website\",\"url\":\"https:\\\/\\\/www.rucashk.com\\\/es\\\/\",\"name\":\"Rucas - Wholesale and distribution worldwide\",\"alternateName\":\"Rucas - One-stop AIoT Distribution Worldwide\",\"description\":\"One-stop AIoT Distribution Worldwide\",\"inLanguage\":\"es-ES\",\"publisher\":{\"@id\":\"https:\\\/\\\/www.rucashk.com\\\/es\\\/#organization\"}}]}\n\t\t<\/script>\n\t\t<!-- All in One SEO Pro -->\r\n\t\t<title>Xiaomi Mi 10 Gcam - Rucas - Wholesale and Distribution<\/title>\n\n","aioseo_head_json":{"title":"Xiaomi Mi 10 Gcam - Rucas - Wholesale and Distribution","description":"Main Features: Qualcomm snapdragon 865 CPU:The highest configuration mobile phone processor improves the performance of the phone. 108MP camera + 8K video: Super clear picture taking and video recording. 5G mode: Support 5G communication. New generation LPDDR5 memory: Improves the speed of decompressing and reading files on 50% the phone by. Symmetrical Stereo: Enjoy ultra clear sound quality. 90Hz refresh rate + 180Hz sampling rate UFS 3.0 high speed storage Fully compatible with Wi-Fi 6 Strong VC heat dissipation: Quickly cooling the phone and ensure the powerful performance. 30W fast flash charge + 30W wireless flash charge + 10W wireless reverse charging 4780mAh battery capacity Full-featured NFC function","canonical_url":"https:\/\/www.rucashk.com\/es\/producto\/xiaomi-mi-10-gcam\/","robots":"max-image-preview:large","keywords":"","webmasterTools":{"miscellaneous":""},"og:locale":"es_ES","og:site_name":"Rucas - One-stop AIoT Distribution Worldwide","og:type":"article","og:title":"Xiaomi Mi 10 Gcam - Rucas - Wholesale and Distribution","og:description":"Main Features: Qualcomm snapdragon 865 CPU:The highest configuration mobile phone processor improves the performance of the phone. 108MP camera + 8K video: Super clear picture taking and video recording. 5G mode: Support 5G communication. New generation LPDDR5 memory: Improves the speed of decompressing and reading files on 50% the phone by. Symmetrical Stereo: Enjoy ultra clear sound quality. 90Hz refresh rate + 180Hz sampling rate UFS 3.0 high speed storage Fully compatible with Wi-Fi 6 Strong VC heat dissipation: Quickly cooling the phone and ensure the powerful performance. 30W fast flash charge + 30W wireless flash charge + 10W wireless reverse charging 4780mAh battery capacity Full-featured NFC function","og:url":"https:\/\/www.rucashk.com\/es\/producto\/xiaomi-mi-10-gcam\/","og:image":"https:\/\/www.rucashk.com\/wp-content\/uploads\/replace\/503b8e645f128a97ccde2b6290747646.jpeg","og:image:secure_url":"https:\/\/www.rucashk.com\/wp-content\/uploads\/replace\/503b8e645f128a97ccde2b6290747646.jpeg","og:image:width":1456,"og:image:height":816,"article:published_time":"2024-01-09T15:55:51+00:00","article:modified_time":"2024-03-13T06:40:58+00:00","twitter:card":"summary_large_image","twitter:title":"Xiaomi Mi 10 Gcam - Rucas - Wholesale and Distribution","twitter:description":"Main Features: Qualcomm snapdragon 865 CPU:The highest configuration mobile phone processor improves the performance of the phone. 108MP camera + 8K video: Super clear picture taking and video recording. 5G mode: Support 5G communication. New generation LPDDR5 memory: Improves the speed of decompressing and reading files on 50% the phone by. Symmetrical Stereo: Enjoy ultra clear sound quality. 90Hz refresh rate + 180Hz sampling rate UFS 3.0 high speed storage Fully compatible with Wi-Fi 6 Strong VC heat dissipation: Quickly cooling the phone and ensure the powerful performance. 30W fast flash charge + 30W wireless flash charge + 10W wireless reverse charging 4780mAh battery capacity Full-featured NFC function","twitter:image":"https:\/\/www.rucashk.com\/wp-content\/uploads\/replace\/503b8e645f128a97ccde2b6290747646.jpeg","schema":{"@context":"https:\/\/schema.org","@graph":[{"@type":"BreadcrumbList","@id":"https:\/\/www.rucashk.com\/es\/producto\/xiaomi-mi-10-gcam\/#breadcrumblist","itemListElement":[{"@type":"ListItem","@id":"https:\/\/www.rucashk.com\/es\/#listItem","position":1,"name":"Home","item":"https:\/\/www.rucashk.com\/es\/","nextItem":"https:\/\/www.rucashk.com\/es\/producto\/xiaomi-mi-10-gcam\/#listItem"},{"@type":"ListItem","@id":"https:\/\/www.rucashk.com\/es\/producto\/xiaomi-mi-10-gcam\/#listItem","position":2,"name":"Xiaomi\u00a0Mi 10 Gcam","previousItem":"https:\/\/www.rucashk.com\/es\/#listItem"}]},{"@type":"Organization","@id":"https:\/\/www.rucashk.com\/es\/#organization","name":"Rucas","url":"https:\/\/www.rucashk.com\/es\/","logo":{"@type":"ImageObject","url":"https:\/\/www.rucashk.com\/wp-content\/uploads\/2023\/12\/Rucas_campany_logo.png","@id":"https:\/\/www.rucashk.com\/es\/producto\/xiaomi-mi-10-gcam\/#organizationLogo","width":221,"height":65},"image":{"@id":"https:\/\/www.rucashk.com\/es\/#organizationLogo"}},{"@type":"Person","@id":"https:\/\/www.rucashk.com\/es\/author\/admin\/#author","url":"https:\/\/www.rucashk.com\/es\/author\/admin\/","name":"admin","image":{"@type":"ImageObject","@id":"https:\/\/www.rucashk.com\/es\/producto\/xiaomi-mi-10-gcam\/#authorImage","url":"https:\/\/secure.gravatar.com\/avatar\/b7c8925b09a27e72b30232f8ecaadbd5af0f70a38c78096863fe51b64f031c24?s=96&d=mm&r=g","width":96,"height":96,"caption":"admin"}},{"@type":"WebPage","@id":"https:\/\/www.rucashk.com\/es\/producto\/xiaomi-mi-10-gcam\/#webpage","url":"https:\/\/www.rucashk.com\/es\/producto\/xiaomi-mi-10-gcam\/","name":"Xiaomi Mi 10 Gcam - Rucas - Wholesale and Distribution","description":"Main Features: Qualcomm snapdragon 865 CPU:The highest configuration mobile phone processor improves the performance of the phone. 108MP camera + 8K video: Super clear picture taking and video recording. 5G mode: Support 5G communication. New generation LPDDR5 memory: Improves the speed of decompressing and reading files on 50% the phone by. Symmetrical Stereo: Enjoy ultra clear sound quality. 90Hz refresh rate + 180Hz sampling rate UFS 3.0 high speed storage Fully compatible with Wi-Fi 6 Strong VC heat dissipation: Quickly cooling the phone and ensure the powerful performance. 30W fast flash charge + 30W wireless flash charge + 10W wireless reverse charging 4780mAh battery capacity Full-featured NFC function","inLanguage":"es-ES","isPartOf":{"@id":"https:\/\/www.rucashk.com\/es\/#website"},"breadcrumb":{"@id":"https:\/\/www.rucashk.com\/es\/producto\/xiaomi-mi-10-gcam\/#breadcrumblist"},"author":{"@id":"https:\/\/www.rucashk.com\/es\/author\/admin\/#author"},"creator":{"@id":"https:\/\/www.rucashk.com\/es\/author\/admin\/#author"},"image":{"@type":"ImageObject","url":"https:\/\/www.rucashk.com\/wp-content\/uploads\/2024\/01\/2_\u526f\u672c-11-1.jpg","@id":"https:\/\/www.rucashk.com\/es\/producto\/xiaomi-mi-10-gcam\/#mainImage","width":800,"height":800},"primaryImageOfPage":{"@id":"https:\/\/www.rucashk.com\/es\/producto\/xiaomi-mi-10-gcam\/#mainImage"},"datePublished":"2024-01-09T15:55:51+00:00","dateModified":"2024-03-13T06:40:58+00:00"},{"@type":"WebSite","@id":"https:\/\/www.rucashk.com\/es\/#website","url":"https:\/\/www.rucashk.com\/es\/","name":"Rucas - Wholesale and distribution worldwide","alternateName":"Rucas - One-stop AIoT Distribution Worldwide","description":"One-stop AIoT Distribution Worldwide","inLanguage":"es-ES","publisher":{"@id":"https:\/\/www.rucashk.com\/es\/#organization"}}]}},"aioseo_meta_data":{"post_id":"23582","title":null,"description":null,"keywords":null,"keyphrases":null,"primary_term":null,"canonical_url":null,"og_title":null,"og_description":null,"og_object_type":"default","og_image_type":"default","og_image_url":null,"og_image_width":null,"og_image_height":null,"og_image_custom_url":null,"og_image_custom_fields":null,"og_video":null,"og_custom_url":null,"og_article_section":null,"og_article_tags":null,"twitter_use_og":false,"twitter_card":"default","twitter_image_type":"default","twitter_image_url":null,"twitter_image_custom_url":null,"twitter_image_custom_fields":null,"twitter_title":null,"twitter_description":null,"schema":{"blockGraphs":[],"customGraphs":[],"default":{"data":{"Article":[],"Course":[],"Dataset":[],"FAQPage":[],"Movie":[],"Person":[],"Product":[],"Recipe":[],"Service":[],"SoftwareApplication":[],"WebPage":[]},"graphName":"","isEnabled":true},"graphs":[]},"schema_type":"default","schema_type_options":null,"pillar_content":false,"robots_default":true,"robots_noindex":false,"robots_noarchive":false,"robots_nosnippet":false,"robots_nofollow":false,"robots_noimageindex":false,"robots_noodp":false,"robots_notranslate":false,"robots_max_snippet":null,"robots_max_videopreview":null,"robots_max_imagepreview":"large","priority":null,"frequency":null,"local_seo":null,"breadcrumb_settings":null,"limit_modified_date":false,"created":"2024-04-11 01:57:06","updated":"2025-06-22 17:11:03"},"aioseo_breadcrumb":"<div class=\"aioseo-breadcrumbs\"><span class=\"aioseo-breadcrumb\">\n\t<a href=\"https:\/\/www.rucashk.com\/es\" title=\"Home\">Home<\/a>\n<\/span><span class=\"aioseo-breadcrumb-separator\">&raquo;<\/span><span class=\"aioseo-breadcrumb\">\n\t<a href=\"https:\/\/www.rucashk.com\/es\/products\/\" title=\"Productos\">Productos<\/a>\n<\/span><span class=\"aioseo-breadcrumb-separator\">&raquo;<\/span><span class=\"aioseo-breadcrumb\">\n\t<a href=\"https:\/\/www.rucashk.com\/es\/categoria-producto\/mobile-phone\/\" title=\"Mobile Phone\">Mobile Phone<\/a>\n<\/span><span class=\"aioseo-breadcrumb-separator\">&raquo;<\/span><span class=\"aioseo-breadcrumb\">\n\t<a href=\"https:\/\/www.rucashk.com\/es\/categoria-producto\/mobile-phone\/xiaomi-mobile-phone\/\" title=\"Xiaomi\">Xiaomi<\/a>\n<\/span><span class=\"aioseo-breadcrumb-separator\">&raquo;<\/span><span class=\"aioseo-breadcrumb\">\n\tXiaomi\u00a0Mi 10 Gcam\n<\/span><\/div>","aioseo_breadcrumb_json":[{"label":"Home","link":"https:\/\/www.rucashk.com\/es"},{"label":"Productos","link":"https:\/\/www.rucashk.com\/es\/products\/"},{"label":"Mobile Phone","link":"https:\/\/www.rucashk.com\/es\/categoria-producto\/mobile-phone\/"},{"label":"Xiaomi","link":"https:\/\/www.rucashk.com\/es\/categoria-producto\/mobile-phone\/xiaomi-mobile-phone\/"},{"label":"Xiaomi\u00a0Mi 10 Gcam","link":"https:\/\/www.rucashk.com\/es\/producto\/xiaomi-mi-10-gcam\/"}],"_links":{"self":[{"href":"https:\/\/www.rucashk.com\/es\/wp-json\/wp\/v2\/product\/23582","targetHints":{"allow":["GET"]}}],"collection":[{"href":"https:\/\/www.rucashk.com\/es\/wp-json\/wp\/v2\/product"}],"about":[{"href":"https:\/\/www.rucashk.com\/es\/wp-json\/wp\/v2\/types\/product"}],"wp:featuredmedia":[{"embeddable":true,"href":"https:\/\/www.rucashk.com\/es\/wp-json\/wp\/v2\/media\/23709"}],"wp:attachment":[{"href":"https:\/\/www.rucashk.com\/es\/wp-json\/wp\/v2\/media?parent=23582"}],"wp:term":[{"taxonomy":"product_brand","embeddable":true,"href":"https:\/\/www.rucashk.com\/es\/wp-json\/wp\/v2\/product_brand?post=23582"},{"taxonomy":"product_cat","embeddable":true,"href":"https:\/\/www.rucashk.com\/es\/wp-json\/wp\/v2\/product_cat?post=23582"},{"taxonomy":"product_tag","embeddable":true,"href":"https:\/\/www.rucashk.com\/es\/wp-json\/wp\/v2\/product_tag?post=23582"}],"curies":[{"name":"wp","href":"https:\/\/api.w.org\/{rel}","templated":true}]}}