{"id":23421,"date":"2024-01-09T15:54:17","date_gmt":"2024-01-09T15:54:17","guid":{"rendered":"http:\/\/rucashk.com\/?post_type=product&#038;p=23421"},"modified":"2024-03-13T07:07:34","modified_gmt":"2024-03-13T07:07:34","slug":"qcy-q12-earphone","status":"publish","type":"product","link":"https:\/\/www.rucashk.com\/es\/producto\/qcy-q12-earphone\/","title":{"rendered":"Auricular QCY Q12"},"content":{"rendered":"<h2 style=\"text-align: center\">Auricular QCY Q12<\/h2>\n<p><img fetchpriority=\"high\" decoding=\"async\" class=\"aligncenter\" src=\"\/wp-content\/uploads\/replace\/004780d84a412541f14ddc85d43a7254.jpeg\" alt=\"QCY Q12 Earphone\" width=\"1000\" height=\"1000\" \/><img decoding=\"async\" class=\"aligncenter\" src=\"\/wp-content\/uploads\/replace\/32dd6fa054e3d8f118814332e6468fbb.jpeg\" alt=\"QCY Q12 Earphone\" width=\"1000\" height=\"832\" \/><img decoding=\"async\" class=\"aligncenter\" src=\"\/wp-content\/uploads\/replace\/af7e0bdbb1efb54d366e34811a4d85ea.jpeg\" alt=\"QCY Q12 Earphone\" width=\"1000\" height=\"1333\" \/><img loading=\"lazy\" decoding=\"async\" class=\"aligncenter\" src=\"\/wp-content\/uploads\/replace\/3b37336acc1e153ef30f019de6e29ccb.jpeg\" alt=\"QCY Q12 Earphone\" width=\"1000\" height=\"980\" \/><img loading=\"lazy\" decoding=\"async\" class=\"aligncenter\" src=\"\/wp-content\/uploads\/replace\/6e9ea9c923ecf61bada49f3f429ee329.jpeg\" alt=\"QCY Q12 Earphone\" width=\"1000\" height=\"952\" \/><img loading=\"lazy\" decoding=\"async\" class=\"aligncenter\" src=\"\/wp-content\/uploads\/replace\/c99f5b77840067f0454b49f14ee97c7b.jpeg\" alt=\"QCY Q12 Earphone\" width=\"1000\" height=\"935\" \/><img loading=\"lazy\" decoding=\"async\" class=\"aligncenter\" src=\"\/wp-content\/uploads\/replace\/84c7405b7dfb5c825aabc6c37cbae445.jpeg\" alt=\"QCY Q12 Earphone\" width=\"1000\" height=\"1109\" \/><img loading=\"lazy\" decoding=\"async\" class=\"aligncenter\" src=\"\/wp-content\/uploads\/replace\/112383e4315b29a249aa9ea1632fe6db.jpeg\" alt=\"QCY Q12 Earphone\" width=\"1000\" height=\"721\" \/><img loading=\"lazy\" decoding=\"async\" class=\"aligncenter\" src=\"\/wp-content\/uploads\/replace\/78c12da7f3ccb08cb58f0f0f6460a4ef.jpeg\" alt=\"QCY Q12 Earphone\" width=\"1000\" height=\"860\" \/><img loading=\"lazy\" decoding=\"async\" class=\"aligncenter\" src=\"\/wp-content\/uploads\/replace\/2b21bbc4a8507873b6455967d97b3619.jpeg\" alt=\"QCY Q12 Earphone\" width=\"1000\" height=\"1057\" \/><img loading=\"lazy\" decoding=\"async\" class=\"aligncenter\" src=\"\/wp-content\/uploads\/replace\/559085b9e1ab64b878f24b692714967a.jpeg\" alt=\"QCY Q12 Earphone\" width=\"1000\" height=\"672\" \/><\/p>","protected":false},"excerpt":{"rendered":"<p><strong>Principales caracter\u00edsticas:<\/strong><br \/>\n\u25cf Tecnolog\u00eda de reducci\u00f3n de ruido inteligente DSP y CVC integrada, CSR Bluetooth V4.1 agregado, transmisi\u00f3n inal\u00e1mbrica estable y r\u00e1pida, excelente timbre<br \/>\n\u25cf Tecnolog\u00eda de recubrimiento fotocrom\u00e1tico, apariencia encantadora y moderna.<br \/>\n\u25cf 5 g, ultraligero, ni siquiera puedo sentirlo cuando lo uso<br \/>\n\u25cf Intraaural con gancho para la oreja, una experiencia de uso m\u00e1s natural y ajustada<\/p>","protected":false},"featured_media":23566,"template":"","meta":[],"product_brand":[],"product_cat":[1311,1305],"product_tag":[889,890],"class_list":{"0":"post-23421","1":"product","2":"type-product","3":"status-publish","4":"has-post-thumbnail","6":"product_cat-qcy-earphone","7":"product_cat-xiaomi-eco","8":"product_tag-ear","9":"product_tag-qcy-q12","11":"first","12":"instock","13":"shipping-taxable","14":"product-type-external"},"aioseo_notices":[],"aioseo_head":"\n\t\t<!-- All in One SEO Pro 4.5.9.2 - aioseo.com -->\n\t\t<meta name=\"description\" content=\"Main Features: \u25cf Integrated DSP and CVC intelligent noise reduction technology, added CSR Bluetooth V4.1, stable and fast wireless transmission, excellent timbre \u25cf Photochromic coating technology, charming and trendy appearance \u25cf 5g, ultra lightweight, even cannot feel it when wearing \u25cf In-ear with ear hook, more natural and fitting wearing experience\" \/>\n\t\t<meta name=\"robots\" content=\"max-image-preview:large\" \/>\n\t\t<link rel=\"canonical\" href=\"https:\/\/www.rucashk.com\/es\/producto\/qcy-q12-earphone\/\" \/>\n\t\t<meta name=\"generator\" content=\"All in One SEO Pro (AIOSEO) 4.5.9.2\" \/>\n\t\t<meta property=\"og:locale\" content=\"es_ES\" \/>\n\t\t<meta property=\"og:site_name\" content=\"Rucas - One-stop AIoT Distribution Worldwide\" \/>\n\t\t<meta property=\"og:type\" content=\"article\" \/>\n\t\t<meta property=\"og:title\" content=\"QCY Q12 Earphone - Rucas - Wholesale and Distribution\" \/>\n\t\t<meta property=\"og:description\" content=\"Main Features: \u25cf Integrated DSP and CVC intelligent noise reduction technology, added CSR Bluetooth V4.1, stable and fast wireless transmission, excellent timbre \u25cf Photochromic coating technology, charming and trendy appearance \u25cf 5g, ultra lightweight, even cannot feel it when wearing \u25cf In-ear with ear hook, more natural and fitting wearing experience\" \/>\n\t\t<meta property=\"og:url\" content=\"https:\/\/www.rucashk.com\/es\/producto\/qcy-q12-earphone\/\" \/>\n\t\t<meta property=\"og:image\" content=\"https:\/\/www.rucashk.com\/wp-content\/uploads\/replace\/503b8e645f128a97ccde2b6290747646.jpeg\" \/>\n\t\t<meta property=\"og:image:secure_url\" content=\"https:\/\/www.rucashk.com\/wp-content\/uploads\/replace\/503b8e645f128a97ccde2b6290747646.jpeg\" \/>\n\t\t<meta property=\"og:image:width\" content=\"1456\" \/>\n\t\t<meta property=\"og:image:height\" content=\"816\" \/>\n\t\t<meta property=\"article:published_time\" content=\"2024-01-09T15:54:17+00:00\" \/>\n\t\t<meta property=\"article:modified_time\" content=\"2024-03-13T07:07:34+00:00\" \/>\n\t\t<meta name=\"twitter:card\" content=\"summary_large_image\" \/>\n\t\t<meta name=\"twitter:title\" content=\"QCY Q12 Earphone - Rucas - Wholesale and Distribution\" \/>\n\t\t<meta name=\"twitter:description\" content=\"Main Features: \u25cf Integrated DSP and CVC intelligent noise reduction technology, added CSR Bluetooth V4.1, stable and fast wireless transmission, excellent timbre \u25cf Photochromic coating technology, charming and trendy appearance \u25cf 5g, ultra lightweight, even cannot feel it when wearing \u25cf In-ear with ear hook, more natural and fitting wearing experience\" \/>\n\t\t<meta name=\"twitter:image\" content=\"https:\/\/www.rucashk.com\/wp-content\/uploads\/replace\/503b8e645f128a97ccde2b6290747646.jpeg\" \/>\n\t\t<script type=\"application\/ld+json\" class=\"aioseo-schema\">\n\t\t\t{\"@context\":\"https:\\\/\\\/schema.org\",\"@graph\":[{\"@type\":\"BreadcrumbList\",\"@id\":\"https:\\\/\\\/www.rucashk.com\\\/es\\\/producto\\\/qcy-q12-earphone\\\/#breadcrumblist\",\"itemListElement\":[{\"@type\":\"ListItem\",\"@id\":\"https:\\\/\\\/www.rucashk.com\\\/es\\\/#listItem\",\"position\":1,\"name\":\"Home\",\"item\":\"https:\\\/\\\/www.rucashk.com\\\/es\\\/\",\"nextItem\":\"https:\\\/\\\/www.rucashk.com\\\/es\\\/producto\\\/qcy-q12-earphone\\\/#listItem\"},{\"@type\":\"ListItem\",\"@id\":\"https:\\\/\\\/www.rucashk.com\\\/es\\\/producto\\\/qcy-q12-earphone\\\/#listItem\",\"position\":2,\"name\":\"QCY Q12 Earphone\",\"previousItem\":\"https:\\\/\\\/www.rucashk.com\\\/es\\\/#listItem\"}]},{\"@type\":\"Organization\",\"@id\":\"https:\\\/\\\/www.rucashk.com\\\/es\\\/#organization\",\"name\":\"Rucas\",\"url\":\"https:\\\/\\\/www.rucashk.com\\\/es\\\/\",\"logo\":{\"@type\":\"ImageObject\",\"url\":\"https:\\\/\\\/www.rucashk.com\\\/wp-content\\\/uploads\\\/2023\\\/12\\\/Rucas_campany_logo.png\",\"@id\":\"https:\\\/\\\/www.rucashk.com\\\/es\\\/producto\\\/qcy-q12-earphone\\\/#organizationLogo\",\"width\":221,\"height\":65},\"image\":{\"@id\":\"https:\\\/\\\/www.rucashk.com\\\/es\\\/#organizationLogo\"}},{\"@type\":\"Person\",\"@id\":\"https:\\\/\\\/www.rucashk.com\\\/es\\\/author\\\/admin\\\/#author\",\"url\":\"https:\\\/\\\/www.rucashk.com\\\/es\\\/author\\\/admin\\\/\",\"name\":\"admin\",\"image\":{\"@type\":\"ImageObject\",\"@id\":\"https:\\\/\\\/www.rucashk.com\\\/es\\\/producto\\\/qcy-q12-earphone\\\/#authorImage\",\"url\":\"https:\\\/\\\/secure.gravatar.com\\\/avatar\\\/b7c8925b09a27e72b30232f8ecaadbd5af0f70a38c78096863fe51b64f031c24?s=96&d=mm&r=g\",\"width\":96,\"height\":96,\"caption\":\"admin\"}},{\"@type\":\"WebPage\",\"@id\":\"https:\\\/\\\/www.rucashk.com\\\/es\\\/producto\\\/qcy-q12-earphone\\\/#webpage\",\"url\":\"https:\\\/\\\/www.rucashk.com\\\/es\\\/producto\\\/qcy-q12-earphone\\\/\",\"name\":\"QCY Q12 Earphone - Rucas - Wholesale and Distribution\",\"description\":\"Main Features: \\u25cf Integrated DSP and CVC intelligent noise reduction technology, added CSR Bluetooth V4.1, stable and fast wireless transmission, excellent timbre \\u25cf Photochromic coating technology, charming and trendy appearance \\u25cf 5g, ultra lightweight, even cannot feel it when wearing \\u25cf In-ear with ear hook, more natural and fitting wearing experience\",\"inLanguage\":\"es-ES\",\"isPartOf\":{\"@id\":\"https:\\\/\\\/www.rucashk.com\\\/es\\\/#website\"},\"breadcrumb\":{\"@id\":\"https:\\\/\\\/www.rucashk.com\\\/es\\\/producto\\\/qcy-q12-earphone\\\/#breadcrumblist\"},\"author\":{\"@id\":\"https:\\\/\\\/www.rucashk.com\\\/es\\\/author\\\/admin\\\/#author\"},\"creator\":{\"@id\":\"https:\\\/\\\/www.rucashk.com\\\/es\\\/author\\\/admin\\\/#author\"},\"image\":{\"@type\":\"ImageObject\",\"url\":\"https:\\\/\\\/www.rucashk.com\\\/wp-content\\\/uploads\\\/2024\\\/01\\\/7_\\u526f\\u672c-1.jpg\",\"@id\":\"https:\\\/\\\/www.rucashk.com\\\/es\\\/producto\\\/qcy-q12-earphone\\\/#mainImage\",\"width\":800,\"height\":800},\"primaryImageOfPage\":{\"@id\":\"https:\\\/\\\/www.rucashk.com\\\/es\\\/producto\\\/qcy-q12-earphone\\\/#mainImage\"},\"datePublished\":\"2024-01-09T15:54:17+00:00\",\"dateModified\":\"2024-03-13T07:07:34+00:00\"},{\"@type\":\"WebSite\",\"@id\":\"https:\\\/\\\/www.rucashk.com\\\/es\\\/#website\",\"url\":\"https:\\\/\\\/www.rucashk.com\\\/es\\\/\",\"name\":\"Rucas - Wholesale and distribution worldwide\",\"alternateName\":\"Rucas - One-stop AIoT Distribution Worldwide\",\"description\":\"One-stop AIoT Distribution Worldwide\",\"inLanguage\":\"es-ES\",\"publisher\":{\"@id\":\"https:\\\/\\\/www.rucashk.com\\\/es\\\/#organization\"}}]}\n\t\t<\/script>\n\t\t<!-- All in One SEO Pro -->\r\n\t\t<title>QCY Q12 Earphone - Rucas - Wholesale and Distribution<\/title>\n\n","aioseo_head_json":{"title":"QCY Q12 Earphone - Rucas - Wholesale and Distribution","description":"Main Features: \u25cf Integrated DSP and CVC intelligent noise reduction technology, added CSR Bluetooth V4.1, stable and fast wireless transmission, excellent timbre \u25cf Photochromic coating technology, charming and trendy appearance \u25cf 5g, ultra lightweight, even cannot feel it when wearing \u25cf In-ear with ear hook, more natural and fitting wearing experience","canonical_url":"https:\/\/www.rucashk.com\/es\/producto\/qcy-q12-earphone\/","robots":"max-image-preview:large","keywords":"","webmasterTools":{"miscellaneous":""},"og:locale":"es_ES","og:site_name":"Rucas - One-stop AIoT Distribution Worldwide","og:type":"article","og:title":"QCY Q12 Earphone - Rucas - Wholesale and Distribution","og:description":"Main Features: \u25cf Integrated DSP and CVC intelligent noise reduction technology, added CSR Bluetooth V4.1, stable and fast wireless transmission, excellent timbre \u25cf Photochromic coating technology, charming and trendy appearance \u25cf 5g, ultra lightweight, even cannot feel it when wearing \u25cf In-ear with ear hook, more natural and fitting wearing experience","og:url":"https:\/\/www.rucashk.com\/es\/producto\/qcy-q12-earphone\/","og:image":"https:\/\/www.rucashk.com\/wp-content\/uploads\/replace\/503b8e645f128a97ccde2b6290747646.jpeg","og:image:secure_url":"https:\/\/www.rucashk.com\/wp-content\/uploads\/replace\/503b8e645f128a97ccde2b6290747646.jpeg","og:image:width":1456,"og:image:height":816,"article:published_time":"2024-01-09T15:54:17+00:00","article:modified_time":"2024-03-13T07:07:34+00:00","twitter:card":"summary_large_image","twitter:title":"QCY Q12 Earphone - Rucas - Wholesale and Distribution","twitter:description":"Main Features: \u25cf Integrated DSP and CVC intelligent noise reduction technology, added CSR Bluetooth V4.1, stable and fast wireless transmission, excellent timbre \u25cf Photochromic coating technology, charming and trendy appearance \u25cf 5g, ultra lightweight, even cannot feel it when wearing \u25cf In-ear with ear hook, more natural and fitting wearing experience","twitter:image":"https:\/\/www.rucashk.com\/wp-content\/uploads\/replace\/503b8e645f128a97ccde2b6290747646.jpeg","schema":{"@context":"https:\/\/schema.org","@graph":[{"@type":"BreadcrumbList","@id":"https:\/\/www.rucashk.com\/es\/producto\/qcy-q12-earphone\/#breadcrumblist","itemListElement":[{"@type":"ListItem","@id":"https:\/\/www.rucashk.com\/es\/#listItem","position":1,"name":"Home","item":"https:\/\/www.rucashk.com\/es\/","nextItem":"https:\/\/www.rucashk.com\/es\/producto\/qcy-q12-earphone\/#listItem"},{"@type":"ListItem","@id":"https:\/\/www.rucashk.com\/es\/producto\/qcy-q12-earphone\/#listItem","position":2,"name":"QCY Q12 Earphone","previousItem":"https:\/\/www.rucashk.com\/es\/#listItem"}]},{"@type":"Organization","@id":"https:\/\/www.rucashk.com\/es\/#organization","name":"Rucas","url":"https:\/\/www.rucashk.com\/es\/","logo":{"@type":"ImageObject","url":"https:\/\/www.rucashk.com\/wp-content\/uploads\/2023\/12\/Rucas_campany_logo.png","@id":"https:\/\/www.rucashk.com\/es\/producto\/qcy-q12-earphone\/#organizationLogo","width":221,"height":65},"image":{"@id":"https:\/\/www.rucashk.com\/es\/#organizationLogo"}},{"@type":"Person","@id":"https:\/\/www.rucashk.com\/es\/author\/admin\/#author","url":"https:\/\/www.rucashk.com\/es\/author\/admin\/","name":"admin","image":{"@type":"ImageObject","@id":"https:\/\/www.rucashk.com\/es\/producto\/qcy-q12-earphone\/#authorImage","url":"https:\/\/secure.gravatar.com\/avatar\/b7c8925b09a27e72b30232f8ecaadbd5af0f70a38c78096863fe51b64f031c24?s=96&d=mm&r=g","width":96,"height":96,"caption":"admin"}},{"@type":"WebPage","@id":"https:\/\/www.rucashk.com\/es\/producto\/qcy-q12-earphone\/#webpage","url":"https:\/\/www.rucashk.com\/es\/producto\/qcy-q12-earphone\/","name":"QCY Q12 Earphone - Rucas - Wholesale and Distribution","description":"Main Features: \u25cf Integrated DSP and CVC intelligent noise reduction technology, added CSR Bluetooth V4.1, stable and fast wireless transmission, excellent timbre \u25cf Photochromic coating technology, charming and trendy appearance \u25cf 5g, ultra lightweight, even cannot feel it when wearing \u25cf In-ear with ear hook, more natural and fitting wearing experience","inLanguage":"es-ES","isPartOf":{"@id":"https:\/\/www.rucashk.com\/es\/#website"},"breadcrumb":{"@id":"https:\/\/www.rucashk.com\/es\/producto\/qcy-q12-earphone\/#breadcrumblist"},"author":{"@id":"https:\/\/www.rucashk.com\/es\/author\/admin\/#author"},"creator":{"@id":"https:\/\/www.rucashk.com\/es\/author\/admin\/#author"},"image":{"@type":"ImageObject","url":"https:\/\/www.rucashk.com\/wp-content\/uploads\/2024\/01\/7_\u526f\u672c-1.jpg","@id":"https:\/\/www.rucashk.com\/es\/producto\/qcy-q12-earphone\/#mainImage","width":800,"height":800},"primaryImageOfPage":{"@id":"https:\/\/www.rucashk.com\/es\/producto\/qcy-q12-earphone\/#mainImage"},"datePublished":"2024-01-09T15:54:17+00:00","dateModified":"2024-03-13T07:07:34+00:00"},{"@type":"WebSite","@id":"https:\/\/www.rucashk.com\/es\/#website","url":"https:\/\/www.rucashk.com\/es\/","name":"Rucas - Wholesale and distribution worldwide","alternateName":"Rucas - One-stop AIoT Distribution Worldwide","description":"One-stop AIoT Distribution Worldwide","inLanguage":"es-ES","publisher":{"@id":"https:\/\/www.rucashk.com\/es\/#organization"}}]}},"aioseo_meta_data":{"post_id":"23421","title":null,"description":null,"keywords":null,"keyphrases":null,"primary_term":null,"canonical_url":null,"og_title":null,"og_description":null,"og_object_type":"default","og_image_type":"default","og_image_url":null,"og_image_width":null,"og_image_height":null,"og_image_custom_url":null,"og_image_custom_fields":null,"og_video":null,"og_custom_url":null,"og_article_section":null,"og_article_tags":null,"twitter_use_og":false,"twitter_card":"default","twitter_image_type":"default","twitter_image_url":null,"twitter_image_custom_url":null,"twitter_image_custom_fields":null,"twitter_title":null,"twitter_description":null,"schema":{"blockGraphs":[],"customGraphs":[],"default":{"data":{"Article":[],"Course":[],"Dataset":[],"FAQPage":[],"Movie":[],"Person":[],"Product":[],"Recipe":[],"Service":[],"SoftwareApplication":[],"WebPage":[]},"graphName":"","isEnabled":true},"graphs":[]},"schema_type":"default","schema_type_options":null,"pillar_content":false,"robots_default":true,"robots_noindex":false,"robots_noarchive":false,"robots_nosnippet":false,"robots_nofollow":false,"robots_noimageindex":false,"robots_noodp":false,"robots_notranslate":false,"robots_max_snippet":null,"robots_max_videopreview":null,"robots_max_imagepreview":"large","priority":null,"frequency":null,"local_seo":null,"breadcrumb_settings":null,"limit_modified_date":false,"created":"2024-04-11 01:57:05","updated":"2025-06-22 17:07:34"},"aioseo_breadcrumb":"<div class=\"aioseo-breadcrumbs\"><span class=\"aioseo-breadcrumb\">\n\t<a href=\"https:\/\/www.rucashk.com\/es\" title=\"Home\">Home<\/a>\n<\/span><span class=\"aioseo-breadcrumb-separator\">&raquo;<\/span><span class=\"aioseo-breadcrumb\">\n\t<a href=\"https:\/\/www.rucashk.com\/es\/products\/\" title=\"Productos\">Productos<\/a>\n<\/span><span class=\"aioseo-breadcrumb-separator\">&raquo;<\/span><span class=\"aioseo-breadcrumb\">\n\t<a href=\"https:\/\/www.rucashk.com\/es\/categoria-producto\/xiaomi-eco\/\" title=\"Xiaomi Eco\">Xiaomi Eco<\/a>\n<\/span><span class=\"aioseo-breadcrumb-separator\">&raquo;<\/span><span class=\"aioseo-breadcrumb\">\n\t<a href=\"https:\/\/www.rucashk.com\/es\/categoria-producto\/xiaomi-eco\/qcy-earphone\/\" title=\"QCY Earphone\">QCY Earphone<\/a>\n<\/span><span class=\"aioseo-breadcrumb-separator\">&raquo;<\/span><span class=\"aioseo-breadcrumb\">\n\tQCY Q12 Earphone\n<\/span><\/div>","aioseo_breadcrumb_json":[{"label":"Home","link":"https:\/\/www.rucashk.com\/es"},{"label":"Productos","link":"https:\/\/www.rucashk.com\/es\/products\/"},{"label":"Xiaomi Eco","link":"https:\/\/www.rucashk.com\/es\/categoria-producto\/xiaomi-eco\/"},{"label":"QCY Earphone","link":"https:\/\/www.rucashk.com\/es\/categoria-producto\/xiaomi-eco\/qcy-earphone\/"},{"label":"QCY Q12 Earphone","link":"https:\/\/www.rucashk.com\/es\/producto\/qcy-q12-earphone\/"}],"_links":{"self":[{"href":"https:\/\/www.rucashk.com\/es\/wp-json\/wp\/v2\/product\/23421","targetHints":{"allow":["GET"]}}],"collection":[{"href":"https:\/\/www.rucashk.com\/es\/wp-json\/wp\/v2\/product"}],"about":[{"href":"https:\/\/www.rucashk.com\/es\/wp-json\/wp\/v2\/types\/product"}],"wp:featuredmedia":[{"embeddable":true,"href":"https:\/\/www.rucashk.com\/es\/wp-json\/wp\/v2\/media\/23566"}],"wp:attachment":[{"href":"https:\/\/www.rucashk.com\/es\/wp-json\/wp\/v2\/media?parent=23421"}],"wp:term":[{"taxonomy":"product_brand","embeddable":true,"href":"https:\/\/www.rucashk.com\/es\/wp-json\/wp\/v2\/product_brand?post=23421"},{"taxonomy":"product_cat","embeddable":true,"href":"https:\/\/www.rucashk.com\/es\/wp-json\/wp\/v2\/product_cat?post=23421"},{"taxonomy":"product_tag","embeddable":true,"href":"https:\/\/www.rucashk.com\/es\/wp-json\/wp\/v2\/product_tag?post=23421"}],"curies":[{"name":"wp","href":"https:\/\/api.w.org\/{rel}","templated":true}]}}