{"id":23415,"date":"2024-01-09T15:54:16","date_gmt":"2024-01-09T15:54:16","guid":{"rendered":"http:\/\/rucashk.com\/?post_type=product&#038;p=23415"},"modified":"2025-06-22T06:35:05","modified_gmt":"2025-06-22T06:35:05","slug":"new-qcy-t9s-tws-bluetooth-5-0-earphone","status":"publish","type":"product","link":"https:\/\/www.rucashk.com\/es\/producto\/new-qcy-t9s-tws-bluetooth-5-0-earphone\/","title":{"rendered":"Auricular QCY T9S TWS bluetooth 5.0"},"content":{"rendered":"<h2 style=\"text-align: center\">Nuevo auricular QCY T9S TWS bluetooth 5,0<\/h2>\n<p><img fetchpriority=\"high\" decoding=\"async\" class=\"aligncenter\" src=\"\/wp-content\/uploads\/replace\/a99d51c4c7c8a1f6374b1740dbc81dbf.jpeg\" alt=\"New QCY T9S TWS bluetooth 5.0 Earphone\" width=\"1920\" height=\"850\" \/><img decoding=\"async\" class=\"aligncenter\" src=\"\/wp-content\/uploads\/replace\/d5f0f7ebeb30a358ca39bdb38ec69f57.jpeg\" alt=\"New QCY T9S TWS bluetooth 5.0 Earphone\" width=\"1920\" height=\"850\" \/><img decoding=\"async\" class=\"aligncenter\" src=\"\/wp-content\/uploads\/replace\/1814628441b38756be83c7c2b1680179.jpeg\" alt=\"New QCY T9S TWS bluetooth 5.0 Earphone\" width=\"1920\" height=\"1109\" \/><img loading=\"lazy\" decoding=\"async\" class=\"aligncenter\" src=\"\/wp-content\/uploads\/replace\/a1c5b8bff05118fb5332e4a8aa577e77.jpeg\" alt=\"New QCY T9S TWS bluetooth 5.0 Earphone\" width=\"1920\" height=\"1306\" \/><img loading=\"lazy\" decoding=\"async\" class=\"aligncenter\" src=\"\/wp-content\/uploads\/replace\/0e02b08354876987b6e43371abfd899d.jpeg\" alt=\"New QCY T9S TWS bluetooth 5.0 Earphone\" width=\"1920\" height=\"1038\" \/><img loading=\"lazy\" decoding=\"async\" class=\"aligncenter\" src=\"\/wp-content\/uploads\/replace\/a8e44f2fae09f79d4b2228d68b091e6a.jpeg\" alt=\"New QCY T9S TWS bluetooth 5.0 Earphone\" width=\"1920\" height=\"874\" \/><img loading=\"lazy\" decoding=\"async\" class=\"aligncenter\" src=\"\/wp-content\/uploads\/replace\/6b849ca85ec7a5f8ae1d01e5eb2bbc50.jpeg\" alt=\"New QCY T9S TWS bluetooth 5.0 Earphone\" width=\"1920\" height=\"1102\" \/><img loading=\"lazy\" decoding=\"async\" class=\"aligncenter\" src=\"\/wp-content\/uploads\/replace\/14cad91ffe844db6fccd86c57c56b43f.jpeg\" alt=\"New QCY T9S TWS bluetooth 5.0 Earphone\" width=\"1920\" height=\"1205\" \/><img loading=\"lazy\" decoding=\"async\" class=\"aligncenter\" src=\"\/wp-content\/uploads\/replace\/ccc481c7761e7c1f92899dcb1d6caa41.jpeg\" alt=\"New QCY T9S TWS bluetooth 5.0 Earphone\" width=\"1920\" height=\"905\" \/><img loading=\"lazy\" decoding=\"async\" class=\"aligncenter\" src=\"\/wp-content\/uploads\/replace\/7f35b360e7d8c6af3cea2c2e041ed6f4.jpeg\" alt=\"New QCY T9S TWS bluetooth 5.0 Earphone\" width=\"1920\" height=\"800\" \/><img loading=\"lazy\" decoding=\"async\" class=\"aligncenter\" src=\"\/wp-content\/uploads\/replace\/0615fe7a935d22f2ac9b45ef03f65ffe.jpeg\" alt=\"New QCY T9S TWS bluetooth 5.0 Earphone\" width=\"1920\" height=\"730\" \/><\/p>","protected":false},"excerpt":{"rendered":"<p><strong>Caracter\u00edsticas:<\/strong><br \/>\nTipo separado: el auricular pertenece a un auricular inal\u00e1mbrico de tipo separado, divide el dise\u00f1o de la oreja izquierda y derecha, usa un canal auditivo m\u00e1s ajustado<br \/>\nCompacto y liviano: el auricular adopta un dise\u00f1o de uso oculto, con tama\u00f1o peque\u00f1o y peso liviano, y sin carga<br \/>\nDise\u00f1o de auricular: agregue un dise\u00f1o de auricular de silicona, use m\u00e1s estable, evite el movimiento<br \/>\nBater\u00eda grande: la caja de carga tiene una bater\u00eda incorporada (602528), con una capacidad de 380 mAh, lo que proporciona una larga duraci\u00f3n de la bater\u00eda.<br \/>\nCarga magn\u00e9tica: la caja de carga y los auriculares est\u00e1n equipados con imanes, que son f\u00e1ciles de operar<br \/>\nInterruptor Hall: el casete de carga tiene la funci\u00f3n de interruptor Hall, el auricular se coloca en la caja de carga, el auricular se encender\u00e1 autom\u00e1ticamente cuando se abra la tapa y el auricular se apagar\u00e1 autom\u00e1ticamente cuando la tapa se cierre para cargar.<\/p>","protected":false},"featured_media":23532,"template":"","meta":[],"product_brand":[1417],"product_cat":[1311,1305],"product_tag":[466,883],"class_list":{"0":"post-23415","1":"product","2":"type-product","3":"status-publish","4":"has-post-thumbnail","6":"product_brand-qcy","7":"product_cat-qcy-earphone","8":"product_cat-xiaomi-eco","9":"product_tag-earphones","10":"product_tag-new-qcy-t9s-tws-bluetooth-5-0-earphone","12":"first","13":"instock","14":"shipping-taxable","15":"product-type-external"},"aioseo_notices":[],"aioseo_head":"\n\t\t<!-- All in One SEO Pro 4.5.9.2 - aioseo.com -->\n\t\t<meta name=\"description\" content=\"Features: Separate type: the earphone belongs to separate type wireless earphone, divide the left and right ear design, wear more fit ear canal Compact and light weight: the earphone adopts hidden wearing design, with small size and light weight, and no burden Earpiece design: add silicone earpiece design, wear more stable, prevent movement off Large battery: the charging box has a built-in battery (602528), with a capacity of 380mAh, providing long battery life Magnetic charging: the charging box and earphone are equipped with magnets, which are easy to operate Hall switch: the charging cassette has the function of hall switch, the earphone is put into the charging box, the earphone will turn on automatically when the cover is opened, and the earphone will turn off automatically when the cover is closed for charging\" \/>\n\t\t<meta name=\"robots\" content=\"max-image-preview:large\" \/>\n\t\t<link rel=\"canonical\" href=\"https:\/\/www.rucashk.com\/es\/producto\/new-qcy-t9s-tws-bluetooth-5-0-earphone\/\" \/>\n\t\t<meta name=\"generator\" content=\"All in One SEO Pro (AIOSEO) 4.5.9.2\" \/>\n\t\t<meta property=\"og:locale\" content=\"es_ES\" \/>\n\t\t<meta property=\"og:site_name\" content=\"Rucas - One-stop AIoT Distribution Worldwide\" \/>\n\t\t<meta property=\"og:type\" content=\"article\" \/>\n\t\t<meta property=\"og:title\" content=\"QCY T9S TWS bluetooth 5.0 Earphone - Rucas - Wholesale and Distribution\" \/>\n\t\t<meta property=\"og:description\" content=\"Features: Separate type: the earphone belongs to separate type wireless earphone, divide the left and right ear design, wear more fit ear canal Compact and light weight: the earphone adopts hidden wearing design, with small size and light weight, and no burden Earpiece design: add silicone earpiece design, wear more stable, prevent movement off Large battery: the charging box has a built-in battery (602528), with a capacity of 380mAh, providing long battery life Magnetic charging: the charging box and earphone are equipped with magnets, which are easy to operate Hall switch: the charging cassette has the function of hall switch, the earphone is put into the charging box, the earphone will turn on automatically when the cover is opened, and the earphone will turn off automatically when the cover is closed for charging\" \/>\n\t\t<meta property=\"og:url\" content=\"https:\/\/www.rucashk.com\/es\/producto\/new-qcy-t9s-tws-bluetooth-5-0-earphone\/\" \/>\n\t\t<meta property=\"og:image\" content=\"https:\/\/www.rucashk.com\/wp-content\/uploads\/replace\/503b8e645f128a97ccde2b6290747646.jpeg\" \/>\n\t\t<meta property=\"og:image:secure_url\" content=\"https:\/\/www.rucashk.com\/wp-content\/uploads\/replace\/503b8e645f128a97ccde2b6290747646.jpeg\" \/>\n\t\t<meta property=\"og:image:width\" content=\"1456\" \/>\n\t\t<meta property=\"og:image:height\" content=\"816\" \/>\n\t\t<meta property=\"article:published_time\" content=\"2024-01-09T15:54:16+00:00\" \/>\n\t\t<meta property=\"article:modified_time\" content=\"2025-06-22T06:35:05+00:00\" \/>\n\t\t<meta name=\"twitter:card\" content=\"summary_large_image\" \/>\n\t\t<meta name=\"twitter:title\" content=\"QCY T9S TWS bluetooth 5.0 Earphone - Rucas - Wholesale and Distribution\" \/>\n\t\t<meta name=\"twitter:description\" content=\"Features: Separate type: the earphone belongs to separate type wireless earphone, divide the left and right ear design, wear more fit ear canal Compact and light weight: the earphone adopts hidden wearing design, with small size and light weight, and no burden Earpiece design: add silicone earpiece design, wear more stable, prevent movement off Large battery: the charging box has a built-in battery (602528), with a capacity of 380mAh, providing long battery life Magnetic charging: the charging box and earphone are equipped with magnets, which are easy to operate Hall switch: the charging cassette has the function of hall switch, the earphone is put into the charging box, the earphone will turn on automatically when the cover is opened, and the earphone will turn off automatically when the cover is closed for charging\" \/>\n\t\t<meta name=\"twitter:image\" content=\"https:\/\/www.rucashk.com\/wp-content\/uploads\/replace\/503b8e645f128a97ccde2b6290747646.jpeg\" \/>\n\t\t<script type=\"application\/ld+json\" class=\"aioseo-schema\">\n\t\t\t{\"@context\":\"https:\\\/\\\/schema.org\",\"@graph\":[{\"@type\":\"BreadcrumbList\",\"@id\":\"https:\\\/\\\/www.rucashk.com\\\/es\\\/producto\\\/new-qcy-t9s-tws-bluetooth-5-0-earphone\\\/#breadcrumblist\",\"itemListElement\":[{\"@type\":\"ListItem\",\"@id\":\"https:\\\/\\\/www.rucashk.com\\\/es\\\/#listItem\",\"position\":1,\"name\":\"Home\",\"item\":\"https:\\\/\\\/www.rucashk.com\\\/es\\\/\",\"nextItem\":\"https:\\\/\\\/www.rucashk.com\\\/es\\\/producto\\\/new-qcy-t9s-tws-bluetooth-5-0-earphone\\\/#listItem\"},{\"@type\":\"ListItem\",\"@id\":\"https:\\\/\\\/www.rucashk.com\\\/es\\\/producto\\\/new-qcy-t9s-tws-bluetooth-5-0-earphone\\\/#listItem\",\"position\":2,\"name\":\"QCY T9S TWS bluetooth 5.0 Earphone\",\"previousItem\":\"https:\\\/\\\/www.rucashk.com\\\/es\\\/#listItem\"}]},{\"@type\":\"Organization\",\"@id\":\"https:\\\/\\\/www.rucashk.com\\\/es\\\/#organization\",\"name\":\"Rucas\",\"url\":\"https:\\\/\\\/www.rucashk.com\\\/es\\\/\",\"logo\":{\"@type\":\"ImageObject\",\"url\":\"https:\\\/\\\/www.rucashk.com\\\/wp-content\\\/uploads\\\/2023\\\/12\\\/Rucas_campany_logo.png\",\"@id\":\"https:\\\/\\\/www.rucashk.com\\\/es\\\/producto\\\/new-qcy-t9s-tws-bluetooth-5-0-earphone\\\/#organizationLogo\",\"width\":221,\"height\":65},\"image\":{\"@id\":\"https:\\\/\\\/www.rucashk.com\\\/es\\\/#organizationLogo\"}},{\"@type\":\"Person\",\"@id\":\"https:\\\/\\\/www.rucashk.com\\\/es\\\/author\\\/admin\\\/#author\",\"url\":\"https:\\\/\\\/www.rucashk.com\\\/es\\\/author\\\/admin\\\/\",\"name\":\"admin\",\"image\":{\"@type\":\"ImageObject\",\"@id\":\"https:\\\/\\\/www.rucashk.com\\\/es\\\/producto\\\/new-qcy-t9s-tws-bluetooth-5-0-earphone\\\/#authorImage\",\"url\":\"https:\\\/\\\/secure.gravatar.com\\\/avatar\\\/b7c8925b09a27e72b30232f8ecaadbd5af0f70a38c78096863fe51b64f031c24?s=96&d=mm&r=g\",\"width\":96,\"height\":96,\"caption\":\"admin\"}},{\"@type\":\"WebPage\",\"@id\":\"https:\\\/\\\/www.rucashk.com\\\/es\\\/producto\\\/new-qcy-t9s-tws-bluetooth-5-0-earphone\\\/#webpage\",\"url\":\"https:\\\/\\\/www.rucashk.com\\\/es\\\/producto\\\/new-qcy-t9s-tws-bluetooth-5-0-earphone\\\/\",\"name\":\"QCY T9S TWS bluetooth 5.0 Earphone - Rucas - Wholesale and Distribution\",\"description\":\"Features: Separate type: the earphone belongs to separate type wireless earphone, divide the left and right ear design, wear more fit ear canal Compact and light weight: the earphone adopts hidden wearing design, with small size and light weight, and no burden Earpiece design: add silicone earpiece design, wear more stable, prevent movement off Large battery: the charging box has a built-in battery (602528), with a capacity of 380mAh, providing long battery life Magnetic charging: the charging box and earphone are equipped with magnets, which are easy to operate Hall switch: the charging cassette has the function of hall switch, the earphone is put into the charging box, the earphone will turn on automatically when the cover is opened, and the earphone will turn off automatically when the cover is closed for charging\",\"inLanguage\":\"es-ES\",\"isPartOf\":{\"@id\":\"https:\\\/\\\/www.rucashk.com\\\/es\\\/#website\"},\"breadcrumb\":{\"@id\":\"https:\\\/\\\/www.rucashk.com\\\/es\\\/producto\\\/new-qcy-t9s-tws-bluetooth-5-0-earphone\\\/#breadcrumblist\"},\"author\":{\"@id\":\"https:\\\/\\\/www.rucashk.com\\\/es\\\/author\\\/admin\\\/#author\"},\"creator\":{\"@id\":\"https:\\\/\\\/www.rucashk.com\\\/es\\\/author\\\/admin\\\/#author\"},\"image\":{\"@type\":\"ImageObject\",\"url\":\"https:\\\/\\\/www.rucashk.com\\\/wp-content\\\/uploads\\\/2024\\\/01\\\/1_\\u526f\\u672c-6-1.jpg\",\"@id\":\"https:\\\/\\\/www.rucashk.com\\\/es\\\/producto\\\/new-qcy-t9s-tws-bluetooth-5-0-earphone\\\/#mainImage\",\"width\":800,\"height\":800},\"primaryImageOfPage\":{\"@id\":\"https:\\\/\\\/www.rucashk.com\\\/es\\\/producto\\\/new-qcy-t9s-tws-bluetooth-5-0-earphone\\\/#mainImage\"},\"datePublished\":\"2024-01-09T15:54:16+00:00\",\"dateModified\":\"2025-06-22T06:35:05+00:00\"},{\"@type\":\"WebSite\",\"@id\":\"https:\\\/\\\/www.rucashk.com\\\/es\\\/#website\",\"url\":\"https:\\\/\\\/www.rucashk.com\\\/es\\\/\",\"name\":\"Rucas - Wholesale and distribution worldwide\",\"alternateName\":\"Rucas - One-stop AIoT Distribution Worldwide\",\"description\":\"One-stop AIoT Distribution Worldwide\",\"inLanguage\":\"es-ES\",\"publisher\":{\"@id\":\"https:\\\/\\\/www.rucashk.com\\\/es\\\/#organization\"}}]}\n\t\t<\/script>\n\t\t<!-- All in One SEO Pro -->\r\n\t\t<title>QCY T9S TWS bluetooth 5.0 Earphone - Rucas - Wholesale and Distribution<\/title>\n\n","aioseo_head_json":{"title":"QCY T9S TWS bluetooth 5.0 Earphone - Rucas - Wholesale and Distribution","description":"Features: Separate type: the earphone belongs to separate type wireless earphone, divide the left and right ear design, wear more fit ear canal Compact and light weight: the earphone adopts hidden wearing design, with small size and light weight, and no burden Earpiece design: add silicone earpiece design, wear more stable, prevent movement off Large battery: the charging box has a built-in battery (602528), with a capacity of 380mAh, providing long battery life Magnetic charging: the charging box and earphone are equipped with magnets, which are easy to operate Hall switch: the charging cassette has the function of hall switch, the earphone is put into the charging box, the earphone will turn on automatically when the cover is opened, and the earphone will turn off automatically when the cover is closed for charging","canonical_url":"https:\/\/www.rucashk.com\/es\/producto\/new-qcy-t9s-tws-bluetooth-5-0-earphone\/","robots":"max-image-preview:large","keywords":"","webmasterTools":{"miscellaneous":""},"og:locale":"es_ES","og:site_name":"Rucas - One-stop AIoT Distribution Worldwide","og:type":"article","og:title":"QCY T9S TWS bluetooth 5.0 Earphone - Rucas - Wholesale and Distribution","og:description":"Features: Separate type: the earphone belongs to separate type wireless earphone, divide the left and right ear design, wear more fit ear canal Compact and light weight: the earphone adopts hidden wearing design, with small size and light weight, and no burden Earpiece design: add silicone earpiece design, wear more stable, prevent movement off Large battery: the charging box has a built-in battery (602528), with a capacity of 380mAh, providing long battery life Magnetic charging: the charging box and earphone are equipped with magnets, which are easy to operate Hall switch: the charging cassette has the function of hall switch, the earphone is put into the charging box, the earphone will turn on automatically when the cover is opened, and the earphone will turn off automatically when the cover is closed for charging","og:url":"https:\/\/www.rucashk.com\/es\/producto\/new-qcy-t9s-tws-bluetooth-5-0-earphone\/","og:image":"https:\/\/www.rucashk.com\/wp-content\/uploads\/replace\/503b8e645f128a97ccde2b6290747646.jpeg","og:image:secure_url":"https:\/\/www.rucashk.com\/wp-content\/uploads\/replace\/503b8e645f128a97ccde2b6290747646.jpeg","og:image:width":1456,"og:image:height":816,"article:published_time":"2024-01-09T15:54:16+00:00","article:modified_time":"2025-06-22T06:35:05+00:00","twitter:card":"summary_large_image","twitter:title":"QCY T9S TWS bluetooth 5.0 Earphone - Rucas - Wholesale and Distribution","twitter:description":"Features: Separate type: the earphone belongs to separate type wireless earphone, divide the left and right ear design, wear more fit ear canal Compact and light weight: the earphone adopts hidden wearing design, with small size and light weight, and no burden Earpiece design: add silicone earpiece design, wear more stable, prevent movement off Large battery: the charging box has a built-in battery (602528), with a capacity of 380mAh, providing long battery life Magnetic charging: the charging box and earphone are equipped with magnets, which are easy to operate Hall switch: the charging cassette has the function of hall switch, the earphone is put into the charging box, the earphone will turn on automatically when the cover is opened, and the earphone will turn off automatically when the cover is closed for charging","twitter:image":"https:\/\/www.rucashk.com\/wp-content\/uploads\/replace\/503b8e645f128a97ccde2b6290747646.jpeg","schema":{"@context":"https:\/\/schema.org","@graph":[{"@type":"BreadcrumbList","@id":"https:\/\/www.rucashk.com\/es\/producto\/new-qcy-t9s-tws-bluetooth-5-0-earphone\/#breadcrumblist","itemListElement":[{"@type":"ListItem","@id":"https:\/\/www.rucashk.com\/es\/#listItem","position":1,"name":"Home","item":"https:\/\/www.rucashk.com\/es\/","nextItem":"https:\/\/www.rucashk.com\/es\/producto\/new-qcy-t9s-tws-bluetooth-5-0-earphone\/#listItem"},{"@type":"ListItem","@id":"https:\/\/www.rucashk.com\/es\/producto\/new-qcy-t9s-tws-bluetooth-5-0-earphone\/#listItem","position":2,"name":"QCY T9S TWS bluetooth 5.0 Earphone","previousItem":"https:\/\/www.rucashk.com\/es\/#listItem"}]},{"@type":"Organization","@id":"https:\/\/www.rucashk.com\/es\/#organization","name":"Rucas","url":"https:\/\/www.rucashk.com\/es\/","logo":{"@type":"ImageObject","url":"https:\/\/www.rucashk.com\/wp-content\/uploads\/2023\/12\/Rucas_campany_logo.png","@id":"https:\/\/www.rucashk.com\/es\/producto\/new-qcy-t9s-tws-bluetooth-5-0-earphone\/#organizationLogo","width":221,"height":65},"image":{"@id":"https:\/\/www.rucashk.com\/es\/#organizationLogo"}},{"@type":"Person","@id":"https:\/\/www.rucashk.com\/es\/author\/admin\/#author","url":"https:\/\/www.rucashk.com\/es\/author\/admin\/","name":"admin","image":{"@type":"ImageObject","@id":"https:\/\/www.rucashk.com\/es\/producto\/new-qcy-t9s-tws-bluetooth-5-0-earphone\/#authorImage","url":"https:\/\/secure.gravatar.com\/avatar\/b7c8925b09a27e72b30232f8ecaadbd5af0f70a38c78096863fe51b64f031c24?s=96&d=mm&r=g","width":96,"height":96,"caption":"admin"}},{"@type":"WebPage","@id":"https:\/\/www.rucashk.com\/es\/producto\/new-qcy-t9s-tws-bluetooth-5-0-earphone\/#webpage","url":"https:\/\/www.rucashk.com\/es\/producto\/new-qcy-t9s-tws-bluetooth-5-0-earphone\/","name":"QCY T9S TWS bluetooth 5.0 Earphone - Rucas - Wholesale and Distribution","description":"Features: Separate type: the earphone belongs to separate type wireless earphone, divide the left and right ear design, wear more fit ear canal Compact and light weight: the earphone adopts hidden wearing design, with small size and light weight, and no burden Earpiece design: add silicone earpiece design, wear more stable, prevent movement off Large battery: the charging box has a built-in battery (602528), with a capacity of 380mAh, providing long battery life Magnetic charging: the charging box and earphone are equipped with magnets, which are easy to operate Hall switch: the charging cassette has the function of hall switch, the earphone is put into the charging box, the earphone will turn on automatically when the cover is opened, and the earphone will turn off automatically when the cover is closed for charging","inLanguage":"es-ES","isPartOf":{"@id":"https:\/\/www.rucashk.com\/es\/#website"},"breadcrumb":{"@id":"https:\/\/www.rucashk.com\/es\/producto\/new-qcy-t9s-tws-bluetooth-5-0-earphone\/#breadcrumblist"},"author":{"@id":"https:\/\/www.rucashk.com\/es\/author\/admin\/#author"},"creator":{"@id":"https:\/\/www.rucashk.com\/es\/author\/admin\/#author"},"image":{"@type":"ImageObject","url":"https:\/\/www.rucashk.com\/wp-content\/uploads\/2024\/01\/1_\u526f\u672c-6-1.jpg","@id":"https:\/\/www.rucashk.com\/es\/producto\/new-qcy-t9s-tws-bluetooth-5-0-earphone\/#mainImage","width":800,"height":800},"primaryImageOfPage":{"@id":"https:\/\/www.rucashk.com\/es\/producto\/new-qcy-t9s-tws-bluetooth-5-0-earphone\/#mainImage"},"datePublished":"2024-01-09T15:54:16+00:00","dateModified":"2025-06-22T06:35:05+00:00"},{"@type":"WebSite","@id":"https:\/\/www.rucashk.com\/es\/#website","url":"https:\/\/www.rucashk.com\/es\/","name":"Rucas - Wholesale and distribution worldwide","alternateName":"Rucas - One-stop AIoT Distribution Worldwide","description":"One-stop AIoT Distribution Worldwide","inLanguage":"es-ES","publisher":{"@id":"https:\/\/www.rucashk.com\/es\/#organization"}}]}},"aioseo_meta_data":{"post_id":"23415","title":null,"description":null,"keywords":null,"keyphrases":null,"primary_term":null,"canonical_url":null,"og_title":null,"og_description":null,"og_object_type":"default","og_image_type":"default","og_image_url":null,"og_image_width":null,"og_image_height":null,"og_image_custom_url":null,"og_image_custom_fields":null,"og_video":null,"og_custom_url":null,"og_article_section":null,"og_article_tags":null,"twitter_use_og":false,"twitter_card":"default","twitter_image_type":"default","twitter_image_url":null,"twitter_image_custom_url":null,"twitter_image_custom_fields":null,"twitter_title":null,"twitter_description":null,"schema":{"blockGraphs":[],"customGraphs":[],"default":{"data":{"Article":[],"Course":[],"Dataset":[],"FAQPage":[],"Movie":[],"Person":[],"Product":[],"Recipe":[],"Service":[],"SoftwareApplication":[],"WebPage":[]},"graphName":"","isEnabled":true},"graphs":[]},"schema_type":"default","schema_type_options":null,"pillar_content":false,"robots_default":true,"robots_noindex":false,"robots_noarchive":false,"robots_nosnippet":false,"robots_nofollow":false,"robots_noimageindex":false,"robots_noodp":false,"robots_notranslate":false,"robots_max_snippet":null,"robots_max_videopreview":null,"robots_max_imagepreview":"large","priority":null,"frequency":null,"local_seo":null,"breadcrumb_settings":null,"limit_modified_date":false,"created":"2024-04-11 01:55:29","updated":"2025-06-22 17:07:33"},"aioseo_breadcrumb":"<div class=\"aioseo-breadcrumbs\"><span class=\"aioseo-breadcrumb\">\n\t<a href=\"https:\/\/www.rucashk.com\/es\" title=\"Home\">Home<\/a>\n<\/span><span class=\"aioseo-breadcrumb-separator\">&raquo;<\/span><span class=\"aioseo-breadcrumb\">\n\t<a href=\"https:\/\/www.rucashk.com\/es\/products\/\" title=\"Productos\">Productos<\/a>\n<\/span><span class=\"aioseo-breadcrumb-separator\">&raquo;<\/span><span class=\"aioseo-breadcrumb\">\n\t<a href=\"https:\/\/www.rucashk.com\/es\/marca\/qcy\/\" title=\"QCY\">QCY<\/a>\n<\/span><span class=\"aioseo-breadcrumb-separator\">&raquo;<\/span><span class=\"aioseo-breadcrumb\">\n\tQCY T9S TWS bluetooth 5.0 Earphone\n<\/span><\/div>","aioseo_breadcrumb_json":[{"label":"Home","link":"https:\/\/www.rucashk.com\/es"},{"label":"Productos","link":"https:\/\/www.rucashk.com\/es\/products\/"},{"label":"QCY","link":"https:\/\/www.rucashk.com\/es\/marca\/qcy\/"},{"label":"QCY T9S TWS bluetooth 5.0 Earphone","link":"https:\/\/www.rucashk.com\/es\/producto\/new-qcy-t9s-tws-bluetooth-5-0-earphone\/"}],"_links":{"self":[{"href":"https:\/\/www.rucashk.com\/es\/wp-json\/wp\/v2\/product\/23415","targetHints":{"allow":["GET"]}}],"collection":[{"href":"https:\/\/www.rucashk.com\/es\/wp-json\/wp\/v2\/product"}],"about":[{"href":"https:\/\/www.rucashk.com\/es\/wp-json\/wp\/v2\/types\/product"}],"wp:featuredmedia":[{"embeddable":true,"href":"https:\/\/www.rucashk.com\/es\/wp-json\/wp\/v2\/media\/23532"}],"wp:attachment":[{"href":"https:\/\/www.rucashk.com\/es\/wp-json\/wp\/v2\/media?parent=23415"}],"wp:term":[{"taxonomy":"product_brand","embeddable":true,"href":"https:\/\/www.rucashk.com\/es\/wp-json\/wp\/v2\/product_brand?post=23415"},{"taxonomy":"product_cat","embeddable":true,"href":"https:\/\/www.rucashk.com\/es\/wp-json\/wp\/v2\/product_cat?post=23415"},{"taxonomy":"product_tag","embeddable":true,"href":"https:\/\/www.rucashk.com\/es\/wp-json\/wp\/v2\/product_tag?post=23415"}],"curies":[{"name":"wp","href":"https:\/\/api.w.org\/{rel}","templated":true}]}}