{"id":23376,"date":"2024-01-09T15:53:53","date_gmt":"2024-01-09T15:53:53","guid":{"rendered":"http:\/\/rucashk.com\/?post_type=product&#038;p=23376"},"modified":"2024-03-13T07:10:25","modified_gmt":"2024-03-13T07:10:25","slug":"xiaomi-redmi-note-8","status":"publish","type":"product","link":"https:\/\/www.rucashk.com\/es\/producto\/xiaomi-redmi-note-8\/","title":{"rendered":"Xiaomi Redmi Nota 8"},"content":{"rendered":"<h2 style=\"text-align: center\">Xiaomi Redmi Nota 8<\/h2>\n<p><img fetchpriority=\"high\" decoding=\"async\" class=\"aligncenter\" src=\"\/wp-content\/uploads\/replace\/3bfe6d07df8917594a515c2babc45907.jpeg\" alt=\"Xiaomi\u00a0Redmi Note 8\" width=\"1200\" height=\"577\" \/><img decoding=\"async\" class=\"aligncenter\" src=\"\/wp-content\/uploads\/replace\/eae1a2e63abeb6708cb8dd924b2afd78.jpeg\" alt=\"Xiaomi\u00a0Redmi Note 8\" width=\"1200\" height=\"476\" \/><img decoding=\"async\" class=\"aligncenter\" src=\"\/wp-content\/uploads\/replace\/653c6e895c1de2742e68f35c15c7c545.jpeg\" alt=\"Xiaomi\u00a0Redmi Note 8\" width=\"1200\" height=\"950\" \/><img loading=\"lazy\" decoding=\"async\" class=\"aligncenter\" src=\"\/wp-content\/uploads\/replace\/01f6e5b77dbf322e6a15f587dc5ee78f.jpeg\" alt=\"Xiaomi\u00a0Redmi Note 8\" width=\"1200\" height=\"735\" \/><img loading=\"lazy\" decoding=\"async\" class=\"aligncenter\" src=\"\/wp-content\/uploads\/replace\/fd46b841d0ed6a4e434caa17c19f825c.jpeg\" alt=\"Xiaomi\u00a0Redmi Note 8\" width=\"1200\" height=\"1098\" \/><img loading=\"lazy\" decoding=\"async\" class=\"aligncenter\" src=\"\/wp-content\/uploads\/replace\/49975deb0fc7eee2b8ac86fbd3b35dbc.jpeg\" alt=\"Xiaomi\u00a0Redmi Note 8\" width=\"1200\" height=\"920\" \/><img loading=\"lazy\" decoding=\"async\" class=\"aligncenter\" src=\"\/wp-content\/uploads\/replace\/477766e4ec51ad8ecdbb00635f17e938.jpeg\" alt=\"Xiaomi\u00a0Redmi Note 8\" width=\"1200\" height=\"1000\" \/><img loading=\"lazy\" decoding=\"async\" class=\"aligncenter\" src=\"\/wp-content\/uploads\/replace\/faa840b0300b59e802d9ce343e7d7b72.jpeg\" alt=\"Xiaomi\u00a0Redmi Note 8\" width=\"1200\" height=\"1033\" \/><img loading=\"lazy\" decoding=\"async\" class=\"aligncenter\" src=\"\/wp-content\/uploads\/replace\/f0853c65373b7d185f77ec278975236f.jpeg\" alt=\"Xiaomi\u00a0Redmi Note 8\" width=\"789\" height=\"596\" \/><img loading=\"lazy\" decoding=\"async\" class=\"aligncenter\" src=\"\/wp-content\/uploads\/replace\/f49f4c8912a0ea20cd8f6288cc32cb04.jpeg\" alt=\"Xiaomi\u00a0Redmi Note 8\" width=\"1200\" height=\"973\" \/><img loading=\"lazy\" decoding=\"async\" class=\"aligncenter\" src=\"\/wp-content\/uploads\/replace\/672b9200b4c84591e1dd3d6aaec4351f.jpeg\" alt=\"Xiaomi\u00a0Redmi Note 8\" width=\"1200\" height=\"862\" \/><img loading=\"lazy\" decoding=\"async\" class=\"aligncenter\" src=\"\/wp-content\/uploads\/replace\/db524d8139d43ad7c85a8605e6672e8b.jpeg\" alt=\"Xiaomi\u00a0Redmi Note 8\" width=\"1200\" height=\"968\" \/><img loading=\"lazy\" decoding=\"async\" class=\"aligncenter\" src=\"\/wp-content\/uploads\/replace\/0b65489642cfd23abd89ecdf06746d05.jpeg\" alt=\"Xiaomi\u00a0Redmi Note 8\" width=\"960\" height=\"1096\" \/><\/p>","protected":false},"excerpt":{"rendered":"<p><strong>Principales caracter\u00edsticas:<\/strong><br \/>\nPantalla \u2014\u2014\u2013 Pantalla Water Drop FHD+ de 6,3 pulgadas<br \/>\nSO \u2014\u2014\u2014\u2014 MIUI 10<br \/>\nRAM+ROM\u2014\u2014\u2013 4GB RAM+64GB ROM 4GB RAM+128GB ROM<br \/>\nC\u00e1mara \u2014\u2014\u2013 C\u00e1mara trasera cu\u00e1druple de 48MP+8MP+2MP+2MP, c\u00e1mara frontal de 13MP<br \/>\nBater\u00eda \u2014\u2014- 4000 mAh (t\u00edpico) \/3900 mAh (m\u00ednimo) Carga r\u00e1pida de 18 W Carga r\u00e1pida QC 3.0<br \/>\nAtenci\u00f3n \u2014\u2013 ROM global, compatible con varios idiomas y Google Play<br \/>\nRed \u2014\u2014- 2 Nano-SIM Doble tarjeta de doble modo de espera<br \/>\n2G: GSM 2\/3\/5\/8, CDMA 1X\/EVDO BC0;<br \/>\n3G: WCDMA B1\/5\/8\/, TD-SCDMA B34\/39, CDMA EVDO BC0;<br \/>\n4G: FDD LTE B1\/B3\/B5\/B8; TDD LTE B34\/B38\/B39\/B40\/B41<br \/>\nVersi\u00f3n global, compatible con varios idiomas<\/p>","protected":false},"featured_media":23520,"template":"","meta":[],"product_brand":[],"product_cat":[1295,1297],"product_tag":[879],"class_list":{"0":"post-23376","1":"product","2":"type-product","3":"status-publish","4":"has-post-thumbnail","6":"product_cat-mobile-phone","7":"product_cat-redmi-mobile-phone","8":"product_tag-xiaomi-redmi-note-8","10":"first","11":"instock","12":"shipping-taxable","13":"product-type-external"},"aioseo_notices":[],"aioseo_head":"\n\t\t<!-- All in One SEO Pro 4.5.9.2 - aioseo.com -->\n\t\t<meta name=\"description\" content=\"Main features: Screen -------- 6.3 inch Water Drop FHD+ Display OS ------------ MIUI 10 RAM+ROM-------- 4GB RAM+64GB ROM 4GB RAM+128GB ROM Camera -------- 48MP+8MP+2MP+2MP Quad Rear Camera, 13MP Front Camera Battery ------- 4000mAh(typ) \/3900mAh(min) 18W fast charge QC 3.0 Fast Charge Attention ----- Global ROM, Support Multi-language and Google Play Network ------- 2 Nano-SIM Dual card dual standby 2G: GSM 2\/3\/5\/8, CDMA 1X\/EVDO BC0; 3G: WCDMA B1\/5\/8\/, TD-SCDMA B34\/39, CDMA EVDO BC0; 4G: FDD LTE B1\/B3\/B5\/B8; TDD LTE B34\/B38\/B39\/B40\/B41 Global Version,support multi-language\" \/>\n\t\t<meta name=\"robots\" content=\"max-image-preview:large\" \/>\n\t\t<link rel=\"canonical\" href=\"https:\/\/www.rucashk.com\/es\/producto\/xiaomi-redmi-note-8\/\" \/>\n\t\t<meta name=\"generator\" content=\"All in One SEO Pro (AIOSEO) 4.5.9.2\" \/>\n\t\t<meta property=\"og:locale\" content=\"es_ES\" \/>\n\t\t<meta property=\"og:site_name\" content=\"Rucas - One-stop AIoT Distribution Worldwide\" \/>\n\t\t<meta property=\"og:type\" content=\"article\" \/>\n\t\t<meta property=\"og:title\" content=\"Xiaomi Redmi Note 8 - Rucas - Wholesale and Distribution\" \/>\n\t\t<meta property=\"og:description\" content=\"Main features: Screen -------- 6.3 inch Water Drop FHD+ Display OS ------------ MIUI 10 RAM+ROM-------- 4GB RAM+64GB ROM 4GB RAM+128GB ROM Camera -------- 48MP+8MP+2MP+2MP Quad Rear Camera, 13MP Front Camera Battery ------- 4000mAh(typ) \/3900mAh(min) 18W fast charge QC 3.0 Fast Charge Attention ----- Global ROM, Support Multi-language and Google Play Network ------- 2 Nano-SIM Dual card dual standby 2G: GSM 2\/3\/5\/8, CDMA 1X\/EVDO BC0; 3G: WCDMA B1\/5\/8\/, TD-SCDMA B34\/39, CDMA EVDO BC0; 4G: FDD LTE B1\/B3\/B5\/B8; TDD LTE B34\/B38\/B39\/B40\/B41 Global Version,support multi-language\" \/>\n\t\t<meta property=\"og:url\" content=\"https:\/\/www.rucashk.com\/es\/producto\/xiaomi-redmi-note-8\/\" \/>\n\t\t<meta property=\"og:image\" content=\"https:\/\/www.rucashk.com\/wp-content\/uploads\/replace\/503b8e645f128a97ccde2b6290747646.jpeg\" \/>\n\t\t<meta property=\"og:image:secure_url\" content=\"https:\/\/www.rucashk.com\/wp-content\/uploads\/replace\/503b8e645f128a97ccde2b6290747646.jpeg\" \/>\n\t\t<meta property=\"og:image:width\" content=\"1456\" \/>\n\t\t<meta property=\"og:image:height\" content=\"816\" \/>\n\t\t<meta property=\"article:published_time\" content=\"2024-01-09T15:53:53+00:00\" \/>\n\t\t<meta property=\"article:modified_time\" content=\"2024-03-13T07:10:25+00:00\" \/>\n\t\t<meta name=\"twitter:card\" content=\"summary_large_image\" \/>\n\t\t<meta name=\"twitter:title\" content=\"Xiaomi Redmi Note 8 - Rucas - Wholesale and Distribution\" \/>\n\t\t<meta name=\"twitter:description\" content=\"Main features: Screen -------- 6.3 inch Water Drop FHD+ Display OS ------------ MIUI 10 RAM+ROM-------- 4GB RAM+64GB ROM 4GB RAM+128GB ROM Camera -------- 48MP+8MP+2MP+2MP Quad Rear Camera, 13MP Front Camera Battery ------- 4000mAh(typ) \/3900mAh(min) 18W fast charge QC 3.0 Fast Charge Attention ----- Global ROM, Support Multi-language and Google Play Network ------- 2 Nano-SIM Dual card dual standby 2G: GSM 2\/3\/5\/8, CDMA 1X\/EVDO BC0; 3G: WCDMA B1\/5\/8\/, TD-SCDMA B34\/39, CDMA EVDO BC0; 4G: FDD LTE B1\/B3\/B5\/B8; TDD LTE B34\/B38\/B39\/B40\/B41 Global Version,support multi-language\" \/>\n\t\t<meta name=\"twitter:image\" content=\"https:\/\/www.rucashk.com\/wp-content\/uploads\/replace\/503b8e645f128a97ccde2b6290747646.jpeg\" \/>\n\t\t<script type=\"application\/ld+json\" class=\"aioseo-schema\">\n\t\t\t{\"@context\":\"https:\\\/\\\/schema.org\",\"@graph\":[{\"@type\":\"BreadcrumbList\",\"@id\":\"https:\\\/\\\/www.rucashk.com\\\/es\\\/producto\\\/xiaomi-redmi-note-8\\\/#breadcrumblist\",\"itemListElement\":[{\"@type\":\"ListItem\",\"@id\":\"https:\\\/\\\/www.rucashk.com\\\/es\\\/#listItem\",\"position\":1,\"name\":\"Home\",\"item\":\"https:\\\/\\\/www.rucashk.com\\\/es\\\/\",\"nextItem\":\"https:\\\/\\\/www.rucashk.com\\\/es\\\/producto\\\/xiaomi-redmi-note-8\\\/#listItem\"},{\"@type\":\"ListItem\",\"@id\":\"https:\\\/\\\/www.rucashk.com\\\/es\\\/producto\\\/xiaomi-redmi-note-8\\\/#listItem\",\"position\":2,\"name\":\"Xiaomi\\u00a0Redmi Note 8\",\"previousItem\":\"https:\\\/\\\/www.rucashk.com\\\/es\\\/#listItem\"}]},{\"@type\":\"Organization\",\"@id\":\"https:\\\/\\\/www.rucashk.com\\\/es\\\/#organization\",\"name\":\"Rucas\",\"url\":\"https:\\\/\\\/www.rucashk.com\\\/es\\\/\",\"logo\":{\"@type\":\"ImageObject\",\"url\":\"https:\\\/\\\/www.rucashk.com\\\/wp-content\\\/uploads\\\/2023\\\/12\\\/Rucas_campany_logo.png\",\"@id\":\"https:\\\/\\\/www.rucashk.com\\\/es\\\/producto\\\/xiaomi-redmi-note-8\\\/#organizationLogo\",\"width\":221,\"height\":65},\"image\":{\"@id\":\"https:\\\/\\\/www.rucashk.com\\\/es\\\/#organizationLogo\"}},{\"@type\":\"Person\",\"@id\":\"https:\\\/\\\/www.rucashk.com\\\/es\\\/author\\\/admin\\\/#author\",\"url\":\"https:\\\/\\\/www.rucashk.com\\\/es\\\/author\\\/admin\\\/\",\"name\":\"admin\",\"image\":{\"@type\":\"ImageObject\",\"@id\":\"https:\\\/\\\/www.rucashk.com\\\/es\\\/producto\\\/xiaomi-redmi-note-8\\\/#authorImage\",\"url\":\"https:\\\/\\\/secure.gravatar.com\\\/avatar\\\/b7c8925b09a27e72b30232f8ecaadbd5af0f70a38c78096863fe51b64f031c24?s=96&d=mm&r=g\",\"width\":96,\"height\":96,\"caption\":\"admin\"}},{\"@type\":\"WebPage\",\"@id\":\"https:\\\/\\\/www.rucashk.com\\\/es\\\/producto\\\/xiaomi-redmi-note-8\\\/#webpage\",\"url\":\"https:\\\/\\\/www.rucashk.com\\\/es\\\/producto\\\/xiaomi-redmi-note-8\\\/\",\"name\":\"Xiaomi Redmi Note 8 - Rucas - Wholesale and Distribution\",\"description\":\"Main features: Screen -------- 6.3 inch Water Drop FHD+ Display OS ------------ MIUI 10 RAM+ROM-------- 4GB RAM+64GB ROM 4GB RAM+128GB ROM Camera -------- 48MP+8MP+2MP+2MP Quad Rear Camera, 13MP Front Camera Battery ------- 4000mAh(typ) \\\/3900mAh(min) 18W fast charge QC 3.0 Fast Charge Attention ----- Global ROM, Support Multi-language and Google Play Network ------- 2 Nano-SIM Dual card dual standby 2G: GSM 2\\\/3\\\/5\\\/8, CDMA 1X\\\/EVDO BC0; 3G: WCDMA B1\\\/5\\\/8\\\/, TD-SCDMA B34\\\/39, CDMA EVDO BC0; 4G: FDD LTE B1\\\/B3\\\/B5\\\/B8; TDD LTE B34\\\/B38\\\/B39\\\/B40\\\/B41 Global Version,support multi-language\",\"inLanguage\":\"es-ES\",\"isPartOf\":{\"@id\":\"https:\\\/\\\/www.rucashk.com\\\/es\\\/#website\"},\"breadcrumb\":{\"@id\":\"https:\\\/\\\/www.rucashk.com\\\/es\\\/producto\\\/xiaomi-redmi-note-8\\\/#breadcrumblist\"},\"author\":{\"@id\":\"https:\\\/\\\/www.rucashk.com\\\/es\\\/author\\\/admin\\\/#author\"},\"creator\":{\"@id\":\"https:\\\/\\\/www.rucashk.com\\\/es\\\/author\\\/admin\\\/#author\"},\"image\":{\"@type\":\"ImageObject\",\"url\":\"https:\\\/\\\/www.rucashk.com\\\/wp-content\\\/uploads\\\/2024\\\/01\\\/4_\\u526f\\u672c-2-1.jpg\",\"@id\":\"https:\\\/\\\/www.rucashk.com\\\/es\\\/producto\\\/xiaomi-redmi-note-8\\\/#mainImage\",\"width\":800,\"height\":800},\"primaryImageOfPage\":{\"@id\":\"https:\\\/\\\/www.rucashk.com\\\/es\\\/producto\\\/xiaomi-redmi-note-8\\\/#mainImage\"},\"datePublished\":\"2024-01-09T15:53:53+00:00\",\"dateModified\":\"2024-03-13T07:10:25+00:00\"},{\"@type\":\"WebSite\",\"@id\":\"https:\\\/\\\/www.rucashk.com\\\/es\\\/#website\",\"url\":\"https:\\\/\\\/www.rucashk.com\\\/es\\\/\",\"name\":\"Rucas - Wholesale and distribution worldwide\",\"alternateName\":\"Rucas - One-stop AIoT Distribution Worldwide\",\"description\":\"One-stop AIoT Distribution Worldwide\",\"inLanguage\":\"es-ES\",\"publisher\":{\"@id\":\"https:\\\/\\\/www.rucashk.com\\\/es\\\/#organization\"}}]}\n\t\t<\/script>\n\t\t<!-- All in One SEO Pro -->\r\n\t\t<title>Xiaomi Redmi Note 8 - Rucas - Wholesale and Distribution<\/title>\n\n","aioseo_head_json":{"title":"Xiaomi Redmi Note 8 - Rucas - Wholesale and Distribution","description":"Main features: Screen -------- 6.3 inch Water Drop FHD+ Display OS ------------ MIUI 10 RAM+ROM-------- 4GB RAM+64GB ROM 4GB RAM+128GB ROM Camera -------- 48MP+8MP+2MP+2MP Quad Rear Camera, 13MP Front Camera Battery ------- 4000mAh(typ) \/3900mAh(min) 18W fast charge QC 3.0 Fast Charge Attention ----- Global ROM, Support Multi-language and Google Play Network ------- 2 Nano-SIM Dual card dual standby 2G: GSM 2\/3\/5\/8, CDMA 1X\/EVDO BC0; 3G: WCDMA B1\/5\/8\/, TD-SCDMA B34\/39, CDMA EVDO BC0; 4G: FDD LTE B1\/B3\/B5\/B8; TDD LTE B34\/B38\/B39\/B40\/B41 Global Version,support multi-language","canonical_url":"https:\/\/www.rucashk.com\/es\/producto\/xiaomi-redmi-note-8\/","robots":"max-image-preview:large","keywords":"","webmasterTools":{"miscellaneous":""},"og:locale":"es_ES","og:site_name":"Rucas - One-stop AIoT Distribution Worldwide","og:type":"article","og:title":"Xiaomi Redmi Note 8 - Rucas - Wholesale and Distribution","og:description":"Main features: Screen -------- 6.3 inch Water Drop FHD+ Display OS ------------ MIUI 10 RAM+ROM-------- 4GB RAM+64GB ROM 4GB RAM+128GB ROM Camera -------- 48MP+8MP+2MP+2MP Quad Rear Camera, 13MP Front Camera Battery ------- 4000mAh(typ) \/3900mAh(min) 18W fast charge QC 3.0 Fast Charge Attention ----- Global ROM, Support Multi-language and Google Play Network ------- 2 Nano-SIM Dual card dual standby 2G: GSM 2\/3\/5\/8, CDMA 1X\/EVDO BC0; 3G: WCDMA B1\/5\/8\/, TD-SCDMA B34\/39, CDMA EVDO BC0; 4G: FDD LTE B1\/B3\/B5\/B8; TDD LTE B34\/B38\/B39\/B40\/B41 Global Version,support multi-language","og:url":"https:\/\/www.rucashk.com\/es\/producto\/xiaomi-redmi-note-8\/","og:image":"https:\/\/www.rucashk.com\/wp-content\/uploads\/replace\/503b8e645f128a97ccde2b6290747646.jpeg","og:image:secure_url":"https:\/\/www.rucashk.com\/wp-content\/uploads\/replace\/503b8e645f128a97ccde2b6290747646.jpeg","og:image:width":1456,"og:image:height":816,"article:published_time":"2024-01-09T15:53:53+00:00","article:modified_time":"2024-03-13T07:10:25+00:00","twitter:card":"summary_large_image","twitter:title":"Xiaomi Redmi Note 8 - Rucas - Wholesale and Distribution","twitter:description":"Main features: Screen -------- 6.3 inch Water Drop FHD+ Display OS ------------ MIUI 10 RAM+ROM-------- 4GB RAM+64GB ROM 4GB RAM+128GB ROM Camera -------- 48MP+8MP+2MP+2MP Quad Rear Camera, 13MP Front Camera Battery ------- 4000mAh(typ) \/3900mAh(min) 18W fast charge QC 3.0 Fast Charge Attention ----- Global ROM, Support Multi-language and Google Play Network ------- 2 Nano-SIM Dual card dual standby 2G: GSM 2\/3\/5\/8, CDMA 1X\/EVDO BC0; 3G: WCDMA B1\/5\/8\/, TD-SCDMA B34\/39, CDMA EVDO BC0; 4G: FDD LTE B1\/B3\/B5\/B8; TDD LTE B34\/B38\/B39\/B40\/B41 Global Version,support multi-language","twitter:image":"https:\/\/www.rucashk.com\/wp-content\/uploads\/replace\/503b8e645f128a97ccde2b6290747646.jpeg","schema":{"@context":"https:\/\/schema.org","@graph":[{"@type":"BreadcrumbList","@id":"https:\/\/www.rucashk.com\/es\/producto\/xiaomi-redmi-note-8\/#breadcrumblist","itemListElement":[{"@type":"ListItem","@id":"https:\/\/www.rucashk.com\/es\/#listItem","position":1,"name":"Home","item":"https:\/\/www.rucashk.com\/es\/","nextItem":"https:\/\/www.rucashk.com\/es\/producto\/xiaomi-redmi-note-8\/#listItem"},{"@type":"ListItem","@id":"https:\/\/www.rucashk.com\/es\/producto\/xiaomi-redmi-note-8\/#listItem","position":2,"name":"Xiaomi\u00a0Redmi Note 8","previousItem":"https:\/\/www.rucashk.com\/es\/#listItem"}]},{"@type":"Organization","@id":"https:\/\/www.rucashk.com\/es\/#organization","name":"Rucas","url":"https:\/\/www.rucashk.com\/es\/","logo":{"@type":"ImageObject","url":"https:\/\/www.rucashk.com\/wp-content\/uploads\/2023\/12\/Rucas_campany_logo.png","@id":"https:\/\/www.rucashk.com\/es\/producto\/xiaomi-redmi-note-8\/#organizationLogo","width":221,"height":65},"image":{"@id":"https:\/\/www.rucashk.com\/es\/#organizationLogo"}},{"@type":"Person","@id":"https:\/\/www.rucashk.com\/es\/author\/admin\/#author","url":"https:\/\/www.rucashk.com\/es\/author\/admin\/","name":"admin","image":{"@type":"ImageObject","@id":"https:\/\/www.rucashk.com\/es\/producto\/xiaomi-redmi-note-8\/#authorImage","url":"https:\/\/secure.gravatar.com\/avatar\/b7c8925b09a27e72b30232f8ecaadbd5af0f70a38c78096863fe51b64f031c24?s=96&d=mm&r=g","width":96,"height":96,"caption":"admin"}},{"@type":"WebPage","@id":"https:\/\/www.rucashk.com\/es\/producto\/xiaomi-redmi-note-8\/#webpage","url":"https:\/\/www.rucashk.com\/es\/producto\/xiaomi-redmi-note-8\/","name":"Xiaomi Redmi Note 8 - Rucas - Wholesale and Distribution","description":"Main features: Screen -------- 6.3 inch Water Drop FHD+ Display OS ------------ MIUI 10 RAM+ROM-------- 4GB RAM+64GB ROM 4GB RAM+128GB ROM Camera -------- 48MP+8MP+2MP+2MP Quad Rear Camera, 13MP Front Camera Battery ------- 4000mAh(typ) \/3900mAh(min) 18W fast charge QC 3.0 Fast Charge Attention ----- Global ROM, Support Multi-language and Google Play Network ------- 2 Nano-SIM Dual card dual standby 2G: GSM 2\/3\/5\/8, CDMA 1X\/EVDO BC0; 3G: WCDMA B1\/5\/8\/, TD-SCDMA B34\/39, CDMA EVDO BC0; 4G: FDD LTE B1\/B3\/B5\/B8; TDD LTE B34\/B38\/B39\/B40\/B41 Global Version,support multi-language","inLanguage":"es-ES","isPartOf":{"@id":"https:\/\/www.rucashk.com\/es\/#website"},"breadcrumb":{"@id":"https:\/\/www.rucashk.com\/es\/producto\/xiaomi-redmi-note-8\/#breadcrumblist"},"author":{"@id":"https:\/\/www.rucashk.com\/es\/author\/admin\/#author"},"creator":{"@id":"https:\/\/www.rucashk.com\/es\/author\/admin\/#author"},"image":{"@type":"ImageObject","url":"https:\/\/www.rucashk.com\/wp-content\/uploads\/2024\/01\/4_\u526f\u672c-2-1.jpg","@id":"https:\/\/www.rucashk.com\/es\/producto\/xiaomi-redmi-note-8\/#mainImage","width":800,"height":800},"primaryImageOfPage":{"@id":"https:\/\/www.rucashk.com\/es\/producto\/xiaomi-redmi-note-8\/#mainImage"},"datePublished":"2024-01-09T15:53:53+00:00","dateModified":"2024-03-13T07:10:25+00:00"},{"@type":"WebSite","@id":"https:\/\/www.rucashk.com\/es\/#website","url":"https:\/\/www.rucashk.com\/es\/","name":"Rucas - Wholesale and distribution worldwide","alternateName":"Rucas - One-stop AIoT Distribution Worldwide","description":"One-stop AIoT Distribution Worldwide","inLanguage":"es-ES","publisher":{"@id":"https:\/\/www.rucashk.com\/es\/#organization"}}]}},"aioseo_meta_data":{"post_id":"23376","title":null,"description":null,"keywords":null,"keyphrases":null,"primary_term":null,"canonical_url":null,"og_title":null,"og_description":null,"og_object_type":"default","og_image_type":"default","og_image_url":null,"og_image_width":null,"og_image_height":null,"og_image_custom_url":null,"og_image_custom_fields":null,"og_video":null,"og_custom_url":null,"og_article_section":null,"og_article_tags":null,"twitter_use_og":false,"twitter_card":"default","twitter_image_type":"default","twitter_image_url":null,"twitter_image_custom_url":null,"twitter_image_custom_fields":null,"twitter_title":null,"twitter_description":null,"schema":{"blockGraphs":[],"customGraphs":[],"default":{"data":{"Article":[],"Course":[],"Dataset":[],"FAQPage":[],"Movie":[],"Person":[],"Product":[],"Recipe":[],"Service":[],"SoftwareApplication":[],"WebPage":[]},"graphName":"","isEnabled":true},"graphs":[]},"schema_type":"default","schema_type_options":null,"pillar_content":false,"robots_default":true,"robots_noindex":false,"robots_noarchive":false,"robots_nosnippet":false,"robots_nofollow":false,"robots_noimageindex":false,"robots_noodp":false,"robots_notranslate":false,"robots_max_snippet":null,"robots_max_videopreview":null,"robots_max_imagepreview":"large","priority":null,"frequency":null,"local_seo":null,"breadcrumb_settings":null,"limit_modified_date":false,"created":"2024-04-11 01:55:29","updated":"2025-06-22 17:06:02"},"aioseo_breadcrumb":"<div class=\"aioseo-breadcrumbs\"><span class=\"aioseo-breadcrumb\">\n\t<a href=\"https:\/\/www.rucashk.com\/es\" title=\"Home\">Home<\/a>\n<\/span><span class=\"aioseo-breadcrumb-separator\">&raquo;<\/span><span class=\"aioseo-breadcrumb\">\n\t<a href=\"https:\/\/www.rucashk.com\/es\/products\/\" title=\"Productos\">Productos<\/a>\n<\/span><span class=\"aioseo-breadcrumb-separator\">&raquo;<\/span><span class=\"aioseo-breadcrumb\">\n\t<a href=\"https:\/\/www.rucashk.com\/es\/categoria-producto\/mobile-phone\/\" title=\"Mobile Phone\">Mobile Phone<\/a>\n<\/span><span class=\"aioseo-breadcrumb-separator\">&raquo;<\/span><span class=\"aioseo-breadcrumb\">\n\t<a href=\"https:\/\/www.rucashk.com\/es\/categoria-producto\/mobile-phone\/redmi-mobile-phone\/\" title=\"Redmi\">Redmi<\/a>\n<\/span><span class=\"aioseo-breadcrumb-separator\">&raquo;<\/span><span class=\"aioseo-breadcrumb\">\n\tXiaomi\u00a0Redmi Note 8\n<\/span><\/div>","aioseo_breadcrumb_json":[{"label":"Home","link":"https:\/\/www.rucashk.com\/es"},{"label":"Productos","link":"https:\/\/www.rucashk.com\/es\/products\/"},{"label":"Mobile Phone","link":"https:\/\/www.rucashk.com\/es\/categoria-producto\/mobile-phone\/"},{"label":"Redmi","link":"https:\/\/www.rucashk.com\/es\/categoria-producto\/mobile-phone\/redmi-mobile-phone\/"},{"label":"Xiaomi\u00a0Redmi Note 8","link":"https:\/\/www.rucashk.com\/es\/producto\/xiaomi-redmi-note-8\/"}],"_links":{"self":[{"href":"https:\/\/www.rucashk.com\/es\/wp-json\/wp\/v2\/product\/23376","targetHints":{"allow":["GET"]}}],"collection":[{"href":"https:\/\/www.rucashk.com\/es\/wp-json\/wp\/v2\/product"}],"about":[{"href":"https:\/\/www.rucashk.com\/es\/wp-json\/wp\/v2\/types\/product"}],"wp:featuredmedia":[{"embeddable":true,"href":"https:\/\/www.rucashk.com\/es\/wp-json\/wp\/v2\/media\/23520"}],"wp:attachment":[{"href":"https:\/\/www.rucashk.com\/es\/wp-json\/wp\/v2\/media?parent=23376"}],"wp:term":[{"taxonomy":"product_brand","embeddable":true,"href":"https:\/\/www.rucashk.com\/es\/wp-json\/wp\/v2\/product_brand?post=23376"},{"taxonomy":"product_cat","embeddable":true,"href":"https:\/\/www.rucashk.com\/es\/wp-json\/wp\/v2\/product_cat?post=23376"},{"taxonomy":"product_tag","embeddable":true,"href":"https:\/\/www.rucashk.com\/es\/wp-json\/wp\/v2\/product_tag?post=23376"}],"curies":[{"name":"wp","href":"https:\/\/api.w.org\/{rel}","templated":true}]}}