{"id":23336,"date":"2024-01-09T15:53:31","date_gmt":"2024-01-09T15:53:31","guid":{"rendered":"http:\/\/rucashk.com\/?post_type=product&#038;p=23336"},"modified":"2024-03-13T07:11:38","modified_gmt":"2024-03-13T07:11:38","slug":"deerma-dx700s-household-upright-vacuum-cleaner","status":"publish","type":"product","link":"https:\/\/www.rucashk.com\/es\/producto\/deerma-dx700s-household-upright-vacuum-cleaner\/","title":{"rendered":"Aspiradora vertical dom\u00e9stica Deerma DX700s"},"content":{"rendered":"<h2 style=\"text-align: center\">Aspiradora vertical dom\u00e9stica Deerma DX700s<\/h2>\n<p><img fetchpriority=\"high\" decoding=\"async\" class=\"aligncenter\" src=\"\/wp-content\/uploads\/replace\/60142186852648d276035be3ad45c3d5.jpeg\" alt=\"Deerma DX700s Household Upright Vacuum Cleaner\" width=\"750\" height=\"876\" \/><img decoding=\"async\" class=\"aligncenter\" src=\"\/wp-content\/uploads\/replace\/de80958e8154131e501db7db8ac987a2.jpeg\" alt=\"Deerma DX700s Household Upright Vacuum Cleaner\" width=\"750\" height=\"911\" \/><img decoding=\"async\" class=\"aligncenter\" src=\"\/wp-content\/uploads\/replace\/05e011b9388396a1495b833f8f71d848.jpeg\" alt=\"Deerma DX700s Household Upright Vacuum Cleaner\" width=\"750\" height=\"802\" \/><img loading=\"lazy\" decoding=\"async\" class=\"aligncenter\" src=\"\/wp-content\/uploads\/replace\/e66f9dd3f9be558740fd6166c6ad72b3.jpeg\" alt=\"Deerma DX700s Household Upright Vacuum Cleaner\" width=\"750\" height=\"942\" \/><img loading=\"lazy\" decoding=\"async\" class=\"aligncenter\" src=\"\/wp-content\/uploads\/replace\/3515a8db3ea976f92c8894f1fb33c1d0.jpeg\" alt=\"Deerma DX700s Household Upright Vacuum Cleaner\" width=\"750\" height=\"817\" \/><img loading=\"lazy\" decoding=\"async\" class=\"aligncenter\" src=\"\/wp-content\/uploads\/replace\/4068dfa65f51926c02e9e9e3774494b4.jpeg\" alt=\"Deerma DX700s Household Upright Vacuum Cleaner\" width=\"750\" height=\"726\" \/><img loading=\"lazy\" decoding=\"async\" class=\"aligncenter\" src=\"\/wp-content\/uploads\/replace\/5e7f8c581e66a0cb93f7df3b464bbb30.jpeg\" alt=\"Deerma DX700s Household Upright Vacuum Cleaner\" width=\"750\" height=\"815\" \/><img loading=\"lazy\" decoding=\"async\" class=\"aligncenter\" src=\"\/wp-content\/uploads\/replace\/f3c4b807f8018a5f60c1a789b61c61e3.jpeg\" alt=\"Deerma DX700s Household Upright Vacuum Cleaner\" width=\"750\" height=\"943\" \/><img loading=\"lazy\" decoding=\"async\" class=\"aligncenter\" src=\"\/wp-content\/uploads\/replace\/7e040ae17613311cceb2b9907d914e0d.jpeg\" alt=\"Deerma DX700s Household Upright Vacuum Cleaner\" width=\"750\" height=\"4240\" \/><img loading=\"lazy\" decoding=\"async\" class=\"aligncenter\" src=\"\/wp-content\/uploads\/replace\/01c81d4d8ac99ffefc3be34b3d056e69.jpeg\" alt=\"Deerma DX700s Household Upright Vacuum Cleaner\" width=\"750\" height=\"5400\" \/><img decoding=\"async\" alt=\"Deerma DX700s Household Upright Vacuum Cleaner\" class=\"aligncenter\" src=\"\/wp-content\/uploads\/replace\/64651ab673e2b71c4ee5fa57b37a8829.jpeg\" \/><img decoding=\"async\" alt=\"Deerma DX700s Household Upright Vacuum Cleaner\" class=\"aligncenter\" src=\"\/wp-content\/uploads\/replace\/366c4d18ac195ebc55765bbd49edc58f.jpeg\" \/><img decoding=\"async\" alt=\"Deerma DX700s Household Upright Vacuum Cleaner\" class=\"aligncenter\" src=\"\/wp-content\/uploads\/replace\/b0c8f00ee5c32cab0b5c1be0a8a9dc93.jpeg\" \/><img loading=\"lazy\" decoding=\"async\" class=\"aligncenter\" src=\"\/wp-content\/uploads\/replace\/d88a1a76152d29598709bdabdfc58d59.jpeg\" alt=\"Deerma DX700s Household Upright Vacuum Cleaner\" width=\"1000\" height=\"1000\" \/><\/p>","protected":false},"excerpt":{"rendered":"<h2>Descripci\u00f3n del Producto<\/h2>\n<p><strong>Descripci\u00f3n\u00a0<\/strong>:<br \/>\nDeerma DX700S Household\u00a0 Cordless Upright Vacuum Cleaner 2-in-1 Upright Handheld Cleaner<\/p>\n<p><strong>Caracter\u00edstica\u00a0<\/strong>:<br \/>\n<strong>Succi\u00f3n duradera:<\/strong><\/p>\n<div>\n<p>Incre\u00edble succi\u00f3n y multifunci\u00f3n. Barrer una casa, tan f\u00e1cil como caminar.<strong>Limpieza flexible:<\/strong><\/p>\n<div>\n<p>Ruta de desempolvado que girar\u00e1. La nueva tecnolog\u00eda de filtro de tornillo lateral suprime eficazmente los residuos grandes, el polvo, el cabello, etc., sin obstruir el elemento filtrante ni afectar la succi\u00f3n. Se puede perforar en el hueco para limpiar la parte inferior de los muebles.<strong>Modo:<\/strong><\/p>\n<div>\n<p>Modo de limpieza vertical, de pie en el suelo para aspirar, sin necesidad de agacharse. Modo port\u00e1til sencillo, rec\u00f3jalo y \u00faselo para absorber el polvo de la superficie del hogar.<strong>Filtraci\u00f3n de tres capas:<\/strong><\/p>\n<div>\n<p>Filtro de red sellado de 3 capas; Crea un ambiente hogare\u00f1o limpio para ti.<strong>Buen dise\u00f1o:<\/strong><\/p>\n<div>Te trae un buen dise\u00f1o. Material s\u00f3lido ABS. C\u00f3modo mango de ingenier\u00eda. Carrete desmontable. Rueda de cepillo suave. Caja de polvo transparente visible.<\/div>\n<\/div>\n<\/div>\n<\/div>\n<\/div>","protected":false},"featured_media":23485,"template":"","meta":[],"product_brand":[],"product_cat":[1341,1305],"product_tag":[874],"class_list":{"0":"post-23336","1":"product","2":"type-product","3":"status-publish","4":"has-post-thumbnail","6":"product_cat-others","7":"product_cat-xiaomi-eco","8":"product_tag-deerma-dx700s-household-upright-vacuum-cleaner","10":"first","11":"instock","12":"shipping-taxable","13":"product-type-external"},"aioseo_notices":[],"aioseo_head":"\n\t\t<!-- All in One SEO Pro 4.5.9.2 - aioseo.com -->\n\t\t<meta name=\"description\" content=\"Product Description Description : Deerma DX700S Household Cordless Upright Vacuum Cleaner 2-in-1 Upright Handheld Cleaner Feature : Durable Suction: Amazing suction and multi-function. Sweeping a house, as easy as a walk.Flexible Cleaning: Dedusting path that will turn, The new side-screw filter technology effectively suppresses large debris, dust, hair, etc., without clogging the filter element and affecting suction. It can be drilled into the gap to clean the bottom of the furniture.Mode: Upright cleaning mode, Standing on the ground to vacuum, no need to bend over. Easy handheld mode, Pick it up and use it to absorb dust from the home surface.Three-layer Filtration: 3-layer sealed net filter; Create a clean home environment for you.Well-design: Bring you a good design. ABS solid material. Comfortable engineering handle. Detachable reel. Smooth brush wheel. Transparent visible dust box.\" \/>\n\t\t<meta name=\"robots\" content=\"max-image-preview:large\" \/>\n\t\t<link rel=\"canonical\" href=\"https:\/\/www.rucashk.com\/es\/producto\/deerma-dx700s-household-upright-vacuum-cleaner\/\" \/>\n\t\t<meta name=\"generator\" content=\"All in One SEO Pro (AIOSEO) 4.5.9.2\" \/>\n\t\t<meta property=\"og:locale\" content=\"es_ES\" \/>\n\t\t<meta property=\"og:site_name\" content=\"Rucas - One-stop AIoT Distribution Worldwide\" \/>\n\t\t<meta property=\"og:type\" content=\"article\" \/>\n\t\t<meta property=\"og:title\" content=\"Deerma DX700s Household Upright Vacuum Cleaner - Rucas - Wholesale and Distribution\" \/>\n\t\t<meta property=\"og:description\" content=\"Product Description Description : Deerma DX700S Household Cordless Upright Vacuum Cleaner 2-in-1 Upright Handheld Cleaner Feature : Durable Suction: Amazing suction and multi-function. Sweeping a house, as easy as a walk.Flexible Cleaning: Dedusting path that will turn, The new side-screw filter technology effectively suppresses large debris, dust, hair, etc., without clogging the filter element and affecting suction. It can be drilled into the gap to clean the bottom of the furniture.Mode: Upright cleaning mode, Standing on the ground to vacuum, no need to bend over. Easy handheld mode, Pick it up and use it to absorb dust from the home surface.Three-layer Filtration: 3-layer sealed net filter; Create a clean home environment for you.Well-design: Bring you a good design. ABS solid material. Comfortable engineering handle. Detachable reel. Smooth brush wheel. Transparent visible dust box.\" \/>\n\t\t<meta property=\"og:url\" content=\"https:\/\/www.rucashk.com\/es\/producto\/deerma-dx700s-household-upright-vacuum-cleaner\/\" \/>\n\t\t<meta property=\"og:image\" content=\"https:\/\/www.rucashk.com\/wp-content\/uploads\/replace\/503b8e645f128a97ccde2b6290747646.jpeg\" \/>\n\t\t<meta property=\"og:image:secure_url\" content=\"https:\/\/www.rucashk.com\/wp-content\/uploads\/replace\/503b8e645f128a97ccde2b6290747646.jpeg\" \/>\n\t\t<meta property=\"og:image:width\" content=\"1456\" \/>\n\t\t<meta property=\"og:image:height\" content=\"816\" \/>\n\t\t<meta property=\"article:published_time\" content=\"2024-01-09T15:53:31+00:00\" \/>\n\t\t<meta property=\"article:modified_time\" content=\"2024-03-13T07:11:38+00:00\" \/>\n\t\t<meta name=\"twitter:card\" content=\"summary_large_image\" \/>\n\t\t<meta name=\"twitter:title\" content=\"Deerma DX700s Household Upright Vacuum Cleaner - Rucas - Wholesale and Distribution\" \/>\n\t\t<meta name=\"twitter:description\" content=\"Product Description Description : Deerma DX700S Household Cordless Upright Vacuum Cleaner 2-in-1 Upright Handheld Cleaner Feature : Durable Suction: Amazing suction and multi-function. Sweeping a house, as easy as a walk.Flexible Cleaning: Dedusting path that will turn, The new side-screw filter technology effectively suppresses large debris, dust, hair, etc., without clogging the filter element and affecting suction. It can be drilled into the gap to clean the bottom of the furniture.Mode: Upright cleaning mode, Standing on the ground to vacuum, no need to bend over. Easy handheld mode, Pick it up and use it to absorb dust from the home surface.Three-layer Filtration: 3-layer sealed net filter; Create a clean home environment for you.Well-design: Bring you a good design. ABS solid material. Comfortable engineering handle. Detachable reel. Smooth brush wheel. Transparent visible dust box.\" \/>\n\t\t<meta name=\"twitter:image\" content=\"https:\/\/www.rucashk.com\/wp-content\/uploads\/replace\/503b8e645f128a97ccde2b6290747646.jpeg\" \/>\n\t\t<script type=\"application\/ld+json\" class=\"aioseo-schema\">\n\t\t\t{\"@context\":\"https:\\\/\\\/schema.org\",\"@graph\":[{\"@type\":\"BreadcrumbList\",\"@id\":\"https:\\\/\\\/www.rucashk.com\\\/es\\\/producto\\\/deerma-dx700s-household-upright-vacuum-cleaner\\\/#breadcrumblist\",\"itemListElement\":[{\"@type\":\"ListItem\",\"@id\":\"https:\\\/\\\/www.rucashk.com\\\/es\\\/#listItem\",\"position\":1,\"name\":\"Home\",\"item\":\"https:\\\/\\\/www.rucashk.com\\\/es\\\/\",\"nextItem\":\"https:\\\/\\\/www.rucashk.com\\\/es\\\/producto\\\/deerma-dx700s-household-upright-vacuum-cleaner\\\/#listItem\"},{\"@type\":\"ListItem\",\"@id\":\"https:\\\/\\\/www.rucashk.com\\\/es\\\/producto\\\/deerma-dx700s-household-upright-vacuum-cleaner\\\/#listItem\",\"position\":2,\"name\":\"Deerma DX700s Household Upright Vacuum Cleaner\",\"previousItem\":\"https:\\\/\\\/www.rucashk.com\\\/es\\\/#listItem\"}]},{\"@type\":\"Organization\",\"@id\":\"https:\\\/\\\/www.rucashk.com\\\/es\\\/#organization\",\"name\":\"Rucas\",\"url\":\"https:\\\/\\\/www.rucashk.com\\\/es\\\/\",\"logo\":{\"@type\":\"ImageObject\",\"url\":\"https:\\\/\\\/www.rucashk.com\\\/wp-content\\\/uploads\\\/2023\\\/12\\\/Rucas_campany_logo.png\",\"@id\":\"https:\\\/\\\/www.rucashk.com\\\/es\\\/producto\\\/deerma-dx700s-household-upright-vacuum-cleaner\\\/#organizationLogo\",\"width\":221,\"height\":65},\"image\":{\"@id\":\"https:\\\/\\\/www.rucashk.com\\\/es\\\/#organizationLogo\"}},{\"@type\":\"Person\",\"@id\":\"https:\\\/\\\/www.rucashk.com\\\/es\\\/author\\\/admin\\\/#author\",\"url\":\"https:\\\/\\\/www.rucashk.com\\\/es\\\/author\\\/admin\\\/\",\"name\":\"admin\",\"image\":{\"@type\":\"ImageObject\",\"@id\":\"https:\\\/\\\/www.rucashk.com\\\/es\\\/producto\\\/deerma-dx700s-household-upright-vacuum-cleaner\\\/#authorImage\",\"url\":\"https:\\\/\\\/secure.gravatar.com\\\/avatar\\\/b7c8925b09a27e72b30232f8ecaadbd5af0f70a38c78096863fe51b64f031c24?s=96&d=mm&r=g\",\"width\":96,\"height\":96,\"caption\":\"admin\"}},{\"@type\":\"WebPage\",\"@id\":\"https:\\\/\\\/www.rucashk.com\\\/es\\\/producto\\\/deerma-dx700s-household-upright-vacuum-cleaner\\\/#webpage\",\"url\":\"https:\\\/\\\/www.rucashk.com\\\/es\\\/producto\\\/deerma-dx700s-household-upright-vacuum-cleaner\\\/\",\"name\":\"Deerma DX700s Household Upright Vacuum Cleaner - Rucas - Wholesale and Distribution\",\"description\":\"Product Description Description : Deerma DX700S Household Cordless Upright Vacuum Cleaner 2-in-1 Upright Handheld Cleaner Feature : Durable Suction: Amazing suction and multi-function. Sweeping a house, as easy as a walk.Flexible Cleaning: Dedusting path that will turn, The new side-screw filter technology effectively suppresses large debris, dust, hair, etc., without clogging the filter element and affecting suction. It can be drilled into the gap to clean the bottom of the furniture.Mode: Upright cleaning mode, Standing on the ground to vacuum, no need to bend over. Easy handheld mode, Pick it up and use it to absorb dust from the home surface.Three-layer Filtration: 3-layer sealed net filter; Create a clean home environment for you.Well-design: Bring you a good design. ABS solid material. Comfortable engineering handle. Detachable reel. Smooth brush wheel. Transparent visible dust box.\",\"inLanguage\":\"es-ES\",\"isPartOf\":{\"@id\":\"https:\\\/\\\/www.rucashk.com\\\/es\\\/#website\"},\"breadcrumb\":{\"@id\":\"https:\\\/\\\/www.rucashk.com\\\/es\\\/producto\\\/deerma-dx700s-household-upright-vacuum-cleaner\\\/#breadcrumblist\"},\"author\":{\"@id\":\"https:\\\/\\\/www.rucashk.com\\\/es\\\/author\\\/admin\\\/#author\"},\"creator\":{\"@id\":\"https:\\\/\\\/www.rucashk.com\\\/es\\\/author\\\/admin\\\/#author\"},\"image\":{\"@type\":\"ImageObject\",\"url\":\"https:\\\/\\\/www.rucashk.com\\\/wp-content\\\/uploads\\\/2024\\\/01\\\/5_\\u526f\\u672c.jpg\",\"@id\":\"https:\\\/\\\/www.rucashk.com\\\/es\\\/producto\\\/deerma-dx700s-household-upright-vacuum-cleaner\\\/#mainImage\",\"width\":800,\"height\":800},\"primaryImageOfPage\":{\"@id\":\"https:\\\/\\\/www.rucashk.com\\\/es\\\/producto\\\/deerma-dx700s-household-upright-vacuum-cleaner\\\/#mainImage\"},\"datePublished\":\"2024-01-09T15:53:31+00:00\",\"dateModified\":\"2024-03-13T07:11:38+00:00\"},{\"@type\":\"WebSite\",\"@id\":\"https:\\\/\\\/www.rucashk.com\\\/es\\\/#website\",\"url\":\"https:\\\/\\\/www.rucashk.com\\\/es\\\/\",\"name\":\"Rucas - Wholesale and distribution worldwide\",\"alternateName\":\"Rucas - One-stop AIoT Distribution Worldwide\",\"description\":\"One-stop AIoT Distribution Worldwide\",\"inLanguage\":\"es-ES\",\"publisher\":{\"@id\":\"https:\\\/\\\/www.rucashk.com\\\/es\\\/#organization\"}}]}\n\t\t<\/script>\n\t\t<!-- All in One SEO Pro -->\r\n\t\t<title>Deerma DX700s Household Upright Vacuum Cleaner - Rucas - Wholesale and Distribution<\/title>\n\n","aioseo_head_json":{"title":"Deerma DX700s Household Upright Vacuum Cleaner - Rucas - Wholesale and Distribution","description":"Product Description Description : Deerma DX700S Household Cordless Upright Vacuum Cleaner 2-in-1 Upright Handheld Cleaner Feature : Durable Suction: Amazing suction and multi-function. Sweeping a house, as easy as a walk.Flexible Cleaning: Dedusting path that will turn, The new side-screw filter technology effectively suppresses large debris, dust, hair, etc., without clogging the filter element and affecting suction. It can be drilled into the gap to clean the bottom of the furniture.Mode: Upright cleaning mode, Standing on the ground to vacuum, no need to bend over. Easy handheld mode, Pick it up and use it to absorb dust from the home surface.Three-layer Filtration: 3-layer sealed net filter; Create a clean home environment for you.Well-design: Bring you a good design. ABS solid material. Comfortable engineering handle. Detachable reel. Smooth brush wheel. Transparent visible dust box.","canonical_url":"https:\/\/www.rucashk.com\/es\/producto\/deerma-dx700s-household-upright-vacuum-cleaner\/","robots":"max-image-preview:large","keywords":"","webmasterTools":{"miscellaneous":""},"og:locale":"es_ES","og:site_name":"Rucas - One-stop AIoT Distribution Worldwide","og:type":"article","og:title":"Deerma DX700s Household Upright Vacuum Cleaner - Rucas - Wholesale and Distribution","og:description":"Product Description Description : Deerma DX700S Household Cordless Upright Vacuum Cleaner 2-in-1 Upright Handheld Cleaner Feature : Durable Suction: Amazing suction and multi-function. Sweeping a house, as easy as a walk.Flexible Cleaning: Dedusting path that will turn, The new side-screw filter technology effectively suppresses large debris, dust, hair, etc., without clogging the filter element and affecting suction. It can be drilled into the gap to clean the bottom of the furniture.Mode: Upright cleaning mode, Standing on the ground to vacuum, no need to bend over. Easy handheld mode, Pick it up and use it to absorb dust from the home surface.Three-layer Filtration: 3-layer sealed net filter; Create a clean home environment for you.Well-design: Bring you a good design. ABS solid material. Comfortable engineering handle. Detachable reel. Smooth brush wheel. Transparent visible dust box.","og:url":"https:\/\/www.rucashk.com\/es\/producto\/deerma-dx700s-household-upright-vacuum-cleaner\/","og:image":"https:\/\/www.rucashk.com\/wp-content\/uploads\/replace\/503b8e645f128a97ccde2b6290747646.jpeg","og:image:secure_url":"https:\/\/www.rucashk.com\/wp-content\/uploads\/replace\/503b8e645f128a97ccde2b6290747646.jpeg","og:image:width":1456,"og:image:height":816,"article:published_time":"2024-01-09T15:53:31+00:00","article:modified_time":"2024-03-13T07:11:38+00:00","twitter:card":"summary_large_image","twitter:title":"Deerma DX700s Household Upright Vacuum Cleaner - Rucas - Wholesale and Distribution","twitter:description":"Product Description Description : Deerma DX700S Household Cordless Upright Vacuum Cleaner 2-in-1 Upright Handheld Cleaner Feature : Durable Suction: Amazing suction and multi-function. Sweeping a house, as easy as a walk.Flexible Cleaning: Dedusting path that will turn, The new side-screw filter technology effectively suppresses large debris, dust, hair, etc., without clogging the filter element and affecting suction. It can be drilled into the gap to clean the bottom of the furniture.Mode: Upright cleaning mode, Standing on the ground to vacuum, no need to bend over. Easy handheld mode, Pick it up and use it to absorb dust from the home surface.Three-layer Filtration: 3-layer sealed net filter; Create a clean home environment for you.Well-design: Bring you a good design. ABS solid material. Comfortable engineering handle. Detachable reel. Smooth brush wheel. Transparent visible dust box.","twitter:image":"https:\/\/www.rucashk.com\/wp-content\/uploads\/replace\/503b8e645f128a97ccde2b6290747646.jpeg","schema":{"@context":"https:\/\/schema.org","@graph":[{"@type":"BreadcrumbList","@id":"https:\/\/www.rucashk.com\/es\/producto\/deerma-dx700s-household-upright-vacuum-cleaner\/#breadcrumblist","itemListElement":[{"@type":"ListItem","@id":"https:\/\/www.rucashk.com\/es\/#listItem","position":1,"name":"Home","item":"https:\/\/www.rucashk.com\/es\/","nextItem":"https:\/\/www.rucashk.com\/es\/producto\/deerma-dx700s-household-upright-vacuum-cleaner\/#listItem"},{"@type":"ListItem","@id":"https:\/\/www.rucashk.com\/es\/producto\/deerma-dx700s-household-upright-vacuum-cleaner\/#listItem","position":2,"name":"Deerma DX700s Household Upright Vacuum Cleaner","previousItem":"https:\/\/www.rucashk.com\/es\/#listItem"}]},{"@type":"Organization","@id":"https:\/\/www.rucashk.com\/es\/#organization","name":"Rucas","url":"https:\/\/www.rucashk.com\/es\/","logo":{"@type":"ImageObject","url":"https:\/\/www.rucashk.com\/wp-content\/uploads\/2023\/12\/Rucas_campany_logo.png","@id":"https:\/\/www.rucashk.com\/es\/producto\/deerma-dx700s-household-upright-vacuum-cleaner\/#organizationLogo","width":221,"height":65},"image":{"@id":"https:\/\/www.rucashk.com\/es\/#organizationLogo"}},{"@type":"Person","@id":"https:\/\/www.rucashk.com\/es\/author\/admin\/#author","url":"https:\/\/www.rucashk.com\/es\/author\/admin\/","name":"admin","image":{"@type":"ImageObject","@id":"https:\/\/www.rucashk.com\/es\/producto\/deerma-dx700s-household-upright-vacuum-cleaner\/#authorImage","url":"https:\/\/secure.gravatar.com\/avatar\/b7c8925b09a27e72b30232f8ecaadbd5af0f70a38c78096863fe51b64f031c24?s=96&d=mm&r=g","width":96,"height":96,"caption":"admin"}},{"@type":"WebPage","@id":"https:\/\/www.rucashk.com\/es\/producto\/deerma-dx700s-household-upright-vacuum-cleaner\/#webpage","url":"https:\/\/www.rucashk.com\/es\/producto\/deerma-dx700s-household-upright-vacuum-cleaner\/","name":"Deerma DX700s Household Upright Vacuum Cleaner - Rucas - Wholesale and Distribution","description":"Product Description Description : Deerma DX700S Household Cordless Upright Vacuum Cleaner 2-in-1 Upright Handheld Cleaner Feature : Durable Suction: Amazing suction and multi-function. Sweeping a house, as easy as a walk.Flexible Cleaning: Dedusting path that will turn, The new side-screw filter technology effectively suppresses large debris, dust, hair, etc., without clogging the filter element and affecting suction. It can be drilled into the gap to clean the bottom of the furniture.Mode: Upright cleaning mode, Standing on the ground to vacuum, no need to bend over. Easy handheld mode, Pick it up and use it to absorb dust from the home surface.Three-layer Filtration: 3-layer sealed net filter; Create a clean home environment for you.Well-design: Bring you a good design. ABS solid material. Comfortable engineering handle. Detachable reel. Smooth brush wheel. Transparent visible dust box.","inLanguage":"es-ES","isPartOf":{"@id":"https:\/\/www.rucashk.com\/es\/#website"},"breadcrumb":{"@id":"https:\/\/www.rucashk.com\/es\/producto\/deerma-dx700s-household-upright-vacuum-cleaner\/#breadcrumblist"},"author":{"@id":"https:\/\/www.rucashk.com\/es\/author\/admin\/#author"},"creator":{"@id":"https:\/\/www.rucashk.com\/es\/author\/admin\/#author"},"image":{"@type":"ImageObject","url":"https:\/\/www.rucashk.com\/wp-content\/uploads\/2024\/01\/5_\u526f\u672c.jpg","@id":"https:\/\/www.rucashk.com\/es\/producto\/deerma-dx700s-household-upright-vacuum-cleaner\/#mainImage","width":800,"height":800},"primaryImageOfPage":{"@id":"https:\/\/www.rucashk.com\/es\/producto\/deerma-dx700s-household-upright-vacuum-cleaner\/#mainImage"},"datePublished":"2024-01-09T15:53:31+00:00","dateModified":"2024-03-13T07:11:38+00:00"},{"@type":"WebSite","@id":"https:\/\/www.rucashk.com\/es\/#website","url":"https:\/\/www.rucashk.com\/es\/","name":"Rucas - Wholesale and distribution worldwide","alternateName":"Rucas - One-stop AIoT Distribution Worldwide","description":"One-stop AIoT Distribution Worldwide","inLanguage":"es-ES","publisher":{"@id":"https:\/\/www.rucashk.com\/es\/#organization"}}]}},"aioseo_meta_data":{"post_id":"23336","title":null,"description":null,"keywords":null,"keyphrases":null,"primary_term":null,"canonical_url":null,"og_title":null,"og_description":null,"og_object_type":"default","og_image_type":"default","og_image_url":null,"og_image_width":null,"og_image_height":null,"og_image_custom_url":null,"og_image_custom_fields":null,"og_video":null,"og_custom_url":null,"og_article_section":null,"og_article_tags":null,"twitter_use_og":false,"twitter_card":"default","twitter_image_type":"default","twitter_image_url":null,"twitter_image_custom_url":null,"twitter_image_custom_fields":null,"twitter_title":null,"twitter_description":null,"schema":{"blockGraphs":[],"customGraphs":[],"default":{"data":{"Article":[],"Course":[],"Dataset":[],"FAQPage":[],"Movie":[],"Person":[],"Product":[],"Recipe":[],"Service":[],"SoftwareApplication":[],"WebPage":[]},"graphName":"","isEnabled":true},"graphs":[]},"schema_type":"default","schema_type_options":null,"pillar_content":false,"robots_default":true,"robots_noindex":false,"robots_noarchive":false,"robots_nosnippet":false,"robots_nofollow":false,"robots_noimageindex":false,"robots_noodp":false,"robots_notranslate":false,"robots_max_snippet":null,"robots_max_videopreview":null,"robots_max_imagepreview":"large","priority":null,"frequency":null,"local_seo":null,"breadcrumb_settings":null,"limit_modified_date":false,"created":"2024-04-11 01:55:29","updated":"2025-06-22 17:06:00"},"aioseo_breadcrumb":"<div class=\"aioseo-breadcrumbs\"><span class=\"aioseo-breadcrumb\">\n\t<a href=\"https:\/\/www.rucashk.com\/es\" title=\"Home\">Home<\/a>\n<\/span><span class=\"aioseo-breadcrumb-separator\">&raquo;<\/span><span class=\"aioseo-breadcrumb\">\n\t<a href=\"https:\/\/www.rucashk.com\/es\/products\/\" title=\"Productos\">Productos<\/a>\n<\/span><span class=\"aioseo-breadcrumb-separator\">&raquo;<\/span><span class=\"aioseo-breadcrumb\">\n\t<a href=\"https:\/\/www.rucashk.com\/es\/categoria-producto\/xiaomi-eco\/\" title=\"Xiaomi Eco\">Xiaomi Eco<\/a>\n<\/span><span class=\"aioseo-breadcrumb-separator\">&raquo;<\/span><span class=\"aioseo-breadcrumb\">\n\t<a href=\"https:\/\/www.rucashk.com\/es\/categoria-producto\/xiaomi-eco\/others\/\" title=\"Others\">Others<\/a>\n<\/span><span class=\"aioseo-breadcrumb-separator\">&raquo;<\/span><span class=\"aioseo-breadcrumb\">\n\tDeerma DX700s Household Upright Vacuum Cleaner\n<\/span><\/div>","aioseo_breadcrumb_json":[{"label":"Home","link":"https:\/\/www.rucashk.com\/es"},{"label":"Productos","link":"https:\/\/www.rucashk.com\/es\/products\/"},{"label":"Xiaomi Eco","link":"https:\/\/www.rucashk.com\/es\/categoria-producto\/xiaomi-eco\/"},{"label":"Others","link":"https:\/\/www.rucashk.com\/es\/categoria-producto\/xiaomi-eco\/others\/"},{"label":"Deerma DX700s Household Upright Vacuum Cleaner","link":"https:\/\/www.rucashk.com\/es\/producto\/deerma-dx700s-household-upright-vacuum-cleaner\/"}],"_links":{"self":[{"href":"https:\/\/www.rucashk.com\/es\/wp-json\/wp\/v2\/product\/23336","targetHints":{"allow":["GET"]}}],"collection":[{"href":"https:\/\/www.rucashk.com\/es\/wp-json\/wp\/v2\/product"}],"about":[{"href":"https:\/\/www.rucashk.com\/es\/wp-json\/wp\/v2\/types\/product"}],"wp:featuredmedia":[{"embeddable":true,"href":"https:\/\/www.rucashk.com\/es\/wp-json\/wp\/v2\/media\/23485"}],"wp:attachment":[{"href":"https:\/\/www.rucashk.com\/es\/wp-json\/wp\/v2\/media?parent=23336"}],"wp:term":[{"taxonomy":"product_brand","embeddable":true,"href":"https:\/\/www.rucashk.com\/es\/wp-json\/wp\/v2\/product_brand?post=23336"},{"taxonomy":"product_cat","embeddable":true,"href":"https:\/\/www.rucashk.com\/es\/wp-json\/wp\/v2\/product_cat?post=23336"},{"taxonomy":"product_tag","embeddable":true,"href":"https:\/\/www.rucashk.com\/es\/wp-json\/wp\/v2\/product_tag?post=23336"}],"curies":[{"name":"wp","href":"https:\/\/api.w.org\/{rel}","templated":true}]}}