{"id":23329,"date":"2024-01-09T15:53:30","date_gmt":"2024-01-09T15:53:30","guid":{"rendered":"http:\/\/rucashk.com\/?post_type=product&#038;p=23329"},"modified":"2024-03-13T07:00:03","modified_gmt":"2024-03-13T07:00:03","slug":"xiaomi-soocas-linglang-s3","status":"publish","type":"product","link":"https:\/\/www.rucashk.com\/es\/producto\/xiaomi-soocas-linglang-s3\/","title":{"rendered":"Xiaomi SOOCAS Linglang S3"},"content":{"rendered":"<h2 style=\"text-align: center\">Xiaomi SOOCAS Linglang S3<\/h2>\n<p><img fetchpriority=\"high\" decoding=\"async\" class=\"aligncenter\" src=\"\/wp-content\/uploads\/replace\/10ad6f4c34e5d7ceb9a3322d9e6b9e17.jpeg\" alt=\"Xiaomi\u00a0SOOCAS\u00a0Linglang S3\" width=\"800\" height=\"800\" \/><img decoding=\"async\" class=\"aligncenter\" src=\"\/wp-content\/uploads\/replace\/b5af97d88fe8134d1e55feb915ad837e.jpeg\" alt=\"Xiaomi\u00a0SOOCAS\u00a0Linglang S3\" width=\"800\" height=\"800\" \/><img decoding=\"async\" class=\"aligncenter\" src=\"\/wp-content\/uploads\/replace\/d94a6596e2e516b6193521b4ca8d786b.jpeg\" alt=\"Xiaomi\u00a0SOOCAS\u00a0Linglang S3\" width=\"800\" height=\"800\" \/><img loading=\"lazy\" decoding=\"async\" class=\"aligncenter\" src=\"\/wp-content\/uploads\/replace\/bb0ba187393423a8bf6bb2d17921a83d.jpeg\" alt=\"Xiaomi\u00a0SOOCAS\u00a0Linglang S3\" width=\"800\" height=\"800\" \/><img loading=\"lazy\" decoding=\"async\" class=\"aligncenter\" src=\"\/wp-content\/uploads\/replace\/bdcb7bde0153d0337b5a06f430546ed5.jpeg\" alt=\"Xiaomi\u00a0SOOCAS\u00a0Linglang S3\" width=\"800\" height=\"800\" \/><img loading=\"lazy\" decoding=\"async\" class=\"aligncenter\" src=\"\/wp-content\/uploads\/replace\/3e5f53a3c5751eac74d9df4216c232b7.jpeg\" alt=\"Xiaomi\u00a0SOOCAS\u00a0Linglang S3\" width=\"800\" height=\"800\" \/><img loading=\"lazy\" decoding=\"async\" class=\"aligncenter\" src=\"\/wp-content\/uploads\/replace\/57d24da69899e099b37b06969d394c66.jpeg\" alt=\"Xiaomi\u00a0SOOCAS\u00a0Linglang S3\" width=\"800\" height=\"800\" \/><img loading=\"lazy\" decoding=\"async\" class=\"aligncenter\" src=\"\/wp-content\/uploads\/replace\/e54969befb64f9523b4b76897f4e0630.jpeg\" alt=\"Xiaomi\u00a0SOOCAS\u00a0Linglang S3\" width=\"800\" height=\"800\" \/><\/p>\n<div class=\"textDesc\">\n<p class=\"textDescTitle\">Principales caracter\u00edsticas<\/p>\n<p class=\"textDescContent\">Principales caracter\u00edsticas<\/p>\n<p>SOOCAS S3 Maquinilla de afeitar el\u00e9ctrica rotativa Dry Wet Men Lavable IPX7 Afeitadora recargable Cerradura de seguridad<\/p>\n<p>Descripci\u00f3n:<br \/>\nPara lucir limpio y ordenado, es probable que necesites afeitarte todas las semanas. Lo sensato es contar con una afeitadora el\u00e9ctrica c\u00f3moda y de alta calidad. Este <a href=\"https:\/\/www.rucashk.com\/es\/producto\/soocas-et2-multi-purposed-electric-shaver\/\" class=\"\" style=\"width: auto !important\" data-wpil-post-to-id=\"15293\">afeitadora el\u00e9ctrica<\/a> ser\u00e1n buenas noticias para ti. Hay 3 cortadores giratorios, que pueden girar y oscilar por separado. Pueden moverse suavemente a lo largo de su cara y no suponen ninguna presi\u00f3n. En comparaci\u00f3n con el manual tradicional. <a href=\"https:\/\/www.rucashk.com\/es\/producto\/soocas-so-white-es3-electric-razor\/\" class=\"\" style=\"width: auto !important\" data-wpil-post-to-id=\"16638\">maquinilla de afeitar y el\u00e9ctrica<\/a> maquinilla de afeitar, le proporcionar\u00e1 una experiencia de afeitado c\u00f3moda como nunca antes. \u00bfPor qu\u00e9 no llevarte uno a casa y probarlo?<\/p>\n<p>Caracter\u00edsticas:<br \/>\n\u2013 Cortadores rotativos<\/p>\n<p>Todo el dispositivo es resistente al agua, por lo que es f\u00e1cil de lavar directamente con agua corriente.<br \/>\n\u2013 Seco o mojado<br \/>\nPuedes usarlo ya sea con crema de afeitar o no.<br \/>\n\u2013 Largo tiempo de espera<br \/>\nDespu\u00e9s de una carga completa en 2 horas, puede soportar un tiempo de trabajo de 1 hora.<br \/>\n- Bater\u00eda recargable<br \/>\nLa bater\u00eda incorporada hace que su uso sea c\u00f3modo y ecol\u00f3gico.<\/p>\n<p>Especificaci\u00f3n:<br \/>\nPotencia: CC 5 V 1 A 2 W.<br \/>\nTiempo de carga: 2 horas<br \/>\nTiempo de trabajo: 1 hora<br \/>\nResistente al agua: IPX7<br \/>\nBater\u00eda: bater\u00eda de iones de litio incorporada de 800 mAh<br \/>\nMarca: SOOCAS<br \/>\nModelo: S3<br \/>\nMaterial: Aleaci\u00f3n<br \/>\nTipo de operaci\u00f3n: El\u00e9ctrica<\/p>\n<p>Limpieza: Lavable<br \/>\nPeso del paquete: 0,416 kg<br \/>\nTama\u00f1o del producto (largo x ancho x alto): 6,40 x 6,20 x 15,40 cm \/ 2,52 x 2,44 x 6,06 pulgadas<br \/>\nTama\u00f1o del paquete (largo x ancho x alto): 18,50 x 10,00 x 7,00 cm \/ 7,28 x 3,94 x 2,76 pulgadas<\/p>\n<\/div>","protected":false},"excerpt":{"rendered":"<p><b>Caracter\u00edsticas clave:<\/b><br \/>\n\u25cf Powerful smooth surface<br \/>\n\u25cf Innovative FT omnidirectional suspension technology<br \/>\n\u25cf 3 cutting head 360 degree veneer<br \/>\n\u25cf Dry and wet double shave<br \/>\n\u25cf Battery capacity: 800 mAh<br \/>\n\u25cf Charging time: 2 hours<br \/>\n\u25cf Fully charged Use time: 60 minutes<\/p>","protected":false},"featured_media":23445,"template":"","meta":[],"product_brand":[],"product_cat":[1320,1305],"product_tag":[866],"class_list":{"0":"post-23329","1":"product","2":"type-product","3":"status-publish","4":"has-post-thumbnail","6":"product_cat-personal-care","7":"product_cat-xiaomi-eco","8":"product_tag-xiaomi-soocas-linglang-s3","10":"first","11":"instock","12":"shipping-taxable","13":"product-type-external"},"aioseo_notices":[],"aioseo_head":"\n\t\t<!-- All in One SEO Pro 4.5.9.2 - aioseo.com -->\n\t\t<meta name=\"description\" content=\"Key Features: \u25cf Powerful smooth surface \u25cf Innovative FT omnidirectional suspension technology \u25cf 3 cutting head 360 degree veneer \u25cf Dry and wet double shave \u25cf Battery capacity: 800 mAh \u25cf Charging time: 2 hours \u25cf Fully charged Use time: 60 minutes\" \/>\n\t\t<meta name=\"robots\" content=\"max-image-preview:large\" \/>\n\t\t<link rel=\"canonical\" href=\"https:\/\/www.rucashk.com\/es\/producto\/xiaomi-soocas-linglang-s3\/\" \/>\n\t\t<meta name=\"generator\" content=\"All in One SEO Pro (AIOSEO) 4.5.9.2\" \/>\n\t\t<meta property=\"og:locale\" content=\"es_ES\" \/>\n\t\t<meta property=\"og:site_name\" content=\"Rucas - One-stop AIoT Distribution Worldwide\" \/>\n\t\t<meta property=\"og:type\" content=\"article\" \/>\n\t\t<meta property=\"og:title\" content=\"Xiaomi SOOCAS Linglang S3 - Rucas - Wholesale and Distribution\" \/>\n\t\t<meta property=\"og:description\" content=\"Key Features: \u25cf Powerful smooth surface \u25cf Innovative FT omnidirectional suspension technology \u25cf 3 cutting head 360 degree veneer \u25cf Dry and wet double shave \u25cf Battery capacity: 800 mAh \u25cf Charging time: 2 hours \u25cf Fully charged Use time: 60 minutes\" \/>\n\t\t<meta property=\"og:url\" content=\"https:\/\/www.rucashk.com\/es\/producto\/xiaomi-soocas-linglang-s3\/\" \/>\n\t\t<meta property=\"og:image\" content=\"https:\/\/www.rucashk.com\/wp-content\/uploads\/replace\/503b8e645f128a97ccde2b6290747646.jpeg\" \/>\n\t\t<meta property=\"og:image:secure_url\" content=\"https:\/\/www.rucashk.com\/wp-content\/uploads\/replace\/503b8e645f128a97ccde2b6290747646.jpeg\" \/>\n\t\t<meta property=\"og:image:width\" content=\"1456\" \/>\n\t\t<meta property=\"og:image:height\" content=\"816\" \/>\n\t\t<meta property=\"article:published_time\" content=\"2024-01-09T15:53:30+00:00\" \/>\n\t\t<meta property=\"article:modified_time\" content=\"2024-03-13T07:00:03+00:00\" \/>\n\t\t<meta name=\"twitter:card\" content=\"summary_large_image\" \/>\n\t\t<meta name=\"twitter:title\" content=\"Xiaomi SOOCAS Linglang S3 - Rucas - Wholesale and Distribution\" \/>\n\t\t<meta name=\"twitter:description\" content=\"Key Features: \u25cf Powerful smooth surface \u25cf Innovative FT omnidirectional suspension technology \u25cf 3 cutting head 360 degree veneer \u25cf Dry and wet double shave \u25cf Battery capacity: 800 mAh \u25cf Charging time: 2 hours \u25cf Fully charged Use time: 60 minutes\" \/>\n\t\t<meta name=\"twitter:image\" content=\"https:\/\/www.rucashk.com\/wp-content\/uploads\/replace\/503b8e645f128a97ccde2b6290747646.jpeg\" \/>\n\t\t<script type=\"application\/ld+json\" class=\"aioseo-schema\">\n\t\t\t{\"@context\":\"https:\\\/\\\/schema.org\",\"@graph\":[{\"@type\":\"BreadcrumbList\",\"@id\":\"https:\\\/\\\/www.rucashk.com\\\/es\\\/producto\\\/xiaomi-soocas-linglang-s3\\\/#breadcrumblist\",\"itemListElement\":[{\"@type\":\"ListItem\",\"@id\":\"https:\\\/\\\/www.rucashk.com\\\/es\\\/#listItem\",\"position\":1,\"name\":\"Home\",\"item\":\"https:\\\/\\\/www.rucashk.com\\\/es\\\/\",\"nextItem\":\"https:\\\/\\\/www.rucashk.com\\\/es\\\/producto\\\/xiaomi-soocas-linglang-s3\\\/#listItem\"},{\"@type\":\"ListItem\",\"@id\":\"https:\\\/\\\/www.rucashk.com\\\/es\\\/producto\\\/xiaomi-soocas-linglang-s3\\\/#listItem\",\"position\":2,\"name\":\"Xiaomi\\u00a0SOOCAS\\u00a0Linglang S3\",\"previousItem\":\"https:\\\/\\\/www.rucashk.com\\\/es\\\/#listItem\"}]},{\"@type\":\"Organization\",\"@id\":\"https:\\\/\\\/www.rucashk.com\\\/es\\\/#organization\",\"name\":\"Rucas\",\"url\":\"https:\\\/\\\/www.rucashk.com\\\/es\\\/\",\"logo\":{\"@type\":\"ImageObject\",\"url\":\"https:\\\/\\\/www.rucashk.com\\\/wp-content\\\/uploads\\\/2023\\\/12\\\/Rucas_campany_logo.png\",\"@id\":\"https:\\\/\\\/www.rucashk.com\\\/es\\\/producto\\\/xiaomi-soocas-linglang-s3\\\/#organizationLogo\",\"width\":221,\"height\":65},\"image\":{\"@id\":\"https:\\\/\\\/www.rucashk.com\\\/es\\\/#organizationLogo\"}},{\"@type\":\"Person\",\"@id\":\"https:\\\/\\\/www.rucashk.com\\\/es\\\/author\\\/admin\\\/#author\",\"url\":\"https:\\\/\\\/www.rucashk.com\\\/es\\\/author\\\/admin\\\/\",\"name\":\"admin\",\"image\":{\"@type\":\"ImageObject\",\"@id\":\"https:\\\/\\\/www.rucashk.com\\\/es\\\/producto\\\/xiaomi-soocas-linglang-s3\\\/#authorImage\",\"url\":\"https:\\\/\\\/secure.gravatar.com\\\/avatar\\\/b7c8925b09a27e72b30232f8ecaadbd5af0f70a38c78096863fe51b64f031c24?s=96&d=mm&r=g\",\"width\":96,\"height\":96,\"caption\":\"admin\"}},{\"@type\":\"WebPage\",\"@id\":\"https:\\\/\\\/www.rucashk.com\\\/es\\\/producto\\\/xiaomi-soocas-linglang-s3\\\/#webpage\",\"url\":\"https:\\\/\\\/www.rucashk.com\\\/es\\\/producto\\\/xiaomi-soocas-linglang-s3\\\/\",\"name\":\"Xiaomi SOOCAS Linglang S3 - Rucas - Wholesale and Distribution\",\"description\":\"Key Features: \\u25cf Powerful smooth surface \\u25cf Innovative FT omnidirectional suspension technology \\u25cf 3 cutting head 360 degree veneer \\u25cf Dry and wet double shave \\u25cf Battery capacity: 800 mAh \\u25cf Charging time: 2 hours \\u25cf Fully charged Use time: 60 minutes\",\"inLanguage\":\"es-ES\",\"isPartOf\":{\"@id\":\"https:\\\/\\\/www.rucashk.com\\\/es\\\/#website\"},\"breadcrumb\":{\"@id\":\"https:\\\/\\\/www.rucashk.com\\\/es\\\/producto\\\/xiaomi-soocas-linglang-s3\\\/#breadcrumblist\"},\"author\":{\"@id\":\"https:\\\/\\\/www.rucashk.com\\\/es\\\/author\\\/admin\\\/#author\"},\"creator\":{\"@id\":\"https:\\\/\\\/www.rucashk.com\\\/es\\\/author\\\/admin\\\/#author\"},\"image\":{\"@type\":\"ImageObject\",\"url\":\"https:\\\/\\\/www.rucashk.com\\\/wp-content\\\/uploads\\\/2024\\\/01\\\/1-1-1.jpg\",\"@id\":\"https:\\\/\\\/www.rucashk.com\\\/es\\\/producto\\\/xiaomi-soocas-linglang-s3\\\/#mainImage\",\"width\":800,\"height\":800},\"primaryImageOfPage\":{\"@id\":\"https:\\\/\\\/www.rucashk.com\\\/es\\\/producto\\\/xiaomi-soocas-linglang-s3\\\/#mainImage\"},\"datePublished\":\"2024-01-09T15:53:30+00:00\",\"dateModified\":\"2024-03-13T07:00:03+00:00\"},{\"@type\":\"WebSite\",\"@id\":\"https:\\\/\\\/www.rucashk.com\\\/es\\\/#website\",\"url\":\"https:\\\/\\\/www.rucashk.com\\\/es\\\/\",\"name\":\"Rucas - Wholesale and distribution worldwide\",\"alternateName\":\"Rucas - One-stop AIoT Distribution Worldwide\",\"description\":\"One-stop AIoT Distribution Worldwide\",\"inLanguage\":\"es-ES\",\"publisher\":{\"@id\":\"https:\\\/\\\/www.rucashk.com\\\/es\\\/#organization\"}}]}\n\t\t<\/script>\n\t\t<!-- All in One SEO Pro -->\r\n\t\t<title>Xiaomi SOOCAS Linglang S3 - Rucas - Wholesale and Distribution<\/title>\n\n","aioseo_head_json":{"title":"Xiaomi SOOCAS Linglang S3 - Rucas - Wholesale and Distribution","description":"Key Features: \u25cf Powerful smooth surface \u25cf Innovative FT omnidirectional suspension technology \u25cf 3 cutting head 360 degree veneer \u25cf Dry and wet double shave \u25cf Battery capacity: 800 mAh \u25cf Charging time: 2 hours \u25cf Fully charged Use time: 60 minutes","canonical_url":"https:\/\/www.rucashk.com\/es\/producto\/xiaomi-soocas-linglang-s3\/","robots":"max-image-preview:large","keywords":"","webmasterTools":{"miscellaneous":""},"og:locale":"es_ES","og:site_name":"Rucas - One-stop AIoT Distribution Worldwide","og:type":"article","og:title":"Xiaomi SOOCAS Linglang S3 - Rucas - Wholesale and Distribution","og:description":"Key Features: \u25cf Powerful smooth surface \u25cf Innovative FT omnidirectional suspension technology \u25cf 3 cutting head 360 degree veneer \u25cf Dry and wet double shave \u25cf Battery capacity: 800 mAh \u25cf Charging time: 2 hours \u25cf Fully charged Use time: 60 minutes","og:url":"https:\/\/www.rucashk.com\/es\/producto\/xiaomi-soocas-linglang-s3\/","og:image":"https:\/\/www.rucashk.com\/wp-content\/uploads\/replace\/503b8e645f128a97ccde2b6290747646.jpeg","og:image:secure_url":"https:\/\/www.rucashk.com\/wp-content\/uploads\/replace\/503b8e645f128a97ccde2b6290747646.jpeg","og:image:width":1456,"og:image:height":816,"article:published_time":"2024-01-09T15:53:30+00:00","article:modified_time":"2024-03-13T07:00:03+00:00","twitter:card":"summary_large_image","twitter:title":"Xiaomi SOOCAS Linglang S3 - Rucas - Wholesale and Distribution","twitter:description":"Key Features: \u25cf Powerful smooth surface \u25cf Innovative FT omnidirectional suspension technology \u25cf 3 cutting head 360 degree veneer \u25cf Dry and wet double shave \u25cf Battery capacity: 800 mAh \u25cf Charging time: 2 hours \u25cf Fully charged Use time: 60 minutes","twitter:image":"https:\/\/www.rucashk.com\/wp-content\/uploads\/replace\/503b8e645f128a97ccde2b6290747646.jpeg","schema":{"@context":"https:\/\/schema.org","@graph":[{"@type":"BreadcrumbList","@id":"https:\/\/www.rucashk.com\/es\/producto\/xiaomi-soocas-linglang-s3\/#breadcrumblist","itemListElement":[{"@type":"ListItem","@id":"https:\/\/www.rucashk.com\/es\/#listItem","position":1,"name":"Home","item":"https:\/\/www.rucashk.com\/es\/","nextItem":"https:\/\/www.rucashk.com\/es\/producto\/xiaomi-soocas-linglang-s3\/#listItem"},{"@type":"ListItem","@id":"https:\/\/www.rucashk.com\/es\/producto\/xiaomi-soocas-linglang-s3\/#listItem","position":2,"name":"Xiaomi\u00a0SOOCAS\u00a0Linglang S3","previousItem":"https:\/\/www.rucashk.com\/es\/#listItem"}]},{"@type":"Organization","@id":"https:\/\/www.rucashk.com\/es\/#organization","name":"Rucas","url":"https:\/\/www.rucashk.com\/es\/","logo":{"@type":"ImageObject","url":"https:\/\/www.rucashk.com\/wp-content\/uploads\/2023\/12\/Rucas_campany_logo.png","@id":"https:\/\/www.rucashk.com\/es\/producto\/xiaomi-soocas-linglang-s3\/#organizationLogo","width":221,"height":65},"image":{"@id":"https:\/\/www.rucashk.com\/es\/#organizationLogo"}},{"@type":"Person","@id":"https:\/\/www.rucashk.com\/es\/author\/admin\/#author","url":"https:\/\/www.rucashk.com\/es\/author\/admin\/","name":"admin","image":{"@type":"ImageObject","@id":"https:\/\/www.rucashk.com\/es\/producto\/xiaomi-soocas-linglang-s3\/#authorImage","url":"https:\/\/secure.gravatar.com\/avatar\/b7c8925b09a27e72b30232f8ecaadbd5af0f70a38c78096863fe51b64f031c24?s=96&d=mm&r=g","width":96,"height":96,"caption":"admin"}},{"@type":"WebPage","@id":"https:\/\/www.rucashk.com\/es\/producto\/xiaomi-soocas-linglang-s3\/#webpage","url":"https:\/\/www.rucashk.com\/es\/producto\/xiaomi-soocas-linglang-s3\/","name":"Xiaomi SOOCAS Linglang S3 - Rucas - Wholesale and Distribution","description":"Key Features: \u25cf Powerful smooth surface \u25cf Innovative FT omnidirectional suspension technology \u25cf 3 cutting head 360 degree veneer \u25cf Dry and wet double shave \u25cf Battery capacity: 800 mAh \u25cf Charging time: 2 hours \u25cf Fully charged Use time: 60 minutes","inLanguage":"es-ES","isPartOf":{"@id":"https:\/\/www.rucashk.com\/es\/#website"},"breadcrumb":{"@id":"https:\/\/www.rucashk.com\/es\/producto\/xiaomi-soocas-linglang-s3\/#breadcrumblist"},"author":{"@id":"https:\/\/www.rucashk.com\/es\/author\/admin\/#author"},"creator":{"@id":"https:\/\/www.rucashk.com\/es\/author\/admin\/#author"},"image":{"@type":"ImageObject","url":"https:\/\/www.rucashk.com\/wp-content\/uploads\/2024\/01\/1-1-1.jpg","@id":"https:\/\/www.rucashk.com\/es\/producto\/xiaomi-soocas-linglang-s3\/#mainImage","width":800,"height":800},"primaryImageOfPage":{"@id":"https:\/\/www.rucashk.com\/es\/producto\/xiaomi-soocas-linglang-s3\/#mainImage"},"datePublished":"2024-01-09T15:53:30+00:00","dateModified":"2024-03-13T07:00:03+00:00"},{"@type":"WebSite","@id":"https:\/\/www.rucashk.com\/es\/#website","url":"https:\/\/www.rucashk.com\/es\/","name":"Rucas - Wholesale and distribution worldwide","alternateName":"Rucas - One-stop AIoT Distribution Worldwide","description":"One-stop AIoT Distribution Worldwide","inLanguage":"es-ES","publisher":{"@id":"https:\/\/www.rucashk.com\/es\/#organization"}}]}},"aioseo_meta_data":{"post_id":"23329","title":null,"description":null,"keywords":null,"keyphrases":null,"primary_term":null,"canonical_url":null,"og_title":null,"og_description":null,"og_object_type":"default","og_image_type":"default","og_image_url":null,"og_image_width":null,"og_image_height":null,"og_image_custom_url":null,"og_image_custom_fields":null,"og_video":null,"og_custom_url":null,"og_article_section":null,"og_article_tags":null,"twitter_use_og":false,"twitter_card":"default","twitter_image_type":"default","twitter_image_url":null,"twitter_image_custom_url":null,"twitter_image_custom_fields":null,"twitter_title":null,"twitter_description":null,"schema":{"blockGraphs":[],"customGraphs":[],"default":{"data":{"Article":[],"Course":[],"Dataset":[],"FAQPage":[],"Movie":[],"Person":[],"Product":[],"Recipe":[],"Service":[],"SoftwareApplication":[],"WebPage":[]},"graphName":"","isEnabled":true},"graphs":[]},"schema_type":"default","schema_type_options":null,"pillar_content":false,"robots_default":true,"robots_noindex":false,"robots_noarchive":false,"robots_nosnippet":false,"robots_nofollow":false,"robots_noimageindex":false,"robots_noodp":false,"robots_notranslate":false,"robots_max_snippet":null,"robots_max_videopreview":null,"robots_max_imagepreview":"large","priority":null,"frequency":null,"local_seo":null,"breadcrumb_settings":null,"limit_modified_date":false,"created":"2024-04-11 01:55:29","updated":"2025-06-22 17:04:59"},"aioseo_breadcrumb":"<div class=\"aioseo-breadcrumbs\"><span class=\"aioseo-breadcrumb\">\n\t<a href=\"https:\/\/www.rucashk.com\/es\" title=\"Home\">Home<\/a>\n<\/span><span class=\"aioseo-breadcrumb-separator\">&raquo;<\/span><span class=\"aioseo-breadcrumb\">\n\t<a href=\"https:\/\/www.rucashk.com\/es\/products\/\" title=\"Productos\">Productos<\/a>\n<\/span><span class=\"aioseo-breadcrumb-separator\">&raquo;<\/span><span class=\"aioseo-breadcrumb\">\n\t<a href=\"https:\/\/www.rucashk.com\/es\/categoria-producto\/xiaomi-eco\/\" title=\"Xiaomi Eco\">Xiaomi Eco<\/a>\n<\/span><span class=\"aioseo-breadcrumb-separator\">&raquo;<\/span><span class=\"aioseo-breadcrumb\">\n\t<a href=\"https:\/\/www.rucashk.com\/es\/categoria-producto\/xiaomi-eco\/personal-care\/\" title=\"Personal Care\">Personal Care<\/a>\n<\/span><span class=\"aioseo-breadcrumb-separator\">&raquo;<\/span><span class=\"aioseo-breadcrumb\">\n\tXiaomi\u00a0SOOCAS\u00a0Linglang S3\n<\/span><\/div>","aioseo_breadcrumb_json":[{"label":"Home","link":"https:\/\/www.rucashk.com\/es"},{"label":"Productos","link":"https:\/\/www.rucashk.com\/es\/products\/"},{"label":"Xiaomi Eco","link":"https:\/\/www.rucashk.com\/es\/categoria-producto\/xiaomi-eco\/"},{"label":"Personal Care","link":"https:\/\/www.rucashk.com\/es\/categoria-producto\/xiaomi-eco\/personal-care\/"},{"label":"Xiaomi\u00a0SOOCAS\u00a0Linglang S3","link":"https:\/\/www.rucashk.com\/es\/producto\/xiaomi-soocas-linglang-s3\/"}],"_links":{"self":[{"href":"https:\/\/www.rucashk.com\/es\/wp-json\/wp\/v2\/product\/23329","targetHints":{"allow":["GET"]}}],"collection":[{"href":"https:\/\/www.rucashk.com\/es\/wp-json\/wp\/v2\/product"}],"about":[{"href":"https:\/\/www.rucashk.com\/es\/wp-json\/wp\/v2\/types\/product"}],"wp:featuredmedia":[{"embeddable":true,"href":"https:\/\/www.rucashk.com\/es\/wp-json\/wp\/v2\/media\/23445"}],"wp:attachment":[{"href":"https:\/\/www.rucashk.com\/es\/wp-json\/wp\/v2\/media?parent=23329"}],"wp:term":[{"taxonomy":"product_brand","embeddable":true,"href":"https:\/\/www.rucashk.com\/es\/wp-json\/wp\/v2\/product_brand?post=23329"},{"taxonomy":"product_cat","embeddable":true,"href":"https:\/\/www.rucashk.com\/es\/wp-json\/wp\/v2\/product_cat?post=23329"},{"taxonomy":"product_tag","embeddable":true,"href":"https:\/\/www.rucashk.com\/es\/wp-json\/wp\/v2\/product_tag?post=23329"}],"curies":[{"name":"wp","href":"https:\/\/api.w.org\/{rel}","templated":true}]}}