{"id":23290,"date":"2024-01-09T15:53:06","date_gmt":"2024-01-09T15:53:06","guid":{"rendered":"http:\/\/rucashk.com\/?post_type=product&#038;p=23290"},"modified":"2024-03-13T07:03:25","modified_gmt":"2024-03-13T07:03:25","slug":"huawei-honor-tws-moecen-x1","status":"publish","type":"product","link":"https:\/\/www.rucashk.com\/es\/producto\/huawei-honor-tws-moecen-x1\/","title":{"rendered":"Huawei Honor TWS Moecen X1"},"content":{"rendered":"<h2 style=\"text-align: center\">Huawei Honor TWS Moecen X1<\/h2>\n<p style=\"text-align: center\"><img fetchpriority=\"high\" decoding=\"async\" class=\"alignnone\" src=\"\/wp-content\/uploads\/replace\/414f6eccb3421d02ef5efb75483934d7.jpeg\" alt=\"Huawei Honor TWS Moecen X1\" width=\"949\" height=\"80\" \/><\/p>\n<p style=\"text-align: center\"><img decoding=\"async\" class=\"alignnone wp-image-16716 size-full\" src=\"\/wp-content\/uploads\/replace\/d86e4b0d6d6bfc2390c7d459382a2f41.png\" alt=\"Huawei Honor TWS Moecen X1\" width=\"763\" height=\"639\" \/><img decoding=\"async\" class=\"alignnone\" src=\"\/wp-content\/uploads\/replace\/efdbb3583f09fc4b500cd8628b750c7e.jpeg\" alt=\"Huawei Honor TWS Moecen X1\" width=\"950\" height=\"80\" \/><\/p>\n<p style=\"text-align: center\" data-spm-anchor-id=\"a2g0o.detail.1000023.i4.5c5a756a4Ho0rS\"><strong>Auriculares <a href=\"https:\/\/www.rucashk.com\/es\/huawei-tws-honor-moecen-x1-starts-pre-sale\/\" class=\"\" style=\"width: auto !important\" data-wpil-post-to-id=\"16883\">Honor X1<\/a><\/strong><\/p>\n<div style=\"text-align: center\"><a href=\"https:\/\/www.rucashk.com\/es\/xiaomi-true-wireless-bluetooth-headset-air2-se-with-endurance-of-20-hours-is-released\/\" class=\"\" style=\"width: auto !important\" data-wpil-post-to-id=\"8073\">Verdadero est\u00e9reo inal\u00e1mbrico | D Ual M Micr\u00f3fonos L Ow L Fitness | 24 horas<\/a> en adulaci\u00f3n l ife<\/div>\n<div>\n<p style=\"text-align: center\"><img loading=\"lazy\" decoding=\"async\" class=\"alignnone\" src=\"\/wp-content\/uploads\/replace\/5e2e62df111f52fd8f823192338e66b0.jpeg\" alt=\"Huawei Honor TWS Moecen X1\" width=\"1000\" height=\"429\" \/><\/p>\n<div style=\"text-align: center\" data-spm-anchor-id=\"a2g0o.detail.1000023.i6.5c5a756a4Ho0rS\"><strong>Seis razones por las que te encantar\u00e1n los auriculares inal\u00e1mbricos Honor Choice<\/strong><\/div>\n<div style=\"text-align: center\"><\/div>\n<div>\n<div style=\"text-align: center\">Tecnolog\u00eda de transmisi\u00f3n de doble canal y baja latencia<\/div>\n<div style=\"text-align: center\">Duraci\u00f3n de la bater\u00eda de 24 horas<\/div>\n<div style=\"text-align: center\">Reducci\u00f3n de ruido dual para llamadas<\/div>\n<div style=\"text-align: center\">Emparejamiento autom\u00e1tico instant\u00e1neo<\/div>\n<div style=\"text-align: center\">Alta calidad de sonido<\/div>\n<div style=\"text-align: center\">Control t\u00e1ctil intuitivo<\/div>\n<div style=\"text-align: center\"><img loading=\"lazy\" decoding=\"async\" class=\"alignnone\" src=\"\/wp-content\/uploads\/replace\/fd67b7fefe83027949daa83993badd1c.jpeg\" alt=\"Huawei Honor TWS Moecen X1\" width=\"930\" height=\"1157\" \/><\/div>\n<div>\n<div style=\"text-align: center\" data-spm-anchor-id=\"a2g0o.detail.1000023.i8.5c5a756a4Ho0rS\"><strong>Robusta transmisi\u00f3n de doble canal de baja latencia<\/strong><\/div>\n<div style=\"text-align: center\"><\/div>\n<div style=\"text-align: center\">Prep\u00e1rese para una escucha excepcional. Gracias a la tecnolog\u00eda recientemente desarrollada de transmisi\u00f3n de doble canal a trav\u00e9s de Bluetooth 5.0, ambos auriculares funcionan simult\u00e1neamente para garantizar la sincronizaci\u00f3n simult\u00e1nea de las se\u00f1ales de audio de ambos o\u00eddos.<\/div>\n<div>\n<p style=\"text-align: center\"><img loading=\"lazy\" decoding=\"async\" class=\"alignnone\" src=\"\/wp-content\/uploads\/replace\/10aecc157329073d9589635cfc58b35d.jpeg\" alt=\"Huawei Honor TWS Moecen X1\" width=\"930\" height=\"1195\" \/><\/p>\n<div style=\"text-align: center\" data-spm-anchor-id=\"a2g0o.detail.1000023.i10.5c5a756a4Ho0rS\"><strong>Reproducci\u00f3n de audio combinada las 24 horas<\/strong><\/div>\n<div style=\"text-align: center\"><\/div>\n<div style=\"text-align: center\">Con una sola carga, los auriculares inal\u00e1mbricos HONOR Choice te permiten transmitir datos de forma continua durante 6 horas. El estuche de carga tiene capacidad para tres cargas completas m\u00e1s, lo que le brinda otras 18 horas de reproducci\u00f3n, lo que significa que los auriculares y el estuche de carga pueden brindar hasta 24 horas de reproducci\u00f3n total.<\/div>\n<div>\n<p style=\"text-align: center\"><img loading=\"lazy\" decoding=\"async\" class=\"alignnone\" src=\"\/wp-content\/uploads\/replace\/234a710040008c388cfa75cf02f6277a.jpeg\" alt=\"Huawei Honor TWS Moecen X1\" width=\"930\" height=\"750\" \/><\/p>\n<div style=\"text-align: center\" data-spm-anchor-id=\"a2g0o.detail.1000023.i12.5c5a756a4Ho0rS\"><strong>Reducci\u00f3n de ruido dual para llamadas<\/strong><\/div>\n<div style=\"text-align: center\"><\/div>\n<div style=\"text-align: center\">Los dos auriculares incluyen un total de 4 micr\u00f3fonos, alimentados por tecnolog\u00eda de procesamiento de se\u00f1al digital para determinar qu\u00e9 dicen otras palabras de la noche y separarlas del ruido externo para que puedas escuchar la conversaci\u00f3n, no el ruido.<\/div>\n<div>\n<p style=\"text-align: center\"><img loading=\"lazy\" decoding=\"async\" class=\"alignnone\" src=\"\/wp-content\/uploads\/replace\/137ce937d79c4839f3bb556c29d81156.jpeg\" alt=\"Huawei Honor TWS Moecen X1\" width=\"930\" height=\"663\" \/><img loading=\"lazy\" decoding=\"async\" class=\"alignnone\" src=\"\/wp-content\/uploads\/replace\/878affae92a63deddd2e5bfbba55025b.jpeg\" alt=\"Huawei Honor TWS Moecen X1\" width=\"930\" height=\"1053\" \/><img loading=\"lazy\" decoding=\"async\" class=\"alignnone\" src=\"\/wp-content\/uploads\/replace\/3df277415b24beb0c63ec3496e1d286d.jpeg\" alt=\"Huawei Honor TWS Moecen X1\" width=\"930\" height=\"1307\" \/><\/p>\n<p style=\"text-align: center\">Auriculares duales en eqAuriculares duales<\/p>\n<div style=\"text-align: center\" data-spm-anchor-id=\"a2g0o.detail.1000023.i1.17cf6530YiKZmD\"><strong>Auriculares duales en igualdad de condiciones<\/strong><\/div>\n<div style=\"text-align: center\" data-spm-anchor-id=\"a2g0o.detail.1000023.i1.17cf6530YiKZmD\"><\/div>\n<div style=\"text-align: center\">Con TWS Earbus, puede quitarse cualquier auricular. Sin tener que cambiar al auricular &quot;principal&quot; en la configuraci\u00f3n de Bluetooth.<\/div>\n<div>\n<p style=\"text-align: center\"><img loading=\"lazy\" decoding=\"async\" class=\"alignnone\" src=\"\/wp-content\/uploads\/replace\/afc5957637d56b6cb6b3b88475bd869f.jpeg\" alt=\"Huawei Honor TWS Moecen X1\" width=\"930\" height=\"488\" \/><\/p>\n<p style=\"text-align: center\" data-spm-anchor-id=\"a2g0o.detail.1000023.i19.5c5a756a4Ho0rS\"><strong>Certificaci\u00f3n IP54 a prueba de salpicaduras y polvo<\/strong><\/p>\n<p style=\"text-align: center\">Con una clasificaci\u00f3n de IP54, la l\u00e1mpara se roc\u00eda o el sudor no puede impedir que permanezcas en la zona con tus canciones favoritas. As\u00ed que mant\u00e9n la calma y rockea.<\/p>\n<p style=\"text-align: center\"><img loading=\"lazy\" decoding=\"async\" class=\"alignnone\" src=\"\/wp-content\/uploads\/replace\/966aa8a2106373b69ec8038f1c3c60f5.jpeg\" alt=\"Huawei Honor TWS Moecen X1\" width=\"930\" height=\"586\" \/><img loading=\"lazy\" decoding=\"async\" class=\"alignnone\" src=\"\/wp-content\/uploads\/replace\/ebd813e2f2e3782fb1ea40eaaaf95c5a.jpeg\" alt=\"Huawei Honor TWS Moecen X1\" width=\"930\" height=\"1158\" \/><img loading=\"lazy\" decoding=\"async\" class=\"alignnone\" src=\"\/wp-content\/uploads\/replace\/32c1f2c5f58dcfca29fa9d5f6651cb05.jpeg\" alt=\"Huawei Honor TWS Moecen X1\" width=\"930\" height=\"1180\" \/><img loading=\"lazy\" decoding=\"async\" class=\"alignnone\" src=\"\/wp-content\/uploads\/replace\/ed52879a4854dee0241afb9b041688f1.jpeg\" alt=\"Huawei Honor TWS Moecen X1\" width=\"5000\" height=\"3334\" \/><img loading=\"lazy\" decoding=\"async\" class=\"alignnone\" src=\"\/wp-content\/uploads\/replace\/a445291e3001dddcb7d3a772a3ea1219.jpeg\" alt=\"Huawei Honor TWS Moecen X1\" width=\"5000\" height=\"3333\" \/><\/p>\n<p style=\"text-align: center\">\n<\/div>\n<\/div>\n<\/div>\n<\/div>\n<\/div>\n<\/div>\n<\/div>","protected":false},"excerpt":{"rendered":"<div>\n<div><strong>Especificaciones:<\/strong><\/div>\n<div><strong>Modelo del Producto:<\/strong>\u00a0Auriculares X1<\/div>\n<div><\/div>\n<div><strong>Color:<\/strong>\u00a0Blanco<\/div>\n<div><\/div>\n<div><strong>Peso neto:<\/strong>\u00a047,1g<\/div>\n<div><\/div>\n<div><strong>Conexi\u00f3n inal\u00e1mbrica:<\/strong>\u00a0bluetooth 5.0<\/div>\n<div><\/div>\n<div><strong>Duraci\u00f3n de la bater\u00eda:<\/strong>\u00a05 horas de reproducci\u00f3n de m\u00fasica, hasta 24 horas cuando se usa con un estuche de carga<\/div>\n<div><\/div>\n<div><strong>Protocolo Bluetooth:<\/strong>\u00a0BLE\/HFP\/AVRCP<\/div>\n<div><\/div>\n<div><strong>Soporte de codificador:<\/strong>\u00a0SBC y CAA<\/div>\n<div><\/div>\n<div><strong>Impedancia del altavoz:<\/strong>\u00a016 ohmios<\/div>\n<div><\/div>\n<div><strong>Bater\u00eda de auriculares:<\/strong>\u00a055mAh<\/div>\n<div><\/div>\n<div><strong>Estuche de carga de bater\u00eda:<\/strong>\u00a0500mAh<\/div>\n<div><\/div>\n<div><strong>Est\u00e1ndar de implementaci\u00f3n:<\/strong>\u00a0Q\/JH 2-2020<\/div>\n<\/div>\n<div data-spm-anchor-id=\"a2g0o.detail.1000023.i25.5c5a756a4Ho0rS\"><\/div>","protected":false},"featured_media":23423,"template":"","meta":[],"product_brand":[],"product_cat":[1345,1322],"product_tag":[861],"class_list":{"0":"post-23290","1":"product","2":"type-product","3":"status-publish","4":"has-post-thumbnail","6":"product_cat-huawei-other-a-brands","7":"product_cat-other-a-brands","8":"product_tag-huawei-honor-tws-moecen-x1","10":"first","11":"instock","12":"shipping-taxable","13":"product-type-external"},"aioseo_notices":[],"aioseo_head":"\n\t\t<!-- All in One SEO Pro 4.5.9.2 - aioseo.com -->\n\t\t<meta name=\"description\" content=\"Specifications: Product Model: Headphones X1 Color: White Net Weight: 47.1g Wireless Connection: Bluetooth 5.0 Battery Life: 5 hours music playback, up to 24 hours when used with a charging case Bluetooth Protocol: BLE \/ HFP \/ AVRCP Encoder Support: SBC and AAC Speaker impedance: 16 ohms Headphone Battery: 55mAh Battery Charging Case: 500mAh Implementation Standard: Q \/ JH 2-2020\" \/>\n\t\t<meta name=\"robots\" content=\"max-image-preview:large\" \/>\n\t\t<link rel=\"canonical\" href=\"https:\/\/www.rucashk.com\/es\/producto\/huawei-honor-tws-moecen-x1\/\" \/>\n\t\t<meta name=\"generator\" content=\"All in One SEO Pro (AIOSEO) 4.5.9.2\" \/>\n\t\t<meta property=\"og:locale\" content=\"es_ES\" \/>\n\t\t<meta property=\"og:site_name\" content=\"Rucas - One-stop AIoT Distribution Worldwide\" \/>\n\t\t<meta property=\"og:type\" content=\"article\" \/>\n\t\t<meta property=\"og:title\" content=\"Huawei Honor TWS Moecen X1 - Rucas - Wholesale and Distribution\" \/>\n\t\t<meta property=\"og:description\" content=\"Specifications: Product Model: Headphones X1 Color: White Net Weight: 47.1g Wireless Connection: Bluetooth 5.0 Battery Life: 5 hours music playback, up to 24 hours when used with a charging case Bluetooth Protocol: BLE \/ HFP \/ AVRCP Encoder Support: SBC and AAC Speaker impedance: 16 ohms Headphone Battery: 55mAh Battery Charging Case: 500mAh Implementation Standard: Q \/ JH 2-2020\" \/>\n\t\t<meta property=\"og:url\" content=\"https:\/\/www.rucashk.com\/es\/producto\/huawei-honor-tws-moecen-x1\/\" \/>\n\t\t<meta property=\"og:image\" content=\"https:\/\/www.rucashk.com\/wp-content\/uploads\/replace\/503b8e645f128a97ccde2b6290747646.jpeg\" \/>\n\t\t<meta property=\"og:image:secure_url\" content=\"https:\/\/www.rucashk.com\/wp-content\/uploads\/replace\/503b8e645f128a97ccde2b6290747646.jpeg\" \/>\n\t\t<meta property=\"og:image:width\" content=\"1456\" \/>\n\t\t<meta property=\"og:image:height\" content=\"816\" \/>\n\t\t<meta property=\"article:published_time\" content=\"2024-01-09T15:53:06+00:00\" \/>\n\t\t<meta property=\"article:modified_time\" content=\"2024-03-13T07:03:25+00:00\" \/>\n\t\t<meta name=\"twitter:card\" content=\"summary_large_image\" \/>\n\t\t<meta name=\"twitter:title\" content=\"Huawei Honor TWS Moecen X1 - Rucas - Wholesale and Distribution\" \/>\n\t\t<meta name=\"twitter:description\" content=\"Specifications: Product Model: Headphones X1 Color: White Net Weight: 47.1g Wireless Connection: Bluetooth 5.0 Battery Life: 5 hours music playback, up to 24 hours when used with a charging case Bluetooth Protocol: BLE \/ HFP \/ AVRCP Encoder Support: SBC and AAC Speaker impedance: 16 ohms Headphone Battery: 55mAh Battery Charging Case: 500mAh Implementation Standard: Q \/ JH 2-2020\" \/>\n\t\t<meta name=\"twitter:image\" content=\"https:\/\/www.rucashk.com\/wp-content\/uploads\/replace\/503b8e645f128a97ccde2b6290747646.jpeg\" \/>\n\t\t<script type=\"application\/ld+json\" class=\"aioseo-schema\">\n\t\t\t{\"@context\":\"https:\\\/\\\/schema.org\",\"@graph\":[{\"@type\":\"BreadcrumbList\",\"@id\":\"https:\\\/\\\/www.rucashk.com\\\/es\\\/producto\\\/huawei-honor-tws-moecen-x1\\\/#breadcrumblist\",\"itemListElement\":[{\"@type\":\"ListItem\",\"@id\":\"https:\\\/\\\/www.rucashk.com\\\/es\\\/#listItem\",\"position\":1,\"name\":\"Home\",\"item\":\"https:\\\/\\\/www.rucashk.com\\\/es\\\/\",\"nextItem\":\"https:\\\/\\\/www.rucashk.com\\\/es\\\/producto\\\/huawei-honor-tws-moecen-x1\\\/#listItem\"},{\"@type\":\"ListItem\",\"@id\":\"https:\\\/\\\/www.rucashk.com\\\/es\\\/producto\\\/huawei-honor-tws-moecen-x1\\\/#listItem\",\"position\":2,\"name\":\"Huawei Honor TWS Moecen X1\",\"previousItem\":\"https:\\\/\\\/www.rucashk.com\\\/es\\\/#listItem\"}]},{\"@type\":\"Organization\",\"@id\":\"https:\\\/\\\/www.rucashk.com\\\/es\\\/#organization\",\"name\":\"Rucas\",\"url\":\"https:\\\/\\\/www.rucashk.com\\\/es\\\/\",\"logo\":{\"@type\":\"ImageObject\",\"url\":\"https:\\\/\\\/www.rucashk.com\\\/wp-content\\\/uploads\\\/2023\\\/12\\\/Rucas_campany_logo.png\",\"@id\":\"https:\\\/\\\/www.rucashk.com\\\/es\\\/producto\\\/huawei-honor-tws-moecen-x1\\\/#organizationLogo\",\"width\":221,\"height\":65},\"image\":{\"@id\":\"https:\\\/\\\/www.rucashk.com\\\/es\\\/#organizationLogo\"}},{\"@type\":\"Person\",\"@id\":\"https:\\\/\\\/www.rucashk.com\\\/es\\\/author\\\/admin\\\/#author\",\"url\":\"https:\\\/\\\/www.rucashk.com\\\/es\\\/author\\\/admin\\\/\",\"name\":\"admin\",\"image\":{\"@type\":\"ImageObject\",\"@id\":\"https:\\\/\\\/www.rucashk.com\\\/es\\\/producto\\\/huawei-honor-tws-moecen-x1\\\/#authorImage\",\"url\":\"https:\\\/\\\/secure.gravatar.com\\\/avatar\\\/b7c8925b09a27e72b30232f8ecaadbd5af0f70a38c78096863fe51b64f031c24?s=96&d=mm&r=g\",\"width\":96,\"height\":96,\"caption\":\"admin\"}},{\"@type\":\"WebPage\",\"@id\":\"https:\\\/\\\/www.rucashk.com\\\/es\\\/producto\\\/huawei-honor-tws-moecen-x1\\\/#webpage\",\"url\":\"https:\\\/\\\/www.rucashk.com\\\/es\\\/producto\\\/huawei-honor-tws-moecen-x1\\\/\",\"name\":\"Huawei Honor TWS Moecen X1 - Rucas - Wholesale and Distribution\",\"description\":\"Specifications: Product Model: Headphones X1 Color: White Net Weight: 47.1g Wireless Connection: Bluetooth 5.0 Battery Life: 5 hours music playback, up to 24 hours when used with a charging case Bluetooth Protocol: BLE \\\/ HFP \\\/ AVRCP Encoder Support: SBC and AAC Speaker impedance: 16 ohms Headphone Battery: 55mAh Battery Charging Case: 500mAh Implementation Standard: Q \\\/ JH 2-2020\",\"inLanguage\":\"es-ES\",\"isPartOf\":{\"@id\":\"https:\\\/\\\/www.rucashk.com\\\/es\\\/#website\"},\"breadcrumb\":{\"@id\":\"https:\\\/\\\/www.rucashk.com\\\/es\\\/producto\\\/huawei-honor-tws-moecen-x1\\\/#breadcrumblist\"},\"author\":{\"@id\":\"https:\\\/\\\/www.rucashk.com\\\/es\\\/author\\\/admin\\\/#author\"},\"creator\":{\"@id\":\"https:\\\/\\\/www.rucashk.com\\\/es\\\/author\\\/admin\\\/#author\"},\"image\":{\"@type\":\"ImageObject\",\"url\":\"https:\\\/\\\/www.rucashk.com\\\/wp-content\\\/uploads\\\/2024\\\/01\\\/3-3.jpg\",\"@id\":\"https:\\\/\\\/www.rucashk.com\\\/es\\\/producto\\\/huawei-honor-tws-moecen-x1\\\/#mainImage\",\"width\":800,\"height\":800},\"primaryImageOfPage\":{\"@id\":\"https:\\\/\\\/www.rucashk.com\\\/es\\\/producto\\\/huawei-honor-tws-moecen-x1\\\/#mainImage\"},\"datePublished\":\"2024-01-09T15:53:06+00:00\",\"dateModified\":\"2024-03-13T07:03:25+00:00\"},{\"@type\":\"WebSite\",\"@id\":\"https:\\\/\\\/www.rucashk.com\\\/es\\\/#website\",\"url\":\"https:\\\/\\\/www.rucashk.com\\\/es\\\/\",\"name\":\"Rucas - Wholesale and distribution worldwide\",\"alternateName\":\"Rucas - One-stop AIoT Distribution Worldwide\",\"description\":\"One-stop AIoT Distribution Worldwide\",\"inLanguage\":\"es-ES\",\"publisher\":{\"@id\":\"https:\\\/\\\/www.rucashk.com\\\/es\\\/#organization\"}}]}\n\t\t<\/script>\n\t\t<!-- All in One SEO Pro -->\r\n\t\t<title>Huawei Honor TWS Moecen X1 - Rucas - Wholesale and Distribution<\/title>\n\n","aioseo_head_json":{"title":"Huawei Honor TWS Moecen X1 - Rucas - Wholesale and Distribution","description":"Specifications: Product Model: Headphones X1 Color: White Net Weight: 47.1g Wireless Connection: Bluetooth 5.0 Battery Life: 5 hours music playback, up to 24 hours when used with a charging case Bluetooth Protocol: BLE \/ HFP \/ AVRCP Encoder Support: SBC and AAC Speaker impedance: 16 ohms Headphone Battery: 55mAh Battery Charging Case: 500mAh Implementation Standard: Q \/ JH 2-2020","canonical_url":"https:\/\/www.rucashk.com\/es\/producto\/huawei-honor-tws-moecen-x1\/","robots":"max-image-preview:large","keywords":"","webmasterTools":{"miscellaneous":""},"og:locale":"es_ES","og:site_name":"Rucas - One-stop AIoT Distribution Worldwide","og:type":"article","og:title":"Huawei Honor TWS Moecen X1 - Rucas - Wholesale and Distribution","og:description":"Specifications: Product Model: Headphones X1 Color: White Net Weight: 47.1g Wireless Connection: Bluetooth 5.0 Battery Life: 5 hours music playback, up to 24 hours when used with a charging case Bluetooth Protocol: BLE \/ HFP \/ AVRCP Encoder Support: SBC and AAC Speaker impedance: 16 ohms Headphone Battery: 55mAh Battery Charging Case: 500mAh Implementation Standard: Q \/ JH 2-2020","og:url":"https:\/\/www.rucashk.com\/es\/producto\/huawei-honor-tws-moecen-x1\/","og:image":"https:\/\/www.rucashk.com\/wp-content\/uploads\/replace\/503b8e645f128a97ccde2b6290747646.jpeg","og:image:secure_url":"https:\/\/www.rucashk.com\/wp-content\/uploads\/replace\/503b8e645f128a97ccde2b6290747646.jpeg","og:image:width":1456,"og:image:height":816,"article:published_time":"2024-01-09T15:53:06+00:00","article:modified_time":"2024-03-13T07:03:25+00:00","twitter:card":"summary_large_image","twitter:title":"Huawei Honor TWS Moecen X1 - Rucas - Wholesale and Distribution","twitter:description":"Specifications: Product Model: Headphones X1 Color: White Net Weight: 47.1g Wireless Connection: Bluetooth 5.0 Battery Life: 5 hours music playback, up to 24 hours when used with a charging case Bluetooth Protocol: BLE \/ HFP \/ AVRCP Encoder Support: SBC and AAC Speaker impedance: 16 ohms Headphone Battery: 55mAh Battery Charging Case: 500mAh Implementation Standard: Q \/ JH 2-2020","twitter:image":"https:\/\/www.rucashk.com\/wp-content\/uploads\/replace\/503b8e645f128a97ccde2b6290747646.jpeg","schema":{"@context":"https:\/\/schema.org","@graph":[{"@type":"BreadcrumbList","@id":"https:\/\/www.rucashk.com\/es\/producto\/huawei-honor-tws-moecen-x1\/#breadcrumblist","itemListElement":[{"@type":"ListItem","@id":"https:\/\/www.rucashk.com\/es\/#listItem","position":1,"name":"Home","item":"https:\/\/www.rucashk.com\/es\/","nextItem":"https:\/\/www.rucashk.com\/es\/producto\/huawei-honor-tws-moecen-x1\/#listItem"},{"@type":"ListItem","@id":"https:\/\/www.rucashk.com\/es\/producto\/huawei-honor-tws-moecen-x1\/#listItem","position":2,"name":"Huawei Honor TWS Moecen X1","previousItem":"https:\/\/www.rucashk.com\/es\/#listItem"}]},{"@type":"Organization","@id":"https:\/\/www.rucashk.com\/es\/#organization","name":"Rucas","url":"https:\/\/www.rucashk.com\/es\/","logo":{"@type":"ImageObject","url":"https:\/\/www.rucashk.com\/wp-content\/uploads\/2023\/12\/Rucas_campany_logo.png","@id":"https:\/\/www.rucashk.com\/es\/producto\/huawei-honor-tws-moecen-x1\/#organizationLogo","width":221,"height":65},"image":{"@id":"https:\/\/www.rucashk.com\/es\/#organizationLogo"}},{"@type":"Person","@id":"https:\/\/www.rucashk.com\/es\/author\/admin\/#author","url":"https:\/\/www.rucashk.com\/es\/author\/admin\/","name":"admin","image":{"@type":"ImageObject","@id":"https:\/\/www.rucashk.com\/es\/producto\/huawei-honor-tws-moecen-x1\/#authorImage","url":"https:\/\/secure.gravatar.com\/avatar\/b7c8925b09a27e72b30232f8ecaadbd5af0f70a38c78096863fe51b64f031c24?s=96&d=mm&r=g","width":96,"height":96,"caption":"admin"}},{"@type":"WebPage","@id":"https:\/\/www.rucashk.com\/es\/producto\/huawei-honor-tws-moecen-x1\/#webpage","url":"https:\/\/www.rucashk.com\/es\/producto\/huawei-honor-tws-moecen-x1\/","name":"Huawei Honor TWS Moecen X1 - Rucas - Wholesale and Distribution","description":"Specifications: Product Model: Headphones X1 Color: White Net Weight: 47.1g Wireless Connection: Bluetooth 5.0 Battery Life: 5 hours music playback, up to 24 hours when used with a charging case Bluetooth Protocol: BLE \/ HFP \/ AVRCP Encoder Support: SBC and AAC Speaker impedance: 16 ohms Headphone Battery: 55mAh Battery Charging Case: 500mAh Implementation Standard: Q \/ JH 2-2020","inLanguage":"es-ES","isPartOf":{"@id":"https:\/\/www.rucashk.com\/es\/#website"},"breadcrumb":{"@id":"https:\/\/www.rucashk.com\/es\/producto\/huawei-honor-tws-moecen-x1\/#breadcrumblist"},"author":{"@id":"https:\/\/www.rucashk.com\/es\/author\/admin\/#author"},"creator":{"@id":"https:\/\/www.rucashk.com\/es\/author\/admin\/#author"},"image":{"@type":"ImageObject","url":"https:\/\/www.rucashk.com\/wp-content\/uploads\/2024\/01\/3-3.jpg","@id":"https:\/\/www.rucashk.com\/es\/producto\/huawei-honor-tws-moecen-x1\/#mainImage","width":800,"height":800},"primaryImageOfPage":{"@id":"https:\/\/www.rucashk.com\/es\/producto\/huawei-honor-tws-moecen-x1\/#mainImage"},"datePublished":"2024-01-09T15:53:06+00:00","dateModified":"2024-03-13T07:03:25+00:00"},{"@type":"WebSite","@id":"https:\/\/www.rucashk.com\/es\/#website","url":"https:\/\/www.rucashk.com\/es\/","name":"Rucas - Wholesale and distribution worldwide","alternateName":"Rucas - One-stop AIoT Distribution Worldwide","description":"One-stop AIoT Distribution Worldwide","inLanguage":"es-ES","publisher":{"@id":"https:\/\/www.rucashk.com\/es\/#organization"}}]}},"aioseo_meta_data":{"post_id":"23290","title":null,"description":null,"keywords":null,"keyphrases":null,"primary_term":null,"canonical_url":null,"og_title":null,"og_description":null,"og_object_type":"default","og_image_type":"default","og_image_url":null,"og_image_width":null,"og_image_height":null,"og_image_custom_url":null,"og_image_custom_fields":null,"og_video":null,"og_custom_url":null,"og_article_section":null,"og_article_tags":null,"twitter_use_og":false,"twitter_card":"default","twitter_image_type":"default","twitter_image_url":null,"twitter_image_custom_url":null,"twitter_image_custom_fields":null,"twitter_title":null,"twitter_description":null,"schema":{"blockGraphs":[],"customGraphs":[],"default":{"data":{"Article":[],"Course":[],"Dataset":[],"FAQPage":[],"Movie":[],"Person":[],"Product":[],"Recipe":[],"Service":[],"SoftwareApplication":[],"WebPage":[]},"graphName":"","isEnabled":true},"graphs":[]},"schema_type":"default","schema_type_options":null,"pillar_content":false,"robots_default":true,"robots_noindex":false,"robots_noarchive":false,"robots_nosnippet":false,"robots_nofollow":false,"robots_noimageindex":false,"robots_noodp":false,"robots_notranslate":false,"robots_max_snippet":null,"robots_max_videopreview":null,"robots_max_imagepreview":"large","priority":null,"frequency":null,"local_seo":null,"breadcrumb_settings":null,"limit_modified_date":false,"created":"2024-04-11 01:55:29","updated":"2025-06-22 17:04:58"},"aioseo_breadcrumb":"<div class=\"aioseo-breadcrumbs\"><span class=\"aioseo-breadcrumb\">\n\t<a href=\"https:\/\/www.rucashk.com\/es\" title=\"Home\">Home<\/a>\n<\/span><span class=\"aioseo-breadcrumb-separator\">&raquo;<\/span><span class=\"aioseo-breadcrumb\">\n\t<a href=\"https:\/\/www.rucashk.com\/es\/products\/\" title=\"Productos\">Productos<\/a>\n<\/span><span class=\"aioseo-breadcrumb-separator\">&raquo;<\/span><span class=\"aioseo-breadcrumb\">\n\t<a href=\"https:\/\/www.rucashk.com\/es\/categoria-producto\/other-a-brands\/\" title=\"Other A-Brands\">Other A-Brands<\/a>\n<\/span><span class=\"aioseo-breadcrumb-separator\">&raquo;<\/span><span class=\"aioseo-breadcrumb\">\n\t<a href=\"https:\/\/www.rucashk.com\/es\/categoria-producto\/other-a-brands\/huawei-other-a-brands\/\" title=\"Huawei\">Huawei<\/a>\n<\/span><span class=\"aioseo-breadcrumb-separator\">&raquo;<\/span><span class=\"aioseo-breadcrumb\">\n\tHuawei Honor TWS Moecen X1\n<\/span><\/div>","aioseo_breadcrumb_json":[{"label":"Home","link":"https:\/\/www.rucashk.com\/es"},{"label":"Productos","link":"https:\/\/www.rucashk.com\/es\/products\/"},{"label":"Other A-Brands","link":"https:\/\/www.rucashk.com\/es\/categoria-producto\/other-a-brands\/"},{"label":"Huawei","link":"https:\/\/www.rucashk.com\/es\/categoria-producto\/other-a-brands\/huawei-other-a-brands\/"},{"label":"Huawei Honor TWS Moecen X1","link":"https:\/\/www.rucashk.com\/es\/producto\/huawei-honor-tws-moecen-x1\/"}],"_links":{"self":[{"href":"https:\/\/www.rucashk.com\/es\/wp-json\/wp\/v2\/product\/23290","targetHints":{"allow":["GET"]}}],"collection":[{"href":"https:\/\/www.rucashk.com\/es\/wp-json\/wp\/v2\/product"}],"about":[{"href":"https:\/\/www.rucashk.com\/es\/wp-json\/wp\/v2\/types\/product"}],"wp:featuredmedia":[{"embeddable":true,"href":"https:\/\/www.rucashk.com\/es\/wp-json\/wp\/v2\/media\/23423"}],"wp:attachment":[{"href":"https:\/\/www.rucashk.com\/es\/wp-json\/wp\/v2\/media?parent=23290"}],"wp:term":[{"taxonomy":"product_brand","embeddable":true,"href":"https:\/\/www.rucashk.com\/es\/wp-json\/wp\/v2\/product_brand?post=23290"},{"taxonomy":"product_cat","embeddable":true,"href":"https:\/\/www.rucashk.com\/es\/wp-json\/wp\/v2\/product_cat?post=23290"},{"taxonomy":"product_tag","embeddable":true,"href":"https:\/\/www.rucashk.com\/es\/wp-json\/wp\/v2\/product_tag?post=23290"}],"curies":[{"name":"wp","href":"https:\/\/api.w.org\/{rel}","templated":true}]}}