{"id":23281,"date":"2024-01-09T15:53:05","date_gmt":"2024-01-09T15:53:05","guid":{"rendered":"http:\/\/rucashk.com\/?post_type=product&#038;p=23281"},"modified":"2024-03-13T07:04:50","modified_gmt":"2024-03-13T07:04:50","slug":"mijia-inflator-treasure","status":"publish","type":"product","link":"https:\/\/www.rucashk.com\/es\/producto\/mijia-inflator-treasure\/","title":{"rendered":"Tesoro del inflador MIJIA"},"content":{"rendered":"<h2 style=\"text-align: center\">Inflador MIJIA<\/h2>\n<p><img fetchpriority=\"high\" decoding=\"async\" class=\"aligncenter\" src=\"\/wp-content\/uploads\/replace\/24ee551f6371cc56694444d64ff2e22d.jpeg\" alt=\"MIJIA\u00a0Inflator\" width=\"1000\" height=\"690\" \/><img decoding=\"async\" class=\"aligncenter\" src=\"\/wp-content\/uploads\/replace\/ab71ad4cdaf9ed1a9b4e42e63f8fc743.jpeg\" alt=\"MIJIA\u00a0Inflator\" width=\"1000\" height=\"716\" \/><img decoding=\"async\" class=\"aligncenter\" src=\"\/wp-content\/uploads\/replace\/9b00741b66678d13d4de90f815c1b86d.jpeg\" alt=\"MIJIA\u00a0Inflator\" width=\"1000\" height=\"721\" \/><img loading=\"lazy\" decoding=\"async\" class=\"aligncenter\" src=\"\/wp-content\/uploads\/replace\/08ee263ceed2d766399b19949714eb85.jpeg\" alt=\"MIJIA\u00a0Inflator\" width=\"1000\" height=\"695\" \/><\/p>\n<ul class=\"a-unordered-list a-vertical a-spacing-mini\">\n<li><span class=\"a-list-item\">Cargado a la presi\u00f3n preestablecida y detenido: inflando la pelota, no es necesario verificarla repetidamente presionando. Inflar con precisi\u00f3n y uno <a class=\"\" style=\"width: auto !important\" href=\"https:\/\/www.rucashk.com\/es\/explosive-products-of-xiaomi-ecological-chain-super-high-speed-motor-2-times-the-air-pressure-boost-hairline-i-am-saved\/\" data-wpil-post-to-id=\"7147\">Es hora de alcanzar la presi\u00f3n adecuada.<\/a> para ayudarte a disfrutar de la pasi\u00f3n sin preocupaciones.<\/span><\/li>\n<li><span class=\"a-list-item\">Pantalla digital para detectar la presi\u00f3n de los neum\u00e1ticos y probar la presi\u00f3n de los neum\u00e1ticos en cualquier momento para evitar emergencias: la diferencia de temperatura entre las cuatro estaciones es grande y es necesario comprobar y ajustar peri\u00f3dicamente la presi\u00f3n de los neum\u00e1ticos. Una presi\u00f3n de neum\u00e1ticos demasiado baja o demasiado alta puede crear un peligro para la seguridad. Por ejemplo, la presi\u00f3n de los neum\u00e1ticos causada por un trote accidental de los neum\u00e1ticos es insuficiente y el inflado de emergencia puede ayudarle a salir del problema.<\/span><\/li>\n<li><span class=\"a-list-item\">Potente, compatible con una variedad de boquillas: el cilindro de aleaci\u00f3n de fundici\u00f3n a presi\u00f3n de alta precisi\u00f3n se puede presurizar f\u00e1cilmente a 150 psi para cumplir con la fuerza de aireaci\u00f3n requerida para bicicletas de carretera, as\u00ed como para inflar neum\u00e1ticos comunes de bicicletas, f\u00fatbol, neum\u00e1ticos de autom\u00f3viles y motocicletas. neum\u00e1tico, etc.<\/span><\/li>\n<li><span class=\"a-list-item\">Peque\u00f1o y c\u00f3modo de llevar a cabo. Potente, compatible con una variedad de boquillas: se puede cargar con un banco de energ\u00eda. Un viaje maravilloso est\u00e1 completamente preparado, por lo que montar y conducir se volvi\u00f3 f\u00e1cil y listo para comenzar. Los tesoros inflables no requieren una fuente de alimentaci\u00f3n externa cuando funcionan. Lo suficientemente peque\u00f1o como para llevarlo en el autom\u00f3vil, es f\u00e1cil de guardar en el ba\u00fal o la mochila. Las caminatas en motocicleta son m\u00e1s libres.<\/span><\/li>\n<li><span class=\"a-list-item\">Bater\u00eda de litio incorporada. Carga USB, iluminaci\u00f3n LED.<\/span><\/li>\n<\/ul>","protected":false},"excerpt":{"rendered":"<p><strong>Par\u00e1metro:<\/strong><br \/>\nFully charged 8 road bike tires<br \/>\nRestart speed can be filled with a tire in about 3 minutes<br \/>\nFull power can make up about 5 car tires<br \/>\nFilling speed about 6 minutes to fill a tire<br \/>\nInflation pressure range: 2000mAh (14.8Wh)<br \/>\nWorking noise: distance 1M noise is less than 80dB<br \/>\nTrachea size: tracheal pull-out length 180mm, including nozzle (without thread) + adapters<br \/>\nStorage temperature: -10 to 45 Deg.C<br \/>\nCharging interface: micro-USB<br \/>\nCharging parameters: 5V 2A<br \/>\nSensor accuracy: \u00b12psi<br \/>\nWorking temperature: 0 &#8211; 45 Deg.C<br \/>\nDischarge temperature: -10 to 45 Deg.C<br \/>\nCharging time: less than 3 hours<\/p>","protected":false},"featured_media":23366,"template":"","meta":[],"product_brand":[],"product_cat":[1320,1305],"product_tag":[817],"class_list":{"0":"post-23281","1":"product","2":"type-product","3":"status-publish","4":"has-post-thumbnail","6":"product_cat-personal-care","7":"product_cat-xiaomi-eco","8":"product_tag-mijia-inflator","10":"first","11":"instock","12":"shipping-taxable","13":"product-type-external"},"aioseo_notices":[],"aioseo_head":"\n\t\t<!-- All in One SEO Pro 4.5.9.2 - aioseo.com -->\n\t\t<meta name=\"description\" content=\"Parameter: Fully charged 8 road bike tires Restart speed can be filled with a tire in about 3 minutes Full power can make up about 5 car tires Filling speed about 6 minutes to fill a tire Inflation pressure range: 2000mAh (14.8Wh) Working noise: distance 1M noise is less than 80dB Trachea size: tracheal pull-out length 180mm, including nozzle (without thread) + adapters Storage temperature: -10 to 45 Deg.C Charging interface: micro-USB Charging parameters: 5V 2A Sensor accuracy: \u00b12psi Working temperature: 0 - 45 Deg.C Discharge temperature: -10 to 45 Deg.C Charging time: less than 3 hours\" \/>\n\t\t<meta name=\"robots\" content=\"max-image-preview:large\" \/>\n\t\t<link rel=\"canonical\" href=\"https:\/\/www.rucashk.com\/es\/producto\/mijia-inflator-treasure\/\" \/>\n\t\t<meta name=\"generator\" content=\"All in One SEO Pro (AIOSEO) 4.5.9.2\" \/>\n\t\t<meta property=\"og:locale\" content=\"es_ES\" \/>\n\t\t<meta property=\"og:site_name\" content=\"Rucas - One-stop AIoT Distribution Worldwide\" \/>\n\t\t<meta property=\"og:type\" content=\"article\" \/>\n\t\t<meta property=\"og:title\" content=\"MIJIA Inflator Treasure - Rucas - Wholesale and Distribution\" \/>\n\t\t<meta property=\"og:description\" content=\"Parameter: Fully charged 8 road bike tires Restart speed can be filled with a tire in about 3 minutes Full power can make up about 5 car tires Filling speed about 6 minutes to fill a tire Inflation pressure range: 2000mAh (14.8Wh) Working noise: distance 1M noise is less than 80dB Trachea size: tracheal pull-out length 180mm, including nozzle (without thread) + adapters Storage temperature: -10 to 45 Deg.C Charging interface: micro-USB Charging parameters: 5V 2A Sensor accuracy: \u00b12psi Working temperature: 0 - 45 Deg.C Discharge temperature: -10 to 45 Deg.C Charging time: less than 3 hours\" \/>\n\t\t<meta property=\"og:url\" content=\"https:\/\/www.rucashk.com\/es\/producto\/mijia-inflator-treasure\/\" \/>\n\t\t<meta property=\"og:image\" content=\"https:\/\/www.rucashk.com\/wp-content\/uploads\/replace\/503b8e645f128a97ccde2b6290747646.jpeg\" \/>\n\t\t<meta property=\"og:image:secure_url\" content=\"https:\/\/www.rucashk.com\/wp-content\/uploads\/replace\/503b8e645f128a97ccde2b6290747646.jpeg\" \/>\n\t\t<meta property=\"og:image:width\" content=\"1456\" \/>\n\t\t<meta property=\"og:image:height\" content=\"816\" \/>\n\t\t<meta property=\"article:published_time\" content=\"2024-01-09T15:53:05+00:00\" \/>\n\t\t<meta property=\"article:modified_time\" content=\"2024-03-13T07:04:50+00:00\" \/>\n\t\t<meta name=\"twitter:card\" content=\"summary_large_image\" \/>\n\t\t<meta name=\"twitter:title\" content=\"MIJIA Inflator Treasure - Rucas - Wholesale and Distribution\" \/>\n\t\t<meta name=\"twitter:description\" content=\"Parameter: Fully charged 8 road bike tires Restart speed can be filled with a tire in about 3 minutes Full power can make up about 5 car tires Filling speed about 6 minutes to fill a tire Inflation pressure range: 2000mAh (14.8Wh) Working noise: distance 1M noise is less than 80dB Trachea size: tracheal pull-out length 180mm, including nozzle (without thread) + adapters Storage temperature: -10 to 45 Deg.C Charging interface: micro-USB Charging parameters: 5V 2A Sensor accuracy: \u00b12psi Working temperature: 0 - 45 Deg.C Discharge temperature: -10 to 45 Deg.C Charging time: less than 3 hours\" \/>\n\t\t<meta name=\"twitter:image\" content=\"https:\/\/www.rucashk.com\/wp-content\/uploads\/replace\/503b8e645f128a97ccde2b6290747646.jpeg\" \/>\n\t\t<script type=\"application\/ld+json\" class=\"aioseo-schema\">\n\t\t\t{\"@context\":\"https:\\\/\\\/schema.org\",\"@graph\":[{\"@type\":\"BreadcrumbList\",\"@id\":\"https:\\\/\\\/www.rucashk.com\\\/es\\\/producto\\\/mijia-inflator-treasure\\\/#breadcrumblist\",\"itemListElement\":[{\"@type\":\"ListItem\",\"@id\":\"https:\\\/\\\/www.rucashk.com\\\/es\\\/#listItem\",\"position\":1,\"name\":\"Home\",\"item\":\"https:\\\/\\\/www.rucashk.com\\\/es\\\/\",\"nextItem\":\"https:\\\/\\\/www.rucashk.com\\\/es\\\/producto\\\/mijia-inflator-treasure\\\/#listItem\"},{\"@type\":\"ListItem\",\"@id\":\"https:\\\/\\\/www.rucashk.com\\\/es\\\/producto\\\/mijia-inflator-treasure\\\/#listItem\",\"position\":2,\"name\":\"MIJIA\\u00a0Inflator Treasure\",\"previousItem\":\"https:\\\/\\\/www.rucashk.com\\\/es\\\/#listItem\"}]},{\"@type\":\"Organization\",\"@id\":\"https:\\\/\\\/www.rucashk.com\\\/es\\\/#organization\",\"name\":\"Rucas\",\"url\":\"https:\\\/\\\/www.rucashk.com\\\/es\\\/\",\"logo\":{\"@type\":\"ImageObject\",\"url\":\"https:\\\/\\\/www.rucashk.com\\\/wp-content\\\/uploads\\\/2023\\\/12\\\/Rucas_campany_logo.png\",\"@id\":\"https:\\\/\\\/www.rucashk.com\\\/es\\\/producto\\\/mijia-inflator-treasure\\\/#organizationLogo\",\"width\":221,\"height\":65},\"image\":{\"@id\":\"https:\\\/\\\/www.rucashk.com\\\/es\\\/#organizationLogo\"}},{\"@type\":\"Person\",\"@id\":\"https:\\\/\\\/www.rucashk.com\\\/es\\\/author\\\/admin\\\/#author\",\"url\":\"https:\\\/\\\/www.rucashk.com\\\/es\\\/author\\\/admin\\\/\",\"name\":\"admin\",\"image\":{\"@type\":\"ImageObject\",\"@id\":\"https:\\\/\\\/www.rucashk.com\\\/es\\\/producto\\\/mijia-inflator-treasure\\\/#authorImage\",\"url\":\"https:\\\/\\\/secure.gravatar.com\\\/avatar\\\/b7c8925b09a27e72b30232f8ecaadbd5af0f70a38c78096863fe51b64f031c24?s=96&d=mm&r=g\",\"width\":96,\"height\":96,\"caption\":\"admin\"}},{\"@type\":\"WebPage\",\"@id\":\"https:\\\/\\\/www.rucashk.com\\\/es\\\/producto\\\/mijia-inflator-treasure\\\/#webpage\",\"url\":\"https:\\\/\\\/www.rucashk.com\\\/es\\\/producto\\\/mijia-inflator-treasure\\\/\",\"name\":\"MIJIA Inflator Treasure - Rucas - Wholesale and Distribution\",\"description\":\"Parameter: Fully charged 8 road bike tires Restart speed can be filled with a tire in about 3 minutes Full power can make up about 5 car tires Filling speed about 6 minutes to fill a tire Inflation pressure range: 2000mAh (14.8Wh) Working noise: distance 1M noise is less than 80dB Trachea size: tracheal pull-out length 180mm, including nozzle (without thread) + adapters Storage temperature: -10 to 45 Deg.C Charging interface: micro-USB Charging parameters: 5V 2A Sensor accuracy: \\u00b12psi Working temperature: 0 - 45 Deg.C Discharge temperature: -10 to 45 Deg.C Charging time: less than 3 hours\",\"inLanguage\":\"es-ES\",\"isPartOf\":{\"@id\":\"https:\\\/\\\/www.rucashk.com\\\/es\\\/#website\"},\"breadcrumb\":{\"@id\":\"https:\\\/\\\/www.rucashk.com\\\/es\\\/producto\\\/mijia-inflator-treasure\\\/#breadcrumblist\"},\"author\":{\"@id\":\"https:\\\/\\\/www.rucashk.com\\\/es\\\/author\\\/admin\\\/#author\"},\"creator\":{\"@id\":\"https:\\\/\\\/www.rucashk.com\\\/es\\\/author\\\/admin\\\/#author\"},\"image\":{\"@type\":\"ImageObject\",\"url\":\"https:\\\/\\\/www.rucashk.com\\\/wp-content\\\/uploads\\\/2024\\\/01\\\/1_\\u526f\\u672c-1.jpg\",\"@id\":\"https:\\\/\\\/www.rucashk.com\\\/es\\\/producto\\\/mijia-inflator-treasure\\\/#mainImage\",\"width\":800,\"height\":800},\"primaryImageOfPage\":{\"@id\":\"https:\\\/\\\/www.rucashk.com\\\/es\\\/producto\\\/mijia-inflator-treasure\\\/#mainImage\"},\"datePublished\":\"2024-01-09T15:53:05+00:00\",\"dateModified\":\"2024-03-13T07:04:50+00:00\"},{\"@type\":\"WebSite\",\"@id\":\"https:\\\/\\\/www.rucashk.com\\\/es\\\/#website\",\"url\":\"https:\\\/\\\/www.rucashk.com\\\/es\\\/\",\"name\":\"Rucas - Wholesale and distribution worldwide\",\"alternateName\":\"Rucas - One-stop AIoT Distribution Worldwide\",\"description\":\"One-stop AIoT Distribution Worldwide\",\"inLanguage\":\"es-ES\",\"publisher\":{\"@id\":\"https:\\\/\\\/www.rucashk.com\\\/es\\\/#organization\"}}]}\n\t\t<\/script>\n\t\t<!-- All in One SEO Pro -->\r\n\t\t<title>MIJIA Inflator Treasure - Rucas - Wholesale and Distribution<\/title>\n\n","aioseo_head_json":{"title":"MIJIA Inflator Treasure - Rucas - Wholesale and Distribution","description":"Parameter: Fully charged 8 road bike tires Restart speed can be filled with a tire in about 3 minutes Full power can make up about 5 car tires Filling speed about 6 minutes to fill a tire Inflation pressure range: 2000mAh (14.8Wh) Working noise: distance 1M noise is less than 80dB Trachea size: tracheal pull-out length 180mm, including nozzle (without thread) + adapters Storage temperature: -10 to 45 Deg.C Charging interface: micro-USB Charging parameters: 5V 2A Sensor accuracy: \u00b12psi Working temperature: 0 - 45 Deg.C Discharge temperature: -10 to 45 Deg.C Charging time: less than 3 hours","canonical_url":"https:\/\/www.rucashk.com\/es\/producto\/mijia-inflator-treasure\/","robots":"max-image-preview:large","keywords":"","webmasterTools":{"miscellaneous":""},"og:locale":"es_ES","og:site_name":"Rucas - One-stop AIoT Distribution Worldwide","og:type":"article","og:title":"MIJIA Inflator Treasure - Rucas - Wholesale and Distribution","og:description":"Parameter: Fully charged 8 road bike tires Restart speed can be filled with a tire in about 3 minutes Full power can make up about 5 car tires Filling speed about 6 minutes to fill a tire Inflation pressure range: 2000mAh (14.8Wh) Working noise: distance 1M noise is less than 80dB Trachea size: tracheal pull-out length 180mm, including nozzle (without thread) + adapters Storage temperature: -10 to 45 Deg.C Charging interface: micro-USB Charging parameters: 5V 2A Sensor accuracy: \u00b12psi Working temperature: 0 - 45 Deg.C Discharge temperature: -10 to 45 Deg.C Charging time: less than 3 hours","og:url":"https:\/\/www.rucashk.com\/es\/producto\/mijia-inflator-treasure\/","og:image":"https:\/\/www.rucashk.com\/wp-content\/uploads\/replace\/503b8e645f128a97ccde2b6290747646.jpeg","og:image:secure_url":"https:\/\/www.rucashk.com\/wp-content\/uploads\/replace\/503b8e645f128a97ccde2b6290747646.jpeg","og:image:width":1456,"og:image:height":816,"article:published_time":"2024-01-09T15:53:05+00:00","article:modified_time":"2024-03-13T07:04:50+00:00","twitter:card":"summary_large_image","twitter:title":"MIJIA Inflator Treasure - Rucas - Wholesale and Distribution","twitter:description":"Parameter: Fully charged 8 road bike tires Restart speed can be filled with a tire in about 3 minutes Full power can make up about 5 car tires Filling speed about 6 minutes to fill a tire Inflation pressure range: 2000mAh (14.8Wh) Working noise: distance 1M noise is less than 80dB Trachea size: tracheal pull-out length 180mm, including nozzle (without thread) + adapters Storage temperature: -10 to 45 Deg.C Charging interface: micro-USB Charging parameters: 5V 2A Sensor accuracy: \u00b12psi Working temperature: 0 - 45 Deg.C Discharge temperature: -10 to 45 Deg.C Charging time: less than 3 hours","twitter:image":"https:\/\/www.rucashk.com\/wp-content\/uploads\/replace\/503b8e645f128a97ccde2b6290747646.jpeg","schema":{"@context":"https:\/\/schema.org","@graph":[{"@type":"BreadcrumbList","@id":"https:\/\/www.rucashk.com\/es\/producto\/mijia-inflator-treasure\/#breadcrumblist","itemListElement":[{"@type":"ListItem","@id":"https:\/\/www.rucashk.com\/es\/#listItem","position":1,"name":"Home","item":"https:\/\/www.rucashk.com\/es\/","nextItem":"https:\/\/www.rucashk.com\/es\/producto\/mijia-inflator-treasure\/#listItem"},{"@type":"ListItem","@id":"https:\/\/www.rucashk.com\/es\/producto\/mijia-inflator-treasure\/#listItem","position":2,"name":"MIJIA\u00a0Inflator Treasure","previousItem":"https:\/\/www.rucashk.com\/es\/#listItem"}]},{"@type":"Organization","@id":"https:\/\/www.rucashk.com\/es\/#organization","name":"Rucas","url":"https:\/\/www.rucashk.com\/es\/","logo":{"@type":"ImageObject","url":"https:\/\/www.rucashk.com\/wp-content\/uploads\/2023\/12\/Rucas_campany_logo.png","@id":"https:\/\/www.rucashk.com\/es\/producto\/mijia-inflator-treasure\/#organizationLogo","width":221,"height":65},"image":{"@id":"https:\/\/www.rucashk.com\/es\/#organizationLogo"}},{"@type":"Person","@id":"https:\/\/www.rucashk.com\/es\/author\/admin\/#author","url":"https:\/\/www.rucashk.com\/es\/author\/admin\/","name":"admin","image":{"@type":"ImageObject","@id":"https:\/\/www.rucashk.com\/es\/producto\/mijia-inflator-treasure\/#authorImage","url":"https:\/\/secure.gravatar.com\/avatar\/b7c8925b09a27e72b30232f8ecaadbd5af0f70a38c78096863fe51b64f031c24?s=96&d=mm&r=g","width":96,"height":96,"caption":"admin"}},{"@type":"WebPage","@id":"https:\/\/www.rucashk.com\/es\/producto\/mijia-inflator-treasure\/#webpage","url":"https:\/\/www.rucashk.com\/es\/producto\/mijia-inflator-treasure\/","name":"MIJIA Inflator Treasure - Rucas - Wholesale and Distribution","description":"Parameter: Fully charged 8 road bike tires Restart speed can be filled with a tire in about 3 minutes Full power can make up about 5 car tires Filling speed about 6 minutes to fill a tire Inflation pressure range: 2000mAh (14.8Wh) Working noise: distance 1M noise is less than 80dB Trachea size: tracheal pull-out length 180mm, including nozzle (without thread) + adapters Storage temperature: -10 to 45 Deg.C Charging interface: micro-USB Charging parameters: 5V 2A Sensor accuracy: \u00b12psi Working temperature: 0 - 45 Deg.C Discharge temperature: -10 to 45 Deg.C Charging time: less than 3 hours","inLanguage":"es-ES","isPartOf":{"@id":"https:\/\/www.rucashk.com\/es\/#website"},"breadcrumb":{"@id":"https:\/\/www.rucashk.com\/es\/producto\/mijia-inflator-treasure\/#breadcrumblist"},"author":{"@id":"https:\/\/www.rucashk.com\/es\/author\/admin\/#author"},"creator":{"@id":"https:\/\/www.rucashk.com\/es\/author\/admin\/#author"},"image":{"@type":"ImageObject","url":"https:\/\/www.rucashk.com\/wp-content\/uploads\/2024\/01\/1_\u526f\u672c-1.jpg","@id":"https:\/\/www.rucashk.com\/es\/producto\/mijia-inflator-treasure\/#mainImage","width":800,"height":800},"primaryImageOfPage":{"@id":"https:\/\/www.rucashk.com\/es\/producto\/mijia-inflator-treasure\/#mainImage"},"datePublished":"2024-01-09T15:53:05+00:00","dateModified":"2024-03-13T07:04:50+00:00"},{"@type":"WebSite","@id":"https:\/\/www.rucashk.com\/es\/#website","url":"https:\/\/www.rucashk.com\/es\/","name":"Rucas - Wholesale and distribution worldwide","alternateName":"Rucas - One-stop AIoT Distribution Worldwide","description":"One-stop AIoT Distribution Worldwide","inLanguage":"es-ES","publisher":{"@id":"https:\/\/www.rucashk.com\/es\/#organization"}}]}},"aioseo_meta_data":{"post_id":"23281","title":null,"description":null,"keywords":null,"keyphrases":null,"primary_term":null,"canonical_url":null,"og_title":null,"og_description":null,"og_object_type":"default","og_image_type":"default","og_image_url":null,"og_image_width":null,"og_image_height":null,"og_image_custom_url":null,"og_image_custom_fields":null,"og_video":null,"og_custom_url":null,"og_article_section":null,"og_article_tags":null,"twitter_use_og":false,"twitter_card":"default","twitter_image_type":"default","twitter_image_url":null,"twitter_image_custom_url":null,"twitter_image_custom_fields":null,"twitter_title":null,"twitter_description":null,"schema":{"blockGraphs":[],"customGraphs":[],"default":{"data":{"Article":[],"Course":[],"Dataset":[],"FAQPage":[],"Movie":[],"Person":[],"Product":[],"Recipe":[],"Service":[],"SoftwareApplication":[],"WebPage":[]},"graphName":"","isEnabled":true},"graphs":[]},"schema_type":"default","schema_type_options":null,"pillar_content":false,"robots_default":true,"robots_noindex":false,"robots_noarchive":false,"robots_nosnippet":false,"robots_nofollow":false,"robots_noimageindex":false,"robots_noodp":false,"robots_notranslate":false,"robots_max_snippet":null,"robots_max_videopreview":null,"robots_max_imagepreview":"large","priority":null,"frequency":null,"local_seo":null,"breadcrumb_settings":null,"limit_modified_date":false,"created":"2024-04-11 01:55:28","updated":"2025-06-22 17:04:21"},"aioseo_breadcrumb":"<div class=\"aioseo-breadcrumbs\"><span class=\"aioseo-breadcrumb\">\n\t<a href=\"https:\/\/www.rucashk.com\/es\" title=\"Home\">Home<\/a>\n<\/span><span class=\"aioseo-breadcrumb-separator\">&raquo;<\/span><span class=\"aioseo-breadcrumb\">\n\t<a href=\"https:\/\/www.rucashk.com\/es\/products\/\" title=\"Productos\">Productos<\/a>\n<\/span><span class=\"aioseo-breadcrumb-separator\">&raquo;<\/span><span class=\"aioseo-breadcrumb\">\n\t<a href=\"https:\/\/www.rucashk.com\/es\/categoria-producto\/xiaomi-eco\/\" title=\"Xiaomi Eco\">Xiaomi Eco<\/a>\n<\/span><span class=\"aioseo-breadcrumb-separator\">&raquo;<\/span><span class=\"aioseo-breadcrumb\">\n\t<a href=\"https:\/\/www.rucashk.com\/es\/categoria-producto\/xiaomi-eco\/personal-care\/\" title=\"Personal Care\">Personal Care<\/a>\n<\/span><span class=\"aioseo-breadcrumb-separator\">&raquo;<\/span><span class=\"aioseo-breadcrumb\">\n\tMIJIA\u00a0Inflator Treasure\n<\/span><\/div>","aioseo_breadcrumb_json":[{"label":"Home","link":"https:\/\/www.rucashk.com\/es"},{"label":"Productos","link":"https:\/\/www.rucashk.com\/es\/products\/"},{"label":"Xiaomi Eco","link":"https:\/\/www.rucashk.com\/es\/categoria-producto\/xiaomi-eco\/"},{"label":"Personal Care","link":"https:\/\/www.rucashk.com\/es\/categoria-producto\/xiaomi-eco\/personal-care\/"},{"label":"MIJIA\u00a0Inflator Treasure","link":"https:\/\/www.rucashk.com\/es\/producto\/mijia-inflator-treasure\/"}],"_links":{"self":[{"href":"https:\/\/www.rucashk.com\/es\/wp-json\/wp\/v2\/product\/23281","targetHints":{"allow":["GET"]}}],"collection":[{"href":"https:\/\/www.rucashk.com\/es\/wp-json\/wp\/v2\/product"}],"about":[{"href":"https:\/\/www.rucashk.com\/es\/wp-json\/wp\/v2\/types\/product"}],"wp:featuredmedia":[{"embeddable":true,"href":"https:\/\/www.rucashk.com\/es\/wp-json\/wp\/v2\/media\/23366"}],"wp:attachment":[{"href":"https:\/\/www.rucashk.com\/es\/wp-json\/wp\/v2\/media?parent=23281"}],"wp:term":[{"taxonomy":"product_brand","embeddable":true,"href":"https:\/\/www.rucashk.com\/es\/wp-json\/wp\/v2\/product_brand?post=23281"},{"taxonomy":"product_cat","embeddable":true,"href":"https:\/\/www.rucashk.com\/es\/wp-json\/wp\/v2\/product_cat?post=23281"},{"taxonomy":"product_tag","embeddable":true,"href":"https:\/\/www.rucashk.com\/es\/wp-json\/wp\/v2\/product_tag?post=23281"}],"curies":[{"name":"wp","href":"https:\/\/api.w.org\/{rel}","templated":true}]}}