{"id":23273,"date":"2024-01-09T15:53:04","date_gmt":"2024-01-09T15:53:04","guid":{"rendered":"http:\/\/rucashk.com\/?post_type=product&#038;p=23273"},"modified":"2024-03-13T07:44:25","modified_gmt":"2024-03-13T07:44:25","slug":"mi-laser-projector-150","status":"publish","type":"product","link":"https:\/\/www.rucashk.com\/es\/producto\/mi-laser-projector-150\/","title":{"rendered":"Proyector l\u00e1ser Mi 150"},"content":{"rendered":"<h2 style=\"text-align: center\">Proyector l\u00e1ser Mi 150<\/h2>\n<p style=\"text-align: center\"><img fetchpriority=\"high\" decoding=\"async\" class=\"alignnone\" src=\"\/wp-content\/uploads\/replace\/9783afef9b7708657c848a8d966f70f4.jpeg\" alt=\"Mi Laser Projector 150\" width=\"1080\" height=\"4364\" \/><img decoding=\"async\" class=\"alignnone\" src=\"\/wp-content\/uploads\/replace\/5594d4fa05d99e4d610d3bc550453d72.jpeg\" alt=\"Mi Laser Projector 150\" width=\"1080\" height=\"4124\" \/><\/p>\n<p class=\"mj-description\">Cuenta con la nueva tecnolog\u00eda de visualizaci\u00f3n l\u00e1ser ALPD 3.0 de Appotronics*, que lidera el mercado en color, contraste y brillo de pantalla. Las im\u00e1genes no solo son brillantes y claras, sino que ALPD 3.0 nos permite mejorar la vida \u00fatil del producto y reducir el tama\u00f1o de la m\u00e1quina.<\/p>\n<div class=\"tips-items\">* Appotronics es el innovador en tecnolog\u00eda de f\u00f3sforo l\u00e1ser de alto brillo l\u00edder en el mundo. M\u00e1s de 3.000 salas utilizan esta tecnolog\u00eda en todo el mundo.<\/div>","protected":false},"excerpt":{"rendered":"<p><strong>Principales caracter\u00edsticas:<\/strong><\/p>\n<p>\u25cf 4K picture, enjoy the visual sense feast<br \/>\n\u25cf Directly placed in the TV cabinet to cast 80 &#8211; 150 inch large screen<br \/>\n\u25cf Ultra short-focus, only need 24cm from the wall to cast 100 inch large screen, no space, farewell to the screen<br \/>\n\u25cf ALPD 3.0, cinema-grade laser source technology<br \/>\n\u25cf 3000:1 contrast ratio, vivid image<br \/>\n\u25cf High-fidelity audio, inverted tube speaker, dual full-range dual-frequency<br \/>\n\u25cf Intelligent cooling, real-time temperature control fan<br \/>\n\u25cf System language: Chinese ( default ), English. Part of Chinese APP can merely be displayed in Chinese.<\/p>","protected":false},"featured_media":23337,"template":"","meta":[],"product_brand":[],"product_cat":[1313,1305],"product_tag":[846],"class_list":{"0":"post-23273","1":"product","2":"type-product","3":"status-publish","4":"has-post-thumbnail","6":"product_cat-projector","7":"product_cat-xiaomi-eco","8":"product_tag-mi-laser-projector-150","10":"first","11":"instock","12":"shipping-taxable","13":"product-type-external"},"aioseo_notices":[],"aioseo_head":"\n\t\t<!-- All in One SEO Pro 4.5.9.2 - aioseo.com -->\n\t\t<meta name=\"description\" content=\"Main Features\uff1a \u25cf 4K picture, enjoy the visual sense feast \u25cf Directly placed in the TV cabinet to cast 80 - 150 inch large screen \u25cf Ultra short-focus, only need 24cm from the wall to cast 100 inch large screen, no space, farewell to the screen \u25cf ALPD 3.0, cinema-grade laser source technology \u25cf 3000:1 contrast ratio, vivid image \u25cf High-fidelity audio, inverted tube speaker, dual full-range dual-frequency \u25cf Intelligent cooling, real-time temperature control fan \u25cf System language: Chinese ( default ), English. Part of Chinese APP can merely be displayed in Chinese.\" \/>\n\t\t<meta name=\"robots\" content=\"max-image-preview:large\" \/>\n\t\t<link rel=\"canonical\" href=\"https:\/\/www.rucashk.com\/es\/producto\/mi-laser-projector-150\/\" \/>\n\t\t<meta name=\"generator\" content=\"All in One SEO Pro (AIOSEO) 4.5.9.2\" \/>\n\t\t<meta property=\"og:locale\" content=\"es_ES\" \/>\n\t\t<meta property=\"og:site_name\" content=\"Rucas - One-stop AIoT Distribution Worldwide\" \/>\n\t\t<meta property=\"og:type\" content=\"article\" \/>\n\t\t<meta property=\"og:title\" content=\"Mi Laser Projector 150 - Rucas - Wholesale and Distribution\" \/>\n\t\t<meta property=\"og:description\" content=\"Main Features\uff1a \u25cf 4K picture, enjoy the visual sense feast \u25cf Directly placed in the TV cabinet to cast 80 - 150 inch large screen \u25cf Ultra short-focus, only need 24cm from the wall to cast 100 inch large screen, no space, farewell to the screen \u25cf ALPD 3.0, cinema-grade laser source technology \u25cf 3000:1 contrast ratio, vivid image \u25cf High-fidelity audio, inverted tube speaker, dual full-range dual-frequency \u25cf Intelligent cooling, real-time temperature control fan \u25cf System language: Chinese ( default ), English. Part of Chinese APP can merely be displayed in Chinese.\" \/>\n\t\t<meta property=\"og:url\" content=\"https:\/\/www.rucashk.com\/es\/producto\/mi-laser-projector-150\/\" \/>\n\t\t<meta property=\"og:image\" content=\"https:\/\/www.rucashk.com\/wp-content\/uploads\/replace\/503b8e645f128a97ccde2b6290747646.jpeg\" \/>\n\t\t<meta property=\"og:image:secure_url\" content=\"https:\/\/www.rucashk.com\/wp-content\/uploads\/replace\/503b8e645f128a97ccde2b6290747646.jpeg\" \/>\n\t\t<meta property=\"og:image:width\" content=\"1456\" \/>\n\t\t<meta property=\"og:image:height\" content=\"816\" \/>\n\t\t<meta property=\"article:published_time\" content=\"2024-01-09T15:53:04+00:00\" \/>\n\t\t<meta property=\"article:modified_time\" content=\"2024-03-13T07:44:25+00:00\" \/>\n\t\t<meta name=\"twitter:card\" content=\"summary_large_image\" \/>\n\t\t<meta name=\"twitter:title\" content=\"Mi Laser Projector 150 - Rucas - Wholesale and Distribution\" \/>\n\t\t<meta name=\"twitter:description\" content=\"Main Features\uff1a \u25cf 4K picture, enjoy the visual sense feast \u25cf Directly placed in the TV cabinet to cast 80 - 150 inch large screen \u25cf Ultra short-focus, only need 24cm from the wall to cast 100 inch large screen, no space, farewell to the screen \u25cf ALPD 3.0, cinema-grade laser source technology \u25cf 3000:1 contrast ratio, vivid image \u25cf High-fidelity audio, inverted tube speaker, dual full-range dual-frequency \u25cf Intelligent cooling, real-time temperature control fan \u25cf System language: Chinese ( default ), English. Part of Chinese APP can merely be displayed in Chinese.\" \/>\n\t\t<meta name=\"twitter:image\" content=\"https:\/\/www.rucashk.com\/wp-content\/uploads\/replace\/503b8e645f128a97ccde2b6290747646.jpeg\" \/>\n\t\t<script type=\"application\/ld+json\" class=\"aioseo-schema\">\n\t\t\t{\"@context\":\"https:\\\/\\\/schema.org\",\"@graph\":[{\"@type\":\"BreadcrumbList\",\"@id\":\"https:\\\/\\\/www.rucashk.com\\\/es\\\/producto\\\/mi-laser-projector-150\\\/#breadcrumblist\",\"itemListElement\":[{\"@type\":\"ListItem\",\"@id\":\"https:\\\/\\\/www.rucashk.com\\\/es\\\/#listItem\",\"position\":1,\"name\":\"Home\",\"item\":\"https:\\\/\\\/www.rucashk.com\\\/es\\\/\",\"nextItem\":\"https:\\\/\\\/www.rucashk.com\\\/es\\\/producto\\\/mi-laser-projector-150\\\/#listItem\"},{\"@type\":\"ListItem\",\"@id\":\"https:\\\/\\\/www.rucashk.com\\\/es\\\/producto\\\/mi-laser-projector-150\\\/#listItem\",\"position\":2,\"name\":\"Mi Laser Projector 150\",\"previousItem\":\"https:\\\/\\\/www.rucashk.com\\\/es\\\/#listItem\"}]},{\"@type\":\"Organization\",\"@id\":\"https:\\\/\\\/www.rucashk.com\\\/es\\\/#organization\",\"name\":\"Rucas\",\"url\":\"https:\\\/\\\/www.rucashk.com\\\/es\\\/\",\"logo\":{\"@type\":\"ImageObject\",\"url\":\"https:\\\/\\\/www.rucashk.com\\\/wp-content\\\/uploads\\\/2023\\\/12\\\/Rucas_campany_logo.png\",\"@id\":\"https:\\\/\\\/www.rucashk.com\\\/es\\\/producto\\\/mi-laser-projector-150\\\/#organizationLogo\",\"width\":221,\"height\":65},\"image\":{\"@id\":\"https:\\\/\\\/www.rucashk.com\\\/es\\\/#organizationLogo\"}},{\"@type\":\"Person\",\"@id\":\"https:\\\/\\\/www.rucashk.com\\\/es\\\/author\\\/admin\\\/#author\",\"url\":\"https:\\\/\\\/www.rucashk.com\\\/es\\\/author\\\/admin\\\/\",\"name\":\"admin\",\"image\":{\"@type\":\"ImageObject\",\"@id\":\"https:\\\/\\\/www.rucashk.com\\\/es\\\/producto\\\/mi-laser-projector-150\\\/#authorImage\",\"url\":\"https:\\\/\\\/secure.gravatar.com\\\/avatar\\\/b7c8925b09a27e72b30232f8ecaadbd5af0f70a38c78096863fe51b64f031c24?s=96&d=mm&r=g\",\"width\":96,\"height\":96,\"caption\":\"admin\"}},{\"@type\":\"WebPage\",\"@id\":\"https:\\\/\\\/www.rucashk.com\\\/es\\\/producto\\\/mi-laser-projector-150\\\/#webpage\",\"url\":\"https:\\\/\\\/www.rucashk.com\\\/es\\\/producto\\\/mi-laser-projector-150\\\/\",\"name\":\"Mi Laser Projector 150 - Rucas - Wholesale and Distribution\",\"description\":\"Main Features\\uff1a \\u25cf 4K picture, enjoy the visual sense feast \\u25cf Directly placed in the TV cabinet to cast 80 - 150 inch large screen \\u25cf Ultra short-focus, only need 24cm from the wall to cast 100 inch large screen, no space, farewell to the screen \\u25cf ALPD 3.0, cinema-grade laser source technology \\u25cf 3000:1 contrast ratio, vivid image \\u25cf High-fidelity audio, inverted tube speaker, dual full-range dual-frequency \\u25cf Intelligent cooling, real-time temperature control fan \\u25cf System language: Chinese ( default ), English. Part of Chinese APP can merely be displayed in Chinese.\",\"inLanguage\":\"es-ES\",\"isPartOf\":{\"@id\":\"https:\\\/\\\/www.rucashk.com\\\/es\\\/#website\"},\"breadcrumb\":{\"@id\":\"https:\\\/\\\/www.rucashk.com\\\/es\\\/producto\\\/mi-laser-projector-150\\\/#breadcrumblist\"},\"author\":{\"@id\":\"https:\\\/\\\/www.rucashk.com\\\/es\\\/author\\\/admin\\\/#author\"},\"creator\":{\"@id\":\"https:\\\/\\\/www.rucashk.com\\\/es\\\/author\\\/admin\\\/#author\"},\"image\":{\"@type\":\"ImageObject\",\"url\":\"https:\\\/\\\/www.rucashk.com\\\/wp-content\\\/uploads\\\/2024\\\/01\\\/2_\\u526f\\u672c-20.jpg\",\"@id\":\"https:\\\/\\\/www.rucashk.com\\\/es\\\/producto\\\/mi-laser-projector-150\\\/#mainImage\",\"width\":800,\"height\":800},\"primaryImageOfPage\":{\"@id\":\"https:\\\/\\\/www.rucashk.com\\\/es\\\/producto\\\/mi-laser-projector-150\\\/#mainImage\"},\"datePublished\":\"2024-01-09T15:53:04+00:00\",\"dateModified\":\"2024-03-13T07:44:25+00:00\"},{\"@type\":\"WebSite\",\"@id\":\"https:\\\/\\\/www.rucashk.com\\\/es\\\/#website\",\"url\":\"https:\\\/\\\/www.rucashk.com\\\/es\\\/\",\"name\":\"Rucas - Wholesale and distribution worldwide\",\"alternateName\":\"Rucas - One-stop AIoT Distribution Worldwide\",\"description\":\"One-stop AIoT Distribution Worldwide\",\"inLanguage\":\"es-ES\",\"publisher\":{\"@id\":\"https:\\\/\\\/www.rucashk.com\\\/es\\\/#organization\"}}]}\n\t\t<\/script>\n\t\t<!-- All in One SEO Pro -->\r\n\t\t<title>Mi Laser Projector 150 - Rucas - Wholesale and Distribution<\/title>\n\n","aioseo_head_json":{"title":"Mi Laser Projector 150 - Rucas - Wholesale and Distribution","description":"Main Features\uff1a \u25cf 4K picture, enjoy the visual sense feast \u25cf Directly placed in the TV cabinet to cast 80 - 150 inch large screen \u25cf Ultra short-focus, only need 24cm from the wall to cast 100 inch large screen, no space, farewell to the screen \u25cf ALPD 3.0, cinema-grade laser source technology \u25cf 3000:1 contrast ratio, vivid image \u25cf High-fidelity audio, inverted tube speaker, dual full-range dual-frequency \u25cf Intelligent cooling, real-time temperature control fan \u25cf System language: Chinese ( default ), English. Part of Chinese APP can merely be displayed in Chinese.","canonical_url":"https:\/\/www.rucashk.com\/es\/producto\/mi-laser-projector-150\/","robots":"max-image-preview:large","keywords":"","webmasterTools":{"miscellaneous":""},"og:locale":"es_ES","og:site_name":"Rucas - One-stop AIoT Distribution Worldwide","og:type":"article","og:title":"Mi Laser Projector 150 - Rucas - Wholesale and Distribution","og:description":"Main Features\uff1a \u25cf 4K picture, enjoy the visual sense feast \u25cf Directly placed in the TV cabinet to cast 80 - 150 inch large screen \u25cf Ultra short-focus, only need 24cm from the wall to cast 100 inch large screen, no space, farewell to the screen \u25cf ALPD 3.0, cinema-grade laser source technology \u25cf 3000:1 contrast ratio, vivid image \u25cf High-fidelity audio, inverted tube speaker, dual full-range dual-frequency \u25cf Intelligent cooling, real-time temperature control fan \u25cf System language: Chinese ( default ), English. Part of Chinese APP can merely be displayed in Chinese.","og:url":"https:\/\/www.rucashk.com\/es\/producto\/mi-laser-projector-150\/","og:image":"https:\/\/www.rucashk.com\/wp-content\/uploads\/replace\/503b8e645f128a97ccde2b6290747646.jpeg","og:image:secure_url":"https:\/\/www.rucashk.com\/wp-content\/uploads\/replace\/503b8e645f128a97ccde2b6290747646.jpeg","og:image:width":1456,"og:image:height":816,"article:published_time":"2024-01-09T15:53:04+00:00","article:modified_time":"2024-03-13T07:44:25+00:00","twitter:card":"summary_large_image","twitter:title":"Mi Laser Projector 150 - Rucas - Wholesale and Distribution","twitter:description":"Main Features\uff1a \u25cf 4K picture, enjoy the visual sense feast \u25cf Directly placed in the TV cabinet to cast 80 - 150 inch large screen \u25cf Ultra short-focus, only need 24cm from the wall to cast 100 inch large screen, no space, farewell to the screen \u25cf ALPD 3.0, cinema-grade laser source technology \u25cf 3000:1 contrast ratio, vivid image \u25cf High-fidelity audio, inverted tube speaker, dual full-range dual-frequency \u25cf Intelligent cooling, real-time temperature control fan \u25cf System language: Chinese ( default ), English. Part of Chinese APP can merely be displayed in Chinese.","twitter:image":"https:\/\/www.rucashk.com\/wp-content\/uploads\/replace\/503b8e645f128a97ccde2b6290747646.jpeg","schema":{"@context":"https:\/\/schema.org","@graph":[{"@type":"BreadcrumbList","@id":"https:\/\/www.rucashk.com\/es\/producto\/mi-laser-projector-150\/#breadcrumblist","itemListElement":[{"@type":"ListItem","@id":"https:\/\/www.rucashk.com\/es\/#listItem","position":1,"name":"Home","item":"https:\/\/www.rucashk.com\/es\/","nextItem":"https:\/\/www.rucashk.com\/es\/producto\/mi-laser-projector-150\/#listItem"},{"@type":"ListItem","@id":"https:\/\/www.rucashk.com\/es\/producto\/mi-laser-projector-150\/#listItem","position":2,"name":"Mi Laser Projector 150","previousItem":"https:\/\/www.rucashk.com\/es\/#listItem"}]},{"@type":"Organization","@id":"https:\/\/www.rucashk.com\/es\/#organization","name":"Rucas","url":"https:\/\/www.rucashk.com\/es\/","logo":{"@type":"ImageObject","url":"https:\/\/www.rucashk.com\/wp-content\/uploads\/2023\/12\/Rucas_campany_logo.png","@id":"https:\/\/www.rucashk.com\/es\/producto\/mi-laser-projector-150\/#organizationLogo","width":221,"height":65},"image":{"@id":"https:\/\/www.rucashk.com\/es\/#organizationLogo"}},{"@type":"Person","@id":"https:\/\/www.rucashk.com\/es\/author\/admin\/#author","url":"https:\/\/www.rucashk.com\/es\/author\/admin\/","name":"admin","image":{"@type":"ImageObject","@id":"https:\/\/www.rucashk.com\/es\/producto\/mi-laser-projector-150\/#authorImage","url":"https:\/\/secure.gravatar.com\/avatar\/b7c8925b09a27e72b30232f8ecaadbd5af0f70a38c78096863fe51b64f031c24?s=96&d=mm&r=g","width":96,"height":96,"caption":"admin"}},{"@type":"WebPage","@id":"https:\/\/www.rucashk.com\/es\/producto\/mi-laser-projector-150\/#webpage","url":"https:\/\/www.rucashk.com\/es\/producto\/mi-laser-projector-150\/","name":"Mi Laser Projector 150 - Rucas - Wholesale and Distribution","description":"Main Features\uff1a \u25cf 4K picture, enjoy the visual sense feast \u25cf Directly placed in the TV cabinet to cast 80 - 150 inch large screen \u25cf Ultra short-focus, only need 24cm from the wall to cast 100 inch large screen, no space, farewell to the screen \u25cf ALPD 3.0, cinema-grade laser source technology \u25cf 3000:1 contrast ratio, vivid image \u25cf High-fidelity audio, inverted tube speaker, dual full-range dual-frequency \u25cf Intelligent cooling, real-time temperature control fan \u25cf System language: Chinese ( default ), English. Part of Chinese APP can merely be displayed in Chinese.","inLanguage":"es-ES","isPartOf":{"@id":"https:\/\/www.rucashk.com\/es\/#website"},"breadcrumb":{"@id":"https:\/\/www.rucashk.com\/es\/producto\/mi-laser-projector-150\/#breadcrumblist"},"author":{"@id":"https:\/\/www.rucashk.com\/es\/author\/admin\/#author"},"creator":{"@id":"https:\/\/www.rucashk.com\/es\/author\/admin\/#author"},"image":{"@type":"ImageObject","url":"https:\/\/www.rucashk.com\/wp-content\/uploads\/2024\/01\/2_\u526f\u672c-20.jpg","@id":"https:\/\/www.rucashk.com\/es\/producto\/mi-laser-projector-150\/#mainImage","width":800,"height":800},"primaryImageOfPage":{"@id":"https:\/\/www.rucashk.com\/es\/producto\/mi-laser-projector-150\/#mainImage"},"datePublished":"2024-01-09T15:53:04+00:00","dateModified":"2024-03-13T07:44:25+00:00"},{"@type":"WebSite","@id":"https:\/\/www.rucashk.com\/es\/#website","url":"https:\/\/www.rucashk.com\/es\/","name":"Rucas - Wholesale and distribution worldwide","alternateName":"Rucas - One-stop AIoT Distribution Worldwide","description":"One-stop AIoT Distribution Worldwide","inLanguage":"es-ES","publisher":{"@id":"https:\/\/www.rucashk.com\/es\/#organization"}}]}},"aioseo_meta_data":{"post_id":"23273","title":null,"description":null,"keywords":null,"keyphrases":null,"primary_term":null,"canonical_url":null,"og_title":null,"og_description":null,"og_object_type":"default","og_image_type":"default","og_image_url":null,"og_image_width":null,"og_image_height":null,"og_image_custom_url":null,"og_image_custom_fields":null,"og_video":null,"og_custom_url":null,"og_article_section":null,"og_article_tags":null,"twitter_use_og":false,"twitter_card":"default","twitter_image_type":"default","twitter_image_url":null,"twitter_image_custom_url":null,"twitter_image_custom_fields":null,"twitter_title":null,"twitter_description":null,"schema":{"blockGraphs":[],"customGraphs":[],"default":{"data":{"Article":[],"Course":[],"Dataset":[],"FAQPage":[],"Movie":[],"Person":[],"Product":[],"Recipe":[],"Service":[],"SoftwareApplication":[],"WebPage":[]},"graphName":"","isEnabled":true},"graphs":[]},"schema_type":"default","schema_type_options":null,"pillar_content":false,"robots_default":true,"robots_noindex":false,"robots_noarchive":false,"robots_nosnippet":false,"robots_nofollow":false,"robots_noimageindex":false,"robots_noodp":false,"robots_notranslate":false,"robots_max_snippet":null,"robots_max_videopreview":null,"robots_max_imagepreview":"large","priority":null,"frequency":null,"local_seo":null,"breadcrumb_settings":null,"limit_modified_date":false,"created":"2024-04-11 01:55:28","updated":"2025-06-22 17:03:01"},"aioseo_breadcrumb":"<div class=\"aioseo-breadcrumbs\"><span class=\"aioseo-breadcrumb\">\n\t<a href=\"https:\/\/www.rucashk.com\/es\" title=\"Home\">Home<\/a>\n<\/span><span class=\"aioseo-breadcrumb-separator\">&raquo;<\/span><span class=\"aioseo-breadcrumb\">\n\t<a href=\"https:\/\/www.rucashk.com\/es\/products\/\" title=\"Productos\">Productos<\/a>\n<\/span><span class=\"aioseo-breadcrumb-separator\">&raquo;<\/span><span class=\"aioseo-breadcrumb\">\n\t<a href=\"https:\/\/www.rucashk.com\/es\/categoria-producto\/xiaomi-eco\/\" title=\"Xiaomi Eco\">Xiaomi Eco<\/a>\n<\/span><span class=\"aioseo-breadcrumb-separator\">&raquo;<\/span><span class=\"aioseo-breadcrumb\">\n\t<a href=\"https:\/\/www.rucashk.com\/es\/categoria-producto\/xiaomi-eco\/projector\/\" title=\"Projector\">Projector<\/a>\n<\/span><span class=\"aioseo-breadcrumb-separator\">&raquo;<\/span><span class=\"aioseo-breadcrumb\">\n\tMi Laser Projector 150\n<\/span><\/div>","aioseo_breadcrumb_json":[{"label":"Home","link":"https:\/\/www.rucashk.com\/es"},{"label":"Productos","link":"https:\/\/www.rucashk.com\/es\/products\/"},{"label":"Xiaomi Eco","link":"https:\/\/www.rucashk.com\/es\/categoria-producto\/xiaomi-eco\/"},{"label":"Projector","link":"https:\/\/www.rucashk.com\/es\/categoria-producto\/xiaomi-eco\/projector\/"},{"label":"Mi Laser Projector 150","link":"https:\/\/www.rucashk.com\/es\/producto\/mi-laser-projector-150\/"}],"_links":{"self":[{"href":"https:\/\/www.rucashk.com\/es\/wp-json\/wp\/v2\/product\/23273","targetHints":{"allow":["GET"]}}],"collection":[{"href":"https:\/\/www.rucashk.com\/es\/wp-json\/wp\/v2\/product"}],"about":[{"href":"https:\/\/www.rucashk.com\/es\/wp-json\/wp\/v2\/types\/product"}],"wp:featuredmedia":[{"embeddable":true,"href":"https:\/\/www.rucashk.com\/es\/wp-json\/wp\/v2\/media\/23337"}],"wp:attachment":[{"href":"https:\/\/www.rucashk.com\/es\/wp-json\/wp\/v2\/media?parent=23273"}],"wp:term":[{"taxonomy":"product_brand","embeddable":true,"href":"https:\/\/www.rucashk.com\/es\/wp-json\/wp\/v2\/product_brand?post=23273"},{"taxonomy":"product_cat","embeddable":true,"href":"https:\/\/www.rucashk.com\/es\/wp-json\/wp\/v2\/product_cat?post=23273"},{"taxonomy":"product_tag","embeddable":true,"href":"https:\/\/www.rucashk.com\/es\/wp-json\/wp\/v2\/product_tag?post=23273"}],"curies":[{"name":"wp","href":"https:\/\/api.w.org\/{rel}","templated":true}]}}