{"id":23230,"date":"2024-01-09T15:52:41","date_gmt":"2024-01-09T15:52:41","guid":{"rendered":"http:\/\/rucashk.com\/?post_type=product&#038;p=23230"},"modified":"2024-01-21T04:31:30","modified_gmt":"2024-01-21T04:31:30","slug":"xiaomi-electric-kettle","status":"publish","type":"product","link":"https:\/\/www.rucashk.com\/es\/producto\/xiaomi-electric-kettle\/","title":{"rendered":"Hervidor el\u00e9ctrico Xiaomi"},"content":{"rendered":"<h2 style=\"text-align: center\" data-spm-anchor-id=\"a2g0o.detail.1000023.i0.1ee33fdd3K3c4v\">Hervidor el\u00e9ctrico Xiaomi MIJIA<\/h2>\n<p style=\"text-align: center\">R\u00e1pido de boll 304 acero inoxidable 1.5acity Iantl-escaldado doble capa I 13cm<\/p>\n<p><img fetchpriority=\"high\" decoding=\"async\" class=\"aligncenter\" src=\"https:\/\/www.rucashk.com\/wp-content\/uploads\/2020\/06\/HTB1L6zkXOfrK1RjSspbq6A4pFXac.jpg\" alt=\"Xiaomi\u00a0Electric Kettle\" width=\"950\" height=\"833\" \/><\/p>\n<p style=\"text-align: center\">1, 5 l de gran capacidad<\/p>\n<p style=\"text-align: center\">Conozca una bebida familiar hirviendo, no es necesario hervir agua con frecuencia<\/p>\n<p><img decoding=\"async\" class=\"aligncenter\" src=\"https:\/\/www.rucashk.com\/wp-content\/uploads\/2020\/06\/HTB1z_TmXIfrK1Rjy0Fmq6xhEXXaa.jpg\" alt=\"Xiaomi\u00a0Electric Kettle\" width=\"950\" height=\"940\" \/><img decoding=\"async\" class=\"aligncenter\" src=\"https:\/\/www.rucashk.com\/wp-content\/uploads\/2020\/06\/HTB1u8fpXLfsK1RjSszgq6yXzpXab.jpg\" alt=\"Xiaomi\u00a0Electric Kettle\" width=\"950\" height=\"972\" \/><\/p>\n<p style=\"text-align: center\">Capa interior de acero inoxidable 304. M\u00e1s segura y limpia.<\/p>\n<p style=\"text-align: center\">Acero inoxidable est\u00e1ndar apto para uso alimentario, inoxidable, antical, inodoro, f\u00e1cil de limpiar.<\/p>\n<p><img loading=\"lazy\" decoding=\"async\" class=\"aligncenter\" src=\"https:\/\/www.rucashk.com\/wp-content\/uploads\/2020\/06\/HTB1uprsXULrK1Rjy0Fjq6zYXFXaW.jpg\" alt=\"Xiaomi\u00a0Electric Kettle\" width=\"950\" height=\"689\" \/><\/p>\n<p style=\"text-align: center\">Controlador de temperatura STRIX superior<\/p>\n<p style=\"text-align: center\">Garantizar una ebullici\u00f3n completa y una vida \u00fatil m\u00e1s larga.<\/p>\n<p style=\"text-align: center\">El control preciso de la temperatura garantiza agua completamente hervida para beber.<\/p>\n<p style=\"text-align: center\">El controlador STRIX puede durar 10000 veces su uso<\/p>\n<p style=\"text-align: center\"><img loading=\"lazy\" decoding=\"async\" class=\"aligncenter\" src=\"https:\/\/www.rucashk.com\/wp-content\/uploads\/2020\/06\/HTB1gNPpXUzrK1RjSspmq6AOdFXa9.jpg\" alt=\"Xiaomi\u00a0Electric Kettle\" width=\"950\" height=\"682\" \/><\/p>\n<p style=\"text-align: center\">Dise\u00f1o de destape de amortiguaci\u00f3n de dos etapas<\/p>\n<p style=\"text-align: center\">Prevenir salpicaduras y quemaduras.<\/p>\n<p style=\"text-align: center\">Presione el bot\u00f3n de apertura de la tapa, la tapa se abre autom\u00e1ticamente en un \u00e1ngulo de 30 grados sin que salpiquen gotas calientes, lo que evita que las salpicaduras lo quemen.<\/p>\n<p><img loading=\"lazy\" decoding=\"async\" class=\"aligncenter\" src=\"https:\/\/www.rucashk.com\/wp-content\/uploads\/2020\/06\/HTB15aPmXUvrK1RjSszfq6xJNVXaX.jpg\" alt=\"Xiaomi\u00a0Electric Kettle\" width=\"950\" height=\"652\" \/><\/p>\n<p style=\"text-align: center\">Doble capa anti-escaldaduras<\/p>\n<p style=\"text-align: center\">M\u00e1s aislamiento t\u00e9rmico para proteger las manos<\/p>\n<p style=\"text-align: center\">con la capa de aislamiento hueca entre la capa interior y exterior<\/p>\n<p><img loading=\"lazy\" decoding=\"async\" class=\"aligncenter\" src=\"https:\/\/www.rucashk.com\/wp-content\/uploads\/2020\/06\/HTB1hT6rXIrrK1Rjy1zeq6xalFXaC.jpg\" alt=\"Xiaomi\u00a0Electric Kettle\" width=\"950\" height=\"1226\" \/><\/p>\n<p>&nbsp;<\/p>\n<p style=\"text-align: center\">Triple protecci\u00f3n de seguridad<\/p>\n<p style=\"text-align: center\">Prevenir descargas el\u00e9ctricas<\/p>\n<p style=\"text-align: center\">Apagado autom\u00e1tico en seco<\/p>\n<p style=\"text-align: center\">Apagado autom\u00e1tico en ebullici\u00f3n<\/p>\n<p><img loading=\"lazy\" decoding=\"async\" class=\"aligncenter\" src=\"https:\/\/www.rucashk.com\/wp-content\/uploads\/2020\/06\/HTB1Hy6qXPnuK1RkSmFPq6AuzFXaV.jpg\" alt=\"Xiaomi\u00a0Electric Kettle\" width=\"950\" height=\"725\" \/><\/p>\n<p style=\"text-align: center\">Luz indicadora LED visible<\/p>\n<p style=\"text-align: center\">Conveniente para seguir el <a class=\"\" style=\"width: auto !important\" href=\"https:\/\/www.rucashk.com\/es\/producto\/mi-xiaolang-tds-instant-heating-water-pump\/\" data-wpil-post-to-id=\"6647\">calentamiento de agua<\/a> proceso<\/p>\n<p><img loading=\"lazy\" decoding=\"async\" class=\"aligncenter\" src=\"https:\/\/www.rucashk.com\/wp-content\/uploads\/2020\/06\/HTB1HVrsXULrK1Rjy0Fjq6zYXFXan.jpg\" alt=\"Xiaomi\u00a0Electric Kettle\" width=\"950\" height=\"671\" \/><\/p>\n<p style=\"text-align: center\">Almacenamiento de cable considerado<\/p>\n<p style=\"text-align: center\">M\u00e1s ordenada y bonita<\/p>\n<p style=\"text-align: center\">F\u00e1cil de ordenar el cable de alimentaci\u00f3n de gran longitud. Hermanamiento en la parte inferior de la base.<\/p>\n<p><img decoding=\"async\" class=\"aligncenter\" src=\"https:\/\/www.rucashk.com\/wp-content\/uploads\/2020\/06\/HTB1qYzmXTHuK1RkSndVq6xVwpXaP.jpg\" alt=\"_19\" \/><\/p>\n<div><span data-spm-anchor-id=\"a2g0o.detail.1000023.i0.1f1d73a6xWgt8N\">* 304 <a class=\"\" style=\"width: auto !important\" href=\"https:\/\/www.rucashk.com\/es\/39-9rmb-xiaomi-grocery-store-new-life-experience-high-quality-stainless-steel-create-a-xiaomi-ecological-chain-explosive\/\" data-wpil-post-to-id=\"7150\">Acero inoxidable<\/a> Capa interna<\/span><\/div>\n<div>Acero inoxidable est\u00e1ndar apto para uso alimentario, inoxidable, antical, inodoro, f\u00e1cil de limpiar.<\/div>\n<div data-spm-anchor-id=\"a2g0o.detail.1000023.i2.1f1d73a6xWgt8N\">* 1,5 L de gran capacidad<\/div>\n<div>Un hervor puede preparar una bebida familiar para varios miembros, no es necesario hervir agua con frecuencia.<\/div>\n<div data-spm-anchor-id=\"a2g0o.detail.1000023.i3.1f1d73a6xWgt8N\">* Doble capa anti-escaldado<\/div>\n<div>Con la capa de aislamiento hueca entre la capa interior y exterior, proporciona m\u00e1s aislamiento t\u00e9rmico para protegerte de quemaduras.<\/div>\n<div data-spm-anchor-id=\"a2g0o.detail.1000023.i4.1f1d73a6xWgt8N\">* Control superior de temperatura STRIX<\/div>\n<div>El control preciso de la temperatura garantiza una ebullici\u00f3n completa y una vida \u00fatil m\u00e1s larga.<\/div>\n<div data-spm-anchor-id=\"a2g0o.detail.1000023.i5.1f1d73a6xWgt8N\">* Dise\u00f1o sin tapa de amortiguaci\u00f3n de dos etapas<\/div>\n<div>Presione el bot\u00f3n de apertura de la tapa, la tapa se abre autom\u00e1ticamente en un \u00e1ngulo de 30 grados sin que salpiquen gotas calientes, lo que evita que las salpicaduras lo quemen.<\/div>\n<div><span data-spm-anchor-id=\"a2g0o.detail.1000023.i6.1f1d73a6xWgt8N\">* Triple protecci\u00f3n de seguridad<\/span><\/div>\n<div data-spm-anchor-id=\"a2g0o.detail.1000023.i1.1f1d73a6xWgt8N\">Prevenir <a class=\"\" style=\"width: auto !important\" href=\"https:\/\/www.rucashk.com\/es\/producto\/soocas-electric-hair-dryer-h3s\/\" data-wpil-post-to-id=\"5046\">descarga el\u00e9ctrica, sin fugas el\u00e9ctricas y apagado autom\u00e1tico mientras est\u00e1 seco<\/a> operaci\u00f3n y ebullici\u00f3n<\/div>\n<div data-spm-anchor-id=\"a2g0o.detail.1000023.i7.1f1d73a6xWgt8N\">* Dise\u00f1o uni-cuerpo sin costuras<\/div>\n<div>F\u00e1cil de limpiar, di adi\u00f3s a la suciedad interior.<\/div>\n<div data-spm-anchor-id=\"a2g0o.detail.1000023.i8.1f1d73a6xWgt8N\">* Luz indicadora LED visible<\/div>\n<div>Conveniente para seguir el <a class=\"\" style=\"width: auto !important\" href=\"https:\/\/www.rucashk.com\/es\/producto\/mi-xiaolang-tds-instant-heating-water-pump\/\" data-wpil-post-to-id=\"6647\">calentamiento de agua<\/a> proceso<\/div>\n<div>* Almacenamiento de cable considerado<\/div>\n<div>F\u00e1cil de ordenar gracias al cable de alimentaci\u00f3n de gran longitud, que se entrelaza en la parte inferior de la base principal.<\/div>","protected":false},"excerpt":{"rendered":"<p>* 304 Stainless Steel Inner Layer<\/p>\n<p>* 1,5 L de gran capacidad<\/p>\n<p>* Doble capa anti-escaldado<\/p>\n<p>* Control superior de temperatura STRIX<\/p>\n<p>* Dise\u00f1o sin tapa de amortiguaci\u00f3n de dos etapas<\/p>\n<p>* Triple protecci\u00f3n de seguridad<\/p>\n<p>* Dise\u00f1o uni-cuerpo sin costuras<\/p>\n<p>* Luz indicadora LED visible<\/p>","protected":false},"featured_media":23269,"template":"","meta":[],"product_brand":[],"product_cat":[1318,1305],"product_tag":[837],"class_list":{"0":"post-23230","1":"product","2":"type-product","3":"status-publish","4":"has-post-thumbnail","6":"product_cat-gadgets","7":"product_cat-xiaomi-eco","8":"product_tag-xiaomi-electric-kettle","10":"first","11":"instock","12":"shipping-taxable","13":"product-type-external"},"aioseo_notices":[],"aioseo_head":"\n\t\t<!-- All in One SEO Pro 4.5.9.2 - aioseo.com -->\n\t\t<meta name=\"description\" content=\"* 304 Stainless Steel Inner Layer * 1.5L Large Capacity * Anti-scalding Double Layers * Superior STRIX Temperature Control * Two Stage Damping Uncap Design * Triple Security Protection * Seamless Uni-body Design * Visible LED Indicator Light\" \/>\n\t\t<meta name=\"robots\" content=\"max-image-preview:large\" \/>\n\t\t<link rel=\"canonical\" href=\"https:\/\/www.rucashk.com\/es\/producto\/xiaomi-electric-kettle\/\" \/>\n\t\t<meta name=\"generator\" content=\"All in One SEO Pro (AIOSEO) 4.5.9.2\" \/>\n\t\t<meta property=\"og:locale\" content=\"es_ES\" \/>\n\t\t<meta property=\"og:site_name\" content=\"Rucas - One-stop AIoT Distribution Worldwide\" \/>\n\t\t<meta property=\"og:type\" content=\"article\" \/>\n\t\t<meta property=\"og:title\" content=\"Xiaomi Electric Kettle - Rucas - Wholesale and Distribution\" \/>\n\t\t<meta property=\"og:description\" content=\"* 304 Stainless Steel Inner Layer * 1.5L Large Capacity * Anti-scalding Double Layers * Superior STRIX Temperature Control * Two Stage Damping Uncap Design * Triple Security Protection * Seamless Uni-body Design * Visible LED Indicator Light\" \/>\n\t\t<meta property=\"og:url\" content=\"https:\/\/www.rucashk.com\/es\/producto\/xiaomi-electric-kettle\/\" \/>\n\t\t<meta property=\"og:image\" content=\"https:\/\/www.rucashk.com\/wp-content\/uploads\/replace\/503b8e645f128a97ccde2b6290747646.jpeg\" \/>\n\t\t<meta property=\"og:image:secure_url\" content=\"https:\/\/www.rucashk.com\/wp-content\/uploads\/replace\/503b8e645f128a97ccde2b6290747646.jpeg\" \/>\n\t\t<meta property=\"og:image:width\" content=\"1456\" \/>\n\t\t<meta property=\"og:image:height\" content=\"816\" \/>\n\t\t<meta property=\"article:published_time\" content=\"2024-01-09T15:52:41+00:00\" \/>\n\t\t<meta property=\"article:modified_time\" content=\"2024-01-21T04:31:30+00:00\" \/>\n\t\t<meta name=\"twitter:card\" content=\"summary_large_image\" \/>\n\t\t<meta name=\"twitter:title\" content=\"Xiaomi Electric Kettle - Rucas - Wholesale and Distribution\" \/>\n\t\t<meta name=\"twitter:description\" content=\"* 304 Stainless Steel Inner Layer * 1.5L Large Capacity * Anti-scalding Double Layers * Superior STRIX Temperature Control * Two Stage Damping Uncap Design * Triple Security Protection * Seamless Uni-body Design * Visible LED Indicator Light\" \/>\n\t\t<meta name=\"twitter:image\" content=\"https:\/\/www.rucashk.com\/wp-content\/uploads\/replace\/503b8e645f128a97ccde2b6290747646.jpeg\" \/>\n\t\t<script type=\"application\/ld+json\" class=\"aioseo-schema\">\n\t\t\t{\"@context\":\"https:\\\/\\\/schema.org\",\"@graph\":[{\"@type\":\"BreadcrumbList\",\"@id\":\"https:\\\/\\\/www.rucashk.com\\\/es\\\/producto\\\/xiaomi-electric-kettle\\\/#breadcrumblist\",\"itemListElement\":[{\"@type\":\"ListItem\",\"@id\":\"https:\\\/\\\/www.rucashk.com\\\/es\\\/#listItem\",\"position\":1,\"name\":\"Home\",\"item\":\"https:\\\/\\\/www.rucashk.com\\\/es\\\/\",\"nextItem\":\"https:\\\/\\\/www.rucashk.com\\\/es\\\/producto\\\/xiaomi-electric-kettle\\\/#listItem\"},{\"@type\":\"ListItem\",\"@id\":\"https:\\\/\\\/www.rucashk.com\\\/es\\\/producto\\\/xiaomi-electric-kettle\\\/#listItem\",\"position\":2,\"name\":\"Xiaomi\\u00a0Electric Kettle\",\"previousItem\":\"https:\\\/\\\/www.rucashk.com\\\/es\\\/#listItem\"}]},{\"@type\":\"Organization\",\"@id\":\"https:\\\/\\\/www.rucashk.com\\\/es\\\/#organization\",\"name\":\"Rucas\",\"url\":\"https:\\\/\\\/www.rucashk.com\\\/es\\\/\",\"logo\":{\"@type\":\"ImageObject\",\"url\":\"https:\\\/\\\/www.rucashk.com\\\/wp-content\\\/uploads\\\/2023\\\/12\\\/Rucas_campany_logo.png\",\"@id\":\"https:\\\/\\\/www.rucashk.com\\\/es\\\/producto\\\/xiaomi-electric-kettle\\\/#organizationLogo\",\"width\":221,\"height\":65},\"image\":{\"@id\":\"https:\\\/\\\/www.rucashk.com\\\/es\\\/#organizationLogo\"}},{\"@type\":\"Person\",\"@id\":\"https:\\\/\\\/www.rucashk.com\\\/es\\\/author\\\/admin\\\/#author\",\"url\":\"https:\\\/\\\/www.rucashk.com\\\/es\\\/author\\\/admin\\\/\",\"name\":\"admin\",\"image\":{\"@type\":\"ImageObject\",\"@id\":\"https:\\\/\\\/www.rucashk.com\\\/es\\\/producto\\\/xiaomi-electric-kettle\\\/#authorImage\",\"url\":\"https:\\\/\\\/secure.gravatar.com\\\/avatar\\\/b7c8925b09a27e72b30232f8ecaadbd5af0f70a38c78096863fe51b64f031c24?s=96&d=mm&r=g\",\"width\":96,\"height\":96,\"caption\":\"admin\"}},{\"@type\":\"WebPage\",\"@id\":\"https:\\\/\\\/www.rucashk.com\\\/es\\\/producto\\\/xiaomi-electric-kettle\\\/#webpage\",\"url\":\"https:\\\/\\\/www.rucashk.com\\\/es\\\/producto\\\/xiaomi-electric-kettle\\\/\",\"name\":\"Xiaomi Electric Kettle - Rucas - Wholesale and Distribution\",\"description\":\"* 304 Stainless Steel Inner Layer * 1.5L Large Capacity * Anti-scalding Double Layers * Superior STRIX Temperature Control * Two Stage Damping Uncap Design * Triple Security Protection * Seamless Uni-body Design * Visible LED Indicator Light\",\"inLanguage\":\"es-ES\",\"isPartOf\":{\"@id\":\"https:\\\/\\\/www.rucashk.com\\\/es\\\/#website\"},\"breadcrumb\":{\"@id\":\"https:\\\/\\\/www.rucashk.com\\\/es\\\/producto\\\/xiaomi-electric-kettle\\\/#breadcrumblist\"},\"author\":{\"@id\":\"https:\\\/\\\/www.rucashk.com\\\/es\\\/author\\\/admin\\\/#author\"},\"creator\":{\"@id\":\"https:\\\/\\\/www.rucashk.com\\\/es\\\/author\\\/admin\\\/#author\"},\"image\":{\"@type\":\"ImageObject\",\"url\":\"https:\\\/\\\/www.rucashk.com\\\/wp-content\\\/uploads\\\/2024\\\/01\\\/xiaomi-Electric-kettle.jpg\",\"@id\":\"https:\\\/\\\/www.rucashk.com\\\/es\\\/producto\\\/xiaomi-electric-kettle\\\/#mainImage\",\"width\":510,\"height\":489},\"primaryImageOfPage\":{\"@id\":\"https:\\\/\\\/www.rucashk.com\\\/es\\\/producto\\\/xiaomi-electric-kettle\\\/#mainImage\"},\"datePublished\":\"2024-01-09T15:52:41+00:00\",\"dateModified\":\"2024-01-21T04:31:30+00:00\"},{\"@type\":\"WebSite\",\"@id\":\"https:\\\/\\\/www.rucashk.com\\\/es\\\/#website\",\"url\":\"https:\\\/\\\/www.rucashk.com\\\/es\\\/\",\"name\":\"Rucas - Wholesale and distribution worldwide\",\"alternateName\":\"Rucas - One-stop AIoT Distribution Worldwide\",\"description\":\"One-stop AIoT Distribution Worldwide\",\"inLanguage\":\"es-ES\",\"publisher\":{\"@id\":\"https:\\\/\\\/www.rucashk.com\\\/es\\\/#organization\"}}]}\n\t\t<\/script>\n\t\t<!-- All in One SEO Pro -->\r\n\t\t<title>Xiaomi Electric Kettle - Rucas - Wholesale and Distribution<\/title>\n\n","aioseo_head_json":{"title":"Xiaomi Electric Kettle - Rucas - Wholesale and Distribution","description":"* 304 Stainless Steel Inner Layer * 1.5L Large Capacity * Anti-scalding Double Layers * Superior STRIX Temperature Control * Two Stage Damping Uncap Design * Triple Security Protection * Seamless Uni-body Design * Visible LED Indicator Light","canonical_url":"https:\/\/www.rucashk.com\/es\/producto\/xiaomi-electric-kettle\/","robots":"max-image-preview:large","keywords":"","webmasterTools":{"miscellaneous":""},"og:locale":"es_ES","og:site_name":"Rucas - One-stop AIoT Distribution Worldwide","og:type":"article","og:title":"Xiaomi Electric Kettle - Rucas - Wholesale and Distribution","og:description":"* 304 Stainless Steel Inner Layer * 1.5L Large Capacity * Anti-scalding Double Layers * Superior STRIX Temperature Control * Two Stage Damping Uncap Design * Triple Security Protection * Seamless Uni-body Design * Visible LED Indicator Light","og:url":"https:\/\/www.rucashk.com\/es\/producto\/xiaomi-electric-kettle\/","og:image":"https:\/\/www.rucashk.com\/wp-content\/uploads\/replace\/503b8e645f128a97ccde2b6290747646.jpeg","og:image:secure_url":"https:\/\/www.rucashk.com\/wp-content\/uploads\/replace\/503b8e645f128a97ccde2b6290747646.jpeg","og:image:width":1456,"og:image:height":816,"article:published_time":"2024-01-09T15:52:41+00:00","article:modified_time":"2024-01-21T04:31:30+00:00","twitter:card":"summary_large_image","twitter:title":"Xiaomi Electric Kettle - Rucas - Wholesale and Distribution","twitter:description":"* 304 Stainless Steel Inner Layer * 1.5L Large Capacity * Anti-scalding Double Layers * Superior STRIX Temperature Control * Two Stage Damping Uncap Design * Triple Security Protection * Seamless Uni-body Design * Visible LED Indicator Light","twitter:image":"https:\/\/www.rucashk.com\/wp-content\/uploads\/replace\/503b8e645f128a97ccde2b6290747646.jpeg","schema":{"@context":"https:\/\/schema.org","@graph":[{"@type":"BreadcrumbList","@id":"https:\/\/www.rucashk.com\/es\/producto\/xiaomi-electric-kettle\/#breadcrumblist","itemListElement":[{"@type":"ListItem","@id":"https:\/\/www.rucashk.com\/es\/#listItem","position":1,"name":"Home","item":"https:\/\/www.rucashk.com\/es\/","nextItem":"https:\/\/www.rucashk.com\/es\/producto\/xiaomi-electric-kettle\/#listItem"},{"@type":"ListItem","@id":"https:\/\/www.rucashk.com\/es\/producto\/xiaomi-electric-kettle\/#listItem","position":2,"name":"Xiaomi\u00a0Electric Kettle","previousItem":"https:\/\/www.rucashk.com\/es\/#listItem"}]},{"@type":"Organization","@id":"https:\/\/www.rucashk.com\/es\/#organization","name":"Rucas","url":"https:\/\/www.rucashk.com\/es\/","logo":{"@type":"ImageObject","url":"https:\/\/www.rucashk.com\/wp-content\/uploads\/2023\/12\/Rucas_campany_logo.png","@id":"https:\/\/www.rucashk.com\/es\/producto\/xiaomi-electric-kettle\/#organizationLogo","width":221,"height":65},"image":{"@id":"https:\/\/www.rucashk.com\/es\/#organizationLogo"}},{"@type":"Person","@id":"https:\/\/www.rucashk.com\/es\/author\/admin\/#author","url":"https:\/\/www.rucashk.com\/es\/author\/admin\/","name":"admin","image":{"@type":"ImageObject","@id":"https:\/\/www.rucashk.com\/es\/producto\/xiaomi-electric-kettle\/#authorImage","url":"https:\/\/secure.gravatar.com\/avatar\/b7c8925b09a27e72b30232f8ecaadbd5af0f70a38c78096863fe51b64f031c24?s=96&d=mm&r=g","width":96,"height":96,"caption":"admin"}},{"@type":"WebPage","@id":"https:\/\/www.rucashk.com\/es\/producto\/xiaomi-electric-kettle\/#webpage","url":"https:\/\/www.rucashk.com\/es\/producto\/xiaomi-electric-kettle\/","name":"Xiaomi Electric Kettle - Rucas - Wholesale and Distribution","description":"* 304 Stainless Steel Inner Layer * 1.5L Large Capacity * Anti-scalding Double Layers * Superior STRIX Temperature Control * Two Stage Damping Uncap Design * Triple Security Protection * Seamless Uni-body Design * Visible LED Indicator Light","inLanguage":"es-ES","isPartOf":{"@id":"https:\/\/www.rucashk.com\/es\/#website"},"breadcrumb":{"@id":"https:\/\/www.rucashk.com\/es\/producto\/xiaomi-electric-kettle\/#breadcrumblist"},"author":{"@id":"https:\/\/www.rucashk.com\/es\/author\/admin\/#author"},"creator":{"@id":"https:\/\/www.rucashk.com\/es\/author\/admin\/#author"},"image":{"@type":"ImageObject","url":"https:\/\/www.rucashk.com\/wp-content\/uploads\/2024\/01\/xiaomi-Electric-kettle.jpg","@id":"https:\/\/www.rucashk.com\/es\/producto\/xiaomi-electric-kettle\/#mainImage","width":510,"height":489},"primaryImageOfPage":{"@id":"https:\/\/www.rucashk.com\/es\/producto\/xiaomi-electric-kettle\/#mainImage"},"datePublished":"2024-01-09T15:52:41+00:00","dateModified":"2024-01-21T04:31:30+00:00"},{"@type":"WebSite","@id":"https:\/\/www.rucashk.com\/es\/#website","url":"https:\/\/www.rucashk.com\/es\/","name":"Rucas - Wholesale and distribution worldwide","alternateName":"Rucas - One-stop AIoT Distribution Worldwide","description":"One-stop AIoT Distribution Worldwide","inLanguage":"es-ES","publisher":{"@id":"https:\/\/www.rucashk.com\/es\/#organization"}}]}},"aioseo_meta_data":{"post_id":"23230","title":null,"description":null,"keywords":null,"keyphrases":null,"primary_term":null,"canonical_url":null,"og_title":null,"og_description":null,"og_object_type":"default","og_image_type":"default","og_image_url":null,"og_image_width":null,"og_image_height":null,"og_image_custom_url":null,"og_image_custom_fields":null,"og_video":null,"og_custom_url":null,"og_article_section":null,"og_article_tags":null,"twitter_use_og":false,"twitter_card":"default","twitter_image_type":"default","twitter_image_url":null,"twitter_image_custom_url":null,"twitter_image_custom_fields":null,"twitter_title":null,"twitter_description":null,"schema":{"blockGraphs":[],"customGraphs":[],"default":{"data":{"Article":[],"Course":[],"Dataset":[],"FAQPage":[],"Movie":[],"Person":[],"Product":[],"Recipe":[],"Service":[],"SoftwareApplication":[],"WebPage":[]},"graphName":"","isEnabled":true},"graphs":[]},"schema_type":"default","schema_type_options":null,"pillar_content":false,"robots_default":true,"robots_noindex":false,"robots_noarchive":false,"robots_nosnippet":false,"robots_nofollow":false,"robots_noimageindex":false,"robots_noodp":false,"robots_notranslate":false,"robots_max_snippet":null,"robots_max_videopreview":null,"robots_max_imagepreview":"large","priority":null,"frequency":null,"local_seo":null,"breadcrumb_settings":null,"limit_modified_date":false,"created":"2024-04-11 01:55:28","updated":"2025-06-22 17:02:05"},"aioseo_breadcrumb":"<div class=\"aioseo-breadcrumbs\"><span class=\"aioseo-breadcrumb\">\n\t<a href=\"https:\/\/www.rucashk.com\/es\" title=\"Home\">Home<\/a>\n<\/span><span class=\"aioseo-breadcrumb-separator\">&raquo;<\/span><span class=\"aioseo-breadcrumb\">\n\t<a href=\"https:\/\/www.rucashk.com\/es\/products\/\" title=\"Productos\">Productos<\/a>\n<\/span><span class=\"aioseo-breadcrumb-separator\">&raquo;<\/span><span class=\"aioseo-breadcrumb\">\n\t<a href=\"https:\/\/www.rucashk.com\/es\/categoria-producto\/xiaomi-eco\/\" title=\"Xiaomi Eco\">Xiaomi Eco<\/a>\n<\/span><span class=\"aioseo-breadcrumb-separator\">&raquo;<\/span><span class=\"aioseo-breadcrumb\">\n\t<a href=\"https:\/\/www.rucashk.com\/es\/categoria-producto\/xiaomi-eco\/gadgets\/\" title=\"Gadgets\">Gadgets<\/a>\n<\/span><span class=\"aioseo-breadcrumb-separator\">&raquo;<\/span><span class=\"aioseo-breadcrumb\">\n\tXiaomi\u00a0Electric Kettle\n<\/span><\/div>","aioseo_breadcrumb_json":[{"label":"Home","link":"https:\/\/www.rucashk.com\/es"},{"label":"Productos","link":"https:\/\/www.rucashk.com\/es\/products\/"},{"label":"Xiaomi Eco","link":"https:\/\/www.rucashk.com\/es\/categoria-producto\/xiaomi-eco\/"},{"label":"Gadgets","link":"https:\/\/www.rucashk.com\/es\/categoria-producto\/xiaomi-eco\/gadgets\/"},{"label":"Xiaomi\u00a0Electric Kettle","link":"https:\/\/www.rucashk.com\/es\/producto\/xiaomi-electric-kettle\/"}],"_links":{"self":[{"href":"https:\/\/www.rucashk.com\/es\/wp-json\/wp\/v2\/product\/23230","targetHints":{"allow":["GET"]}}],"collection":[{"href":"https:\/\/www.rucashk.com\/es\/wp-json\/wp\/v2\/product"}],"about":[{"href":"https:\/\/www.rucashk.com\/es\/wp-json\/wp\/v2\/types\/product"}],"wp:featuredmedia":[{"embeddable":true,"href":"https:\/\/www.rucashk.com\/es\/wp-json\/wp\/v2\/media\/23269"}],"wp:attachment":[{"href":"https:\/\/www.rucashk.com\/es\/wp-json\/wp\/v2\/media?parent=23230"}],"wp:term":[{"taxonomy":"product_brand","embeddable":true,"href":"https:\/\/www.rucashk.com\/es\/wp-json\/wp\/v2\/product_brand?post=23230"},{"taxonomy":"product_cat","embeddable":true,"href":"https:\/\/www.rucashk.com\/es\/wp-json\/wp\/v2\/product_cat?post=23230"},{"taxonomy":"product_tag","embeddable":true,"href":"https:\/\/www.rucashk.com\/es\/wp-json\/wp\/v2\/product_tag?post=23230"}],"curies":[{"name":"wp","href":"https:\/\/api.w.org\/{rel}","templated":true}]}}