{"id":23225,"date":"2024-01-09T15:52:41","date_gmt":"2024-01-09T15:52:41","guid":{"rendered":"http:\/\/rucashk.com\/?post_type=product&#038;p=23225"},"modified":"2024-01-21T09:05:13","modified_gmt":"2024-01-21T09:05:13","slug":"yi-z15-88001-2k-16-mp-action-camera","status":"publish","type":"product","link":"https:\/\/www.rucashk.com\/es\/producto\/yi-z15-88001-2k-16-mp-action-camera\/","title":{"rendered":"C\u00e1mara de acci\u00f3n YI Z15 88001 2K 16 MP"},"content":{"rendered":"<p><img fetchpriority=\"high\" decoding=\"async\" class=\"aligncenter\" src=\"https:\/\/www.rucashk.com\/wp-content\/uploads\/2020\/06\/61jzB5QXeQL._AC_SL1000_.jpg\" alt=\"YI Z15 88001 2K 16 MP Action Camera\" width=\"1000\" height=\"1000\" \/><\/p>\n<p><img decoding=\"async\" class=\"aligncenter\" src=\"https:\/\/www.rucashk.com\/wp-content\/uploads\/2020\/06\/611WgUFTQOL._AC_SL1000_.jpg\" alt=\"YI Z15 88001 2K 16 MP Action Camera\" width=\"1000\" height=\"1000\" \/><\/p>\n<p><img decoding=\"async\" class=\"aligncenter\" src=\"https:\/\/www.rucashk.com\/wp-content\/uploads\/2020\/06\/61G0qS1rw0L._AC_SL1000_.jpg\" alt=\"YI Z15 88001 2K 16 MP Action Camera\" width=\"1000\" height=\"931\" \/><\/p>\n<p><img loading=\"lazy\" decoding=\"async\" class=\"aligncenter\" src=\"https:\/\/www.rucashk.com\/wp-content\/uploads\/2020\/06\/71gdnuD25TL._AC_SL1000_.jpg\" alt=\"YI Z15 88001 2K 16 MP Action Camera\" width=\"1000\" height=\"1000\" \/><\/p>\n<p><img loading=\"lazy\" decoding=\"async\" class=\"aligncenter\" src=\"https:\/\/www.rucashk.com\/wp-content\/uploads\/2020\/06\/619yPO4XGSL._AC_SL1000_.jpg\" alt=\"YI Z15 88001 2K 16 MP Action Camera\" width=\"986\" height=\"806\" \/><\/p>\n<p><img loading=\"lazy\" decoding=\"async\" class=\"aligncenter\" src=\"https:\/\/www.rucashk.com\/wp-content\/uploads\/2020\/06\/61J2BMA4lTgL._AC_SL1000_.jpg\" alt=\"YI Z15 88001 2K 16 MP Action Camera\" width=\"1000\" height=\"1000\" \/><\/p>\n<p><img loading=\"lazy\" decoding=\"async\" class=\"aligncenter\" src=\"https:\/\/www.rucashk.com\/wp-content\/uploads\/2020\/06\/71W2J4vOC2BL._AC_SL1000_.jpg\" alt=\"YI Z15 88001 2K 16 MP Action Camera\" width=\"1000\" height=\"1000\" \/><\/p>\n<div>\n<div class=\"ProductDescription\">\n<h2 class=\"ProductDescription__title\">Descripci\u00f3n<\/h2>\n<div class=\"ProductDescription__text\">\n<div class=\"LinesEllipsis\">\n<ul>\n<li>Chipset Amarelle a7ls, tecnolog\u00eda de procesamiento de se\u00f1ales digitales (DSP) de bajo consumo, motor de v\u00eddeo h264 y mjpeg de alta definici\u00f3n (HD) y procesador de aplicaciones arm11 de 700 mhz.<\/li>\n<li>Sony imx206, sensor de imagen CMOS de 1 y 2,3 pulgadas, 16 megap\u00edxeles con capacidad Exmor R.<\/li>\n<li>1080P y 60 fps, 720p y 120 fps, 848 x 480 y 240 fps.<\/li>\n<li>Bluetooth (4.0 por debajo del consumo de energ\u00eda) y Wi-Fi integrado (802. 11 bgn) de banda \u00fanica de 2,4 g.<\/li>\n<li><a class=\"\" style=\"width: auto !important\" href=\"https:\/\/www.rucashk.com\/es\/xiaomi-miui-official-release-miui-12-camera-function-transplant-instructions\/\" data-wpil-post-to-id=\"8971\">Lanzamiento oficial limitado de la edici\u00f3n estadounidense de la c\u00e1mara de acci\u00f3n YI<\/a> (optimizado para <a href=\"https:\/\/www.rucashk.com\/es\/huawei-matepad-pro-uses-graphene-for-heat-dissipation-will-the-battery-be-used\/\" class=\"\" style=\"width: auto !important\" data-wpil-post-to-id=\"16193\">Mercado estadounidense, mayor bater\u00eda<\/a> vida, cumple con los requisitos internacionales, ingl\u00e9s).<\/li>\n<li>En caso de cualquier consulta <a class=\"\" style=\"width: auto !important\" href=\"https:\/\/www.rucashk.com\/es\/contact-us\/\" data-wpil-post-to-id=\"907\">Cont\u00e1ctenos<\/a> en support@yitechnology.com.<\/li>\n<\/ul>\n<ul>\n<li><span class=\"import_india\">Importado de INDIA<\/span>.<\/li>\n<\/ul>\n<p>&nbsp;<\/p>\n<p>Nombre de estilo:C\u00e1mara<\/p>\n<p>YI, la elecci\u00f3n de m\u00e1s de 3,5 millones de usuarios satisfechos \u2022 Liderando el<br \/>\nmercado de tecnolog\u00eda de im\u00e1genes \u2022 Alto rendimiento, precio asequible \u2022<br \/>\nComentarios positivos y servicio al cliente Configuraci\u00f3n sencilla 1. Descargar<br \/>\n<a class=\"\" style=\"width: auto !important\" href=\"https:\/\/www.rucashk.com\/es\/producto\/xiaomi-yi-4k-plus-action-camera\/\" data-wpil-post-to-id=\"15584\">C\u00e1mara de acci\u00f3n YI<\/a> Aplicaci\u00f3n 2. Enciende la c\u00e1mara 3. Conecta la c\u00e1mara<br \/>\na la aplicaci\u00f3n 4. Comience a hacer y compartir videos + fotos 155\u00b0<br \/>\nLente ultra gran angular y lente de cristal de apertura F2.8. Capture m\u00e1s<br \/>\ntu mundo con la lente ultra gran angular. El 16MP totalmente de cristal<br \/>\nLa lente CMOS con apertura F2.8 te brinda una inmersi\u00f3n total<br \/>\nexperiencia. Sensor g ST de alto rendimiento. Wi-Fi de hasta 300 pies y<br \/>\nConectividad Bluetooth 4.0 Encuadre sus tomas perfectamente<br \/>\nVista previa de im\u00e1genes en vivo en su tel\u00e9fono con el Wi-Fi incorporado.<br \/>\nVea exactamente lo que ve su c\u00e1mara y tome fotograf\u00edas y v\u00eddeos desde<br \/>\nhasta 300 pies de distancia en su tel\u00e9fono. Controla la c\u00e1mara y ajusta el<br \/>\nconfiguraciones de forma remota en la aplicaci\u00f3n, el control remoto o la c\u00e1mara. foto y audio,<br \/>\nModos m\u00faltiples 16 megap\u00edxeles, resoluci\u00f3n m\u00e1xima 4608 x 3456, 0,5<br \/>\n\u2013 Modo de lapso de tiempo de 60 segundos, modo de sincronizaci\u00f3n de 3 a 15 segundos, 7 fotograf\u00edas\/segundo<br \/>\nModo continuo. 11 modos de v\u00eddeo y 4 modos de fotograf\u00eda Modos de v\u00eddeo: 1296p \u2013<br \/>\n30 fps 1080p \u2013 60 fps, 48 fps, 30 fps, 24 fps. 960p \u2013 60 fps, 48 fps.<br \/>\n720p: 120 fps, 60 fps, 48 fps. 480p \u2013 240fps. Micr\u00f3fono incorporado<br \/>\ny audio. Doble canal, muestreo de 96 KHz, SNR de 92 dBA. Ruido 3D<br \/>\nReducci\u00f3n <a class=\"\" style=\"width: auto !important\" href=\"https:\/\/www.rucashk.com\/es\/xiaomi-scooter-1s-released-30km-battery-life\/\" data-wpil-post-to-id=\"6898\">Duraci\u00f3n de la bater\u00eda<\/a> de 95 minutos, 990 mAH El oficial de EE. UU.<br \/>\nLos productos Edition han optimizado la duraci\u00f3n de la bater\u00eda en 20%. hasta 90<br \/>\nMinutos de grabaci\u00f3n en 1080p 60fps. Panasonic recargable,<br \/>\nBater\u00eda de iones de litio de alta densidad: 990 mAh. <a class=\"\" style=\"width: auto !important\" href=\"https:\/\/www.rucashk.com\/es\/producto\/xiaomi-smart-watch-gps-45days-long-battery\/\" data-wpil-post-to-id=\"9404\">bater\u00eda inteligente<\/a><br \/>\ngesti\u00f3n para un m\u00e1ximo aprovechamiento. Portabilidad sin sacrificios<br \/>\nCalidad, 2,5 onzas Los ingenieros t\u00e9cnicos de YI trabajan en estrecha colaboraci\u00f3n con el<br \/>\nequipo de producto para mantener YI compacto y port\u00e1til, pero no tambi\u00e9n enfocado<br \/>\nen el n\u00facleo de YI, el rendimiento. El resultado es una impresionante elegancia.<br \/>\ndise\u00f1o con desempe\u00f1o de calidad. \u2013El paquete incluye\u2013 1 x YI<br \/>\nAcci\u00f3n <a class=\"\" style=\"width: auto !important\" href=\"https:\/\/www.rucashk.com\/es\/producto\/xiaomi-note8-pro\/\" data-wpil-post-to-id=\"2388\">C\u00e1mara 1 x bater\u00eda<\/a> 1 cable micro USB, 1 manual.<\/p>\n<\/div>\n<\/div>\n<\/div>\n<div class=\"ProductReviews\">\n<h2 class=\"ProductReviews__title\"><\/h2>\n<\/div>\n<\/div>\n<div class=\"jss81 jss84\">\n<div class=\"sticky-outer-wrapper active\">\n<div class=\"sticky-inner-wrapper\">\n<div>\n<div class=\"ProductActions\">\n<div class=\"ProductActions__options\">\n<div class=\"MuiBackdrop-root MuiBackdrop-invisible\" aria-hidden=\"true\">\n<div class=\"MuiCircularProgress-root MuiCircularProgress-colorPrimary MuiCircularProgress-indeterminate\" role=\"progressbar\"><\/div>\n<\/div>\n<div class=\"ProductVariations__option-container\">\n<div class=\"ProductVariations__slider-title\"><\/div>\n<\/div>\n<\/div>\n<\/div>\n<\/div>\n<\/div>\n<\/div>\n<\/div>","protected":false},"excerpt":{"rendered":"<ul>\n<li>Chipset Amarelle a7ls, tecnolog\u00eda de procesamiento de se\u00f1ales digitales (DSP) de bajo consumo, motor de v\u00eddeo h264 y mjpeg de alta definici\u00f3n (HD) y procesador de aplicaciones arm11 de 700 mhz.<\/li>\n<li>Sony imx206, sensor de imagen CMOS de 1 y 2,3 pulgadas, 16 megap\u00edxeles con capacidad Exmor R.<\/li>\n<li>1080P y 60 fps, 720p y 120 fps, 848 x 480 y 240 fps.<\/li>\n<li>Bluetooth (4.0 por debajo del consumo de energ\u00eda) y Wi-Fi integrado (802. 11 bgn) de banda \u00fanica de 2,4 g.<\/li>\n<\/ul>","protected":false},"featured_media":23264,"template":"","meta":[],"product_brand":[],"product_cat":[1318,1305],"product_tag":[832],"class_list":{"0":"post-23225","1":"product","2":"type-product","3":"status-publish","4":"has-post-thumbnail","6":"product_cat-gadgets","7":"product_cat-xiaomi-eco","8":"product_tag-yi-z15-88001-2k-16-mp-action-camera","10":"first","11":"instock","12":"shipping-taxable","13":"product-type-external"},"aioseo_notices":[],"aioseo_head":"\n\t\t<!-- All in One SEO Pro 4.5.9.2 - aioseo.com -->\n\t\t<meta name=\"description\" content=\"Amarelle a7ls chipset, low-power digital signal processing (DSP) technology, high-definition (HD) h264 and mjpeg video engine and a 700-mhz arm11 applications processor. Sony imx206, 1 and 2.3 inches, 16 megapixels CMOS image sensor with Exmor R ability. 1080P and 60fps, 720p and 120fps, 848 x 480 and 240fps. Bluetooth (4.0 below power consumption) and built-in (802. 11 bgn) single band 2.4g Wi-Fi.\" \/>\n\t\t<meta name=\"robots\" content=\"max-image-preview:large\" \/>\n\t\t<link rel=\"canonical\" href=\"https:\/\/www.rucashk.com\/es\/producto\/yi-z15-88001-2k-16-mp-action-camera\/\" \/>\n\t\t<meta name=\"generator\" content=\"All in One SEO Pro (AIOSEO) 4.5.9.2\" \/>\n\t\t<meta property=\"og:locale\" content=\"es_ES\" \/>\n\t\t<meta property=\"og:site_name\" content=\"Rucas - One-stop AIoT Distribution Worldwide\" \/>\n\t\t<meta property=\"og:type\" content=\"article\" \/>\n\t\t<meta property=\"og:title\" content=\"YI Z15 88001 2K 16 MP Action Camera - Rucas - Wholesale and Distribution\" \/>\n\t\t<meta property=\"og:description\" content=\"Amarelle a7ls chipset, low-power digital signal processing (DSP) technology, high-definition (HD) h264 and mjpeg video engine and a 700-mhz arm11 applications processor. Sony imx206, 1 and 2.3 inches, 16 megapixels CMOS image sensor with Exmor R ability. 1080P and 60fps, 720p and 120fps, 848 x 480 and 240fps. Bluetooth (4.0 below power consumption) and built-in (802. 11 bgn) single band 2.4g Wi-Fi.\" \/>\n\t\t<meta property=\"og:url\" content=\"https:\/\/www.rucashk.com\/es\/producto\/yi-z15-88001-2k-16-mp-action-camera\/\" \/>\n\t\t<meta property=\"og:image\" content=\"https:\/\/www.rucashk.com\/wp-content\/uploads\/replace\/503b8e645f128a97ccde2b6290747646.jpeg\" \/>\n\t\t<meta property=\"og:image:secure_url\" content=\"https:\/\/www.rucashk.com\/wp-content\/uploads\/replace\/503b8e645f128a97ccde2b6290747646.jpeg\" \/>\n\t\t<meta property=\"og:image:width\" content=\"1456\" \/>\n\t\t<meta property=\"og:image:height\" content=\"816\" \/>\n\t\t<meta property=\"article:published_time\" content=\"2024-01-09T15:52:41+00:00\" \/>\n\t\t<meta property=\"article:modified_time\" content=\"2024-01-21T09:05:13+00:00\" \/>\n\t\t<meta name=\"twitter:card\" content=\"summary_large_image\" \/>\n\t\t<meta name=\"twitter:title\" content=\"YI Z15 88001 2K 16 MP Action Camera - Rucas - Wholesale and Distribution\" \/>\n\t\t<meta name=\"twitter:description\" content=\"Amarelle a7ls chipset, low-power digital signal processing (DSP) technology, high-definition (HD) h264 and mjpeg video engine and a 700-mhz arm11 applications processor. Sony imx206, 1 and 2.3 inches, 16 megapixels CMOS image sensor with Exmor R ability. 1080P and 60fps, 720p and 120fps, 848 x 480 and 240fps. Bluetooth (4.0 below power consumption) and built-in (802. 11 bgn) single band 2.4g Wi-Fi.\" \/>\n\t\t<meta name=\"twitter:image\" content=\"https:\/\/www.rucashk.com\/wp-content\/uploads\/replace\/503b8e645f128a97ccde2b6290747646.jpeg\" \/>\n\t\t<script type=\"application\/ld+json\" class=\"aioseo-schema\">\n\t\t\t{\"@context\":\"https:\\\/\\\/schema.org\",\"@graph\":[{\"@type\":\"BreadcrumbList\",\"@id\":\"https:\\\/\\\/www.rucashk.com\\\/es\\\/producto\\\/yi-z15-88001-2k-16-mp-action-camera\\\/#breadcrumblist\",\"itemListElement\":[{\"@type\":\"ListItem\",\"@id\":\"https:\\\/\\\/www.rucashk.com\\\/es\\\/#listItem\",\"position\":1,\"name\":\"Home\",\"item\":\"https:\\\/\\\/www.rucashk.com\\\/es\\\/\",\"nextItem\":\"https:\\\/\\\/www.rucashk.com\\\/es\\\/producto\\\/yi-z15-88001-2k-16-mp-action-camera\\\/#listItem\"},{\"@type\":\"ListItem\",\"@id\":\"https:\\\/\\\/www.rucashk.com\\\/es\\\/producto\\\/yi-z15-88001-2k-16-mp-action-camera\\\/#listItem\",\"position\":2,\"name\":\"YI Z15 88001 2K 16 MP Action Camera\",\"previousItem\":\"https:\\\/\\\/www.rucashk.com\\\/es\\\/#listItem\"}]},{\"@type\":\"Organization\",\"@id\":\"https:\\\/\\\/www.rucashk.com\\\/es\\\/#organization\",\"name\":\"Rucas\",\"url\":\"https:\\\/\\\/www.rucashk.com\\\/es\\\/\",\"logo\":{\"@type\":\"ImageObject\",\"url\":\"https:\\\/\\\/www.rucashk.com\\\/wp-content\\\/uploads\\\/2023\\\/12\\\/Rucas_campany_logo.png\",\"@id\":\"https:\\\/\\\/www.rucashk.com\\\/es\\\/producto\\\/yi-z15-88001-2k-16-mp-action-camera\\\/#organizationLogo\",\"width\":221,\"height\":65},\"image\":{\"@id\":\"https:\\\/\\\/www.rucashk.com\\\/es\\\/#organizationLogo\"}},{\"@type\":\"Person\",\"@id\":\"https:\\\/\\\/www.rucashk.com\\\/es\\\/author\\\/admin\\\/#author\",\"url\":\"https:\\\/\\\/www.rucashk.com\\\/es\\\/author\\\/admin\\\/\",\"name\":\"admin\",\"image\":{\"@type\":\"ImageObject\",\"@id\":\"https:\\\/\\\/www.rucashk.com\\\/es\\\/producto\\\/yi-z15-88001-2k-16-mp-action-camera\\\/#authorImage\",\"url\":\"https:\\\/\\\/secure.gravatar.com\\\/avatar\\\/b7c8925b09a27e72b30232f8ecaadbd5af0f70a38c78096863fe51b64f031c24?s=96&d=mm&r=g\",\"width\":96,\"height\":96,\"caption\":\"admin\"}},{\"@type\":\"WebPage\",\"@id\":\"https:\\\/\\\/www.rucashk.com\\\/es\\\/producto\\\/yi-z15-88001-2k-16-mp-action-camera\\\/#webpage\",\"url\":\"https:\\\/\\\/www.rucashk.com\\\/es\\\/producto\\\/yi-z15-88001-2k-16-mp-action-camera\\\/\",\"name\":\"YI Z15 88001 2K 16 MP Action Camera - Rucas - Wholesale and Distribution\",\"description\":\"Amarelle a7ls chipset, low-power digital signal processing (DSP) technology, high-definition (HD) h264 and mjpeg video engine and a 700-mhz arm11 applications processor. Sony imx206, 1 and 2.3 inches, 16 megapixels CMOS image sensor with Exmor R ability. 1080P and 60fps, 720p and 120fps, 848 x 480 and 240fps. Bluetooth (4.0 below power consumption) and built-in (802. 11 bgn) single band 2.4g Wi-Fi.\",\"inLanguage\":\"es-ES\",\"isPartOf\":{\"@id\":\"https:\\\/\\\/www.rucashk.com\\\/es\\\/#website\"},\"breadcrumb\":{\"@id\":\"https:\\\/\\\/www.rucashk.com\\\/es\\\/producto\\\/yi-z15-88001-2k-16-mp-action-camera\\\/#breadcrumblist\"},\"author\":{\"@id\":\"https:\\\/\\\/www.rucashk.com\\\/es\\\/author\\\/admin\\\/#author\"},\"creator\":{\"@id\":\"https:\\\/\\\/www.rucashk.com\\\/es\\\/author\\\/admin\\\/#author\"},\"image\":{\"@type\":\"ImageObject\",\"url\":\"https:\\\/\\\/www.rucashk.com\\\/wp-content\\\/uploads\\\/2024\\\/01\\\/YI-Z15-88001-2K-16-MP-Action-Camera.jpg\",\"@id\":\"https:\\\/\\\/www.rucashk.com\\\/es\\\/producto\\\/yi-z15-88001-2k-16-mp-action-camera\\\/#mainImage\",\"width\":483,\"height\":461},\"primaryImageOfPage\":{\"@id\":\"https:\\\/\\\/www.rucashk.com\\\/es\\\/producto\\\/yi-z15-88001-2k-16-mp-action-camera\\\/#mainImage\"},\"datePublished\":\"2024-01-09T15:52:41+00:00\",\"dateModified\":\"2024-01-21T09:05:13+00:00\"},{\"@type\":\"WebSite\",\"@id\":\"https:\\\/\\\/www.rucashk.com\\\/es\\\/#website\",\"url\":\"https:\\\/\\\/www.rucashk.com\\\/es\\\/\",\"name\":\"Rucas - Wholesale and distribution worldwide\",\"alternateName\":\"Rucas - One-stop AIoT Distribution Worldwide\",\"description\":\"One-stop AIoT Distribution Worldwide\",\"inLanguage\":\"es-ES\",\"publisher\":{\"@id\":\"https:\\\/\\\/www.rucashk.com\\\/es\\\/#organization\"}}]}\n\t\t<\/script>\n\t\t<!-- All in One SEO Pro -->\r\n\t\t<title>YI Z15 88001 2K 16 MP Action Camera - Rucas - Wholesale and Distribution<\/title>\n\n","aioseo_head_json":{"title":"YI Z15 88001 2K 16 MP Action Camera - Rucas - Wholesale and Distribution","description":"Amarelle a7ls chipset, low-power digital signal processing (DSP) technology, high-definition (HD) h264 and mjpeg video engine and a 700-mhz arm11 applications processor. Sony imx206, 1 and 2.3 inches, 16 megapixels CMOS image sensor with Exmor R ability. 1080P and 60fps, 720p and 120fps, 848 x 480 and 240fps. Bluetooth (4.0 below power consumption) and built-in (802. 11 bgn) single band 2.4g Wi-Fi.","canonical_url":"https:\/\/www.rucashk.com\/es\/producto\/yi-z15-88001-2k-16-mp-action-camera\/","robots":"max-image-preview:large","keywords":"","webmasterTools":{"miscellaneous":""},"og:locale":"es_ES","og:site_name":"Rucas - One-stop AIoT Distribution Worldwide","og:type":"article","og:title":"YI Z15 88001 2K 16 MP Action Camera - Rucas - Wholesale and Distribution","og:description":"Amarelle a7ls chipset, low-power digital signal processing (DSP) technology, high-definition (HD) h264 and mjpeg video engine and a 700-mhz arm11 applications processor. Sony imx206, 1 and 2.3 inches, 16 megapixels CMOS image sensor with Exmor R ability. 1080P and 60fps, 720p and 120fps, 848 x 480 and 240fps. Bluetooth (4.0 below power consumption) and built-in (802. 11 bgn) single band 2.4g Wi-Fi.","og:url":"https:\/\/www.rucashk.com\/es\/producto\/yi-z15-88001-2k-16-mp-action-camera\/","og:image":"https:\/\/www.rucashk.com\/wp-content\/uploads\/replace\/503b8e645f128a97ccde2b6290747646.jpeg","og:image:secure_url":"https:\/\/www.rucashk.com\/wp-content\/uploads\/replace\/503b8e645f128a97ccde2b6290747646.jpeg","og:image:width":1456,"og:image:height":816,"article:published_time":"2024-01-09T15:52:41+00:00","article:modified_time":"2024-01-21T09:05:13+00:00","twitter:card":"summary_large_image","twitter:title":"YI Z15 88001 2K 16 MP Action Camera - Rucas - Wholesale and Distribution","twitter:description":"Amarelle a7ls chipset, low-power digital signal processing (DSP) technology, high-definition (HD) h264 and mjpeg video engine and a 700-mhz arm11 applications processor. Sony imx206, 1 and 2.3 inches, 16 megapixels CMOS image sensor with Exmor R ability. 1080P and 60fps, 720p and 120fps, 848 x 480 and 240fps. Bluetooth (4.0 below power consumption) and built-in (802. 11 bgn) single band 2.4g Wi-Fi.","twitter:image":"https:\/\/www.rucashk.com\/wp-content\/uploads\/replace\/503b8e645f128a97ccde2b6290747646.jpeg","schema":{"@context":"https:\/\/schema.org","@graph":[{"@type":"BreadcrumbList","@id":"https:\/\/www.rucashk.com\/es\/producto\/yi-z15-88001-2k-16-mp-action-camera\/#breadcrumblist","itemListElement":[{"@type":"ListItem","@id":"https:\/\/www.rucashk.com\/es\/#listItem","position":1,"name":"Home","item":"https:\/\/www.rucashk.com\/es\/","nextItem":"https:\/\/www.rucashk.com\/es\/producto\/yi-z15-88001-2k-16-mp-action-camera\/#listItem"},{"@type":"ListItem","@id":"https:\/\/www.rucashk.com\/es\/producto\/yi-z15-88001-2k-16-mp-action-camera\/#listItem","position":2,"name":"YI Z15 88001 2K 16 MP Action Camera","previousItem":"https:\/\/www.rucashk.com\/es\/#listItem"}]},{"@type":"Organization","@id":"https:\/\/www.rucashk.com\/es\/#organization","name":"Rucas","url":"https:\/\/www.rucashk.com\/es\/","logo":{"@type":"ImageObject","url":"https:\/\/www.rucashk.com\/wp-content\/uploads\/2023\/12\/Rucas_campany_logo.png","@id":"https:\/\/www.rucashk.com\/es\/producto\/yi-z15-88001-2k-16-mp-action-camera\/#organizationLogo","width":221,"height":65},"image":{"@id":"https:\/\/www.rucashk.com\/es\/#organizationLogo"}},{"@type":"Person","@id":"https:\/\/www.rucashk.com\/es\/author\/admin\/#author","url":"https:\/\/www.rucashk.com\/es\/author\/admin\/","name":"admin","image":{"@type":"ImageObject","@id":"https:\/\/www.rucashk.com\/es\/producto\/yi-z15-88001-2k-16-mp-action-camera\/#authorImage","url":"https:\/\/secure.gravatar.com\/avatar\/b7c8925b09a27e72b30232f8ecaadbd5af0f70a38c78096863fe51b64f031c24?s=96&d=mm&r=g","width":96,"height":96,"caption":"admin"}},{"@type":"WebPage","@id":"https:\/\/www.rucashk.com\/es\/producto\/yi-z15-88001-2k-16-mp-action-camera\/#webpage","url":"https:\/\/www.rucashk.com\/es\/producto\/yi-z15-88001-2k-16-mp-action-camera\/","name":"YI Z15 88001 2K 16 MP Action Camera - Rucas - Wholesale and Distribution","description":"Amarelle a7ls chipset, low-power digital signal processing (DSP) technology, high-definition (HD) h264 and mjpeg video engine and a 700-mhz arm11 applications processor. Sony imx206, 1 and 2.3 inches, 16 megapixels CMOS image sensor with Exmor R ability. 1080P and 60fps, 720p and 120fps, 848 x 480 and 240fps. Bluetooth (4.0 below power consumption) and built-in (802. 11 bgn) single band 2.4g Wi-Fi.","inLanguage":"es-ES","isPartOf":{"@id":"https:\/\/www.rucashk.com\/es\/#website"},"breadcrumb":{"@id":"https:\/\/www.rucashk.com\/es\/producto\/yi-z15-88001-2k-16-mp-action-camera\/#breadcrumblist"},"author":{"@id":"https:\/\/www.rucashk.com\/es\/author\/admin\/#author"},"creator":{"@id":"https:\/\/www.rucashk.com\/es\/author\/admin\/#author"},"image":{"@type":"ImageObject","url":"https:\/\/www.rucashk.com\/wp-content\/uploads\/2024\/01\/YI-Z15-88001-2K-16-MP-Action-Camera.jpg","@id":"https:\/\/www.rucashk.com\/es\/producto\/yi-z15-88001-2k-16-mp-action-camera\/#mainImage","width":483,"height":461},"primaryImageOfPage":{"@id":"https:\/\/www.rucashk.com\/es\/producto\/yi-z15-88001-2k-16-mp-action-camera\/#mainImage"},"datePublished":"2024-01-09T15:52:41+00:00","dateModified":"2024-01-21T09:05:13+00:00"},{"@type":"WebSite","@id":"https:\/\/www.rucashk.com\/es\/#website","url":"https:\/\/www.rucashk.com\/es\/","name":"Rucas - Wholesale and distribution worldwide","alternateName":"Rucas - One-stop AIoT Distribution Worldwide","description":"One-stop AIoT Distribution Worldwide","inLanguage":"es-ES","publisher":{"@id":"https:\/\/www.rucashk.com\/es\/#organization"}}]}},"aioseo_meta_data":{"post_id":"23225","title":null,"description":null,"keywords":null,"keyphrases":null,"primary_term":null,"canonical_url":null,"og_title":null,"og_description":null,"og_object_type":"default","og_image_type":"default","og_image_url":null,"og_image_width":null,"og_image_height":null,"og_image_custom_url":null,"og_image_custom_fields":null,"og_video":null,"og_custom_url":null,"og_article_section":null,"og_article_tags":null,"twitter_use_og":false,"twitter_card":"default","twitter_image_type":"default","twitter_image_url":null,"twitter_image_custom_url":null,"twitter_image_custom_fields":null,"twitter_title":null,"twitter_description":null,"schema":{"blockGraphs":[],"customGraphs":[],"default":{"data":{"Article":[],"Course":[],"Dataset":[],"FAQPage":[],"Movie":[],"Person":[],"Product":[],"Recipe":[],"Service":[],"SoftwareApplication":[],"WebPage":[]},"graphName":"","isEnabled":true},"graphs":[]},"schema_type":"default","schema_type_options":null,"pillar_content":false,"robots_default":true,"robots_noindex":false,"robots_noarchive":false,"robots_nosnippet":false,"robots_nofollow":false,"robots_noimageindex":false,"robots_noodp":false,"robots_notranslate":false,"robots_max_snippet":null,"robots_max_videopreview":null,"robots_max_imagepreview":"large","priority":null,"frequency":null,"local_seo":null,"breadcrumb_settings":null,"limit_modified_date":false,"created":"2024-04-11 01:55:28","updated":"2025-06-22 17:02:03"},"aioseo_breadcrumb":"<div class=\"aioseo-breadcrumbs\"><span class=\"aioseo-breadcrumb\">\n\t<a href=\"https:\/\/www.rucashk.com\/es\" title=\"Home\">Home<\/a>\n<\/span><span class=\"aioseo-breadcrumb-separator\">&raquo;<\/span><span class=\"aioseo-breadcrumb\">\n\t<a href=\"https:\/\/www.rucashk.com\/es\/products\/\" title=\"Productos\">Productos<\/a>\n<\/span><span class=\"aioseo-breadcrumb-separator\">&raquo;<\/span><span class=\"aioseo-breadcrumb\">\n\t<a href=\"https:\/\/www.rucashk.com\/es\/categoria-producto\/xiaomi-eco\/\" title=\"Xiaomi Eco\">Xiaomi Eco<\/a>\n<\/span><span class=\"aioseo-breadcrumb-separator\">&raquo;<\/span><span class=\"aioseo-breadcrumb\">\n\t<a href=\"https:\/\/www.rucashk.com\/es\/categoria-producto\/xiaomi-eco\/gadgets\/\" title=\"Gadgets\">Gadgets<\/a>\n<\/span><span class=\"aioseo-breadcrumb-separator\">&raquo;<\/span><span class=\"aioseo-breadcrumb\">\n\tYI Z15 88001 2K 16 MP Action Camera\n<\/span><\/div>","aioseo_breadcrumb_json":[{"label":"Home","link":"https:\/\/www.rucashk.com\/es"},{"label":"Productos","link":"https:\/\/www.rucashk.com\/es\/products\/"},{"label":"Xiaomi Eco","link":"https:\/\/www.rucashk.com\/es\/categoria-producto\/xiaomi-eco\/"},{"label":"Gadgets","link":"https:\/\/www.rucashk.com\/es\/categoria-producto\/xiaomi-eco\/gadgets\/"},{"label":"YI Z15 88001 2K 16 MP Action Camera","link":"https:\/\/www.rucashk.com\/es\/producto\/yi-z15-88001-2k-16-mp-action-camera\/"}],"_links":{"self":[{"href":"https:\/\/www.rucashk.com\/es\/wp-json\/wp\/v2\/product\/23225","targetHints":{"allow":["GET"]}}],"collection":[{"href":"https:\/\/www.rucashk.com\/es\/wp-json\/wp\/v2\/product"}],"about":[{"href":"https:\/\/www.rucashk.com\/es\/wp-json\/wp\/v2\/types\/product"}],"wp:featuredmedia":[{"embeddable":true,"href":"https:\/\/www.rucashk.com\/es\/wp-json\/wp\/v2\/media\/23264"}],"wp:attachment":[{"href":"https:\/\/www.rucashk.com\/es\/wp-json\/wp\/v2\/media?parent=23225"}],"wp:term":[{"taxonomy":"product_brand","embeddable":true,"href":"https:\/\/www.rucashk.com\/es\/wp-json\/wp\/v2\/product_brand?post=23225"},{"taxonomy":"product_cat","embeddable":true,"href":"https:\/\/www.rucashk.com\/es\/wp-json\/wp\/v2\/product_cat?post=23225"},{"taxonomy":"product_tag","embeddable":true,"href":"https:\/\/www.rucashk.com\/es\/wp-json\/wp\/v2\/product_tag?post=23225"}],"curies":[{"name":"wp","href":"https:\/\/api.w.org\/{rel}","templated":true}]}}