{"id":23222,"date":"2024-01-09T15:52:40","date_gmt":"2024-01-09T15:52:40","guid":{"rendered":"http:\/\/rucashk.com\/?post_type=product&#038;p=23222"},"modified":"2025-06-22T06:35:06","modified_gmt":"2025-06-22T06:35:06","slug":"1more-e1004ba-dual-driver-bt-anc","status":"publish","type":"product","link":"https:\/\/www.rucashk.com\/es\/producto\/1more-e1004ba-dual-driver-bt-anc\/","title":{"rendered":"1M\u00e1s E1004BA Controlador dual BT ANC"},"content":{"rendered":"<p style=\"text-align: center\"><strong>Disfrute de la Tranquilidad. En cualquier momento. En cualquier lugar.<\/strong><\/p>\n<p style=\"text-align: center\">Doble de 1MORE <a class=\"\" style=\"width: auto !important\" href=\"https:\/\/www.rucashk.com\/es\/producto\/1more-triple-driver-in-ear-earphones\/\" data-wpil-post-to-id=\"5450\">Controlador BT ANC In-Ear<\/a> Los auriculares brindan m\u00e1s libertad y tranquilidad para escuchar m\u00fasica en una variedad de entornos. Garantiza m\u00fasica rica y pura incluso en entornos ruidosos como vuelos, transporte p\u00fablico abarrotado, calles ruidosas, salas de reuniones ruidosas y m\u00e1s.<\/p>\n<p>&nbsp;<\/p>\n<p><img decoding=\"async\" class=\"aligncenter\" src=\"\/wp-content\/uploads\/replace\/690cc00849c3262988e9297d8d4c95a2.jpeg\" alt=\"x01\" \/><\/p>\n<p>&nbsp;<\/p>\n<p style=\"text-align: center\"><strong>Nos preocupamos por el sonido que no cancelamos<br \/>\nNuestro exclusivo dise\u00f1o de armadura equilibrada<br \/>\nProduce agudos v\u00edvidos y m\u00ednimos \u00e9picos<\/strong><\/p>\n<p>Mayor\u00eda <a class=\"\" style=\"width: auto !important\" href=\"https:\/\/www.rucashk.com\/es\/producto\/xiaomi-anc-earphones-hybrid-usb-type-c-headphones\/\" data-wpil-post-to-id=\"14393\">La calidad del sonido de los auriculares disminuye cuando el ANC<\/a> La funci\u00f3n est\u00e1 activada. Para evitar esto, 1MORE aplic\u00f3 una armadura equilibrada patentada de baja distorsi\u00f3n en la que las se\u00f1ales de alta frecuencia se env\u00edan a sus o\u00eddos directamente en lugar de a trav\u00e9s del controlador ANC. Esto da como resultado que no se pierda la se\u00f1al, se reproduzcan abundantes detalles y se disfrute de una experiencia auditiva m\u00e1s completa.<\/p>\n<p>&nbsp;<\/p>\n<p><img decoding=\"async\" class=\"aligncenter\" src=\"\/wp-content\/uploads\/replace\/a18a0b4df3bbe22408ea899b523cec01.jpeg\" alt=\"x02\" \/><\/p>\n<p>&nbsp;<\/p>\n<p style=\"text-align: center\"><strong>Diafragma compuesto de titanio patentado para una experiencia auditiva totalmente equilibrada<\/strong><\/p>\n<p style=\"text-align: center\">Con la estructura de controlador s\u00e1ndwich patentada de 1MORE, el diafragma compuesto de titanio produce una claridad sorprendente en los medios y graves. La capa de titanio es responsable de los agudos, mientras que las capas duales de PET producen unos graves profundos y contundentes. <a class=\"\" style=\"width: auto !important\" href=\"https:\/\/www.rucashk.com\/es\/facebook-details-the-artificial-intelligence-behind-its-shopping-experience\/\" data-wpil-post-to-id=\"9238\">Experimente un escenario sonoro totalmente equilibrado y preciso con detalles brillantes<\/a> en una amplia gama de frecuencias.<\/p>\n<p>&nbsp;<\/p>\n<p><img decoding=\"async\" class=\"aligncenter\" src=\"\/wp-content\/uploads\/replace\/94f217a21f2b3700c6fea72148d6c2b0.jpeg\" alt=\"x03\" \/><\/p>\n<p>&nbsp;<\/p>\n<p style=\"text-align: center\"><strong>Cancelaci\u00f3n de ruido ambiental (ENC)<br \/>\nTecnolog\u00eda para una comunicaci\u00f3n cristalina<\/strong><\/p>\n<p>La tecnolog\u00eda ENC tiene una matriz de micr\u00f3fonos precisa que filtra eficientemente el ruido de fondo para que la comunicaci\u00f3n permanezca n\u00edtida sin importar en qu\u00e9 entorno se encuentre.<\/p>\n<p>&nbsp;<\/p>\n<p><img decoding=\"async\" class=\"aligncenter\" src=\"\/wp-content\/uploads\/replace\/b7a3f4f96107d7e18af2a286d0d57fdd.jpeg\" alt=\"x04\" \/><\/p>\n<p>&nbsp;<\/p>\n<h2 style=\"text-align: center\"><strong>BANDA PARA EL CUELLO ERGON\u00d3MICA FLEXIBLE<\/strong><\/h2>\n<p style=\"text-align: center\">Una c\u00f3moda banda para el cuello con cubierta de silicona proporciona un ajuste natural y ergon\u00f3mico durante el uso prolongado. El material flexible presenta un dise\u00f1o plegable para un f\u00e1cil almacenamiento.<\/p>\n<p><img decoding=\"async\" class=\"aligncenter\" src=\"\/wp-content\/uploads\/replace\/59bd6d00b21598b09ee51e988f701f05.jpeg\" alt=\"x05\" \/><\/p>\n<p>&nbsp;<\/p>\n<h2 style=\"text-align: center\"><strong>AURICULARES DE CIERRE MAGN\u00c9TICO<\/strong><\/h2>\n<p style=\"text-align: center\">Las cubiertas traseras magn\u00e9ticas para auriculares brindan una forma similar a un collar para un almacenamiento conveniente alrededor del cuello cuando no est\u00e1n en uso.<\/p>\n<p>&nbsp;<\/p>\n<p><img decoding=\"async\" class=\"aligncenter\" src=\"\/wp-content\/uploads\/replace\/44f78c6baff8e6a54b1feb7887329d12.jpeg\" alt=\"x06\" \/><\/p>\n<p>&nbsp;<\/p>\n<h2 style=\"text-align: center\"><strong>BLUETOOTH 4.2 CON TECNOLOG\u00cdA DE TRANSMISI\u00d3N DE ALTA RESOLUCI\u00d3N<\/strong><\/h2>\n<p style=\"text-align: center\">Disfruta de una minuciosa <a class=\"\" style=\"width: auto !important\" href=\"https:\/\/www.rucashk.com\/es\/producto\/qcy-t5-true-wireless-earphones-bluetooth-5-0-wholesale\/\" data-wpil-post-to-id=\"3129\">experiencia de escucha inal\u00e1mbrica con Bluetooth<\/a> 4.2 y un alcance inal\u00e1mbrico de hasta 30 pies. Una bater\u00eda 3C permite 3x <a class=\"\" style=\"width: auto !important\" href=\"https:\/\/www.rucashk.com\/es\/producto\/xiaomi-usb-60w-fast-charger\/\" data-wpil-post-to-id=\"13729\">carga m\u00e1s r\u00e1pida<\/a> velocidad, asegur\u00e1ndote de que siempre podr\u00e1s disfrutar de tu m\u00fasica.<\/p>\n<p><img decoding=\"async\" class=\"aligncenter\" src=\"\/wp-content\/uploads\/replace\/6125574b677b711d4696e87257743686.jpeg\" alt=\"x07\" \/><\/p>\n<h2 style=\"text-align: center\"><strong>CAPACIDADES DE CARGA R\u00c1PIDA<\/strong><\/h2>\n<p style=\"text-align: center\">Tomar ventaja de <a class=\"\" style=\"width: auto !important\" href=\"https:\/\/www.rucashk.com\/es\/the-best-choice-of-plug-in-board-xiaomi-youpin-releases-27w-fast-charge-version\/\" data-wpil-post-to-id=\"11088\">Carga r\u00e1pida<\/a> capacidades, con 10 minutos de tiempo de carga que le brindan 3 horas de uso.<\/p>\n<p><img decoding=\"async\" class=\"aligncenter\" src=\"\/wp-content\/uploads\/replace\/6fc8b1194458339252408f739281107e.jpeg\" alt=\"x08\" \/><\/p>\n<h2 style=\"text-align: center\"><strong>CAMBIAR ENTRE MODO CABLE E INAL\u00c1MBRICO<\/strong><\/h2>\n<p style=\"text-align: center\"><a class=\"\" style=\"width: auto !important\" href=\"https:\/\/www.rucashk.com\/es\/producto\/aqara-wireless-switch-wall\/\" data-wpil-post-to-id=\"5333\">Cambiar entre conexi\u00f3n inal\u00e1mbrica<\/a> Escuchar o reproducir con cable mediante una conexi\u00f3n tipo C de 3,5 mm, lo que le permite disfrutar de su experiencia auditiva en cualquier entorno.<\/p>\n<p><img decoding=\"async\" class=\"aligncenter\" src=\"\/wp-content\/uploads\/replace\/81256b0087266c4b441befa09f54f5ad.jpeg\" alt=\"x09\" \/><\/p>\n<p>&nbsp;<\/p>\n<h2 style=\"text-align: center\"><strong>CONTROLADOR MULTIFUNCIONAL PARA UNA RETROALIMENTACI\u00d3N PRECISA<\/strong><\/h2>\n<p>&nbsp;<\/p>\n<p><img decoding=\"async\" class=\"aligncenter\" src=\"\/wp-content\/uploads\/replace\/db0d3b2a0966a5407f884f842799130c.jpeg\" alt=\"x10\" \/><\/p>","protected":false},"excerpt":{"rendered":"<ul>\n<li>Aseg\u00farese de que esto encaje ingresando su n\u00famero de modelo.<\/li>\n<li>Disfruta de la tranquilidad, en cualquier momento y en cualquier lugar<\/li>\n<li>1 controlador din\u00e1mico + 1 armadura equilibrada para un sonido superior<\/li>\n<li>Opciones de cancelaci\u00f3n activa de ruido y mejora de voz.<\/li>\n<li>La cancelaci\u00f3n de ruido ambiental proporciona una comunicaci\u00f3n n\u00edtida<\/li>\n<li>Cable tipo C a 3,5 mm para opciones de reproducci\u00f3n inal\u00e1mbrica y por cable<\/li>\n<\/ul>","protected":false},"featured_media":23262,"template":"","meta":[],"product_brand":[1417],"product_cat":[1341,1305],"product_tag":[830],"class_list":{"0":"post-23222","1":"product","2":"type-product","3":"status-publish","4":"has-post-thumbnail","6":"product_brand-qcy","7":"product_cat-others","8":"product_cat-xiaomi-eco","9":"product_tag-1more-e1004ba-dual-driver-bt-anc","11":"first","12":"instock","13":"shipping-taxable","14":"product-type-external"},"aioseo_notices":[],"aioseo_head":"\n\t\t<!-- All in One SEO Pro 4.5.9.2 - aioseo.com -->\n\t\t<meta name=\"description\" content=\"Make sure this fits by entering your model number. Enjoy tranquillity, anytime and anywhere 1 Dynamic driver + 1 balanced armature for superior sound Active noise cancellation and voice enhancement options Environmental noise cancellation provides for crystal clear communication Type C to 3.5mm Cable for Both Wireless and Wired Playback Options\" \/>\n\t\t<meta name=\"robots\" content=\"max-image-preview:large\" \/>\n\t\t<link rel=\"canonical\" href=\"https:\/\/www.rucashk.com\/es\/producto\/1more-e1004ba-dual-driver-bt-anc\/\" \/>\n\t\t<meta name=\"generator\" content=\"All in One SEO Pro (AIOSEO) 4.5.9.2\" \/>\n\t\t<meta property=\"og:locale\" content=\"es_ES\" \/>\n\t\t<meta property=\"og:site_name\" content=\"Rucas - One-stop AIoT Distribution Worldwide\" \/>\n\t\t<meta property=\"og:type\" content=\"article\" \/>\n\t\t<meta property=\"og:title\" content=\"1More E1004BA Dual Driver BT ANC - Rucas - Wholesale and Distribution\" \/>\n\t\t<meta property=\"og:description\" content=\"Make sure this fits by entering your model number. Enjoy tranquillity, anytime and anywhere 1 Dynamic driver + 1 balanced armature for superior sound Active noise cancellation and voice enhancement options Environmental noise cancellation provides for crystal clear communication Type C to 3.5mm Cable for Both Wireless and Wired Playback Options\" \/>\n\t\t<meta property=\"og:url\" content=\"https:\/\/www.rucashk.com\/es\/producto\/1more-e1004ba-dual-driver-bt-anc\/\" \/>\n\t\t<meta property=\"og:image\" content=\"https:\/\/www.rucashk.com\/wp-content\/uploads\/replace\/503b8e645f128a97ccde2b6290747646.jpeg\" \/>\n\t\t<meta property=\"og:image:secure_url\" content=\"https:\/\/www.rucashk.com\/wp-content\/uploads\/replace\/503b8e645f128a97ccde2b6290747646.jpeg\" \/>\n\t\t<meta property=\"og:image:width\" content=\"1456\" \/>\n\t\t<meta property=\"og:image:height\" content=\"816\" \/>\n\t\t<meta property=\"article:published_time\" content=\"2024-01-09T15:52:40+00:00\" \/>\n\t\t<meta property=\"article:modified_time\" content=\"2025-06-22T06:35:06+00:00\" \/>\n\t\t<meta name=\"twitter:card\" content=\"summary_large_image\" \/>\n\t\t<meta name=\"twitter:title\" content=\"1More E1004BA Dual Driver BT ANC - Rucas - Wholesale and Distribution\" \/>\n\t\t<meta name=\"twitter:description\" content=\"Make sure this fits by entering your model number. Enjoy tranquillity, anytime and anywhere 1 Dynamic driver + 1 balanced armature for superior sound Active noise cancellation and voice enhancement options Environmental noise cancellation provides for crystal clear communication Type C to 3.5mm Cable for Both Wireless and Wired Playback Options\" \/>\n\t\t<meta name=\"twitter:image\" content=\"https:\/\/www.rucashk.com\/wp-content\/uploads\/replace\/503b8e645f128a97ccde2b6290747646.jpeg\" \/>\n\t\t<script type=\"application\/ld+json\" class=\"aioseo-schema\">\n\t\t\t{\"@context\":\"https:\\\/\\\/schema.org\",\"@graph\":[{\"@type\":\"BreadcrumbList\",\"@id\":\"https:\\\/\\\/www.rucashk.com\\\/es\\\/producto\\\/1more-e1004ba-dual-driver-bt-anc\\\/#breadcrumblist\",\"itemListElement\":[{\"@type\":\"ListItem\",\"@id\":\"https:\\\/\\\/www.rucashk.com\\\/es\\\/#listItem\",\"position\":1,\"name\":\"Home\",\"item\":\"https:\\\/\\\/www.rucashk.com\\\/es\\\/\",\"nextItem\":\"https:\\\/\\\/www.rucashk.com\\\/es\\\/producto\\\/1more-e1004ba-dual-driver-bt-anc\\\/#listItem\"},{\"@type\":\"ListItem\",\"@id\":\"https:\\\/\\\/www.rucashk.com\\\/es\\\/producto\\\/1more-e1004ba-dual-driver-bt-anc\\\/#listItem\",\"position\":2,\"name\":\"1More E1004BA Dual Driver BT ANC\",\"previousItem\":\"https:\\\/\\\/www.rucashk.com\\\/es\\\/#listItem\"}]},{\"@type\":\"Organization\",\"@id\":\"https:\\\/\\\/www.rucashk.com\\\/es\\\/#organization\",\"name\":\"Rucas\",\"url\":\"https:\\\/\\\/www.rucashk.com\\\/es\\\/\",\"logo\":{\"@type\":\"ImageObject\",\"url\":\"https:\\\/\\\/www.rucashk.com\\\/wp-content\\\/uploads\\\/2023\\\/12\\\/Rucas_campany_logo.png\",\"@id\":\"https:\\\/\\\/www.rucashk.com\\\/es\\\/producto\\\/1more-e1004ba-dual-driver-bt-anc\\\/#organizationLogo\",\"width\":221,\"height\":65},\"image\":{\"@id\":\"https:\\\/\\\/www.rucashk.com\\\/es\\\/#organizationLogo\"}},{\"@type\":\"Person\",\"@id\":\"https:\\\/\\\/www.rucashk.com\\\/es\\\/author\\\/admin\\\/#author\",\"url\":\"https:\\\/\\\/www.rucashk.com\\\/es\\\/author\\\/admin\\\/\",\"name\":\"admin\",\"image\":{\"@type\":\"ImageObject\",\"@id\":\"https:\\\/\\\/www.rucashk.com\\\/es\\\/producto\\\/1more-e1004ba-dual-driver-bt-anc\\\/#authorImage\",\"url\":\"https:\\\/\\\/secure.gravatar.com\\\/avatar\\\/b7c8925b09a27e72b30232f8ecaadbd5af0f70a38c78096863fe51b64f031c24?s=96&d=mm&r=g\",\"width\":96,\"height\":96,\"caption\":\"admin\"}},{\"@type\":\"WebPage\",\"@id\":\"https:\\\/\\\/www.rucashk.com\\\/es\\\/producto\\\/1more-e1004ba-dual-driver-bt-anc\\\/#webpage\",\"url\":\"https:\\\/\\\/www.rucashk.com\\\/es\\\/producto\\\/1more-e1004ba-dual-driver-bt-anc\\\/\",\"name\":\"1More E1004BA Dual Driver BT ANC - Rucas - Wholesale and Distribution\",\"description\":\"Make sure this fits by entering your model number. Enjoy tranquillity, anytime and anywhere 1 Dynamic driver + 1 balanced armature for superior sound Active noise cancellation and voice enhancement options Environmental noise cancellation provides for crystal clear communication Type C to 3.5mm Cable for Both Wireless and Wired Playback Options\",\"inLanguage\":\"es-ES\",\"isPartOf\":{\"@id\":\"https:\\\/\\\/www.rucashk.com\\\/es\\\/#website\"},\"breadcrumb\":{\"@id\":\"https:\\\/\\\/www.rucashk.com\\\/es\\\/producto\\\/1more-e1004ba-dual-driver-bt-anc\\\/#breadcrumblist\"},\"author\":{\"@id\":\"https:\\\/\\\/www.rucashk.com\\\/es\\\/author\\\/admin\\\/#author\"},\"creator\":{\"@id\":\"https:\\\/\\\/www.rucashk.com\\\/es\\\/author\\\/admin\\\/#author\"},\"image\":{\"@type\":\"ImageObject\",\"url\":\"https:\\\/\\\/www.rucashk.com\\\/wp-content\\\/uploads\\\/2024\\\/01\\\/1More-E1004BA-Dual-Driver-BT-ANC.jpg\",\"@id\":\"https:\\\/\\\/www.rucashk.com\\\/es\\\/producto\\\/1more-e1004ba-dual-driver-bt-anc\\\/#mainImage\",\"width\":502,\"height\":440},\"primaryImageOfPage\":{\"@id\":\"https:\\\/\\\/www.rucashk.com\\\/es\\\/producto\\\/1more-e1004ba-dual-driver-bt-anc\\\/#mainImage\"},\"datePublished\":\"2024-01-09T15:52:40+00:00\",\"dateModified\":\"2025-06-22T06:35:06+00:00\"},{\"@type\":\"WebSite\",\"@id\":\"https:\\\/\\\/www.rucashk.com\\\/es\\\/#website\",\"url\":\"https:\\\/\\\/www.rucashk.com\\\/es\\\/\",\"name\":\"Rucas - Wholesale and distribution worldwide\",\"alternateName\":\"Rucas - One-stop AIoT Distribution Worldwide\",\"description\":\"One-stop AIoT Distribution Worldwide\",\"inLanguage\":\"es-ES\",\"publisher\":{\"@id\":\"https:\\\/\\\/www.rucashk.com\\\/es\\\/#organization\"}}]}\n\t\t<\/script>\n\t\t<!-- All in One SEO Pro -->\r\n\t\t<title>1More E1004BA Dual Driver BT ANC - Rucas - Wholesale and Distribution<\/title>\n\n","aioseo_head_json":{"title":"1More E1004BA Dual Driver BT ANC - Rucas - Wholesale and Distribution","description":"Make sure this fits by entering your model number. Enjoy tranquillity, anytime and anywhere 1 Dynamic driver + 1 balanced armature for superior sound Active noise cancellation and voice enhancement options Environmental noise cancellation provides for crystal clear communication Type C to 3.5mm Cable for Both Wireless and Wired Playback Options","canonical_url":"https:\/\/www.rucashk.com\/es\/producto\/1more-e1004ba-dual-driver-bt-anc\/","robots":"max-image-preview:large","keywords":"","webmasterTools":{"miscellaneous":""},"og:locale":"es_ES","og:site_name":"Rucas - One-stop AIoT Distribution Worldwide","og:type":"article","og:title":"1More E1004BA Dual Driver BT ANC - Rucas - Wholesale and Distribution","og:description":"Make sure this fits by entering your model number. Enjoy tranquillity, anytime and anywhere 1 Dynamic driver + 1 balanced armature for superior sound Active noise cancellation and voice enhancement options Environmental noise cancellation provides for crystal clear communication Type C to 3.5mm Cable for Both Wireless and Wired Playback Options","og:url":"https:\/\/www.rucashk.com\/es\/producto\/1more-e1004ba-dual-driver-bt-anc\/","og:image":"https:\/\/www.rucashk.com\/wp-content\/uploads\/replace\/503b8e645f128a97ccde2b6290747646.jpeg","og:image:secure_url":"https:\/\/www.rucashk.com\/wp-content\/uploads\/replace\/503b8e645f128a97ccde2b6290747646.jpeg","og:image:width":1456,"og:image:height":816,"article:published_time":"2024-01-09T15:52:40+00:00","article:modified_time":"2025-06-22T06:35:06+00:00","twitter:card":"summary_large_image","twitter:title":"1More E1004BA Dual Driver BT ANC - Rucas - Wholesale and Distribution","twitter:description":"Make sure this fits by entering your model number. Enjoy tranquillity, anytime and anywhere 1 Dynamic driver + 1 balanced armature for superior sound Active noise cancellation and voice enhancement options Environmental noise cancellation provides for crystal clear communication Type C to 3.5mm Cable for Both Wireless and Wired Playback Options","twitter:image":"https:\/\/www.rucashk.com\/wp-content\/uploads\/replace\/503b8e645f128a97ccde2b6290747646.jpeg","schema":{"@context":"https:\/\/schema.org","@graph":[{"@type":"BreadcrumbList","@id":"https:\/\/www.rucashk.com\/es\/producto\/1more-e1004ba-dual-driver-bt-anc\/#breadcrumblist","itemListElement":[{"@type":"ListItem","@id":"https:\/\/www.rucashk.com\/es\/#listItem","position":1,"name":"Home","item":"https:\/\/www.rucashk.com\/es\/","nextItem":"https:\/\/www.rucashk.com\/es\/producto\/1more-e1004ba-dual-driver-bt-anc\/#listItem"},{"@type":"ListItem","@id":"https:\/\/www.rucashk.com\/es\/producto\/1more-e1004ba-dual-driver-bt-anc\/#listItem","position":2,"name":"1More E1004BA Dual Driver BT ANC","previousItem":"https:\/\/www.rucashk.com\/es\/#listItem"}]},{"@type":"Organization","@id":"https:\/\/www.rucashk.com\/es\/#organization","name":"Rucas","url":"https:\/\/www.rucashk.com\/es\/","logo":{"@type":"ImageObject","url":"https:\/\/www.rucashk.com\/wp-content\/uploads\/2023\/12\/Rucas_campany_logo.png","@id":"https:\/\/www.rucashk.com\/es\/producto\/1more-e1004ba-dual-driver-bt-anc\/#organizationLogo","width":221,"height":65},"image":{"@id":"https:\/\/www.rucashk.com\/es\/#organizationLogo"}},{"@type":"Person","@id":"https:\/\/www.rucashk.com\/es\/author\/admin\/#author","url":"https:\/\/www.rucashk.com\/es\/author\/admin\/","name":"admin","image":{"@type":"ImageObject","@id":"https:\/\/www.rucashk.com\/es\/producto\/1more-e1004ba-dual-driver-bt-anc\/#authorImage","url":"https:\/\/secure.gravatar.com\/avatar\/b7c8925b09a27e72b30232f8ecaadbd5af0f70a38c78096863fe51b64f031c24?s=96&d=mm&r=g","width":96,"height":96,"caption":"admin"}},{"@type":"WebPage","@id":"https:\/\/www.rucashk.com\/es\/producto\/1more-e1004ba-dual-driver-bt-anc\/#webpage","url":"https:\/\/www.rucashk.com\/es\/producto\/1more-e1004ba-dual-driver-bt-anc\/","name":"1More E1004BA Dual Driver BT ANC - Rucas - Wholesale and Distribution","description":"Make sure this fits by entering your model number. Enjoy tranquillity, anytime and anywhere 1 Dynamic driver + 1 balanced armature for superior sound Active noise cancellation and voice enhancement options Environmental noise cancellation provides for crystal clear communication Type C to 3.5mm Cable for Both Wireless and Wired Playback Options","inLanguage":"es-ES","isPartOf":{"@id":"https:\/\/www.rucashk.com\/es\/#website"},"breadcrumb":{"@id":"https:\/\/www.rucashk.com\/es\/producto\/1more-e1004ba-dual-driver-bt-anc\/#breadcrumblist"},"author":{"@id":"https:\/\/www.rucashk.com\/es\/author\/admin\/#author"},"creator":{"@id":"https:\/\/www.rucashk.com\/es\/author\/admin\/#author"},"image":{"@type":"ImageObject","url":"https:\/\/www.rucashk.com\/wp-content\/uploads\/2024\/01\/1More-E1004BA-Dual-Driver-BT-ANC.jpg","@id":"https:\/\/www.rucashk.com\/es\/producto\/1more-e1004ba-dual-driver-bt-anc\/#mainImage","width":502,"height":440},"primaryImageOfPage":{"@id":"https:\/\/www.rucashk.com\/es\/producto\/1more-e1004ba-dual-driver-bt-anc\/#mainImage"},"datePublished":"2024-01-09T15:52:40+00:00","dateModified":"2025-06-22T06:35:06+00:00"},{"@type":"WebSite","@id":"https:\/\/www.rucashk.com\/es\/#website","url":"https:\/\/www.rucashk.com\/es\/","name":"Rucas - Wholesale and distribution worldwide","alternateName":"Rucas - One-stop AIoT Distribution Worldwide","description":"One-stop AIoT Distribution Worldwide","inLanguage":"es-ES","publisher":{"@id":"https:\/\/www.rucashk.com\/es\/#organization"}}]}},"aioseo_meta_data":{"post_id":"23222","title":null,"description":null,"keywords":null,"keyphrases":null,"primary_term":null,"canonical_url":null,"og_title":null,"og_description":null,"og_object_type":"default","og_image_type":"default","og_image_url":null,"og_image_width":null,"og_image_height":null,"og_image_custom_url":null,"og_image_custom_fields":null,"og_video":null,"og_custom_url":null,"og_article_section":null,"og_article_tags":null,"twitter_use_og":false,"twitter_card":"default","twitter_image_type":"default","twitter_image_url":null,"twitter_image_custom_url":null,"twitter_image_custom_fields":null,"twitter_title":null,"twitter_description":null,"schema":{"blockGraphs":[],"customGraphs":[],"default":{"data":{"Article":[],"Course":[],"Dataset":[],"FAQPage":[],"Movie":[],"Person":[],"Product":[],"Recipe":[],"Service":[],"SoftwareApplication":[],"WebPage":[]},"graphName":"","isEnabled":true},"graphs":[]},"schema_type":"default","schema_type_options":null,"pillar_content":false,"robots_default":true,"robots_noindex":false,"robots_noarchive":false,"robots_nosnippet":false,"robots_nofollow":false,"robots_noimageindex":false,"robots_noodp":false,"robots_notranslate":false,"robots_max_snippet":null,"robots_max_videopreview":null,"robots_max_imagepreview":"large","priority":null,"frequency":null,"local_seo":null,"breadcrumb_settings":null,"limit_modified_date":false,"created":"2024-04-11 01:55:28","updated":"2025-06-22 17:01:25"},"aioseo_breadcrumb":"<div class=\"aioseo-breadcrumbs\"><span class=\"aioseo-breadcrumb\">\n\t<a href=\"https:\/\/www.rucashk.com\/es\" title=\"Home\">Home<\/a>\n<\/span><span class=\"aioseo-breadcrumb-separator\">&raquo;<\/span><span class=\"aioseo-breadcrumb\">\n\t<a href=\"https:\/\/www.rucashk.com\/es\/products\/\" title=\"Productos\">Productos<\/a>\n<\/span><span class=\"aioseo-breadcrumb-separator\">&raquo;<\/span><span class=\"aioseo-breadcrumb\">\n\t<a href=\"https:\/\/www.rucashk.com\/es\/marca\/qcy\/\" title=\"QCY\">QCY<\/a>\n<\/span><span class=\"aioseo-breadcrumb-separator\">&raquo;<\/span><span class=\"aioseo-breadcrumb\">\n\t1More E1004BA Dual Driver BT ANC\n<\/span><\/div>","aioseo_breadcrumb_json":[{"label":"Home","link":"https:\/\/www.rucashk.com\/es"},{"label":"Productos","link":"https:\/\/www.rucashk.com\/es\/products\/"},{"label":"QCY","link":"https:\/\/www.rucashk.com\/es\/marca\/qcy\/"},{"label":"1More E1004BA Dual Driver BT ANC","link":"https:\/\/www.rucashk.com\/es\/producto\/1more-e1004ba-dual-driver-bt-anc\/"}],"_links":{"self":[{"href":"https:\/\/www.rucashk.com\/es\/wp-json\/wp\/v2\/product\/23222","targetHints":{"allow":["GET"]}}],"collection":[{"href":"https:\/\/www.rucashk.com\/es\/wp-json\/wp\/v2\/product"}],"about":[{"href":"https:\/\/www.rucashk.com\/es\/wp-json\/wp\/v2\/types\/product"}],"wp:featuredmedia":[{"embeddable":true,"href":"https:\/\/www.rucashk.com\/es\/wp-json\/wp\/v2\/media\/23262"}],"wp:attachment":[{"href":"https:\/\/www.rucashk.com\/es\/wp-json\/wp\/v2\/media?parent=23222"}],"wp:term":[{"taxonomy":"product_brand","embeddable":true,"href":"https:\/\/www.rucashk.com\/es\/wp-json\/wp\/v2\/product_brand?post=23222"},{"taxonomy":"product_cat","embeddable":true,"href":"https:\/\/www.rucashk.com\/es\/wp-json\/wp\/v2\/product_cat?post=23222"},{"taxonomy":"product_tag","embeddable":true,"href":"https:\/\/www.rucashk.com\/es\/wp-json\/wp\/v2\/product_tag?post=23222"}],"curies":[{"name":"wp","href":"https:\/\/api.w.org\/{rel}","templated":true}]}}