{"id":23188,"date":"2024-01-09T15:52:19","date_gmt":"2024-01-09T15:52:19","guid":{"rendered":"http:\/\/rucashk.com\/?post_type=product&#038;p=23188"},"modified":"2024-03-11T07:33:22","modified_gmt":"2024-03-11T07:33:22","slug":"meizu-17-pro-smartphone","status":"publish","type":"product","link":"https:\/\/www.rucashk.com\/es\/producto\/meizu-17-pro-smartphone\/","title":{"rendered":"Tel\u00e9fono inteligente Meizu 17 Pro"},"content":{"rendered":"<p><img fetchpriority=\"high\" decoding=\"async\" class=\"aligncenter\" src=\"\/wp-content\/uploads\/replace\/b10ce364b6220d40bf78695e4499990b.jpeg\" alt=\"Meizu\u00a017 Pro\" width=\"950\" height=\"526\" \/><\/p>\n<p><img decoding=\"async\" class=\"aligncenter\" src=\"\/wp-content\/uploads\/replace\/105d0ba08d7cd966c5746d7d830b3e1f.jpeg\" alt=\"Meizu\u00a017 Pro\" width=\"950\" height=\"778\" \/><\/p>\n<p align=\"center\"><img decoding=\"async\" class=\"aligncenter\" src=\"\/wp-content\/uploads\/replace\/81431019e898355cc3fa3670ab7ab955.jpeg\" alt=\"Meizu\u00a017 Pro\" width=\"950\" height=\"805\" \/><\/p>\n<p><img loading=\"lazy\" decoding=\"async\" class=\"aligncenter\" src=\"\/wp-content\/uploads\/replace\/af3365799cecefec3bf58ec53f29e7b4.jpeg\" alt=\"Meizu\u00a017 Pro\" width=\"950\" height=\"498\" \/><\/p>\n<p align=\"center\"><img loading=\"lazy\" decoding=\"async\" class=\"aligncenter\" src=\"\/wp-content\/uploads\/replace\/cccdade08d9f40ca63b5961abd20ceb2.jpeg\" alt=\"Meizu\u00a017 Pro\" width=\"950\" height=\"448\" \/><\/p>\n<p><img loading=\"lazy\" decoding=\"async\" class=\"aligncenter\" src=\"\/wp-content\/uploads\/replace\/3db979a8a1773816d5c1982d251b3234.jpeg\" alt=\"Meizu\u00a017 Pro\" width=\"950\" height=\"582\" \/><\/p>\n<p><img loading=\"lazy\" decoding=\"async\" class=\"aligncenter\" style=\"text-align: -webkit-center\" src=\"\/wp-content\/uploads\/replace\/7ae6115994bcccada532ceb7bc5542a5.jpeg\" alt=\"Meizu\u00a017 Pro\" width=\"950\" height=\"666\" \/><\/p>\n<p align=\"center\"><img loading=\"lazy\" decoding=\"async\" class=\"aligncenter\" src=\"\/wp-content\/uploads\/replace\/b34b3f1b8c2231eb42661dbab3eebcb0.jpeg\" alt=\"Meizu\u00a017 Pro\" width=\"950\" height=\"588\" \/><img loading=\"lazy\" decoding=\"async\" class=\"aligncenter\" src=\"\/wp-content\/uploads\/replace\/cb1ac6f446f65c56d75e4b2f7457a9bc.jpeg\" alt=\"Meizu\u00a017 Pro\" width=\"950\" height=\"609\" \/><img loading=\"lazy\" decoding=\"async\" class=\"aligncenter\" src=\"\/wp-content\/uploads\/replace\/f7cdb9adb6ebbdc467747741a1a5ab46.jpeg\" alt=\"Meizu\u00a017 Pro\" width=\"950\" height=\"676\" \/><img loading=\"lazy\" decoding=\"async\" class=\"aligncenter\" src=\"\/wp-content\/uploads\/replace\/8d78ecfbdb8d6e97df4958ac398fd11a.jpeg\" alt=\"Meizu\u00a017 Pro\" width=\"950\" height=\"753\" \/><img loading=\"lazy\" decoding=\"async\" class=\"aligncenter\" src=\"\/wp-content\/uploads\/replace\/7bafcbc03b1331a17b55989ced8ac264.jpeg\" alt=\"Meizu\u00a017 Pro\" width=\"950\" height=\"627\" \/><\/p>\n<p><img loading=\"lazy\" decoding=\"async\" class=\"aligncenter\" src=\"\/wp-content\/uploads\/replace\/0e738ca9638c6d4fc6629a7e51338ba2.jpeg\" alt=\"Meizu\u00a017 Pro\" width=\"950\" height=\"631\" \/><\/p>\n<p><img loading=\"lazy\" decoding=\"async\" class=\"aligncenter\" src=\"\/wp-content\/uploads\/replace\/c59b0b347348ebcec9d6bc15dea683d4.jpeg\" alt=\"Meizu\u00a017 Pro\" width=\"950\" height=\"665\" \/><\/p>\n<p><img loading=\"lazy\" decoding=\"async\" class=\"aligncenter\" src=\"\/wp-content\/uploads\/replace\/30a1a3140e68ce115a4d96f2edb9555b.jpeg\" alt=\"Meizu\u00a017 Pro\" width=\"950\" height=\"643\" \/><\/p>\n<p><img loading=\"lazy\" decoding=\"async\" class=\"aligncenter\" src=\"\/wp-content\/uploads\/replace\/8961ae7e84cc3a1a7045958c95a80b32.jpeg\" alt=\"Meizu\u00a017 Pro\" width=\"950\" height=\"666\" \/><\/p>\n<p><img loading=\"lazy\" decoding=\"async\" class=\"aligncenter\" src=\"\/wp-content\/uploads\/replace\/87bb27bcc5b1b774375da97185706963.jpeg\" alt=\"Meizu\u00a017 Pro\" width=\"950\" height=\"664\" \/><\/p>\n<p><img loading=\"lazy\" decoding=\"async\" class=\"aligncenter\" src=\"\/wp-content\/uploads\/replace\/a676a48f84937a0caaf06140dea9e916.jpeg\" alt=\"Meizu\u00a017 Pro\" width=\"950\" height=\"947\" \/><\/p>\n<p align=\"center\"><img loading=\"lazy\" decoding=\"async\" class=\"aligncenter\" src=\"\/wp-content\/uploads\/replace\/8a39caec57e3248629573c26b4d7dc70.jpeg\" alt=\"Meizu\u00a017 Pro\" width=\"950\" height=\"696\" \/><\/p>\n<p><img loading=\"lazy\" decoding=\"async\" class=\"aligncenter\" src=\"\/wp-content\/uploads\/replace\/2c9339f3ba1e987158a02af969d697f0.jpeg\" alt=\"Meizu\u00a017 Pro\" width=\"950\" height=\"908\" \/><\/p>\n<p align=\"center\"><img loading=\"lazy\" decoding=\"async\" class=\"aligncenter\" src=\"\/wp-content\/uploads\/replace\/a1104f9609001815a3212d6cf0d81b2e.jpeg\" alt=\"Meizu\u00a017 Pro\" width=\"950\" height=\"836\" \/><\/p>\n<p><img loading=\"lazy\" decoding=\"async\" class=\"aligncenter\" src=\"\/wp-content\/uploads\/replace\/526561e254cce995d9ac27cd07156566.jpeg\" alt=\"Meizu\u00a017 Pro\" width=\"950\" height=\"756\" \/><\/p>\n<p align=\"center\"><strong><img loading=\"lazy\" decoding=\"async\" class=\"aligncenter\" src=\"\/wp-content\/uploads\/replace\/48510ac26d3f3d52d04e774466fcdb20.jpeg\" alt=\"Meizu\u00a017 Pro\" width=\"950\" height=\"1002\" \/><\/strong><\/p>\n<p style=\"font-weight: 400\"><strong>\u00a0Especificaci\u00f3n:<\/strong><\/p>\n<table style=\"font-weight: 400\">\n<tbody>\n<tr>\n<td width=\"163\"><strong>Modelo<\/strong><\/td>\n<td width=\"834\">\u00a0Meizu 17 Pro (12GB+256GB)<\/td>\n<\/tr>\n<tr>\n<td width=\"163\"><strong>Red<\/strong><\/td>\n<td width=\"834\">\u00a02G: GSM B2\/B3\/B8<\/p>\n<p>3G: WCDMA: B1\/B2\/B5\/B8<\/p>\n<p>4G: LTE FDD: B1\/B3\/B4\/B5\/B7\/B8<\/p>\n<p>TD-LTE: B34\/B38\/B39\/B40\/B41<\/p>\n<p>5G: N41\/N78\/N79<\/p>\n<p><a class=\"\" style=\"width: auto !important\" href=\"https:\/\/www.rucashk.com\/es\/producto\/wiko-view4-lite\/\" data-wpil-post-to-id=\"5614\">Ranuras para tarjetas SIM: Doble tarjeta SIM Doble<\/a> En espera (Nano SIM)<\/td>\n<\/tr>\n<tr>\n<td colspan=\"2\" width=\"997\"><b><a href=\"https:\/\/blog.banggood.com\/check-phone-frequency-band-60194.html\" data-cke-saved-href=\"https:\/\/blog.banggood.com\/check-phone-frequency-band-60194.html\">Haga clic aqu\u00ed<\/a><\/b>\u00a0para la frecuencia de red de su pa\u00eds. Consulte con su operador\/proveedor antes de comprar este art\u00edculo.<\/td>\n<\/tr>\n<tr>\n<td width=\"163\"><strong>Hardware<\/strong><\/td>\n<td width=\"834\">\u00a0SO: Android<\/p>\n<p>Procesador: Snapdragon 865 <a class=\"\" style=\"width: auto !important\" href=\"https:\/\/www.rucashk.com\/es\/producto\/mi-mix-3-snapdragon-855-octa-core-5g-smartphone\/\" data-wpil-post-to-id=\"1703\">Ocho nucleos<\/a> + X55, 1\u00d72,84GHz + 3\u00d72,42GHz + 4\u00d71,80GHz<\/p>\n<p>GPU: Adreno 650<\/p>\n<p>RAM: 12GB LPDDR5<\/p>\n<p>ROM: 256GB UFS3.1<\/p>\n<p>Extensi\u00f3n de tarjeta: no compatible<\/td>\n<\/tr>\n<tr>\n<td width=\"163\"><strong>Mostrar<\/strong><\/td>\n<td width=\"834\">\u00a0Tama\u00f1o de pantalla: Pantalla Super AMOLED de 6,6 pulgadas<\/p>\n<p>Tipo: FHD+ capacitivo en celda <a class=\"\" style=\"width: auto !important\" href=\"https:\/\/www.rucashk.com\/es\/new-product-launch-powerful-function-oclean-x-smart-touch-screen-electric-toothbrush\/\" data-wpil-post-to-id=\"15466\">Pantalla t\u00e1ctil<\/a><\/p>\n<p>Resoluci\u00f3n: 2340*1080 p\u00edxeles, 390PPI<\/p>\n<p>Caracter\u00edsticas: Relaci\u00f3n de contraste 2000000:1, Brillo de pantalla 1100 nit (HBM) \/ 700 nit (t\u00edpico), 90 Hz <a class=\"\" style=\"width: auto !important\" href=\"https:\/\/www.rucashk.com\/es\/xiaomi-11-render-map-is-exposed-with-no-hole-diggingmatrix-four-shots-120hz-refresh-rate\/\" data-wpil-post-to-id=\"8067\">frecuencia de actualizaci\u00f3n,<\/a> Frecuencia de muestreo de 180 Hz<\/td>\n<\/tr>\n<tr>\n<td width=\"163\"><strong><a class=\"\" style=\"width: auto !important\" href=\"https:\/\/www.rucashk.com\/es\/producto\/xiaomi-redmi-note8-48mp-quad-rear-camera-4000mah-smartphone\/\" data-wpil-post-to-id=\"2367\">C\u00e1mara trasera<\/a><\/strong><\/td>\n<td width=\"834\">\u00a0C\u00e1mara trasera cu\u00e1druple: cu\u00e1druple de 64 MP <a class=\"\" style=\"width: auto !important\" href=\"https:\/\/www.rucashk.com\/es\/producto\/xiaomi-redmi-note-8t-48mp-rear-camera-4000mah-smartphone\/\" data-wpil-post-to-id=\"2427\">C\u00e1mara trasera<\/a><\/p>\n<p>C\u00e1mara de 64MP:<\/p>\n<p>IMX686 + \u0192 \/ 1.8 + 0.8\u03bcm + distancia focal equivalente 26MM + 6 lentes<\/p>\n<p>Subc\u00e1mara de 8MP:<\/p>\n<p>OV 08A10 + \u0192 \/ 2,4 + 1,0\u03bcm + distancia focal equivalente 79MM + 5 lentes<\/p>\n<p>Ultra gran angular de 32 MP:<\/p>\n<p>IMX616 + \u0192 \/ 2.2 + 0.8\u03bcm + distancia focal equivalente 15MM + 6 lentes<\/p>\n<p>TOF de 30 MP:<\/p>\n<p>33d+ \u0192 \/ 1,4 + 7\u03bcm + 4 lentes<\/p>\n<p>Enfoque de fase PDAF<\/p>\n<p>Flash de anillo de 5 LED<\/p>\n<p><a class=\"\" style=\"width: auto !important\" href=\"https:\/\/www.rucashk.com\/es\/huawei-mate40-more-information-exposure-rear-camera-and-screen-are-exciting\/\" data-wpil-post-to-id=\"15449\">C\u00e1mara trasera<\/a> caracter\u00edsticas del v\u00eddeo:<\/p>\n<p>Grabaci\u00f3n de v\u00eddeo 4K, 60 fps<br \/>\nGrabaci\u00f3n en c\u00e1mara lenta<\/td>\n<\/tr>\n<tr>\n<td width=\"163\"><strong>C\u00e1mara frontal<\/strong><\/td>\n<td width=\"834\">\u00a0C\u00e1mara frontal: C\u00e1mara frontal de 20.0MP<\/p>\n<p>\u0192\/2,2 + 0,8 \u03bcm + 5 lentes<\/td>\n<\/tr>\n<tr>\n<td width=\"163\"><strong>Idioma<\/strong><\/td>\n<td width=\"834\">\u00a0Ingles chino<\/td>\n<\/tr>\n<tr>\n<td width=\"163\"><strong>Bateria cargando<\/strong><\/td>\n<td width=\"834\">\u00a0Bater\u00eda: 4500 mAh (t\u00edpica), bater\u00eda de pol\u00edmero de iones de litio incorporada<\/p>\n<p>Carga r\u00e1pida: QC3.0\/PE2.0, 5V\/3A, 10V\/3A o 20V\/1.8A<\/p>\n<p>Carga inal\u00e1mbrica: 27W<\/p>\n<p>Interfaz de carga: USB tipo C<\/p>\n<p>Tipo de cargador: tipo UE, 33 W<\/td>\n<\/tr>\n<tr>\n<td width=\"163\"><strong>Otras caracter\u00edsticas<\/strong><\/td>\n<td width=\"834\">\u00a0WIFI: 802.11a\/b\/g\/n\/ac\/ax (WIFI6) <a class=\"\" style=\"width: auto !important\" href=\"https:\/\/www.rucashk.com\/es\/producto\/xiaomi-mi-4a-5ghz-wifi-dual-band-ac-1200m-smart-wireless-router\/\" data-wpil-post-to-id=\"2486\">red inal\u00e1mbrica, Soporta 5GHz<\/a> y bandas de frecuencia de 2,4GHz, 2\u00d72 MU-MIMO<\/p>\n<p>VoLTE: La posibilidad de utilizar VoLTE depende de los operadores locales.<\/p>\n<p>bluetooth: 5.1<br \/>\nPosicionamiento: AGPS, GPS, GLONASS(G1), Beidou<br \/>\nSensor: motor lineal lateral, sensor de gravedad, aplicaci\u00f3n sensible a la luz, detecci\u00f3n de distancia, giroscopio, <a class=\"\" style=\"width: auto !important\" href=\"https:\/\/www.rucashk.com\/es\/producto\/haylou-gt1\/\" data-wpil-post-to-id=\"4178\">Sensor t\u00e1ctil, br\u00fajula electr\u00f3nica, NFC, mTouch Huella digital en pantalla<\/a><\/p>\n<p>Altavoz: altavoces duales, Super Lineal<\/td>\n<\/tr>\n<tr>\n<td width=\"163\"><strong>Tama\u00f1o y peso<\/strong><\/td>\n<td width=\"834\">\u00a0Tama\u00f1o del producto: 160*77,2*8,5mm<br \/>\nPeso del producto: 219 g<\/td>\n<\/tr>\n<tr>\n<td width=\"163\"><strong>Lista de embalaje<\/strong><\/td>\n<td width=\"834\">\u00a01x <a class=\"\" style=\"width: auto !important\" href=\"https:\/\/www.rucashk.com\/es\/producto\/meizu-16s-pro\/\" data-wpil-post-to-id=\"4017\">Tel\u00e9fono inteligente Meizu 17 Pro<\/a><\/p>\n<p>1x <a class=\"\" style=\"width: auto !important\" href=\"https:\/\/www.rucashk.com\/es\/producto\/mi-braided-usb-type-c-cable-black\/\" data-wpil-post-to-id=\"15553\">Cable USB tipo C<\/a><\/p>\n<p>1 cargador estadounidense.<\/p>\n<p>1 x funda protectora<\/p>\n<p>1 x herramienta de expulsi\u00f3n de SIM<\/td>\n<\/tr>\n<\/tbody>\n<\/table>","protected":false},"excerpt":{"rendered":"<p><span data-spm-anchor-id=\"a2g0o.detail.1000023.i2.71df682cMoEF4z\">Garant\u00eda 100% Tel\u00e9fono m\u00f3vil Meizu original<\/span><\/p>\n<p><span data-spm-anchor-id=\"a2g0o.detail.1000023.i3.71df682cMoEF4z\">Snapdragon 865 Octa N\u00facleo<br \/>\n8GB RAM 128GB\u00a0ROM Or 12GB RAM 256GB ROM<br \/>\n6.6\u00a0inch 2340&#215;1080 90HZ<br \/>\nBattery: 4500mAh\u00a0\u00a0\u00a0lithium-ion,30W Super Charger<br \/>\nCameras Front 20.0MP\u00a0Back 64.0MP+32.0MP+8.0MP+0.3MP<\/span><\/p>","protected":false},"featured_media":23258,"template":"","meta":[],"product_brand":[],"product_cat":[1295],"product_tag":[825],"class_list":{"0":"post-23188","1":"product","2":"type-product","3":"status-publish","4":"has-post-thumbnail","6":"product_cat-mobile-phone","7":"product_tag-meizu-17-pro","9":"first","10":"instock","11":"shipping-taxable","12":"product-type-external"},"aioseo_notices":[],"aioseo_head":"\n\t\t<!-- All in One SEO Pro 4.5.9.2 - aioseo.com -->\n\t\t<meta name=\"description\" content=\"100% Guarantee Original Meizu Mobile Phone Snapdragon 865 Octa Core 8GB RAM 128GB ROM Or 12GB RAM 256GB ROM 6.6 inch 2340x1080 90HZ Battery: 4500mAh lithium-ion,30W Super Charger Cameras Front 20.0MP Back 64.0MP+32.0MP+8.0MP+0.3MP\" \/>\n\t\t<meta name=\"robots\" content=\"max-image-preview:large\" \/>\n\t\t<link rel=\"canonical\" href=\"https:\/\/www.rucashk.com\/es\/producto\/meizu-17-pro-smartphone\/\" \/>\n\t\t<meta name=\"generator\" content=\"All in One SEO Pro (AIOSEO) 4.5.9.2\" \/>\n\t\t<meta property=\"og:locale\" content=\"es_ES\" \/>\n\t\t<meta property=\"og:site_name\" content=\"Rucas - One-stop AIoT Distribution Worldwide\" \/>\n\t\t<meta property=\"og:type\" content=\"article\" \/>\n\t\t<meta property=\"og:title\" content=\"Meizu 17 Pro Smartphone - Rucas - Wholesale and Distribution\" \/>\n\t\t<meta property=\"og:description\" content=\"100% Guarantee Original Meizu Mobile Phone Snapdragon 865 Octa Core 8GB RAM 128GB ROM Or 12GB RAM 256GB ROM 6.6 inch 2340x1080 90HZ Battery: 4500mAh lithium-ion,30W Super Charger Cameras Front 20.0MP Back 64.0MP+32.0MP+8.0MP+0.3MP\" \/>\n\t\t<meta property=\"og:url\" content=\"https:\/\/www.rucashk.com\/es\/producto\/meizu-17-pro-smartphone\/\" \/>\n\t\t<meta property=\"og:image\" content=\"https:\/\/www.rucashk.com\/wp-content\/uploads\/replace\/503b8e645f128a97ccde2b6290747646.jpeg\" \/>\n\t\t<meta property=\"og:image:secure_url\" content=\"https:\/\/www.rucashk.com\/wp-content\/uploads\/replace\/503b8e645f128a97ccde2b6290747646.jpeg\" \/>\n\t\t<meta property=\"og:image:width\" content=\"1456\" \/>\n\t\t<meta property=\"og:image:height\" content=\"816\" \/>\n\t\t<meta property=\"article:published_time\" content=\"2024-01-09T15:52:19+00:00\" \/>\n\t\t<meta property=\"article:modified_time\" content=\"2024-03-11T07:33:22+00:00\" \/>\n\t\t<meta name=\"twitter:card\" content=\"summary_large_image\" \/>\n\t\t<meta name=\"twitter:title\" content=\"Meizu 17 Pro Smartphone - Rucas - Wholesale and Distribution\" \/>\n\t\t<meta name=\"twitter:description\" content=\"100% Guarantee Original Meizu Mobile Phone Snapdragon 865 Octa Core 8GB RAM 128GB ROM Or 12GB RAM 256GB ROM 6.6 inch 2340x1080 90HZ Battery: 4500mAh lithium-ion,30W Super Charger Cameras Front 20.0MP Back 64.0MP+32.0MP+8.0MP+0.3MP\" \/>\n\t\t<meta name=\"twitter:image\" content=\"https:\/\/www.rucashk.com\/wp-content\/uploads\/replace\/503b8e645f128a97ccde2b6290747646.jpeg\" \/>\n\t\t<script type=\"application\/ld+json\" class=\"aioseo-schema\">\n\t\t\t{\"@context\":\"https:\\\/\\\/schema.org\",\"@graph\":[{\"@type\":\"BreadcrumbList\",\"@id\":\"https:\\\/\\\/www.rucashk.com\\\/es\\\/producto\\\/meizu-17-pro-smartphone\\\/#breadcrumblist\",\"itemListElement\":[{\"@type\":\"ListItem\",\"@id\":\"https:\\\/\\\/www.rucashk.com\\\/es\\\/#listItem\",\"position\":1,\"name\":\"Home\",\"item\":\"https:\\\/\\\/www.rucashk.com\\\/es\\\/\",\"nextItem\":\"https:\\\/\\\/www.rucashk.com\\\/es\\\/producto\\\/meizu-17-pro-smartphone\\\/#listItem\"},{\"@type\":\"ListItem\",\"@id\":\"https:\\\/\\\/www.rucashk.com\\\/es\\\/producto\\\/meizu-17-pro-smartphone\\\/#listItem\",\"position\":2,\"name\":\"Meizu\\u00a017 Pro Smartphone\",\"previousItem\":\"https:\\\/\\\/www.rucashk.com\\\/es\\\/#listItem\"}]},{\"@type\":\"Organization\",\"@id\":\"https:\\\/\\\/www.rucashk.com\\\/es\\\/#organization\",\"name\":\"Rucas\",\"url\":\"https:\\\/\\\/www.rucashk.com\\\/es\\\/\",\"logo\":{\"@type\":\"ImageObject\",\"url\":\"https:\\\/\\\/www.rucashk.com\\\/wp-content\\\/uploads\\\/2023\\\/12\\\/Rucas_campany_logo.png\",\"@id\":\"https:\\\/\\\/www.rucashk.com\\\/es\\\/producto\\\/meizu-17-pro-smartphone\\\/#organizationLogo\",\"width\":221,\"height\":65},\"image\":{\"@id\":\"https:\\\/\\\/www.rucashk.com\\\/es\\\/#organizationLogo\"}},{\"@type\":\"Person\",\"@id\":\"https:\\\/\\\/www.rucashk.com\\\/es\\\/author\\\/admin\\\/#author\",\"url\":\"https:\\\/\\\/www.rucashk.com\\\/es\\\/author\\\/admin\\\/\",\"name\":\"admin\",\"image\":{\"@type\":\"ImageObject\",\"@id\":\"https:\\\/\\\/www.rucashk.com\\\/es\\\/producto\\\/meizu-17-pro-smartphone\\\/#authorImage\",\"url\":\"https:\\\/\\\/secure.gravatar.com\\\/avatar\\\/b7c8925b09a27e72b30232f8ecaadbd5af0f70a38c78096863fe51b64f031c24?s=96&d=mm&r=g\",\"width\":96,\"height\":96,\"caption\":\"admin\"}},{\"@type\":\"WebPage\",\"@id\":\"https:\\\/\\\/www.rucashk.com\\\/es\\\/producto\\\/meizu-17-pro-smartphone\\\/#webpage\",\"url\":\"https:\\\/\\\/www.rucashk.com\\\/es\\\/producto\\\/meizu-17-pro-smartphone\\\/\",\"name\":\"Meizu 17 Pro Smartphone - Rucas - Wholesale and Distribution\",\"description\":\"100% Guarantee Original Meizu Mobile Phone Snapdragon 865 Octa Core 8GB RAM 128GB ROM Or 12GB RAM 256GB ROM 6.6 inch 2340x1080 90HZ Battery: 4500mAh lithium-ion,30W Super Charger Cameras Front 20.0MP Back 64.0MP+32.0MP+8.0MP+0.3MP\",\"inLanguage\":\"es-ES\",\"isPartOf\":{\"@id\":\"https:\\\/\\\/www.rucashk.com\\\/es\\\/#website\"},\"breadcrumb\":{\"@id\":\"https:\\\/\\\/www.rucashk.com\\\/es\\\/producto\\\/meizu-17-pro-smartphone\\\/#breadcrumblist\"},\"author\":{\"@id\":\"https:\\\/\\\/www.rucashk.com\\\/es\\\/author\\\/admin\\\/#author\"},\"creator\":{\"@id\":\"https:\\\/\\\/www.rucashk.com\\\/es\\\/author\\\/admin\\\/#author\"},\"image\":{\"@type\":\"ImageObject\",\"url\":\"https:\\\/\\\/www.rucashk.com\\\/wp-content\\\/uploads\\\/2024\\\/01\\\/meizu-17-pro.jpg\",\"@id\":\"https:\\\/\\\/www.rucashk.com\\\/es\\\/producto\\\/meizu-17-pro-smartphone\\\/#mainImage\",\"width\":520,\"height\":484},\"primaryImageOfPage\":{\"@id\":\"https:\\\/\\\/www.rucashk.com\\\/es\\\/producto\\\/meizu-17-pro-smartphone\\\/#mainImage\"},\"datePublished\":\"2024-01-09T15:52:19+00:00\",\"dateModified\":\"2024-03-11T07:33:22+00:00\"},{\"@type\":\"WebSite\",\"@id\":\"https:\\\/\\\/www.rucashk.com\\\/es\\\/#website\",\"url\":\"https:\\\/\\\/www.rucashk.com\\\/es\\\/\",\"name\":\"Rucas - Wholesale and distribution worldwide\",\"alternateName\":\"Rucas - One-stop AIoT Distribution Worldwide\",\"description\":\"One-stop AIoT Distribution Worldwide\",\"inLanguage\":\"es-ES\",\"publisher\":{\"@id\":\"https:\\\/\\\/www.rucashk.com\\\/es\\\/#organization\"}}]}\n\t\t<\/script>\n\t\t<!-- All in One SEO Pro -->\r\n\t\t<title>Meizu 17 Pro Smartphone - Rucas - Wholesale and Distribution<\/title>\n\n","aioseo_head_json":{"title":"Meizu 17 Pro Smartphone - Rucas - Wholesale and Distribution","description":"100% Guarantee Original Meizu Mobile Phone Snapdragon 865 Octa Core 8GB RAM 128GB ROM Or 12GB RAM 256GB ROM 6.6 inch 2340x1080 90HZ Battery: 4500mAh lithium-ion,30W Super Charger Cameras Front 20.0MP Back 64.0MP+32.0MP+8.0MP+0.3MP","canonical_url":"https:\/\/www.rucashk.com\/es\/producto\/meizu-17-pro-smartphone\/","robots":"max-image-preview:large","keywords":"","webmasterTools":{"miscellaneous":""},"og:locale":"es_ES","og:site_name":"Rucas - One-stop AIoT Distribution Worldwide","og:type":"article","og:title":"Meizu 17 Pro Smartphone - Rucas - Wholesale and Distribution","og:description":"100% Guarantee Original Meizu Mobile Phone Snapdragon 865 Octa Core 8GB RAM 128GB ROM Or 12GB RAM 256GB ROM 6.6 inch 2340x1080 90HZ Battery: 4500mAh lithium-ion,30W Super Charger Cameras Front 20.0MP Back 64.0MP+32.0MP+8.0MP+0.3MP","og:url":"https:\/\/www.rucashk.com\/es\/producto\/meizu-17-pro-smartphone\/","og:image":"https:\/\/www.rucashk.com\/wp-content\/uploads\/replace\/503b8e645f128a97ccde2b6290747646.jpeg","og:image:secure_url":"https:\/\/www.rucashk.com\/wp-content\/uploads\/replace\/503b8e645f128a97ccde2b6290747646.jpeg","og:image:width":1456,"og:image:height":816,"article:published_time":"2024-01-09T15:52:19+00:00","article:modified_time":"2024-03-11T07:33:22+00:00","twitter:card":"summary_large_image","twitter:title":"Meizu 17 Pro Smartphone - Rucas - Wholesale and Distribution","twitter:description":"100% Guarantee Original Meizu Mobile Phone Snapdragon 865 Octa Core 8GB RAM 128GB ROM Or 12GB RAM 256GB ROM 6.6 inch 2340x1080 90HZ Battery: 4500mAh lithium-ion,30W Super Charger Cameras Front 20.0MP Back 64.0MP+32.0MP+8.0MP+0.3MP","twitter:image":"https:\/\/www.rucashk.com\/wp-content\/uploads\/replace\/503b8e645f128a97ccde2b6290747646.jpeg","schema":{"@context":"https:\/\/schema.org","@graph":[{"@type":"BreadcrumbList","@id":"https:\/\/www.rucashk.com\/es\/producto\/meizu-17-pro-smartphone\/#breadcrumblist","itemListElement":[{"@type":"ListItem","@id":"https:\/\/www.rucashk.com\/es\/#listItem","position":1,"name":"Home","item":"https:\/\/www.rucashk.com\/es\/","nextItem":"https:\/\/www.rucashk.com\/es\/producto\/meizu-17-pro-smartphone\/#listItem"},{"@type":"ListItem","@id":"https:\/\/www.rucashk.com\/es\/producto\/meizu-17-pro-smartphone\/#listItem","position":2,"name":"Meizu\u00a017 Pro Smartphone","previousItem":"https:\/\/www.rucashk.com\/es\/#listItem"}]},{"@type":"Organization","@id":"https:\/\/www.rucashk.com\/es\/#organization","name":"Rucas","url":"https:\/\/www.rucashk.com\/es\/","logo":{"@type":"ImageObject","url":"https:\/\/www.rucashk.com\/wp-content\/uploads\/2023\/12\/Rucas_campany_logo.png","@id":"https:\/\/www.rucashk.com\/es\/producto\/meizu-17-pro-smartphone\/#organizationLogo","width":221,"height":65},"image":{"@id":"https:\/\/www.rucashk.com\/es\/#organizationLogo"}},{"@type":"Person","@id":"https:\/\/www.rucashk.com\/es\/author\/admin\/#author","url":"https:\/\/www.rucashk.com\/es\/author\/admin\/","name":"admin","image":{"@type":"ImageObject","@id":"https:\/\/www.rucashk.com\/es\/producto\/meizu-17-pro-smartphone\/#authorImage","url":"https:\/\/secure.gravatar.com\/avatar\/b7c8925b09a27e72b30232f8ecaadbd5af0f70a38c78096863fe51b64f031c24?s=96&d=mm&r=g","width":96,"height":96,"caption":"admin"}},{"@type":"WebPage","@id":"https:\/\/www.rucashk.com\/es\/producto\/meizu-17-pro-smartphone\/#webpage","url":"https:\/\/www.rucashk.com\/es\/producto\/meizu-17-pro-smartphone\/","name":"Meizu 17 Pro Smartphone - Rucas - Wholesale and Distribution","description":"100% Guarantee Original Meizu Mobile Phone Snapdragon 865 Octa Core 8GB RAM 128GB ROM Or 12GB RAM 256GB ROM 6.6 inch 2340x1080 90HZ Battery: 4500mAh lithium-ion,30W Super Charger Cameras Front 20.0MP Back 64.0MP+32.0MP+8.0MP+0.3MP","inLanguage":"es-ES","isPartOf":{"@id":"https:\/\/www.rucashk.com\/es\/#website"},"breadcrumb":{"@id":"https:\/\/www.rucashk.com\/es\/producto\/meizu-17-pro-smartphone\/#breadcrumblist"},"author":{"@id":"https:\/\/www.rucashk.com\/es\/author\/admin\/#author"},"creator":{"@id":"https:\/\/www.rucashk.com\/es\/author\/admin\/#author"},"image":{"@type":"ImageObject","url":"https:\/\/www.rucashk.com\/wp-content\/uploads\/2024\/01\/meizu-17-pro.jpg","@id":"https:\/\/www.rucashk.com\/es\/producto\/meizu-17-pro-smartphone\/#mainImage","width":520,"height":484},"primaryImageOfPage":{"@id":"https:\/\/www.rucashk.com\/es\/producto\/meizu-17-pro-smartphone\/#mainImage"},"datePublished":"2024-01-09T15:52:19+00:00","dateModified":"2024-03-11T07:33:22+00:00"},{"@type":"WebSite","@id":"https:\/\/www.rucashk.com\/es\/#website","url":"https:\/\/www.rucashk.com\/es\/","name":"Rucas - Wholesale and distribution worldwide","alternateName":"Rucas - One-stop AIoT Distribution Worldwide","description":"One-stop AIoT Distribution Worldwide","inLanguage":"es-ES","publisher":{"@id":"https:\/\/www.rucashk.com\/es\/#organization"}}]}},"aioseo_meta_data":{"post_id":"23188","title":null,"description":null,"keywords":null,"keyphrases":null,"primary_term":null,"canonical_url":null,"og_title":null,"og_description":null,"og_object_type":"default","og_image_type":"default","og_image_url":null,"og_image_width":null,"og_image_height":null,"og_image_custom_url":null,"og_image_custom_fields":null,"og_video":null,"og_custom_url":null,"og_article_section":null,"og_article_tags":null,"twitter_use_og":false,"twitter_card":"default","twitter_image_type":"default","twitter_image_url":null,"twitter_image_custom_url":null,"twitter_image_custom_fields":null,"twitter_title":null,"twitter_description":null,"schema":{"blockGraphs":[],"customGraphs":[],"default":{"data":{"Article":[],"Course":[],"Dataset":[],"FAQPage":[],"Movie":[],"Person":[],"Product":[],"Recipe":[],"Service":[],"SoftwareApplication":[],"WebPage":[]},"graphName":"","isEnabled":true},"graphs":[]},"schema_type":"default","schema_type_options":null,"pillar_content":false,"robots_default":true,"robots_noindex":false,"robots_noarchive":false,"robots_nosnippet":false,"robots_nofollow":false,"robots_noimageindex":false,"robots_noodp":false,"robots_notranslate":false,"robots_max_snippet":null,"robots_max_videopreview":null,"robots_max_imagepreview":"large","priority":null,"frequency":null,"local_seo":null,"breadcrumb_settings":null,"limit_modified_date":false,"created":"2024-04-11 01:55:28","updated":"2025-06-22 17:01:23"},"aioseo_breadcrumb":"<div class=\"aioseo-breadcrumbs\"><span class=\"aioseo-breadcrumb\">\n\t<a href=\"https:\/\/www.rucashk.com\/es\" title=\"Home\">Home<\/a>\n<\/span><span class=\"aioseo-breadcrumb-separator\">&raquo;<\/span><span class=\"aioseo-breadcrumb\">\n\t<a href=\"https:\/\/www.rucashk.com\/es\/products\/\" title=\"Productos\">Productos<\/a>\n<\/span><span class=\"aioseo-breadcrumb-separator\">&raquo;<\/span><span class=\"aioseo-breadcrumb\">\n\t<a href=\"https:\/\/www.rucashk.com\/es\/categoria-producto\/mobile-phone\/\" title=\"Mobile Phone\">Mobile Phone<\/a>\n<\/span><span class=\"aioseo-breadcrumb-separator\">&raquo;<\/span><span class=\"aioseo-breadcrumb\">\n\tMeizu\u00a017 Pro Smartphone\n<\/span><\/div>","aioseo_breadcrumb_json":[{"label":"Home","link":"https:\/\/www.rucashk.com\/es"},{"label":"Productos","link":"https:\/\/www.rucashk.com\/es\/products\/"},{"label":"Mobile Phone","link":"https:\/\/www.rucashk.com\/es\/categoria-producto\/mobile-phone\/"},{"label":"Meizu\u00a017 Pro Smartphone","link":"https:\/\/www.rucashk.com\/es\/producto\/meizu-17-pro-smartphone\/"}],"_links":{"self":[{"href":"https:\/\/www.rucashk.com\/es\/wp-json\/wp\/v2\/product\/23188","targetHints":{"allow":["GET"]}}],"collection":[{"href":"https:\/\/www.rucashk.com\/es\/wp-json\/wp\/v2\/product"}],"about":[{"href":"https:\/\/www.rucashk.com\/es\/wp-json\/wp\/v2\/types\/product"}],"wp:featuredmedia":[{"embeddable":true,"href":"https:\/\/www.rucashk.com\/es\/wp-json\/wp\/v2\/media\/23258"}],"wp:attachment":[{"href":"https:\/\/www.rucashk.com\/es\/wp-json\/wp\/v2\/media?parent=23188"}],"wp:term":[{"taxonomy":"product_brand","embeddable":true,"href":"https:\/\/www.rucashk.com\/es\/wp-json\/wp\/v2\/product_brand?post=23188"},{"taxonomy":"product_cat","embeddable":true,"href":"https:\/\/www.rucashk.com\/es\/wp-json\/wp\/v2\/product_cat?post=23188"},{"taxonomy":"product_tag","embeddable":true,"href":"https:\/\/www.rucashk.com\/es\/wp-json\/wp\/v2\/product_tag?post=23188"}],"curies":[{"name":"wp","href":"https:\/\/api.w.org\/{rel}","templated":true}]}}