{"id":23183,"date":"2024-01-09T15:52:18","date_gmt":"2024-01-09T15:52:18","guid":{"rendered":"http:\/\/rucashk.com\/?post_type=product&#038;p=23183"},"modified":"2024-03-11T07:38:49","modified_gmt":"2024-03-11T07:38:49","slug":"realme-6-smartphone","status":"publish","type":"product","link":"https:\/\/www.rucashk.com\/es\/producto\/realme-6-smartphone\/","title":{"rendered":"Tel\u00e9fono inteligente Realme 6"},"content":{"rendered":"<p><img decoding=\"async\" class=\"wp-image-555554 aligncenter\" src=\"\/wp-content\/uploads\/replace\/502d87ee8d9aa0a5fc4422f419cefc0c.jpeg\" alt=\"Realme 3\u89c4\u683c\" \/><img decoding=\"async\" class=\"wp-image-555555 aligncenter\" src=\"\/wp-content\/uploads\/replace\/2795f3d945ee487d6ae7ac75250a8cbe.jpeg\" alt=\"Realme 3\u89c4\u683c\" \/><\/p>\n<p><img decoding=\"async\" class=\"wp-image-555556 aligncenter\" src=\"\/wp-content\/uploads\/replace\/0a4f99d28334c48ad5fd7a4e606a6991.jpeg\" alt=\"Realme 3\u89c4\u683c\" \/><\/p>\n<p><img decoding=\"async\" class=\"wp-image-555557 aligncenter\" src=\"\/wp-content\/uploads\/replace\/4ab20aa1108c2d82a977baeebdd3c551.jpeg\" alt=\"Realme 3\u89c4\u683c\" \/><\/p>\n<p style=\"font-weight: 400\"><b>\u00a0Especificaci\u00f3n:<\/b><\/p>\n<table style=\"font-weight: 400\">\n<tbody>\n<tr>\n<td width=\"163\"><b>Modelo<\/b><\/td>\n<td width=\"834\">\u00a0verdadero yo 6 <a class=\"\" style=\"width: auto !important\" href=\"https:\/\/www.rucashk.com\/es\/lets-take-a-look-at-the-global-version-of-douyin\u3010tiktok\u3011\/\" data-wpil-post-to-id=\"6752\">Versi\u00f3n global<\/a> (8GB+128GB)<\/td>\n<\/tr>\n<tr>\n<td width=\"163\"><b>Red<\/b><\/td>\n<td width=\"834\">\u00a02G: GSM: B2(1900)\/B3(1800)\/B5(850)\/B8(900)<\/p>\n<p>3G: WCDMA: B1(2100)\/B2(1900)\/B4(1700\/2100)\/B5(850)\/B8(900)<\/p>\n<p>4G: FDD-TLE: B1\/B2\/B3\/B4\/B5\/B7\/B8\/B20\/B28<\/p>\n<p>TDD-LTE: B38\/B40\/B41(2535-2655MHz)<\/p>\n<p><a class=\"\" style=\"width: auto !important\" href=\"https:\/\/www.rucashk.com\/es\/producto\/wiko-view4-lite\/\" data-wpil-post-to-id=\"5614\">Ranuras para tarjetas SIM: Doble SIM Doble<\/a> En espera (2 tarjetas Nano SIM+1 tarjeta MicroSD)<\/td>\n<\/tr>\n<tr>\n<td colspan=\"2\" width=\"997\"><b><a href=\"https:\/\/blog.banggood.com\/check-phone-frequency-band-60194.html\" data-cke-saved-href=\"https:\/\/blog.banggood.com\/check-phone-frequency-band-60194.html\">Haga clic aqu\u00ed<\/a><\/b>\u00a0para la frecuencia de red de su pa\u00eds. Consulte con su operador\/proveedor antes de comprar este art\u00edculo.<\/td>\n<\/tr>\n<tr>\n<td width=\"163\"><b>Hardware<\/b><\/td>\n<td width=\"834\">\u00a0SO: Android 10, interfaz de usuario Realme<\/p>\n<p>CPU: Mediatek MT6785 Helio G90T (12 nm), Octa-core (2 \u00d7 2,05 GHz Cortex-A76 y 6 \u00d7 2,0 GHz Cortex-A55)<\/p>\n<p>GPU: Mali-G76<\/p>\n<p>RAM: 8 GB LPDDR4x de doble canal<\/p>\n<p>ROM: 128 GB UFS 2.1<\/p>\n<p>Extensi\u00f3n de tarjeta: S\u00ed, admite tarjeta MicroSD de hasta 256 GB<\/td>\n<\/tr>\n<tr>\n<td width=\"163\"><b>Mostrar<\/b><\/td>\n<td width=\"834\">\u00a0Tama\u00f1o de pantalla: 6,5 pulgadas, 102,0 cm2 (~90,5% <a class=\"\" style=\"width: auto !important\" href=\"https:\/\/www.rucashk.com\/es\/exposure-of-xiaomi-bracelet-5-oval-hole-design-with-a-high-screen-to-body-ratio\/\" data-wpil-post-to-id=\"7039\">relaci\u00f3n pantalla-cuerpo<\/a>)<\/p>\n<p>Tipo: Pantalla t\u00e1ctil capacitiva LCD IPS, 16 millones de colores<\/p>\n<p>Resoluci\u00f3n: 1080 x 2400 p\u00edxeles, FHD+, relaci\u00f3n 90:9 (densidad ~405 ppi)<\/p>\n<p>Caracter\u00edsticas: Frecuencia de actualizaci\u00f3n de 90 Hz, Corning Gorilla Glass 3, tipo 480 nits. brillo (anunciado)<\/td>\n<\/tr>\n<tr>\n<td width=\"163\"><b><a class=\"\" style=\"width: auto !important\" href=\"https:\/\/www.rucashk.com\/es\/producto\/xiaomi-redmi-note8-48mp-quad-rear-camera-4000mah-smartphone\/\" data-wpil-post-to-id=\"2367\">C\u00e1mara trasera<\/a><\/b><\/td>\n<td width=\"834\">\u00a0C\u00e1mara cu\u00e1druple AI: 64MP+8MP+2MP+2MP<\/p>\n<p>64 MP <a class=\"\" style=\"width: auto !important\" href=\"https:\/\/www.rucashk.com\/es\/producto\/huawei-p40-pro\/\" data-wpil-post-to-id=\"5675\">C\u00e1mara gran angular de ultra alta resoluci\u00f3n<\/a><\/p>\n<p>Campo de visi\u00f3n 78,6\u00b0, f\/1,8, lente 6P<\/p>\n<p>Samsung GW1, 1\/1.7\u201d<\/p>\n<p>Lente ultra gran angular de 8MP<\/p>\n<p>Campo de visi\u00f3n 119\u00b0, f\/2.3, lente 5P<\/p>\n<p>Lente de retrato en blanco y negro<\/p>\n<p>f\/2.4, lente 3P<\/p>\n<p>Lente macro de 2MP<\/p>\n<p>Enfoque de 4 cm, f\/2,4, lente 3P<\/p>\n<p>2MP B\/N, f\/2.4, (profundidad)<\/p>\n<p>Funci\u00f3n de fotograf\u00eda: modo Ultra 64MP, Super NightScape, vista panor\u00e1mica, modo experto, Timelapse, modo retrato, HDR, modo ultra ancho, modo ultra macro, reconocimiento de escena AI, belleza AI, filtro, Chroma Boost, c\u00e1mara lenta, control del efecto Bokeh.<\/p>\n<p>Grabaci\u00f3n de v\u00eddeo:<\/p>\n<p>Admite estabilizaci\u00f3n de video UIS<\/p>\n<p>Compatible con estabilizaci\u00f3n de v\u00eddeo UIS Max*<\/p>\n<p><a class=\"\" style=\"width: auto !important\" href=\"https:\/\/www.rucashk.com\/es\/xiaomi-pre-sales-driving-recorder2-2k-version-a-brand-supporting-voice-recording\/\" data-wpil-post-to-id=\"9520\">Admite grabaci\u00f3n de v\u00eddeo 4K\/30 fps<\/a><\/p>\n<p><a class=\"\" style=\"width: auto !important\" href=\"https:\/\/www.rucashk.com\/es\/xiaomi-pre-sales-driving-recorder2-2k-version-a-brand-supporting-voice-recording\/\" data-wpil-post-to-id=\"9520\">Admite grabaci\u00f3n de v\u00eddeo de 1080P\/30 fps y 60 fps<\/a><\/p>\n<p>Admite grabaci\u00f3n de v\u00eddeo de 720P\/30 fps y 60 fps<\/td>\n<\/tr>\n<tr>\n<td width=\"163\"><b>C\u00e1mara frontal<\/b><\/td>\n<td width=\"834\">\u00a0C\u00e1mara para selfies en pantalla: 16MP<\/p>\n<p>Campo de visi\u00f3n 79,3\u00b0, f\/2,0, lente 5P<\/p>\n<p>Funci\u00f3n de fotograf\u00eda: Modo retrato, Timelapse, Vista panor\u00e1mica, <a class=\"\" style=\"width: auto !important\" href=\"https:\/\/www.rucashk.com\/es\/update-your-air-conditioning-xiaomi-releases-a-smart-ai-universal-remote-control\/\" data-wpil-post-to-id=\"9669\">Belleza AI, HDR, reconocimiento facial, filtro, control del efecto Bokeh<\/a><\/p>\n<p>Grabaci\u00f3n de v\u00eddeo:<\/p>\n<p>Admite c\u00e1mara lenta de 120 fps*<\/p>\n<p>Admite grabaci\u00f3n de v\u00eddeo 1080P\/30 fps<\/p>\n<p>Admite grabaci\u00f3n de v\u00eddeo de 720P\/30 fps<\/td>\n<\/tr>\n<tr>\n<td width=\"163\"><b>Idioma<\/b><\/td>\n<td width=\"834\">\u00a0Bahasa Indonesia, Bahasa Melayu, catal\u00e1n, checo, dan\u00e9s, alem\u00e1n, estonio, ingl\u00e9s, espa\u00f1ol, filipino, franc\u00e9s, croata, italiano, let\u00f3n, lituano, h\u00fangaro, holand\u00e9s, noruego, polaco, portugu\u00e9s, rumano, romanche, esloveno, eslovaco, Finland\u00e9s, sueco, vietnamita, turco, griego, b\u00falgaro, ruso, serbio, ucraniano, armenio, hebreo, urdu, \u00e1rabe, persa, hindi, bengal\u00ed, tailand\u00e9s, birmano, camboyano, coreano, chino tradicional\/simplificado.<\/td>\n<\/tr>\n<tr>\n<td width=\"163\"><b>Bateria cargando<\/b><\/td>\n<td width=\"834\">\u00a0Bater\u00eda: Bater\u00eda Li-Po 4300mAh no extra\u00edble<\/p>\n<p><a class=\"\" style=\"width: auto !important\" href=\"https:\/\/www.rucashk.com\/es\/producto\/roidmi-c1-quick-and-intelligent-car-charger-metal-dual-usb\/\" data-wpil-post-to-id=\"2628\">Carga r\u00e1pida: carga r\u00e1pida<\/a> 30W(5V\/6A), 100% en 55 min (anunciado)<\/p>\n<p>Interfaz de carga: 2.0, conector reversible tipo C 1.0, USB On-The-Go<\/p>\n<p><a class=\"\" style=\"width: auto !important\" href=\"https:\/\/www.rucashk.com\/es\/producto\/xiaomi-redmi-power-bank-20000mah-qc3-0-usb-type-c-portable-charging\/\" data-wpil-post-to-id=\"2685\">Tipo de cargador: tipo UE<\/a><\/td>\n<\/tr>\n<tr>\n<td width=\"163\"><b>Otras caracter\u00edsticas<\/b><\/td>\n<td width=\"834\">\u00a0WIFI: Wi-Fi 802.11 a\/b\/g\/n\/ac, doble banda, Wi-Fi Direct, punto de acceso<\/p>\n<p>bluetooth: v5.0, A2DP, LE<\/p>\n<p>Posicionamiento: GPS\/AGPS\/Glonass\/Beidou<br \/>\nSensor: Magn\u00e9tico <a class=\"\" style=\"width: auto !important\" href=\"https:\/\/www.rucashk.com\/es\/producto\/xiaomi-mijia-automatic-induction-water-saving-faucet-smart-sensor\/\" data-wpil-post-to-id=\"9352\">Sensor de inducci\u00f3n\/sensor de luz\/sensor de proximidad\/gir\u00f3metro\/sensor de aceleraci\u00f3n<\/a><\/p>\n<p>Opciones de desbloqueo: huella digital en pantalla<\/p>\n<p>NFC: S\u00ed<\/p>\n<p>OTA: S\u00ed<\/p>\n<p>Radio FM: S\u00ed<\/p>\n<p>Conector para auriculares: 3,5 mm<\/p>\n<p>Altavoz: S\u00ed<\/td>\n<\/tr>\n<tr>\n<td width=\"163\"><b>Tama\u00f1o y peso<\/b><\/td>\n<td width=\"834\">\u00a0Tama\u00f1o del producto: 162,1 x 74,8 x 8,9 mm (6,38 x 2,94 x 0,35 pulgadas)<br \/>\nPeso del producto: 191 g (6,74 oz)<\/td>\n<\/tr>\n<tr>\n<td width=\"163\"><b>Lista de embalaje<\/b><\/td>\n<td width=\"834\">\u00a01x <a class=\"\" style=\"width: auto !important\" href=\"https:\/\/www.rucashk.com\/es\/producto\/realme-5pro\/\" data-wpil-post-to-id=\"3446\">Tel\u00e9fono inteligente Realme 6<\/a><\/p>\n<p>1 cargador de flash de 30 W.<\/p>\n<p>1x <a class=\"\" style=\"width: auto !important\" href=\"https:\/\/www.rucashk.com\/es\/producto\/mi-braided-usb-type-c-cable-black\/\" data-wpil-post-to-id=\"15553\">Cable USB tipo C<\/a><\/p>\n<p>1 funda protectora.<\/p>\n<p>1 x pel\u00edcula protectora<\/p>\n<p>1 herramienta para tarjeta SIM.<\/p>\n<p>1 x Folleto de informaci\u00f3n importante con tarjeta de garant\u00eda<\/td>\n<\/tr>\n<\/tbody>\n<\/table>","protected":false},"excerpt":{"rendered":"<ul class=\"a-unordered-list a-vertical a-spacing-mini\">\n<li><span class=\"a-list-item\">C\u00e1mara cu\u00e1druple IA de 64MP | Ultra ancho <\/span><\/li>\n<li><span class=\"a-list-item\">\u00a0Lente de retrato | Macro | Autofoto de 16MP<\/span><\/li>\n<li><span class=\"a-list-item\">Carga flash con bater\u00eda de 4300 mAh<\/span><\/li>\n<li><span class=\"a-list-item\">Cargador de 30w | 0-100 en 55 minutos<\/span><\/li>\n<li><span class=\"a-list-item\">6.5&#8243; Display | 90Hz super smooth screen | FHD+<\/span><\/li>\n<li><span class=\"a-list-item\">Mediatek Helio G90T con hasta 8GB de RAM<\/span><\/li>\n<\/ul>","protected":false},"featured_media":23246,"template":"","meta":[],"product_brand":[],"product_cat":[1295,1301],"product_tag":[],"class_list":{"0":"post-23183","1":"product","2":"type-product","3":"status-publish","4":"has-post-thumbnail","6":"product_cat-mobile-phone","7":"product_cat-realme-mobile-phone","9":"first","10":"instock","11":"shipping-taxable","12":"product-type-external"},"aioseo_notices":[],"aioseo_head":"\n\t\t<!-- All in One SEO Pro 4.5.9.2 - aioseo.com -->\n\t\t<meta name=\"description\" content=\"64MP AI Quad Camera | Ultra-wide Portrait Lens | Macro | 16MP Selfie Flash Charge with 4300mAh battery 30w charger | 0-100 in 55 minutes 6.5&quot; Display | 90Hz super smooth screen | FHD+ Mediatek Helio G90T with upto 8GB RAM\" \/>\n\t\t<meta name=\"robots\" content=\"max-image-preview:large\" \/>\n\t\t<link rel=\"canonical\" href=\"https:\/\/www.rucashk.com\/es\/producto\/realme-6-smartphone\/\" \/>\n\t\t<meta name=\"generator\" content=\"All in One SEO Pro (AIOSEO) 4.5.9.2\" \/>\n\t\t<meta property=\"og:locale\" content=\"es_ES\" \/>\n\t\t<meta property=\"og:site_name\" content=\"Rucas - One-stop AIoT Distribution Worldwide\" \/>\n\t\t<meta property=\"og:type\" content=\"article\" \/>\n\t\t<meta property=\"og:title\" content=\"Realme 6 Smartphone - Rucas - Wholesale and Distribution\" \/>\n\t\t<meta property=\"og:description\" content=\"64MP AI Quad Camera | Ultra-wide Portrait Lens | Macro | 16MP Selfie Flash Charge with 4300mAh battery 30w charger | 0-100 in 55 minutes 6.5&quot; Display | 90Hz super smooth screen | FHD+ Mediatek Helio G90T with upto 8GB RAM\" \/>\n\t\t<meta property=\"og:url\" content=\"https:\/\/www.rucashk.com\/es\/producto\/realme-6-smartphone\/\" \/>\n\t\t<meta property=\"og:image\" content=\"https:\/\/www.rucashk.com\/wp-content\/uploads\/replace\/503b8e645f128a97ccde2b6290747646.jpeg\" \/>\n\t\t<meta property=\"og:image:secure_url\" content=\"https:\/\/www.rucashk.com\/wp-content\/uploads\/replace\/503b8e645f128a97ccde2b6290747646.jpeg\" \/>\n\t\t<meta property=\"og:image:width\" content=\"1456\" \/>\n\t\t<meta property=\"og:image:height\" content=\"816\" \/>\n\t\t<meta property=\"article:published_time\" content=\"2024-01-09T15:52:18+00:00\" \/>\n\t\t<meta property=\"article:modified_time\" content=\"2024-03-11T07:38:49+00:00\" \/>\n\t\t<meta name=\"twitter:card\" content=\"summary_large_image\" \/>\n\t\t<meta name=\"twitter:title\" content=\"Realme 6 Smartphone - Rucas - Wholesale and Distribution\" \/>\n\t\t<meta name=\"twitter:description\" content=\"64MP AI Quad Camera | Ultra-wide Portrait Lens | Macro | 16MP Selfie Flash Charge with 4300mAh battery 30w charger | 0-100 in 55 minutes 6.5&quot; Display | 90Hz super smooth screen | FHD+ Mediatek Helio G90T with upto 8GB RAM\" \/>\n\t\t<meta name=\"twitter:image\" content=\"https:\/\/www.rucashk.com\/wp-content\/uploads\/replace\/503b8e645f128a97ccde2b6290747646.jpeg\" \/>\n\t\t<script type=\"application\/ld+json\" class=\"aioseo-schema\">\n\t\t\t{\"@context\":\"https:\\\/\\\/schema.org\",\"@graph\":[{\"@type\":\"BreadcrumbList\",\"@id\":\"https:\\\/\\\/www.rucashk.com\\\/es\\\/producto\\\/realme-6-smartphone\\\/#breadcrumblist\",\"itemListElement\":[{\"@type\":\"ListItem\",\"@id\":\"https:\\\/\\\/www.rucashk.com\\\/es\\\/#listItem\",\"position\":1,\"name\":\"Home\",\"item\":\"https:\\\/\\\/www.rucashk.com\\\/es\\\/\",\"nextItem\":\"https:\\\/\\\/www.rucashk.com\\\/es\\\/producto\\\/realme-6-smartphone\\\/#listItem\"},{\"@type\":\"ListItem\",\"@id\":\"https:\\\/\\\/www.rucashk.com\\\/es\\\/producto\\\/realme-6-smartphone\\\/#listItem\",\"position\":2,\"name\":\"Realme\\u00a06 Smartphone\",\"previousItem\":\"https:\\\/\\\/www.rucashk.com\\\/es\\\/#listItem\"}]},{\"@type\":\"Organization\",\"@id\":\"https:\\\/\\\/www.rucashk.com\\\/es\\\/#organization\",\"name\":\"Rucas\",\"url\":\"https:\\\/\\\/www.rucashk.com\\\/es\\\/\",\"logo\":{\"@type\":\"ImageObject\",\"url\":\"https:\\\/\\\/www.rucashk.com\\\/wp-content\\\/uploads\\\/2023\\\/12\\\/Rucas_campany_logo.png\",\"@id\":\"https:\\\/\\\/www.rucashk.com\\\/es\\\/producto\\\/realme-6-smartphone\\\/#organizationLogo\",\"width\":221,\"height\":65},\"image\":{\"@id\":\"https:\\\/\\\/www.rucashk.com\\\/es\\\/#organizationLogo\"}},{\"@type\":\"Person\",\"@id\":\"https:\\\/\\\/www.rucashk.com\\\/es\\\/author\\\/admin\\\/#author\",\"url\":\"https:\\\/\\\/www.rucashk.com\\\/es\\\/author\\\/admin\\\/\",\"name\":\"admin\",\"image\":{\"@type\":\"ImageObject\",\"@id\":\"https:\\\/\\\/www.rucashk.com\\\/es\\\/producto\\\/realme-6-smartphone\\\/#authorImage\",\"url\":\"https:\\\/\\\/secure.gravatar.com\\\/avatar\\\/b7c8925b09a27e72b30232f8ecaadbd5af0f70a38c78096863fe51b64f031c24?s=96&d=mm&r=g\",\"width\":96,\"height\":96,\"caption\":\"admin\"}},{\"@type\":\"WebPage\",\"@id\":\"https:\\\/\\\/www.rucashk.com\\\/es\\\/producto\\\/realme-6-smartphone\\\/#webpage\",\"url\":\"https:\\\/\\\/www.rucashk.com\\\/es\\\/producto\\\/realme-6-smartphone\\\/\",\"name\":\"Realme 6 Smartphone - Rucas - Wholesale and Distribution\",\"description\":\"64MP AI Quad Camera | Ultra-wide Portrait Lens | Macro | 16MP Selfie Flash Charge with 4300mAh battery 30w charger | 0-100 in 55 minutes 6.5\\\" Display | 90Hz super smooth screen | FHD+ Mediatek Helio G90T with upto 8GB RAM\",\"inLanguage\":\"es-ES\",\"isPartOf\":{\"@id\":\"https:\\\/\\\/www.rucashk.com\\\/es\\\/#website\"},\"breadcrumb\":{\"@id\":\"https:\\\/\\\/www.rucashk.com\\\/es\\\/producto\\\/realme-6-smartphone\\\/#breadcrumblist\"},\"author\":{\"@id\":\"https:\\\/\\\/www.rucashk.com\\\/es\\\/author\\\/admin\\\/#author\"},\"creator\":{\"@id\":\"https:\\\/\\\/www.rucashk.com\\\/es\\\/author\\\/admin\\\/#author\"},\"image\":{\"@type\":\"ImageObject\",\"url\":\"https:\\\/\\\/www.rucashk.com\\\/wp-content\\\/uploads\\\/2024\\\/01\\\/Realme-6.jpg\",\"@id\":\"https:\\\/\\\/www.rucashk.com\\\/es\\\/producto\\\/realme-6-smartphone\\\/#mainImage\",\"width\":493,\"height\":518},\"primaryImageOfPage\":{\"@id\":\"https:\\\/\\\/www.rucashk.com\\\/es\\\/producto\\\/realme-6-smartphone\\\/#mainImage\"},\"datePublished\":\"2024-01-09T15:52:18+00:00\",\"dateModified\":\"2024-03-11T07:38:49+00:00\"},{\"@type\":\"WebSite\",\"@id\":\"https:\\\/\\\/www.rucashk.com\\\/es\\\/#website\",\"url\":\"https:\\\/\\\/www.rucashk.com\\\/es\\\/\",\"name\":\"Rucas - Wholesale and distribution worldwide\",\"alternateName\":\"Rucas - One-stop AIoT Distribution Worldwide\",\"description\":\"One-stop AIoT Distribution Worldwide\",\"inLanguage\":\"es-ES\",\"publisher\":{\"@id\":\"https:\\\/\\\/www.rucashk.com\\\/es\\\/#organization\"}}]}\n\t\t<\/script>\n\t\t<!-- All in One SEO Pro -->\r\n\t\t<title>Realme 6 Smartphone - Rucas - Wholesale and Distribution<\/title>\n\n","aioseo_head_json":{"title":"Realme 6 Smartphone - Rucas - Wholesale and Distribution","description":"64MP AI Quad Camera | Ultra-wide Portrait Lens | Macro | 16MP Selfie Flash Charge with 4300mAh battery 30w charger | 0-100 in 55 minutes 6.5\" Display | 90Hz super smooth screen | FHD+ Mediatek Helio G90T with upto 8GB RAM","canonical_url":"https:\/\/www.rucashk.com\/es\/producto\/realme-6-smartphone\/","robots":"max-image-preview:large","keywords":"","webmasterTools":{"miscellaneous":""},"og:locale":"es_ES","og:site_name":"Rucas - One-stop AIoT Distribution Worldwide","og:type":"article","og:title":"Realme 6 Smartphone - Rucas - Wholesale and Distribution","og:description":"64MP AI Quad Camera | Ultra-wide Portrait Lens | Macro | 16MP Selfie Flash Charge with 4300mAh battery 30w charger | 0-100 in 55 minutes 6.5&quot; Display | 90Hz super smooth screen | FHD+ Mediatek Helio G90T with upto 8GB RAM","og:url":"https:\/\/www.rucashk.com\/es\/producto\/realme-6-smartphone\/","og:image":"https:\/\/www.rucashk.com\/wp-content\/uploads\/replace\/503b8e645f128a97ccde2b6290747646.jpeg","og:image:secure_url":"https:\/\/www.rucashk.com\/wp-content\/uploads\/replace\/503b8e645f128a97ccde2b6290747646.jpeg","og:image:width":1456,"og:image:height":816,"article:published_time":"2024-01-09T15:52:18+00:00","article:modified_time":"2024-03-11T07:38:49+00:00","twitter:card":"summary_large_image","twitter:title":"Realme 6 Smartphone - Rucas - Wholesale and Distribution","twitter:description":"64MP AI Quad Camera | Ultra-wide Portrait Lens | Macro | 16MP Selfie Flash Charge with 4300mAh battery 30w charger | 0-100 in 55 minutes 6.5&quot; Display | 90Hz super smooth screen | FHD+ Mediatek Helio G90T with upto 8GB RAM","twitter:image":"https:\/\/www.rucashk.com\/wp-content\/uploads\/replace\/503b8e645f128a97ccde2b6290747646.jpeg","schema":{"@context":"https:\/\/schema.org","@graph":[{"@type":"BreadcrumbList","@id":"https:\/\/www.rucashk.com\/es\/producto\/realme-6-smartphone\/#breadcrumblist","itemListElement":[{"@type":"ListItem","@id":"https:\/\/www.rucashk.com\/es\/#listItem","position":1,"name":"Home","item":"https:\/\/www.rucashk.com\/es\/","nextItem":"https:\/\/www.rucashk.com\/es\/producto\/realme-6-smartphone\/#listItem"},{"@type":"ListItem","@id":"https:\/\/www.rucashk.com\/es\/producto\/realme-6-smartphone\/#listItem","position":2,"name":"Realme\u00a06 Smartphone","previousItem":"https:\/\/www.rucashk.com\/es\/#listItem"}]},{"@type":"Organization","@id":"https:\/\/www.rucashk.com\/es\/#organization","name":"Rucas","url":"https:\/\/www.rucashk.com\/es\/","logo":{"@type":"ImageObject","url":"https:\/\/www.rucashk.com\/wp-content\/uploads\/2023\/12\/Rucas_campany_logo.png","@id":"https:\/\/www.rucashk.com\/es\/producto\/realme-6-smartphone\/#organizationLogo","width":221,"height":65},"image":{"@id":"https:\/\/www.rucashk.com\/es\/#organizationLogo"}},{"@type":"Person","@id":"https:\/\/www.rucashk.com\/es\/author\/admin\/#author","url":"https:\/\/www.rucashk.com\/es\/author\/admin\/","name":"admin","image":{"@type":"ImageObject","@id":"https:\/\/www.rucashk.com\/es\/producto\/realme-6-smartphone\/#authorImage","url":"https:\/\/secure.gravatar.com\/avatar\/b7c8925b09a27e72b30232f8ecaadbd5af0f70a38c78096863fe51b64f031c24?s=96&d=mm&r=g","width":96,"height":96,"caption":"admin"}},{"@type":"WebPage","@id":"https:\/\/www.rucashk.com\/es\/producto\/realme-6-smartphone\/#webpage","url":"https:\/\/www.rucashk.com\/es\/producto\/realme-6-smartphone\/","name":"Realme 6 Smartphone - Rucas - Wholesale and Distribution","description":"64MP AI Quad Camera | Ultra-wide Portrait Lens | Macro | 16MP Selfie Flash Charge with 4300mAh battery 30w charger | 0-100 in 55 minutes 6.5\" Display | 90Hz super smooth screen | FHD+ Mediatek Helio G90T with upto 8GB RAM","inLanguage":"es-ES","isPartOf":{"@id":"https:\/\/www.rucashk.com\/es\/#website"},"breadcrumb":{"@id":"https:\/\/www.rucashk.com\/es\/producto\/realme-6-smartphone\/#breadcrumblist"},"author":{"@id":"https:\/\/www.rucashk.com\/es\/author\/admin\/#author"},"creator":{"@id":"https:\/\/www.rucashk.com\/es\/author\/admin\/#author"},"image":{"@type":"ImageObject","url":"https:\/\/www.rucashk.com\/wp-content\/uploads\/2024\/01\/Realme-6.jpg","@id":"https:\/\/www.rucashk.com\/es\/producto\/realme-6-smartphone\/#mainImage","width":493,"height":518},"primaryImageOfPage":{"@id":"https:\/\/www.rucashk.com\/es\/producto\/realme-6-smartphone\/#mainImage"},"datePublished":"2024-01-09T15:52:18+00:00","dateModified":"2024-03-11T07:38:49+00:00"},{"@type":"WebSite","@id":"https:\/\/www.rucashk.com\/es\/#website","url":"https:\/\/www.rucashk.com\/es\/","name":"Rucas - Wholesale and distribution worldwide","alternateName":"Rucas - One-stop AIoT Distribution Worldwide","description":"One-stop AIoT Distribution Worldwide","inLanguage":"es-ES","publisher":{"@id":"https:\/\/www.rucashk.com\/es\/#organization"}}]}},"aioseo_meta_data":{"post_id":"23183","title":null,"description":null,"keywords":null,"keyphrases":null,"primary_term":null,"canonical_url":null,"og_title":null,"og_description":null,"og_object_type":"default","og_image_type":"default","og_image_url":null,"og_image_width":null,"og_image_height":null,"og_image_custom_url":null,"og_image_custom_fields":null,"og_video":null,"og_custom_url":null,"og_article_section":null,"og_article_tags":null,"twitter_use_og":false,"twitter_card":"default","twitter_image_type":"default","twitter_image_url":null,"twitter_image_custom_url":null,"twitter_image_custom_fields":null,"twitter_title":null,"twitter_description":null,"schema":{"blockGraphs":[],"customGraphs":[],"default":{"data":{"Article":[],"Course":[],"Dataset":[],"FAQPage":[],"Movie":[],"Person":[],"Product":[],"Recipe":[],"Service":[],"SoftwareApplication":[],"WebPage":[]},"graphName":"","isEnabled":true},"graphs":[]},"schema_type":"default","schema_type_options":null,"pillar_content":false,"robots_default":true,"robots_noindex":false,"robots_noarchive":false,"robots_nosnippet":false,"robots_nofollow":false,"robots_noimageindex":false,"robots_noodp":false,"robots_notranslate":false,"robots_max_snippet":null,"robots_max_videopreview":null,"robots_max_imagepreview":"large","priority":null,"frequency":null,"local_seo":null,"breadcrumb_settings":null,"limit_modified_date":false,"created":"2024-04-11 01:55:28","updated":"2025-06-22 17:00:00"},"aioseo_breadcrumb":"<div class=\"aioseo-breadcrumbs\"><span class=\"aioseo-breadcrumb\">\n\t<a href=\"https:\/\/www.rucashk.com\/es\" title=\"Home\">Home<\/a>\n<\/span><span class=\"aioseo-breadcrumb-separator\">&raquo;<\/span><span class=\"aioseo-breadcrumb\">\n\t<a href=\"https:\/\/www.rucashk.com\/es\/products\/\" title=\"Productos\">Productos<\/a>\n<\/span><span class=\"aioseo-breadcrumb-separator\">&raquo;<\/span><span class=\"aioseo-breadcrumb\">\n\t<a href=\"https:\/\/www.rucashk.com\/es\/categoria-producto\/mobile-phone\/\" title=\"Mobile Phone\">Mobile Phone<\/a>\n<\/span><span class=\"aioseo-breadcrumb-separator\">&raquo;<\/span><span class=\"aioseo-breadcrumb\">\n\t<a href=\"https:\/\/www.rucashk.com\/es\/categoria-producto\/mobile-phone\/realme-mobile-phone\/\" title=\"Realme\">Realme<\/a>\n<\/span><span class=\"aioseo-breadcrumb-separator\">&raquo;<\/span><span class=\"aioseo-breadcrumb\">\n\tRealme\u00a06 Smartphone\n<\/span><\/div>","aioseo_breadcrumb_json":[{"label":"Home","link":"https:\/\/www.rucashk.com\/es"},{"label":"Productos","link":"https:\/\/www.rucashk.com\/es\/products\/"},{"label":"Mobile Phone","link":"https:\/\/www.rucashk.com\/es\/categoria-producto\/mobile-phone\/"},{"label":"Realme","link":"https:\/\/www.rucashk.com\/es\/categoria-producto\/mobile-phone\/realme-mobile-phone\/"},{"label":"Realme\u00a06 Smartphone","link":"https:\/\/www.rucashk.com\/es\/producto\/realme-6-smartphone\/"}],"_links":{"self":[{"href":"https:\/\/www.rucashk.com\/es\/wp-json\/wp\/v2\/product\/23183","targetHints":{"allow":["GET"]}}],"collection":[{"href":"https:\/\/www.rucashk.com\/es\/wp-json\/wp\/v2\/product"}],"about":[{"href":"https:\/\/www.rucashk.com\/es\/wp-json\/wp\/v2\/types\/product"}],"wp:featuredmedia":[{"embeddable":true,"href":"https:\/\/www.rucashk.com\/es\/wp-json\/wp\/v2\/media\/23246"}],"wp:attachment":[{"href":"https:\/\/www.rucashk.com\/es\/wp-json\/wp\/v2\/media?parent=23183"}],"wp:term":[{"taxonomy":"product_brand","embeddable":true,"href":"https:\/\/www.rucashk.com\/es\/wp-json\/wp\/v2\/product_brand?post=23183"},{"taxonomy":"product_cat","embeddable":true,"href":"https:\/\/www.rucashk.com\/es\/wp-json\/wp\/v2\/product_cat?post=23183"},{"taxonomy":"product_tag","embeddable":true,"href":"https:\/\/www.rucashk.com\/es\/wp-json\/wp\/v2\/product_tag?post=23183"}],"curies":[{"name":"wp","href":"https:\/\/api.w.org\/{rel}","templated":true}]}}