{"id":23182,"date":"2024-01-09T15:52:18","date_gmt":"2024-01-09T15:52:18","guid":{"rendered":"http:\/\/rucashk.com\/?post_type=product&#038;p=23182"},"modified":"2024-03-11T07:38:03","modified_gmt":"2024-03-11T07:38:03","slug":"huawei-nova-7i-mobile-phone","status":"publish","type":"product","link":"https:\/\/www.rucashk.com\/es\/producto\/huawei-nova-7i-mobile-phone\/","title":{"rendered":"Tel\u00e9fono m\u00f3vil Huawei Nova 7i"},"content":{"rendered":"<p><img fetchpriority=\"high\" decoding=\"async\" class=\"wp-image-25602 size-full aligncenter\" src=\"\/wp-content\/uploads\/replace\/f6c4c432256e5e6aacce33f07da46f0e.jpeg\" alt=\"Huawei nova 7i Screen\" width=\"1347\" height=\"769\" \/><\/p>\n<p><img decoding=\"async\" class=\"wp-image-25596 size-full aligncenter\" src=\"\/wp-content\/uploads\/replace\/7b89d36c11f880d36cf61cdfb7740cc1.jpeg\" alt=\"Huawei nova 7i (2)\" width=\"1800\" height=\"1104\" \/><\/p>\n<p><img decoding=\"async\" class=\"wp-image-25595 size-full aligncenter\" src=\"\/wp-content\/uploads\/replace\/23ad5a2fbebbe9cd726a911cf6f968e8.jpeg\" alt=\"Huawei nova 7i (1)\" width=\"1193\" height=\"789\" \/><\/p>\n<p><img loading=\"lazy\" decoding=\"async\" class=\"wp-image-25600 size-full aligncenter\" src=\"\/wp-content\/uploads\/replace\/ccd6469c6e899f14363610c10143c817.jpeg\" alt=\"Huawei nova 7i (6)\" width=\"1624\" height=\"937\" \/><\/p>\n<p><img loading=\"lazy\" decoding=\"async\" class=\"wp-image-25598 size-full aligncenter\" src=\"\/wp-content\/uploads\/replace\/0219fbed5aa19126f7cd1af3e1061dcc.jpeg\" alt=\"Huawei nova 7i (4)\" width=\"1920\" height=\"1080\" \/><\/p>\n<table style=\"font-weight: 400\">\n<tbody>\n<tr>\n<td rowspan=\"5\" width=\"86\"><b><strong>RED<\/strong><\/b><\/td>\n<td width=\"110\"><b><strong>Tecnolog\u00eda<\/strong><\/b><\/td>\n<td>GSM\/HSPA\/LTE<\/td>\n<\/tr>\n<tr>\n<td width=\"110\"><b><strong>bandas 2G<\/strong><\/b><\/td>\n<td>GSM 850\/900\/1800\/1900 \u2013 SIM 1 y SIM 2<\/td>\n<\/tr>\n<tr>\n<td width=\"110\"><b><strong>bandas 3G<\/strong><\/b><\/td>\n<td>HSDPA 800\/850\/900\/1700 (AWS)\/2100<\/td>\n<\/tr>\n<tr>\n<td width=\"110\"><b><strong>bandas 4G<\/strong><\/b><\/td>\n<td>LTE (sin especificar)<\/td>\n<\/tr>\n<tr>\n<td width=\"110\"><b><strong>Velocidad<\/strong><\/b><\/td>\n<td>HSPA 42,2\/5,76 Mbps, LTE-A (2CA) Cat13 400\/75 Mbps<\/td>\n<\/tr>\n<\/tbody>\n<\/table>\n<table style=\"font-weight: 400\">\n<tbody>\n<tr>\n<td rowspan=\"2\" width=\"86\"><b><strong>LANZAMIENTO<\/strong><\/b><\/td>\n<td width=\"110\"><b><strong>Anunciado<\/strong><\/b><\/td>\n<td>2020, 30 de enero<\/td>\n<\/tr>\n<tr>\n<td width=\"110\"><b><strong>Estado<\/strong><\/b><\/td>\n<td>Disponible. Publicado el 14 de febrero de 2020.<\/td>\n<\/tr>\n<\/tbody>\n<\/table>\n<table style=\"font-weight: 400\">\n<tbody>\n<tr>\n<td rowspan=\"4\" width=\"86\"><b><strong>CUERPO<\/strong><\/b><\/td>\n<td width=\"110\"><b><strong>Dimensiones<\/strong><\/b><\/td>\n<td>159,2 x 76,3 x 8,7 mm (6,27 x 3,00 x 0,34 pulgadas)<\/td>\n<\/tr>\n<tr>\n<td width=\"110\"><b><strong>Peso<\/strong><\/b><\/td>\n<td>183 gramos (6,46 onzas)<\/td>\n<\/tr>\n<tr>\n<td width=\"110\"><b><strong>Construir<\/strong><\/b><\/td>\n<td>Frente de cristal, parte trasera de pl\u00e1stico, marco de pl\u00e1stico.<\/td>\n<\/tr>\n<tr>\n<td width=\"110\"><b><strong>SIM<\/strong><\/b><\/td>\n<td>Doble SIM h\u00edbrida (Nano-SIM, modo de espera dual)<\/td>\n<\/tr>\n<\/tbody>\n<\/table>\n<table style=\"font-weight: 400\">\n<tbody>\n<tr>\n<td rowspan=\"3\" width=\"86\"><b><strong>MOSTRAR<\/strong><\/b><\/td>\n<td width=\"110\"><b><strong>Tipo<\/strong><\/b><\/td>\n<td>Pantalla t\u00e1ctil capacitiva LCD LTPS IPS, 16 millones de colores<\/td>\n<\/tr>\n<tr>\n<td width=\"110\"><b><strong>Tama\u00f1o<\/strong><\/b><\/td>\n<td>6,4 pulgadas, 101,4 cm<sup>2<\/sup>\u00a0(~83.5% relaci\u00f3n pantalla-cuerpo)<\/td>\n<\/tr>\n<tr>\n<td width=\"110\"><b><strong>Resoluci\u00f3n<\/strong><\/b><\/td>\n<td>1080 x 2310 p\u00edxeles (densidad ~398 ppp)<\/td>\n<\/tr>\n<\/tbody>\n<\/table>\n<table style=\"font-weight: 400\">\n<tbody>\n<tr>\n<td rowspan=\"4\" width=\"86\"><b><strong>PLATAFORMA<\/strong><\/b><\/td>\n<td width=\"110\"><b><strong>SO<\/strong><\/b><\/td>\n<td>Android 10.0; EMUI 10<\/td>\n<\/tr>\n<tr>\n<td width=\"110\"><b><strong>conjunto de chips<\/strong><\/b><\/td>\n<td>HiSilicon Kirin 810 (7 nm)<\/td>\n<\/tr>\n<tr>\n<td width=\"110\"><b><strong>UPC<\/strong><\/b><\/td>\n<td>Octa n\u00facleo (2 \u00d7 2,27 GHz Cortex-A76 y 6 \u00d7 1,88 GHz Cortex-A55)<\/td>\n<\/tr>\n<tr>\n<td width=\"110\"><b><strong>GPU<\/strong><\/b><\/td>\n<td>Mali-G52 MP6<\/td>\n<\/tr>\n<\/tbody>\n<\/table>\n<table style=\"font-weight: 400\">\n<tbody>\n<tr>\n<td rowspan=\"3\" width=\"86\"><b><strong>MEMORIA<\/strong><\/b><\/td>\n<td width=\"110\"><b><strong>Ranura para tarjetas<\/strong><\/b><\/td>\n<td>NM (Nano Memory), hasta 256 GB (utiliza ranura SIM compartida)<\/td>\n<\/tr>\n<tr>\n<td width=\"110\"><b><strong>Interno<\/strong><\/b><\/td>\n<td>128 GB 8 GB de RAM<\/td>\n<\/tr>\n<tr>\n<td width=\"110\"><b><strong>\u00a0<\/strong><\/b><\/td>\n<td>UFS 2.1<\/td>\n<\/tr>\n<\/tbody>\n<\/table>\n<table style=\"font-weight: 400\">\n<tbody>\n<tr>\n<td rowspan=\"3\" width=\"86\"><b><strong>C\u00c1MARA PRINCIPAL<\/strong><\/b><\/td>\n<td width=\"110\"><b><strong>Patio<\/strong><\/b><\/td>\n<td>48 MP, f\/1.8, 26 mm (ancho), 1\/2.0\u2033, 0.8 \u00b5m, PDAF<br \/>\n8 MP, f\/2.4, (ultra gran angular)<br \/>\n2 MP, f\/2,4, 27 mm (macro), 1\/5,0\u2033, 1,75 \u00b5m<br \/>\n2 MP, f\/2.4, (profundidad)<\/td>\n<\/tr>\n<tr>\n<td width=\"110\"><b><strong>Caracter\u00edsticas<\/strong><\/b><\/td>\n<td>Flash LED, HDR, panorama<\/td>\n<\/tr>\n<tr>\n<td width=\"110\"><b><strong>Video<\/strong><\/b><\/td>\n<td>1080p@30fps<\/td>\n<\/tr>\n<\/tbody>\n<\/table>\n<table style=\"font-weight: 400\">\n<tbody>\n<tr>\n<td rowspan=\"3\" width=\"86\"><b><strong>C\u00c1MARA SELFIE<\/strong><\/b><\/td>\n<td width=\"110\"><b><strong>Soltero<\/strong><\/b><\/td>\n<td>16 MP, f\/2.0, (ancho), 1\/3.1\u2033, 1.0 \u00b5m<\/td>\n<\/tr>\n<tr>\n<td width=\"110\"><b><strong>Caracter\u00edsticas<\/strong><\/b><\/td>\n<td>HDR<\/td>\n<\/tr>\n<tr>\n<td width=\"110\"><b><strong>Video<\/strong><\/b><\/td>\n<td>1080p@30fps<\/td>\n<\/tr>\n<\/tbody>\n<\/table>\n<table style=\"font-weight: 400\">\n<tbody>\n<tr>\n<td rowspan=\"2\" width=\"86\"><b><strong>SONIDO<\/strong><\/b><\/td>\n<td width=\"110\"><b><strong>Altoparlante<\/strong><\/b><\/td>\n<td>S\u00ed<\/td>\n<\/tr>\n<tr>\n<td width=\"110\"><b><strong>conector de 3,5 mm<\/strong><\/b><\/td>\n<td>S\u00ed<\/td>\n<\/tr>\n<\/tbody>\n<\/table>\n<table style=\"font-weight: 400\">\n<tbody>\n<tr>\n<td rowspan=\"4\" width=\"86\"><b><strong>COMUNICACIONES<\/strong><\/b><\/td>\n<td width=\"110\"><b><strong>WiFi<\/strong><\/b><\/td>\n<td>Wi-Fi 802.11 a\/b\/g\/n\/ac, doble banda, Wi-Fi Direct, punto de acceso<\/td>\n<\/tr>\n<tr>\n<td width=\"110\"><b><strong>Bluetooth<\/strong><\/b><\/td>\n<td>5.0, A2DP, LE<\/td>\n<\/tr>\n<tr>\n<td width=\"110\"><b><strong>GPS<\/strong><\/b><\/td>\n<td>S\u00ed, con A-GPS, GLONASS, GALILEO, BDS, QZSS<\/td>\n<\/tr>\n<tr>\n<td width=\"110\"><b><strong>USB<\/strong><\/b><\/td>\n<td>2.0, conector reversible tipo C 1.0, USB On-The-Go<\/td>\n<\/tr>\n<\/tbody>\n<\/table>\n<table style=\"font-weight: 400\">\n<tbody>\n<tr>\n<td rowspan=\"2\" width=\"86\"><b><strong>CARACTER\u00cdSTICAS<\/strong><\/b><\/td>\n<td width=\"110\"><b><strong>Sensores<\/strong><\/b><\/td>\n<td>Huella digital (lateral), aceler\u00f3metro, proximidad, br\u00fajula<\/td>\n<\/tr>\n<tr>\n<td><\/td>\n<td><\/td>\n<\/tr>\n<\/tbody>\n<\/table>\n<table style=\"font-weight: 400\">\n<tbody>\n<tr>\n<td rowspan=\"2\" width=\"86\"><b><strong>BATER\u00cdA<\/strong><\/b><\/td>\n<td width=\"110\"><b><strong>\u00a0<\/strong><\/b><\/td>\n<td>Bater\u00eda Li-Po 4200 mAh no extra\u00edble<\/td>\n<\/tr>\n<tr>\n<td width=\"110\"><b><strong>Cargando<\/strong><\/b><\/td>\n<td>Carga r\u00e1pida de bater\u00eda 40W<\/td>\n<\/tr>\n<\/tbody>\n<\/table>\n<p style=\"font-weight: 400\"><b><strong>\u00a0<\/strong><\/b><b><strong>Contenidos del paquete:<\/strong><\/b><\/p>\n<p style=\"font-weight: 400\"><b><strong>\u2013 Tel\u00e9fono Huawei nova 7i<\/strong><\/b><\/p>\n<p style=\"font-weight: 400\"><b><strong>\u2013 1 cargador de viaje.<br \/>\n\u2013 1 cable USB.<br \/>\n\u2013 1 manual de usuario.<\/strong><\/b><\/p>\n<p>&nbsp;<\/p>","protected":false},"excerpt":{"rendered":"<p>Huawei Nova 7i features a 6.4 display with 1080 x 2310 Pixels screen resolution<\/p>\n<p>and runs Android 10.0 It packs 8GB RAM and 128GB ROM which runs on 1.8 GHz processor and It comes with 48MP Plus 8MP Plus 2MP Plus 2MP Rear and 16MP<\/p>\n<p>Front camera. Backed up with a powerful battery 4200mAh.<\/p>","protected":false},"featured_media":23245,"template":"","meta":[],"product_brand":[],"product_cat":[1295],"product_tag":[],"class_list":{"0":"post-23182","1":"product","2":"type-product","3":"status-publish","4":"has-post-thumbnail","6":"product_cat-mobile-phone","8":"first","9":"instock","10":"shipping-taxable","11":"product-type-external"},"aioseo_notices":[],"aioseo_head":"\n\t\t<!-- All in One SEO Pro 4.5.9.2 - aioseo.com -->\n\t\t<meta name=\"description\" content=\"Huawei Nova 7i features a 6.4 display with 1080 x 2310 Pixels screen resolution and runs Android 10.0 It packs 8GB RAM and 128GB ROM which runs on 1.8 GHz processor and It comes with 48MP Plus 8MP Plus 2MP Plus 2MP Rear and 16MP Front camera. Backed up with a powerful battery 4200mAh.\" \/>\n\t\t<meta name=\"robots\" content=\"max-image-preview:large\" \/>\n\t\t<link rel=\"canonical\" href=\"https:\/\/www.rucashk.com\/es\/producto\/huawei-nova-7i-mobile-phone\/\" \/>\n\t\t<meta name=\"generator\" content=\"All in One SEO Pro (AIOSEO) 4.5.9.2\" \/>\n\t\t<meta property=\"og:locale\" content=\"es_ES\" \/>\n\t\t<meta property=\"og:site_name\" content=\"Rucas - One-stop AIoT Distribution Worldwide\" \/>\n\t\t<meta property=\"og:type\" content=\"article\" \/>\n\t\t<meta property=\"og:title\" content=\"Huawei Nova 7i Mobile Phone - Rucas - Wholesale and Distribution\" \/>\n\t\t<meta property=\"og:description\" content=\"Huawei Nova 7i features a 6.4 display with 1080 x 2310 Pixels screen resolution and runs Android 10.0 It packs 8GB RAM and 128GB ROM which runs on 1.8 GHz processor and It comes with 48MP Plus 8MP Plus 2MP Plus 2MP Rear and 16MP Front camera. Backed up with a powerful battery 4200mAh.\" \/>\n\t\t<meta property=\"og:url\" content=\"https:\/\/www.rucashk.com\/es\/producto\/huawei-nova-7i-mobile-phone\/\" \/>\n\t\t<meta property=\"og:image\" content=\"https:\/\/www.rucashk.com\/wp-content\/uploads\/replace\/503b8e645f128a97ccde2b6290747646.jpeg\" \/>\n\t\t<meta property=\"og:image:secure_url\" content=\"https:\/\/www.rucashk.com\/wp-content\/uploads\/replace\/503b8e645f128a97ccde2b6290747646.jpeg\" \/>\n\t\t<meta property=\"og:image:width\" content=\"1456\" \/>\n\t\t<meta property=\"og:image:height\" content=\"816\" \/>\n\t\t<meta property=\"article:published_time\" content=\"2024-01-09T15:52:18+00:00\" \/>\n\t\t<meta property=\"article:modified_time\" content=\"2024-03-11T07:38:03+00:00\" \/>\n\t\t<meta name=\"twitter:card\" content=\"summary_large_image\" \/>\n\t\t<meta name=\"twitter:title\" content=\"Huawei Nova 7i Mobile Phone - Rucas - Wholesale and Distribution\" \/>\n\t\t<meta name=\"twitter:description\" content=\"Huawei Nova 7i features a 6.4 display with 1080 x 2310 Pixels screen resolution and runs Android 10.0 It packs 8GB RAM and 128GB ROM which runs on 1.8 GHz processor and It comes with 48MP Plus 8MP Plus 2MP Plus 2MP Rear and 16MP Front camera. Backed up with a powerful battery 4200mAh.\" \/>\n\t\t<meta name=\"twitter:image\" content=\"https:\/\/www.rucashk.com\/wp-content\/uploads\/replace\/503b8e645f128a97ccde2b6290747646.jpeg\" \/>\n\t\t<script type=\"application\/ld+json\" class=\"aioseo-schema\">\n\t\t\t{\"@context\":\"https:\\\/\\\/schema.org\",\"@graph\":[{\"@type\":\"BreadcrumbList\",\"@id\":\"https:\\\/\\\/www.rucashk.com\\\/es\\\/producto\\\/huawei-nova-7i-mobile-phone\\\/#breadcrumblist\",\"itemListElement\":[{\"@type\":\"ListItem\",\"@id\":\"https:\\\/\\\/www.rucashk.com\\\/es\\\/#listItem\",\"position\":1,\"name\":\"Home\",\"item\":\"https:\\\/\\\/www.rucashk.com\\\/es\\\/\",\"nextItem\":\"https:\\\/\\\/www.rucashk.com\\\/es\\\/producto\\\/huawei-nova-7i-mobile-phone\\\/#listItem\"},{\"@type\":\"ListItem\",\"@id\":\"https:\\\/\\\/www.rucashk.com\\\/es\\\/producto\\\/huawei-nova-7i-mobile-phone\\\/#listItem\",\"position\":2,\"name\":\"Huawei\\u00a0Nova 7i Mobile Phone\",\"previousItem\":\"https:\\\/\\\/www.rucashk.com\\\/es\\\/#listItem\"}]},{\"@type\":\"Organization\",\"@id\":\"https:\\\/\\\/www.rucashk.com\\\/es\\\/#organization\",\"name\":\"Rucas\",\"url\":\"https:\\\/\\\/www.rucashk.com\\\/es\\\/\",\"logo\":{\"@type\":\"ImageObject\",\"url\":\"https:\\\/\\\/www.rucashk.com\\\/wp-content\\\/uploads\\\/2023\\\/12\\\/Rucas_campany_logo.png\",\"@id\":\"https:\\\/\\\/www.rucashk.com\\\/es\\\/producto\\\/huawei-nova-7i-mobile-phone\\\/#organizationLogo\",\"width\":221,\"height\":65},\"image\":{\"@id\":\"https:\\\/\\\/www.rucashk.com\\\/es\\\/#organizationLogo\"}},{\"@type\":\"Person\",\"@id\":\"https:\\\/\\\/www.rucashk.com\\\/es\\\/author\\\/admin\\\/#author\",\"url\":\"https:\\\/\\\/www.rucashk.com\\\/es\\\/author\\\/admin\\\/\",\"name\":\"admin\",\"image\":{\"@type\":\"ImageObject\",\"@id\":\"https:\\\/\\\/www.rucashk.com\\\/es\\\/producto\\\/huawei-nova-7i-mobile-phone\\\/#authorImage\",\"url\":\"https:\\\/\\\/secure.gravatar.com\\\/avatar\\\/b7c8925b09a27e72b30232f8ecaadbd5af0f70a38c78096863fe51b64f031c24?s=96&d=mm&r=g\",\"width\":96,\"height\":96,\"caption\":\"admin\"}},{\"@type\":\"WebPage\",\"@id\":\"https:\\\/\\\/www.rucashk.com\\\/es\\\/producto\\\/huawei-nova-7i-mobile-phone\\\/#webpage\",\"url\":\"https:\\\/\\\/www.rucashk.com\\\/es\\\/producto\\\/huawei-nova-7i-mobile-phone\\\/\",\"name\":\"Huawei Nova 7i Mobile Phone - Rucas - Wholesale and Distribution\",\"description\":\"Huawei Nova 7i features a 6.4 display with 1080 x 2310 Pixels screen resolution and runs Android 10.0 It packs 8GB RAM and 128GB ROM which runs on 1.8 GHz processor and It comes with 48MP Plus 8MP Plus 2MP Plus 2MP Rear and 16MP Front camera. Backed up with a powerful battery 4200mAh.\",\"inLanguage\":\"es-ES\",\"isPartOf\":{\"@id\":\"https:\\\/\\\/www.rucashk.com\\\/es\\\/#website\"},\"breadcrumb\":{\"@id\":\"https:\\\/\\\/www.rucashk.com\\\/es\\\/producto\\\/huawei-nova-7i-mobile-phone\\\/#breadcrumblist\"},\"author\":{\"@id\":\"https:\\\/\\\/www.rucashk.com\\\/es\\\/author\\\/admin\\\/#author\"},\"creator\":{\"@id\":\"https:\\\/\\\/www.rucashk.com\\\/es\\\/author\\\/admin\\\/#author\"},\"image\":{\"@type\":\"ImageObject\",\"url\":\"https:\\\/\\\/www.rucashk.com\\\/wp-content\\\/uploads\\\/2024\\\/01\\\/Huawei-Nova-7i.jpg\",\"@id\":\"https:\\\/\\\/www.rucashk.com\\\/es\\\/producto\\\/huawei-nova-7i-mobile-phone\\\/#mainImage\",\"width\":451,\"height\":438},\"primaryImageOfPage\":{\"@id\":\"https:\\\/\\\/www.rucashk.com\\\/es\\\/producto\\\/huawei-nova-7i-mobile-phone\\\/#mainImage\"},\"datePublished\":\"2024-01-09T15:52:18+00:00\",\"dateModified\":\"2024-03-11T07:38:03+00:00\"},{\"@type\":\"WebSite\",\"@id\":\"https:\\\/\\\/www.rucashk.com\\\/es\\\/#website\",\"url\":\"https:\\\/\\\/www.rucashk.com\\\/es\\\/\",\"name\":\"Rucas - Wholesale and distribution worldwide\",\"alternateName\":\"Rucas - One-stop AIoT Distribution Worldwide\",\"description\":\"One-stop AIoT Distribution Worldwide\",\"inLanguage\":\"es-ES\",\"publisher\":{\"@id\":\"https:\\\/\\\/www.rucashk.com\\\/es\\\/#organization\"}}]}\n\t\t<\/script>\n\t\t<!-- All in One SEO Pro -->\r\n\t\t<title>Huawei Nova 7i Mobile Phone - Rucas - Wholesale and Distribution<\/title>\n\n","aioseo_head_json":{"title":"Huawei Nova 7i Mobile Phone - Rucas - Wholesale and Distribution","description":"Huawei Nova 7i features a 6.4 display with 1080 x 2310 Pixels screen resolution and runs Android 10.0 It packs 8GB RAM and 128GB ROM which runs on 1.8 GHz processor and It comes with 48MP Plus 8MP Plus 2MP Plus 2MP Rear and 16MP Front camera. Backed up with a powerful battery 4200mAh.","canonical_url":"https:\/\/www.rucashk.com\/es\/producto\/huawei-nova-7i-mobile-phone\/","robots":"max-image-preview:large","keywords":"","webmasterTools":{"miscellaneous":""},"og:locale":"es_ES","og:site_name":"Rucas - One-stop AIoT Distribution Worldwide","og:type":"article","og:title":"Huawei Nova 7i Mobile Phone - Rucas - Wholesale and Distribution","og:description":"Huawei Nova 7i features a 6.4 display with 1080 x 2310 Pixels screen resolution and runs Android 10.0 It packs 8GB RAM and 128GB ROM which runs on 1.8 GHz processor and It comes with 48MP Plus 8MP Plus 2MP Plus 2MP Rear and 16MP Front camera. Backed up with a powerful battery 4200mAh.","og:url":"https:\/\/www.rucashk.com\/es\/producto\/huawei-nova-7i-mobile-phone\/","og:image":"https:\/\/www.rucashk.com\/wp-content\/uploads\/replace\/503b8e645f128a97ccde2b6290747646.jpeg","og:image:secure_url":"https:\/\/www.rucashk.com\/wp-content\/uploads\/replace\/503b8e645f128a97ccde2b6290747646.jpeg","og:image:width":1456,"og:image:height":816,"article:published_time":"2024-01-09T15:52:18+00:00","article:modified_time":"2024-03-11T07:38:03+00:00","twitter:card":"summary_large_image","twitter:title":"Huawei Nova 7i Mobile Phone - Rucas - Wholesale and Distribution","twitter:description":"Huawei Nova 7i features a 6.4 display with 1080 x 2310 Pixels screen resolution and runs Android 10.0 It packs 8GB RAM and 128GB ROM which runs on 1.8 GHz processor and It comes with 48MP Plus 8MP Plus 2MP Plus 2MP Rear and 16MP Front camera. Backed up with a powerful battery 4200mAh.","twitter:image":"https:\/\/www.rucashk.com\/wp-content\/uploads\/replace\/503b8e645f128a97ccde2b6290747646.jpeg","schema":{"@context":"https:\/\/schema.org","@graph":[{"@type":"BreadcrumbList","@id":"https:\/\/www.rucashk.com\/es\/producto\/huawei-nova-7i-mobile-phone\/#breadcrumblist","itemListElement":[{"@type":"ListItem","@id":"https:\/\/www.rucashk.com\/es\/#listItem","position":1,"name":"Home","item":"https:\/\/www.rucashk.com\/es\/","nextItem":"https:\/\/www.rucashk.com\/es\/producto\/huawei-nova-7i-mobile-phone\/#listItem"},{"@type":"ListItem","@id":"https:\/\/www.rucashk.com\/es\/producto\/huawei-nova-7i-mobile-phone\/#listItem","position":2,"name":"Huawei\u00a0Nova 7i Mobile Phone","previousItem":"https:\/\/www.rucashk.com\/es\/#listItem"}]},{"@type":"Organization","@id":"https:\/\/www.rucashk.com\/es\/#organization","name":"Rucas","url":"https:\/\/www.rucashk.com\/es\/","logo":{"@type":"ImageObject","url":"https:\/\/www.rucashk.com\/wp-content\/uploads\/2023\/12\/Rucas_campany_logo.png","@id":"https:\/\/www.rucashk.com\/es\/producto\/huawei-nova-7i-mobile-phone\/#organizationLogo","width":221,"height":65},"image":{"@id":"https:\/\/www.rucashk.com\/es\/#organizationLogo"}},{"@type":"Person","@id":"https:\/\/www.rucashk.com\/es\/author\/admin\/#author","url":"https:\/\/www.rucashk.com\/es\/author\/admin\/","name":"admin","image":{"@type":"ImageObject","@id":"https:\/\/www.rucashk.com\/es\/producto\/huawei-nova-7i-mobile-phone\/#authorImage","url":"https:\/\/secure.gravatar.com\/avatar\/b7c8925b09a27e72b30232f8ecaadbd5af0f70a38c78096863fe51b64f031c24?s=96&d=mm&r=g","width":96,"height":96,"caption":"admin"}},{"@type":"WebPage","@id":"https:\/\/www.rucashk.com\/es\/producto\/huawei-nova-7i-mobile-phone\/#webpage","url":"https:\/\/www.rucashk.com\/es\/producto\/huawei-nova-7i-mobile-phone\/","name":"Huawei Nova 7i Mobile Phone - Rucas - Wholesale and Distribution","description":"Huawei Nova 7i features a 6.4 display with 1080 x 2310 Pixels screen resolution and runs Android 10.0 It packs 8GB RAM and 128GB ROM which runs on 1.8 GHz processor and It comes with 48MP Plus 8MP Plus 2MP Plus 2MP Rear and 16MP Front camera. Backed up with a powerful battery 4200mAh.","inLanguage":"es-ES","isPartOf":{"@id":"https:\/\/www.rucashk.com\/es\/#website"},"breadcrumb":{"@id":"https:\/\/www.rucashk.com\/es\/producto\/huawei-nova-7i-mobile-phone\/#breadcrumblist"},"author":{"@id":"https:\/\/www.rucashk.com\/es\/author\/admin\/#author"},"creator":{"@id":"https:\/\/www.rucashk.com\/es\/author\/admin\/#author"},"image":{"@type":"ImageObject","url":"https:\/\/www.rucashk.com\/wp-content\/uploads\/2024\/01\/Huawei-Nova-7i.jpg","@id":"https:\/\/www.rucashk.com\/es\/producto\/huawei-nova-7i-mobile-phone\/#mainImage","width":451,"height":438},"primaryImageOfPage":{"@id":"https:\/\/www.rucashk.com\/es\/producto\/huawei-nova-7i-mobile-phone\/#mainImage"},"datePublished":"2024-01-09T15:52:18+00:00","dateModified":"2024-03-11T07:38:03+00:00"},{"@type":"WebSite","@id":"https:\/\/www.rucashk.com\/es\/#website","url":"https:\/\/www.rucashk.com\/es\/","name":"Rucas - Wholesale and distribution worldwide","alternateName":"Rucas - One-stop AIoT Distribution Worldwide","description":"One-stop AIoT Distribution Worldwide","inLanguage":"es-ES","publisher":{"@id":"https:\/\/www.rucashk.com\/es\/#organization"}}]}},"aioseo_meta_data":{"post_id":"23182","title":null,"description":null,"keywords":null,"keyphrases":null,"primary_term":null,"canonical_url":null,"og_title":null,"og_description":null,"og_object_type":"default","og_image_type":"default","og_image_url":null,"og_image_width":null,"og_image_height":null,"og_image_custom_url":null,"og_image_custom_fields":null,"og_video":null,"og_custom_url":null,"og_article_section":null,"og_article_tags":null,"twitter_use_og":false,"twitter_card":"default","twitter_image_type":"default","twitter_image_url":null,"twitter_image_custom_url":null,"twitter_image_custom_fields":null,"twitter_title":null,"twitter_description":null,"schema":{"blockGraphs":[],"customGraphs":[],"default":{"data":{"Article":[],"Course":[],"Dataset":[],"FAQPage":[],"Movie":[],"Person":[],"Product":[],"Recipe":[],"Service":[],"SoftwareApplication":[],"WebPage":[]},"graphName":"","isEnabled":true},"graphs":[]},"schema_type":"default","schema_type_options":null,"pillar_content":false,"robots_default":true,"robots_noindex":false,"robots_noarchive":false,"robots_nosnippet":false,"robots_nofollow":false,"robots_noimageindex":false,"robots_noodp":false,"robots_notranslate":false,"robots_max_snippet":null,"robots_max_videopreview":null,"robots_max_imagepreview":"large","priority":null,"frequency":null,"local_seo":null,"breadcrumb_settings":null,"limit_modified_date":false,"created":"2024-04-11 01:55:28","updated":"2025-06-22 17:00:00"},"aioseo_breadcrumb":"<div class=\"aioseo-breadcrumbs\"><span class=\"aioseo-breadcrumb\">\n\t<a href=\"https:\/\/www.rucashk.com\/es\" title=\"Home\">Home<\/a>\n<\/span><span class=\"aioseo-breadcrumb-separator\">&raquo;<\/span><span class=\"aioseo-breadcrumb\">\n\t<a href=\"https:\/\/www.rucashk.com\/es\/products\/\" title=\"Productos\">Productos<\/a>\n<\/span><span class=\"aioseo-breadcrumb-separator\">&raquo;<\/span><span class=\"aioseo-breadcrumb\">\n\t<a href=\"https:\/\/www.rucashk.com\/es\/categoria-producto\/mobile-phone\/\" title=\"Mobile Phone\">Mobile Phone<\/a>\n<\/span><span class=\"aioseo-breadcrumb-separator\">&raquo;<\/span><span class=\"aioseo-breadcrumb\">\n\tHuawei\u00a0Nova 7i Mobile Phone\n<\/span><\/div>","aioseo_breadcrumb_json":[{"label":"Home","link":"https:\/\/www.rucashk.com\/es"},{"label":"Productos","link":"https:\/\/www.rucashk.com\/es\/products\/"},{"label":"Mobile Phone","link":"https:\/\/www.rucashk.com\/es\/categoria-producto\/mobile-phone\/"},{"label":"Huawei\u00a0Nova 7i Mobile Phone","link":"https:\/\/www.rucashk.com\/es\/producto\/huawei-nova-7i-mobile-phone\/"}],"_links":{"self":[{"href":"https:\/\/www.rucashk.com\/es\/wp-json\/wp\/v2\/product\/23182","targetHints":{"allow":["GET"]}}],"collection":[{"href":"https:\/\/www.rucashk.com\/es\/wp-json\/wp\/v2\/product"}],"about":[{"href":"https:\/\/www.rucashk.com\/es\/wp-json\/wp\/v2\/types\/product"}],"wp:featuredmedia":[{"embeddable":true,"href":"https:\/\/www.rucashk.com\/es\/wp-json\/wp\/v2\/media\/23245"}],"wp:attachment":[{"href":"https:\/\/www.rucashk.com\/es\/wp-json\/wp\/v2\/media?parent=23182"}],"wp:term":[{"taxonomy":"product_brand","embeddable":true,"href":"https:\/\/www.rucashk.com\/es\/wp-json\/wp\/v2\/product_brand?post=23182"},{"taxonomy":"product_cat","embeddable":true,"href":"https:\/\/www.rucashk.com\/es\/wp-json\/wp\/v2\/product_cat?post=23182"},{"taxonomy":"product_tag","embeddable":true,"href":"https:\/\/www.rucashk.com\/es\/wp-json\/wp\/v2\/product_tag?post=23182"}],"curies":[{"name":"wp","href":"https:\/\/api.w.org\/{rel}","templated":true}]}}