{"id":23180,"date":"2024-01-09T15:52:18","date_gmt":"2024-01-09T15:52:18","guid":{"rendered":"http:\/\/rucashk.com\/?post_type=product&#038;p=23180"},"modified":"2024-03-13T08:31:42","modified_gmt":"2024-03-13T08:31:42","slug":"apple-airpods","status":"publish","type":"product","link":"https:\/\/www.rucashk.com\/es\/producto\/apple-airpods\/","title":{"rendered":"Airpods de Apple"},"content":{"rendered":"<p><img decoding=\"async\" alt=\"Apple Airpods\" src=\"\/wp-content\/uploads\/replace\/d70db2fa3c991df71f227bf8e0e75922.jpeg\" \/><img decoding=\"async\" alt=\"Apple Airpods\" src=\"\/wp-content\/uploads\/replace\/26ced353822bd3d164856c5889ece5e9.jpeg\" \/><img decoding=\"async\" alt=\"Apple Airpods\" src=\"\/wp-content\/uploads\/replace\/d5707e359dc0a0ca09ecc05e49f4cd0b.jpeg\" \/><img decoding=\"async\" alt=\"Apple Airpods\" src=\"\/wp-content\/uploads\/replace\/c1cf0d4ee18e90ed2c74904d807fd014.jpeg\" \/><img decoding=\"async\" alt=\"Apple Airpods\" src=\"\/wp-content\/uploads\/replace\/3822aebbfcbcf338a3f64e5c4651ea52.jpeg\" \/><img decoding=\"async\" alt=\"Apple Airpods\" src=\"\/wp-content\/uploads\/replace\/30df127bcabedbc8e99498fcaad58bd0.jpeg\" \/><\/p>","protected":false},"excerpt":{"rendered":"<p><b>Principales caracter\u00edsticas:<\/b><br \/>\n\u25cf Nuevo\u00a0<b>Chip de auriculares Apple H1<\/b>\u00a0provides faster wireless connectivity<br \/>\n\u25cf<b>Audio y voz ricos de alta calidad<\/b><br \/>\n\u25cf<b>Cambio perfecto<\/b>\u00a0between devices<br \/>\n\u25cf<b>Escucha y habla todo el d\u00eda.<\/b>\u00a0through multiple charging of charging case<br \/>\n\u25cf<b>Abrir autom\u00e1ticamente, conexi\u00f3n autom\u00e1tica<\/b><br \/>\n\u25cf Easily set up all Apple devices<br \/>\n\u25cf Use &#8220;Hey Siri&#8221; to quickly access Siri<br \/>\n\u25cf Tap twice to start playing or skip current content<br \/>\n\u25cf Charging dock fast charging<\/p>","protected":false},"featured_media":23240,"template":"","meta":[],"product_brand":[],"product_cat":[1322],"product_tag":[822],"class_list":{"0":"post-23180","1":"product","2":"type-product","3":"status-publish","4":"has-post-thumbnail","6":"product_cat-other-a-brands","7":"product_tag-apple-airpods","9":"first","10":"instock","11":"shipping-taxable","12":"product-type-external"},"aioseo_notices":[],"aioseo_head":"\n\t\t<!-- All in One SEO Pro 4.5.9.2 - aioseo.com -->\n\t\t<meta name=\"description\" content=\"Main Features: \u25cf New Apple H1 headset chip provides faster wireless connectivity \u25cfRich high quality audio and voice \u25cfSeamless switching between devices \u25cfListen and speak all day through multiple charging of charging case \u25cfAutomatically open, automatic connection \u25cf Easily set up all Apple devices \u25cf Use &quot;Hey Siri&quot; to quickly access Siri \u25cf Tap twice to start playing or skip current content \u25cf Charging dock fast charging\" \/>\n\t\t<meta name=\"robots\" content=\"max-image-preview:large\" \/>\n\t\t<link rel=\"canonical\" href=\"https:\/\/www.rucashk.com\/es\/producto\/apple-airpods\/\" \/>\n\t\t<meta name=\"generator\" content=\"All in One SEO Pro (AIOSEO) 4.5.9.2\" \/>\n\t\t<meta property=\"og:locale\" content=\"es_ES\" \/>\n\t\t<meta property=\"og:site_name\" content=\"Rucas - One-stop AIoT Distribution Worldwide\" \/>\n\t\t<meta property=\"og:type\" content=\"article\" \/>\n\t\t<meta property=\"og:title\" content=\"Apple Airpods - Rucas - Wholesale and Distribution\" \/>\n\t\t<meta property=\"og:description\" content=\"Main Features: \u25cf New Apple H1 headset chip provides faster wireless connectivity \u25cfRich high quality audio and voice \u25cfSeamless switching between devices \u25cfListen and speak all day through multiple charging of charging case \u25cfAutomatically open, automatic connection \u25cf Easily set up all Apple devices \u25cf Use &quot;Hey Siri&quot; to quickly access Siri \u25cf Tap twice to start playing or skip current content \u25cf Charging dock fast charging\" \/>\n\t\t<meta property=\"og:url\" content=\"https:\/\/www.rucashk.com\/es\/producto\/apple-airpods\/\" \/>\n\t\t<meta property=\"og:image\" content=\"https:\/\/www.rucashk.com\/wp-content\/uploads\/replace\/503b8e645f128a97ccde2b6290747646.jpeg\" \/>\n\t\t<meta property=\"og:image:secure_url\" content=\"https:\/\/www.rucashk.com\/wp-content\/uploads\/replace\/503b8e645f128a97ccde2b6290747646.jpeg\" \/>\n\t\t<meta property=\"og:image:width\" content=\"1456\" \/>\n\t\t<meta property=\"og:image:height\" content=\"816\" \/>\n\t\t<meta property=\"article:published_time\" content=\"2024-01-09T15:52:18+00:00\" \/>\n\t\t<meta property=\"article:modified_time\" content=\"2024-03-13T08:31:42+00:00\" \/>\n\t\t<meta name=\"twitter:card\" content=\"summary_large_image\" \/>\n\t\t<meta name=\"twitter:title\" content=\"Apple Airpods - Rucas - Wholesale and Distribution\" \/>\n\t\t<meta name=\"twitter:description\" content=\"Main Features: \u25cf New Apple H1 headset chip provides faster wireless connectivity \u25cfRich high quality audio and voice \u25cfSeamless switching between devices \u25cfListen and speak all day through multiple charging of charging case \u25cfAutomatically open, automatic connection \u25cf Easily set up all Apple devices \u25cf Use &quot;Hey Siri&quot; to quickly access Siri \u25cf Tap twice to start playing or skip current content \u25cf Charging dock fast charging\" \/>\n\t\t<meta name=\"twitter:image\" content=\"https:\/\/www.rucashk.com\/wp-content\/uploads\/replace\/503b8e645f128a97ccde2b6290747646.jpeg\" \/>\n\t\t<script type=\"application\/ld+json\" class=\"aioseo-schema\">\n\t\t\t{\"@context\":\"https:\\\/\\\/schema.org\",\"@graph\":[{\"@type\":\"BreadcrumbList\",\"@id\":\"https:\\\/\\\/www.rucashk.com\\\/es\\\/producto\\\/apple-airpods\\\/#breadcrumblist\",\"itemListElement\":[{\"@type\":\"ListItem\",\"@id\":\"https:\\\/\\\/www.rucashk.com\\\/es\\\/#listItem\",\"position\":1,\"name\":\"Home\",\"item\":\"https:\\\/\\\/www.rucashk.com\\\/es\\\/\",\"nextItem\":\"https:\\\/\\\/www.rucashk.com\\\/es\\\/producto\\\/apple-airpods\\\/#listItem\"},{\"@type\":\"ListItem\",\"@id\":\"https:\\\/\\\/www.rucashk.com\\\/es\\\/producto\\\/apple-airpods\\\/#listItem\",\"position\":2,\"name\":\"Apple Airpods\",\"previousItem\":\"https:\\\/\\\/www.rucashk.com\\\/es\\\/#listItem\"}]},{\"@type\":\"Organization\",\"@id\":\"https:\\\/\\\/www.rucashk.com\\\/es\\\/#organization\",\"name\":\"Rucas\",\"url\":\"https:\\\/\\\/www.rucashk.com\\\/es\\\/\",\"logo\":{\"@type\":\"ImageObject\",\"url\":\"https:\\\/\\\/www.rucashk.com\\\/wp-content\\\/uploads\\\/2023\\\/12\\\/Rucas_campany_logo.png\",\"@id\":\"https:\\\/\\\/www.rucashk.com\\\/es\\\/producto\\\/apple-airpods\\\/#organizationLogo\",\"width\":221,\"height\":65},\"image\":{\"@id\":\"https:\\\/\\\/www.rucashk.com\\\/es\\\/#organizationLogo\"}},{\"@type\":\"Person\",\"@id\":\"https:\\\/\\\/www.rucashk.com\\\/es\\\/author\\\/admin\\\/#author\",\"url\":\"https:\\\/\\\/www.rucashk.com\\\/es\\\/author\\\/admin\\\/\",\"name\":\"admin\",\"image\":{\"@type\":\"ImageObject\",\"@id\":\"https:\\\/\\\/www.rucashk.com\\\/es\\\/producto\\\/apple-airpods\\\/#authorImage\",\"url\":\"https:\\\/\\\/secure.gravatar.com\\\/avatar\\\/b7c8925b09a27e72b30232f8ecaadbd5af0f70a38c78096863fe51b64f031c24?s=96&d=mm&r=g\",\"width\":96,\"height\":96,\"caption\":\"admin\"}},{\"@type\":\"WebPage\",\"@id\":\"https:\\\/\\\/www.rucashk.com\\\/es\\\/producto\\\/apple-airpods\\\/#webpage\",\"url\":\"https:\\\/\\\/www.rucashk.com\\\/es\\\/producto\\\/apple-airpods\\\/\",\"name\":\"Apple Airpods - Rucas - Wholesale and Distribution\",\"description\":\"Main Features: \\u25cf New Apple H1 headset chip provides faster wireless connectivity \\u25cfRich high quality audio and voice \\u25cfSeamless switching between devices \\u25cfListen and speak all day through multiple charging of charging case \\u25cfAutomatically open, automatic connection \\u25cf Easily set up all Apple devices \\u25cf Use \\\"Hey Siri\\\" to quickly access Siri \\u25cf Tap twice to start playing or skip current content \\u25cf Charging dock fast charging\",\"inLanguage\":\"es-ES\",\"isPartOf\":{\"@id\":\"https:\\\/\\\/www.rucashk.com\\\/es\\\/#website\"},\"breadcrumb\":{\"@id\":\"https:\\\/\\\/www.rucashk.com\\\/es\\\/producto\\\/apple-airpods\\\/#breadcrumblist\"},\"author\":{\"@id\":\"https:\\\/\\\/www.rucashk.com\\\/es\\\/author\\\/admin\\\/#author\"},\"creator\":{\"@id\":\"https:\\\/\\\/www.rucashk.com\\\/es\\\/author\\\/admin\\\/#author\"},\"image\":{\"@type\":\"ImageObject\",\"url\":\"https:\\\/\\\/www.rucashk.com\\\/wp-content\\\/uploads\\\/2024\\\/01\\\/1_\\u526f\\u672c-20.jpg\",\"@id\":\"https:\\\/\\\/www.rucashk.com\\\/es\\\/producto\\\/apple-airpods\\\/#mainImage\",\"width\":800,\"height\":800},\"primaryImageOfPage\":{\"@id\":\"https:\\\/\\\/www.rucashk.com\\\/es\\\/producto\\\/apple-airpods\\\/#mainImage\"},\"datePublished\":\"2024-01-09T15:52:18+00:00\",\"dateModified\":\"2024-03-13T08:31:42+00:00\"},{\"@type\":\"WebSite\",\"@id\":\"https:\\\/\\\/www.rucashk.com\\\/es\\\/#website\",\"url\":\"https:\\\/\\\/www.rucashk.com\\\/es\\\/\",\"name\":\"Rucas - Wholesale and distribution worldwide\",\"alternateName\":\"Rucas - One-stop AIoT Distribution Worldwide\",\"description\":\"One-stop AIoT Distribution Worldwide\",\"inLanguage\":\"es-ES\",\"publisher\":{\"@id\":\"https:\\\/\\\/www.rucashk.com\\\/es\\\/#organization\"}}]}\n\t\t<\/script>\n\t\t<!-- All in One SEO Pro -->\r\n\t\t<title>Apple Airpods - Rucas - Wholesale and Distribution<\/title>\n\n","aioseo_head_json":{"title":"Apple Airpods - Rucas - Wholesale and Distribution","description":"Main Features: \u25cf New Apple H1 headset chip provides faster wireless connectivity \u25cfRich high quality audio and voice \u25cfSeamless switching between devices \u25cfListen and speak all day through multiple charging of charging case \u25cfAutomatically open, automatic connection \u25cf Easily set up all Apple devices \u25cf Use \"Hey Siri\" to quickly access Siri \u25cf Tap twice to start playing or skip current content \u25cf Charging dock fast charging","canonical_url":"https:\/\/www.rucashk.com\/es\/producto\/apple-airpods\/","robots":"max-image-preview:large","keywords":"","webmasterTools":{"miscellaneous":""},"og:locale":"es_ES","og:site_name":"Rucas - One-stop AIoT Distribution Worldwide","og:type":"article","og:title":"Apple Airpods - Rucas - Wholesale and Distribution","og:description":"Main Features: \u25cf New Apple H1 headset chip provides faster wireless connectivity \u25cfRich high quality audio and voice \u25cfSeamless switching between devices \u25cfListen and speak all day through multiple charging of charging case \u25cfAutomatically open, automatic connection \u25cf Easily set up all Apple devices \u25cf Use &quot;Hey Siri&quot; to quickly access Siri \u25cf Tap twice to start playing or skip current content \u25cf Charging dock fast charging","og:url":"https:\/\/www.rucashk.com\/es\/producto\/apple-airpods\/","og:image":"https:\/\/www.rucashk.com\/wp-content\/uploads\/replace\/503b8e645f128a97ccde2b6290747646.jpeg","og:image:secure_url":"https:\/\/www.rucashk.com\/wp-content\/uploads\/replace\/503b8e645f128a97ccde2b6290747646.jpeg","og:image:width":1456,"og:image:height":816,"article:published_time":"2024-01-09T15:52:18+00:00","article:modified_time":"2024-03-13T08:31:42+00:00","twitter:card":"summary_large_image","twitter:title":"Apple Airpods - Rucas - Wholesale and Distribution","twitter:description":"Main Features: \u25cf New Apple H1 headset chip provides faster wireless connectivity \u25cfRich high quality audio and voice \u25cfSeamless switching between devices \u25cfListen and speak all day through multiple charging of charging case \u25cfAutomatically open, automatic connection \u25cf Easily set up all Apple devices \u25cf Use &quot;Hey Siri&quot; to quickly access Siri \u25cf Tap twice to start playing or skip current content \u25cf Charging dock fast charging","twitter:image":"https:\/\/www.rucashk.com\/wp-content\/uploads\/replace\/503b8e645f128a97ccde2b6290747646.jpeg","schema":{"@context":"https:\/\/schema.org","@graph":[{"@type":"BreadcrumbList","@id":"https:\/\/www.rucashk.com\/es\/producto\/apple-airpods\/#breadcrumblist","itemListElement":[{"@type":"ListItem","@id":"https:\/\/www.rucashk.com\/es\/#listItem","position":1,"name":"Home","item":"https:\/\/www.rucashk.com\/es\/","nextItem":"https:\/\/www.rucashk.com\/es\/producto\/apple-airpods\/#listItem"},{"@type":"ListItem","@id":"https:\/\/www.rucashk.com\/es\/producto\/apple-airpods\/#listItem","position":2,"name":"Apple Airpods","previousItem":"https:\/\/www.rucashk.com\/es\/#listItem"}]},{"@type":"Organization","@id":"https:\/\/www.rucashk.com\/es\/#organization","name":"Rucas","url":"https:\/\/www.rucashk.com\/es\/","logo":{"@type":"ImageObject","url":"https:\/\/www.rucashk.com\/wp-content\/uploads\/2023\/12\/Rucas_campany_logo.png","@id":"https:\/\/www.rucashk.com\/es\/producto\/apple-airpods\/#organizationLogo","width":221,"height":65},"image":{"@id":"https:\/\/www.rucashk.com\/es\/#organizationLogo"}},{"@type":"Person","@id":"https:\/\/www.rucashk.com\/es\/author\/admin\/#author","url":"https:\/\/www.rucashk.com\/es\/author\/admin\/","name":"admin","image":{"@type":"ImageObject","@id":"https:\/\/www.rucashk.com\/es\/producto\/apple-airpods\/#authorImage","url":"https:\/\/secure.gravatar.com\/avatar\/b7c8925b09a27e72b30232f8ecaadbd5af0f70a38c78096863fe51b64f031c24?s=96&d=mm&r=g","width":96,"height":96,"caption":"admin"}},{"@type":"WebPage","@id":"https:\/\/www.rucashk.com\/es\/producto\/apple-airpods\/#webpage","url":"https:\/\/www.rucashk.com\/es\/producto\/apple-airpods\/","name":"Apple Airpods - Rucas - Wholesale and Distribution","description":"Main Features: \u25cf New Apple H1 headset chip provides faster wireless connectivity \u25cfRich high quality audio and voice \u25cfSeamless switching between devices \u25cfListen and speak all day through multiple charging of charging case \u25cfAutomatically open, automatic connection \u25cf Easily set up all Apple devices \u25cf Use \"Hey Siri\" to quickly access Siri \u25cf Tap twice to start playing or skip current content \u25cf Charging dock fast charging","inLanguage":"es-ES","isPartOf":{"@id":"https:\/\/www.rucashk.com\/es\/#website"},"breadcrumb":{"@id":"https:\/\/www.rucashk.com\/es\/producto\/apple-airpods\/#breadcrumblist"},"author":{"@id":"https:\/\/www.rucashk.com\/es\/author\/admin\/#author"},"creator":{"@id":"https:\/\/www.rucashk.com\/es\/author\/admin\/#author"},"image":{"@type":"ImageObject","url":"https:\/\/www.rucashk.com\/wp-content\/uploads\/2024\/01\/1_\u526f\u672c-20.jpg","@id":"https:\/\/www.rucashk.com\/es\/producto\/apple-airpods\/#mainImage","width":800,"height":800},"primaryImageOfPage":{"@id":"https:\/\/www.rucashk.com\/es\/producto\/apple-airpods\/#mainImage"},"datePublished":"2024-01-09T15:52:18+00:00","dateModified":"2024-03-13T08:31:42+00:00"},{"@type":"WebSite","@id":"https:\/\/www.rucashk.com\/es\/#website","url":"https:\/\/www.rucashk.com\/es\/","name":"Rucas - Wholesale and distribution worldwide","alternateName":"Rucas - One-stop AIoT Distribution Worldwide","description":"One-stop AIoT Distribution Worldwide","inLanguage":"es-ES","publisher":{"@id":"https:\/\/www.rucashk.com\/es\/#organization"}}]}},"aioseo_meta_data":{"post_id":"23180","title":null,"description":null,"keywords":null,"keyphrases":null,"primary_term":null,"canonical_url":null,"og_title":null,"og_description":null,"og_object_type":"default","og_image_type":"default","og_image_url":null,"og_image_width":null,"og_image_height":null,"og_image_custom_url":null,"og_image_custom_fields":null,"og_video":null,"og_custom_url":null,"og_article_section":null,"og_article_tags":null,"twitter_use_og":false,"twitter_card":"default","twitter_image_type":"default","twitter_image_url":null,"twitter_image_custom_url":null,"twitter_image_custom_fields":null,"twitter_title":null,"twitter_description":null,"schema":{"blockGraphs":[],"customGraphs":[],"default":{"data":{"Article":[],"Course":[],"Dataset":[],"FAQPage":[],"Movie":[],"Person":[],"Product":[],"Recipe":[],"Service":[],"SoftwareApplication":[],"WebPage":[]},"graphName":"","isEnabled":true},"graphs":[]},"schema_type":"default","schema_type_options":null,"pillar_content":false,"robots_default":true,"robots_noindex":false,"robots_noarchive":false,"robots_nosnippet":false,"robots_nofollow":false,"robots_noimageindex":false,"robots_noodp":false,"robots_notranslate":false,"robots_max_snippet":null,"robots_max_videopreview":null,"robots_max_imagepreview":"large","priority":null,"frequency":null,"local_seo":null,"breadcrumb_settings":null,"limit_modified_date":false,"created":"2024-04-11 01:55:28","updated":"2025-06-22 17:00:00"},"aioseo_breadcrumb":"<div class=\"aioseo-breadcrumbs\"><span class=\"aioseo-breadcrumb\">\n\t<a href=\"https:\/\/www.rucashk.com\/es\" title=\"Home\">Home<\/a>\n<\/span><span class=\"aioseo-breadcrumb-separator\">&raquo;<\/span><span class=\"aioseo-breadcrumb\">\n\t<a href=\"https:\/\/www.rucashk.com\/es\/products\/\" title=\"Productos\">Productos<\/a>\n<\/span><span class=\"aioseo-breadcrumb-separator\">&raquo;<\/span><span class=\"aioseo-breadcrumb\">\n\t<a href=\"https:\/\/www.rucashk.com\/es\/categoria-producto\/other-a-brands\/\" title=\"Other A-Brands\">Other A-Brands<\/a>\n<\/span><span class=\"aioseo-breadcrumb-separator\">&raquo;<\/span><span class=\"aioseo-breadcrumb\">\n\tApple Airpods\n<\/span><\/div>","aioseo_breadcrumb_json":[{"label":"Home","link":"https:\/\/www.rucashk.com\/es"},{"label":"Productos","link":"https:\/\/www.rucashk.com\/es\/products\/"},{"label":"Other A-Brands","link":"https:\/\/www.rucashk.com\/es\/categoria-producto\/other-a-brands\/"},{"label":"Apple Airpods","link":"https:\/\/www.rucashk.com\/es\/producto\/apple-airpods\/"}],"_links":{"self":[{"href":"https:\/\/www.rucashk.com\/es\/wp-json\/wp\/v2\/product\/23180","targetHints":{"allow":["GET"]}}],"collection":[{"href":"https:\/\/www.rucashk.com\/es\/wp-json\/wp\/v2\/product"}],"about":[{"href":"https:\/\/www.rucashk.com\/es\/wp-json\/wp\/v2\/types\/product"}],"wp:featuredmedia":[{"embeddable":true,"href":"https:\/\/www.rucashk.com\/es\/wp-json\/wp\/v2\/media\/23240"}],"wp:attachment":[{"href":"https:\/\/www.rucashk.com\/es\/wp-json\/wp\/v2\/media?parent=23180"}],"wp:term":[{"taxonomy":"product_brand","embeddable":true,"href":"https:\/\/www.rucashk.com\/es\/wp-json\/wp\/v2\/product_brand?post=23180"},{"taxonomy":"product_cat","embeddable":true,"href":"https:\/\/www.rucashk.com\/es\/wp-json\/wp\/v2\/product_cat?post=23180"},{"taxonomy":"product_tag","embeddable":true,"href":"https:\/\/www.rucashk.com\/es\/wp-json\/wp\/v2\/product_tag?post=23180"}],"curies":[{"name":"wp","href":"https:\/\/api.w.org\/{rel}","templated":true}]}}