{"id":23143,"date":"2024-01-09T15:51:54","date_gmt":"2024-01-09T15:51:54","guid":{"rendered":"http:\/\/rucashk.com\/?post_type=product&#038;p=23143"},"modified":"2024-03-13T08:32:55","modified_gmt":"2024-03-13T08:32:55","slug":"xiaomi-youpin-beebest-1000lm-zoomable-flash-light","status":"publish","type":"product","link":"https:\/\/www.rucashk.com\/es\/producto\/xiaomi-youpin-beebest-1000lm-zoomable-flash-light\/","title":{"rendered":"Luz de flash con zoom Xiaomi Youpin BEEBEST 1000LM"},"content":{"rendered":"<h3 style=\"text-align: center\">Luz de flash con zoom Xiaomi Youpin BEEBEST 1000LM<\/h3>\n<p><img fetchpriority=\"high\" decoding=\"async\" class=\"alignnone\" src=\"\/wp-content\/uploads\/replace\/3e32fc51ab80a2428ca89562faa3d480.jpeg\" alt=\"Xiaomi Youpin BEEBEST 1000LM Zoomable Flash Light\" width=\"1000\" height=\"858\" \/><img decoding=\"async\" class=\"alignnone\" src=\"\/wp-content\/uploads\/replace\/6e877042ef5f09d1cb56dd08344a6cf4.jpeg\" alt=\"Xiaomi Youpin BEEBEST 1000LM Zoomable Flash Light\" width=\"1000\" height=\"1059\" \/><img decoding=\"async\" class=\"alignnone\" src=\"\/wp-content\/uploads\/replace\/8c30214b5d02b7bb4fa5b67e6777ad39.jpeg\" alt=\"Xiaomi Youpin BEEBEST 1000LM Zoomable Flash Light\" width=\"1000\" height=\"633\" \/><img loading=\"lazy\" decoding=\"async\" class=\"alignnone\" src=\"\/wp-content\/uploads\/replace\/b1fbbfe11034d119d0820e93085543b5.jpeg\" alt=\"Xiaomi Youpin BEEBEST 1000LM Zoomable Flash Light\" width=\"1000\" height=\"852\" \/><img loading=\"lazy\" decoding=\"async\" class=\"alignnone\" src=\"\/wp-content\/uploads\/replace\/eeb3ecf6b76af2d924cb472247447307.jpeg\" alt=\"Xiaomi Youpin BEEBEST 1000LM Zoomable Flash Light\" width=\"1000\" height=\"752\" \/>Luz de flash con zoom Xiaomi Youpin BEEBEST 1000LM<img decoding=\"async\" alt=\"Xiaomi Youpin BEEBEST 1000LM Zoomable Flash Light\" src=\"\/wp-content\/uploads\/replace\/57b48c17359dee99256e2a82cfd443a8.jpeg\" \/><\/p>","protected":false},"excerpt":{"rendered":"<p><strong>Caracter\u00edsticas:<\/strong><\/p>\n<div>Dise\u00f1o con 5 modos de atenuaci\u00f3n y zoom<\/div>\n<div>\n<p>Con 3 niveles de brillo ajustables y 2 modos de funci\u00f3n STROBE SOS con funci\u00f3n de zoom, puede proporcionarle la luz m\u00e1s adecuada.<\/p>\n<div>USB Rechargebale<br \/>\nUSB Type-C rechargeable function, no need to remove the battery repeatedly, and mobile phone USB output port<\/p>\n<div>Bater\u00eda de alta capacidad<\/div>\n<div>\n<p>Bater\u00eda de litio incorporada de 2600 mAh, el tiempo de trabajo es de hasta 2375 minutos. El tiempo de funcionamiento de la linterna y el tiempo de descarga del banco de energ\u00eda son m\u00e1s largos.<\/p>\n<div>Modo SOS \u00fanico<\/div>\n<div>\n<p>Es \u00fanico con el modo SOS. Presione el bot\u00f3n de funci\u00f3n para enviar una se\u00f1al de socorro.<\/p>\n<div>Carcasa de aleaci\u00f3n de aluminio.<\/div>\n<div>\n<p>Con dise\u00f1o minimalista, lleno de textura, ligero y duradero para su uso.<\/p>\n<div>Ligero<\/div>\n<div>Pesa solo 150 g, con un tama\u00f1o de 120 mm x 25 mm, puede llevarlo a cualquier parte y es port\u00e1til para transportar.<\/div>\n<\/div>\n<\/div>\n<\/div>\n<\/div>\n<\/div>","protected":false},"featured_media":23207,"template":"","meta":[],"product_brand":[],"product_cat":[1318,1305],"product_tag":[420,819],"class_list":{"0":"post-23143","1":"product","2":"type-product","3":"status-publish","4":"has-post-thumbnail","6":"product_cat-gadgets","7":"product_cat-xiaomi-eco","8":"product_tag-xiaomi","9":"product_tag-youpin-beebest-1000lm-zoomable-flash-light","11":"first","12":"instock","13":"shipping-taxable","14":"product-type-external"},"aioseo_notices":[],"aioseo_head":"\n\t\t<!-- All in One SEO Pro 4.5.9.2 - aioseo.com -->\n\t\t<meta name=\"description\" content=\"Features: 5 Modes Dimming and Zoomable Design With 3 adjustable brightness levels and 2 function modes of STROBE SOS with zoomable function, it can provide most suitable light for you. USB Rechargebale USB Type-C rechargeable function, no need to remove the battery repeatedly, and mobile phone USB output port High Capacity Battery Built-in 2600mAh lithium battery, the working time is up to 2375 mins. Flashlight working time and power bank discharge time are longer. Unique SOS Mode It is unique with the SOS mode. Press the function button to send a distress signal. Aluminium Alloy Shell With minimalist design, full of texture, lightweight and durable for use. Lightweight Weighs only 150g, with the size of 120mm x 25mm, you can take it anywhere, portable to carry.\" \/>\n\t\t<meta name=\"robots\" content=\"max-image-preview:large\" \/>\n\t\t<link rel=\"canonical\" href=\"https:\/\/www.rucashk.com\/es\/producto\/xiaomi-youpin-beebest-1000lm-zoomable-flash-light\/\" \/>\n\t\t<meta name=\"generator\" content=\"All in One SEO Pro (AIOSEO) 4.5.9.2\" \/>\n\t\t<meta property=\"og:locale\" content=\"es_ES\" \/>\n\t\t<meta property=\"og:site_name\" content=\"Rucas - One-stop AIoT Distribution Worldwide\" \/>\n\t\t<meta property=\"og:type\" content=\"article\" \/>\n\t\t<meta property=\"og:title\" content=\"Xiaomi Youpin BEEBEST 1000LM Zoomable Flash Light - Rucas - Wholesale and Distribution\" \/>\n\t\t<meta property=\"og:description\" content=\"Features: 5 Modes Dimming and Zoomable Design With 3 adjustable brightness levels and 2 function modes of STROBE SOS with zoomable function, it can provide most suitable light for you. USB Rechargebale USB Type-C rechargeable function, no need to remove the battery repeatedly, and mobile phone USB output port High Capacity Battery Built-in 2600mAh lithium battery, the working time is up to 2375 mins. Flashlight working time and power bank discharge time are longer. Unique SOS Mode It is unique with the SOS mode. Press the function button to send a distress signal. Aluminium Alloy Shell With minimalist design, full of texture, lightweight and durable for use. Lightweight Weighs only 150g, with the size of 120mm x 25mm, you can take it anywhere, portable to carry.\" \/>\n\t\t<meta property=\"og:url\" content=\"https:\/\/www.rucashk.com\/es\/producto\/xiaomi-youpin-beebest-1000lm-zoomable-flash-light\/\" \/>\n\t\t<meta property=\"og:image\" content=\"https:\/\/www.rucashk.com\/wp-content\/uploads\/replace\/503b8e645f128a97ccde2b6290747646.jpeg\" \/>\n\t\t<meta property=\"og:image:secure_url\" content=\"https:\/\/www.rucashk.com\/wp-content\/uploads\/replace\/503b8e645f128a97ccde2b6290747646.jpeg\" \/>\n\t\t<meta property=\"og:image:width\" content=\"1456\" \/>\n\t\t<meta property=\"og:image:height\" content=\"816\" \/>\n\t\t<meta property=\"article:published_time\" content=\"2024-01-09T15:51:54+00:00\" \/>\n\t\t<meta property=\"article:modified_time\" content=\"2024-03-13T08:32:55+00:00\" \/>\n\t\t<meta name=\"twitter:card\" content=\"summary_large_image\" \/>\n\t\t<meta name=\"twitter:title\" content=\"Xiaomi Youpin BEEBEST 1000LM Zoomable Flash Light - Rucas - Wholesale and Distribution\" \/>\n\t\t<meta name=\"twitter:description\" content=\"Features: 5 Modes Dimming and Zoomable Design With 3 adjustable brightness levels and 2 function modes of STROBE SOS with zoomable function, it can provide most suitable light for you. USB Rechargebale USB Type-C rechargeable function, no need to remove the battery repeatedly, and mobile phone USB output port High Capacity Battery Built-in 2600mAh lithium battery, the working time is up to 2375 mins. Flashlight working time and power bank discharge time are longer. Unique SOS Mode It is unique with the SOS mode. Press the function button to send a distress signal. Aluminium Alloy Shell With minimalist design, full of texture, lightweight and durable for use. Lightweight Weighs only 150g, with the size of 120mm x 25mm, you can take it anywhere, portable to carry.\" \/>\n\t\t<meta name=\"twitter:image\" content=\"https:\/\/www.rucashk.com\/wp-content\/uploads\/replace\/503b8e645f128a97ccde2b6290747646.jpeg\" \/>\n\t\t<script type=\"application\/ld+json\" class=\"aioseo-schema\">\n\t\t\t{\"@context\":\"https:\\\/\\\/schema.org\",\"@graph\":[{\"@type\":\"BreadcrumbList\",\"@id\":\"https:\\\/\\\/www.rucashk.com\\\/es\\\/producto\\\/xiaomi-youpin-beebest-1000lm-zoomable-flash-light\\\/#breadcrumblist\",\"itemListElement\":[{\"@type\":\"ListItem\",\"@id\":\"https:\\\/\\\/www.rucashk.com\\\/es\\\/#listItem\",\"position\":1,\"name\":\"Home\",\"item\":\"https:\\\/\\\/www.rucashk.com\\\/es\\\/\",\"nextItem\":\"https:\\\/\\\/www.rucashk.com\\\/es\\\/producto\\\/xiaomi-youpin-beebest-1000lm-zoomable-flash-light\\\/#listItem\"},{\"@type\":\"ListItem\",\"@id\":\"https:\\\/\\\/www.rucashk.com\\\/es\\\/producto\\\/xiaomi-youpin-beebest-1000lm-zoomable-flash-light\\\/#listItem\",\"position\":2,\"name\":\"Xiaomi Youpin BEEBEST 1000LM Zoomable Flash Light\",\"previousItem\":\"https:\\\/\\\/www.rucashk.com\\\/es\\\/#listItem\"}]},{\"@type\":\"Organization\",\"@id\":\"https:\\\/\\\/www.rucashk.com\\\/es\\\/#organization\",\"name\":\"Rucas\",\"url\":\"https:\\\/\\\/www.rucashk.com\\\/es\\\/\",\"logo\":{\"@type\":\"ImageObject\",\"url\":\"https:\\\/\\\/www.rucashk.com\\\/wp-content\\\/uploads\\\/2023\\\/12\\\/Rucas_campany_logo.png\",\"@id\":\"https:\\\/\\\/www.rucashk.com\\\/es\\\/producto\\\/xiaomi-youpin-beebest-1000lm-zoomable-flash-light\\\/#organizationLogo\",\"width\":221,\"height\":65},\"image\":{\"@id\":\"https:\\\/\\\/www.rucashk.com\\\/es\\\/#organizationLogo\"}},{\"@type\":\"Person\",\"@id\":\"https:\\\/\\\/www.rucashk.com\\\/es\\\/author\\\/admin\\\/#author\",\"url\":\"https:\\\/\\\/www.rucashk.com\\\/es\\\/author\\\/admin\\\/\",\"name\":\"admin\",\"image\":{\"@type\":\"ImageObject\",\"@id\":\"https:\\\/\\\/www.rucashk.com\\\/es\\\/producto\\\/xiaomi-youpin-beebest-1000lm-zoomable-flash-light\\\/#authorImage\",\"url\":\"https:\\\/\\\/secure.gravatar.com\\\/avatar\\\/b7c8925b09a27e72b30232f8ecaadbd5af0f70a38c78096863fe51b64f031c24?s=96&d=mm&r=g\",\"width\":96,\"height\":96,\"caption\":\"admin\"}},{\"@type\":\"WebPage\",\"@id\":\"https:\\\/\\\/www.rucashk.com\\\/es\\\/producto\\\/xiaomi-youpin-beebest-1000lm-zoomable-flash-light\\\/#webpage\",\"url\":\"https:\\\/\\\/www.rucashk.com\\\/es\\\/producto\\\/xiaomi-youpin-beebest-1000lm-zoomable-flash-light\\\/\",\"name\":\"Xiaomi Youpin BEEBEST 1000LM Zoomable Flash Light - Rucas - Wholesale and Distribution\",\"description\":\"Features: 5 Modes Dimming and Zoomable Design With 3 adjustable brightness levels and 2 function modes of STROBE SOS with zoomable function, it can provide most suitable light for you. USB Rechargebale USB Type-C rechargeable function, no need to remove the battery repeatedly, and mobile phone USB output port High Capacity Battery Built-in 2600mAh lithium battery, the working time is up to 2375 mins. Flashlight working time and power bank discharge time are longer. Unique SOS Mode It is unique with the SOS mode. Press the function button to send a distress signal. Aluminium Alloy Shell With minimalist design, full of texture, lightweight and durable for use. Lightweight Weighs only 150g, with the size of 120mm x 25mm, you can take it anywhere, portable to carry.\",\"inLanguage\":\"es-ES\",\"isPartOf\":{\"@id\":\"https:\\\/\\\/www.rucashk.com\\\/es\\\/#website\"},\"breadcrumb\":{\"@id\":\"https:\\\/\\\/www.rucashk.com\\\/es\\\/producto\\\/xiaomi-youpin-beebest-1000lm-zoomable-flash-light\\\/#breadcrumblist\"},\"author\":{\"@id\":\"https:\\\/\\\/www.rucashk.com\\\/es\\\/author\\\/admin\\\/#author\"},\"creator\":{\"@id\":\"https:\\\/\\\/www.rucashk.com\\\/es\\\/author\\\/admin\\\/#author\"},\"image\":{\"@type\":\"ImageObject\",\"url\":\"https:\\\/\\\/www.rucashk.com\\\/wp-content\\\/uploads\\\/2024\\\/01\\\/3_\\u526f\\u672c-14.jpg\",\"@id\":\"https:\\\/\\\/www.rucashk.com\\\/es\\\/producto\\\/xiaomi-youpin-beebest-1000lm-zoomable-flash-light\\\/#mainImage\",\"width\":800,\"height\":800},\"primaryImageOfPage\":{\"@id\":\"https:\\\/\\\/www.rucashk.com\\\/es\\\/producto\\\/xiaomi-youpin-beebest-1000lm-zoomable-flash-light\\\/#mainImage\"},\"datePublished\":\"2024-01-09T15:51:54+00:00\",\"dateModified\":\"2024-03-13T08:32:55+00:00\"},{\"@type\":\"WebSite\",\"@id\":\"https:\\\/\\\/www.rucashk.com\\\/es\\\/#website\",\"url\":\"https:\\\/\\\/www.rucashk.com\\\/es\\\/\",\"name\":\"Rucas - Wholesale and distribution worldwide\",\"alternateName\":\"Rucas - One-stop AIoT Distribution Worldwide\",\"description\":\"One-stop AIoT Distribution Worldwide\",\"inLanguage\":\"es-ES\",\"publisher\":{\"@id\":\"https:\\\/\\\/www.rucashk.com\\\/es\\\/#organization\"}}]}\n\t\t<\/script>\n\t\t<!-- All in One SEO Pro -->\r\n\t\t<title>Xiaomi Youpin BEEBEST 1000LM Zoomable Flash Light - Rucas - Wholesale and Distribution<\/title>\n\n","aioseo_head_json":{"title":"Xiaomi Youpin BEEBEST 1000LM Zoomable Flash Light - Rucas - Wholesale and Distribution","description":"Features: 5 Modes Dimming and Zoomable Design With 3 adjustable brightness levels and 2 function modes of STROBE SOS with zoomable function, it can provide most suitable light for you. USB Rechargebale USB Type-C rechargeable function, no need to remove the battery repeatedly, and mobile phone USB output port High Capacity Battery Built-in 2600mAh lithium battery, the working time is up to 2375 mins. Flashlight working time and power bank discharge time are longer. Unique SOS Mode It is unique with the SOS mode. Press the function button to send a distress signal. Aluminium Alloy Shell With minimalist design, full of texture, lightweight and durable for use. Lightweight Weighs only 150g, with the size of 120mm x 25mm, you can take it anywhere, portable to carry.","canonical_url":"https:\/\/www.rucashk.com\/es\/producto\/xiaomi-youpin-beebest-1000lm-zoomable-flash-light\/","robots":"max-image-preview:large","keywords":"","webmasterTools":{"miscellaneous":""},"og:locale":"es_ES","og:site_name":"Rucas - One-stop AIoT Distribution Worldwide","og:type":"article","og:title":"Xiaomi Youpin BEEBEST 1000LM Zoomable Flash Light - Rucas - Wholesale and Distribution","og:description":"Features: 5 Modes Dimming and Zoomable Design With 3 adjustable brightness levels and 2 function modes of STROBE SOS with zoomable function, it can provide most suitable light for you. USB Rechargebale USB Type-C rechargeable function, no need to remove the battery repeatedly, and mobile phone USB output port High Capacity Battery Built-in 2600mAh lithium battery, the working time is up to 2375 mins. Flashlight working time and power bank discharge time are longer. Unique SOS Mode It is unique with the SOS mode. Press the function button to send a distress signal. Aluminium Alloy Shell With minimalist design, full of texture, lightweight and durable for use. Lightweight Weighs only 150g, with the size of 120mm x 25mm, you can take it anywhere, portable to carry.","og:url":"https:\/\/www.rucashk.com\/es\/producto\/xiaomi-youpin-beebest-1000lm-zoomable-flash-light\/","og:image":"https:\/\/www.rucashk.com\/wp-content\/uploads\/replace\/503b8e645f128a97ccde2b6290747646.jpeg","og:image:secure_url":"https:\/\/www.rucashk.com\/wp-content\/uploads\/replace\/503b8e645f128a97ccde2b6290747646.jpeg","og:image:width":1456,"og:image:height":816,"article:published_time":"2024-01-09T15:51:54+00:00","article:modified_time":"2024-03-13T08:32:55+00:00","twitter:card":"summary_large_image","twitter:title":"Xiaomi Youpin BEEBEST 1000LM Zoomable Flash Light - Rucas - Wholesale and Distribution","twitter:description":"Features: 5 Modes Dimming and Zoomable Design With 3 adjustable brightness levels and 2 function modes of STROBE SOS with zoomable function, it can provide most suitable light for you. USB Rechargebale USB Type-C rechargeable function, no need to remove the battery repeatedly, and mobile phone USB output port High Capacity Battery Built-in 2600mAh lithium battery, the working time is up to 2375 mins. Flashlight working time and power bank discharge time are longer. Unique SOS Mode It is unique with the SOS mode. Press the function button to send a distress signal. Aluminium Alloy Shell With minimalist design, full of texture, lightweight and durable for use. Lightweight Weighs only 150g, with the size of 120mm x 25mm, you can take it anywhere, portable to carry.","twitter:image":"https:\/\/www.rucashk.com\/wp-content\/uploads\/replace\/503b8e645f128a97ccde2b6290747646.jpeg","schema":{"@context":"https:\/\/schema.org","@graph":[{"@type":"BreadcrumbList","@id":"https:\/\/www.rucashk.com\/es\/producto\/xiaomi-youpin-beebest-1000lm-zoomable-flash-light\/#breadcrumblist","itemListElement":[{"@type":"ListItem","@id":"https:\/\/www.rucashk.com\/es\/#listItem","position":1,"name":"Home","item":"https:\/\/www.rucashk.com\/es\/","nextItem":"https:\/\/www.rucashk.com\/es\/producto\/xiaomi-youpin-beebest-1000lm-zoomable-flash-light\/#listItem"},{"@type":"ListItem","@id":"https:\/\/www.rucashk.com\/es\/producto\/xiaomi-youpin-beebest-1000lm-zoomable-flash-light\/#listItem","position":2,"name":"Xiaomi Youpin BEEBEST 1000LM Zoomable Flash Light","previousItem":"https:\/\/www.rucashk.com\/es\/#listItem"}]},{"@type":"Organization","@id":"https:\/\/www.rucashk.com\/es\/#organization","name":"Rucas","url":"https:\/\/www.rucashk.com\/es\/","logo":{"@type":"ImageObject","url":"https:\/\/www.rucashk.com\/wp-content\/uploads\/2023\/12\/Rucas_campany_logo.png","@id":"https:\/\/www.rucashk.com\/es\/producto\/xiaomi-youpin-beebest-1000lm-zoomable-flash-light\/#organizationLogo","width":221,"height":65},"image":{"@id":"https:\/\/www.rucashk.com\/es\/#organizationLogo"}},{"@type":"Person","@id":"https:\/\/www.rucashk.com\/es\/author\/admin\/#author","url":"https:\/\/www.rucashk.com\/es\/author\/admin\/","name":"admin","image":{"@type":"ImageObject","@id":"https:\/\/www.rucashk.com\/es\/producto\/xiaomi-youpin-beebest-1000lm-zoomable-flash-light\/#authorImage","url":"https:\/\/secure.gravatar.com\/avatar\/b7c8925b09a27e72b30232f8ecaadbd5af0f70a38c78096863fe51b64f031c24?s=96&d=mm&r=g","width":96,"height":96,"caption":"admin"}},{"@type":"WebPage","@id":"https:\/\/www.rucashk.com\/es\/producto\/xiaomi-youpin-beebest-1000lm-zoomable-flash-light\/#webpage","url":"https:\/\/www.rucashk.com\/es\/producto\/xiaomi-youpin-beebest-1000lm-zoomable-flash-light\/","name":"Xiaomi Youpin BEEBEST 1000LM Zoomable Flash Light - Rucas - Wholesale and Distribution","description":"Features: 5 Modes Dimming and Zoomable Design With 3 adjustable brightness levels and 2 function modes of STROBE SOS with zoomable function, it can provide most suitable light for you. USB Rechargebale USB Type-C rechargeable function, no need to remove the battery repeatedly, and mobile phone USB output port High Capacity Battery Built-in 2600mAh lithium battery, the working time is up to 2375 mins. Flashlight working time and power bank discharge time are longer. Unique SOS Mode It is unique with the SOS mode. Press the function button to send a distress signal. Aluminium Alloy Shell With minimalist design, full of texture, lightweight and durable for use. Lightweight Weighs only 150g, with the size of 120mm x 25mm, you can take it anywhere, portable to carry.","inLanguage":"es-ES","isPartOf":{"@id":"https:\/\/www.rucashk.com\/es\/#website"},"breadcrumb":{"@id":"https:\/\/www.rucashk.com\/es\/producto\/xiaomi-youpin-beebest-1000lm-zoomable-flash-light\/#breadcrumblist"},"author":{"@id":"https:\/\/www.rucashk.com\/es\/author\/admin\/#author"},"creator":{"@id":"https:\/\/www.rucashk.com\/es\/author\/admin\/#author"},"image":{"@type":"ImageObject","url":"https:\/\/www.rucashk.com\/wp-content\/uploads\/2024\/01\/3_\u526f\u672c-14.jpg","@id":"https:\/\/www.rucashk.com\/es\/producto\/xiaomi-youpin-beebest-1000lm-zoomable-flash-light\/#mainImage","width":800,"height":800},"primaryImageOfPage":{"@id":"https:\/\/www.rucashk.com\/es\/producto\/xiaomi-youpin-beebest-1000lm-zoomable-flash-light\/#mainImage"},"datePublished":"2024-01-09T15:51:54+00:00","dateModified":"2024-03-13T08:32:55+00:00"},{"@type":"WebSite","@id":"https:\/\/www.rucashk.com\/es\/#website","url":"https:\/\/www.rucashk.com\/es\/","name":"Rucas - Wholesale and distribution worldwide","alternateName":"Rucas - One-stop AIoT Distribution Worldwide","description":"One-stop AIoT Distribution Worldwide","inLanguage":"es-ES","publisher":{"@id":"https:\/\/www.rucashk.com\/es\/#organization"}}]}},"aioseo_meta_data":{"post_id":"23143","title":null,"description":null,"keywords":null,"keyphrases":null,"primary_term":null,"canonical_url":null,"og_title":null,"og_description":null,"og_object_type":"default","og_image_type":"default","og_image_url":null,"og_image_width":null,"og_image_height":null,"og_image_custom_url":null,"og_image_custom_fields":null,"og_video":null,"og_custom_url":null,"og_article_section":null,"og_article_tags":null,"twitter_use_og":false,"twitter_card":"default","twitter_image_type":"default","twitter_image_url":null,"twitter_image_custom_url":null,"twitter_image_custom_fields":null,"twitter_title":null,"twitter_description":null,"schema":{"blockGraphs":[],"customGraphs":[],"default":{"data":{"Article":[],"Course":[],"Dataset":[],"FAQPage":[],"Movie":[],"Person":[],"Product":[],"Recipe":[],"Service":[],"SoftwareApplication":[],"WebPage":[]},"graphName":"","isEnabled":true},"graphs":[]},"schema_type":"default","schema_type_options":null,"pillar_content":false,"robots_default":true,"robots_noindex":false,"robots_noarchive":false,"robots_nosnippet":false,"robots_nofollow":false,"robots_noimageindex":false,"robots_noodp":false,"robots_notranslate":false,"robots_max_snippet":null,"robots_max_videopreview":null,"robots_max_imagepreview":"large","priority":null,"frequency":null,"local_seo":null,"breadcrumb_settings":null,"limit_modified_date":false,"created":"2024-04-11 01:55:27","updated":"2025-06-22 16:59:05"},"aioseo_breadcrumb":"<div class=\"aioseo-breadcrumbs\"><span class=\"aioseo-breadcrumb\">\n\t<a href=\"https:\/\/www.rucashk.com\/es\" title=\"Home\">Home<\/a>\n<\/span><span class=\"aioseo-breadcrumb-separator\">&raquo;<\/span><span class=\"aioseo-breadcrumb\">\n\t<a href=\"https:\/\/www.rucashk.com\/es\/products\/\" title=\"Productos\">Productos<\/a>\n<\/span><span class=\"aioseo-breadcrumb-separator\">&raquo;<\/span><span class=\"aioseo-breadcrumb\">\n\t<a href=\"https:\/\/www.rucashk.com\/es\/categoria-producto\/xiaomi-eco\/\" title=\"Xiaomi Eco\">Xiaomi Eco<\/a>\n<\/span><span class=\"aioseo-breadcrumb-separator\">&raquo;<\/span><span class=\"aioseo-breadcrumb\">\n\t<a href=\"https:\/\/www.rucashk.com\/es\/categoria-producto\/xiaomi-eco\/gadgets\/\" title=\"Gadgets\">Gadgets<\/a>\n<\/span><span class=\"aioseo-breadcrumb-separator\">&raquo;<\/span><span class=\"aioseo-breadcrumb\">\n\tXiaomi Youpin BEEBEST 1000LM Zoomable Flash Light\n<\/span><\/div>","aioseo_breadcrumb_json":[{"label":"Home","link":"https:\/\/www.rucashk.com\/es"},{"label":"Productos","link":"https:\/\/www.rucashk.com\/es\/products\/"},{"label":"Xiaomi Eco","link":"https:\/\/www.rucashk.com\/es\/categoria-producto\/xiaomi-eco\/"},{"label":"Gadgets","link":"https:\/\/www.rucashk.com\/es\/categoria-producto\/xiaomi-eco\/gadgets\/"},{"label":"Xiaomi Youpin BEEBEST 1000LM Zoomable Flash Light","link":"https:\/\/www.rucashk.com\/es\/producto\/xiaomi-youpin-beebest-1000lm-zoomable-flash-light\/"}],"_links":{"self":[{"href":"https:\/\/www.rucashk.com\/es\/wp-json\/wp\/v2\/product\/23143","targetHints":{"allow":["GET"]}}],"collection":[{"href":"https:\/\/www.rucashk.com\/es\/wp-json\/wp\/v2\/product"}],"about":[{"href":"https:\/\/www.rucashk.com\/es\/wp-json\/wp\/v2\/types\/product"}],"wp:featuredmedia":[{"embeddable":true,"href":"https:\/\/www.rucashk.com\/es\/wp-json\/wp\/v2\/media\/23207"}],"wp:attachment":[{"href":"https:\/\/www.rucashk.com\/es\/wp-json\/wp\/v2\/media?parent=23143"}],"wp:term":[{"taxonomy":"product_brand","embeddable":true,"href":"https:\/\/www.rucashk.com\/es\/wp-json\/wp\/v2\/product_brand?post=23143"},{"taxonomy":"product_cat","embeddable":true,"href":"https:\/\/www.rucashk.com\/es\/wp-json\/wp\/v2\/product_cat?post=23143"},{"taxonomy":"product_tag","embeddable":true,"href":"https:\/\/www.rucashk.com\/es\/wp-json\/wp\/v2\/product_tag?post=23143"}],"curies":[{"name":"wp","href":"https:\/\/api.w.org\/{rel}","templated":true}]}}