{"id":23140,"date":"2024-01-09T15:51:50","date_gmt":"2024-01-09T15:51:50","guid":{"rendered":"http:\/\/rucashk.com\/?post_type=product&#038;p=23140"},"modified":"2024-03-13T07:16:16","modified_gmt":"2024-03-13T07:16:16","slug":"xiaomi-mijia-electric-inflator","status":"publish","type":"product","link":"https:\/\/www.rucashk.com\/es\/producto\/xiaomi-mijia-electric-inflator\/","title":{"rendered":"Inflador el\u00e9ctrico Xiaomi Mijia"},"content":{"rendered":"<p><img decoding=\"async\" alt=\"Xiaomi Mijia\u00a0Electric Inflator\" src=\"\/wp-content\/uploads\/replace\/730cb925adec196120dc3ff8a965477f.jpeg\" \/><img decoding=\"async\" alt=\"Xiaomi Mijia\u00a0Electric Inflator\" src=\"\/wp-content\/uploads\/replace\/0837c0f44d33328cecaf5d45dbe47a14.jpeg\" \/><img decoding=\"async\" alt=\"Xiaomi Mijia\u00a0Electric Inflator\" src=\"\/wp-content\/uploads\/replace\/f0ac990d1e08caf111d4edd090c4687e.jpeg\" \/><img decoding=\"async\" alt=\"Xiaomi Mijia\u00a0Electric Inflator\" src=\"\/wp-content\/uploads\/replace\/1b6a8e114ecee71b4a2463d126821b55.jpeg\" \/><img decoding=\"async\" alt=\"Xiaomi Mijia\u00a0Electric Inflator\" src=\"\/wp-content\/uploads\/replace\/62e6c4eaae1caf2866266542cb68514b.jpeg\" \/><img decoding=\"async\" alt=\"Xiaomi Mijia\u00a0Electric Inflator\" src=\"\/wp-content\/uploads\/replace\/d6b1e6d79e18e24b2e30355bf81d62a7.jpeg\" \/><img decoding=\"async\" alt=\"Xiaomi Mijia\u00a0Electric Inflator\" src=\"\/wp-content\/uploads\/replace\/911fe048c611596b33d43ad80d5a41fb.jpeg\" \/><img decoding=\"async\" alt=\"Xiaomi Mijia\u00a0Electric Inflator\" src=\"\/wp-content\/uploads\/replace\/6a2914fa946648e43caa73edf096d0f2.jpeg\" \/><img decoding=\"async\" alt=\"Xiaomi Mijia\u00a0Electric Inflator\" src=\"\/wp-content\/uploads\/replace\/818569f738cb41eecf27f77700f2606f.jpeg\" \/><img decoding=\"async\" alt=\"Xiaomi Mijia\u00a0Electric Inflator\" src=\"\/wp-content\/uploads\/replace\/196b90066786c26058656b059705bad2.jpeg\" \/><img decoding=\"async\" alt=\"Xiaomi Mijia\u00a0Electric Inflator\" src=\"\/wp-content\/uploads\/replace\/539e5dbec7474ac595f15cc555f4baf9.jpeg\" \/><\/p>","protected":false},"excerpt":{"rendered":"<p><strong>Principales caracter\u00edsticas:<\/strong><\/p>\n<p>\u25cf Banco inflable el\u00e9ctrico port\u00e1til, detecci\u00f3n digital de presi\u00f3n de neum\u00e1ticos, presi\u00f3n preestablecida para detenerse<br \/>\n\u25cf El cilindro de fundici\u00f3n a presi\u00f3n de aleaci\u00f3n de alta precisi\u00f3n puede presurizar f\u00e1cilmente a 150 PSI, cumplir con la fuerza de inflado requerida para bicicletas de carretera y tambi\u00e9n inflar neum\u00e1ticos de bicicleta comunes y varias pelotas.<br \/>\n\u25cf Detectar la presi\u00f3n de los neum\u00e1ticos en cualquier momento, responder a situaciones inesperadas<br \/>\n\u25cf Compatible con cargar tesoros y viajar con ligereza<br \/>\n\u25cf El cuerpo peque\u00f1o tiene en cuenta la excelente disipaci\u00f3n de calor, la almohadilla de choque para resolver la vibraci\u00f3n de trabajo del cilindro, la operaci\u00f3n manual es m\u00e1s c\u00f3moda.<br \/>\n\u25cf Bater\u00eda de litio de potencia 18650, alta fuente de alimentaci\u00f3n, excelente resistencia<br \/>\n\u25cf Viene con iluminaci\u00f3n, f\u00e1cil de usar.<br \/>\n\u25cf Interfaz de carga Micro-USB, compatible con la mayor\u00eda de las l\u00edneas de carga de tel\u00e9fonos inteligentes.<\/p>","protected":false},"featured_media":23198,"template":"","meta":[],"product_brand":[],"product_cat":[1288,1293],"product_tag":[817],"class_list":{"0":"post-23140","1":"product","2":"type-product","3":"status-publish","4":"has-post-thumbnail","6":"product_cat-e-vehicle-accessories","7":"product_cat-tire-pressure-monitoring","8":"product_tag-mijia-inflator","10":"first","11":"instock","12":"shipping-taxable","13":"product-type-external"},"aioseo_notices":[],"aioseo_head":"\n\t\t<!-- All in One SEO Pro 4.5.9.2 - aioseo.com -->\n\t\t<meta name=\"description\" content=\"Main Features: \u25cf Portable electric inflatable bank, digital tire pressure detection, preset pressure to stop \u25cf High-precision alloy die-casting cylinder can easily pressurize to 150PSI, meet the inflation force required for road bikes, and also inflate common bicycle tires and various balls \u25cf Detect tire pressure at any time, respond to unexpected situations \u25cf Compatible with charging treasure charging, riding travel lightly \u25cf The small body takes into account the excellent heat dissipation, the shock pad to resolve the cylinder working vibration, the hand-held operation is more comfortable. \u25cf 18650 power lithium battery, high power supply, excellent endurance \u25cf Comes with lighting, easy to use \u25cf Micro-USB charging interface, compatible with most smart phone charging lines\" \/>\n\t\t<meta name=\"robots\" content=\"max-image-preview:large\" \/>\n\t\t<link rel=\"canonical\" href=\"https:\/\/www.rucashk.com\/es\/producto\/xiaomi-mijia-electric-inflator\/\" \/>\n\t\t<meta name=\"generator\" content=\"All in One SEO Pro (AIOSEO) 4.5.9.2\" \/>\n\t\t<meta property=\"og:locale\" content=\"es_ES\" \/>\n\t\t<meta property=\"og:site_name\" content=\"Rucas - One-stop AIoT Distribution Worldwide\" \/>\n\t\t<meta property=\"og:type\" content=\"article\" \/>\n\t\t<meta property=\"og:title\" content=\"Xiaomi Mijia Electric Inflator - Rucas - Wholesale and Distribution\" \/>\n\t\t<meta property=\"og:description\" content=\"Main Features: \u25cf Portable electric inflatable bank, digital tire pressure detection, preset pressure to stop \u25cf High-precision alloy die-casting cylinder can easily pressurize to 150PSI, meet the inflation force required for road bikes, and also inflate common bicycle tires and various balls \u25cf Detect tire pressure at any time, respond to unexpected situations \u25cf Compatible with charging treasure charging, riding travel lightly \u25cf The small body takes into account the excellent heat dissipation, the shock pad to resolve the cylinder working vibration, the hand-held operation is more comfortable. \u25cf 18650 power lithium battery, high power supply, excellent endurance \u25cf Comes with lighting, easy to use \u25cf Micro-USB charging interface, compatible with most smart phone charging lines\" \/>\n\t\t<meta property=\"og:url\" content=\"https:\/\/www.rucashk.com\/es\/producto\/xiaomi-mijia-electric-inflator\/\" \/>\n\t\t<meta property=\"og:image\" content=\"https:\/\/www.rucashk.com\/wp-content\/uploads\/replace\/503b8e645f128a97ccde2b6290747646.jpeg\" \/>\n\t\t<meta property=\"og:image:secure_url\" content=\"https:\/\/www.rucashk.com\/wp-content\/uploads\/replace\/503b8e645f128a97ccde2b6290747646.jpeg\" \/>\n\t\t<meta property=\"og:image:width\" content=\"1456\" \/>\n\t\t<meta property=\"og:image:height\" content=\"816\" \/>\n\t\t<meta property=\"article:published_time\" content=\"2024-01-09T15:51:50+00:00\" \/>\n\t\t<meta property=\"article:modified_time\" content=\"2024-03-13T07:16:16+00:00\" \/>\n\t\t<meta name=\"twitter:card\" content=\"summary_large_image\" \/>\n\t\t<meta name=\"twitter:title\" content=\"Xiaomi Mijia Electric Inflator - Rucas - Wholesale and Distribution\" \/>\n\t\t<meta name=\"twitter:description\" content=\"Main Features: \u25cf Portable electric inflatable bank, digital tire pressure detection, preset pressure to stop \u25cf High-precision alloy die-casting cylinder can easily pressurize to 150PSI, meet the inflation force required for road bikes, and also inflate common bicycle tires and various balls \u25cf Detect tire pressure at any time, respond to unexpected situations \u25cf Compatible with charging treasure charging, riding travel lightly \u25cf The small body takes into account the excellent heat dissipation, the shock pad to resolve the cylinder working vibration, the hand-held operation is more comfortable. \u25cf 18650 power lithium battery, high power supply, excellent endurance \u25cf Comes with lighting, easy to use \u25cf Micro-USB charging interface, compatible with most smart phone charging lines\" \/>\n\t\t<meta name=\"twitter:image\" content=\"https:\/\/www.rucashk.com\/wp-content\/uploads\/replace\/503b8e645f128a97ccde2b6290747646.jpeg\" \/>\n\t\t<script type=\"application\/ld+json\" class=\"aioseo-schema\">\n\t\t\t{\"@context\":\"https:\\\/\\\/schema.org\",\"@graph\":[{\"@type\":\"BreadcrumbList\",\"@id\":\"https:\\\/\\\/www.rucashk.com\\\/es\\\/producto\\\/xiaomi-mijia-electric-inflator\\\/#breadcrumblist\",\"itemListElement\":[{\"@type\":\"ListItem\",\"@id\":\"https:\\\/\\\/www.rucashk.com\\\/es\\\/#listItem\",\"position\":1,\"name\":\"Home\",\"item\":\"https:\\\/\\\/www.rucashk.com\\\/es\\\/\",\"nextItem\":\"https:\\\/\\\/www.rucashk.com\\\/es\\\/producto\\\/xiaomi-mijia-electric-inflator\\\/#listItem\"},{\"@type\":\"ListItem\",\"@id\":\"https:\\\/\\\/www.rucashk.com\\\/es\\\/producto\\\/xiaomi-mijia-electric-inflator\\\/#listItem\",\"position\":2,\"name\":\"Xiaomi Mijia\\u00a0Electric Inflator\",\"previousItem\":\"https:\\\/\\\/www.rucashk.com\\\/es\\\/#listItem\"}]},{\"@type\":\"Organization\",\"@id\":\"https:\\\/\\\/www.rucashk.com\\\/es\\\/#organization\",\"name\":\"Rucas\",\"url\":\"https:\\\/\\\/www.rucashk.com\\\/es\\\/\",\"logo\":{\"@type\":\"ImageObject\",\"url\":\"https:\\\/\\\/www.rucashk.com\\\/wp-content\\\/uploads\\\/2023\\\/12\\\/Rucas_campany_logo.png\",\"@id\":\"https:\\\/\\\/www.rucashk.com\\\/es\\\/producto\\\/xiaomi-mijia-electric-inflator\\\/#organizationLogo\",\"width\":221,\"height\":65},\"image\":{\"@id\":\"https:\\\/\\\/www.rucashk.com\\\/es\\\/#organizationLogo\"}},{\"@type\":\"Person\",\"@id\":\"https:\\\/\\\/www.rucashk.com\\\/es\\\/author\\\/admin\\\/#author\",\"url\":\"https:\\\/\\\/www.rucashk.com\\\/es\\\/author\\\/admin\\\/\",\"name\":\"admin\",\"image\":{\"@type\":\"ImageObject\",\"@id\":\"https:\\\/\\\/www.rucashk.com\\\/es\\\/producto\\\/xiaomi-mijia-electric-inflator\\\/#authorImage\",\"url\":\"https:\\\/\\\/secure.gravatar.com\\\/avatar\\\/b7c8925b09a27e72b30232f8ecaadbd5af0f70a38c78096863fe51b64f031c24?s=96&d=mm&r=g\",\"width\":96,\"height\":96,\"caption\":\"admin\"}},{\"@type\":\"WebPage\",\"@id\":\"https:\\\/\\\/www.rucashk.com\\\/es\\\/producto\\\/xiaomi-mijia-electric-inflator\\\/#webpage\",\"url\":\"https:\\\/\\\/www.rucashk.com\\\/es\\\/producto\\\/xiaomi-mijia-electric-inflator\\\/\",\"name\":\"Xiaomi Mijia Electric Inflator - Rucas - Wholesale and Distribution\",\"description\":\"Main Features: \\u25cf Portable electric inflatable bank, digital tire pressure detection, preset pressure to stop \\u25cf High-precision alloy die-casting cylinder can easily pressurize to 150PSI, meet the inflation force required for road bikes, and also inflate common bicycle tires and various balls \\u25cf Detect tire pressure at any time, respond to unexpected situations \\u25cf Compatible with charging treasure charging, riding travel lightly \\u25cf The small body takes into account the excellent heat dissipation, the shock pad to resolve the cylinder working vibration, the hand-held operation is more comfortable. \\u25cf 18650 power lithium battery, high power supply, excellent endurance \\u25cf Comes with lighting, easy to use \\u25cf Micro-USB charging interface, compatible with most smart phone charging lines\",\"inLanguage\":\"es-ES\",\"isPartOf\":{\"@id\":\"https:\\\/\\\/www.rucashk.com\\\/es\\\/#website\"},\"breadcrumb\":{\"@id\":\"https:\\\/\\\/www.rucashk.com\\\/es\\\/producto\\\/xiaomi-mijia-electric-inflator\\\/#breadcrumblist\"},\"author\":{\"@id\":\"https:\\\/\\\/www.rucashk.com\\\/es\\\/author\\\/admin\\\/#author\"},\"creator\":{\"@id\":\"https:\\\/\\\/www.rucashk.com\\\/es\\\/author\\\/admin\\\/#author\"},\"image\":{\"@type\":\"ImageObject\",\"url\":\"https:\\\/\\\/www.rucashk.com\\\/wp-content\\\/uploads\\\/2024\\\/01\\\/1-14.jpg\",\"@id\":\"https:\\\/\\\/www.rucashk.com\\\/es\\\/producto\\\/xiaomi-mijia-electric-inflator\\\/#mainImage\",\"width\":800,\"height\":800},\"primaryImageOfPage\":{\"@id\":\"https:\\\/\\\/www.rucashk.com\\\/es\\\/producto\\\/xiaomi-mijia-electric-inflator\\\/#mainImage\"},\"datePublished\":\"2024-01-09T15:51:50+00:00\",\"dateModified\":\"2024-03-13T07:16:16+00:00\"},{\"@type\":\"WebSite\",\"@id\":\"https:\\\/\\\/www.rucashk.com\\\/es\\\/#website\",\"url\":\"https:\\\/\\\/www.rucashk.com\\\/es\\\/\",\"name\":\"Rucas - Wholesale and distribution worldwide\",\"alternateName\":\"Rucas - One-stop AIoT Distribution Worldwide\",\"description\":\"One-stop AIoT Distribution Worldwide\",\"inLanguage\":\"es-ES\",\"publisher\":{\"@id\":\"https:\\\/\\\/www.rucashk.com\\\/es\\\/#organization\"}}]}\n\t\t<\/script>\n\t\t<!-- All in One SEO Pro -->\r\n\t\t<title>Xiaomi Mijia Electric Inflator - Rucas - Wholesale and Distribution<\/title>\n\n","aioseo_head_json":{"title":"Xiaomi Mijia Electric Inflator - Rucas - Wholesale and Distribution","description":"Main Features: \u25cf Portable electric inflatable bank, digital tire pressure detection, preset pressure to stop \u25cf High-precision alloy die-casting cylinder can easily pressurize to 150PSI, meet the inflation force required for road bikes, and also inflate common bicycle tires and various balls \u25cf Detect tire pressure at any time, respond to unexpected situations \u25cf Compatible with charging treasure charging, riding travel lightly \u25cf The small body takes into account the excellent heat dissipation, the shock pad to resolve the cylinder working vibration, the hand-held operation is more comfortable. \u25cf 18650 power lithium battery, high power supply, excellent endurance \u25cf Comes with lighting, easy to use \u25cf Micro-USB charging interface, compatible with most smart phone charging lines","canonical_url":"https:\/\/www.rucashk.com\/es\/producto\/xiaomi-mijia-electric-inflator\/","robots":"max-image-preview:large","keywords":"","webmasterTools":{"miscellaneous":""},"og:locale":"es_ES","og:site_name":"Rucas - One-stop AIoT Distribution Worldwide","og:type":"article","og:title":"Xiaomi Mijia Electric Inflator - Rucas - Wholesale and Distribution","og:description":"Main Features: \u25cf Portable electric inflatable bank, digital tire pressure detection, preset pressure to stop \u25cf High-precision alloy die-casting cylinder can easily pressurize to 150PSI, meet the inflation force required for road bikes, and also inflate common bicycle tires and various balls \u25cf Detect tire pressure at any time, respond to unexpected situations \u25cf Compatible with charging treasure charging, riding travel lightly \u25cf The small body takes into account the excellent heat dissipation, the shock pad to resolve the cylinder working vibration, the hand-held operation is more comfortable. \u25cf 18650 power lithium battery, high power supply, excellent endurance \u25cf Comes with lighting, easy to use \u25cf Micro-USB charging interface, compatible with most smart phone charging lines","og:url":"https:\/\/www.rucashk.com\/es\/producto\/xiaomi-mijia-electric-inflator\/","og:image":"https:\/\/www.rucashk.com\/wp-content\/uploads\/replace\/503b8e645f128a97ccde2b6290747646.jpeg","og:image:secure_url":"https:\/\/www.rucashk.com\/wp-content\/uploads\/replace\/503b8e645f128a97ccde2b6290747646.jpeg","og:image:width":1456,"og:image:height":816,"article:published_time":"2024-01-09T15:51:50+00:00","article:modified_time":"2024-03-13T07:16:16+00:00","twitter:card":"summary_large_image","twitter:title":"Xiaomi Mijia Electric Inflator - Rucas - Wholesale and Distribution","twitter:description":"Main Features: \u25cf Portable electric inflatable bank, digital tire pressure detection, preset pressure to stop \u25cf High-precision alloy die-casting cylinder can easily pressurize to 150PSI, meet the inflation force required for road bikes, and also inflate common bicycle tires and various balls \u25cf Detect tire pressure at any time, respond to unexpected situations \u25cf Compatible with charging treasure charging, riding travel lightly \u25cf The small body takes into account the excellent heat dissipation, the shock pad to resolve the cylinder working vibration, the hand-held operation is more comfortable. \u25cf 18650 power lithium battery, high power supply, excellent endurance \u25cf Comes with lighting, easy to use \u25cf Micro-USB charging interface, compatible with most smart phone charging lines","twitter:image":"https:\/\/www.rucashk.com\/wp-content\/uploads\/replace\/503b8e645f128a97ccde2b6290747646.jpeg","schema":{"@context":"https:\/\/schema.org","@graph":[{"@type":"BreadcrumbList","@id":"https:\/\/www.rucashk.com\/es\/producto\/xiaomi-mijia-electric-inflator\/#breadcrumblist","itemListElement":[{"@type":"ListItem","@id":"https:\/\/www.rucashk.com\/es\/#listItem","position":1,"name":"Home","item":"https:\/\/www.rucashk.com\/es\/","nextItem":"https:\/\/www.rucashk.com\/es\/producto\/xiaomi-mijia-electric-inflator\/#listItem"},{"@type":"ListItem","@id":"https:\/\/www.rucashk.com\/es\/producto\/xiaomi-mijia-electric-inflator\/#listItem","position":2,"name":"Xiaomi Mijia\u00a0Electric Inflator","previousItem":"https:\/\/www.rucashk.com\/es\/#listItem"}]},{"@type":"Organization","@id":"https:\/\/www.rucashk.com\/es\/#organization","name":"Rucas","url":"https:\/\/www.rucashk.com\/es\/","logo":{"@type":"ImageObject","url":"https:\/\/www.rucashk.com\/wp-content\/uploads\/2023\/12\/Rucas_campany_logo.png","@id":"https:\/\/www.rucashk.com\/es\/producto\/xiaomi-mijia-electric-inflator\/#organizationLogo","width":221,"height":65},"image":{"@id":"https:\/\/www.rucashk.com\/es\/#organizationLogo"}},{"@type":"Person","@id":"https:\/\/www.rucashk.com\/es\/author\/admin\/#author","url":"https:\/\/www.rucashk.com\/es\/author\/admin\/","name":"admin","image":{"@type":"ImageObject","@id":"https:\/\/www.rucashk.com\/es\/producto\/xiaomi-mijia-electric-inflator\/#authorImage","url":"https:\/\/secure.gravatar.com\/avatar\/b7c8925b09a27e72b30232f8ecaadbd5af0f70a38c78096863fe51b64f031c24?s=96&d=mm&r=g","width":96,"height":96,"caption":"admin"}},{"@type":"WebPage","@id":"https:\/\/www.rucashk.com\/es\/producto\/xiaomi-mijia-electric-inflator\/#webpage","url":"https:\/\/www.rucashk.com\/es\/producto\/xiaomi-mijia-electric-inflator\/","name":"Xiaomi Mijia Electric Inflator - Rucas - Wholesale and Distribution","description":"Main Features: \u25cf Portable electric inflatable bank, digital tire pressure detection, preset pressure to stop \u25cf High-precision alloy die-casting cylinder can easily pressurize to 150PSI, meet the inflation force required for road bikes, and also inflate common bicycle tires and various balls \u25cf Detect tire pressure at any time, respond to unexpected situations \u25cf Compatible with charging treasure charging, riding travel lightly \u25cf The small body takes into account the excellent heat dissipation, the shock pad to resolve the cylinder working vibration, the hand-held operation is more comfortable. \u25cf 18650 power lithium battery, high power supply, excellent endurance \u25cf Comes with lighting, easy to use \u25cf Micro-USB charging interface, compatible with most smart phone charging lines","inLanguage":"es-ES","isPartOf":{"@id":"https:\/\/www.rucashk.com\/es\/#website"},"breadcrumb":{"@id":"https:\/\/www.rucashk.com\/es\/producto\/xiaomi-mijia-electric-inflator\/#breadcrumblist"},"author":{"@id":"https:\/\/www.rucashk.com\/es\/author\/admin\/#author"},"creator":{"@id":"https:\/\/www.rucashk.com\/es\/author\/admin\/#author"},"image":{"@type":"ImageObject","url":"https:\/\/www.rucashk.com\/wp-content\/uploads\/2024\/01\/1-14.jpg","@id":"https:\/\/www.rucashk.com\/es\/producto\/xiaomi-mijia-electric-inflator\/#mainImage","width":800,"height":800},"primaryImageOfPage":{"@id":"https:\/\/www.rucashk.com\/es\/producto\/xiaomi-mijia-electric-inflator\/#mainImage"},"datePublished":"2024-01-09T15:51:50+00:00","dateModified":"2024-03-13T07:16:16+00:00"},{"@type":"WebSite","@id":"https:\/\/www.rucashk.com\/es\/#website","url":"https:\/\/www.rucashk.com\/es\/","name":"Rucas - Wholesale and distribution worldwide","alternateName":"Rucas - One-stop AIoT Distribution Worldwide","description":"One-stop AIoT Distribution Worldwide","inLanguage":"es-ES","publisher":{"@id":"https:\/\/www.rucashk.com\/es\/#organization"}}]}},"aioseo_meta_data":{"post_id":"23140","title":null,"description":null,"keywords":null,"keyphrases":null,"primary_term":null,"canonical_url":null,"og_title":null,"og_description":null,"og_object_type":"default","og_image_type":"default","og_image_url":null,"og_image_width":null,"og_image_height":null,"og_image_custom_url":null,"og_image_custom_fields":null,"og_video":null,"og_custom_url":null,"og_article_section":null,"og_article_tags":null,"twitter_use_og":false,"twitter_card":"default","twitter_image_type":"default","twitter_image_url":null,"twitter_image_custom_url":null,"twitter_image_custom_fields":null,"twitter_title":null,"twitter_description":null,"schema":{"blockGraphs":[],"customGraphs":[],"default":{"data":{"Article":[],"Course":[],"Dataset":[],"FAQPage":[],"Movie":[],"Person":[],"Product":[],"Recipe":[],"Service":[],"SoftwareApplication":[],"WebPage":[]},"graphName":"","isEnabled":true},"graphs":[]},"schema_type":"default","schema_type_options":null,"pillar_content":false,"robots_default":true,"robots_noindex":false,"robots_noarchive":false,"robots_nosnippet":false,"robots_nofollow":false,"robots_noimageindex":false,"robots_noodp":false,"robots_notranslate":false,"robots_max_snippet":null,"robots_max_videopreview":null,"robots_max_imagepreview":"large","priority":null,"frequency":null,"local_seo":null,"breadcrumb_settings":null,"limit_modified_date":false,"created":"2024-04-11 01:55:27","updated":"2025-06-22 16:59:04"},"aioseo_breadcrumb":"<div class=\"aioseo-breadcrumbs\"><span class=\"aioseo-breadcrumb\">\n\t<a href=\"https:\/\/www.rucashk.com\/es\" title=\"Home\">Home<\/a>\n<\/span><span class=\"aioseo-breadcrumb-separator\">&raquo;<\/span><span class=\"aioseo-breadcrumb\">\n\t<a href=\"https:\/\/www.rucashk.com\/es\/products\/\" title=\"Productos\">Productos<\/a>\n<\/span><span class=\"aioseo-breadcrumb-separator\">&raquo;<\/span><span class=\"aioseo-breadcrumb\">\n\t<a href=\"https:\/\/www.rucashk.com\/es\/categoria-producto\/e-vehicle-accessories\/\" title=\"E-Vehicle Accessories\">E-Vehicle Accessories<\/a>\n<\/span><span class=\"aioseo-breadcrumb-separator\">&raquo;<\/span><span class=\"aioseo-breadcrumb\">\n\t<a href=\"https:\/\/www.rucashk.com\/es\/categoria-producto\/e-vehicle-accessories\/tire-pressure-monitoring\/\" title=\"Tire Pressure Monitoring\">Tire Pressure Monitoring<\/a>\n<\/span><span class=\"aioseo-breadcrumb-separator\">&raquo;<\/span><span class=\"aioseo-breadcrumb\">\n\tXiaomi Mijia\u00a0Electric Inflator\n<\/span><\/div>","aioseo_breadcrumb_json":[{"label":"Home","link":"https:\/\/www.rucashk.com\/es"},{"label":"Productos","link":"https:\/\/www.rucashk.com\/es\/products\/"},{"label":"E-Vehicle Accessories","link":"https:\/\/www.rucashk.com\/es\/categoria-producto\/e-vehicle-accessories\/"},{"label":"Tire Pressure Monitoring","link":"https:\/\/www.rucashk.com\/es\/categoria-producto\/e-vehicle-accessories\/tire-pressure-monitoring\/"},{"label":"Xiaomi Mijia\u00a0Electric Inflator","link":"https:\/\/www.rucashk.com\/es\/producto\/xiaomi-mijia-electric-inflator\/"}],"_links":{"self":[{"href":"https:\/\/www.rucashk.com\/es\/wp-json\/wp\/v2\/product\/23140","targetHints":{"allow":["GET"]}}],"collection":[{"href":"https:\/\/www.rucashk.com\/es\/wp-json\/wp\/v2\/product"}],"about":[{"href":"https:\/\/www.rucashk.com\/es\/wp-json\/wp\/v2\/types\/product"}],"wp:featuredmedia":[{"embeddable":true,"href":"https:\/\/www.rucashk.com\/es\/wp-json\/wp\/v2\/media\/23198"}],"wp:attachment":[{"href":"https:\/\/www.rucashk.com\/es\/wp-json\/wp\/v2\/media?parent=23140"}],"wp:term":[{"taxonomy":"product_brand","embeddable":true,"href":"https:\/\/www.rucashk.com\/es\/wp-json\/wp\/v2\/product_brand?post=23140"},{"taxonomy":"product_cat","embeddable":true,"href":"https:\/\/www.rucashk.com\/es\/wp-json\/wp\/v2\/product_cat?post=23140"},{"taxonomy":"product_tag","embeddable":true,"href":"https:\/\/www.rucashk.com\/es\/wp-json\/wp\/v2\/product_tag?post=23140"}],"curies":[{"name":"wp","href":"https:\/\/api.w.org\/{rel}","templated":true}]}}