{"id":23138,"date":"2024-01-09T15:51:49","date_gmt":"2024-01-09T15:51:49","guid":{"rendered":"http:\/\/rucashk.com\/?post_type=product&#038;p=23138"},"modified":"2024-03-13T07:28:49","modified_gmt":"2024-03-13T07:28:49","slug":"amazfit-gtr-lite-47mm-smartwatch","status":"publish","type":"product","link":"https:\/\/www.rucashk.com\/es\/producto\/amazfit-gtr-lite-47mm-smartwatch\/","title":{"rendered":"Reloj inteligente Amazfit GTR Lite de 47 mm"},"content":{"rendered":"<div id=\"description\" class=\"session jb_reviews2\">\n<div id=\"DESCRIPTION_HTML\">\n<div id=\"Description\" class=\"decription_cont\">\n<h3 id=\"title\" class=\"a-size-large a-spacing-none\"><span id=\"productTitle\" class=\"a-size-large\"><a class=\"\" style=\"width: auto !important\" href=\"https:\/\/www.rucashk.com\/es\/producto\/amazfit-gtr-amoled-smart-watch-gpsglonass\/\" data-wpil-post-to-id=\"1807\">Amazfit GTR<\/a> Reloj inteligente Lite de 47 mm\u00a0<\/span><\/h3>\n<p><img decoding=\"async\" class=\"product_lazy\" src=\"\/wp-content\/uploads\/replace\/00558f16156fbf23f5da9ecc266e21de.jpeg\" alt=\"Amazfit GTR Lite 47mm Smartwatch AMOLED Screen 24 Days Battery Life 5ATM Waterproof - International Version\" data-original=\"\/\/img.gkbcdn.com\/s3\/d\/202005\/geekbuying-Amazfit-GTR-Lite-47mm-Smartwatch-853882-.jpg\" \/><img decoding=\"async\" class=\"product_lazy\" src=\"\/wp-content\/uploads\/replace\/b4bde79bd35a351145c043433546b2fc.jpeg\" alt=\"Amazfit GTR Lite 47mm Smartwatch AMOLED Screen 24 Days Battery Life 5ATM Waterproof - International Version\" data-original=\"\/\/img.gkbcdn.com\/s3\/d\/202005\/geekbuying-Amazfit-GTR-Lite-47mm-Smartwatch-853881-.jpg\" \/><img decoding=\"async\" class=\"product_lazy\" src=\"\/wp-content\/uploads\/replace\/148c44949be44dde7893f72507e0749a.jpeg\" alt=\"Amazfit GTR Lite 47mm Smartwatch AMOLED Screen 24 Days Battery Life 5ATM Waterproof - International Version\" data-original=\"\/\/img.gkbcdn.com\/s3\/d\/202005\/geekbuying-Amazfit-GTR-Lite-47mm-Smartwatch-853883-.jpg\" \/><img decoding=\"async\" class=\"product_lazy\" src=\"\/wp-content\/uploads\/replace\/0d272b60255c7348fec1bbee07b9811f.jpeg\" alt=\"Amazfit GTR Lite 47mm Smartwatch AMOLED Screen 24 Days Battery Life 5ATM Waterproof - International Version\" data-original=\"\/\/img.gkbcdn.com\/s3\/d\/202005\/geekbuying-Amazfit-GTR-Lite-47mm-Smartwatch-853884-.jpg\" \/><img decoding=\"async\" class=\"product_lazy\" src=\"\/wp-content\/uploads\/replace\/6acd12e9cadb1dec081c96d685e91c66.jpeg\" alt=\"Amazfit GTR Lite 47mm Smartwatch AMOLED Screen 24 Days Battery Life 5ATM Waterproof - International Version\" data-original=\"\/\/img.gkbcdn.com\/s3\/d\/202005\/geekbuying-Amazfit-GTR-Lite-47mm-Smartwatch-853885-.jpg\" \/><img decoding=\"async\" class=\"product_lazy\" src=\"\/wp-content\/uploads\/replace\/f0b411c5791086ab8a6b0080548fe1f4.jpeg\" alt=\"Amazfit GTR Lite 47mm Smartwatch AMOLED Screen 24 Days Battery Life 5ATM Waterproof - International Version\" data-original=\"\/\/img.gkbcdn.com\/s3\/d\/202005\/geekbuying-Amazfit-GTR-Lite-47mm-Smartwatch-853880-.jpg\" \/><\/p>\n<h2>Reflejos<\/h2>\n<p><strong>Dise\u00f1o elegante<\/strong><\/p>\n<p>Con clase y elegante <a class=\"\" style=\"width: auto !important\" href=\"https:\/\/www.rucashk.com\/es\/xiaomi-has-a-1-28-inch-smart-watch-with-round-design-on-its-shelves\/\" data-wpil-post-to-id=\"8623\">dise\u00f1o d\u00e1ndole un reloj tradicional<\/a> mirar. Gran variedad de <a class=\"\" style=\"width: auto !important\" href=\"https:\/\/www.rucashk.com\/es\/galaxy-watch-3-exposure-built-in-blood-pressure-monitoring-sensor\/\" data-wpil-post-to-id=\"15073\">reloj incorporado<\/a> Rostros que se adaptan a cualquier ocasi\u00f3n, desde las deportivas hasta las m\u00e1s elegantes y tradicionales.<\/p>\n<p><strong>Artesan\u00eda de primera calidad<\/strong><\/p>\n<p>Pantalla AMOLED de 1,39 pulgadas con alta resoluci\u00f3n de 326PPI (nivel retina). Cristal Corning Gorilla 3 y revestimiento antihuellas. Resoluci\u00f3n 454 x 454.<\/p>\n<p><strong>Resistencia al agua hasta 5 cajeros autom\u00e1ticos<\/strong><\/p>\n<p>Resistencia al agua de 5 ATM para garantizar un uso normal hasta 50 metros de presi\u00f3n de agua.<\/p>\n<p><b>24 dias <a class=\"\" style=\"width: auto !important\" href=\"https:\/\/www.rucashk.com\/es\/xiaomi-scooter-1s-released-30km-battery-life\/\" data-wpil-post-to-id=\"6898\">Duraci\u00f3n de la bater\u00eda<\/a><\/b><\/p>\n<p>24 dias <a class=\"\" style=\"width: auto !important\" href=\"https:\/\/www.rucashk.com\/es\/xiaomi-scooter-1s-released-30km-battery-life\/\" data-wpil-post-to-id=\"6898\">duraci\u00f3n de la bater\u00eda<\/a> para evitar la carga frecuente y concentrarse en sus actividades diarias sin pensar.<\/p>\n<p><strong>Medici\u00f3n de frecuencia card\u00edaca\u00a0<\/strong><\/p>\n<p>Coraz\u00f3n \u00f3ptico BioTracker\u2122 PPG <a class=\"\" style=\"width: auto !important\" href=\"https:\/\/www.rucashk.com\/es\/producto\/xiaomi-mi-usb-c-charger-65w-output-rate-socket-power-adapter\/\" data-wpil-post-to-id=\"2611\">Sensor de frecuencia, sensor de aceleraci\u00f3n de 6 ejes, sensor de luz ambiental, para lograr una medici\u00f3n de frecuencia card\u00edaca ininterrumpida 24 horas al d\u00eda, 7 d\u00edas a la semana, de manera m\u00e1s eficiente y con menor potencia<\/a> consumo<\/p>\n<p><strong>8 <a class=\"\" style=\"width: auto !important\" href=\"https:\/\/www.rucashk.com\/es\/5-sport-modes-are-added-in-mi-bracelet-5-control-phones-to-shoot-pictures\/\" data-wpil-post-to-id=\"9254\">Modos deportivos<\/a><\/strong><\/p>\n<p>8 modos deportivos: correr al aire libre, cinta de correr, caminar, ciclismo al aire libre, ciclismo en interiores, bicicleta el\u00edptica, nataci\u00f3n en piscina, ejercicio.<\/p>\n<p><strong>Asistente personal y de salud<\/strong><\/p>\n<p>Levanta la mu\u00f1eca para iluminar la pantalla y desbloquear, y consulta la hora y los mensajes en tiempo real. Monitorizaci\u00f3n del sue\u00f1o para comprender mejor su patr\u00f3n de sue\u00f1o. Notificaciones inteligentes para recibir todas tus llamadas entrantes importantes, SMS, aplicaciones push, etc. oportunamente en tu mu\u00f1eca.<\/p>\n<h2>Especificaci\u00f3n<\/h2>\n<table border=\"1\" cellspacing=\"0\" cellpadding=\"0\">\n<tbody>\n<tr>\n<td><strong>General<\/strong><\/td>\n<td>Marca: Amazfit<br \/>\nN\u00famero de modelo: GTR Lite<br \/>\nPantalla: AMOLED<br \/>\nVersi\u00f3n de Bluetooth: Bluetooth 5.0<br \/>\n<a class=\"\" style=\"width: auto !important\" href=\"https:\/\/www.rucashk.com\/es\/new-product-launch-powerful-function-oclean-x-smart-touch-screen-electric-toothbrush\/\" data-wpil-post-to-id=\"15466\">Resoluci\u00f3n de pantalla: 454x<\/a> 454<br \/>\nTama\u00f1o de pantalla: 1,39 pulgadas<br \/>\nMemoria externa: no compatible<br \/>\nModo operativo: <a href=\"https:\/\/www.rucashk.com\/es\/new-product-launch-powerful-function-oclean-x-smart-touch-screen-electric-toothbrush\/\" class=\"\" style=\"width: auto !important\" data-wpil-post-to-id=\"15466\">Pantalla t\u00e1ctil<\/a><br \/>\nRAM: 16MB<br \/>\nROM: 40MB<br \/>\nImpermeable\/Resistente al agua: S\u00ed<br \/>\nClasificaci\u00f3n IP: 5 ATM<\/td>\n<\/tr>\n<tr>\n<td><strong>Funciones<\/strong><\/td>\n<td>Tipo de alerta: Vibraci\u00f3n<br \/>\nAntip\u00e9rdida: S\u00ed<br \/>\nLlamadas Bluetooth: recordatorio de llamada telef\u00f3nica, rechazar contestar el tel\u00e9fono<br \/>\nDistancia de Bluetooth: Sin obst\u00e1culos 10 m \u2013 15 m<br \/>\nBuscar tel\u00e9fono: S\u00ed<br \/>\nRastreador de salud: monitor de frecuencia card\u00edaca, pod\u00f3metro, recordatorio de sedentarismo, monitor de sue\u00f1o<br \/>\nMensajer\u00eda: comprobaci\u00f3n de mensajes<br \/>\nNotificaci\u00f3n: S\u00ed<br \/>\nOtras funciones: Alarma,Bar\u00f3metro,Bluetooth,Ajuste de brillo,Calendario,Br\u00fajula,Cuenta regresiva,Recordatorio de bater\u00eda baja,Cron\u00f3metro,Impermeable,Previsi\u00f3n del tiempo<br \/>\nTipo de notificaci\u00f3n: Facebook,G-mail,Instagram,Mensaje,QQ,Skype,Twitter,Wechat,Weibo,WhatsApp<br \/>\n<a class=\"\" style=\"width: auto !important\" href=\"https:\/\/www.rucashk.com\/es\/update-your-air-conditioning-xiaomi-releases-a-smart-ai-universal-remote-control\/\" data-wpil-post-to-id=\"9669\">Control remoto<\/a> funci\u00f3n: C\u00e1mara remota<br \/>\nCompatible <a class=\"\" style=\"width: auto !important\" href=\"https:\/\/www.rucashk.com\/es\/ebay-launches-its-dark-theme-on-android-system\/\" data-wpil-post-to-id=\"10579\">Versi\u00f3n del sistema: Android<\/a> 5.0 y superior, iOS 10.0 y superior<\/td>\n<\/tr>\n<tr>\n<td><strong>Bater\u00eda<\/strong><\/td>\n<td>Capacidad de la bater\u00eda: 410 mAh<br \/>\nTiempo de carga: aproximadamente 2 horas<br \/>\nTiempo en espera: 24 d\u00edas en modo de vida diaria, la vida b\u00e1sica del reloj 74 d\u00edas<\/td>\n<\/tr>\n<tr>\n<td><strong>Dial y banda<\/strong><\/td>\n<td>Material de la banda: Silicona<br \/>\nMaterial de la caja: Cer\u00e1mica,Metal<br \/>\nForma de la esfera: Redonda<br \/>\nTama\u00f1o de la esfera: 1,39 pulgadas<br \/>\nTama\u00f1o de la banda: 22 mm<\/td>\n<\/tr>\n<tr>\n<td><strong>Caracter\u00edsticas<\/strong><\/td>\n<td>Sistema operativo compatible: Android, IOS<br \/>\nVersi\u00f3n de sistema operativo compatible: Android5.0 y superior, iOS10.0 y superior<br \/>\nIdioma: \u00c1rabe,Ingl\u00e9s,Franc\u00e9s,Alem\u00e1n,Italiano,Portugu\u00e9s (Brasil),Rusa,Espa\u00f1ol,Chino tradicional,Turco<br \/>\nColor disponible: Negro<\/td>\n<\/tr>\n<tr>\n<td><strong>Dimensiones y peso<\/strong><\/td>\n<td>Peso del producto: 0,0360 kg<br \/>\nPeso del paquete: 0,2872 kg<br \/>\nTama\u00f1o del producto (largo x ancho x alto): 4,72 x 4,72 x 1,08 cm \/ 1,86 x 1,86 x 0,43 pulgadas<br \/>\nTama\u00f1o del paquete (largo x ancho x alto): 11,50 x 11,30 x 5,50 cm \/ 4,53 x 4,45 x 2,17 pulgadas<\/td>\n<\/tr>\n<tr>\n<td><strong>contenidos del paquete<\/strong><\/td>\n<td>Contenido del paquete: 1 reloj inteligente, 1 cargador, 1 manual de usuario (ingl\u00e9s, espa\u00f1ol, ruso, italiano, franc\u00e9s, chino tradicional, portugu\u00e9s, alem\u00e1n, turco, polaco, \u00e1rabe)<\/td>\n<\/tr>\n<\/tbody>\n<\/table>\n<\/div>\n<\/div>\n<\/div>\n<div class=\"jb_reviews\"><\/div>","protected":false},"excerpt":{"rendered":"<p><strong>Dise\u00f1o elegante<\/strong><\/p>\n<p><strong>Resistencia al agua hasta 5 cajeros autom\u00e1ticos<\/strong><\/p>\n<p><b>Duraci\u00f3n de la bater\u00eda de 24 d\u00edas<\/b><\/p>\n<p><strong>Medici\u00f3n de frecuencia card\u00edaca<\/strong><\/p>\n<p><strong>8 modos deportivos<\/strong><\/p>\n<p><strong>Asistente personal y de salud<\/strong><\/p>","protected":false},"featured_media":23196,"template":"","meta":[],"product_brand":[],"product_cat":[1339,1305],"product_tag":[],"class_list":{"0":"post-23138","1":"product","2":"type-product","3":"status-publish","4":"has-post-thumbnail","6":"product_cat-amazfit-smartwatch","7":"product_cat-xiaomi-eco","9":"first","10":"instock","11":"shipping-taxable","12":"product-type-external"},"aioseo_notices":[],"aioseo_head":"\n\t\t<!-- All in One SEO Pro 4.5.9.2 - aioseo.com -->\n\t\t<meta name=\"description\" content=\"Elegant Design 5 ATM Water-resistance 24 Days Battery Life Heart Rate Measurement 8 Sports Modes Personal &amp; Health Assistant\" \/>\n\t\t<meta name=\"robots\" content=\"max-image-preview:large\" \/>\n\t\t<link rel=\"canonical\" href=\"https:\/\/www.rucashk.com\/es\/producto\/amazfit-gtr-lite-47mm-smartwatch\/\" \/>\n\t\t<meta name=\"generator\" content=\"All in One SEO Pro (AIOSEO) 4.5.9.2\" \/>\n\t\t<meta property=\"og:locale\" content=\"es_ES\" \/>\n\t\t<meta property=\"og:site_name\" content=\"Rucas - One-stop AIoT Distribution Worldwide\" \/>\n\t\t<meta property=\"og:type\" content=\"article\" \/>\n\t\t<meta property=\"og:title\" content=\"Amazfit GTR Lite 47mm Smartwatch - Rucas - Wholesale and Distribution\" \/>\n\t\t<meta property=\"og:description\" content=\"Elegant Design 5 ATM Water-resistance 24 Days Battery Life Heart Rate Measurement 8 Sports Modes Personal &amp; Health Assistant\" \/>\n\t\t<meta property=\"og:url\" content=\"https:\/\/www.rucashk.com\/es\/producto\/amazfit-gtr-lite-47mm-smartwatch\/\" \/>\n\t\t<meta property=\"og:image\" content=\"https:\/\/www.rucashk.com\/wp-content\/uploads\/replace\/503b8e645f128a97ccde2b6290747646.jpeg\" \/>\n\t\t<meta property=\"og:image:secure_url\" content=\"https:\/\/www.rucashk.com\/wp-content\/uploads\/replace\/503b8e645f128a97ccde2b6290747646.jpeg\" \/>\n\t\t<meta property=\"og:image:width\" content=\"1456\" \/>\n\t\t<meta property=\"og:image:height\" content=\"816\" \/>\n\t\t<meta property=\"article:published_time\" content=\"2024-01-09T15:51:49+00:00\" \/>\n\t\t<meta property=\"article:modified_time\" content=\"2024-03-13T07:28:49+00:00\" \/>\n\t\t<meta name=\"twitter:card\" content=\"summary_large_image\" \/>\n\t\t<meta name=\"twitter:title\" content=\"Amazfit GTR Lite 47mm Smartwatch - Rucas - Wholesale and Distribution\" \/>\n\t\t<meta name=\"twitter:description\" content=\"Elegant Design 5 ATM Water-resistance 24 Days Battery Life Heart Rate Measurement 8 Sports Modes Personal &amp; Health Assistant\" \/>\n\t\t<meta name=\"twitter:image\" content=\"https:\/\/www.rucashk.com\/wp-content\/uploads\/replace\/503b8e645f128a97ccde2b6290747646.jpeg\" \/>\n\t\t<script type=\"application\/ld+json\" class=\"aioseo-schema\">\n\t\t\t{\"@context\":\"https:\\\/\\\/schema.org\",\"@graph\":[{\"@type\":\"BreadcrumbList\",\"@id\":\"https:\\\/\\\/www.rucashk.com\\\/es\\\/producto\\\/amazfit-gtr-lite-47mm-smartwatch\\\/#breadcrumblist\",\"itemListElement\":[{\"@type\":\"ListItem\",\"@id\":\"https:\\\/\\\/www.rucashk.com\\\/es\\\/#listItem\",\"position\":1,\"name\":\"Home\",\"item\":\"https:\\\/\\\/www.rucashk.com\\\/es\\\/\",\"nextItem\":\"https:\\\/\\\/www.rucashk.com\\\/es\\\/producto\\\/amazfit-gtr-lite-47mm-smartwatch\\\/#listItem\"},{\"@type\":\"ListItem\",\"@id\":\"https:\\\/\\\/www.rucashk.com\\\/es\\\/producto\\\/amazfit-gtr-lite-47mm-smartwatch\\\/#listItem\",\"position\":2,\"name\":\"Amazfit GTR Lite 47mm Smartwatch\",\"previousItem\":\"https:\\\/\\\/www.rucashk.com\\\/es\\\/#listItem\"}]},{\"@type\":\"Organization\",\"@id\":\"https:\\\/\\\/www.rucashk.com\\\/es\\\/#organization\",\"name\":\"Rucas\",\"url\":\"https:\\\/\\\/www.rucashk.com\\\/es\\\/\",\"logo\":{\"@type\":\"ImageObject\",\"url\":\"https:\\\/\\\/www.rucashk.com\\\/wp-content\\\/uploads\\\/2023\\\/12\\\/Rucas_campany_logo.png\",\"@id\":\"https:\\\/\\\/www.rucashk.com\\\/es\\\/producto\\\/amazfit-gtr-lite-47mm-smartwatch\\\/#organizationLogo\",\"width\":221,\"height\":65},\"image\":{\"@id\":\"https:\\\/\\\/www.rucashk.com\\\/es\\\/#organizationLogo\"}},{\"@type\":\"Person\",\"@id\":\"https:\\\/\\\/www.rucashk.com\\\/es\\\/author\\\/admin\\\/#author\",\"url\":\"https:\\\/\\\/www.rucashk.com\\\/es\\\/author\\\/admin\\\/\",\"name\":\"admin\",\"image\":{\"@type\":\"ImageObject\",\"@id\":\"https:\\\/\\\/www.rucashk.com\\\/es\\\/producto\\\/amazfit-gtr-lite-47mm-smartwatch\\\/#authorImage\",\"url\":\"https:\\\/\\\/secure.gravatar.com\\\/avatar\\\/b7c8925b09a27e72b30232f8ecaadbd5af0f70a38c78096863fe51b64f031c24?s=96&d=mm&r=g\",\"width\":96,\"height\":96,\"caption\":\"admin\"}},{\"@type\":\"WebPage\",\"@id\":\"https:\\\/\\\/www.rucashk.com\\\/es\\\/producto\\\/amazfit-gtr-lite-47mm-smartwatch\\\/#webpage\",\"url\":\"https:\\\/\\\/www.rucashk.com\\\/es\\\/producto\\\/amazfit-gtr-lite-47mm-smartwatch\\\/\",\"name\":\"Amazfit GTR Lite 47mm Smartwatch - Rucas - Wholesale and Distribution\",\"description\":\"Elegant Design 5 ATM Water-resistance 24 Days Battery Life Heart Rate Measurement 8 Sports Modes Personal & Health Assistant\",\"inLanguage\":\"es-ES\",\"isPartOf\":{\"@id\":\"https:\\\/\\\/www.rucashk.com\\\/es\\\/#website\"},\"breadcrumb\":{\"@id\":\"https:\\\/\\\/www.rucashk.com\\\/es\\\/producto\\\/amazfit-gtr-lite-47mm-smartwatch\\\/#breadcrumblist\"},\"author\":{\"@id\":\"https:\\\/\\\/www.rucashk.com\\\/es\\\/author\\\/admin\\\/#author\"},\"creator\":{\"@id\":\"https:\\\/\\\/www.rucashk.com\\\/es\\\/author\\\/admin\\\/#author\"},\"image\":{\"@type\":\"ImageObject\",\"url\":\"https:\\\/\\\/www.rucashk.com\\\/wp-content\\\/uploads\\\/2024\\\/01\\\/Amazfit-GTR-Lite-47mm-Smartwatch.jpg\",\"@id\":\"https:\\\/\\\/www.rucashk.com\\\/es\\\/producto\\\/amazfit-gtr-lite-47mm-smartwatch\\\/#mainImage\",\"width\":800,\"height\":800},\"primaryImageOfPage\":{\"@id\":\"https:\\\/\\\/www.rucashk.com\\\/es\\\/producto\\\/amazfit-gtr-lite-47mm-smartwatch\\\/#mainImage\"},\"datePublished\":\"2024-01-09T15:51:49+00:00\",\"dateModified\":\"2024-03-13T07:28:49+00:00\"},{\"@type\":\"WebSite\",\"@id\":\"https:\\\/\\\/www.rucashk.com\\\/es\\\/#website\",\"url\":\"https:\\\/\\\/www.rucashk.com\\\/es\\\/\",\"name\":\"Rucas - Wholesale and distribution worldwide\",\"alternateName\":\"Rucas - One-stop AIoT Distribution Worldwide\",\"description\":\"One-stop AIoT Distribution Worldwide\",\"inLanguage\":\"es-ES\",\"publisher\":{\"@id\":\"https:\\\/\\\/www.rucashk.com\\\/es\\\/#organization\"}}]}\n\t\t<\/script>\n\t\t<!-- All in One SEO Pro -->\r\n\t\t<title>Amazfit GTR Lite 47mm Smartwatch - Rucas - Wholesale and Distribution<\/title>\n\n","aioseo_head_json":{"title":"Amazfit GTR Lite 47mm Smartwatch - Rucas - Wholesale and Distribution","description":"Elegant Design 5 ATM Water-resistance 24 Days Battery Life Heart Rate Measurement 8 Sports Modes Personal & Health Assistant","canonical_url":"https:\/\/www.rucashk.com\/es\/producto\/amazfit-gtr-lite-47mm-smartwatch\/","robots":"max-image-preview:large","keywords":"","webmasterTools":{"miscellaneous":""},"og:locale":"es_ES","og:site_name":"Rucas - One-stop AIoT Distribution Worldwide","og:type":"article","og:title":"Amazfit GTR Lite 47mm Smartwatch - Rucas - Wholesale and Distribution","og:description":"Elegant Design 5 ATM Water-resistance 24 Days Battery Life Heart Rate Measurement 8 Sports Modes Personal &amp; Health Assistant","og:url":"https:\/\/www.rucashk.com\/es\/producto\/amazfit-gtr-lite-47mm-smartwatch\/","og:image":"https:\/\/www.rucashk.com\/wp-content\/uploads\/replace\/503b8e645f128a97ccde2b6290747646.jpeg","og:image:secure_url":"https:\/\/www.rucashk.com\/wp-content\/uploads\/replace\/503b8e645f128a97ccde2b6290747646.jpeg","og:image:width":1456,"og:image:height":816,"article:published_time":"2024-01-09T15:51:49+00:00","article:modified_time":"2024-03-13T07:28:49+00:00","twitter:card":"summary_large_image","twitter:title":"Amazfit GTR Lite 47mm Smartwatch - Rucas - Wholesale and Distribution","twitter:description":"Elegant Design 5 ATM Water-resistance 24 Days Battery Life Heart Rate Measurement 8 Sports Modes Personal &amp; Health Assistant","twitter:image":"https:\/\/www.rucashk.com\/wp-content\/uploads\/replace\/503b8e645f128a97ccde2b6290747646.jpeg","schema":{"@context":"https:\/\/schema.org","@graph":[{"@type":"BreadcrumbList","@id":"https:\/\/www.rucashk.com\/es\/producto\/amazfit-gtr-lite-47mm-smartwatch\/#breadcrumblist","itemListElement":[{"@type":"ListItem","@id":"https:\/\/www.rucashk.com\/es\/#listItem","position":1,"name":"Home","item":"https:\/\/www.rucashk.com\/es\/","nextItem":"https:\/\/www.rucashk.com\/es\/producto\/amazfit-gtr-lite-47mm-smartwatch\/#listItem"},{"@type":"ListItem","@id":"https:\/\/www.rucashk.com\/es\/producto\/amazfit-gtr-lite-47mm-smartwatch\/#listItem","position":2,"name":"Amazfit GTR Lite 47mm Smartwatch","previousItem":"https:\/\/www.rucashk.com\/es\/#listItem"}]},{"@type":"Organization","@id":"https:\/\/www.rucashk.com\/es\/#organization","name":"Rucas","url":"https:\/\/www.rucashk.com\/es\/","logo":{"@type":"ImageObject","url":"https:\/\/www.rucashk.com\/wp-content\/uploads\/2023\/12\/Rucas_campany_logo.png","@id":"https:\/\/www.rucashk.com\/es\/producto\/amazfit-gtr-lite-47mm-smartwatch\/#organizationLogo","width":221,"height":65},"image":{"@id":"https:\/\/www.rucashk.com\/es\/#organizationLogo"}},{"@type":"Person","@id":"https:\/\/www.rucashk.com\/es\/author\/admin\/#author","url":"https:\/\/www.rucashk.com\/es\/author\/admin\/","name":"admin","image":{"@type":"ImageObject","@id":"https:\/\/www.rucashk.com\/es\/producto\/amazfit-gtr-lite-47mm-smartwatch\/#authorImage","url":"https:\/\/secure.gravatar.com\/avatar\/b7c8925b09a27e72b30232f8ecaadbd5af0f70a38c78096863fe51b64f031c24?s=96&d=mm&r=g","width":96,"height":96,"caption":"admin"}},{"@type":"WebPage","@id":"https:\/\/www.rucashk.com\/es\/producto\/amazfit-gtr-lite-47mm-smartwatch\/#webpage","url":"https:\/\/www.rucashk.com\/es\/producto\/amazfit-gtr-lite-47mm-smartwatch\/","name":"Amazfit GTR Lite 47mm Smartwatch - Rucas - Wholesale and Distribution","description":"Elegant Design 5 ATM Water-resistance 24 Days Battery Life Heart Rate Measurement 8 Sports Modes Personal & Health Assistant","inLanguage":"es-ES","isPartOf":{"@id":"https:\/\/www.rucashk.com\/es\/#website"},"breadcrumb":{"@id":"https:\/\/www.rucashk.com\/es\/producto\/amazfit-gtr-lite-47mm-smartwatch\/#breadcrumblist"},"author":{"@id":"https:\/\/www.rucashk.com\/es\/author\/admin\/#author"},"creator":{"@id":"https:\/\/www.rucashk.com\/es\/author\/admin\/#author"},"image":{"@type":"ImageObject","url":"https:\/\/www.rucashk.com\/wp-content\/uploads\/2024\/01\/Amazfit-GTR-Lite-47mm-Smartwatch.jpg","@id":"https:\/\/www.rucashk.com\/es\/producto\/amazfit-gtr-lite-47mm-smartwatch\/#mainImage","width":800,"height":800},"primaryImageOfPage":{"@id":"https:\/\/www.rucashk.com\/es\/producto\/amazfit-gtr-lite-47mm-smartwatch\/#mainImage"},"datePublished":"2024-01-09T15:51:49+00:00","dateModified":"2024-03-13T07:28:49+00:00"},{"@type":"WebSite","@id":"https:\/\/www.rucashk.com\/es\/#website","url":"https:\/\/www.rucashk.com\/es\/","name":"Rucas - Wholesale and distribution worldwide","alternateName":"Rucas - One-stop AIoT Distribution Worldwide","description":"One-stop AIoT Distribution Worldwide","inLanguage":"es-ES","publisher":{"@id":"https:\/\/www.rucashk.com\/es\/#organization"}}]}},"aioseo_meta_data":{"post_id":"23138","title":null,"description":null,"keywords":null,"keyphrases":null,"primary_term":null,"canonical_url":null,"og_title":null,"og_description":null,"og_object_type":"default","og_image_type":"default","og_image_url":null,"og_image_width":null,"og_image_height":null,"og_image_custom_url":null,"og_image_custom_fields":null,"og_video":null,"og_custom_url":null,"og_article_section":null,"og_article_tags":null,"twitter_use_og":false,"twitter_card":"default","twitter_image_type":"default","twitter_image_url":null,"twitter_image_custom_url":null,"twitter_image_custom_fields":null,"twitter_title":null,"twitter_description":null,"schema":{"blockGraphs":[],"customGraphs":[],"default":{"data":{"Article":[],"Course":[],"Dataset":[],"FAQPage":[],"Movie":[],"Person":[],"Product":[],"Recipe":[],"Service":[],"SoftwareApplication":[],"WebPage":[]},"graphName":"","isEnabled":true},"graphs":[]},"schema_type":"default","schema_type_options":null,"pillar_content":false,"robots_default":true,"robots_noindex":false,"robots_noarchive":false,"robots_nosnippet":false,"robots_nofollow":false,"robots_noimageindex":false,"robots_noodp":false,"robots_notranslate":false,"robots_max_snippet":null,"robots_max_videopreview":null,"robots_max_imagepreview":"large","priority":null,"frequency":null,"local_seo":null,"breadcrumb_settings":null,"limit_modified_date":false,"created":"2024-04-11 01:55:26","updated":"2025-06-22 16:59:03"},"aioseo_breadcrumb":"<div class=\"aioseo-breadcrumbs\"><span class=\"aioseo-breadcrumb\">\n\t<a href=\"https:\/\/www.rucashk.com\/es\" title=\"Home\">Home<\/a>\n<\/span><span class=\"aioseo-breadcrumb-separator\">&raquo;<\/span><span class=\"aioseo-breadcrumb\">\n\t<a href=\"https:\/\/www.rucashk.com\/es\/products\/\" title=\"Productos\">Productos<\/a>\n<\/span><span class=\"aioseo-breadcrumb-separator\">&raquo;<\/span><span class=\"aioseo-breadcrumb\">\n\t<a href=\"https:\/\/www.rucashk.com\/es\/categoria-producto\/xiaomi-eco\/\" title=\"Xiaomi Eco\">Xiaomi Eco<\/a>\n<\/span><span class=\"aioseo-breadcrumb-separator\">&raquo;<\/span><span class=\"aioseo-breadcrumb\">\n\t<a href=\"https:\/\/www.rucashk.com\/es\/categoria-producto\/xiaomi-eco\/amazfit-smartwatch\/\" title=\"Amazfit Smartwatch\">Amazfit Smartwatch<\/a>\n<\/span><span class=\"aioseo-breadcrumb-separator\">&raquo;<\/span><span class=\"aioseo-breadcrumb\">\n\tAmazfit GTR Lite 47mm Smartwatch\n<\/span><\/div>","aioseo_breadcrumb_json":[{"label":"Home","link":"https:\/\/www.rucashk.com\/es"},{"label":"Productos","link":"https:\/\/www.rucashk.com\/es\/products\/"},{"label":"Xiaomi Eco","link":"https:\/\/www.rucashk.com\/es\/categoria-producto\/xiaomi-eco\/"},{"label":"Amazfit Smartwatch","link":"https:\/\/www.rucashk.com\/es\/categoria-producto\/xiaomi-eco\/amazfit-smartwatch\/"},{"label":"Amazfit GTR Lite 47mm Smartwatch","link":"https:\/\/www.rucashk.com\/es\/producto\/amazfit-gtr-lite-47mm-smartwatch\/"}],"_links":{"self":[{"href":"https:\/\/www.rucashk.com\/es\/wp-json\/wp\/v2\/product\/23138","targetHints":{"allow":["GET"]}}],"collection":[{"href":"https:\/\/www.rucashk.com\/es\/wp-json\/wp\/v2\/product"}],"about":[{"href":"https:\/\/www.rucashk.com\/es\/wp-json\/wp\/v2\/types\/product"}],"wp:featuredmedia":[{"embeddable":true,"href":"https:\/\/www.rucashk.com\/es\/wp-json\/wp\/v2\/media\/23196"}],"wp:attachment":[{"href":"https:\/\/www.rucashk.com\/es\/wp-json\/wp\/v2\/media?parent=23138"}],"wp:term":[{"taxonomy":"product_brand","embeddable":true,"href":"https:\/\/www.rucashk.com\/es\/wp-json\/wp\/v2\/product_brand?post=23138"},{"taxonomy":"product_cat","embeddable":true,"href":"https:\/\/www.rucashk.com\/es\/wp-json\/wp\/v2\/product_cat?post=23138"},{"taxonomy":"product_tag","embeddable":true,"href":"https:\/\/www.rucashk.com\/es\/wp-json\/wp\/v2\/product_tag?post=23138"}],"curies":[{"name":"wp","href":"https:\/\/api.w.org\/{rel}","templated":true}]}}