{"id":23065,"date":"2024-01-09T15:51:04","date_gmt":"2024-01-09T15:51:04","guid":{"rendered":"http:\/\/rucashk.com\/?post_type=product&#038;p=23065"},"modified":"2024-01-21T10:36:04","modified_gmt":"2024-01-21T10:36:04","slug":"xiaomi-fimi-x8-se-rc-quadcopter","status":"publish","type":"product","link":"https:\/\/www.rucashk.com\/es\/producto\/xiaomi-fimi-x8-se-rc-quadcopter\/","title":{"rendered":"Xiaomi Fimi X8 Se Cuadric\u00f3ptero RC"},"content":{"rendered":"<h2 style=\"text-align: center\">Xiaomi Fimi X8 Se Cuadric\u00f3ptero RC<\/h2>\n<div id=\"descriptionImg\" style=\"text-align: center\"><img fetchpriority=\"high\" decoding=\"async\" class=\"lazy alignnone\" src=\"https:\/\/www.rucashk.com\/wp-content\/uploads\/2020\/06\/RM12837EU-1-fd1b-ngi5.jpg\" alt=\"Xiaomi\u00a0Fimi X8 Se RC Quadcopter\" width=\"1000\" height=\"1000\" data-original=\"\/\/img.tttcdn.com\/product\/xy\/2000\/2000\/p\/gu1\/R\/U\/RM12837EU\/RM12837EU-1-fd1b-ngi5.jpg\" \/><img decoding=\"async\" class=\"lazy alignnone\" src=\"https:\/\/www.rucashk.com\/wp-content\/uploads\/2020\/06\/RM12837EU-1-fd1b-ngiy.jpg\" alt=\"Xiaomi\u00a0Fimi X8 Se RC Quadcopter\" width=\"1000\" height=\"1000\" data-original=\"\/\/img.tttcdn.com\/product\/xy\/2000\/2000\/p\/gu1\/R\/U\/RM12837EU\/RM12837EU-1-fd1b-ngiy.jpg\" \/><img decoding=\"async\" class=\"lazy alignnone\" src=\"https:\/\/www.rucashk.com\/wp-content\/uploads\/2020\/06\/RM12837EU-1-fd1b-upgW.jpg\" alt=\"Xiaomi\u00a0Fimi X8 Se RC Quadcopter\" width=\"1000\" height=\"1000\" data-original=\"\/\/img.tttcdn.com\/product\/xy\/2000\/2000\/p\/gu1\/R\/U\/RM12837EU\/RM12837EU-1-fd1b-upgW.jpg\" \/><img loading=\"lazy\" decoding=\"async\" class=\"lazy alignnone\" src=\"https:\/\/www.rucashk.com\/wp-content\/uploads\/2020\/06\/RM12837EU-1-fd1b-w1he.jpg\" alt=\"Xiaomi\u00a0Fimi X8 Se RC Quadcopter\" width=\"1000\" height=\"1000\" data-original=\"\/\/img.tttcdn.com\/product\/xy\/2000\/2000\/p\/gu1\/R\/U\/RM12837EU\/RM12837EU-1-fd1b-w1he.jpg\" \/><img loading=\"lazy\" decoding=\"async\" class=\"lazy alignnone\" src=\"https:\/\/www.rucashk.com\/wp-content\/uploads\/2020\/06\/RM12837EU-1-fd1b-7KEJ.jpg\" alt=\"Xiaomi\u00a0Fimi X8 Se RC Quadcopter\" width=\"1000\" height=\"1000\" data-original=\"\/\/img.tttcdn.com\/product\/xy\/2000\/2000\/p\/gu1\/R\/U\/RM12837EU\/RM12837EU-1-fd1b-7KEJ.jpg\" \/><img loading=\"lazy\" decoding=\"async\" class=\"lazy alignnone\" src=\"https:\/\/www.rucashk.com\/wp-content\/uploads\/2020\/06\/RM12837EU-1-fd1b-UteP.jpg\" alt=\"Xiaomi\u00a0Fimi X8 Se RC Quadcopter\" width=\"1000\" height=\"1000\" data-original=\"\/\/img.tttcdn.com\/product\/xy\/2000\/2000\/p\/gu1\/R\/U\/RM12837EU\/RM12837EU-1-fd1b-UteP.jpg\" \/><img loading=\"lazy\" decoding=\"async\" class=\"lazy alignnone\" src=\"https:\/\/www.rucashk.com\/wp-content\/uploads\/2020\/06\/RM12837EU-1-fd1b-oAhp.jpg\" alt=\"Xiaomi\u00a0Fimi X8 Se RC Quadcopter\" width=\"1000\" height=\"1000\" data-original=\"\/\/img.tttcdn.com\/product\/xy\/2000\/2000\/p\/gu1\/R\/U\/RM12837EU\/RM12837EU-1-fd1b-oAhp.jpg\" \/><img loading=\"lazy\" decoding=\"async\" class=\"lazy alignnone\" src=\"https:\/\/www.rucashk.com\/wp-content\/uploads\/2020\/06\/RM12837EU-1-fd1b-kuRg.jpg\" alt=\"Xiaomi\u00a0Fimi X8 Se RC Quadcopter\" width=\"1000\" height=\"1000\" data-original=\"\/\/img.tttcdn.com\/product\/xy\/2000\/2000\/p\/gu1\/R\/U\/RM12837EU\/RM12837EU-1-fd1b-kuRg.jpg\" \/><img loading=\"lazy\" decoding=\"async\" class=\"lazy alignnone\" src=\"https:\/\/www.rucashk.com\/wp-content\/uploads\/2020\/06\/RM12837EU-1-fd1b-mdDP.jpg\" alt=\"Xiaomi\u00a0Fimi X8 Se RC Quadcopter\" width=\"1000\" height=\"1000\" data-original=\"\/\/img.tttcdn.com\/product\/xy\/2000\/2000\/p\/gu1\/R\/U\/RM12837EU\/RM12837EU-1-fd1b-mdDP.jpg\" \/><img loading=\"lazy\" decoding=\"async\" class=\"lazy alignnone\" src=\"https:\/\/www.rucashk.com\/wp-content\/uploads\/2020\/06\/RM12837EU-1-fd1b-mHsV.jpg\" alt=\"Xiaomi\u00a0Fimi X8 Se RC Quadcopter\" width=\"1000\" height=\"1000\" data-original=\"\/\/img.tttcdn.com\/product\/xy\/2000\/2000\/p\/gu1\/R\/U\/RM12837EU\/RM12837EU-1-fd1b-mHsV.jpg\" \/><img loading=\"lazy\" decoding=\"async\" class=\"lazy alignnone\" src=\"https:\/\/www.rucashk.com\/wp-content\/uploads\/2020\/06\/RM12837EU-1-fd1b-mo3J.jpg\" alt=\"Xiaomi\u00a0Fimi X8 Se RC Quadcopter\" width=\"1000\" height=\"1000\" data-original=\"\/\/img.tttcdn.com\/product\/xy\/2000\/2000\/p\/gu1\/R\/U\/RM12837EU\/RM12837EU-1-fd1b-mo3J.jpg\" \/><img loading=\"lazy\" decoding=\"async\" class=\"lazy alignnone\" src=\"https:\/\/www.rucashk.com\/wp-content\/uploads\/2020\/06\/RM12837EU-1-fd1b-Nt2L.jpg\" alt=\"Xiaomi\u00a0Fimi X8 Se RC Quadcopter\" width=\"1000\" height=\"1000\" data-original=\"\/\/img.tttcdn.com\/product\/xy\/2000\/2000\/p\/gu1\/R\/U\/RM12837EU\/RM12837EU-1-fd1b-Nt2L.jpg\" \/><\/div>\n<div><strong>Especificaci\u00f3n:<\/strong><br \/>\n<strong><a class=\"\" style=\"width: auto !important\" href=\"https:\/\/www.rucashk.com\/es\/producto\/original-fimi-x8-se-drone-5km-fpv-3-axis-gimbal-hd4k-camera\/\" data-wpil-post-to-id=\"2724\">FIMI X8 SE<\/a> Cuadric\u00f3ptero RC (versi\u00f3n 2020)<\/strong><br \/>\nTama\u00f1o plegable: 204*106*72,6mm<br \/>\nTama\u00f1o desplegado: 349*257,6*72mm<br \/>\nTama\u00f1o diagonal: 372 mm<br \/>\nPeso del art\u00edculo: 765 g<br \/>\nPrecisi\u00f3n de desplazamiento vertical: \u00b10,1 m (dentro del rango de detecci\u00f3n ultras\u00f3nica) \u00b15 m (cuando el posicionamiento GPS est\u00e1 activo)<br \/>\nPrecisi\u00f3n de desplazamiento Horizontal: \u00b11,5 m<br \/>\nVelocidad m\u00e1xima de ascenso: 5m\/s<br \/>\nVelocidad m\u00e1xima de descenso: 4m\/s<br \/>\nVelocidad m\u00e1xima de crucero: 18m\/s<br \/>\nAltitud l\u00edmite de vuelo: 500 m<br \/>\nTiempo m\u00e1ximo de vuelo (sin viento): unos 35 minutos (a una velocidad constante de 8 m\/s)<br \/>\nTiempo de carga: 2h<br \/>\nTiempo de trabajo: 35min<br \/>\nResistencia al viento: \u226450kph<br \/>\nSistemas de posicionamiento por sat\u00e9lite: GPS+GLONASS+BEIDUO<br \/>\nFrecuencia de funcionamiento: 5.725-5.850 GHz<\/p>\n<p style=\"text-align: left\"><strong>Control remoto<\/strong><br \/>\nDimensiones: 203,8\u00d791 x 46,6 mm<br \/>\nPeso: 370g<br \/>\nFrecuencia de funcionamiento: 5.725-5.850GHZ<br \/>\nDistancia m\u00e1xima controlable: unos 8000 m<br \/>\nBater\u00eda: bater\u00eda de litio de 3900 mAh<br \/>\nTensi\u00f3n nominal: 3,7 V<br \/>\nTiempo de carga: 4h<br \/>\nTipo de puerto de carga: Micro USB<br \/>\nEntrada: 5V -2A<\/p>\n<p style=\"text-align: left\"><strong>card\u00e1n<\/strong><br \/>\nAlcance de rotaci\u00f3n controlado: \u00e1ngulo de inclinaci\u00f3n de 0\u00b0~-90\u00b0<br \/>\nPrecisi\u00f3n de control de \u00e1ngulo: \u00b10,005\u00b0<br \/>\nEstabilizaci\u00f3n: card\u00e1n de 3 ejes<\/p>\n<p style=\"text-align: left\"><strong>C\u00e1mara<\/strong><br \/>\nLente: campo de visi\u00f3n 80\u00b0<br \/>\nApertura: f2.0<br \/>\nDistancia focal: 3,54 mm<br \/>\nDistancia focal equivalente: 26 mm<br \/>\nSensor: 1\/2,6 pulgadas SONY CMOS<br \/>\nP\u00edxeles efectivos: 12M<br \/>\nRango ISO: 100 \u2013 3200<br \/>\nVelocidad de obturaci\u00f3n: 32 ~ 1\/8000S<br \/>\nResoluci\u00f3n de v\u00eddeo: 4K UHD: 3840\u00d72160 30\/25\/24fps<br \/>\n2,7k: 2716\u00d71524 60\/50\/30\/25\/24 fps<br \/>\n1080P: 1980\u00d71080 90\/60\/50\/30\/25\/24 fps<br \/>\n720P: 1280\u00d7720 120\/100fps<br \/>\nSistema de archivos: FAT32(\u226432GB)\/ exFAT(&gt;32GB)<br \/>\nFormato de imagen: JPG; JPG+DNG<br \/>\nFormato de v\u00eddeo: MP4<br \/>\nTipo de tarjeta de memoria: Micro SD (U3 o superior) 8 \u2013 256 GB (se recomienda Sandisk\/Kingston U3)<br \/>\nVelocidad de bits m\u00e1xima: 100 Mbps<\/p>\n<p style=\"text-align: left\"><strong>Cargador<\/strong><br \/>\nSalida nominal: 13,05 V -3 A.<br \/>\nPotencia nominal: 39,15W<br \/>\nEntrada nominal: 100-240V~50\/60Hz1.5A<\/p>\n<p style=\"text-align: left\"><strong>Bater\u00eda\u00a0<\/strong><br \/>\nVoltaje l\u00edmite de carga: 13,05 V<br \/>\nCapacidad: 4500 mAh\/51,3 Wh<br \/>\nVoltaje: 11,4 V<br \/>\nPeso: alrededor de 270 g<\/p>\n<p style=\"text-align: left\"><strong>H\u00e9lice<\/strong><br \/>\nLongitud: 8,5 pulgadas<br \/>\nPaso: 3,3 pulgadas<\/p>\n<p style=\"text-align: left\"><strong>Otros par\u00e1metros\u00a0<\/strong><br \/>\nColor blanco<br \/>\nTemperatura de funcionamiento: 0-40 \u2103<br \/>\nAltitud adecuada: \u22645000m<br \/>\nEst\u00e1ndares de implementaci\u00f3n: Q\/BJFMK0001-2016<br \/>\nVoltaje: 100-240V<\/p>\n<p style=\"text-align: left\"><strong>PREGUNTAS M\u00c1S FRECUENTES:<\/strong><br \/>\n* El <a class=\"\" style=\"width: auto !important\" href=\"https:\/\/www.rucashk.com\/es\/producto\/fimi-a3-drone-with-5-8g-gps-2axis-gimbal-1080p-camera-rc\/\" data-wpil-post-to-id=\"2741\">El dron tiene GPS<\/a> funci\u00f3n. Vuele el dron al aire libre en lugares abiertos y aseg\u00farese de que se reciban al menos 8 sat\u00e9lites.<br \/>\n* No lo utilice en situaciones con muchas opciones de WiFi, puede haber interferencias en la se\u00f1al. Si tienes problemas para conectar el wifi del dron, intenta apagarlo y encenderlo nuevamente varias veces.<br \/>\n* El tel\u00e9fono y el ipad de la imagen no est\u00e1n incluidos. Podr\u00eda haber algunas desviaciones debido a la medici\u00f3n manual o una ligera diferencia de color debido a las condiciones de la fotograf\u00eda.<br \/>\n* No sobrecargue ni descargue excesivamente las bater\u00edas. No lo pongas al lado de la condici\u00f3n de alta temperatura. No lo arrojes al fuego. No lo arrojes al agua.<\/p>\n<p style=\"text-align: left\"><strong>Informaci\u00f3n del paquete:<\/strong><br \/>\nTama\u00f1o del paquete: 29*25*9,5 cm<br \/>\nPeso del paquete: 1900g<br \/>\nPaquete de caja de regalo<\/p>\n<p style=\"text-align: left\"><strong>Lista de embalaje:<\/strong><br \/>\n1 *FIMI <a class=\"\" style=\"width: auto !important\" href=\"https:\/\/www.rucashk.com\/es\/producto\/xiaomi-fimi-x8-se-2020\/\" data-wpil-post-to-id=\"15601\">Dron X8 SE 2020 RC<\/a>( con c\u00e1mara)<br \/>\n1 * transmisor<br \/>\n1 bater\u00eda lipo de 11,4 V y 4500 mAh.<br \/>\n6 * h\u00e9lice<br \/>\n1 * cable de CA<br \/>\n1 * cargador<br \/>\n2 * manuales<\/p>\n<\/div>","protected":false},"excerpt":{"rendered":"<p><strong>Caracter\u00edsticas:<\/strong><br \/>\n<strong>V\u00eddeo y fotograf\u00eda 4k HDR<\/strong><\/p>\n<p><strong>Card\u00e1n mec\u00e1nico de 3 ejes<\/strong><\/p>\n<p><strong>Alcance de 8 km<\/strong><\/p>\n<p><strong>Dise\u00f1o plegable y port\u00e1til<\/strong><\/p>\n<p><strong>Sistema de posicionamiento de precisi\u00f3n<\/strong><\/p>\n<p><strong>M\u00faltiples modos de vuelo<\/strong><\/p>\n<p>&nbsp;<\/p>","protected":false},"featured_media":23167,"template":"","meta":[],"product_brand":[],"product_cat":[1318,1305],"product_tag":[420],"class_list":{"0":"post-23065","1":"product","2":"type-product","3":"status-publish","4":"has-post-thumbnail","6":"product_cat-gadgets","7":"product_cat-xiaomi-eco","8":"product_tag-xiaomi","10":"first","11":"instock","12":"shipping-taxable","13":"product-type-external"},"aioseo_notices":[],"aioseo_head":"\n\t\t<!-- All in One SEO Pro 4.5.9.2 - aioseo.com -->\n\t\t<meta name=\"description\" content=\"Features: 4k HDR Video and Photo 3-axis Mechanical Gimbal 8KM Range Foldable and Portable Design Precision Positioning System Multiple Flight Modes\" \/>\n\t\t<meta name=\"robots\" content=\"max-image-preview:large\" \/>\n\t\t<link rel=\"canonical\" href=\"https:\/\/www.rucashk.com\/es\/producto\/xiaomi-fimi-x8-se-rc-quadcopter\/\" \/>\n\t\t<meta name=\"generator\" content=\"All in One SEO Pro (AIOSEO) 4.5.9.2\" \/>\n\t\t<meta property=\"og:locale\" content=\"es_ES\" \/>\n\t\t<meta property=\"og:site_name\" content=\"Rucas - One-stop AIoT Distribution Worldwide\" \/>\n\t\t<meta property=\"og:type\" content=\"article\" \/>\n\t\t<meta property=\"og:title\" content=\"Xiaomi Fimi X8 Se RC Quadcopter - Rucas - Wholesale and Distribution\" \/>\n\t\t<meta property=\"og:description\" content=\"Features: 4k HDR Video and Photo 3-axis Mechanical Gimbal 8KM Range Foldable and Portable Design Precision Positioning System Multiple Flight Modes\" \/>\n\t\t<meta property=\"og:url\" content=\"https:\/\/www.rucashk.com\/es\/producto\/xiaomi-fimi-x8-se-rc-quadcopter\/\" \/>\n\t\t<meta property=\"og:image\" content=\"https:\/\/www.rucashk.com\/wp-content\/uploads\/replace\/503b8e645f128a97ccde2b6290747646.jpeg\" \/>\n\t\t<meta property=\"og:image:secure_url\" content=\"https:\/\/www.rucashk.com\/wp-content\/uploads\/replace\/503b8e645f128a97ccde2b6290747646.jpeg\" \/>\n\t\t<meta property=\"og:image:width\" content=\"1456\" \/>\n\t\t<meta property=\"og:image:height\" content=\"816\" \/>\n\t\t<meta property=\"article:published_time\" content=\"2024-01-09T15:51:04+00:00\" \/>\n\t\t<meta property=\"article:modified_time\" content=\"2024-01-21T10:36:04+00:00\" \/>\n\t\t<meta name=\"twitter:card\" content=\"summary_large_image\" \/>\n\t\t<meta name=\"twitter:title\" content=\"Xiaomi Fimi X8 Se RC Quadcopter - Rucas - Wholesale and Distribution\" \/>\n\t\t<meta name=\"twitter:description\" content=\"Features: 4k HDR Video and Photo 3-axis Mechanical Gimbal 8KM Range Foldable and Portable Design Precision Positioning System Multiple Flight Modes\" \/>\n\t\t<meta name=\"twitter:image\" content=\"https:\/\/www.rucashk.com\/wp-content\/uploads\/replace\/503b8e645f128a97ccde2b6290747646.jpeg\" \/>\n\t\t<script type=\"application\/ld+json\" class=\"aioseo-schema\">\n\t\t\t{\"@context\":\"https:\\\/\\\/schema.org\",\"@graph\":[{\"@type\":\"BreadcrumbList\",\"@id\":\"https:\\\/\\\/www.rucashk.com\\\/es\\\/producto\\\/xiaomi-fimi-x8-se-rc-quadcopter\\\/#breadcrumblist\",\"itemListElement\":[{\"@type\":\"ListItem\",\"@id\":\"https:\\\/\\\/www.rucashk.com\\\/es\\\/#listItem\",\"position\":1,\"name\":\"Home\",\"item\":\"https:\\\/\\\/www.rucashk.com\\\/es\\\/\",\"nextItem\":\"https:\\\/\\\/www.rucashk.com\\\/es\\\/producto\\\/xiaomi-fimi-x8-se-rc-quadcopter\\\/#listItem\"},{\"@type\":\"ListItem\",\"@id\":\"https:\\\/\\\/www.rucashk.com\\\/es\\\/producto\\\/xiaomi-fimi-x8-se-rc-quadcopter\\\/#listItem\",\"position\":2,\"name\":\"Xiaomi\\u00a0Fimi X8 Se RC Quadcopter\",\"previousItem\":\"https:\\\/\\\/www.rucashk.com\\\/es\\\/#listItem\"}]},{\"@type\":\"Organization\",\"@id\":\"https:\\\/\\\/www.rucashk.com\\\/es\\\/#organization\",\"name\":\"Rucas\",\"url\":\"https:\\\/\\\/www.rucashk.com\\\/es\\\/\",\"logo\":{\"@type\":\"ImageObject\",\"url\":\"https:\\\/\\\/www.rucashk.com\\\/wp-content\\\/uploads\\\/2023\\\/12\\\/Rucas_campany_logo.png\",\"@id\":\"https:\\\/\\\/www.rucashk.com\\\/es\\\/producto\\\/xiaomi-fimi-x8-se-rc-quadcopter\\\/#organizationLogo\",\"width\":221,\"height\":65},\"image\":{\"@id\":\"https:\\\/\\\/www.rucashk.com\\\/es\\\/#organizationLogo\"}},{\"@type\":\"Person\",\"@id\":\"https:\\\/\\\/www.rucashk.com\\\/es\\\/author\\\/admin\\\/#author\",\"url\":\"https:\\\/\\\/www.rucashk.com\\\/es\\\/author\\\/admin\\\/\",\"name\":\"admin\",\"image\":{\"@type\":\"ImageObject\",\"@id\":\"https:\\\/\\\/www.rucashk.com\\\/es\\\/producto\\\/xiaomi-fimi-x8-se-rc-quadcopter\\\/#authorImage\",\"url\":\"https:\\\/\\\/secure.gravatar.com\\\/avatar\\\/b7c8925b09a27e72b30232f8ecaadbd5af0f70a38c78096863fe51b64f031c24?s=96&d=mm&r=g\",\"width\":96,\"height\":96,\"caption\":\"admin\"}},{\"@type\":\"WebPage\",\"@id\":\"https:\\\/\\\/www.rucashk.com\\\/es\\\/producto\\\/xiaomi-fimi-x8-se-rc-quadcopter\\\/#webpage\",\"url\":\"https:\\\/\\\/www.rucashk.com\\\/es\\\/producto\\\/xiaomi-fimi-x8-se-rc-quadcopter\\\/\",\"name\":\"Xiaomi Fimi X8 Se RC Quadcopter - Rucas - Wholesale and Distribution\",\"description\":\"Features: 4k HDR Video and Photo 3-axis Mechanical Gimbal 8KM Range Foldable and Portable Design Precision Positioning System Multiple Flight Modes\",\"inLanguage\":\"es-ES\",\"isPartOf\":{\"@id\":\"https:\\\/\\\/www.rucashk.com\\\/es\\\/#website\"},\"breadcrumb\":{\"@id\":\"https:\\\/\\\/www.rucashk.com\\\/es\\\/producto\\\/xiaomi-fimi-x8-se-rc-quadcopter\\\/#breadcrumblist\"},\"author\":{\"@id\":\"https:\\\/\\\/www.rucashk.com\\\/es\\\/author\\\/admin\\\/#author\"},\"creator\":{\"@id\":\"https:\\\/\\\/www.rucashk.com\\\/es\\\/author\\\/admin\\\/#author\"},\"image\":{\"@type\":\"ImageObject\",\"url\":\"https:\\\/\\\/www.rucashk.com\\\/wp-content\\\/uploads\\\/2024\\\/01\\\/Xiaomi-Fimi-X8-Se-RC-Quadcopter.jpg\",\"@id\":\"https:\\\/\\\/www.rucashk.com\\\/es\\\/producto\\\/xiaomi-fimi-x8-se-rc-quadcopter\\\/#mainImage\",\"width\":800,\"height\":800},\"primaryImageOfPage\":{\"@id\":\"https:\\\/\\\/www.rucashk.com\\\/es\\\/producto\\\/xiaomi-fimi-x8-se-rc-quadcopter\\\/#mainImage\"},\"datePublished\":\"2024-01-09T15:51:04+00:00\",\"dateModified\":\"2024-01-21T10:36:04+00:00\"},{\"@type\":\"WebSite\",\"@id\":\"https:\\\/\\\/www.rucashk.com\\\/es\\\/#website\",\"url\":\"https:\\\/\\\/www.rucashk.com\\\/es\\\/\",\"name\":\"Rucas - Wholesale and distribution worldwide\",\"alternateName\":\"Rucas - One-stop AIoT Distribution Worldwide\",\"description\":\"One-stop AIoT Distribution Worldwide\",\"inLanguage\":\"es-ES\",\"publisher\":{\"@id\":\"https:\\\/\\\/www.rucashk.com\\\/es\\\/#organization\"}}]}\n\t\t<\/script>\n\t\t<!-- All in One SEO Pro -->\r\n\t\t<title>Xiaomi Fimi X8 Se RC Quadcopter - Rucas - Wholesale and Distribution<\/title>\n\n","aioseo_head_json":{"title":"Xiaomi Fimi X8 Se RC Quadcopter - Rucas - Wholesale and Distribution","description":"Features: 4k HDR Video and Photo 3-axis Mechanical Gimbal 8KM Range Foldable and Portable Design Precision Positioning System Multiple Flight Modes","canonical_url":"https:\/\/www.rucashk.com\/es\/producto\/xiaomi-fimi-x8-se-rc-quadcopter\/","robots":"max-image-preview:large","keywords":"","webmasterTools":{"miscellaneous":""},"og:locale":"es_ES","og:site_name":"Rucas - One-stop AIoT Distribution Worldwide","og:type":"article","og:title":"Xiaomi Fimi X8 Se RC Quadcopter - Rucas - Wholesale and Distribution","og:description":"Features: 4k HDR Video and Photo 3-axis Mechanical Gimbal 8KM Range Foldable and Portable Design Precision Positioning System Multiple Flight Modes","og:url":"https:\/\/www.rucashk.com\/es\/producto\/xiaomi-fimi-x8-se-rc-quadcopter\/","og:image":"https:\/\/www.rucashk.com\/wp-content\/uploads\/replace\/503b8e645f128a97ccde2b6290747646.jpeg","og:image:secure_url":"https:\/\/www.rucashk.com\/wp-content\/uploads\/replace\/503b8e645f128a97ccde2b6290747646.jpeg","og:image:width":1456,"og:image:height":816,"article:published_time":"2024-01-09T15:51:04+00:00","article:modified_time":"2024-01-21T10:36:04+00:00","twitter:card":"summary_large_image","twitter:title":"Xiaomi Fimi X8 Se RC Quadcopter - Rucas - Wholesale and Distribution","twitter:description":"Features: 4k HDR Video and Photo 3-axis Mechanical Gimbal 8KM Range Foldable and Portable Design Precision Positioning System Multiple Flight Modes","twitter:image":"https:\/\/www.rucashk.com\/wp-content\/uploads\/replace\/503b8e645f128a97ccde2b6290747646.jpeg","schema":{"@context":"https:\/\/schema.org","@graph":[{"@type":"BreadcrumbList","@id":"https:\/\/www.rucashk.com\/es\/producto\/xiaomi-fimi-x8-se-rc-quadcopter\/#breadcrumblist","itemListElement":[{"@type":"ListItem","@id":"https:\/\/www.rucashk.com\/es\/#listItem","position":1,"name":"Home","item":"https:\/\/www.rucashk.com\/es\/","nextItem":"https:\/\/www.rucashk.com\/es\/producto\/xiaomi-fimi-x8-se-rc-quadcopter\/#listItem"},{"@type":"ListItem","@id":"https:\/\/www.rucashk.com\/es\/producto\/xiaomi-fimi-x8-se-rc-quadcopter\/#listItem","position":2,"name":"Xiaomi\u00a0Fimi X8 Se RC Quadcopter","previousItem":"https:\/\/www.rucashk.com\/es\/#listItem"}]},{"@type":"Organization","@id":"https:\/\/www.rucashk.com\/es\/#organization","name":"Rucas","url":"https:\/\/www.rucashk.com\/es\/","logo":{"@type":"ImageObject","url":"https:\/\/www.rucashk.com\/wp-content\/uploads\/2023\/12\/Rucas_campany_logo.png","@id":"https:\/\/www.rucashk.com\/es\/producto\/xiaomi-fimi-x8-se-rc-quadcopter\/#organizationLogo","width":221,"height":65},"image":{"@id":"https:\/\/www.rucashk.com\/es\/#organizationLogo"}},{"@type":"Person","@id":"https:\/\/www.rucashk.com\/es\/author\/admin\/#author","url":"https:\/\/www.rucashk.com\/es\/author\/admin\/","name":"admin","image":{"@type":"ImageObject","@id":"https:\/\/www.rucashk.com\/es\/producto\/xiaomi-fimi-x8-se-rc-quadcopter\/#authorImage","url":"https:\/\/secure.gravatar.com\/avatar\/b7c8925b09a27e72b30232f8ecaadbd5af0f70a38c78096863fe51b64f031c24?s=96&d=mm&r=g","width":96,"height":96,"caption":"admin"}},{"@type":"WebPage","@id":"https:\/\/www.rucashk.com\/es\/producto\/xiaomi-fimi-x8-se-rc-quadcopter\/#webpage","url":"https:\/\/www.rucashk.com\/es\/producto\/xiaomi-fimi-x8-se-rc-quadcopter\/","name":"Xiaomi Fimi X8 Se RC Quadcopter - Rucas - Wholesale and Distribution","description":"Features: 4k HDR Video and Photo 3-axis Mechanical Gimbal 8KM Range Foldable and Portable Design Precision Positioning System Multiple Flight Modes","inLanguage":"es-ES","isPartOf":{"@id":"https:\/\/www.rucashk.com\/es\/#website"},"breadcrumb":{"@id":"https:\/\/www.rucashk.com\/es\/producto\/xiaomi-fimi-x8-se-rc-quadcopter\/#breadcrumblist"},"author":{"@id":"https:\/\/www.rucashk.com\/es\/author\/admin\/#author"},"creator":{"@id":"https:\/\/www.rucashk.com\/es\/author\/admin\/#author"},"image":{"@type":"ImageObject","url":"https:\/\/www.rucashk.com\/wp-content\/uploads\/2024\/01\/Xiaomi-Fimi-X8-Se-RC-Quadcopter.jpg","@id":"https:\/\/www.rucashk.com\/es\/producto\/xiaomi-fimi-x8-se-rc-quadcopter\/#mainImage","width":800,"height":800},"primaryImageOfPage":{"@id":"https:\/\/www.rucashk.com\/es\/producto\/xiaomi-fimi-x8-se-rc-quadcopter\/#mainImage"},"datePublished":"2024-01-09T15:51:04+00:00","dateModified":"2024-01-21T10:36:04+00:00"},{"@type":"WebSite","@id":"https:\/\/www.rucashk.com\/es\/#website","url":"https:\/\/www.rucashk.com\/es\/","name":"Rucas - Wholesale and distribution worldwide","alternateName":"Rucas - One-stop AIoT Distribution Worldwide","description":"One-stop AIoT Distribution Worldwide","inLanguage":"es-ES","publisher":{"@id":"https:\/\/www.rucashk.com\/es\/#organization"}}]}},"aioseo_meta_data":{"post_id":"23065","title":null,"description":null,"keywords":null,"keyphrases":null,"primary_term":null,"canonical_url":null,"og_title":null,"og_description":null,"og_object_type":"default","og_image_type":"default","og_image_url":null,"og_image_width":null,"og_image_height":null,"og_image_custom_url":null,"og_image_custom_fields":null,"og_video":null,"og_custom_url":null,"og_article_section":null,"og_article_tags":null,"twitter_use_og":false,"twitter_card":"default","twitter_image_type":"default","twitter_image_url":null,"twitter_image_custom_url":null,"twitter_image_custom_fields":null,"twitter_title":null,"twitter_description":null,"schema":{"blockGraphs":[],"customGraphs":[],"default":{"data":{"Article":[],"Course":[],"Dataset":[],"FAQPage":[],"Movie":[],"Person":[],"Product":[],"Recipe":[],"Service":[],"SoftwareApplication":[],"WebPage":[]},"graphName":"","isEnabled":true},"graphs":[]},"schema_type":"default","schema_type_options":null,"pillar_content":false,"robots_default":true,"robots_noindex":false,"robots_noarchive":false,"robots_nosnippet":false,"robots_nofollow":false,"robots_noimageindex":false,"robots_noodp":false,"robots_notranslate":false,"robots_max_snippet":null,"robots_max_videopreview":null,"robots_max_imagepreview":"large","priority":null,"frequency":null,"local_seo":null,"breadcrumb_settings":null,"limit_modified_date":false,"created":"2024-04-11 01:55:26","updated":"2025-06-22 16:57:55"},"aioseo_breadcrumb":"<div class=\"aioseo-breadcrumbs\"><span class=\"aioseo-breadcrumb\">\n\t<a href=\"https:\/\/www.rucashk.com\/es\" title=\"Home\">Home<\/a>\n<\/span><span class=\"aioseo-breadcrumb-separator\">&raquo;<\/span><span class=\"aioseo-breadcrumb\">\n\t<a href=\"https:\/\/www.rucashk.com\/es\/products\/\" title=\"Productos\">Productos<\/a>\n<\/span><span class=\"aioseo-breadcrumb-separator\">&raquo;<\/span><span class=\"aioseo-breadcrumb\">\n\t<a href=\"https:\/\/www.rucashk.com\/es\/categoria-producto\/xiaomi-eco\/\" title=\"Xiaomi Eco\">Xiaomi Eco<\/a>\n<\/span><span class=\"aioseo-breadcrumb-separator\">&raquo;<\/span><span class=\"aioseo-breadcrumb\">\n\t<a href=\"https:\/\/www.rucashk.com\/es\/categoria-producto\/xiaomi-eco\/gadgets\/\" title=\"Gadgets\">Gadgets<\/a>\n<\/span><span class=\"aioseo-breadcrumb-separator\">&raquo;<\/span><span class=\"aioseo-breadcrumb\">\n\tXiaomi\u00a0Fimi X8 Se RC Quadcopter\n<\/span><\/div>","aioseo_breadcrumb_json":[{"label":"Home","link":"https:\/\/www.rucashk.com\/es"},{"label":"Productos","link":"https:\/\/www.rucashk.com\/es\/products\/"},{"label":"Xiaomi Eco","link":"https:\/\/www.rucashk.com\/es\/categoria-producto\/xiaomi-eco\/"},{"label":"Gadgets","link":"https:\/\/www.rucashk.com\/es\/categoria-producto\/xiaomi-eco\/gadgets\/"},{"label":"Xiaomi\u00a0Fimi X8 Se RC Quadcopter","link":"https:\/\/www.rucashk.com\/es\/producto\/xiaomi-fimi-x8-se-rc-quadcopter\/"}],"_links":{"self":[{"href":"https:\/\/www.rucashk.com\/es\/wp-json\/wp\/v2\/product\/23065","targetHints":{"allow":["GET"]}}],"collection":[{"href":"https:\/\/www.rucashk.com\/es\/wp-json\/wp\/v2\/product"}],"about":[{"href":"https:\/\/www.rucashk.com\/es\/wp-json\/wp\/v2\/types\/product"}],"wp:featuredmedia":[{"embeddable":true,"href":"https:\/\/www.rucashk.com\/es\/wp-json\/wp\/v2\/media\/23167"}],"wp:attachment":[{"href":"https:\/\/www.rucashk.com\/es\/wp-json\/wp\/v2\/media?parent=23065"}],"wp:term":[{"taxonomy":"product_brand","embeddable":true,"href":"https:\/\/www.rucashk.com\/es\/wp-json\/wp\/v2\/product_brand?post=23065"},{"taxonomy":"product_cat","embeddable":true,"href":"https:\/\/www.rucashk.com\/es\/wp-json\/wp\/v2\/product_cat?post=23065"},{"taxonomy":"product_tag","embeddable":true,"href":"https:\/\/www.rucashk.com\/es\/wp-json\/wp\/v2\/product_tag?post=23065"}],"curies":[{"name":"wp","href":"https:\/\/api.w.org\/{rel}","templated":true}]}}