{"id":23053,"date":"2024-01-09T15:51:02","date_gmt":"2024-01-09T15:51:02","guid":{"rendered":"http:\/\/rucashk.com\/?post_type=product&#038;p=23053"},"modified":"2024-01-21T10:36:54","modified_gmt":"2024-01-21T10:36:54","slug":"xiaomi-70mai-d06-1s-smart-dash-cam","status":"publish","type":"product","link":"https:\/\/www.rucashk.com\/es\/producto\/xiaomi-70mai-d06-1s-smart-dash-cam\/","title":{"rendered":"C\u00e1mara de salpicadero inteligente Xiaomi 70mai D06 1S"},"content":{"rendered":"<h3 style=\"text-align: left\">C\u00e1mara de tablero inteligente Xiaomi 70mai 1S<\/h3>\n<p style=\"text-align: left\"><img decoding=\"async\" title=\"c\u00e1mara de tablero inteligente xiaomi 70mai 1s\" src=\"https:\/\/www.rucashk.com\/wp-content\/uploads\/2020\/06\/Xiaomi-70mai-Dash-Cam-1S-Car-DVR-1.jpg\" alt=\"xiaomi 70mai smart dash cam 1s\" \/><\/p>\n<p style=\"text-align: left\"><img decoding=\"async\" title=\"comprar xiaomi 70mai c\u00e1mara de tablero inteligente 1s\" src=\"https:\/\/www.rucashk.com\/wp-content\/uploads\/2020\/06\/Xiaomi-70mai-Dash-Cam-1S-Car-DVR-2.jpg\" alt=\"buy xiaomi 70mai smart dash cam 1s\" \/><\/p>\n<p style=\"text-align: left\"><img decoding=\"async\" title=\"C\u00e1mara de tablero inteligente xiaomi 70mai 1s a la venta\" src=\"https:\/\/www.rucashk.com\/wp-content\/uploads\/2020\/06\/Xiaomi-70mai-Dash-Cam-1S-Car-DVR-3.jpg\" alt=\"xiaomi 70mai smart dash cam 1s for sale\" \/><\/p>\n<p style=\"text-align: left\"><img decoding=\"async\" title=\"2019 xiaomi 70mai c\u00e1mara de tablero inteligente 1s\" src=\"https:\/\/www.rucashk.com\/wp-content\/uploads\/2020\/06\/Xiaomi-70mai-Dash-Cam-1S-Car-DVR-4.jpg\" alt=\"2019 xiaomi 70mai smart dash cam 1s\" \/><\/p>\n<p style=\"text-align: left\"><img decoding=\"async\" title=\"nueva c\u00e1mara de tablero inteligente xiaomi 70mai 1s\" src=\"https:\/\/www.rucashk.com\/wp-content\/uploads\/2020\/06\/Xiaomi-70mai-Dash-Cam-1S-Car-DVR-5.jpg\" alt=\"new xiaomi 70mai smart dash cam 1s\" \/><\/p>\n<p style=\"text-align: left\"><img decoding=\"async\" title=\"Barato xiaomi 70mai c\u00e1mara de tablero inteligente 1s\" src=\"https:\/\/www.rucashk.com\/wp-content\/uploads\/2020\/06\/Xiaomi-70mai-Dash-Cam-1S-Car-DVR-6.jpg\" alt=\"cheap xiaomi 70mai smart dash cam 1s\" \/><\/p>\n<p style=\"text-align: left\"><img decoding=\"async\" title=\"Hotsale xiaomi 70mai c\u00e1mara de tablero inteligente 1s\" src=\"https:\/\/www.rucashk.com\/wp-content\/uploads\/2020\/06\/Xiaomi-70mai-Dash-Cam-1S-Car-DVR-7.jpg\" alt=\"hotsale xiaomi 70mai smart dash cam 1s\" \/><\/p>\n<p style=\"text-align: left\"><img decoding=\"async\" title=\"xiaomi 70mai 1s dvr del coche\" src=\"https:\/\/www.rucashk.com\/wp-content\/uploads\/2020\/06\/Xiaomi-70mai-Dash-Cam-1S-Car-DVR-8.jpg\" alt=\"xiaomi 70mai 1s car dvr\" \/><\/p>\n<p style=\"text-align: left\"><img decoding=\"async\" title=\"comprar dvr de coche xiaomi 70mai 1s\" src=\"https:\/\/www.rucashk.com\/wp-content\/uploads\/2020\/06\/Xiaomi-70mai-Dash-Cam-1S-Car-DVR-9.jpg\" alt=\"buy xiaomi 70mai 1s car dvr\" \/><\/p>\n<p style=\"text-align: left\"><img decoding=\"async\" title=\"Se vende dvr para coche xiaomi 70mai 1s\" src=\"https:\/\/www.rucashk.com\/wp-content\/uploads\/2020\/06\/Xiaomi-70mai-Dash-Cam-1S-Car-DVR-10.jpg\" alt=\"xiaomi 70mai 1s car dvr for sale\" \/><\/p>\n<p style=\"text-align: left\"><img decoding=\"async\" title=\"Nuevo xiaomi 70mai 1s dvr para coche\" src=\"https:\/\/www.rucashk.com\/wp-content\/uploads\/2020\/06\/Xiaomi-70mai-Dash-Cam-1S-Car-DVR-11.jpg\" alt=\"new xiaomi 70mai 1s car dvr\" \/><\/p>\n<p style=\"text-align: left\"><img decoding=\"async\" title=\"2019 xiaomi 70mai 1s dvr del coche\" src=\"https:\/\/www.rucashk.com\/wp-content\/uploads\/2020\/06\/Xiaomi-70mai-Dash-Cam-1S-Car-DVR-12.jpg\" alt=\"2019 xiaomi 70mai 1s car dvr\" \/><\/p>\n<p style=\"text-align: left\"><img decoding=\"async\" title=\"c\u00e1mara del tablero xiaomi 70mai 1s\" src=\"https:\/\/www.rucashk.com\/wp-content\/uploads\/2020\/06\/Xiaomi-70mai-Dash-Cam-1S-Car-DVR-13.jpg\" alt=\"xiaomi 70mai 1s dash camera\" \/><\/p>\n<h3 style=\"text-align: left\">Descripci\u00f3n del Producto<\/h3>\n<p style=\"text-align: left\">\u25cf Idioma: ingl\u00e9s\/ruso\/japon\u00e9s\/coreano<\/p>\n<p style=\"text-align: left\">\u25cf <a class=\"\" style=\"width: auto !important\" href=\"https:\/\/www.rucashk.com\/es\/producto\/funsnap-idol-fpv-rc-drone-4k-gps-quadrupter-professional-camera-hd-1080p\/\" data-wpil-post-to-id=\"2802\">1080P 30 FPS Full HD<\/a><\/p>\n<p style=\"text-align: left\">\u25cf Apertura: F2.2<\/p>\n<p style=\"text-align: left\">\u25cf Lente SONY IMX307. <a class=\"\" style=\"width: auto !important\" href=\"https:\/\/www.rucashk.com\/es\/sony-and-microsoft-will-introduce-new-sensors-into-artificial-intelligence-technology\/\" data-wpil-post-to-id=\"8401\">Sensor de imagen de alta sensibilidad Sony IMX307<\/a><\/p>\n<p style=\"text-align: left\">\u25cf \u00c1ngel de visi\u00f3n amplia de 130 grados<\/p>\n<p style=\"text-align: left\">\u25cf Sensor G incorporado para grabaci\u00f3n autom\u00e1tica de emergencia<\/p>\n<p style=\"text-align: left\">\u25cf Control de la aplicaci\u00f3n m\u00f3vil 70mai (Andriod 6.0 superior\/iOS)<\/p>\n<p style=\"text-align: left\">\u25cf Conexi\u00f3n WiFi gratuita compatible con reproducci\u00f3n y descarga de videos<\/p>\n<p style=\"text-align: left\">\u25cf Cable de carga micro de 3,5 m de longitud<\/p>\n<p style=\"text-align: left\">\u25cf Ingrese autom\u00e1ticamente al estado de monitoreo de estacionamiento despu\u00e9s de estacionar. Nota: Active esta funci\u00f3n y \u00fasela con la l\u00ednea de monitoreo de estacionamiento.<\/p>\n<p style=\"text-align: left\">\u25cf Grabaci\u00f3n de v\u00eddeo time-lapse de 1 segundo y 1 fotograma. Nota: Active esta funci\u00f3n y \u00fasela con la l\u00ednea de monitoreo de estacionamiento.<\/p>\n<h3 style=\"text-align: left\">Especificaciones del producto<\/h3>\n<table class=\"alignleft\" border=\"0\">\n<tbody>\n<tr>\n<td>General<\/td>\n<td>Marca:\u00a0<a href=\"https:\/\/gearvita.com\/xiaomi\/70mai\">Xiaomi 70mai<\/a><\/p>\n<p>Modelo: versi\u00f3n actualizada 70mai 1S, Midrive D06<\/p>\n<p>Tipo: <a class=\"\" style=\"width: auto !important\" href=\"https:\/\/www.rucashk.com\/es\/producto\/xiaomi-70mai-1s-car-dvr-dash-cam-1080p-hd-wholesale\/\" data-wpil-post-to-id=\"3089\">DVR para coche<\/a><\/p>\n<p>CPU: MSC8336D<\/p>\n<p>Bater\u00eda: 240 mAh<\/p>\n<p>Idioma: ingl\u00e9s\/ruso\/japon\u00e9s\/coreano<\/p>\n<p>Admite conexi\u00f3n WiFi: S\u00ed<\/td>\n<\/tr>\n<tr>\n<td>Detalles<\/td>\n<td>\u00c1ngel de visi\u00f3n: \u00e1ngel de visi\u00f3n amplia de 130 grados<\/p>\n<p>Sensor de imagen: SONY IMX307<\/p>\n<p>Resoluci\u00f3n: 1080p<\/p>\n<p>Velocidad de fotogramas: 30 FPS<\/p>\n<p>Apertura: F2.2<\/p>\n<p>Campo de visi\u00f3n: 130<\/td>\n<\/tr>\n<\/tbody>\n<\/table>\n<h3 style=\"text-align: left\">contenidos del paquete<\/h3>\n<p style=\"text-align: left\">1 Xiaomi <a class=\"\" style=\"width: auto !important\" href=\"https:\/\/www.rucashk.com\/es\/producto\/mi-70mai-smart-dash-cam-1s\/\" data-wpil-post-to-id=\"4687\">70mai c\u00e1mara de tablero inteligente 1S<\/a> Versi\u00f3n de actualizaci\u00f3n<\/p>\n<p style=\"text-align: left\">1X <a class=\"\" style=\"width: auto !important\" href=\"https:\/\/www.rucashk.com\/es\/producto\/mi-braided-usb-type-c-cable-black\/\" data-wpil-post-to-id=\"15553\">Cable USB<\/a><\/p>\n<p style=\"text-align: left\">1X <a class=\"\" style=\"width: auto !important\" href=\"https:\/\/www.rucashk.com\/es\/producto\/70mai-wireless-car-charger-mount\/\" data-wpil-post-to-id=\"2507\">Cargador de coche<\/a><\/p>\n<p style=\"text-align: left\">1 manual de usuario.<\/p>\n<h3 style=\"text-align: left\">Detalles del paquete<\/h3>\n<p style=\"text-align: left\">Peso del paquete: 0,33 kg<\/p>\n<p style=\"text-align: left\">Tama\u00f1o del paquete: 17,5*9,5*11,5 cm<\/p>","protected":false},"excerpt":{"rendered":"<p><b>Caracter\u00edsticas:<\/b><br \/>\n<b>1080P Full HD, gran angular de 130\u00b0:<\/b><br \/>\nEquipado con un nuevo sensor IMX 307 actualizado, apertura F2.2, gran angular de 130\u00b0, registra cada detalle, ya sea de d\u00eda o de noche.<br \/>\n<b>Visi\u00f3n nocturna de Starvis:<\/b><br \/>\nAdopta la tecnolog\u00eda de visi\u00f3n nocturna STARVIS que brinda un efecto de disparo excepcional en condiciones de poca iluminaci\u00f3n durante la noche.<br \/>\n<b>Monitoreo en tiempo real de la aplicaci\u00f3n:<\/b><br \/>\nConect\u00f3 la APP con Wi-Fi para ver las fotos y comprobar los v\u00eddeos grabados.<br \/>\n<b>Monitor de estacionamiento las 24 horas:<\/b><br \/>\nEn el modo de monitoreo de estacionamiento, la 1S Dash Cam graba video autom\u00e1ticamente cuando detecta la vibraci\u00f3n del autom\u00f3vil.<\/p>","protected":false},"featured_media":23121,"template":"","meta":[],"product_brand":[],"product_cat":[1289,1288],"product_tag":[649],"class_list":{"0":"post-23053","1":"product","2":"type-product","3":"status-publish","4":"has-post-thumbnail","6":"product_cat-dash-camera","7":"product_cat-e-vehicle-accessories","8":"product_tag-camera","10":"first","11":"instock","12":"shipping-taxable","13":"product-type-external"},"aioseo_notices":[],"aioseo_head":"\n\t\t<!-- All in One SEO Pro 4.5.9.2 - aioseo.com -->\n\t\t<meta name=\"description\" content=\"Features: 1080P Full HD, 130\u00b0 Wide Angle: Equipped with all-new upgraded IMX 307 sensor, F2.2 Aperture, 130\u00b0wide angle, record every detail whether day or night. Starvis Night Vision: Adopts STARVIS night vision technology bringing outstanding shooting effect on the low illumination at night. APP Real-time Monitoring: Connected the APP with Wi-Fi to view the photos and check the recorded videos. 24Hrs Parking Monitor: In the parking monitoring mode, the 1S Dash Cam automatically records video when detecting the car\u2019s vibration.\" \/>\n\t\t<meta name=\"robots\" content=\"max-image-preview:large\" \/>\n\t\t<link rel=\"canonical\" href=\"https:\/\/www.rucashk.com\/es\/producto\/xiaomi-70mai-d06-1s-smart-dash-cam\/\" \/>\n\t\t<meta name=\"generator\" content=\"All in One SEO Pro (AIOSEO) 4.5.9.2\" \/>\n\t\t<meta property=\"og:locale\" content=\"es_ES\" \/>\n\t\t<meta property=\"og:site_name\" content=\"Rucas - One-stop AIoT Distribution Worldwide\" \/>\n\t\t<meta property=\"og:type\" content=\"article\" \/>\n\t\t<meta property=\"og:title\" content=\"Xiaomi 70mai D06 1S Smart Dash Cam - Rucas - Wholesale and Distribution\" \/>\n\t\t<meta property=\"og:description\" content=\"Features: 1080P Full HD, 130\u00b0 Wide Angle: Equipped with all-new upgraded IMX 307 sensor, F2.2 Aperture, 130\u00b0wide angle, record every detail whether day or night. Starvis Night Vision: Adopts STARVIS night vision technology bringing outstanding shooting effect on the low illumination at night. APP Real-time Monitoring: Connected the APP with Wi-Fi to view the photos and check the recorded videos. 24Hrs Parking Monitor: In the parking monitoring mode, the 1S Dash Cam automatically records video when detecting the car\u2019s vibration.\" \/>\n\t\t<meta property=\"og:url\" content=\"https:\/\/www.rucashk.com\/es\/producto\/xiaomi-70mai-d06-1s-smart-dash-cam\/\" \/>\n\t\t<meta property=\"og:image\" content=\"https:\/\/www.rucashk.com\/wp-content\/uploads\/replace\/503b8e645f128a97ccde2b6290747646.jpeg\" \/>\n\t\t<meta property=\"og:image:secure_url\" content=\"https:\/\/www.rucashk.com\/wp-content\/uploads\/replace\/503b8e645f128a97ccde2b6290747646.jpeg\" \/>\n\t\t<meta property=\"og:image:width\" content=\"1456\" \/>\n\t\t<meta property=\"og:image:height\" content=\"816\" \/>\n\t\t<meta property=\"article:published_time\" content=\"2024-01-09T15:51:02+00:00\" \/>\n\t\t<meta property=\"article:modified_time\" content=\"2024-01-21T10:36:54+00:00\" \/>\n\t\t<meta name=\"twitter:card\" content=\"summary_large_image\" \/>\n\t\t<meta name=\"twitter:title\" content=\"Xiaomi 70mai D06 1S Smart Dash Cam - Rucas - Wholesale and Distribution\" \/>\n\t\t<meta name=\"twitter:description\" content=\"Features: 1080P Full HD, 130\u00b0 Wide Angle: Equipped with all-new upgraded IMX 307 sensor, F2.2 Aperture, 130\u00b0wide angle, record every detail whether day or night. Starvis Night Vision: Adopts STARVIS night vision technology bringing outstanding shooting effect on the low illumination at night. APP Real-time Monitoring: Connected the APP with Wi-Fi to view the photos and check the recorded videos. 24Hrs Parking Monitor: In the parking monitoring mode, the 1S Dash Cam automatically records video when detecting the car\u2019s vibration.\" \/>\n\t\t<meta name=\"twitter:image\" content=\"https:\/\/www.rucashk.com\/wp-content\/uploads\/replace\/503b8e645f128a97ccde2b6290747646.jpeg\" \/>\n\t\t<script type=\"application\/ld+json\" class=\"aioseo-schema\">\n\t\t\t{\"@context\":\"https:\\\/\\\/schema.org\",\"@graph\":[{\"@type\":\"BreadcrumbList\",\"@id\":\"https:\\\/\\\/www.rucashk.com\\\/es\\\/producto\\\/xiaomi-70mai-d06-1s-smart-dash-cam\\\/#breadcrumblist\",\"itemListElement\":[{\"@type\":\"ListItem\",\"@id\":\"https:\\\/\\\/www.rucashk.com\\\/es\\\/#listItem\",\"position\":1,\"name\":\"Home\",\"item\":\"https:\\\/\\\/www.rucashk.com\\\/es\\\/\",\"nextItem\":\"https:\\\/\\\/www.rucashk.com\\\/es\\\/producto\\\/xiaomi-70mai-d06-1s-smart-dash-cam\\\/#listItem\"},{\"@type\":\"ListItem\",\"@id\":\"https:\\\/\\\/www.rucashk.com\\\/es\\\/producto\\\/xiaomi-70mai-d06-1s-smart-dash-cam\\\/#listItem\",\"position\":2,\"name\":\"Xiaomi 70mai D06 1S Smart Dash Cam\",\"previousItem\":\"https:\\\/\\\/www.rucashk.com\\\/es\\\/#listItem\"}]},{\"@type\":\"Organization\",\"@id\":\"https:\\\/\\\/www.rucashk.com\\\/es\\\/#organization\",\"name\":\"Rucas\",\"url\":\"https:\\\/\\\/www.rucashk.com\\\/es\\\/\",\"logo\":{\"@type\":\"ImageObject\",\"url\":\"https:\\\/\\\/www.rucashk.com\\\/wp-content\\\/uploads\\\/2023\\\/12\\\/Rucas_campany_logo.png\",\"@id\":\"https:\\\/\\\/www.rucashk.com\\\/es\\\/producto\\\/xiaomi-70mai-d06-1s-smart-dash-cam\\\/#organizationLogo\",\"width\":221,\"height\":65},\"image\":{\"@id\":\"https:\\\/\\\/www.rucashk.com\\\/es\\\/#organizationLogo\"}},{\"@type\":\"Person\",\"@id\":\"https:\\\/\\\/www.rucashk.com\\\/es\\\/author\\\/admin\\\/#author\",\"url\":\"https:\\\/\\\/www.rucashk.com\\\/es\\\/author\\\/admin\\\/\",\"name\":\"admin\",\"image\":{\"@type\":\"ImageObject\",\"@id\":\"https:\\\/\\\/www.rucashk.com\\\/es\\\/producto\\\/xiaomi-70mai-d06-1s-smart-dash-cam\\\/#authorImage\",\"url\":\"https:\\\/\\\/secure.gravatar.com\\\/avatar\\\/b7c8925b09a27e72b30232f8ecaadbd5af0f70a38c78096863fe51b64f031c24?s=96&d=mm&r=g\",\"width\":96,\"height\":96,\"caption\":\"admin\"}},{\"@type\":\"WebPage\",\"@id\":\"https:\\\/\\\/www.rucashk.com\\\/es\\\/producto\\\/xiaomi-70mai-d06-1s-smart-dash-cam\\\/#webpage\",\"url\":\"https:\\\/\\\/www.rucashk.com\\\/es\\\/producto\\\/xiaomi-70mai-d06-1s-smart-dash-cam\\\/\",\"name\":\"Xiaomi 70mai D06 1S Smart Dash Cam - Rucas - Wholesale and Distribution\",\"description\":\"Features: 1080P Full HD, 130\\u00b0 Wide Angle: Equipped with all-new upgraded IMX 307 sensor, F2.2 Aperture, 130\\u00b0wide angle, record every detail whether day or night. Starvis Night Vision: Adopts STARVIS night vision technology bringing outstanding shooting effect on the low illumination at night. APP Real-time Monitoring: Connected the APP with Wi-Fi to view the photos and check the recorded videos. 24Hrs Parking Monitor: In the parking monitoring mode, the 1S Dash Cam automatically records video when detecting the car\\u2019s vibration.\",\"inLanguage\":\"es-ES\",\"isPartOf\":{\"@id\":\"https:\\\/\\\/www.rucashk.com\\\/es\\\/#website\"},\"breadcrumb\":{\"@id\":\"https:\\\/\\\/www.rucashk.com\\\/es\\\/producto\\\/xiaomi-70mai-d06-1s-smart-dash-cam\\\/#breadcrumblist\"},\"author\":{\"@id\":\"https:\\\/\\\/www.rucashk.com\\\/es\\\/author\\\/admin\\\/#author\"},\"creator\":{\"@id\":\"https:\\\/\\\/www.rucashk.com\\\/es\\\/author\\\/admin\\\/#author\"},\"image\":{\"@type\":\"ImageObject\",\"url\":\"https:\\\/\\\/www.rucashk.com\\\/wp-content\\\/uploads\\\/2024\\\/01\\\/Xiaomi-Imilab-A1-Camera-1.jpg\",\"@id\":\"https:\\\/\\\/www.rucashk.com\\\/es\\\/producto\\\/xiaomi-70mai-d06-1s-smart-dash-cam\\\/#mainImage\",\"width\":800,\"height\":800},\"primaryImageOfPage\":{\"@id\":\"https:\\\/\\\/www.rucashk.com\\\/es\\\/producto\\\/xiaomi-70mai-d06-1s-smart-dash-cam\\\/#mainImage\"},\"datePublished\":\"2024-01-09T15:51:02+00:00\",\"dateModified\":\"2024-01-21T10:36:54+00:00\"},{\"@type\":\"WebSite\",\"@id\":\"https:\\\/\\\/www.rucashk.com\\\/es\\\/#website\",\"url\":\"https:\\\/\\\/www.rucashk.com\\\/es\\\/\",\"name\":\"Rucas - Wholesale and distribution worldwide\",\"alternateName\":\"Rucas - One-stop AIoT Distribution Worldwide\",\"description\":\"One-stop AIoT Distribution Worldwide\",\"inLanguage\":\"es-ES\",\"publisher\":{\"@id\":\"https:\\\/\\\/www.rucashk.com\\\/es\\\/#organization\"}}]}\n\t\t<\/script>\n\t\t<!-- All in One SEO Pro -->\r\n\t\t<title>Xiaomi 70mai D06 1S Smart Dash Cam - Rucas - Wholesale and Distribution<\/title>\n\n","aioseo_head_json":{"title":"Xiaomi 70mai D06 1S Smart Dash Cam - Rucas - Wholesale and Distribution","description":"Features: 1080P Full HD, 130\u00b0 Wide Angle: Equipped with all-new upgraded IMX 307 sensor, F2.2 Aperture, 130\u00b0wide angle, record every detail whether day or night. Starvis Night Vision: Adopts STARVIS night vision technology bringing outstanding shooting effect on the low illumination at night. APP Real-time Monitoring: Connected the APP with Wi-Fi to view the photos and check the recorded videos. 24Hrs Parking Monitor: In the parking monitoring mode, the 1S Dash Cam automatically records video when detecting the car\u2019s vibration.","canonical_url":"https:\/\/www.rucashk.com\/es\/producto\/xiaomi-70mai-d06-1s-smart-dash-cam\/","robots":"max-image-preview:large","keywords":"","webmasterTools":{"miscellaneous":""},"og:locale":"es_ES","og:site_name":"Rucas - One-stop AIoT Distribution Worldwide","og:type":"article","og:title":"Xiaomi 70mai D06 1S Smart Dash Cam - Rucas - Wholesale and Distribution","og:description":"Features: 1080P Full HD, 130\u00b0 Wide Angle: Equipped with all-new upgraded IMX 307 sensor, F2.2 Aperture, 130\u00b0wide angle, record every detail whether day or night. Starvis Night Vision: Adopts STARVIS night vision technology bringing outstanding shooting effect on the low illumination at night. APP Real-time Monitoring: Connected the APP with Wi-Fi to view the photos and check the recorded videos. 24Hrs Parking Monitor: In the parking monitoring mode, the 1S Dash Cam automatically records video when detecting the car\u2019s vibration.","og:url":"https:\/\/www.rucashk.com\/es\/producto\/xiaomi-70mai-d06-1s-smart-dash-cam\/","og:image":"https:\/\/www.rucashk.com\/wp-content\/uploads\/replace\/503b8e645f128a97ccde2b6290747646.jpeg","og:image:secure_url":"https:\/\/www.rucashk.com\/wp-content\/uploads\/replace\/503b8e645f128a97ccde2b6290747646.jpeg","og:image:width":1456,"og:image:height":816,"article:published_time":"2024-01-09T15:51:02+00:00","article:modified_time":"2024-01-21T10:36:54+00:00","twitter:card":"summary_large_image","twitter:title":"Xiaomi 70mai D06 1S Smart Dash Cam - Rucas - Wholesale and Distribution","twitter:description":"Features: 1080P Full HD, 130\u00b0 Wide Angle: Equipped with all-new upgraded IMX 307 sensor, F2.2 Aperture, 130\u00b0wide angle, record every detail whether day or night. Starvis Night Vision: Adopts STARVIS night vision technology bringing outstanding shooting effect on the low illumination at night. APP Real-time Monitoring: Connected the APP with Wi-Fi to view the photos and check the recorded videos. 24Hrs Parking Monitor: In the parking monitoring mode, the 1S Dash Cam automatically records video when detecting the car\u2019s vibration.","twitter:image":"https:\/\/www.rucashk.com\/wp-content\/uploads\/replace\/503b8e645f128a97ccde2b6290747646.jpeg","schema":{"@context":"https:\/\/schema.org","@graph":[{"@type":"BreadcrumbList","@id":"https:\/\/www.rucashk.com\/es\/producto\/xiaomi-70mai-d06-1s-smart-dash-cam\/#breadcrumblist","itemListElement":[{"@type":"ListItem","@id":"https:\/\/www.rucashk.com\/es\/#listItem","position":1,"name":"Home","item":"https:\/\/www.rucashk.com\/es\/","nextItem":"https:\/\/www.rucashk.com\/es\/producto\/xiaomi-70mai-d06-1s-smart-dash-cam\/#listItem"},{"@type":"ListItem","@id":"https:\/\/www.rucashk.com\/es\/producto\/xiaomi-70mai-d06-1s-smart-dash-cam\/#listItem","position":2,"name":"Xiaomi 70mai D06 1S Smart Dash Cam","previousItem":"https:\/\/www.rucashk.com\/es\/#listItem"}]},{"@type":"Organization","@id":"https:\/\/www.rucashk.com\/es\/#organization","name":"Rucas","url":"https:\/\/www.rucashk.com\/es\/","logo":{"@type":"ImageObject","url":"https:\/\/www.rucashk.com\/wp-content\/uploads\/2023\/12\/Rucas_campany_logo.png","@id":"https:\/\/www.rucashk.com\/es\/producto\/xiaomi-70mai-d06-1s-smart-dash-cam\/#organizationLogo","width":221,"height":65},"image":{"@id":"https:\/\/www.rucashk.com\/es\/#organizationLogo"}},{"@type":"Person","@id":"https:\/\/www.rucashk.com\/es\/author\/admin\/#author","url":"https:\/\/www.rucashk.com\/es\/author\/admin\/","name":"admin","image":{"@type":"ImageObject","@id":"https:\/\/www.rucashk.com\/es\/producto\/xiaomi-70mai-d06-1s-smart-dash-cam\/#authorImage","url":"https:\/\/secure.gravatar.com\/avatar\/b7c8925b09a27e72b30232f8ecaadbd5af0f70a38c78096863fe51b64f031c24?s=96&d=mm&r=g","width":96,"height":96,"caption":"admin"}},{"@type":"WebPage","@id":"https:\/\/www.rucashk.com\/es\/producto\/xiaomi-70mai-d06-1s-smart-dash-cam\/#webpage","url":"https:\/\/www.rucashk.com\/es\/producto\/xiaomi-70mai-d06-1s-smart-dash-cam\/","name":"Xiaomi 70mai D06 1S Smart Dash Cam - Rucas - Wholesale and Distribution","description":"Features: 1080P Full HD, 130\u00b0 Wide Angle: Equipped with all-new upgraded IMX 307 sensor, F2.2 Aperture, 130\u00b0wide angle, record every detail whether day or night. Starvis Night Vision: Adopts STARVIS night vision technology bringing outstanding shooting effect on the low illumination at night. APP Real-time Monitoring: Connected the APP with Wi-Fi to view the photos and check the recorded videos. 24Hrs Parking Monitor: In the parking monitoring mode, the 1S Dash Cam automatically records video when detecting the car\u2019s vibration.","inLanguage":"es-ES","isPartOf":{"@id":"https:\/\/www.rucashk.com\/es\/#website"},"breadcrumb":{"@id":"https:\/\/www.rucashk.com\/es\/producto\/xiaomi-70mai-d06-1s-smart-dash-cam\/#breadcrumblist"},"author":{"@id":"https:\/\/www.rucashk.com\/es\/author\/admin\/#author"},"creator":{"@id":"https:\/\/www.rucashk.com\/es\/author\/admin\/#author"},"image":{"@type":"ImageObject","url":"https:\/\/www.rucashk.com\/wp-content\/uploads\/2024\/01\/Xiaomi-Imilab-A1-Camera-1.jpg","@id":"https:\/\/www.rucashk.com\/es\/producto\/xiaomi-70mai-d06-1s-smart-dash-cam\/#mainImage","width":800,"height":800},"primaryImageOfPage":{"@id":"https:\/\/www.rucashk.com\/es\/producto\/xiaomi-70mai-d06-1s-smart-dash-cam\/#mainImage"},"datePublished":"2024-01-09T15:51:02+00:00","dateModified":"2024-01-21T10:36:54+00:00"},{"@type":"WebSite","@id":"https:\/\/www.rucashk.com\/es\/#website","url":"https:\/\/www.rucashk.com\/es\/","name":"Rucas - Wholesale and distribution worldwide","alternateName":"Rucas - One-stop AIoT Distribution Worldwide","description":"One-stop AIoT Distribution Worldwide","inLanguage":"es-ES","publisher":{"@id":"https:\/\/www.rucashk.com\/es\/#organization"}}]}},"aioseo_meta_data":{"post_id":"23053","title":null,"description":null,"keywords":null,"keyphrases":null,"primary_term":null,"canonical_url":null,"og_title":null,"og_description":null,"og_object_type":"default","og_image_type":"default","og_image_url":null,"og_image_width":null,"og_image_height":null,"og_image_custom_url":null,"og_image_custom_fields":null,"og_video":null,"og_custom_url":null,"og_article_section":null,"og_article_tags":null,"twitter_use_og":false,"twitter_card":"default","twitter_image_type":"default","twitter_image_url":null,"twitter_image_custom_url":null,"twitter_image_custom_fields":null,"twitter_title":null,"twitter_description":null,"schema":{"blockGraphs":[],"customGraphs":[],"default":{"data":{"Article":[],"Course":[],"Dataset":[],"FAQPage":[],"Movie":[],"Person":[],"Product":[],"Recipe":[],"Service":[],"SoftwareApplication":[],"WebPage":[]},"graphName":"","isEnabled":true},"graphs":[]},"schema_type":"default","schema_type_options":null,"pillar_content":false,"robots_default":true,"robots_noindex":false,"robots_noarchive":false,"robots_nosnippet":false,"robots_nofollow":false,"robots_noimageindex":false,"robots_noodp":false,"robots_notranslate":false,"robots_max_snippet":null,"robots_max_videopreview":null,"robots_max_imagepreview":"large","priority":null,"frequency":null,"local_seo":null,"breadcrumb_settings":null,"limit_modified_date":false,"created":"2024-04-11 01:55:26","updated":"2025-06-22 16:56:27"},"aioseo_breadcrumb":"<div class=\"aioseo-breadcrumbs\"><span class=\"aioseo-breadcrumb\">\n\t<a href=\"https:\/\/www.rucashk.com\/es\" title=\"Home\">Home<\/a>\n<\/span><span class=\"aioseo-breadcrumb-separator\">&raquo;<\/span><span class=\"aioseo-breadcrumb\">\n\t<a href=\"https:\/\/www.rucashk.com\/es\/products\/\" title=\"Productos\">Productos<\/a>\n<\/span><span class=\"aioseo-breadcrumb-separator\">&raquo;<\/span><span class=\"aioseo-breadcrumb\">\n\t<a href=\"https:\/\/www.rucashk.com\/es\/categoria-producto\/e-vehicle-accessories\/\" title=\"E-Vehicle Accessories\">E-Vehicle Accessories<\/a>\n<\/span><span class=\"aioseo-breadcrumb-separator\">&raquo;<\/span><span class=\"aioseo-breadcrumb\">\n\t<a href=\"https:\/\/www.rucashk.com\/es\/categoria-producto\/e-vehicle-accessories\/dash-camera\/\" title=\"Dash Camera\">Dash Camera<\/a>\n<\/span><span class=\"aioseo-breadcrumb-separator\">&raquo;<\/span><span class=\"aioseo-breadcrumb\">\n\tXiaomi 70mai D06 1S Smart Dash Cam\n<\/span><\/div>","aioseo_breadcrumb_json":[{"label":"Home","link":"https:\/\/www.rucashk.com\/es"},{"label":"Productos","link":"https:\/\/www.rucashk.com\/es\/products\/"},{"label":"E-Vehicle Accessories","link":"https:\/\/www.rucashk.com\/es\/categoria-producto\/e-vehicle-accessories\/"},{"label":"Dash Camera","link":"https:\/\/www.rucashk.com\/es\/categoria-producto\/e-vehicle-accessories\/dash-camera\/"},{"label":"Xiaomi 70mai D06 1S Smart Dash Cam","link":"https:\/\/www.rucashk.com\/es\/producto\/xiaomi-70mai-d06-1s-smart-dash-cam\/"}],"_links":{"self":[{"href":"https:\/\/www.rucashk.com\/es\/wp-json\/wp\/v2\/product\/23053","targetHints":{"allow":["GET"]}}],"collection":[{"href":"https:\/\/www.rucashk.com\/es\/wp-json\/wp\/v2\/product"}],"about":[{"href":"https:\/\/www.rucashk.com\/es\/wp-json\/wp\/v2\/types\/product"}],"wp:featuredmedia":[{"embeddable":true,"href":"https:\/\/www.rucashk.com\/es\/wp-json\/wp\/v2\/media\/23121"}],"wp:attachment":[{"href":"https:\/\/www.rucashk.com\/es\/wp-json\/wp\/v2\/media?parent=23053"}],"wp:term":[{"taxonomy":"product_brand","embeddable":true,"href":"https:\/\/www.rucashk.com\/es\/wp-json\/wp\/v2\/product_brand?post=23053"},{"taxonomy":"product_cat","embeddable":true,"href":"https:\/\/www.rucashk.com\/es\/wp-json\/wp\/v2\/product_cat?post=23053"},{"taxonomy":"product_tag","embeddable":true,"href":"https:\/\/www.rucashk.com\/es\/wp-json\/wp\/v2\/product_tag?post=23053"}],"curies":[{"name":"wp","href":"https:\/\/api.w.org\/{rel}","templated":true}]}}