{"id":23017,"date":"2024-01-09T15:50:41","date_gmt":"2024-01-09T15:50:41","guid":{"rendered":"http:\/\/rucashk.com\/?post_type=product&#038;p=23017"},"modified":"2024-03-13T07:39:39","modified_gmt":"2024-03-13T07:39:39","slug":"soocas-x3-electric-toothbrush","status":"publish","type":"product","link":"https:\/\/www.rucashk.com\/es\/producto\/soocas-x3-electric-toothbrush\/","title":{"rendered":"Cepillo de dientes el\u00e9ctrico Soocas X3"},"content":{"rendered":"<h3 style=\"text-align: center\">Cepillo de dientes el\u00e9ctrico Soocas X3<img alt=\"Soocas\u00a0X3 Electric Toothbrush\" \/><\/h3>\n<p><img fetchpriority=\"high\" decoding=\"async\" class=\"aligncenter wp-image-15045 size-full\" src=\"\/wp-content\/uploads\/replace\/6a397de4a3f05b18b9dc49c9a650d9db.jpeg\" alt=\"Soocas\u00a0X3 Electric Toothbrush\" width=\"960\" height=\"1080\" \/><img decoding=\"async\" class=\"aligncenter wp-image-15046 size-full\" src=\"\/wp-content\/uploads\/replace\/94a33d07d8ac99315165e377889b309d.png\" alt=\"Soocas\u00a0X3 Electric Toothbrush\" width=\"960\" height=\"1045\" \/><img decoding=\"async\" class=\"aligncenter wp-image-15047 size-full\" src=\"\/wp-content\/uploads\/replace\/09ed3983826b54389b676c30dbb72c00.jpeg\" alt=\"Soocas\u00a0X3 Electric Toothbrush\" width=\"960\" height=\"1305\" \/><img loading=\"lazy\" decoding=\"async\" class=\"aligncenter wp-image-15048 size-full\" src=\"\/wp-content\/uploads\/replace\/731cbf02ba6ccff4018f3f7e40dec3d7.jpeg\" alt=\"Soocas\u00a0X3 Electric Toothbrush\" width=\"960\" height=\"1480\" \/><img loading=\"lazy\" decoding=\"async\" class=\"aligncenter wp-image-15049 size-full\" src=\"\/wp-content\/uploads\/replace\/bf8ebf9e94f501eca27bfcb8e4bdf6bd.jpeg\" alt=\"Soocas\u00a0X3 Electric Toothbrush\" width=\"900\" height=\"378\" \/><img loading=\"lazy\" decoding=\"async\" class=\"aligncenter wp-image-15051 size-full\" src=\"\/wp-content\/uploads\/replace\/18b51fd9b949e10cc0b4a867f8d294f3.jpeg\" alt=\"Soocas\u00a0X3 Electric Toothbrush\" width=\"900\" height=\"401\" \/><img loading=\"lazy\" decoding=\"async\" class=\"aligncenter wp-image-15050 size-full\" src=\"\/wp-content\/uploads\/replace\/b2711abf91d5680012f3251235ed4d43.jpeg\" alt=\"Soocas\u00a0X3 Electric Toothbrush\" width=\"960\" height=\"848\" \/><img loading=\"lazy\" decoding=\"async\" class=\"aligncenter wp-image-15052 size-full\" src=\"\/wp-content\/uploads\/replace\/afa24257889eb97318b856815071fba5.jpeg\" alt=\"Soocas\u00a0X3 Electric Toothbrush\" width=\"960\" height=\"1124\" \/><\/p>\n<h3 class=\"a-spacing-mini\">Cepillo de dientes el\u00e9ctrico s\u00f3nico SOOCAS<\/h3>\n<h4 class=\"a-spacing-mini a-color-secondary a-text-italic\">Disfruta tu sonrisa, disfruta tu vida.<\/h4>\n<ul class=\"a-unordered-list a-vertical\">\n<li><span class=\"a-list-item\"><a class=\"\" style=\"width: auto !important\" href=\"https:\/\/www.rucashk.com\/es\/producto\/soocas-so-white-pinjing-ex3-sonic-electric-toothbrush\/\" data-wpil-post-to-id=\"9362\">Cepillo de dientes el\u00e9ctrico s\u00f3nico SOOCAS X3<\/a> Es una innovaci\u00f3n en el campo de los cepillos de dientes el\u00e9ctricos y tiene muchas patentes. El dise\u00f1o de apariencia ha obtenido el premio IF alem\u00e1n.<\/span><\/li>\n<li><span class=\"a-list-item\">Tres colores: blanco, negro, rosa.<\/span><\/li>\n<li><span class=\"a-list-item\">En comparaci\u00f3n con otros productos similares, SOOCAS X3 es m\u00e1s f\u00e1cil de desmontar y montar y permite una funcionalidad personalizada.<\/span><\/li>\n<li><span class=\"a-list-item\"><span class=\"a-size-base a-color-secondary\">Tecnolog\u00eda s\u00f3nica: gran potencia con 37200 golpes\/min<\/span><\/span><\/li>\n<li><span class=\"a-list-item\"><span class=\"a-size-base a-color-secondary\">Personalizaci\u00f3n del cepillado: 4 modos de limpieza<\/span><\/span><\/li>\n<li><span class=\"a-list-item\"><span class=\"a-size-base a-color-secondary\">Conveniente: <a href=\"https:\/\/www.rucashk.com\/es\/producto\/xiaomi-redmi-power-bank-20000mah-qc3-0-usb-type-c-portable-charging\/\" class=\"\" style=\"width: auto !important\" data-wpil-post-to-id=\"2685\">carga USB port\u00e1til<\/a> y totalmente lavable<\/span><\/span><\/li>\n<li><span class=\"a-list-item\"><span class=\"a-size-base a-color-secondary\">Aplicaci\u00f3n Bluetooth inteligente: registra tus tiempos de cepillado y genera informes por semana, mes, trimestre, forma h\u00e1bitos de cepillado correctos.<\/span><\/span><\/li>\n<\/ul>\n<div class=\"amp-centerthirdcol-listbox\">\n<div class=\"a-box a-spacing-small a-color-alternate-background apm-listbox amp-centerthirdcol-listbox\">\n<div class=\"a-box-inner\"><\/div>\n<\/div>\n<\/div>","protected":false},"excerpt":{"rendered":"<p><strong>Especificaciones:<\/strong><\/p>\n<ul class=\"product-specs-list util-clearfix\" data-spm-anchor-id=\"a2g0o.detail.0.i7.a2be65e6fHumnZ\">\n<li class=\"product-prop line-limit-length\"><span class=\"property-title\">Nombre de la marca:\u00a0<\/span><span class=\"property-desc line-limit-length\" title=\"Xiaomi\" data-spm-anchor-id=\"a2g0o.detail.0.i8.a2be65e6fHumnZ\">Xiaomi<\/span><\/li>\n<li class=\"product-prop line-limit-length\"><span class=\"property-title\">Certificaci\u00f3n de calidad de los productos b\u00e1sicos:\u00a0<\/span><span class=\"property-desc line-limit-length\" title=\"3C\">3C<\/span><\/li>\n<li class=\"product-prop line-limit-length\"><span class=\"property-title\">Certificaci\u00f3n de calidad de los productos b\u00e1sicos:\u00a0<\/span><span class=\"property-desc line-limit-length\" title=\"CE\">CE<\/span><\/li>\n<li class=\"product-prop line-limit-length\"><span class=\"property-title\">Grupo de edad:\u00a0<\/span><span class=\"property-desc line-limit-length\" title=\"Adultos\">Adultos<\/span><\/li>\n<li class=\"product-prop line-limit-length\"><span class=\"property-title\">Tama\u00f1o:\u00a0<\/span><span class=\"property-desc line-limit-length\" title=\"cepillo de dientes de 3 cabezas\">cepillo de dientes de 3 cabezas<\/span><\/li>\n<li class=\"product-prop line-limit-length\"><span class=\"property-title\">Tipo de art\u00edculo:\u00a0<\/span><span class=\"property-desc line-limit-length\" title=\"Cepillo de dientes el\u00e9ctrico\">Cepillo de dientes el\u00e9ctrico<\/span><\/li>\n<li class=\"product-prop line-limit-length\"><span class=\"property-title\">Tipo:\u00a0<\/span><span class=\"property-desc line-limit-length\" title=\"Onda Ac\u00fastica\">Onda Ac\u00fastica<\/span><\/li>\n<li class=\"product-prop line-limit-length\"><span class=\"property-title\">N\u00famero de modelo:\u00a0<\/span><span class=\"property-desc line-limit-length\" title=\"Soocas X3\">Soocas X3<\/span><\/li>\n<li class=\"product-prop line-limit-length\"><span class=\"property-title\">Material:\u00a0<\/span><span class=\"property-desc line-limit-length\" title=\"abdominales\">abdominales<\/span><\/li>\n<li class=\"product-prop line-limit-length\"><span class=\"property-title\">Cantidad:\u00a0<\/span><span class=\"property-desc line-limit-length\" title=\"1\">1<\/span><\/li>\n<li class=\"product-prop line-limit-length\"><span class=\"property-title\">Modelo:\u00a0<\/span><span class=\"property-desc line-limit-length\" title=\"Soocas X3\">Soocas X3<\/span><\/li>\n<li class=\"product-prop line-limit-length\"><span class=\"property-title\">Tipo:\u00a0<\/span><span class=\"property-desc line-limit-length\" title=\"Onda Ac\u00fastica\">Onda Ac\u00fastica<\/span><\/li>\n<li class=\"product-prop line-limit-length\"><span class=\"property-title\">color:\u00a0<\/span><span class=\"property-desc line-limit-length\" title=\"blanco, negro rosa\">blanco, negro rosa<\/span><\/li>\n<li class=\"product-prop line-limit-length\"><span class=\"property-title\">Solicitar:\u00a0<\/span><span class=\"property-desc line-limit-length\" title=\"Android 4.3+, IOS 7.0+\">Android 4.3+, IOS 7.0+<\/span><\/li>\n<li class=\"product-prop line-limit-length\"><span class=\"property-title\">Caracter\u00edstica:\u00a0<\/span><span class=\"property-desc line-limit-length\" title=\"Onda ac\u00fastica, inteligente.\">Onda ac\u00fastica, inteligente.<\/span><\/li>\n<li class=\"product-prop line-limit-length\"><span class=\"property-title\">Funci\u00f3n:\u00a0<\/span><span class=\"property-desc line-limit-length\" title=\"limpio, blanqueamiento\">limpio, blanqueamiento<\/span><\/li>\n<li class=\"product-prop line-limit-length\"><span class=\"property-title\">tama\u00f1o:\u00a0<\/span><span class=\"property-desc line-limit-length\" title=\"41mm\">41mm<\/span><\/li>\n<li class=\"product-prop line-limit-length\"><span class=\"property-title\">cargando:\u00a0<\/span><span class=\"property-desc line-limit-length\" title=\"recargable\">recargable<\/span><\/li>\n<li class=\"product-prop line-limit-length\"><span class=\"property-title\">Capacidad de la bater\u00eda:\u00a0<\/span><span class=\"property-desc line-limit-length\" title=\"1000mah\">1000mah<\/span><\/li>\n<li class=\"product-prop line-limit-length\"><span class=\"property-title\">Tiempo de carga:\u00a0<\/span><span class=\"property-desc line-limit-length\" title=\"8H\">8H<\/span><\/li>\n<li class=\"product-prop line-limit-length\"><span class=\"property-title\">Apoyar:\u00a0<\/span><span class=\"property-desc line-limit-length\" title=\"25 d\u00edas alrededor\">25 d\u00edas alrededor<\/span><\/li>\n<\/ul>","protected":false},"featured_media":23116,"template":"","meta":[],"product_brand":[],"product_cat":[1320,1305],"product_tag":[673,807],"class_list":{"0":"post-23017","1":"product","2":"type-product","3":"status-publish","4":"has-post-thumbnail","6":"product_cat-personal-care","7":"product_cat-xiaomi-eco","8":"product_tag-electric-toothbrush","9":"product_tag-soocas-x3-electric-toothbrush","11":"first","12":"instock","13":"shipping-taxable","14":"product-type-external"},"aioseo_notices":[],"aioseo_head":"\n\t\t<!-- All in One SEO Pro 4.5.9.2 - aioseo.com -->\n\t\t<meta name=\"description\" content=\"Specifications: Brand Name: Xiaomi Commodity Quality Certification: 3C Commodity Quality Certification: ce Age Group: Adults Size: 3 heads toothbrush Item Type: Electric Toothbrush Type: Acoustic Wave Model Number: Soocas X3 Material: ABS Quantity: 1 Model: Soocas X3 Type: Acoustic Wave color: white, black pink Apply for: Android 4.3+, IOS 7.0+ Feature: Acoustic wave, smart Function: clean, whitening size: 41mm charging: rechargeable Battery capacity: 1000mah Charging time: 8H Standby: 25 Around Days\" \/>\n\t\t<meta name=\"robots\" content=\"max-image-preview:large\" \/>\n\t\t<link rel=\"canonical\" href=\"https:\/\/www.rucashk.com\/es\/producto\/soocas-x3-electric-toothbrush\/\" \/>\n\t\t<meta name=\"generator\" content=\"All in One SEO Pro (AIOSEO) 4.5.9.2\" \/>\n\t\t<meta property=\"og:locale\" content=\"es_ES\" \/>\n\t\t<meta property=\"og:site_name\" content=\"Rucas - One-stop AIoT Distribution Worldwide\" \/>\n\t\t<meta property=\"og:type\" content=\"article\" \/>\n\t\t<meta property=\"og:title\" content=\"Soocas X3 Electric Toothbrush - Rucas - Wholesale and Distribution\" \/>\n\t\t<meta property=\"og:description\" content=\"Specifications: Brand Name: Xiaomi Commodity Quality Certification: 3C Commodity Quality Certification: ce Age Group: Adults Size: 3 heads toothbrush Item Type: Electric Toothbrush Type: Acoustic Wave Model Number: Soocas X3 Material: ABS Quantity: 1 Model: Soocas X3 Type: Acoustic Wave color: white, black pink Apply for: Android 4.3+, IOS 7.0+ Feature: Acoustic wave, smart Function: clean, whitening size: 41mm charging: rechargeable Battery capacity: 1000mah Charging time: 8H Standby: 25 Around Days\" \/>\n\t\t<meta property=\"og:url\" content=\"https:\/\/www.rucashk.com\/es\/producto\/soocas-x3-electric-toothbrush\/\" \/>\n\t\t<meta property=\"og:image\" content=\"https:\/\/www.rucashk.com\/wp-content\/uploads\/replace\/503b8e645f128a97ccde2b6290747646.jpeg\" \/>\n\t\t<meta property=\"og:image:secure_url\" content=\"https:\/\/www.rucashk.com\/wp-content\/uploads\/replace\/503b8e645f128a97ccde2b6290747646.jpeg\" \/>\n\t\t<meta property=\"og:image:width\" content=\"1456\" \/>\n\t\t<meta property=\"og:image:height\" content=\"816\" \/>\n\t\t<meta property=\"article:published_time\" content=\"2024-01-09T15:50:41+00:00\" \/>\n\t\t<meta property=\"article:modified_time\" content=\"2024-03-13T07:39:39+00:00\" \/>\n\t\t<meta name=\"twitter:card\" content=\"summary_large_image\" \/>\n\t\t<meta name=\"twitter:title\" content=\"Soocas X3 Electric Toothbrush - Rucas - Wholesale and Distribution\" \/>\n\t\t<meta name=\"twitter:description\" content=\"Specifications: Brand Name: Xiaomi Commodity Quality Certification: 3C Commodity Quality Certification: ce Age Group: Adults Size: 3 heads toothbrush Item Type: Electric Toothbrush Type: Acoustic Wave Model Number: Soocas X3 Material: ABS Quantity: 1 Model: Soocas X3 Type: Acoustic Wave color: white, black pink Apply for: Android 4.3+, IOS 7.0+ Feature: Acoustic wave, smart Function: clean, whitening size: 41mm charging: rechargeable Battery capacity: 1000mah Charging time: 8H Standby: 25 Around Days\" \/>\n\t\t<meta name=\"twitter:image\" content=\"https:\/\/www.rucashk.com\/wp-content\/uploads\/replace\/503b8e645f128a97ccde2b6290747646.jpeg\" \/>\n\t\t<script type=\"application\/ld+json\" class=\"aioseo-schema\">\n\t\t\t{\"@context\":\"https:\\\/\\\/schema.org\",\"@graph\":[{\"@type\":\"BreadcrumbList\",\"@id\":\"https:\\\/\\\/www.rucashk.com\\\/es\\\/producto\\\/soocas-x3-electric-toothbrush\\\/#breadcrumblist\",\"itemListElement\":[{\"@type\":\"ListItem\",\"@id\":\"https:\\\/\\\/www.rucashk.com\\\/es\\\/#listItem\",\"position\":1,\"name\":\"Home\",\"item\":\"https:\\\/\\\/www.rucashk.com\\\/es\\\/\",\"nextItem\":\"https:\\\/\\\/www.rucashk.com\\\/es\\\/producto\\\/soocas-x3-electric-toothbrush\\\/#listItem\"},{\"@type\":\"ListItem\",\"@id\":\"https:\\\/\\\/www.rucashk.com\\\/es\\\/producto\\\/soocas-x3-electric-toothbrush\\\/#listItem\",\"position\":2,\"name\":\"Soocas\\u00a0X3 Electric Toothbrush\",\"previousItem\":\"https:\\\/\\\/www.rucashk.com\\\/es\\\/#listItem\"}]},{\"@type\":\"Organization\",\"@id\":\"https:\\\/\\\/www.rucashk.com\\\/es\\\/#organization\",\"name\":\"Rucas\",\"url\":\"https:\\\/\\\/www.rucashk.com\\\/es\\\/\",\"logo\":{\"@type\":\"ImageObject\",\"url\":\"https:\\\/\\\/www.rucashk.com\\\/wp-content\\\/uploads\\\/2023\\\/12\\\/Rucas_campany_logo.png\",\"@id\":\"https:\\\/\\\/www.rucashk.com\\\/es\\\/producto\\\/soocas-x3-electric-toothbrush\\\/#organizationLogo\",\"width\":221,\"height\":65},\"image\":{\"@id\":\"https:\\\/\\\/www.rucashk.com\\\/es\\\/#organizationLogo\"}},{\"@type\":\"Person\",\"@id\":\"https:\\\/\\\/www.rucashk.com\\\/es\\\/author\\\/admin\\\/#author\",\"url\":\"https:\\\/\\\/www.rucashk.com\\\/es\\\/author\\\/admin\\\/\",\"name\":\"admin\",\"image\":{\"@type\":\"ImageObject\",\"@id\":\"https:\\\/\\\/www.rucashk.com\\\/es\\\/producto\\\/soocas-x3-electric-toothbrush\\\/#authorImage\",\"url\":\"https:\\\/\\\/secure.gravatar.com\\\/avatar\\\/b7c8925b09a27e72b30232f8ecaadbd5af0f70a38c78096863fe51b64f031c24?s=96&d=mm&r=g\",\"width\":96,\"height\":96,\"caption\":\"admin\"}},{\"@type\":\"WebPage\",\"@id\":\"https:\\\/\\\/www.rucashk.com\\\/es\\\/producto\\\/soocas-x3-electric-toothbrush\\\/#webpage\",\"url\":\"https:\\\/\\\/www.rucashk.com\\\/es\\\/producto\\\/soocas-x3-electric-toothbrush\\\/\",\"name\":\"Soocas X3 Electric Toothbrush - Rucas - Wholesale and Distribution\",\"description\":\"Specifications: Brand Name: Xiaomi Commodity Quality Certification: 3C Commodity Quality Certification: ce Age Group: Adults Size: 3 heads toothbrush Item Type: Electric Toothbrush Type: Acoustic Wave Model Number: Soocas X3 Material: ABS Quantity: 1 Model: Soocas X3 Type: Acoustic Wave color: white, black pink Apply for: Android 4.3+, IOS 7.0+ Feature: Acoustic wave, smart Function: clean, whitening size: 41mm charging: rechargeable Battery capacity: 1000mah Charging time: 8H Standby: 25 Around Days\",\"inLanguage\":\"es-ES\",\"isPartOf\":{\"@id\":\"https:\\\/\\\/www.rucashk.com\\\/es\\\/#website\"},\"breadcrumb\":{\"@id\":\"https:\\\/\\\/www.rucashk.com\\\/es\\\/producto\\\/soocas-x3-electric-toothbrush\\\/#breadcrumblist\"},\"author\":{\"@id\":\"https:\\\/\\\/www.rucashk.com\\\/es\\\/author\\\/admin\\\/#author\"},\"creator\":{\"@id\":\"https:\\\/\\\/www.rucashk.com\\\/es\\\/author\\\/admin\\\/#author\"},\"image\":{\"@type\":\"ImageObject\",\"url\":\"https:\\\/\\\/www.rucashk.com\\\/wp-content\\\/uploads\\\/2024\\\/01\\\/3-9.jpg\",\"@id\":\"https:\\\/\\\/www.rucashk.com\\\/es\\\/producto\\\/soocas-x3-electric-toothbrush\\\/#mainImage\",\"width\":800,\"height\":800},\"primaryImageOfPage\":{\"@id\":\"https:\\\/\\\/www.rucashk.com\\\/es\\\/producto\\\/soocas-x3-electric-toothbrush\\\/#mainImage\"},\"datePublished\":\"2024-01-09T15:50:41+00:00\",\"dateModified\":\"2024-03-13T07:39:39+00:00\"},{\"@type\":\"WebSite\",\"@id\":\"https:\\\/\\\/www.rucashk.com\\\/es\\\/#website\",\"url\":\"https:\\\/\\\/www.rucashk.com\\\/es\\\/\",\"name\":\"Rucas - Wholesale and distribution worldwide\",\"alternateName\":\"Rucas - One-stop AIoT Distribution Worldwide\",\"description\":\"One-stop AIoT Distribution Worldwide\",\"inLanguage\":\"es-ES\",\"publisher\":{\"@id\":\"https:\\\/\\\/www.rucashk.com\\\/es\\\/#organization\"}}]}\n\t\t<\/script>\n\t\t<!-- All in One SEO Pro -->\r\n\t\t<title>Soocas X3 Electric Toothbrush - Rucas - Wholesale and Distribution<\/title>\n\n","aioseo_head_json":{"title":"Soocas X3 Electric Toothbrush - Rucas - Wholesale and Distribution","description":"Specifications: Brand Name: Xiaomi Commodity Quality Certification: 3C Commodity Quality Certification: ce Age Group: Adults Size: 3 heads toothbrush Item Type: Electric Toothbrush Type: Acoustic Wave Model Number: Soocas X3 Material: ABS Quantity: 1 Model: Soocas X3 Type: Acoustic Wave color: white, black pink Apply for: Android 4.3+, IOS 7.0+ Feature: Acoustic wave, smart Function: clean, whitening size: 41mm charging: rechargeable Battery capacity: 1000mah Charging time: 8H Standby: 25 Around Days","canonical_url":"https:\/\/www.rucashk.com\/es\/producto\/soocas-x3-electric-toothbrush\/","robots":"max-image-preview:large","keywords":"","webmasterTools":{"miscellaneous":""},"og:locale":"es_ES","og:site_name":"Rucas - One-stop AIoT Distribution Worldwide","og:type":"article","og:title":"Soocas X3 Electric Toothbrush - Rucas - Wholesale and Distribution","og:description":"Specifications: Brand Name: Xiaomi Commodity Quality Certification: 3C Commodity Quality Certification: ce Age Group: Adults Size: 3 heads toothbrush Item Type: Electric Toothbrush Type: Acoustic Wave Model Number: Soocas X3 Material: ABS Quantity: 1 Model: Soocas X3 Type: Acoustic Wave color: white, black pink Apply for: Android 4.3+, IOS 7.0+ Feature: Acoustic wave, smart Function: clean, whitening size: 41mm charging: rechargeable Battery capacity: 1000mah Charging time: 8H Standby: 25 Around Days","og:url":"https:\/\/www.rucashk.com\/es\/producto\/soocas-x3-electric-toothbrush\/","og:image":"https:\/\/www.rucashk.com\/wp-content\/uploads\/replace\/503b8e645f128a97ccde2b6290747646.jpeg","og:image:secure_url":"https:\/\/www.rucashk.com\/wp-content\/uploads\/replace\/503b8e645f128a97ccde2b6290747646.jpeg","og:image:width":1456,"og:image:height":816,"article:published_time":"2024-01-09T15:50:41+00:00","article:modified_time":"2024-03-13T07:39:39+00:00","twitter:card":"summary_large_image","twitter:title":"Soocas X3 Electric Toothbrush - Rucas - Wholesale and Distribution","twitter:description":"Specifications: Brand Name: Xiaomi Commodity Quality Certification: 3C Commodity Quality Certification: ce Age Group: Adults Size: 3 heads toothbrush Item Type: Electric Toothbrush Type: Acoustic Wave Model Number: Soocas X3 Material: ABS Quantity: 1 Model: Soocas X3 Type: Acoustic Wave color: white, black pink Apply for: Android 4.3+, IOS 7.0+ Feature: Acoustic wave, smart Function: clean, whitening size: 41mm charging: rechargeable Battery capacity: 1000mah Charging time: 8H Standby: 25 Around Days","twitter:image":"https:\/\/www.rucashk.com\/wp-content\/uploads\/replace\/503b8e645f128a97ccde2b6290747646.jpeg","schema":{"@context":"https:\/\/schema.org","@graph":[{"@type":"BreadcrumbList","@id":"https:\/\/www.rucashk.com\/es\/producto\/soocas-x3-electric-toothbrush\/#breadcrumblist","itemListElement":[{"@type":"ListItem","@id":"https:\/\/www.rucashk.com\/es\/#listItem","position":1,"name":"Home","item":"https:\/\/www.rucashk.com\/es\/","nextItem":"https:\/\/www.rucashk.com\/es\/producto\/soocas-x3-electric-toothbrush\/#listItem"},{"@type":"ListItem","@id":"https:\/\/www.rucashk.com\/es\/producto\/soocas-x3-electric-toothbrush\/#listItem","position":2,"name":"Soocas\u00a0X3 Electric Toothbrush","previousItem":"https:\/\/www.rucashk.com\/es\/#listItem"}]},{"@type":"Organization","@id":"https:\/\/www.rucashk.com\/es\/#organization","name":"Rucas","url":"https:\/\/www.rucashk.com\/es\/","logo":{"@type":"ImageObject","url":"https:\/\/www.rucashk.com\/wp-content\/uploads\/2023\/12\/Rucas_campany_logo.png","@id":"https:\/\/www.rucashk.com\/es\/producto\/soocas-x3-electric-toothbrush\/#organizationLogo","width":221,"height":65},"image":{"@id":"https:\/\/www.rucashk.com\/es\/#organizationLogo"}},{"@type":"Person","@id":"https:\/\/www.rucashk.com\/es\/author\/admin\/#author","url":"https:\/\/www.rucashk.com\/es\/author\/admin\/","name":"admin","image":{"@type":"ImageObject","@id":"https:\/\/www.rucashk.com\/es\/producto\/soocas-x3-electric-toothbrush\/#authorImage","url":"https:\/\/secure.gravatar.com\/avatar\/b7c8925b09a27e72b30232f8ecaadbd5af0f70a38c78096863fe51b64f031c24?s=96&d=mm&r=g","width":96,"height":96,"caption":"admin"}},{"@type":"WebPage","@id":"https:\/\/www.rucashk.com\/es\/producto\/soocas-x3-electric-toothbrush\/#webpage","url":"https:\/\/www.rucashk.com\/es\/producto\/soocas-x3-electric-toothbrush\/","name":"Soocas X3 Electric Toothbrush - Rucas - Wholesale and Distribution","description":"Specifications: Brand Name: Xiaomi Commodity Quality Certification: 3C Commodity Quality Certification: ce Age Group: Adults Size: 3 heads toothbrush Item Type: Electric Toothbrush Type: Acoustic Wave Model Number: Soocas X3 Material: ABS Quantity: 1 Model: Soocas X3 Type: Acoustic Wave color: white, black pink Apply for: Android 4.3+, IOS 7.0+ Feature: Acoustic wave, smart Function: clean, whitening size: 41mm charging: rechargeable Battery capacity: 1000mah Charging time: 8H Standby: 25 Around Days","inLanguage":"es-ES","isPartOf":{"@id":"https:\/\/www.rucashk.com\/es\/#website"},"breadcrumb":{"@id":"https:\/\/www.rucashk.com\/es\/producto\/soocas-x3-electric-toothbrush\/#breadcrumblist"},"author":{"@id":"https:\/\/www.rucashk.com\/es\/author\/admin\/#author"},"creator":{"@id":"https:\/\/www.rucashk.com\/es\/author\/admin\/#author"},"image":{"@type":"ImageObject","url":"https:\/\/www.rucashk.com\/wp-content\/uploads\/2024\/01\/3-9.jpg","@id":"https:\/\/www.rucashk.com\/es\/producto\/soocas-x3-electric-toothbrush\/#mainImage","width":800,"height":800},"primaryImageOfPage":{"@id":"https:\/\/www.rucashk.com\/es\/producto\/soocas-x3-electric-toothbrush\/#mainImage"},"datePublished":"2024-01-09T15:50:41+00:00","dateModified":"2024-03-13T07:39:39+00:00"},{"@type":"WebSite","@id":"https:\/\/www.rucashk.com\/es\/#website","url":"https:\/\/www.rucashk.com\/es\/","name":"Rucas - Wholesale and distribution worldwide","alternateName":"Rucas - One-stop AIoT Distribution Worldwide","description":"One-stop AIoT Distribution Worldwide","inLanguage":"es-ES","publisher":{"@id":"https:\/\/www.rucashk.com\/es\/#organization"}}]}},"aioseo_meta_data":{"post_id":"23017","title":null,"description":null,"keywords":null,"keyphrases":null,"primary_term":null,"canonical_url":null,"og_title":null,"og_description":null,"og_object_type":"default","og_image_type":"default","og_image_url":null,"og_image_width":null,"og_image_height":null,"og_image_custom_url":null,"og_image_custom_fields":null,"og_video":null,"og_custom_url":null,"og_article_section":null,"og_article_tags":null,"twitter_use_og":false,"twitter_card":"default","twitter_image_type":"default","twitter_image_url":null,"twitter_image_custom_url":null,"twitter_image_custom_fields":null,"twitter_title":null,"twitter_description":null,"schema":{"blockGraphs":[],"customGraphs":[],"default":{"data":{"Article":[],"Course":[],"Dataset":[],"FAQPage":[],"Movie":[],"Person":[],"Product":[],"Recipe":[],"Service":[],"SoftwareApplication":[],"WebPage":[]},"graphName":"","isEnabled":true},"graphs":[]},"schema_type":"default","schema_type_options":null,"pillar_content":false,"robots_default":true,"robots_noindex":false,"robots_noarchive":false,"robots_nosnippet":false,"robots_nofollow":false,"robots_noimageindex":false,"robots_noodp":false,"robots_notranslate":false,"robots_max_snippet":null,"robots_max_videopreview":null,"robots_max_imagepreview":"large","priority":null,"frequency":null,"local_seo":null,"breadcrumb_settings":null,"limit_modified_date":false,"created":"2024-04-11 01:55:26","updated":"2025-06-22 16:56:26"},"aioseo_breadcrumb":"<div class=\"aioseo-breadcrumbs\"><span class=\"aioseo-breadcrumb\">\n\t<a href=\"https:\/\/www.rucashk.com\/es\" title=\"Home\">Home<\/a>\n<\/span><span class=\"aioseo-breadcrumb-separator\">&raquo;<\/span><span class=\"aioseo-breadcrumb\">\n\t<a href=\"https:\/\/www.rucashk.com\/es\/products\/\" title=\"Productos\">Productos<\/a>\n<\/span><span class=\"aioseo-breadcrumb-separator\">&raquo;<\/span><span class=\"aioseo-breadcrumb\">\n\t<a href=\"https:\/\/www.rucashk.com\/es\/categoria-producto\/xiaomi-eco\/\" title=\"Xiaomi Eco\">Xiaomi Eco<\/a>\n<\/span><span class=\"aioseo-breadcrumb-separator\">&raquo;<\/span><span class=\"aioseo-breadcrumb\">\n\t<a href=\"https:\/\/www.rucashk.com\/es\/categoria-producto\/xiaomi-eco\/personal-care\/\" title=\"Personal Care\">Personal Care<\/a>\n<\/span><span class=\"aioseo-breadcrumb-separator\">&raquo;<\/span><span class=\"aioseo-breadcrumb\">\n\tSoocas\u00a0X3 Electric Toothbrush\n<\/span><\/div>","aioseo_breadcrumb_json":[{"label":"Home","link":"https:\/\/www.rucashk.com\/es"},{"label":"Productos","link":"https:\/\/www.rucashk.com\/es\/products\/"},{"label":"Xiaomi Eco","link":"https:\/\/www.rucashk.com\/es\/categoria-producto\/xiaomi-eco\/"},{"label":"Personal Care","link":"https:\/\/www.rucashk.com\/es\/categoria-producto\/xiaomi-eco\/personal-care\/"},{"label":"Soocas\u00a0X3 Electric Toothbrush","link":"https:\/\/www.rucashk.com\/es\/producto\/soocas-x3-electric-toothbrush\/"}],"_links":{"self":[{"href":"https:\/\/www.rucashk.com\/es\/wp-json\/wp\/v2\/product\/23017","targetHints":{"allow":["GET"]}}],"collection":[{"href":"https:\/\/www.rucashk.com\/es\/wp-json\/wp\/v2\/product"}],"about":[{"href":"https:\/\/www.rucashk.com\/es\/wp-json\/wp\/v2\/types\/product"}],"wp:featuredmedia":[{"embeddable":true,"href":"https:\/\/www.rucashk.com\/es\/wp-json\/wp\/v2\/media\/23116"}],"wp:attachment":[{"href":"https:\/\/www.rucashk.com\/es\/wp-json\/wp\/v2\/media?parent=23017"}],"wp:term":[{"taxonomy":"product_brand","embeddable":true,"href":"https:\/\/www.rucashk.com\/es\/wp-json\/wp\/v2\/product_brand?post=23017"},{"taxonomy":"product_cat","embeddable":true,"href":"https:\/\/www.rucashk.com\/es\/wp-json\/wp\/v2\/product_cat?post=23017"},{"taxonomy":"product_tag","embeddable":true,"href":"https:\/\/www.rucashk.com\/es\/wp-json\/wp\/v2\/product_tag?post=23017"}],"curies":[{"name":"wp","href":"https:\/\/api.w.org\/{rel}","templated":true}]}}