{"id":23010,"date":"2024-01-09T15:50:40","date_gmt":"2024-01-09T15:50:40","guid":{"rendered":"http:\/\/rucashk.com\/?post_type=product&#038;p=23010"},"modified":"2024-03-11T07:48:57","modified_gmt":"2024-03-11T07:48:57","slug":"xiaomi-mi9-se-smartphone","status":"publish","type":"product","link":"https:\/\/www.rucashk.com\/es\/producto\/xiaomi-mi9-se-smartphone\/","title":{"rendered":"Tel\u00e9fono inteligente Xiaomi Mi9 SE"},"content":{"rendered":"<div id=\"specification\">\n<div>\n<h2 style=\"text-align: center\">Tel\u00e9fono inteligente Xiaomi Mi9 SE<\/h2>\n<p style=\"text-align: center\"><img fetchpriority=\"high\" decoding=\"async\" class=\"alignnone\" src=\"\/wp-content\/uploads\/replace\/6094661bb8bf8d6f0a28d1a0cc4d7ec2.jpeg\" alt=\"Xiaomi Mi9 SE Smartphone\" width=\"1200\" height=\"676\" \/><\/p>\n<\/div>\n<div style=\"text-align: center\">\n<p><img decoding=\"async\" class=\"alignnone\" src=\"\/wp-content\/uploads\/replace\/aac9c56921b532140a47cfb54cb82769.jpeg\" alt=\"Xiaomi Mi9 SE Smartphone\" width=\"1200\" height=\"676\" \/><\/p>\n<p><img decoding=\"async\" class=\"alignnone\" src=\"\/wp-content\/uploads\/replace\/8322d3143fd3f2c0d6d34abc0e8b0121.jpeg\" alt=\"Xiaomi Mi9 SE Smartphone\" width=\"1200\" height=\"679\" \/><\/p>\n<ul class=\"a-unordered-list a-vertical a-spacing-mini\">\n<li style=\"text-align: left\"><span class=\"a-list-item\">3G HSDPA 850 \/ 900 \/ 1900 \/ 2100 (B1 \/ 2 \/ 4 \/ 5 \/ 8) \u2013 LTE: B1 \/ 2 \/ 3 \/ 4 \/ 5 \/ 7 \/ 8 \/ 20 \/ 28 TDD LTE: 38 \/ 40 \u2013 Doble SIM ( Nano-SIM, modo de espera dual) &gt; (aseg\u00farese de verificar la compatibilidad con su operador antes de comprar)<\/span><\/li>\n<li style=\"text-align: left\"><span class=\"a-list-item\">Pantalla completa Dot Drop de 5,97\u2033 2340\u00d71080 FHD+, 432 PPI \u2013 Dise\u00f1o de vidrio brillante \u2013 Revestimiento protector antiaceite y antihuellas \u2013 Sensor de huellas dactilares en pantalla mejorado \u2013 Corning Gorilla Glass 5<\/span><\/li>\n<li style=\"text-align: left\"><span class=\"a-list-item\">Almacenamiento flash de 128 GB <a href=\"https:\/\/www.rucashk.com\/es\/producto\/xiaomi-pocophone-f1-64gb-6gb-ram-dual-camera\/\" class=\"\" style=\"width: auto !important\" data-wpil-post-to-id=\"11721\">+ 6 GB de RAM<\/a> \u2013 Qualcomm Snapdragon 712, proceso de 10 nm, hasta 2,3 GHz \u2013 Bater\u00eda Li-Po 3070 mAh no extra\u00edble \u2013 Admite Wi-Fi 2,4G \/ Wi-Fi 5G \/ Wi-Fi Direct \/ Wi-Fi Display \u2013 Carga USB tipo C puerto<\/span><\/li>\n<li style=\"text-align: left\"><span class=\"a-list-item\">C\u00e1mara trasera (triple): lente gran angular de 48 MP, f\/1,75 + teleobjetivo de 8 MP, f\/2,4 + lente ultra gran angular de 13 MP, f\/2,4 \u2013 C\u00e1mara frontal: c\u00e1mara frontal de 20 MP \u2013 V\u00eddeo: grabaci\u00f3n 4K a 30 fps, 1080p grabaci\u00f3n: 30 fps \/ 60 fps, grabaci\u00f3n en c\u00e1mara lenta de 1080p: 120 fps<\/span><\/li>\n<\/ul>\n<\/div>\n<table border=\"1\" cellspacing=\"1\" cellpadding=\"1\">\n<tbody>\n<tr>\n<td colspan=\"2\"><strong>Informaci\u00f3n b\u00e1sica\u00a0\u00a0\u00a0\u00a0\u00a0\u00a0\u00a0\u00a0\u00a0\u00a0<\/strong><\/td>\n<\/tr>\n<tr>\n<td>\u00a0Modelo<\/td>\n<td><strong>\u00a0Xiaomi Mi9 Mi 9 SE(6GB+64GB)<\/strong><\/td>\n<\/tr>\n<tr>\n<td rowspan=\"1\"><strong>\u00a0Red<\/strong><\/td>\n<td>\n<div><strong>2G: GSM B2\/B3\/B5\/B8<br \/>\nCDMA 1X: BC0<\/strong><\/div>\n<div><strong>3G: WCDMA: B1\/B2\/B5\/B8<br \/>\nTDSCDMA: B34\/B39<br \/>\nCDMA EVDO BC0<\/strong><\/div>\n<div><strong>4G: LTE FDD: B1\/B3\/B5\/B7\/B8<br \/>\nLTE TDD: B34\/B38\/B39\/B40\/B41<\/strong><\/div>\n<\/td>\n<\/tr>\n<tr>\n<td colspan=\"2\"><\/td>\n<\/tr>\n<tr>\n<td>\u00a0Tarjeta SIM<\/td>\n<td>\u00a0Doble <a class=\"\" style=\"width: auto !important\" href=\"https:\/\/www.rucashk.com\/es\/producto\/wiko-view4-lite\/\" data-wpil-post-to-id=\"5614\">Tarjeta SIM Modo de espera dual, Doble<\/a> Nano SIM<\/td>\n<\/tr>\n<tr>\n<td>\u00a0Estilo<\/td>\n<td>\u00a0Bar<\/td>\n<\/tr>\n<tr>\n<td>\u00a0Color<\/td>\n<td>\u00a0<b>Gris oscuro, azul, morado<\/b><\/td>\n<\/tr>\n<tr>\n<td><strong>\u00a0<\/strong>Material de la c\u00e1scara<\/td>\n<td>\n<div>\u00a0metal + vidrio<\/div>\n<\/td>\n<\/tr>\n<tr>\n<td colspan=\"2\"><\/td>\n<\/tr>\n<tr>\n<td colspan=\"2\"><strong>Sistema<\/strong><\/td>\n<\/tr>\n<tr>\n<td>\u00a0SO<\/td>\n<td>\u00a0MIUI 10<\/td>\n<\/tr>\n<tr>\n<td>\u00a0UPC<\/td>\n<td><strong>\u00a0Qualcomm Snapdragon 712 <a class=\"\" style=\"width: auto !important\" href=\"https:\/\/www.rucashk.com\/es\/producto\/mi-mix-3-snapdragon-855-octa-core-5g-smartphone\/\" data-wpil-post-to-id=\"1703\">Ocho nucleos<\/a> (m\u00e1ximo a 2,30 GHz)<\/strong><\/td>\n<\/tr>\n<tr>\n<td>\u00a0GPU<\/td>\n<td>\u00a0adren616<\/td>\n<\/tr>\n<tr>\n<td>\u00a0RAM<\/td>\n<td><strong>\u00a06GB LPDDR4x 1866MHz<\/strong><\/td>\n<\/tr>\n<tr>\n<td>\u00a0ROM<\/td>\n<td><strong>\u00a064GB UFS2.1<\/strong><\/td>\n<\/tr>\n<tr>\n<td>\u00a0Tarjeta extendida<\/td>\n<td>\u00a0No apoyo<\/td>\n<\/tr>\n<tr>\n<td colspan=\"2\"><\/td>\n<\/tr>\n<tr>\n<td colspan=\"2\"><strong>Pantalla<\/strong><\/td>\n<\/tr>\n<tr>\n<td>\u00a0tama\u00f1o de la pantalla<\/td>\n<td><strong>\u00a0AMOLED de 5,97 pulgadas<\/strong><\/td>\n<\/tr>\n<tr>\n<td rowspan=\"1\">\u00a0Tipo<\/td>\n<td>\u00a0Pantalla t\u00e1ctil capacitiva FHD+, Brillo 600 nit (HBM) \/ 430 nit (t\u00edpico), Alto contraste 60000:1 (m\u00ednimo), NTSC 103.8% (t\u00edpico), HDR, Sunlight Display 2.0, Modo nocturno, Modo lectura, Ajuste de temperatura de color, Modo est\u00e1ndar , Corning Gorilla Glass 5.\u00b0<\/td>\n<\/tr>\n<tr>\n<td>\u00a0Resoluci\u00f3n<\/td>\n<td>\u00a02340*1080 p\u00edxeles<\/td>\n<\/tr>\n<tr>\n<td>\u00a0IPP<\/td>\n<td>\u00a0432<\/td>\n<\/tr>\n<tr>\n<td>\u00a0Multit\u00e1ctil<\/td>\n<td>\u00a0S\u00ed<\/td>\n<\/tr>\n<tr>\n<td colspan=\"2\"><\/td>\n<\/tr>\n<tr>\n<td colspan=\"2\"><strong>Formato de soporte<\/strong><\/td>\n<\/tr>\n<tr>\n<td>\u00a0Formato de archivo de audio<\/td>\n<td>\u00a0MP4, M4V, MKV, XVID, WAV, AAC, MP3, AMR, FLAC, APE<\/td>\n<\/tr>\n<tr>\n<td>\u00a0Formato de archivo de v\u00eddeo<\/td>\n<td>\u00a0H.265\/HEVC, H.264, MPEG4, VC-1, VP8, VP9<\/td>\n<\/tr>\n<tr>\n<td>\u00a0Formato de archivo de imagen<\/td>\n<td>\u00a0JPEG\/BMP\/GIF\/PNG<\/td>\n<\/tr>\n<tr>\n<td>\u00a0Formato de libro electr\u00f3nico<\/td>\n<td>\u00a0TXT<\/td>\n<\/tr>\n<tr>\n<td colspan=\"2\"><\/td>\n<\/tr>\n<tr>\n<td colspan=\"2\"><strong>Transferencia de datos y conectividad<\/strong><\/td>\n<\/tr>\n<tr>\n<td>\u00a0Transferencia de datos<\/td>\n<td>\u00a0USB\/Bluetooth<\/td>\n<\/tr>\n<tr>\n<td>\u00a0Internet m\u00f3vil<\/td>\n<td>\u00a0WiFi\/WAP<\/td>\n<\/tr>\n<tr>\n<td colspan=\"2\"><\/td>\n<\/tr>\n<tr>\n<td colspan=\"2\"><strong>General\u00a0<\/strong><\/td>\n<\/tr>\n<tr>\n<td rowspan=\"1\">C\u00e1mara\/Imagen<br \/>\nResoluci\u00f3n<\/td>\n<td>\u00a0<strong>C\u00e1mara frontal: 20.0MP \u00a0<\/strong><br \/>\nHDR, reconocimiento facial, espejo<br \/>\n<strong>C\u00e1mara trasera triple: 48 MP + 8 MP + 13 MP<\/strong><br \/>\nf1.75+f2.4+f2.4<br \/>\nAjuste HDR, Panorama<br \/>\nModo r\u00e1faga, reconocimiento facial<\/p>\n<div><strong>Grabaciones de v\u00eddeo:<\/strong><br \/>\n<a class=\"\" style=\"width: auto !important\" href=\"https:\/\/www.rucashk.com\/es\/producto\/xiaomi-mi-drone-wifi-fpv-with-4k-30fps-camera-3-axis-gimbal-rc-quadcopter\/\" data-wpil-post-to-id=\"2783\">Grabaci\u00f3n de v\u00eddeo 4K, 30 fps<\/a><br \/>\nGrabaci\u00f3n de v\u00eddeo de 1080p, 60 fps\/30 fps<br \/>\nGrabaci\u00f3n de v\u00eddeo de 720p, 30 fps<br \/>\nGrabaci\u00f3n de v\u00eddeo en c\u00e1mara lenta de 720p, 120 fps\/240 fps\/960 fps<br \/>\nGrabaci\u00f3n de v\u00eddeo en c\u00e1mara lenta de 1080p, 120 fps<\/div>\n<\/td>\n<\/tr>\n<tr>\n<td><strong>\u00a0<\/strong>Idioma<\/td>\n<td><strong>\u00a0ingl\u00e9s, chino<\/strong><\/td>\n<\/tr>\n<tr>\n<td>\u00a0Mensaje<\/td>\n<td>\u00a0SMS\/MMS\/correo electr\u00f3nico<\/td>\n<\/tr>\n<tr>\n<td>\u00a0Aporte<\/td>\n<td>\u00a0Escritura a mano, el teclado virtual<\/td>\n<\/tr>\n<tr>\n<td>\u00a0GPS<\/td>\n<td>\u00a0S\u00ed, AGPS, GPS, Galileo, GLONASS, Beidou<\/td>\n<\/tr>\n<tr>\n<td>\u00a0WIFI<\/td>\n<td>\u00a0Admite Wi-Fi (2.4G\/5G), 802.11 a\/b\/g\/n\/ac, compatible con MU-MIMO, pantalla WiFi, WiFi Direct, AAC\/LDAC\/aptX\/aptX-HD<\/td>\n<\/tr>\n<tr>\n<td>\u00a0VoLTE<\/td>\n<td>\u00a0La posibilidad de utilizar VoLTE depende de los operadores locales.<\/td>\n<\/tr>\n<tr>\n<td>\u00a0GPRS<\/td>\n<td>\u00a0S\u00ed<\/td>\n<\/tr>\n<tr>\n<td>\u00a0WAP<\/td>\n<td>\u00a0S\u00ed<\/td>\n<\/tr>\n<tr>\n<td>\u00a0Bluetooth<\/td>\n<td>\u00a0S\u00ed, V5.0<\/td>\n<\/tr>\n<tr>\n<td>\u00a0Sensor de proximidad ultras\u00f3nico<\/td>\n<td>\u00a0S\u00ed<\/td>\n<\/tr>\n<tr>\n<td>\u00a0Giroscopio<\/td>\n<td>\u00a0S\u00ed<\/td>\n<\/tr>\n<tr>\n<td>\u00a0Sensor de luz<\/td>\n<td>\u00a0S\u00ed<\/td>\n<\/tr>\n<tr>\n<td>\u00a0Aceler\u00f3metro<\/td>\n<td>\u00a0S\u00ed<\/td>\n<\/tr>\n<tr>\n<td>\u00a0br\u00fajula electr\u00f3nica<\/td>\n<td>\u00a0S\u00ed<\/td>\n<\/tr>\n<tr>\n<td>\u00a0motor de vibraci\u00f3n<\/td>\n<td>\u00a0S\u00ed<\/td>\n<\/tr>\n<tr>\n<td>\u00a0control remoto por infrarrojos<\/td>\n<td>\u00a0S\u00ed<\/td>\n<\/tr>\n<tr>\n<td><strong>\u00a0NFC<\/strong><\/td>\n<td>\u00a0S\u00ed<\/td>\n<\/tr>\n<tr>\n<td><strong>\u00a0Huella dactilar<\/strong><\/td>\n<td><strong>\u00a0S\u00ed, sensor de huellas dactilares en pantalla<\/strong><\/td>\n<\/tr>\n<tr>\n<td><strong>\u00a0Reconocimiento facial<\/strong><\/td>\n<td>\u00a0S\u00ed<\/td>\n<\/tr>\n<tr>\n<td><strong>\u00a0Carga r\u00e1pida<\/strong><\/td>\n<td>\u00a0Apoyo<\/td>\n<\/tr>\n<tr>\n<td>\u00a0Bater\u00eda (integrada)<\/td>\n<td>\u00a03070 mAh (t\u00edpico), 2970 mAh (m\u00ednimo)<\/td>\n<\/tr>\n<tr>\n<td>\u00a0Interfaz de carga<\/td>\n<td>\u00a0USB tipo C<\/td>\n<\/tr>\n<tr>\n<td>\u00a0Cargador<\/td>\n<td>\u00a0Tipo estadounidense, 18W<\/td>\n<\/tr>\n<tr>\n<td rowspan=\"1\">\u00a0Otras caracter\u00edsticas<\/td>\n<td>\u00a0WiFi, bluetooth, Navegador, MP3, MP4, MMS, Alarma, Calendario, Calculadora, etc.<\/td>\n<\/tr>\n<tr>\n<td>\u00a0Dimensiones<\/td>\n<td>\u00a0147,5*70,5*7,45mm<\/td>\n<\/tr>\n<tr>\n<td>\u00a0Peso<\/td>\n<td>\u00a0155g<\/td>\n<\/tr>\n<tr>\n<td colspan=\"2\"><\/td>\n<\/tr>\n<tr>\n<td rowspan=\"6\"><strong>\u00a0El paquete incluye<\/strong><\/td>\n<td>\u00a01x\u00a0<strong>Xiaomi Mi9 Mi 9 SE\u00a0<\/strong>tel\u00e9fono inteligente<\/td>\n<\/tr>\n<tr>\n<td>\u00a01 USB <a class=\"\" style=\"width: auto !important\" href=\"https:\/\/www.rucashk.com\/es\/producto\/mi-braided-usb-type-c-cable-black\/\" data-wpil-post-to-id=\"15553\">Cable tipo C<\/a><\/td>\n<\/tr>\n<tr>\n<td>\u00a01 adaptador tipo C a 3,5 mm.<\/td>\n<\/tr>\n<tr>\n<td>\u00a01 funda protectora.<\/td>\n<\/tr>\n<tr>\n<td>\u00a01 cargador estadounidense.<\/td>\n<\/tr>\n<tr>\n<td style=\"text-align: center\">\u00a01 x pasador de expulsi\u00f3n<\/td>\n<\/tr>\n<\/tbody>\n<\/table>\n<\/div>","protected":false},"excerpt":{"rendered":"<p>Main display: AMOLED 16M colors 1080 x 2340 px (5.97\u2033) 432 ppi<\/p>\n<p>Pastel de Android 9.0<\/p>\n<p>Qualcomm Snapdragon 712 2,30 GHz [Number of cores: 8]<\/p>\n<p>Li-Po 3070 mAh<\/p>\n<p>Internal memory: 64 GB, 128 GB<\/p>\n<p>RAM memory: 6 GB 48 Mpx, 8000&#215;6000 px<\/p>","protected":false},"featured_media":23091,"template":"","meta":[],"product_brand":[],"product_cat":[1295,1296],"product_tag":[],"class_list":{"0":"post-23010","1":"product","2":"type-product","3":"status-publish","4":"has-post-thumbnail","6":"product_cat-mobile-phone","7":"product_cat-xiaomi-mobile-phone","9":"first","10":"instock","11":"shipping-taxable","12":"product-type-external"},"aioseo_notices":[],"aioseo_head":"\n\t\t<!-- All in One SEO Pro 4.5.9.2 - aioseo.com -->\n\t\t<meta name=\"description\" content=\"Main display: AMOLED 16M colors 1080 x 2340 px (5.97\u2033) 432 ppi Android 9.0 Pie Qualcomm Snapdragon 712 2,30 GHz [Number of cores: 8] Li-Po 3070 mAh Internal memory: 64 GB, 128 GB RAM memory: 6 GB 48 Mpx, 8000x6000 px\" \/>\n\t\t<meta name=\"robots\" content=\"max-image-preview:large\" \/>\n\t\t<link rel=\"canonical\" href=\"https:\/\/www.rucashk.com\/es\/producto\/xiaomi-mi9-se-smartphone\/\" \/>\n\t\t<meta name=\"generator\" content=\"All in One SEO Pro (AIOSEO) 4.5.9.2\" \/>\n\t\t<meta property=\"og:locale\" content=\"es_ES\" \/>\n\t\t<meta property=\"og:site_name\" content=\"Rucas - One-stop AIoT Distribution Worldwide\" \/>\n\t\t<meta property=\"og:type\" content=\"article\" \/>\n\t\t<meta property=\"og:title\" content=\"Xiaomi Mi9 SE Smartphone - Rucas - Wholesale and Distribution\" \/>\n\t\t<meta property=\"og:description\" content=\"Main display: AMOLED 16M colors 1080 x 2340 px (5.97\u2033) 432 ppi Android 9.0 Pie Qualcomm Snapdragon 712 2,30 GHz [Number of cores: 8] Li-Po 3070 mAh Internal memory: 64 GB, 128 GB RAM memory: 6 GB 48 Mpx, 8000x6000 px\" \/>\n\t\t<meta property=\"og:url\" content=\"https:\/\/www.rucashk.com\/es\/producto\/xiaomi-mi9-se-smartphone\/\" \/>\n\t\t<meta property=\"og:image\" content=\"https:\/\/www.rucashk.com\/wp-content\/uploads\/replace\/503b8e645f128a97ccde2b6290747646.jpeg\" \/>\n\t\t<meta property=\"og:image:secure_url\" content=\"https:\/\/www.rucashk.com\/wp-content\/uploads\/replace\/503b8e645f128a97ccde2b6290747646.jpeg\" \/>\n\t\t<meta property=\"og:image:width\" content=\"1456\" \/>\n\t\t<meta property=\"og:image:height\" content=\"816\" \/>\n\t\t<meta property=\"article:published_time\" content=\"2024-01-09T15:50:40+00:00\" \/>\n\t\t<meta property=\"article:modified_time\" content=\"2024-03-11T07:48:57+00:00\" \/>\n\t\t<meta name=\"twitter:card\" content=\"summary_large_image\" \/>\n\t\t<meta name=\"twitter:title\" content=\"Xiaomi Mi9 SE Smartphone - Rucas - Wholesale and Distribution\" \/>\n\t\t<meta name=\"twitter:description\" content=\"Main display: AMOLED 16M colors 1080 x 2340 px (5.97\u2033) 432 ppi Android 9.0 Pie Qualcomm Snapdragon 712 2,30 GHz [Number of cores: 8] Li-Po 3070 mAh Internal memory: 64 GB, 128 GB RAM memory: 6 GB 48 Mpx, 8000x6000 px\" \/>\n\t\t<meta name=\"twitter:image\" content=\"https:\/\/www.rucashk.com\/wp-content\/uploads\/replace\/503b8e645f128a97ccde2b6290747646.jpeg\" \/>\n\t\t<script type=\"application\/ld+json\" class=\"aioseo-schema\">\n\t\t\t{\"@context\":\"https:\\\/\\\/schema.org\",\"@graph\":[{\"@type\":\"BreadcrumbList\",\"@id\":\"https:\\\/\\\/www.rucashk.com\\\/es\\\/producto\\\/xiaomi-mi9-se-smartphone\\\/#breadcrumblist\",\"itemListElement\":[{\"@type\":\"ListItem\",\"@id\":\"https:\\\/\\\/www.rucashk.com\\\/es\\\/#listItem\",\"position\":1,\"name\":\"Home\",\"item\":\"https:\\\/\\\/www.rucashk.com\\\/es\\\/\",\"nextItem\":\"https:\\\/\\\/www.rucashk.com\\\/es\\\/producto\\\/xiaomi-mi9-se-smartphone\\\/#listItem\"},{\"@type\":\"ListItem\",\"@id\":\"https:\\\/\\\/www.rucashk.com\\\/es\\\/producto\\\/xiaomi-mi9-se-smartphone\\\/#listItem\",\"position\":2,\"name\":\"Xiaomi Mi9 SE Smartphone\",\"previousItem\":\"https:\\\/\\\/www.rucashk.com\\\/es\\\/#listItem\"}]},{\"@type\":\"Organization\",\"@id\":\"https:\\\/\\\/www.rucashk.com\\\/es\\\/#organization\",\"name\":\"Rucas\",\"url\":\"https:\\\/\\\/www.rucashk.com\\\/es\\\/\",\"logo\":{\"@type\":\"ImageObject\",\"url\":\"https:\\\/\\\/www.rucashk.com\\\/wp-content\\\/uploads\\\/2023\\\/12\\\/Rucas_campany_logo.png\",\"@id\":\"https:\\\/\\\/www.rucashk.com\\\/es\\\/producto\\\/xiaomi-mi9-se-smartphone\\\/#organizationLogo\",\"width\":221,\"height\":65},\"image\":{\"@id\":\"https:\\\/\\\/www.rucashk.com\\\/es\\\/#organizationLogo\"}},{\"@type\":\"Person\",\"@id\":\"https:\\\/\\\/www.rucashk.com\\\/es\\\/author\\\/admin\\\/#author\",\"url\":\"https:\\\/\\\/www.rucashk.com\\\/es\\\/author\\\/admin\\\/\",\"name\":\"admin\",\"image\":{\"@type\":\"ImageObject\",\"@id\":\"https:\\\/\\\/www.rucashk.com\\\/es\\\/producto\\\/xiaomi-mi9-se-smartphone\\\/#authorImage\",\"url\":\"https:\\\/\\\/secure.gravatar.com\\\/avatar\\\/b7c8925b09a27e72b30232f8ecaadbd5af0f70a38c78096863fe51b64f031c24?s=96&d=mm&r=g\",\"width\":96,\"height\":96,\"caption\":\"admin\"}},{\"@type\":\"WebPage\",\"@id\":\"https:\\\/\\\/www.rucashk.com\\\/es\\\/producto\\\/xiaomi-mi9-se-smartphone\\\/#webpage\",\"url\":\"https:\\\/\\\/www.rucashk.com\\\/es\\\/producto\\\/xiaomi-mi9-se-smartphone\\\/\",\"name\":\"Xiaomi Mi9 SE Smartphone - Rucas - Wholesale and Distribution\",\"description\":\"Main display: AMOLED 16M colors 1080 x 2340 px (5.97\\u2033) 432 ppi Android 9.0 Pie Qualcomm Snapdragon 712 2,30 GHz [Number of cores: 8] Li-Po 3070 mAh Internal memory: 64 GB, 128 GB RAM memory: 6 GB 48 Mpx, 8000x6000 px\",\"inLanguage\":\"es-ES\",\"isPartOf\":{\"@id\":\"https:\\\/\\\/www.rucashk.com\\\/es\\\/#website\"},\"breadcrumb\":{\"@id\":\"https:\\\/\\\/www.rucashk.com\\\/es\\\/producto\\\/xiaomi-mi9-se-smartphone\\\/#breadcrumblist\"},\"author\":{\"@id\":\"https:\\\/\\\/www.rucashk.com\\\/es\\\/author\\\/admin\\\/#author\"},\"creator\":{\"@id\":\"https:\\\/\\\/www.rucashk.com\\\/es\\\/author\\\/admin\\\/#author\"},\"image\":{\"@type\":\"ImageObject\",\"url\":\"https:\\\/\\\/www.rucashk.com\\\/wp-content\\\/uploads\\\/2024\\\/01\\\/Xiaomi-Mi9-SE.jpg\",\"@id\":\"https:\\\/\\\/www.rucashk.com\\\/es\\\/producto\\\/xiaomi-mi9-se-smartphone\\\/#mainImage\",\"width\":490,\"height\":513},\"primaryImageOfPage\":{\"@id\":\"https:\\\/\\\/www.rucashk.com\\\/es\\\/producto\\\/xiaomi-mi9-se-smartphone\\\/#mainImage\"},\"datePublished\":\"2024-01-09T15:50:40+00:00\",\"dateModified\":\"2024-03-11T07:48:57+00:00\"},{\"@type\":\"WebSite\",\"@id\":\"https:\\\/\\\/www.rucashk.com\\\/es\\\/#website\",\"url\":\"https:\\\/\\\/www.rucashk.com\\\/es\\\/\",\"name\":\"Rucas - Wholesale and distribution worldwide\",\"alternateName\":\"Rucas - One-stop AIoT Distribution Worldwide\",\"description\":\"One-stop AIoT Distribution Worldwide\",\"inLanguage\":\"es-ES\",\"publisher\":{\"@id\":\"https:\\\/\\\/www.rucashk.com\\\/es\\\/#organization\"}}]}\n\t\t<\/script>\n\t\t<!-- All in One SEO Pro -->\r\n\t\t<title>Xiaomi Mi9 SE Smartphone - Rucas - Wholesale and Distribution<\/title>\n\n","aioseo_head_json":{"title":"Xiaomi Mi9 SE Smartphone - Rucas - Wholesale and Distribution","description":"Main display: AMOLED 16M colors 1080 x 2340 px (5.97\u2033) 432 ppi Android 9.0 Pie Qualcomm Snapdragon 712 2,30 GHz [Number of cores: 8] Li-Po 3070 mAh Internal memory: 64 GB, 128 GB RAM memory: 6 GB 48 Mpx, 8000x6000 px","canonical_url":"https:\/\/www.rucashk.com\/es\/producto\/xiaomi-mi9-se-smartphone\/","robots":"max-image-preview:large","keywords":"","webmasterTools":{"miscellaneous":""},"og:locale":"es_ES","og:site_name":"Rucas - One-stop AIoT Distribution Worldwide","og:type":"article","og:title":"Xiaomi Mi9 SE Smartphone - Rucas - Wholesale and Distribution","og:description":"Main display: AMOLED 16M colors 1080 x 2340 px (5.97\u2033) 432 ppi Android 9.0 Pie Qualcomm Snapdragon 712 2,30 GHz [Number of cores: 8] Li-Po 3070 mAh Internal memory: 64 GB, 128 GB RAM memory: 6 GB 48 Mpx, 8000x6000 px","og:url":"https:\/\/www.rucashk.com\/es\/producto\/xiaomi-mi9-se-smartphone\/","og:image":"https:\/\/www.rucashk.com\/wp-content\/uploads\/replace\/503b8e645f128a97ccde2b6290747646.jpeg","og:image:secure_url":"https:\/\/www.rucashk.com\/wp-content\/uploads\/replace\/503b8e645f128a97ccde2b6290747646.jpeg","og:image:width":1456,"og:image:height":816,"article:published_time":"2024-01-09T15:50:40+00:00","article:modified_time":"2024-03-11T07:48:57+00:00","twitter:card":"summary_large_image","twitter:title":"Xiaomi Mi9 SE Smartphone - Rucas - Wholesale and Distribution","twitter:description":"Main display: AMOLED 16M colors 1080 x 2340 px (5.97\u2033) 432 ppi Android 9.0 Pie Qualcomm Snapdragon 712 2,30 GHz [Number of cores: 8] Li-Po 3070 mAh Internal memory: 64 GB, 128 GB RAM memory: 6 GB 48 Mpx, 8000x6000 px","twitter:image":"https:\/\/www.rucashk.com\/wp-content\/uploads\/replace\/503b8e645f128a97ccde2b6290747646.jpeg","schema":{"@context":"https:\/\/schema.org","@graph":[{"@type":"BreadcrumbList","@id":"https:\/\/www.rucashk.com\/es\/producto\/xiaomi-mi9-se-smartphone\/#breadcrumblist","itemListElement":[{"@type":"ListItem","@id":"https:\/\/www.rucashk.com\/es\/#listItem","position":1,"name":"Home","item":"https:\/\/www.rucashk.com\/es\/","nextItem":"https:\/\/www.rucashk.com\/es\/producto\/xiaomi-mi9-se-smartphone\/#listItem"},{"@type":"ListItem","@id":"https:\/\/www.rucashk.com\/es\/producto\/xiaomi-mi9-se-smartphone\/#listItem","position":2,"name":"Xiaomi Mi9 SE Smartphone","previousItem":"https:\/\/www.rucashk.com\/es\/#listItem"}]},{"@type":"Organization","@id":"https:\/\/www.rucashk.com\/es\/#organization","name":"Rucas","url":"https:\/\/www.rucashk.com\/es\/","logo":{"@type":"ImageObject","url":"https:\/\/www.rucashk.com\/wp-content\/uploads\/2023\/12\/Rucas_campany_logo.png","@id":"https:\/\/www.rucashk.com\/es\/producto\/xiaomi-mi9-se-smartphone\/#organizationLogo","width":221,"height":65},"image":{"@id":"https:\/\/www.rucashk.com\/es\/#organizationLogo"}},{"@type":"Person","@id":"https:\/\/www.rucashk.com\/es\/author\/admin\/#author","url":"https:\/\/www.rucashk.com\/es\/author\/admin\/","name":"admin","image":{"@type":"ImageObject","@id":"https:\/\/www.rucashk.com\/es\/producto\/xiaomi-mi9-se-smartphone\/#authorImage","url":"https:\/\/secure.gravatar.com\/avatar\/b7c8925b09a27e72b30232f8ecaadbd5af0f70a38c78096863fe51b64f031c24?s=96&d=mm&r=g","width":96,"height":96,"caption":"admin"}},{"@type":"WebPage","@id":"https:\/\/www.rucashk.com\/es\/producto\/xiaomi-mi9-se-smartphone\/#webpage","url":"https:\/\/www.rucashk.com\/es\/producto\/xiaomi-mi9-se-smartphone\/","name":"Xiaomi Mi9 SE Smartphone - Rucas - Wholesale and Distribution","description":"Main display: AMOLED 16M colors 1080 x 2340 px (5.97\u2033) 432 ppi Android 9.0 Pie Qualcomm Snapdragon 712 2,30 GHz [Number of cores: 8] Li-Po 3070 mAh Internal memory: 64 GB, 128 GB RAM memory: 6 GB 48 Mpx, 8000x6000 px","inLanguage":"es-ES","isPartOf":{"@id":"https:\/\/www.rucashk.com\/es\/#website"},"breadcrumb":{"@id":"https:\/\/www.rucashk.com\/es\/producto\/xiaomi-mi9-se-smartphone\/#breadcrumblist"},"author":{"@id":"https:\/\/www.rucashk.com\/es\/author\/admin\/#author"},"creator":{"@id":"https:\/\/www.rucashk.com\/es\/author\/admin\/#author"},"image":{"@type":"ImageObject","url":"https:\/\/www.rucashk.com\/wp-content\/uploads\/2024\/01\/Xiaomi-Mi9-SE.jpg","@id":"https:\/\/www.rucashk.com\/es\/producto\/xiaomi-mi9-se-smartphone\/#mainImage","width":490,"height":513},"primaryImageOfPage":{"@id":"https:\/\/www.rucashk.com\/es\/producto\/xiaomi-mi9-se-smartphone\/#mainImage"},"datePublished":"2024-01-09T15:50:40+00:00","dateModified":"2024-03-11T07:48:57+00:00"},{"@type":"WebSite","@id":"https:\/\/www.rucashk.com\/es\/#website","url":"https:\/\/www.rucashk.com\/es\/","name":"Rucas - Wholesale and distribution worldwide","alternateName":"Rucas - One-stop AIoT Distribution Worldwide","description":"One-stop AIoT Distribution Worldwide","inLanguage":"es-ES","publisher":{"@id":"https:\/\/www.rucashk.com\/es\/#organization"}}]}},"aioseo_meta_data":{"post_id":"23010","title":null,"description":null,"keywords":null,"keyphrases":null,"primary_term":null,"canonical_url":null,"og_title":null,"og_description":null,"og_object_type":"default","og_image_type":"default","og_image_url":null,"og_image_width":null,"og_image_height":null,"og_image_custom_url":null,"og_image_custom_fields":null,"og_video":null,"og_custom_url":null,"og_article_section":null,"og_article_tags":null,"twitter_use_og":false,"twitter_card":"default","twitter_image_type":"default","twitter_image_url":null,"twitter_image_custom_url":null,"twitter_image_custom_fields":null,"twitter_title":null,"twitter_description":null,"schema":{"blockGraphs":[],"customGraphs":[],"default":{"data":{"Article":[],"Course":[],"Dataset":[],"FAQPage":[],"Movie":[],"Person":[],"Product":[],"Recipe":[],"Service":[],"SoftwareApplication":[],"WebPage":[]},"graphName":"","isEnabled":true},"graphs":[]},"schema_type":"default","schema_type_options":null,"pillar_content":false,"robots_default":true,"robots_noindex":false,"robots_noarchive":false,"robots_nosnippet":false,"robots_nofollow":false,"robots_noimageindex":false,"robots_noodp":false,"robots_notranslate":false,"robots_max_snippet":null,"robots_max_videopreview":null,"robots_max_imagepreview":"large","priority":null,"frequency":null,"local_seo":null,"breadcrumb_settings":null,"limit_modified_date":false,"created":"2024-04-11 01:55:25","updated":"2025-06-22 16:56:23"},"aioseo_breadcrumb":"<div class=\"aioseo-breadcrumbs\"><span class=\"aioseo-breadcrumb\">\n\t<a href=\"https:\/\/www.rucashk.com\/es\" title=\"Home\">Home<\/a>\n<\/span><span class=\"aioseo-breadcrumb-separator\">&raquo;<\/span><span class=\"aioseo-breadcrumb\">\n\t<a href=\"https:\/\/www.rucashk.com\/es\/products\/\" title=\"Productos\">Productos<\/a>\n<\/span><span class=\"aioseo-breadcrumb-separator\">&raquo;<\/span><span class=\"aioseo-breadcrumb\">\n\t<a href=\"https:\/\/www.rucashk.com\/es\/categoria-producto\/mobile-phone\/\" title=\"Mobile Phone\">Mobile Phone<\/a>\n<\/span><span class=\"aioseo-breadcrumb-separator\">&raquo;<\/span><span class=\"aioseo-breadcrumb\">\n\t<a href=\"https:\/\/www.rucashk.com\/es\/categoria-producto\/mobile-phone\/xiaomi-mobile-phone\/\" title=\"Xiaomi\">Xiaomi<\/a>\n<\/span><span class=\"aioseo-breadcrumb-separator\">&raquo;<\/span><span class=\"aioseo-breadcrumb\">\n\tXiaomi Mi9 SE Smartphone\n<\/span><\/div>","aioseo_breadcrumb_json":[{"label":"Home","link":"https:\/\/www.rucashk.com\/es"},{"label":"Productos","link":"https:\/\/www.rucashk.com\/es\/products\/"},{"label":"Mobile Phone","link":"https:\/\/www.rucashk.com\/es\/categoria-producto\/mobile-phone\/"},{"label":"Xiaomi","link":"https:\/\/www.rucashk.com\/es\/categoria-producto\/mobile-phone\/xiaomi-mobile-phone\/"},{"label":"Xiaomi Mi9 SE Smartphone","link":"https:\/\/www.rucashk.com\/es\/producto\/xiaomi-mi9-se-smartphone\/"}],"_links":{"self":[{"href":"https:\/\/www.rucashk.com\/es\/wp-json\/wp\/v2\/product\/23010","targetHints":{"allow":["GET"]}}],"collection":[{"href":"https:\/\/www.rucashk.com\/es\/wp-json\/wp\/v2\/product"}],"about":[{"href":"https:\/\/www.rucashk.com\/es\/wp-json\/wp\/v2\/types\/product"}],"wp:featuredmedia":[{"embeddable":true,"href":"https:\/\/www.rucashk.com\/es\/wp-json\/wp\/v2\/media\/23091"}],"wp:attachment":[{"href":"https:\/\/www.rucashk.com\/es\/wp-json\/wp\/v2\/media?parent=23010"}],"wp:term":[{"taxonomy":"product_brand","embeddable":true,"href":"https:\/\/www.rucashk.com\/es\/wp-json\/wp\/v2\/product_brand?post=23010"},{"taxonomy":"product_cat","embeddable":true,"href":"https:\/\/www.rucashk.com\/es\/wp-json\/wp\/v2\/product_cat?post=23010"},{"taxonomy":"product_tag","embeddable":true,"href":"https:\/\/www.rucashk.com\/es\/wp-json\/wp\/v2\/product_tag?post=23010"}],"curies":[{"name":"wp","href":"https:\/\/api.w.org\/{rel}","templated":true}]}}