{"id":23008,"date":"2024-01-09T15:50:40","date_gmt":"2024-01-09T15:50:40","guid":{"rendered":"http:\/\/rucashk.com\/?post_type=product&#038;p=23008"},"modified":"2024-03-13T07:42:26","modified_gmt":"2024-03-13T07:42:26","slug":"mijia-electric-shaver-s300","status":"publish","type":"product","link":"https:\/\/www.rucashk.com\/es\/producto\/mijia-electric-shaver-s300\/","title":{"rendered":"Afeitadora el\u00e9ctrica Mijia S300"},"content":{"rendered":"<h2 style=\"text-align: center\">Afeitadora el\u00e9ctrica Mijia S300<\/h2>\n<p><img fetchpriority=\"high\" decoding=\"async\" class=\"aligncenter\" src=\"\/wp-content\/uploads\/replace\/718ad6295051622effd2527393864b0b.jpeg\" alt=\"Mijia\u00a0Electric Shaver S300\" width=\"1080\" height=\"1440\" \/><img decoding=\"async\" class=\"aligncenter\" src=\"\/wp-content\/uploads\/replace\/b922f6aa20d9cb3801516001a8eafd9c.jpeg\" alt=\"Mijia\u00a0Electric Shaver S300\" width=\"1080\" height=\"1443\" \/><img decoding=\"async\" class=\"aligncenter\" src=\"\/wp-content\/uploads\/replace\/c5658ddeec9823e3cb9b47d42583e486.jpeg\" alt=\"Mijia\u00a0Electric Shaver S300\" width=\"1080\" height=\"1444\" \/><img loading=\"lazy\" decoding=\"async\" class=\"aligncenter\" src=\"\/wp-content\/uploads\/replace\/6ab83df8f821dd79ff8c5a2a01fdf815.jpeg\" alt=\"Mijia\u00a0Electric Shaver S300\" width=\"1080\" height=\"1443\" \/><img loading=\"lazy\" decoding=\"async\" class=\"aligncenter\" src=\"\/wp-content\/uploads\/replace\/e203f7dc6d6f4b0709aae239b274d52d.jpeg\" alt=\"Mijia\u00a0Electric Shaver S300\" width=\"1080\" height=\"1444\" \/><img loading=\"lazy\" decoding=\"async\" class=\"aligncenter\" src=\"\/wp-content\/uploads\/replace\/4cd0b64c45b060d17647c30171511282.jpeg\" alt=\"Mijia\u00a0Electric Shaver S300\" width=\"1080\" height=\"1443\" \/><img loading=\"lazy\" decoding=\"async\" class=\"aligncenter\" src=\"\/wp-content\/uploads\/replace\/bc269d49b7232d49c5edd03d497c0365.jpeg\" alt=\"Mijia\u00a0Electric Shaver S300\" width=\"1080\" height=\"985\" \/>V<img loading=\"lazy\" decoding=\"async\" class=\"aligncenter\" src=\"\/wp-content\/uploads\/replace\/dad3cd64e69f0bcba391ec7a3286a211.jpeg\" alt=\"Mijia\u00a0Electric Shaver S300\" width=\"1080\" height=\"1443\" \/><img loading=\"lazy\" decoding=\"async\" class=\"aligncenter\" src=\"\/wp-content\/uploads\/replace\/e260409d55b901e1a75e476e067cf74b.jpeg\" alt=\"Mijia\u00a0Electric Shaver S300\" width=\"1075\" height=\"1037\" \/><img loading=\"lazy\" decoding=\"async\" class=\"aligncenter\" src=\"\/wp-content\/uploads\/replace\/81df4b0e484eedbe9e7834debe052b94.jpeg\" alt=\"Mijia\u00a0Electric Shaver S300\" width=\"1080\" height=\"1180\" \/><img loading=\"lazy\" decoding=\"async\" class=\"aligncenter\" src=\"\/wp-content\/uploads\/replace\/25cab6e813b93de06c0291ff5cbdee54.jpeg\" alt=\"Mijia\u00a0Electric Shaver S300\" width=\"1077\" height=\"741\" \/><img loading=\"lazy\" decoding=\"async\" class=\"aligncenter\" src=\"\/wp-content\/uploads\/replace\/6ea956edbfcce608ba3f259052fa7b64.jpeg\" alt=\"Mijia\u00a0Electric Shaver S300\" width=\"1077\" height=\"449\" \/><img loading=\"lazy\" decoding=\"async\" class=\"aligncenter\" src=\"\/wp-content\/uploads\/replace\/305bd769a8d51ee918c2cb1e32b4a95e.jpeg\" alt=\"Mijia\u00a0Electric Shaver S300\" width=\"1080\" height=\"1444\" \/><img loading=\"lazy\" decoding=\"async\" class=\"aligncenter\" src=\"\/wp-content\/uploads\/replace\/dee368520901c76790a1226beea17bca.jpeg\" alt=\"Mijia\u00a0Electric Shaver S300\" width=\"1080\" height=\"1443\" \/><img loading=\"lazy\" decoding=\"async\" class=\"aligncenter\" src=\"\/wp-content\/uploads\/replace\/d073ae0605b9932ecaeb266f0b3fbb68.jpeg\" alt=\"Mijia\u00a0Electric Shaver S300\" width=\"1080\" height=\"452\" \/><img loading=\"lazy\" decoding=\"async\" class=\"aligncenter\" src=\"\/wp-content\/uploads\/replace\/f80b1f43b400cbf2cfb041a284f6b2f2.jpeg\" alt=\"Mijia\u00a0Electric Shaver S300\" width=\"1080\" height=\"850\" \/><img loading=\"lazy\" decoding=\"async\" class=\"aligncenter\" src=\"\/wp-content\/uploads\/replace\/6c8b172051c017a418c5ca439c98983d.jpeg\" alt=\"Mijia\u00a0Electric Shaver S300\" width=\"1080\" height=\"944\" \/><img loading=\"lazy\" decoding=\"async\" class=\"aligncenter\" src=\"\/wp-content\/uploads\/replace\/57bc669dbfd31d9a1bfb673224ac7997.jpeg\" alt=\"Mijia\u00a0Electric Shaver S300\" width=\"1080\" height=\"740\" \/><img loading=\"lazy\" decoding=\"async\" class=\"aligncenter\" src=\"\/wp-content\/uploads\/replace\/48aae0f8d06c366dbde72af5e91e7c9a.jpeg\" alt=\"Mijia\u00a0Electric Shaver S300\" width=\"800\" height=\"800\" \/><img loading=\"lazy\" decoding=\"async\" class=\"aligncenter\" src=\"\/wp-content\/uploads\/replace\/0ef4c39276a5a04682e80af16a13f52f.jpeg\" alt=\"Mijia\u00a0Electric Shaver S300\" width=\"1080\" height=\"770\" \/><\/p>\n<p>Caracter\u00edsticas:<br \/>\n\u2013 Hay disponible afeitado de barba seco o h\u00famedo, muy conveniente.<br \/>\n\u2013 Resistencia al agua IPX7 de cuerpo completo: el cuerpo completo de la afeitadora es lavable y f\u00e1cil de limpiar.<br \/>\n\u2013 Tecnolog\u00eda de afeitado flotante 3D, adecuada para todos los contornos faciales, m\u00e1s limpia.<br \/>\n\u2013 Viene con una cuchilla de doble anillo y una red para cuchillas que garantizan una experiencia de afeitado r\u00e1pida.<br \/>\n\u2013 Acero JFE y SANDVIK importado de alta calidad, m\u00e1s duradero.<br \/>\n\u2013 Tecnolog\u00eda de mecanizado electroqu\u00edmico ECM, hoja de afeitar m\u00e1s afilada.<br \/>\n\u2013 Carga r\u00e1pida: solo es necesario cargar durante 2 horas y luego se puede utilizar durante 60 minutos.<br \/>\n\u2013 Adopta un motor japon\u00e9s, velocidad de corte de 3,9 m\/segundo, especialmente adecuado para <a href=\"https:\/\/www.rucashk.com\/es\/producto\/inface-ultrasonic-facial-skin-scrubber-ion-deep-face-cleaning\/\" class=\"\" style=\"width: auto !important\" data-wpil-post-to-id=\"9600\">limpieza profunda<\/a> necesidad.<br \/>\n\u2013 Cabezal de corte desmontable, f\u00e1cil de desmontar y limpiar, cuerpo separado, el cabezal de corte se puede desmontar f\u00e1cilmente, es flexible y conveniente.<br \/>\n\u2013 Protecci\u00f3n de apagado de 10 minutos, ahorro de energ\u00eda. La afeitadora Mijia funciona continuamente durante 10 minutos y cortar\u00e1 autom\u00e1ticamente la energ\u00eda para evitar riesgos de seguridad ocultos causados por un arranque accidental, al mismo tiempo que evita la p\u00e9rdida de energ\u00eda, es segura y ahorra energ\u00eda.<br \/>\n\u2013 Bloqueo de viaje inteligente, protecci\u00f3n de seguridad en todo momento. Anti-error inteligente, presione prolongadamente la tecla, puede ingresar al estado de bloqueo o desbloqueo de viaje, para evitar que la afeitadora en la bolsa de viaje se toque y se encienda accidentalmente, causando posibles riesgos de seguridad.<\/p>\n<p>El paquete incluye:<br \/>\n1 afeitadora.<br \/>\n1 cable de carga tipo C.<br \/>\n1 manual de usuario.<\/p>","protected":false},"excerpt":{"rendered":"<p><strong>Especificaciones:<\/strong><br \/>\nBrand: Xiaomi Mijia<br \/>\nModel: S300<br \/>\nNivel de impermeabilidad: IPX7<br \/>\nCharging Interface: Type-C<br \/>\nRated Input: 5V\/1A<br \/>\nCharging Time:1.5 hours<br \/>\nPotencia nominal: 3W<br \/>\nBattery Life: Max. 60 minutes<br \/>\nProduct Size: 155.1&#215;61.6&#215;63.3mm\/6.11*2.43*2.49in<br \/>\nPackage Size: 186.2*105.5*75.1mm\/7.32*4.15*2.96in<br \/>\nPackage Weight: 345g\/12.17oz<\/p>","protected":false},"featured_media":23085,"template":"","meta":[],"product_brand":[],"product_cat":[1320,1305],"product_tag":[804],"class_list":{"0":"post-23008","1":"product","2":"type-product","3":"status-publish","4":"has-post-thumbnail","6":"product_cat-personal-care","7":"product_cat-xiaomi-eco","8":"product_tag-mijia-electric-shaver-s300","10":"first","11":"instock","12":"shipping-taxable","13":"product-type-external"},"aioseo_notices":[],"aioseo_head":"\n\t\t<!-- All in One SEO Pro 4.5.9.2 - aioseo.com -->\n\t\t<meta name=\"description\" content=\"Specifications: Brand: Xiaomi Mijia Model: S300 Waterproof Level: IPX7 Charging Interface: Type-C Rated Input: 5V\/1A Charging Time:1.5 hours Rated Power: 3W Battery Life: Max. 60 minutes Product Size: 155.1x61.6x63.3mm\/6.11*2.43*2.49in Package Size: 186.2*105.5*75.1mm\/7.32*4.15*2.96in Package Weight: 345g\/12.17oz\" \/>\n\t\t<meta name=\"robots\" content=\"max-image-preview:large\" \/>\n\t\t<link rel=\"canonical\" href=\"https:\/\/www.rucashk.com\/es\/producto\/mijia-electric-shaver-s300\/\" \/>\n\t\t<meta name=\"generator\" content=\"All in One SEO Pro (AIOSEO) 4.5.9.2\" \/>\n\t\t<meta property=\"og:locale\" content=\"es_ES\" \/>\n\t\t<meta property=\"og:site_name\" content=\"Rucas - One-stop AIoT Distribution Worldwide\" \/>\n\t\t<meta property=\"og:type\" content=\"article\" \/>\n\t\t<meta property=\"og:title\" content=\"Mijia Electric Shaver S300 - Rucas - Wholesale and Distribution\" \/>\n\t\t<meta property=\"og:description\" content=\"Specifications: Brand: Xiaomi Mijia Model: S300 Waterproof Level: IPX7 Charging Interface: Type-C Rated Input: 5V\/1A Charging Time:1.5 hours Rated Power: 3W Battery Life: Max. 60 minutes Product Size: 155.1x61.6x63.3mm\/6.11*2.43*2.49in Package Size: 186.2*105.5*75.1mm\/7.32*4.15*2.96in Package Weight: 345g\/12.17oz\" \/>\n\t\t<meta property=\"og:url\" content=\"https:\/\/www.rucashk.com\/es\/producto\/mijia-electric-shaver-s300\/\" \/>\n\t\t<meta property=\"og:image\" content=\"https:\/\/www.rucashk.com\/wp-content\/uploads\/replace\/503b8e645f128a97ccde2b6290747646.jpeg\" \/>\n\t\t<meta property=\"og:image:secure_url\" content=\"https:\/\/www.rucashk.com\/wp-content\/uploads\/replace\/503b8e645f128a97ccde2b6290747646.jpeg\" \/>\n\t\t<meta property=\"og:image:width\" content=\"1456\" \/>\n\t\t<meta property=\"og:image:height\" content=\"816\" \/>\n\t\t<meta property=\"article:published_time\" content=\"2024-01-09T15:50:40+00:00\" \/>\n\t\t<meta property=\"article:modified_time\" content=\"2024-03-13T07:42:26+00:00\" \/>\n\t\t<meta name=\"twitter:card\" content=\"summary_large_image\" \/>\n\t\t<meta name=\"twitter:title\" content=\"Mijia Electric Shaver S300 - Rucas - Wholesale and Distribution\" \/>\n\t\t<meta name=\"twitter:description\" content=\"Specifications: Brand: Xiaomi Mijia Model: S300 Waterproof Level: IPX7 Charging Interface: Type-C Rated Input: 5V\/1A Charging Time:1.5 hours Rated Power: 3W Battery Life: Max. 60 minutes Product Size: 155.1x61.6x63.3mm\/6.11*2.43*2.49in Package Size: 186.2*105.5*75.1mm\/7.32*4.15*2.96in Package Weight: 345g\/12.17oz\" \/>\n\t\t<meta name=\"twitter:image\" content=\"https:\/\/www.rucashk.com\/wp-content\/uploads\/replace\/503b8e645f128a97ccde2b6290747646.jpeg\" \/>\n\t\t<script type=\"application\/ld+json\" class=\"aioseo-schema\">\n\t\t\t{\"@context\":\"https:\\\/\\\/schema.org\",\"@graph\":[{\"@type\":\"BreadcrumbList\",\"@id\":\"https:\\\/\\\/www.rucashk.com\\\/es\\\/producto\\\/mijia-electric-shaver-s300\\\/#breadcrumblist\",\"itemListElement\":[{\"@type\":\"ListItem\",\"@id\":\"https:\\\/\\\/www.rucashk.com\\\/es\\\/#listItem\",\"position\":1,\"name\":\"Home\",\"item\":\"https:\\\/\\\/www.rucashk.com\\\/es\\\/\",\"nextItem\":\"https:\\\/\\\/www.rucashk.com\\\/es\\\/producto\\\/mijia-electric-shaver-s300\\\/#listItem\"},{\"@type\":\"ListItem\",\"@id\":\"https:\\\/\\\/www.rucashk.com\\\/es\\\/producto\\\/mijia-electric-shaver-s300\\\/#listItem\",\"position\":2,\"name\":\"Mijia\\u00a0Electric Shaver S300\",\"previousItem\":\"https:\\\/\\\/www.rucashk.com\\\/es\\\/#listItem\"}]},{\"@type\":\"Organization\",\"@id\":\"https:\\\/\\\/www.rucashk.com\\\/es\\\/#organization\",\"name\":\"Rucas\",\"url\":\"https:\\\/\\\/www.rucashk.com\\\/es\\\/\",\"logo\":{\"@type\":\"ImageObject\",\"url\":\"https:\\\/\\\/www.rucashk.com\\\/wp-content\\\/uploads\\\/2023\\\/12\\\/Rucas_campany_logo.png\",\"@id\":\"https:\\\/\\\/www.rucashk.com\\\/es\\\/producto\\\/mijia-electric-shaver-s300\\\/#organizationLogo\",\"width\":221,\"height\":65},\"image\":{\"@id\":\"https:\\\/\\\/www.rucashk.com\\\/es\\\/#organizationLogo\"}},{\"@type\":\"Person\",\"@id\":\"https:\\\/\\\/www.rucashk.com\\\/es\\\/author\\\/admin\\\/#author\",\"url\":\"https:\\\/\\\/www.rucashk.com\\\/es\\\/author\\\/admin\\\/\",\"name\":\"admin\",\"image\":{\"@type\":\"ImageObject\",\"@id\":\"https:\\\/\\\/www.rucashk.com\\\/es\\\/producto\\\/mijia-electric-shaver-s300\\\/#authorImage\",\"url\":\"https:\\\/\\\/secure.gravatar.com\\\/avatar\\\/b7c8925b09a27e72b30232f8ecaadbd5af0f70a38c78096863fe51b64f031c24?s=96&d=mm&r=g\",\"width\":96,\"height\":96,\"caption\":\"admin\"}},{\"@type\":\"WebPage\",\"@id\":\"https:\\\/\\\/www.rucashk.com\\\/es\\\/producto\\\/mijia-electric-shaver-s300\\\/#webpage\",\"url\":\"https:\\\/\\\/www.rucashk.com\\\/es\\\/producto\\\/mijia-electric-shaver-s300\\\/\",\"name\":\"Mijia Electric Shaver S300 - Rucas - Wholesale and Distribution\",\"description\":\"Specifications: Brand: Xiaomi Mijia Model: S300 Waterproof Level: IPX7 Charging Interface: Type-C Rated Input: 5V\\\/1A Charging Time:1.5 hours Rated Power: 3W Battery Life: Max. 60 minutes Product Size: 155.1x61.6x63.3mm\\\/6.11*2.43*2.49in Package Size: 186.2*105.5*75.1mm\\\/7.32*4.15*2.96in Package Weight: 345g\\\/12.17oz\",\"inLanguage\":\"es-ES\",\"isPartOf\":{\"@id\":\"https:\\\/\\\/www.rucashk.com\\\/es\\\/#website\"},\"breadcrumb\":{\"@id\":\"https:\\\/\\\/www.rucashk.com\\\/es\\\/producto\\\/mijia-electric-shaver-s300\\\/#breadcrumblist\"},\"author\":{\"@id\":\"https:\\\/\\\/www.rucashk.com\\\/es\\\/author\\\/admin\\\/#author\"},\"creator\":{\"@id\":\"https:\\\/\\\/www.rucashk.com\\\/es\\\/author\\\/admin\\\/#author\"},\"image\":{\"@type\":\"ImageObject\",\"url\":\"https:\\\/\\\/www.rucashk.com\\\/wp-content\\\/uploads\\\/2024\\\/01\\\/4_\\u526f\\u672c-10.jpg\",\"@id\":\"https:\\\/\\\/www.rucashk.com\\\/es\\\/producto\\\/mijia-electric-shaver-s300\\\/#mainImage\",\"width\":800,\"height\":800},\"primaryImageOfPage\":{\"@id\":\"https:\\\/\\\/www.rucashk.com\\\/es\\\/producto\\\/mijia-electric-shaver-s300\\\/#mainImage\"},\"datePublished\":\"2024-01-09T15:50:40+00:00\",\"dateModified\":\"2024-03-13T07:42:26+00:00\"},{\"@type\":\"WebSite\",\"@id\":\"https:\\\/\\\/www.rucashk.com\\\/es\\\/#website\",\"url\":\"https:\\\/\\\/www.rucashk.com\\\/es\\\/\",\"name\":\"Rucas - Wholesale and distribution worldwide\",\"alternateName\":\"Rucas - One-stop AIoT Distribution Worldwide\",\"description\":\"One-stop AIoT Distribution Worldwide\",\"inLanguage\":\"es-ES\",\"publisher\":{\"@id\":\"https:\\\/\\\/www.rucashk.com\\\/es\\\/#organization\"}}]}\n\t\t<\/script>\n\t\t<!-- All in One SEO Pro -->\r\n\t\t<title>Mijia Electric Shaver S300 - Rucas - Wholesale and Distribution<\/title>\n\n","aioseo_head_json":{"title":"Mijia Electric Shaver S300 - Rucas - Wholesale and Distribution","description":"Specifications: Brand: Xiaomi Mijia Model: S300 Waterproof Level: IPX7 Charging Interface: Type-C Rated Input: 5V\/1A Charging Time:1.5 hours Rated Power: 3W Battery Life: Max. 60 minutes Product Size: 155.1x61.6x63.3mm\/6.11*2.43*2.49in Package Size: 186.2*105.5*75.1mm\/7.32*4.15*2.96in Package Weight: 345g\/12.17oz","canonical_url":"https:\/\/www.rucashk.com\/es\/producto\/mijia-electric-shaver-s300\/","robots":"max-image-preview:large","keywords":"","webmasterTools":{"miscellaneous":""},"og:locale":"es_ES","og:site_name":"Rucas - One-stop AIoT Distribution Worldwide","og:type":"article","og:title":"Mijia Electric Shaver S300 - Rucas - Wholesale and Distribution","og:description":"Specifications: Brand: Xiaomi Mijia Model: S300 Waterproof Level: IPX7 Charging Interface: Type-C Rated Input: 5V\/1A Charging Time:1.5 hours Rated Power: 3W Battery Life: Max. 60 minutes Product Size: 155.1x61.6x63.3mm\/6.11*2.43*2.49in Package Size: 186.2*105.5*75.1mm\/7.32*4.15*2.96in Package Weight: 345g\/12.17oz","og:url":"https:\/\/www.rucashk.com\/es\/producto\/mijia-electric-shaver-s300\/","og:image":"https:\/\/www.rucashk.com\/wp-content\/uploads\/replace\/503b8e645f128a97ccde2b6290747646.jpeg","og:image:secure_url":"https:\/\/www.rucashk.com\/wp-content\/uploads\/replace\/503b8e645f128a97ccde2b6290747646.jpeg","og:image:width":1456,"og:image:height":816,"article:published_time":"2024-01-09T15:50:40+00:00","article:modified_time":"2024-03-13T07:42:26+00:00","twitter:card":"summary_large_image","twitter:title":"Mijia Electric Shaver S300 - Rucas - Wholesale and Distribution","twitter:description":"Specifications: Brand: Xiaomi Mijia Model: S300 Waterproof Level: IPX7 Charging Interface: Type-C Rated Input: 5V\/1A Charging Time:1.5 hours Rated Power: 3W Battery Life: Max. 60 minutes Product Size: 155.1x61.6x63.3mm\/6.11*2.43*2.49in Package Size: 186.2*105.5*75.1mm\/7.32*4.15*2.96in Package Weight: 345g\/12.17oz","twitter:image":"https:\/\/www.rucashk.com\/wp-content\/uploads\/replace\/503b8e645f128a97ccde2b6290747646.jpeg","schema":{"@context":"https:\/\/schema.org","@graph":[{"@type":"BreadcrumbList","@id":"https:\/\/www.rucashk.com\/es\/producto\/mijia-electric-shaver-s300\/#breadcrumblist","itemListElement":[{"@type":"ListItem","@id":"https:\/\/www.rucashk.com\/es\/#listItem","position":1,"name":"Home","item":"https:\/\/www.rucashk.com\/es\/","nextItem":"https:\/\/www.rucashk.com\/es\/producto\/mijia-electric-shaver-s300\/#listItem"},{"@type":"ListItem","@id":"https:\/\/www.rucashk.com\/es\/producto\/mijia-electric-shaver-s300\/#listItem","position":2,"name":"Mijia\u00a0Electric Shaver S300","previousItem":"https:\/\/www.rucashk.com\/es\/#listItem"}]},{"@type":"Organization","@id":"https:\/\/www.rucashk.com\/es\/#organization","name":"Rucas","url":"https:\/\/www.rucashk.com\/es\/","logo":{"@type":"ImageObject","url":"https:\/\/www.rucashk.com\/wp-content\/uploads\/2023\/12\/Rucas_campany_logo.png","@id":"https:\/\/www.rucashk.com\/es\/producto\/mijia-electric-shaver-s300\/#organizationLogo","width":221,"height":65},"image":{"@id":"https:\/\/www.rucashk.com\/es\/#organizationLogo"}},{"@type":"Person","@id":"https:\/\/www.rucashk.com\/es\/author\/admin\/#author","url":"https:\/\/www.rucashk.com\/es\/author\/admin\/","name":"admin","image":{"@type":"ImageObject","@id":"https:\/\/www.rucashk.com\/es\/producto\/mijia-electric-shaver-s300\/#authorImage","url":"https:\/\/secure.gravatar.com\/avatar\/b7c8925b09a27e72b30232f8ecaadbd5af0f70a38c78096863fe51b64f031c24?s=96&d=mm&r=g","width":96,"height":96,"caption":"admin"}},{"@type":"WebPage","@id":"https:\/\/www.rucashk.com\/es\/producto\/mijia-electric-shaver-s300\/#webpage","url":"https:\/\/www.rucashk.com\/es\/producto\/mijia-electric-shaver-s300\/","name":"Mijia Electric Shaver S300 - Rucas - Wholesale and Distribution","description":"Specifications: Brand: Xiaomi Mijia Model: S300 Waterproof Level: IPX7 Charging Interface: Type-C Rated Input: 5V\/1A Charging Time:1.5 hours Rated Power: 3W Battery Life: Max. 60 minutes Product Size: 155.1x61.6x63.3mm\/6.11*2.43*2.49in Package Size: 186.2*105.5*75.1mm\/7.32*4.15*2.96in Package Weight: 345g\/12.17oz","inLanguage":"es-ES","isPartOf":{"@id":"https:\/\/www.rucashk.com\/es\/#website"},"breadcrumb":{"@id":"https:\/\/www.rucashk.com\/es\/producto\/mijia-electric-shaver-s300\/#breadcrumblist"},"author":{"@id":"https:\/\/www.rucashk.com\/es\/author\/admin\/#author"},"creator":{"@id":"https:\/\/www.rucashk.com\/es\/author\/admin\/#author"},"image":{"@type":"ImageObject","url":"https:\/\/www.rucashk.com\/wp-content\/uploads\/2024\/01\/4_\u526f\u672c-10.jpg","@id":"https:\/\/www.rucashk.com\/es\/producto\/mijia-electric-shaver-s300\/#mainImage","width":800,"height":800},"primaryImageOfPage":{"@id":"https:\/\/www.rucashk.com\/es\/producto\/mijia-electric-shaver-s300\/#mainImage"},"datePublished":"2024-01-09T15:50:40+00:00","dateModified":"2024-03-13T07:42:26+00:00"},{"@type":"WebSite","@id":"https:\/\/www.rucashk.com\/es\/#website","url":"https:\/\/www.rucashk.com\/es\/","name":"Rucas - Wholesale and distribution worldwide","alternateName":"Rucas - One-stop AIoT Distribution Worldwide","description":"One-stop AIoT Distribution Worldwide","inLanguage":"es-ES","publisher":{"@id":"https:\/\/www.rucashk.com\/es\/#organization"}}]}},"aioseo_meta_data":{"post_id":"23008","title":null,"description":null,"keywords":null,"keyphrases":null,"primary_term":null,"canonical_url":null,"og_title":null,"og_description":null,"og_object_type":"default","og_image_type":"default","og_image_url":null,"og_image_width":null,"og_image_height":null,"og_image_custom_url":null,"og_image_custom_fields":null,"og_video":null,"og_custom_url":null,"og_article_section":null,"og_article_tags":null,"twitter_use_og":false,"twitter_card":"default","twitter_image_type":"default","twitter_image_url":null,"twitter_image_custom_url":null,"twitter_image_custom_fields":null,"twitter_title":null,"twitter_description":null,"schema":{"blockGraphs":[],"customGraphs":[],"default":{"data":{"Article":[],"Course":[],"Dataset":[],"FAQPage":[],"Movie":[],"Person":[],"Product":[],"Recipe":[],"Service":[],"SoftwareApplication":[],"WebPage":[]},"graphName":"","isEnabled":true},"graphs":[]},"schema_type":"default","schema_type_options":null,"pillar_content":false,"robots_default":true,"robots_noindex":false,"robots_noarchive":false,"robots_nosnippet":false,"robots_nofollow":false,"robots_noimageindex":false,"robots_noodp":false,"robots_notranslate":false,"robots_max_snippet":null,"robots_max_videopreview":null,"robots_max_imagepreview":"large","priority":null,"frequency":null,"local_seo":null,"breadcrumb_settings":null,"limit_modified_date":false,"created":"2024-04-11 01:55:25","updated":"2025-06-22 16:55:05"},"aioseo_breadcrumb":"<div class=\"aioseo-breadcrumbs\"><span class=\"aioseo-breadcrumb\">\n\t<a href=\"https:\/\/www.rucashk.com\/es\" title=\"Home\">Home<\/a>\n<\/span><span class=\"aioseo-breadcrumb-separator\">&raquo;<\/span><span class=\"aioseo-breadcrumb\">\n\t<a href=\"https:\/\/www.rucashk.com\/es\/products\/\" title=\"Productos\">Productos<\/a>\n<\/span><span class=\"aioseo-breadcrumb-separator\">&raquo;<\/span><span class=\"aioseo-breadcrumb\">\n\t<a href=\"https:\/\/www.rucashk.com\/es\/categoria-producto\/xiaomi-eco\/\" title=\"Xiaomi Eco\">Xiaomi Eco<\/a>\n<\/span><span class=\"aioseo-breadcrumb-separator\">&raquo;<\/span><span class=\"aioseo-breadcrumb\">\n\t<a href=\"https:\/\/www.rucashk.com\/es\/categoria-producto\/xiaomi-eco\/personal-care\/\" title=\"Personal Care\">Personal Care<\/a>\n<\/span><span class=\"aioseo-breadcrumb-separator\">&raquo;<\/span><span class=\"aioseo-breadcrumb\">\n\tMijia\u00a0Electric Shaver S300\n<\/span><\/div>","aioseo_breadcrumb_json":[{"label":"Home","link":"https:\/\/www.rucashk.com\/es"},{"label":"Productos","link":"https:\/\/www.rucashk.com\/es\/products\/"},{"label":"Xiaomi Eco","link":"https:\/\/www.rucashk.com\/es\/categoria-producto\/xiaomi-eco\/"},{"label":"Personal Care","link":"https:\/\/www.rucashk.com\/es\/categoria-producto\/xiaomi-eco\/personal-care\/"},{"label":"Mijia\u00a0Electric Shaver S300","link":"https:\/\/www.rucashk.com\/es\/producto\/mijia-electric-shaver-s300\/"}],"_links":{"self":[{"href":"https:\/\/www.rucashk.com\/es\/wp-json\/wp\/v2\/product\/23008","targetHints":{"allow":["GET"]}}],"collection":[{"href":"https:\/\/www.rucashk.com\/es\/wp-json\/wp\/v2\/product"}],"about":[{"href":"https:\/\/www.rucashk.com\/es\/wp-json\/wp\/v2\/types\/product"}],"wp:featuredmedia":[{"embeddable":true,"href":"https:\/\/www.rucashk.com\/es\/wp-json\/wp\/v2\/media\/23085"}],"wp:attachment":[{"href":"https:\/\/www.rucashk.com\/es\/wp-json\/wp\/v2\/media?parent=23008"}],"wp:term":[{"taxonomy":"product_brand","embeddable":true,"href":"https:\/\/www.rucashk.com\/es\/wp-json\/wp\/v2\/product_brand?post=23008"},{"taxonomy":"product_cat","embeddable":true,"href":"https:\/\/www.rucashk.com\/es\/wp-json\/wp\/v2\/product_cat?post=23008"},{"taxonomy":"product_tag","embeddable":true,"href":"https:\/\/www.rucashk.com\/es\/wp-json\/wp\/v2\/product_tag?post=23008"}],"curies":[{"name":"wp","href":"https:\/\/api.w.org\/{rel}","templated":true}]}}