{"id":23003,"date":"2024-01-09T15:50:39","date_gmt":"2024-01-09T15:50:39","guid":{"rendered":"http:\/\/rucashk.com\/?post_type=product&#038;p=23003"},"modified":"2024-03-13T07:43:23","modified_gmt":"2024-03-13T07:43:23","slug":"xiaomi-enchen-sharp-hair-trimmer-3s","status":"publish","type":"product","link":"https:\/\/www.rucashk.com\/es\/producto\/xiaomi-enchen-sharp-hair-trimmer-3s\/","title":{"rendered":"Cortapelos Xiaomi ENCHEN Sharp 3S"},"content":{"rendered":"<h2 style=\"text-align: center\">Cortapelos Xiaomi ENCHEN Sharp 3S<\/h2>\n<p><img fetchpriority=\"high\" decoding=\"async\" class=\"aligncenter\" src=\"\/wp-content\/uploads\/replace\/88082fbda5da3bcacf62216b72be1ee6.jpeg\" alt=\"Xiaomi\u00a0ENCHEN Sharp Hair Trimmer 3S\" width=\"790\" height=\"1382\" \/><img decoding=\"async\" class=\"aligncenter\" src=\"\/wp-content\/uploads\/replace\/bd348b893acd7c5fe3efed010ab97980.jpeg\" alt=\"Xiaomi\u00a0ENCHEN Sharp Hair Trimmer 3S\" width=\"790\" height=\"1540\" \/><img decoding=\"async\" class=\"aligncenter\" src=\"\/wp-content\/uploads\/replace\/9cabbe8a82f50ab8d0b4e8bd1a392fe1.jpeg\" alt=\"Xiaomi\u00a0ENCHEN Sharp Hair Trimmer 3S\" width=\"790\" height=\"524\" \/><img loading=\"lazy\" decoding=\"async\" class=\"aligncenter\" src=\"\/wp-content\/uploads\/replace\/3ec4db02536d6ce57257103b351e35af.jpeg\" alt=\"Xiaomi\u00a0ENCHEN Sharp Hair Trimmer 3S\" width=\"790\" height=\"1386\" \/><img loading=\"lazy\" decoding=\"async\" class=\"aligncenter\" src=\"\/wp-content\/uploads\/replace\/6afc848a61d6df8fd75607f459b36268.jpeg\" alt=\"Xiaomi\u00a0ENCHEN Sharp Hair Trimmer 3S\" width=\"790\" height=\"1180\" \/><img loading=\"lazy\" decoding=\"async\" class=\"aligncenter\" src=\"\/wp-content\/uploads\/replace\/119c2763a0c0e15d461a8d47a19634f9.jpeg\" alt=\"Xiaomi\u00a0ENCHEN Sharp Hair Trimmer 3S\" width=\"790\" height=\"1488\" \/><img loading=\"lazy\" decoding=\"async\" class=\"aligncenter\" src=\"\/wp-content\/uploads\/replace\/1f40b7413a0135bacc95d59a471d1819.jpeg\" alt=\"Xiaomi\u00a0ENCHEN Sharp Hair Trimmer 3S\" width=\"790\" height=\"714\" \/><img loading=\"lazy\" decoding=\"async\" class=\"aligncenter\" src=\"\/wp-content\/uploads\/replace\/7a39535be87da716611bcc31b8ea9b64.jpeg\" alt=\"Xiaomi\u00a0ENCHEN Sharp Hair Trimmer 3S\" width=\"790\" height=\"1544\" \/><img loading=\"lazy\" decoding=\"async\" class=\"aligncenter\" src=\"\/wp-content\/uploads\/replace\/5cc05e7a436a72422717f40716f9bb9d.jpeg\" alt=\"Xiaomi\u00a0ENCHEN Sharp Hair Trimmer 3S\" width=\"790\" height=\"1670\" \/><img loading=\"lazy\" decoding=\"async\" class=\"aligncenter\" src=\"\/wp-content\/uploads\/replace\/b7b1861ee2264ac0461204f6fb0b24f0.jpeg\" alt=\"Xiaomi\u00a0ENCHEN Sharp Hair Trimmer 3S\" width=\"790\" height=\"1450\" \/><img loading=\"lazy\" decoding=\"async\" class=\"aligncenter\" src=\"\/wp-content\/uploads\/replace\/8d8517fb3e957b57daa17ad6d3cf8ebe.jpeg\" alt=\"Xiaomi\u00a0ENCHEN Sharp Hair Trimmer 3S\" width=\"790\" height=\"1388\" \/><img loading=\"lazy\" decoding=\"async\" class=\"aligncenter\" src=\"\/wp-content\/uploads\/replace\/a6590d503f5c38bf06d54cea69f36c55.jpeg\" alt=\"Xiaomi\u00a0ENCHEN Sharp Hair Trimmer 3S\" width=\"790\" height=\"1490\" \/><img loading=\"lazy\" decoding=\"async\" class=\"aligncenter\" src=\"\/wp-content\/uploads\/replace\/87e6cec8cfe9fb57aab75f2799f1020e.jpeg\" alt=\"Xiaomi\u00a0ENCHEN Sharp Hair Trimmer 3S\" width=\"790\" height=\"668\" \/><img loading=\"lazy\" decoding=\"async\" class=\"aligncenter\" src=\"\/wp-content\/uploads\/replace\/a643a5f8a9c867c7db0773a5441ba4f4.jpeg\" alt=\"Xiaomi\u00a0ENCHEN Sharp Hair Trimmer 3S\" width=\"790\" height=\"1323\" \/><img loading=\"lazy\" decoding=\"async\" class=\"aligncenter\" src=\"\/wp-content\/uploads\/replace\/c7cf76347fe12d8c01a8e8663a9cd3ee.jpeg\" alt=\"Xiaomi\u00a0ENCHEN Sharp Hair Trimmer 3S\" width=\"790\" height=\"1125\" \/><\/p>\n<p>Caracter\u00edsticas:<\/p>\n<p>Cuenta con un peine de posicionamiento tipo deslizador que bloquea longitudes de corte de cabello de 0,7 a 21 mm y admite ajuste con un solo bot\u00f3n para una f\u00e1cil operaci\u00f3n.<br \/>\nLa dureza de la cer\u00e1mica es 1,6 veces mayor que la del acero inoxidable normal. La suavidad de la superficie es menor que la del acero inoxidable. Por lo tanto, cuando el <a href=\"https:\/\/www.rucashk.com\/es\/producto\/enchen-boost-hair-clipper\/\" class=\"\" style=\"width: auto !important\" data-wpil-post-to-id=\"5193\">El cortapelos funciona a alta velocidad, el ruido generado por<\/a> Los cabezales cortadores de cer\u00e1mica ser\u00e1n m\u00e1s bajos y no ser\u00e1 f\u00e1cil generar calor. El ruido de trabajo es inferior a 55 dB.<br \/>\nEl cortapelos adopta tecnolog\u00eda de conversi\u00f3n de frecuencia y, con el potente motor tipo 280, proporciona conmutaci\u00f3n flexible de potencia de dos velocidades para satisfacer las necesidades de diferentes tipos de cabello. La velocidad inicial normal es de 4500 rpm para cabello normal, mantenga presionado el bot\u00f3n del interruptor. Activa instant\u00e1neamente el modo de velocidad \u201cTurbo\u201d, con una potente salida de 5800 rpm, lo que facilita la creaci\u00f3n de cabello grueso.<br \/>\nESM (Energy Smart Manager) es el cerebro de los productos ENCHEN. Tiene dos grandes m\u00f3dulos de gesti\u00f3n de energ\u00eda y control del motor, que pueden garantizar un funcionamiento a alta velocidad y sin pelos atascados cuando la bater\u00eda est\u00e1 baja. Durante el proceso de carga, el ESM activar\u00e1 m\u00faltiples garant\u00edas para prolongar la vida \u00fatil de la bater\u00eda y garantizar una carga segura. Adem\u00e1s, el sistema indicador de Boost puede mostrar con precisi\u00f3n el estado de bater\u00eda baja, carga y potencia m\u00e1xima.<br \/>\nLas partes que entran en contacto con la piel con el cabezal cortador y el peine de posicionamiento son redondeadas para garantizar seguridad y comodidad durante el corte del cabello. El <a href=\"https:\/\/www.rucashk.com\/es\/mi-fans-best-recommandation-for-your-fashion-xiaomi-youpin-launches-an-amazing-hair-clipper\/\" class=\"\" style=\"width: auto !important\" data-wpil-post-to-id=\"11091\">broche del pelo<\/a> El cabezal consta de un cortador m\u00f3vil y un cortador est\u00e1tico. Puede contactar de forma segura con el cabezal de corte en cualquier \u00e1ngulo durante el proceso de trabajo.<\/p>\n<p>Especificaciones:<br \/>\nColor: negro, blanco (opcional)<br \/>\nMaterial principal: ABS<br \/>\nPotencia: 5W<br \/>\nVoltaje: 5V<br \/>\nTiempo de carga: 120min<br \/>\nTama\u00f1o del art\u00edculo: 164 * 43 mm \/ 6,5 * 1,7 pulgadas<br \/>\nPeso del art\u00edculo: 142 g\/5,0 onzas<br \/>\nTama\u00f1o del paquete: 250 * 80 * 40 mm\/9,8 * 3,1 * 1,6 pulgadas<br \/>\nPeso del paquete: 250 g\/8,8 onzas<\/p>\n<p>Lista de paquetes:<br \/>\n1 * cortadora de pelo<br \/>\n1 * Cable USB<\/p>","protected":false},"excerpt":{"rendered":"<p><strong>Caracter\u00edsticas:<\/strong><br \/>\n\u25cf 20-Segment Rotation Adjustment<br \/>\n\u25cf Powerful 7300 RPM<br \/>\n\u25cf Can Use For Shaven Head<\/p>\n<p><strong>Especificaciones:<\/strong><br \/>\nMarca: ENCHEN<br \/>\nModelo: Sharp3S<br \/>\nDe color negro<br \/>\nPeso: 400g<br \/>\nTama\u00f1o: 45x180mm<br \/>\nTiempo de carga: 1,5-2 h<\/p>","protected":false},"featured_media":23070,"template":"","meta":[],"product_brand":[],"product_cat":[1320,1305],"product_tag":[801],"class_list":{"0":"post-23003","1":"product","2":"type-product","3":"status-publish","4":"has-post-thumbnail","6":"product_cat-personal-care","7":"product_cat-xiaomi-eco","8":"product_tag-xiaomi-enchen-sharp-hair-trimmer-3s","10":"first","11":"instock","12":"shipping-taxable","13":"product-type-external"},"aioseo_notices":[],"aioseo_head":"\n\t\t<!-- All in One SEO Pro 4.5.9.2 - aioseo.com -->\n\t\t<meta name=\"description\" content=\"Features: \u25cf 20-Segment Rotation Adjustment \u25cf Powerful 7300 RPM \u25cf Can Use For Shaven Head Specifications: Brand: ENCHEN Model: Sharp3S Color: Black Weight: 400g Size: 45 x 180mm Charging Time: 1.5-2h\" \/>\n\t\t<meta name=\"robots\" content=\"max-image-preview:large\" \/>\n\t\t<link rel=\"canonical\" href=\"https:\/\/www.rucashk.com\/es\/producto\/xiaomi-enchen-sharp-hair-trimmer-3s\/\" \/>\n\t\t<meta name=\"generator\" content=\"All in One SEO Pro (AIOSEO) 4.5.9.2\" \/>\n\t\t<meta property=\"og:locale\" content=\"es_ES\" \/>\n\t\t<meta property=\"og:site_name\" content=\"Rucas - One-stop AIoT Distribution Worldwide\" \/>\n\t\t<meta property=\"og:type\" content=\"article\" \/>\n\t\t<meta property=\"og:title\" content=\"Xiaomi ENCHEN Sharp Hair Trimmer 3S - Rucas - Wholesale and Distribution\" \/>\n\t\t<meta property=\"og:description\" content=\"Features: \u25cf 20-Segment Rotation Adjustment \u25cf Powerful 7300 RPM \u25cf Can Use For Shaven Head Specifications: Brand: ENCHEN Model: Sharp3S Color: Black Weight: 400g Size: 45 x 180mm Charging Time: 1.5-2h\" \/>\n\t\t<meta property=\"og:url\" content=\"https:\/\/www.rucashk.com\/es\/producto\/xiaomi-enchen-sharp-hair-trimmer-3s\/\" \/>\n\t\t<meta property=\"og:image\" content=\"https:\/\/www.rucashk.com\/wp-content\/uploads\/replace\/503b8e645f128a97ccde2b6290747646.jpeg\" \/>\n\t\t<meta property=\"og:image:secure_url\" content=\"https:\/\/www.rucashk.com\/wp-content\/uploads\/replace\/503b8e645f128a97ccde2b6290747646.jpeg\" \/>\n\t\t<meta property=\"og:image:width\" content=\"1456\" \/>\n\t\t<meta property=\"og:image:height\" content=\"816\" \/>\n\t\t<meta property=\"article:published_time\" content=\"2024-01-09T15:50:39+00:00\" \/>\n\t\t<meta property=\"article:modified_time\" content=\"2024-03-13T07:43:23+00:00\" \/>\n\t\t<meta name=\"twitter:card\" content=\"summary_large_image\" \/>\n\t\t<meta name=\"twitter:title\" content=\"Xiaomi ENCHEN Sharp Hair Trimmer 3S - Rucas - Wholesale and Distribution\" \/>\n\t\t<meta name=\"twitter:description\" content=\"Features: \u25cf 20-Segment Rotation Adjustment \u25cf Powerful 7300 RPM \u25cf Can Use For Shaven Head Specifications: Brand: ENCHEN Model: Sharp3S Color: Black Weight: 400g Size: 45 x 180mm Charging Time: 1.5-2h\" \/>\n\t\t<meta name=\"twitter:image\" content=\"https:\/\/www.rucashk.com\/wp-content\/uploads\/replace\/503b8e645f128a97ccde2b6290747646.jpeg\" \/>\n\t\t<script type=\"application\/ld+json\" class=\"aioseo-schema\">\n\t\t\t{\"@context\":\"https:\\\/\\\/schema.org\",\"@graph\":[{\"@type\":\"BreadcrumbList\",\"@id\":\"https:\\\/\\\/www.rucashk.com\\\/es\\\/producto\\\/xiaomi-enchen-sharp-hair-trimmer-3s\\\/#breadcrumblist\",\"itemListElement\":[{\"@type\":\"ListItem\",\"@id\":\"https:\\\/\\\/www.rucashk.com\\\/es\\\/#listItem\",\"position\":1,\"name\":\"Home\",\"item\":\"https:\\\/\\\/www.rucashk.com\\\/es\\\/\",\"nextItem\":\"https:\\\/\\\/www.rucashk.com\\\/es\\\/producto\\\/xiaomi-enchen-sharp-hair-trimmer-3s\\\/#listItem\"},{\"@type\":\"ListItem\",\"@id\":\"https:\\\/\\\/www.rucashk.com\\\/es\\\/producto\\\/xiaomi-enchen-sharp-hair-trimmer-3s\\\/#listItem\",\"position\":2,\"name\":\"Xiaomi\\u00a0ENCHEN Sharp Hair Trimmer 3S\",\"previousItem\":\"https:\\\/\\\/www.rucashk.com\\\/es\\\/#listItem\"}]},{\"@type\":\"Organization\",\"@id\":\"https:\\\/\\\/www.rucashk.com\\\/es\\\/#organization\",\"name\":\"Rucas\",\"url\":\"https:\\\/\\\/www.rucashk.com\\\/es\\\/\",\"logo\":{\"@type\":\"ImageObject\",\"url\":\"https:\\\/\\\/www.rucashk.com\\\/wp-content\\\/uploads\\\/2023\\\/12\\\/Rucas_campany_logo.png\",\"@id\":\"https:\\\/\\\/www.rucashk.com\\\/es\\\/producto\\\/xiaomi-enchen-sharp-hair-trimmer-3s\\\/#organizationLogo\",\"width\":221,\"height\":65},\"image\":{\"@id\":\"https:\\\/\\\/www.rucashk.com\\\/es\\\/#organizationLogo\"}},{\"@type\":\"Person\",\"@id\":\"https:\\\/\\\/www.rucashk.com\\\/es\\\/author\\\/admin\\\/#author\",\"url\":\"https:\\\/\\\/www.rucashk.com\\\/es\\\/author\\\/admin\\\/\",\"name\":\"admin\",\"image\":{\"@type\":\"ImageObject\",\"@id\":\"https:\\\/\\\/www.rucashk.com\\\/es\\\/producto\\\/xiaomi-enchen-sharp-hair-trimmer-3s\\\/#authorImage\",\"url\":\"https:\\\/\\\/secure.gravatar.com\\\/avatar\\\/b7c8925b09a27e72b30232f8ecaadbd5af0f70a38c78096863fe51b64f031c24?s=96&d=mm&r=g\",\"width\":96,\"height\":96,\"caption\":\"admin\"}},{\"@type\":\"WebPage\",\"@id\":\"https:\\\/\\\/www.rucashk.com\\\/es\\\/producto\\\/xiaomi-enchen-sharp-hair-trimmer-3s\\\/#webpage\",\"url\":\"https:\\\/\\\/www.rucashk.com\\\/es\\\/producto\\\/xiaomi-enchen-sharp-hair-trimmer-3s\\\/\",\"name\":\"Xiaomi ENCHEN Sharp Hair Trimmer 3S - Rucas - Wholesale and Distribution\",\"description\":\"Features: \\u25cf 20-Segment Rotation Adjustment \\u25cf Powerful 7300 RPM \\u25cf Can Use For Shaven Head Specifications: Brand: ENCHEN Model: Sharp3S Color: Black Weight: 400g Size: 45 x 180mm Charging Time: 1.5-2h\",\"inLanguage\":\"es-ES\",\"isPartOf\":{\"@id\":\"https:\\\/\\\/www.rucashk.com\\\/es\\\/#website\"},\"breadcrumb\":{\"@id\":\"https:\\\/\\\/www.rucashk.com\\\/es\\\/producto\\\/xiaomi-enchen-sharp-hair-trimmer-3s\\\/#breadcrumblist\"},\"author\":{\"@id\":\"https:\\\/\\\/www.rucashk.com\\\/es\\\/author\\\/admin\\\/#author\"},\"creator\":{\"@id\":\"https:\\\/\\\/www.rucashk.com\\\/es\\\/author\\\/admin\\\/#author\"},\"image\":{\"@type\":\"ImageObject\",\"url\":\"https:\\\/\\\/www.rucashk.com\\\/wp-content\\\/uploads\\\/2024\\\/01\\\/1.2-9.jpg\",\"@id\":\"https:\\\/\\\/www.rucashk.com\\\/es\\\/producto\\\/xiaomi-enchen-sharp-hair-trimmer-3s\\\/#mainImage\",\"width\":800,\"height\":800},\"primaryImageOfPage\":{\"@id\":\"https:\\\/\\\/www.rucashk.com\\\/es\\\/producto\\\/xiaomi-enchen-sharp-hair-trimmer-3s\\\/#mainImage\"},\"datePublished\":\"2024-01-09T15:50:39+00:00\",\"dateModified\":\"2024-03-13T07:43:23+00:00\"},{\"@type\":\"WebSite\",\"@id\":\"https:\\\/\\\/www.rucashk.com\\\/es\\\/#website\",\"url\":\"https:\\\/\\\/www.rucashk.com\\\/es\\\/\",\"name\":\"Rucas - Wholesale and distribution worldwide\",\"alternateName\":\"Rucas - One-stop AIoT Distribution Worldwide\",\"description\":\"One-stop AIoT Distribution Worldwide\",\"inLanguage\":\"es-ES\",\"publisher\":{\"@id\":\"https:\\\/\\\/www.rucashk.com\\\/es\\\/#organization\"}}]}\n\t\t<\/script>\n\t\t<!-- All in One SEO Pro -->\r\n\t\t<title>Xiaomi ENCHEN Sharp Hair Trimmer 3S - Rucas - Wholesale and Distribution<\/title>\n\n","aioseo_head_json":{"title":"Xiaomi ENCHEN Sharp Hair Trimmer 3S - Rucas - Wholesale and Distribution","description":"Features: \u25cf 20-Segment Rotation Adjustment \u25cf Powerful 7300 RPM \u25cf Can Use For Shaven Head Specifications: Brand: ENCHEN Model: Sharp3S Color: Black Weight: 400g Size: 45 x 180mm Charging Time: 1.5-2h","canonical_url":"https:\/\/www.rucashk.com\/es\/producto\/xiaomi-enchen-sharp-hair-trimmer-3s\/","robots":"max-image-preview:large","keywords":"","webmasterTools":{"miscellaneous":""},"og:locale":"es_ES","og:site_name":"Rucas - One-stop AIoT Distribution Worldwide","og:type":"article","og:title":"Xiaomi ENCHEN Sharp Hair Trimmer 3S - Rucas - Wholesale and Distribution","og:description":"Features: \u25cf 20-Segment Rotation Adjustment \u25cf Powerful 7300 RPM \u25cf Can Use For Shaven Head Specifications: Brand: ENCHEN Model: Sharp3S Color: Black Weight: 400g Size: 45 x 180mm Charging Time: 1.5-2h","og:url":"https:\/\/www.rucashk.com\/es\/producto\/xiaomi-enchen-sharp-hair-trimmer-3s\/","og:image":"https:\/\/www.rucashk.com\/wp-content\/uploads\/replace\/503b8e645f128a97ccde2b6290747646.jpeg","og:image:secure_url":"https:\/\/www.rucashk.com\/wp-content\/uploads\/replace\/503b8e645f128a97ccde2b6290747646.jpeg","og:image:width":1456,"og:image:height":816,"article:published_time":"2024-01-09T15:50:39+00:00","article:modified_time":"2024-03-13T07:43:23+00:00","twitter:card":"summary_large_image","twitter:title":"Xiaomi ENCHEN Sharp Hair Trimmer 3S - Rucas - Wholesale and Distribution","twitter:description":"Features: \u25cf 20-Segment Rotation Adjustment \u25cf Powerful 7300 RPM \u25cf Can Use For Shaven Head Specifications: Brand: ENCHEN Model: Sharp3S Color: Black Weight: 400g Size: 45 x 180mm Charging Time: 1.5-2h","twitter:image":"https:\/\/www.rucashk.com\/wp-content\/uploads\/replace\/503b8e645f128a97ccde2b6290747646.jpeg","schema":{"@context":"https:\/\/schema.org","@graph":[{"@type":"BreadcrumbList","@id":"https:\/\/www.rucashk.com\/es\/producto\/xiaomi-enchen-sharp-hair-trimmer-3s\/#breadcrumblist","itemListElement":[{"@type":"ListItem","@id":"https:\/\/www.rucashk.com\/es\/#listItem","position":1,"name":"Home","item":"https:\/\/www.rucashk.com\/es\/","nextItem":"https:\/\/www.rucashk.com\/es\/producto\/xiaomi-enchen-sharp-hair-trimmer-3s\/#listItem"},{"@type":"ListItem","@id":"https:\/\/www.rucashk.com\/es\/producto\/xiaomi-enchen-sharp-hair-trimmer-3s\/#listItem","position":2,"name":"Xiaomi\u00a0ENCHEN Sharp Hair Trimmer 3S","previousItem":"https:\/\/www.rucashk.com\/es\/#listItem"}]},{"@type":"Organization","@id":"https:\/\/www.rucashk.com\/es\/#organization","name":"Rucas","url":"https:\/\/www.rucashk.com\/es\/","logo":{"@type":"ImageObject","url":"https:\/\/www.rucashk.com\/wp-content\/uploads\/2023\/12\/Rucas_campany_logo.png","@id":"https:\/\/www.rucashk.com\/es\/producto\/xiaomi-enchen-sharp-hair-trimmer-3s\/#organizationLogo","width":221,"height":65},"image":{"@id":"https:\/\/www.rucashk.com\/es\/#organizationLogo"}},{"@type":"Person","@id":"https:\/\/www.rucashk.com\/es\/author\/admin\/#author","url":"https:\/\/www.rucashk.com\/es\/author\/admin\/","name":"admin","image":{"@type":"ImageObject","@id":"https:\/\/www.rucashk.com\/es\/producto\/xiaomi-enchen-sharp-hair-trimmer-3s\/#authorImage","url":"https:\/\/secure.gravatar.com\/avatar\/b7c8925b09a27e72b30232f8ecaadbd5af0f70a38c78096863fe51b64f031c24?s=96&d=mm&r=g","width":96,"height":96,"caption":"admin"}},{"@type":"WebPage","@id":"https:\/\/www.rucashk.com\/es\/producto\/xiaomi-enchen-sharp-hair-trimmer-3s\/#webpage","url":"https:\/\/www.rucashk.com\/es\/producto\/xiaomi-enchen-sharp-hair-trimmer-3s\/","name":"Xiaomi ENCHEN Sharp Hair Trimmer 3S - Rucas - Wholesale and Distribution","description":"Features: \u25cf 20-Segment Rotation Adjustment \u25cf Powerful 7300 RPM \u25cf Can Use For Shaven Head Specifications: Brand: ENCHEN Model: Sharp3S Color: Black Weight: 400g Size: 45 x 180mm Charging Time: 1.5-2h","inLanguage":"es-ES","isPartOf":{"@id":"https:\/\/www.rucashk.com\/es\/#website"},"breadcrumb":{"@id":"https:\/\/www.rucashk.com\/es\/producto\/xiaomi-enchen-sharp-hair-trimmer-3s\/#breadcrumblist"},"author":{"@id":"https:\/\/www.rucashk.com\/es\/author\/admin\/#author"},"creator":{"@id":"https:\/\/www.rucashk.com\/es\/author\/admin\/#author"},"image":{"@type":"ImageObject","url":"https:\/\/www.rucashk.com\/wp-content\/uploads\/2024\/01\/1.2-9.jpg","@id":"https:\/\/www.rucashk.com\/es\/producto\/xiaomi-enchen-sharp-hair-trimmer-3s\/#mainImage","width":800,"height":800},"primaryImageOfPage":{"@id":"https:\/\/www.rucashk.com\/es\/producto\/xiaomi-enchen-sharp-hair-trimmer-3s\/#mainImage"},"datePublished":"2024-01-09T15:50:39+00:00","dateModified":"2024-03-13T07:43:23+00:00"},{"@type":"WebSite","@id":"https:\/\/www.rucashk.com\/es\/#website","url":"https:\/\/www.rucashk.com\/es\/","name":"Rucas - Wholesale and distribution worldwide","alternateName":"Rucas - One-stop AIoT Distribution Worldwide","description":"One-stop AIoT Distribution Worldwide","inLanguage":"es-ES","publisher":{"@id":"https:\/\/www.rucashk.com\/es\/#organization"}}]}},"aioseo_meta_data":{"post_id":"23003","title":null,"description":null,"keywords":null,"keyphrases":null,"primary_term":null,"canonical_url":null,"og_title":null,"og_description":null,"og_object_type":"default","og_image_type":"default","og_image_url":null,"og_image_width":null,"og_image_height":null,"og_image_custom_url":null,"og_image_custom_fields":null,"og_video":null,"og_custom_url":null,"og_article_section":null,"og_article_tags":null,"twitter_use_og":false,"twitter_card":"default","twitter_image_type":"default","twitter_image_url":null,"twitter_image_custom_url":null,"twitter_image_custom_fields":null,"twitter_title":null,"twitter_description":null,"schema":{"blockGraphs":[],"customGraphs":[],"default":{"data":{"Article":[],"Course":[],"Dataset":[],"FAQPage":[],"Movie":[],"Person":[],"Product":[],"Recipe":[],"Service":[],"SoftwareApplication":[],"WebPage":[]},"graphName":"","isEnabled":true},"graphs":[]},"schema_type":"default","schema_type_options":null,"pillar_content":false,"robots_default":true,"robots_noindex":false,"robots_noarchive":false,"robots_nosnippet":false,"robots_nofollow":false,"robots_noimageindex":false,"robots_noodp":false,"robots_notranslate":false,"robots_max_snippet":null,"robots_max_videopreview":null,"robots_max_imagepreview":"large","priority":null,"frequency":null,"local_seo":null,"breadcrumb_settings":null,"limit_modified_date":false,"created":"2024-04-11 01:55:25","updated":"2025-06-22 16:55:03"},"aioseo_breadcrumb":"<div class=\"aioseo-breadcrumbs\"><span class=\"aioseo-breadcrumb\">\n\t<a href=\"https:\/\/www.rucashk.com\/es\" title=\"Home\">Home<\/a>\n<\/span><span class=\"aioseo-breadcrumb-separator\">&raquo;<\/span><span class=\"aioseo-breadcrumb\">\n\t<a href=\"https:\/\/www.rucashk.com\/es\/products\/\" title=\"Productos\">Productos<\/a>\n<\/span><span class=\"aioseo-breadcrumb-separator\">&raquo;<\/span><span class=\"aioseo-breadcrumb\">\n\t<a href=\"https:\/\/www.rucashk.com\/es\/categoria-producto\/xiaomi-eco\/\" title=\"Xiaomi Eco\">Xiaomi Eco<\/a>\n<\/span><span class=\"aioseo-breadcrumb-separator\">&raquo;<\/span><span class=\"aioseo-breadcrumb\">\n\t<a href=\"https:\/\/www.rucashk.com\/es\/categoria-producto\/xiaomi-eco\/personal-care\/\" title=\"Personal Care\">Personal Care<\/a>\n<\/span><span class=\"aioseo-breadcrumb-separator\">&raquo;<\/span><span class=\"aioseo-breadcrumb\">\n\tXiaomi\u00a0ENCHEN Sharp Hair Trimmer 3S\n<\/span><\/div>","aioseo_breadcrumb_json":[{"label":"Home","link":"https:\/\/www.rucashk.com\/es"},{"label":"Productos","link":"https:\/\/www.rucashk.com\/es\/products\/"},{"label":"Xiaomi Eco","link":"https:\/\/www.rucashk.com\/es\/categoria-producto\/xiaomi-eco\/"},{"label":"Personal Care","link":"https:\/\/www.rucashk.com\/es\/categoria-producto\/xiaomi-eco\/personal-care\/"},{"label":"Xiaomi\u00a0ENCHEN Sharp Hair Trimmer 3S","link":"https:\/\/www.rucashk.com\/es\/producto\/xiaomi-enchen-sharp-hair-trimmer-3s\/"}],"_links":{"self":[{"href":"https:\/\/www.rucashk.com\/es\/wp-json\/wp\/v2\/product\/23003","targetHints":{"allow":["GET"]}}],"collection":[{"href":"https:\/\/www.rucashk.com\/es\/wp-json\/wp\/v2\/product"}],"about":[{"href":"https:\/\/www.rucashk.com\/es\/wp-json\/wp\/v2\/types\/product"}],"wp:featuredmedia":[{"embeddable":true,"href":"https:\/\/www.rucashk.com\/es\/wp-json\/wp\/v2\/media\/23070"}],"wp:attachment":[{"href":"https:\/\/www.rucashk.com\/es\/wp-json\/wp\/v2\/media?parent=23003"}],"wp:term":[{"taxonomy":"product_brand","embeddable":true,"href":"https:\/\/www.rucashk.com\/es\/wp-json\/wp\/v2\/product_brand?post=23003"},{"taxonomy":"product_cat","embeddable":true,"href":"https:\/\/www.rucashk.com\/es\/wp-json\/wp\/v2\/product_cat?post=23003"},{"taxonomy":"product_tag","embeddable":true,"href":"https:\/\/www.rucashk.com\/es\/wp-json\/wp\/v2\/product_tag?post=23003"}],"curies":[{"name":"wp","href":"https:\/\/api.w.org\/{rel}","templated":true}]}}