{"id":22956,"date":"2024-01-09T15:50:14","date_gmt":"2024-01-09T15:50:14","guid":{"rendered":"http:\/\/rucashk.com\/?post_type=product&#038;p=22956"},"modified":"2024-03-13T08:41:55","modified_gmt":"2024-03-13T08:41:55","slug":"xiaomi-c-type-headphones","status":"publish","type":"product","link":"https:\/\/www.rucashk.com\/es\/producto\/xiaomi-c-type-headphones\/","title":{"rendered":"Auriculares tipo C Xiaomi"},"content":{"rendered":"<p><img decoding=\"async\" alt=\"Xiaomi\u00a0C Type Headphones\" src=\"\/wp-content\/uploads\/replace\/028ef66cfc2daa52b810f702b174678e.jpeg\" \/><\/p>\n<div><strong><span data-spm-anchor-id=\"a2g0o.detail.1000023.i3.79493bfawiunea\">Control y micr\u00f3fono de funci\u00f3n completa<\/span><\/strong><\/div>\n<div><span data-spm-anchor-id=\"a2g0o.detail.1000023.i2.79493bfawiunea\">Unidad de sonido profesional, mejor calidad de sonido.<\/span><\/div>\n<div><img decoding=\"async\" alt=\"Xiaomi\u00a0C Type Headphones\" src=\"\/wp-content\/uploads\/replace\/e0b4b9ff599aabe42e771928bb3cc5d1.jpeg\" \/><\/div>\n<div>\n<div><strong>Elegante carcasa de aleaci\u00f3n de aluminio.<\/strong><\/div>\n<div>\n<div data-spm-anchor-id=\"a2g0o.detail.1000023.i5.79493bfawiunea\">No solo por el sonido, tambi\u00e9n para tu uso diario.<\/div>\n<div data-spm-anchor-id=\"a2g0o.detail.1000023.i5.79493bfawiunea\"><img decoding=\"async\" alt=\"Xiaomi\u00a0C Type Headphones\" src=\"\" \/><\/div>\n<div data-spm-anchor-id=\"a2g0o.detail.1000023.i5.79493bfawiunea\">\n<div><strong>Sistema de sonido sin concesiones<\/strong><\/div>\n<div data-spm-anchor-id=\"a2g0o.detail.1000023.i7.79493bfawiunea\">Unidad de sonido profesional, mejor calidad de sonido.<\/div>\n<div data-spm-anchor-id=\"a2g0o.detail.1000023.i7.79493bfawiunea\"><img decoding=\"async\" alt=\"Xiaomi\u00a0C Type Headphones\" src=\"\" \/><\/div>\n<div data-spm-anchor-id=\"a2g0o.detail.1000023.i7.79493bfawiunea\">\n<div><strong>Cable espiral TPE de alto rendimiento.<\/strong><\/div>\n<div>\n<div data-spm-anchor-id=\"a2g0o.detail.1000023.i9.79493bfawiunea\">N\u00facleo de cobre de doble hebra para un sonido estable, resistente, flexible y resistente a enredos.<\/div>\n<div data-spm-anchor-id=\"a2g0o.detail.1000023.i9.79493bfawiunea\"><img decoding=\"async\" alt=\"Xiaomi\u00a0C Type Headphones\" src=\"\" \/><\/div>\n<div data-spm-anchor-id=\"a2g0o.detail.1000023.i9.79493bfawiunea\">\n<div><strong>Diafragma compuesto de alto rendimiento<\/strong><\/div>\n<div>\n<div data-spm-anchor-id=\"a2g0o.detail.1000023.i11.79493bfawiunea\">Cavidad en espiral dorada, restaura los graves pesados.<\/div>\n<div data-spm-anchor-id=\"a2g0o.detail.1000023.i11.79493bfawiunea\"><img decoding=\"async\" alt=\"Xiaomi\u00a0C Type Headphones\" src=\"\" \/><img decoding=\"async\" alt=\"Xiaomi\u00a0C Type Headphones\" src=\"\" \/><\/div>\n<\/div>\n<\/div>\n<\/div>\n<\/div>\n<\/div>\n<\/div>\n<\/div>","protected":false},"excerpt":{"rendered":"<div><strong>Caracter\u00edsticas:<\/strong><\/div>\n<div>\n<div>1. Utilice controladores din\u00e1micos duales de 6 mm dentro de cada auricular. Estos controladores se combinan para mejorar el rango de frecuencia y producir un sonido m\u00e1s natural.<\/div>\n<div>2. Inmersi\u00f3n de audio con cuerpo completo, los controladores duales ofrecen una resoluci\u00f3n m\u00e1s amplia y mejoran el rango de salida de frecuencia media y alta.<\/div>\n<div>3. Ajustamos con precisi\u00f3n la pel\u00edcula titanize no solo para que suene genial sino que tambi\u00e9n ofrezca una salida de audio a largo plazo.<\/div>\n<div>4. Cable TPE seleccionado, es flexible, resistente y resistente a enredos.<\/div>\n<div>5. Control remoto con cable con micr\u00f3fono incorporado HD, tiene un sonido claro.<\/div>\n<div><span data-spm-anchor-id=\"a2g0o.detail.1000023.i14.79493bfawiunea\">6. Compatible con puerto tipo c y tel\u00e9fono inteligente con puerto de 3,5 mm, tableta, computadora port\u00e1til y otros dispositivos tipo c o 3,5 mm.\u00a0<\/span><\/div>\n<\/div>","protected":false},"featured_media":22997,"template":"","meta":[],"product_brand":[],"product_cat":[1306,1305],"product_tag":[793],"class_list":{"0":"post-22956","1":"product","2":"type-product","3":"status-publish","4":"has-post-thumbnail","6":"product_cat-mi-redmi-earphone","7":"product_cat-xiaomi-eco","8":"product_tag-xiaomi-c-type-headphones","10":"first","11":"instock","12":"shipping-taxable","13":"product-type-external"},"aioseo_notices":[],"aioseo_head":"\n\t\t<!-- All in One SEO Pro 4.5.9.2 - aioseo.com -->\n\t\t<meta name=\"description\" content=\"Features\uff1a 1. Use 6mm dual dynamic drivers inside each earphone. These drivers combine to enhance frequency range and produce a more natural sound. 2. Full bodied audio immersion, dual drivers deliver wider resolution and enhance the medium and high frequency output range. 3. We precisely tuned the titanize film to not only sound great but also deliver long term audio output. 4. Selected TPE wire, it is flexible, rugged and tangle resistant. 5. Wired remote with HD built-in microphone, have a clear sound. 6. Compatible with type c port and 3.5mm port smartphone, tablet PC, laptop and other type c or 3.5mm devices.\" \/>\n\t\t<meta name=\"robots\" content=\"max-image-preview:large\" \/>\n\t\t<link rel=\"canonical\" href=\"https:\/\/www.rucashk.com\/es\/producto\/xiaomi-c-type-headphones\/\" \/>\n\t\t<meta name=\"generator\" content=\"All in One SEO Pro (AIOSEO) 4.5.9.2\" \/>\n\t\t<meta property=\"og:locale\" content=\"es_ES\" \/>\n\t\t<meta property=\"og:site_name\" content=\"Rucas - One-stop AIoT Distribution Worldwide\" \/>\n\t\t<meta property=\"og:type\" content=\"article\" \/>\n\t\t<meta property=\"og:title\" content=\"Xiaomi C Type Headphones - Rucas - Wholesale and Distribution\" \/>\n\t\t<meta property=\"og:description\" content=\"Features\uff1a 1. Use 6mm dual dynamic drivers inside each earphone. These drivers combine to enhance frequency range and produce a more natural sound. 2. Full bodied audio immersion, dual drivers deliver wider resolution and enhance the medium and high frequency output range. 3. We precisely tuned the titanize film to not only sound great but also deliver long term audio output. 4. Selected TPE wire, it is flexible, rugged and tangle resistant. 5. Wired remote with HD built-in microphone, have a clear sound. 6. Compatible with type c port and 3.5mm port smartphone, tablet PC, laptop and other type c or 3.5mm devices.\" \/>\n\t\t<meta property=\"og:url\" content=\"https:\/\/www.rucashk.com\/es\/producto\/xiaomi-c-type-headphones\/\" \/>\n\t\t<meta property=\"og:image\" content=\"https:\/\/www.rucashk.com\/wp-content\/uploads\/replace\/503b8e645f128a97ccde2b6290747646.jpeg\" \/>\n\t\t<meta property=\"og:image:secure_url\" content=\"https:\/\/www.rucashk.com\/wp-content\/uploads\/replace\/503b8e645f128a97ccde2b6290747646.jpeg\" \/>\n\t\t<meta property=\"og:image:width\" content=\"1456\" \/>\n\t\t<meta property=\"og:image:height\" content=\"816\" \/>\n\t\t<meta property=\"article:published_time\" content=\"2024-01-09T15:50:14+00:00\" \/>\n\t\t<meta property=\"article:modified_time\" content=\"2024-03-13T08:41:55+00:00\" \/>\n\t\t<meta name=\"twitter:card\" content=\"summary_large_image\" \/>\n\t\t<meta name=\"twitter:title\" content=\"Xiaomi C Type Headphones - Rucas - Wholesale and Distribution\" \/>\n\t\t<meta name=\"twitter:description\" content=\"Features\uff1a 1. Use 6mm dual dynamic drivers inside each earphone. These drivers combine to enhance frequency range and produce a more natural sound. 2. Full bodied audio immersion, dual drivers deliver wider resolution and enhance the medium and high frequency output range. 3. We precisely tuned the titanize film to not only sound great but also deliver long term audio output. 4. Selected TPE wire, it is flexible, rugged and tangle resistant. 5. Wired remote with HD built-in microphone, have a clear sound. 6. Compatible with type c port and 3.5mm port smartphone, tablet PC, laptop and other type c or 3.5mm devices.\" \/>\n\t\t<meta name=\"twitter:image\" content=\"https:\/\/www.rucashk.com\/wp-content\/uploads\/replace\/503b8e645f128a97ccde2b6290747646.jpeg\" \/>\n\t\t<script type=\"application\/ld+json\" class=\"aioseo-schema\">\n\t\t\t{\"@context\":\"https:\\\/\\\/schema.org\",\"@graph\":[{\"@type\":\"BreadcrumbList\",\"@id\":\"https:\\\/\\\/www.rucashk.com\\\/es\\\/producto\\\/xiaomi-c-type-headphones\\\/#breadcrumblist\",\"itemListElement\":[{\"@type\":\"ListItem\",\"@id\":\"https:\\\/\\\/www.rucashk.com\\\/es\\\/#listItem\",\"position\":1,\"name\":\"Home\",\"item\":\"https:\\\/\\\/www.rucashk.com\\\/es\\\/\",\"nextItem\":\"https:\\\/\\\/www.rucashk.com\\\/es\\\/producto\\\/xiaomi-c-type-headphones\\\/#listItem\"},{\"@type\":\"ListItem\",\"@id\":\"https:\\\/\\\/www.rucashk.com\\\/es\\\/producto\\\/xiaomi-c-type-headphones\\\/#listItem\",\"position\":2,\"name\":\"Xiaomi\\u00a0C Type Headphones\",\"previousItem\":\"https:\\\/\\\/www.rucashk.com\\\/es\\\/#listItem\"}]},{\"@type\":\"Organization\",\"@id\":\"https:\\\/\\\/www.rucashk.com\\\/es\\\/#organization\",\"name\":\"Rucas\",\"url\":\"https:\\\/\\\/www.rucashk.com\\\/es\\\/\",\"logo\":{\"@type\":\"ImageObject\",\"url\":\"https:\\\/\\\/www.rucashk.com\\\/wp-content\\\/uploads\\\/2023\\\/12\\\/Rucas_campany_logo.png\",\"@id\":\"https:\\\/\\\/www.rucashk.com\\\/es\\\/producto\\\/xiaomi-c-type-headphones\\\/#organizationLogo\",\"width\":221,\"height\":65},\"image\":{\"@id\":\"https:\\\/\\\/www.rucashk.com\\\/es\\\/#organizationLogo\"}},{\"@type\":\"Person\",\"@id\":\"https:\\\/\\\/www.rucashk.com\\\/es\\\/author\\\/admin\\\/#author\",\"url\":\"https:\\\/\\\/www.rucashk.com\\\/es\\\/author\\\/admin\\\/\",\"name\":\"admin\",\"image\":{\"@type\":\"ImageObject\",\"@id\":\"https:\\\/\\\/www.rucashk.com\\\/es\\\/producto\\\/xiaomi-c-type-headphones\\\/#authorImage\",\"url\":\"https:\\\/\\\/secure.gravatar.com\\\/avatar\\\/b7c8925b09a27e72b30232f8ecaadbd5af0f70a38c78096863fe51b64f031c24?s=96&d=mm&r=g\",\"width\":96,\"height\":96,\"caption\":\"admin\"}},{\"@type\":\"WebPage\",\"@id\":\"https:\\\/\\\/www.rucashk.com\\\/es\\\/producto\\\/xiaomi-c-type-headphones\\\/#webpage\",\"url\":\"https:\\\/\\\/www.rucashk.com\\\/es\\\/producto\\\/xiaomi-c-type-headphones\\\/\",\"name\":\"Xiaomi C Type Headphones - Rucas - Wholesale and Distribution\",\"description\":\"Features\\uff1a 1. Use 6mm dual dynamic drivers inside each earphone. These drivers combine to enhance frequency range and produce a more natural sound. 2. Full bodied audio immersion, dual drivers deliver wider resolution and enhance the medium and high frequency output range. 3. We precisely tuned the titanize film to not only sound great but also deliver long term audio output. 4. Selected TPE wire, it is flexible, rugged and tangle resistant. 5. Wired remote with HD built-in microphone, have a clear sound. 6. Compatible with type c port and 3.5mm port smartphone, tablet PC, laptop and other type c or 3.5mm devices.\",\"inLanguage\":\"es-ES\",\"isPartOf\":{\"@id\":\"https:\\\/\\\/www.rucashk.com\\\/es\\\/#website\"},\"breadcrumb\":{\"@id\":\"https:\\\/\\\/www.rucashk.com\\\/es\\\/producto\\\/xiaomi-c-type-headphones\\\/#breadcrumblist\"},\"author\":{\"@id\":\"https:\\\/\\\/www.rucashk.com\\\/es\\\/author\\\/admin\\\/#author\"},\"creator\":{\"@id\":\"https:\\\/\\\/www.rucashk.com\\\/es\\\/author\\\/admin\\\/#author\"},\"image\":{\"@type\":\"ImageObject\",\"url\":\"https:\\\/\\\/www.rucashk.com\\\/wp-content\\\/uploads\\\/2024\\\/01\\\/1-10.jpg\",\"@id\":\"https:\\\/\\\/www.rucashk.com\\\/es\\\/producto\\\/xiaomi-c-type-headphones\\\/#mainImage\",\"width\":800,\"height\":800},\"primaryImageOfPage\":{\"@id\":\"https:\\\/\\\/www.rucashk.com\\\/es\\\/producto\\\/xiaomi-c-type-headphones\\\/#mainImage\"},\"datePublished\":\"2024-01-09T15:50:14+00:00\",\"dateModified\":\"2024-03-13T08:41:55+00:00\"},{\"@type\":\"WebSite\",\"@id\":\"https:\\\/\\\/www.rucashk.com\\\/es\\\/#website\",\"url\":\"https:\\\/\\\/www.rucashk.com\\\/es\\\/\",\"name\":\"Rucas - Wholesale and distribution worldwide\",\"alternateName\":\"Rucas - One-stop AIoT Distribution Worldwide\",\"description\":\"One-stop AIoT Distribution Worldwide\",\"inLanguage\":\"es-ES\",\"publisher\":{\"@id\":\"https:\\\/\\\/www.rucashk.com\\\/es\\\/#organization\"}}]}\n\t\t<\/script>\n\t\t<!-- All in One SEO Pro -->\r\n\t\t<title>Xiaomi C Type Headphones - Rucas - Wholesale and Distribution<\/title>\n\n","aioseo_head_json":{"title":"Xiaomi C Type Headphones - Rucas - Wholesale and Distribution","description":"Features\uff1a 1. Use 6mm dual dynamic drivers inside each earphone. These drivers combine to enhance frequency range and produce a more natural sound. 2. Full bodied audio immersion, dual drivers deliver wider resolution and enhance the medium and high frequency output range. 3. We precisely tuned the titanize film to not only sound great but also deliver long term audio output. 4. Selected TPE wire, it is flexible, rugged and tangle resistant. 5. Wired remote with HD built-in microphone, have a clear sound. 6. Compatible with type c port and 3.5mm port smartphone, tablet PC, laptop and other type c or 3.5mm devices.","canonical_url":"https:\/\/www.rucashk.com\/es\/producto\/xiaomi-c-type-headphones\/","robots":"max-image-preview:large","keywords":"","webmasterTools":{"miscellaneous":""},"og:locale":"es_ES","og:site_name":"Rucas - One-stop AIoT Distribution Worldwide","og:type":"article","og:title":"Xiaomi C Type Headphones - Rucas - Wholesale and Distribution","og:description":"Features\uff1a 1. Use 6mm dual dynamic drivers inside each earphone. These drivers combine to enhance frequency range and produce a more natural sound. 2. Full bodied audio immersion, dual drivers deliver wider resolution and enhance the medium and high frequency output range. 3. We precisely tuned the titanize film to not only sound great but also deliver long term audio output. 4. Selected TPE wire, it is flexible, rugged and tangle resistant. 5. Wired remote with HD built-in microphone, have a clear sound. 6. Compatible with type c port and 3.5mm port smartphone, tablet PC, laptop and other type c or 3.5mm devices.","og:url":"https:\/\/www.rucashk.com\/es\/producto\/xiaomi-c-type-headphones\/","og:image":"https:\/\/www.rucashk.com\/wp-content\/uploads\/replace\/503b8e645f128a97ccde2b6290747646.jpeg","og:image:secure_url":"https:\/\/www.rucashk.com\/wp-content\/uploads\/replace\/503b8e645f128a97ccde2b6290747646.jpeg","og:image:width":1456,"og:image:height":816,"article:published_time":"2024-01-09T15:50:14+00:00","article:modified_time":"2024-03-13T08:41:55+00:00","twitter:card":"summary_large_image","twitter:title":"Xiaomi C Type Headphones - Rucas - Wholesale and Distribution","twitter:description":"Features\uff1a 1. Use 6mm dual dynamic drivers inside each earphone. These drivers combine to enhance frequency range and produce a more natural sound. 2. Full bodied audio immersion, dual drivers deliver wider resolution and enhance the medium and high frequency output range. 3. We precisely tuned the titanize film to not only sound great but also deliver long term audio output. 4. Selected TPE wire, it is flexible, rugged and tangle resistant. 5. Wired remote with HD built-in microphone, have a clear sound. 6. Compatible with type c port and 3.5mm port smartphone, tablet PC, laptop and other type c or 3.5mm devices.","twitter:image":"https:\/\/www.rucashk.com\/wp-content\/uploads\/replace\/503b8e645f128a97ccde2b6290747646.jpeg","schema":{"@context":"https:\/\/schema.org","@graph":[{"@type":"BreadcrumbList","@id":"https:\/\/www.rucashk.com\/es\/producto\/xiaomi-c-type-headphones\/#breadcrumblist","itemListElement":[{"@type":"ListItem","@id":"https:\/\/www.rucashk.com\/es\/#listItem","position":1,"name":"Home","item":"https:\/\/www.rucashk.com\/es\/","nextItem":"https:\/\/www.rucashk.com\/es\/producto\/xiaomi-c-type-headphones\/#listItem"},{"@type":"ListItem","@id":"https:\/\/www.rucashk.com\/es\/producto\/xiaomi-c-type-headphones\/#listItem","position":2,"name":"Xiaomi\u00a0C Type Headphones","previousItem":"https:\/\/www.rucashk.com\/es\/#listItem"}]},{"@type":"Organization","@id":"https:\/\/www.rucashk.com\/es\/#organization","name":"Rucas","url":"https:\/\/www.rucashk.com\/es\/","logo":{"@type":"ImageObject","url":"https:\/\/www.rucashk.com\/wp-content\/uploads\/2023\/12\/Rucas_campany_logo.png","@id":"https:\/\/www.rucashk.com\/es\/producto\/xiaomi-c-type-headphones\/#organizationLogo","width":221,"height":65},"image":{"@id":"https:\/\/www.rucashk.com\/es\/#organizationLogo"}},{"@type":"Person","@id":"https:\/\/www.rucashk.com\/es\/author\/admin\/#author","url":"https:\/\/www.rucashk.com\/es\/author\/admin\/","name":"admin","image":{"@type":"ImageObject","@id":"https:\/\/www.rucashk.com\/es\/producto\/xiaomi-c-type-headphones\/#authorImage","url":"https:\/\/secure.gravatar.com\/avatar\/b7c8925b09a27e72b30232f8ecaadbd5af0f70a38c78096863fe51b64f031c24?s=96&d=mm&r=g","width":96,"height":96,"caption":"admin"}},{"@type":"WebPage","@id":"https:\/\/www.rucashk.com\/es\/producto\/xiaomi-c-type-headphones\/#webpage","url":"https:\/\/www.rucashk.com\/es\/producto\/xiaomi-c-type-headphones\/","name":"Xiaomi C Type Headphones - Rucas - Wholesale and Distribution","description":"Features\uff1a 1. Use 6mm dual dynamic drivers inside each earphone. These drivers combine to enhance frequency range and produce a more natural sound. 2. Full bodied audio immersion, dual drivers deliver wider resolution and enhance the medium and high frequency output range. 3. We precisely tuned the titanize film to not only sound great but also deliver long term audio output. 4. Selected TPE wire, it is flexible, rugged and tangle resistant. 5. Wired remote with HD built-in microphone, have a clear sound. 6. Compatible with type c port and 3.5mm port smartphone, tablet PC, laptop and other type c or 3.5mm devices.","inLanguage":"es-ES","isPartOf":{"@id":"https:\/\/www.rucashk.com\/es\/#website"},"breadcrumb":{"@id":"https:\/\/www.rucashk.com\/es\/producto\/xiaomi-c-type-headphones\/#breadcrumblist"},"author":{"@id":"https:\/\/www.rucashk.com\/es\/author\/admin\/#author"},"creator":{"@id":"https:\/\/www.rucashk.com\/es\/author\/admin\/#author"},"image":{"@type":"ImageObject","url":"https:\/\/www.rucashk.com\/wp-content\/uploads\/2024\/01\/1-10.jpg","@id":"https:\/\/www.rucashk.com\/es\/producto\/xiaomi-c-type-headphones\/#mainImage","width":800,"height":800},"primaryImageOfPage":{"@id":"https:\/\/www.rucashk.com\/es\/producto\/xiaomi-c-type-headphones\/#mainImage"},"datePublished":"2024-01-09T15:50:14+00:00","dateModified":"2024-03-13T08:41:55+00:00"},{"@type":"WebSite","@id":"https:\/\/www.rucashk.com\/es\/#website","url":"https:\/\/www.rucashk.com\/es\/","name":"Rucas - Wholesale and distribution worldwide","alternateName":"Rucas - One-stop AIoT Distribution Worldwide","description":"One-stop AIoT Distribution Worldwide","inLanguage":"es-ES","publisher":{"@id":"https:\/\/www.rucashk.com\/es\/#organization"}}]}},"aioseo_meta_data":{"post_id":"22956","title":null,"description":null,"keywords":null,"keyphrases":null,"primary_term":null,"canonical_url":null,"og_title":null,"og_description":null,"og_object_type":"default","og_image_type":"default","og_image_url":null,"og_image_width":null,"og_image_height":null,"og_image_custom_url":null,"og_image_custom_fields":null,"og_video":null,"og_custom_url":null,"og_article_section":null,"og_article_tags":null,"twitter_use_og":false,"twitter_card":"default","twitter_image_type":"default","twitter_image_url":null,"twitter_image_custom_url":null,"twitter_image_custom_fields":null,"twitter_title":null,"twitter_description":null,"schema":{"blockGraphs":[],"customGraphs":[],"default":{"data":{"Article":[],"Course":[],"Dataset":[],"FAQPage":[],"Movie":[],"Person":[],"Product":[],"Recipe":[],"Service":[],"SoftwareApplication":[],"WebPage":[]},"graphName":"","isEnabled":true},"graphs":[]},"schema_type":"default","schema_type_options":null,"pillar_content":false,"robots_default":true,"robots_noindex":false,"robots_noarchive":false,"robots_nosnippet":false,"robots_nofollow":false,"robots_noimageindex":false,"robots_noodp":false,"robots_notranslate":false,"robots_max_snippet":null,"robots_max_videopreview":null,"robots_max_imagepreview":"large","priority":null,"frequency":null,"local_seo":null,"breadcrumb_settings":null,"limit_modified_date":false,"created":"2024-04-11 01:55:24","updated":"2025-06-22 16:52:57"},"aioseo_breadcrumb":"<div class=\"aioseo-breadcrumbs\"><span class=\"aioseo-breadcrumb\">\n\t<a href=\"https:\/\/www.rucashk.com\/es\" title=\"Home\">Home<\/a>\n<\/span><span class=\"aioseo-breadcrumb-separator\">&raquo;<\/span><span class=\"aioseo-breadcrumb\">\n\t<a href=\"https:\/\/www.rucashk.com\/es\/products\/\" title=\"Productos\">Productos<\/a>\n<\/span><span class=\"aioseo-breadcrumb-separator\">&raquo;<\/span><span class=\"aioseo-breadcrumb\">\n\t<a href=\"https:\/\/www.rucashk.com\/es\/categoria-producto\/xiaomi-eco\/\" title=\"Xiaomi Eco\">Xiaomi Eco<\/a>\n<\/span><span class=\"aioseo-breadcrumb-separator\">&raquo;<\/span><span class=\"aioseo-breadcrumb\">\n\t<a href=\"https:\/\/www.rucashk.com\/es\/categoria-producto\/xiaomi-eco\/mi-redmi-earphone\/\" title=\"Mi Redmi Earphone\">Mi Redmi Earphone<\/a>\n<\/span><span class=\"aioseo-breadcrumb-separator\">&raquo;<\/span><span class=\"aioseo-breadcrumb\">\n\tXiaomi\u00a0C Type Headphones\n<\/span><\/div>","aioseo_breadcrumb_json":[{"label":"Home","link":"https:\/\/www.rucashk.com\/es"},{"label":"Productos","link":"https:\/\/www.rucashk.com\/es\/products\/"},{"label":"Xiaomi Eco","link":"https:\/\/www.rucashk.com\/es\/categoria-producto\/xiaomi-eco\/"},{"label":"Mi Redmi Earphone","link":"https:\/\/www.rucashk.com\/es\/categoria-producto\/xiaomi-eco\/mi-redmi-earphone\/"},{"label":"Xiaomi\u00a0C Type Headphones","link":"https:\/\/www.rucashk.com\/es\/producto\/xiaomi-c-type-headphones\/"}],"_links":{"self":[{"href":"https:\/\/www.rucashk.com\/es\/wp-json\/wp\/v2\/product\/22956","targetHints":{"allow":["GET"]}}],"collection":[{"href":"https:\/\/www.rucashk.com\/es\/wp-json\/wp\/v2\/product"}],"about":[{"href":"https:\/\/www.rucashk.com\/es\/wp-json\/wp\/v2\/types\/product"}],"wp:featuredmedia":[{"embeddable":true,"href":"https:\/\/www.rucashk.com\/es\/wp-json\/wp\/v2\/media\/22997"}],"wp:attachment":[{"href":"https:\/\/www.rucashk.com\/es\/wp-json\/wp\/v2\/media?parent=22956"}],"wp:term":[{"taxonomy":"product_brand","embeddable":true,"href":"https:\/\/www.rucashk.com\/es\/wp-json\/wp\/v2\/product_brand?post=22956"},{"taxonomy":"product_cat","embeddable":true,"href":"https:\/\/www.rucashk.com\/es\/wp-json\/wp\/v2\/product_cat?post=22956"},{"taxonomy":"product_tag","embeddable":true,"href":"https:\/\/www.rucashk.com\/es\/wp-json\/wp\/v2\/product_tag?post=22956"}],"curies":[{"name":"wp","href":"https:\/\/api.w.org\/{rel}","templated":true}]}}