{"id":22955,"date":"2024-01-09T15:50:14","date_gmt":"2024-01-09T15:50:14","guid":{"rendered":"http:\/\/rucashk.com\/?post_type=product&#038;p=22955"},"modified":"2024-03-13T08:41:18","modified_gmt":"2024-03-13T08:41:18","slug":"xiaomi-mi-6x-smartphone-with-20mp-front-rear-camera","status":"publish","type":"product","link":"https:\/\/www.rucashk.com\/es\/producto\/xiaomi-mi-6x-smartphone-with-20mp-front-rear-camera\/","title":{"rendered":"Smartphone Xiaomi Mi 6X con c\u00e1mara frontal y trasera de 20MP"},"content":{"rendered":"<p><img fetchpriority=\"high\" decoding=\"async\" class=\"product_lazy aligncenter\" src=\"\/wp-content\/uploads\/replace\/57e5dc4f2e14efd28a404ed8cb97a0c6.jpeg\" alt=\"Xiaomi Mi 6X\" width=\"1000\" height=\"654\" data-original=\"\/\/img.gkbcdn.com\/s3\/d\/201804\/a889e943-848a-4993-b975-f59008ad93f2.jpg\" \/><img decoding=\"async\" class=\"product_lazy aligncenter\" src=\"\/wp-content\/uploads\/replace\/4991897a57de87422cf487ccbe5a3473.jpeg\" alt=\"Xiaomi Mi 6X\" width=\"1000\" height=\"775\" data-original=\"\/\/img.gkbcdn.com\/s3\/d\/201804\/7c18f6b6-5f69-451d-acd9-73b1046f56cd.jpg\" \/><img decoding=\"async\" class=\"product_lazy aligncenter\" src=\"\/wp-content\/uploads\/replace\/c9ea91825a149c215586e8d935124bb4.jpeg\" alt=\"Xiaomi Mi 6X\" width=\"1000\" height=\"719\" data-original=\"\/\/img.gkbcdn.com\/s3\/d\/201804\/5a989351-3d92-4e0b-b272-9a45fef8795c.jpg\" \/><img loading=\"lazy\" decoding=\"async\" class=\"product_lazy aligncenter\" src=\"\/wp-content\/uploads\/replace\/afde77fd7fee3e07069d1f10a49fedc4.jpeg\" alt=\"Xiaomi Mi 6X\" width=\"1000\" height=\"1164\" data-original=\"\/\/img.gkbcdn.com\/s3\/d\/201804\/866faaa8-7c95-4421-a0ed-b61362b23b4e.jpg\" \/><img loading=\"lazy\" decoding=\"async\" class=\"product_lazy aligncenter\" src=\"\/wp-content\/uploads\/replace\/c28752907c19bd2c2edf4e69b0790f2a.jpeg\" alt=\"Xiaomi Mi 6X\" width=\"1000\" height=\"731\" data-original=\"\/\/img.gkbcdn.com\/s3\/d\/201804\/1dcbf20d-2d09-448b-8325-bc8b8a50183b.jpg\" \/>C<\/p>\n<h2>Especificaci\u00f3n<\/h2>\n<div id=\"description\">\n<div id=\"DESCRIPTION_HTML\">\n<table class=\"jbEidtTable\" border=\"1\" cellspacing=\"0\" cellpadding=\"5\">\n<tbody>\n<tr>\n<td><strong>General<\/strong><\/td>\n<td>Marca:Xiaomi<br \/>\nModelo: 6X<br \/>\nDe color negro<\/td>\n<\/tr>\n<tr>\n<td><strong>Sistema<\/strong><\/td>\n<td>Sistema operativo: MIUI 9 (basado en el sistema operativo Android 8.1)<br \/>\nProcesador:Qualcomm <a class=\"\" style=\"width: auto !important\" href=\"https:\/\/www.rucashk.com\/es\/producto\/mi-mix-3-snapdragon-855-octa-core-5g-smartphone\/\" data-wpil-post-to-id=\"1703\">Snapdragon 660, octava<\/a> n\u00facleo, 2,2 GHz<br \/>\nGPU: Adreno 512<br \/>\nRAM: 4GB<br \/>\nROM: 64GB<br \/>\nAlmacenamiento extendido: N\/A<\/td>\n<\/tr>\n<tr>\n<td><strong>Mostrar<\/strong><\/td>\n<td>Tipo de pantalla: pantalla capacitiva<br \/>\nTama\u00f1o de pantalla: 5,99 pulgadas<br \/>\nResoluci\u00f3n de pantalla: pantalla FHD+ (2160\u00d71080 p\u00edxeles), 403PPI<\/td>\n<\/tr>\n<tr>\n<td><strong>Red<\/strong><\/td>\n<td><a class=\"\" style=\"width: auto !important\" href=\"https:\/\/www.rucashk.com\/es\/producto\/qcy-t5-true-wireless-earphones-bluetooth-5-0-wholesale\/\" data-wpil-post-to-id=\"3129\">Conectividad inal\u00e1mbrica: GSM, 3G, 4G, GPS, WiFi, Bluetooth<\/a><br \/>\nFrecuencia:<br \/>\n2G: GSM B2\/B3\/B5\/B8 CDMA 1X\/EVDO BC0<br \/>\n3G: WCDMA B1\/B2\/B5\/B8, TD-SCDMA B34\/B39<br \/>\n4G: FDD-LTE B1\/B3\/B5\/B7\/B8, TDD-LTE B34\/B38\/B39\/B40\/B41<br \/>\nBluetooth: S\u00ed, 5.0<br \/>\nWiFi: S\u00ed, 802.11a\/b\/g\/n\/ac<br \/>\nGPS: S\u00ed, GPS\/AGPS\/GLONSAA\/BEIDON<\/td>\n<\/tr>\n<tr>\n<td><strong>C\u00e1mara<\/strong><\/td>\n<td>Tipo de c\u00e1mara: C\u00e1maras duales (una frontal y dos traseras)<br \/>\nC\u00e1mara trasera doble: 20,0 MP + 12,0 MP<br \/>\nC\u00e1mara frontal: 20.0MP<br \/>\nGrabaci\u00f3n de v\u00eddeo: S\u00ed<\/td>\n<\/tr>\n<tr>\n<td><strong>Conectividad<\/strong><\/td>\n<td><a class=\"\" style=\"width: auto !important\" href=\"https:\/\/www.rucashk.com\/es\/producto\/wiko-view4-lite\/\" data-wpil-post-to-id=\"5614\">Ranura para tarjeta SIM: Doble tarjeta Nano SIM dual<\/a> en espera (Ambas ranuras SIM son compatibles con 4G, respectivamente. Cuando funcionan al mismo tiempo, solo una de ellas puede recibir servicio LTE y la otra WCDMA)<br \/>\nRanura para tarjeta TF: N\/A<br \/>\nRanura USB: tipo C<br \/>\nSalida de audio: S\u00ed (interoperabilidad de boca de carga)<br \/>\nMicr\u00f3fono: compatible<br \/>\nAltavoz: compatible<\/td>\n<\/tr>\n<tr>\n<td><strong>Medios de comunicaci\u00f3n<\/strong><\/td>\n<td>Formato de v\u00eddeo: 3GP, MP4, RMVB<br \/>\nFormato de audio: WAV, AMR, MP3<br \/>\nFormato de imagen: GIF, JPEG, BMP, PNG<br \/>\nRadio FM: N\/A<\/td>\n<\/tr>\n<tr>\n<td><strong>Idioma<\/strong><\/td>\n<td>Ingl\u00e9s, chino tradicional\/simplificado<\/td>\n<\/tr>\n<tr>\n<td><strong>Sensor<\/strong><\/td>\n<td>Giroscopios, Sensores de aceleraci\u00f3n, Sensores de distancia, Sensores de luz ambiental, Sensores Hall, Br\u00fajula electr\u00f3nica, Bar\u00f3metro<\/td>\n<\/tr>\n<tr>\n<td><strong>Caracter\u00edsticas adicionales<\/strong><\/td>\n<td>4G, WIFI, GPS, Bluetooth, detecci\u00f3n de gestos, activaci\u00f3n inteligente, libros electr\u00f3nicos, correo electr\u00f3nico, mensajer\u00eda, fondos de pantalla, calendario, calculadora, reloj, c\u00e1mara, anclaje a red y punto de acceso port\u00e1til, Touch ID, carga r\u00e1pida, tipo C, etc.<\/td>\n<\/tr>\n<tr>\n<td><strong>Bater\u00eda<\/strong><\/td>\n<td>Tipo de bater\u00eda: litio<br \/>\nCapacidad: 3010 mAh (t\u00edpico)\/2910 mAh (m\u00edn.) incorporados<br \/>\nTiempo en espera: alrededor de 2 ~ 3 d\u00edas<br \/>\nCargador:USB, cargador de viaje<\/td>\n<\/tr>\n<tr>\n<td><strong>Dimensi\u00f3n y peso (producto principal)<\/strong><\/td>\n<td>Dimensi\u00f3n: 158,7*75,4*7,3mm<br \/>\nPeso: 168g<\/td>\n<\/tr>\n<tr>\n<td><strong>contenidos del paquete<\/strong><\/td>\n<td>1 \u00d7 tel\u00e9fono<br \/>\n1 \u00d7 bater\u00eda incorporada<br \/>\n1 \u00d7 <a class=\"\" style=\"width: auto !important\" href=\"https:\/\/www.rucashk.com\/es\/producto\/mi-braided-usb-type-c-cable-black\/\" data-wpil-post-to-id=\"15553\">Cable tipo C<\/a><br \/>\n1 \u00d7 Pin de expulsi\u00f3n<br \/>\n1 \u00d7 caso<br \/>\n1 \u00d7 Manual de usuario<br \/>\n1 \u00d7 EE. UU. <a class=\"\" style=\"width: auto !important\" href=\"https:\/\/www.rucashk.com\/es\/producto\/xiaomi-mi-usb-c-charger-65w-output-rate-socket-power-adapter\/\" data-wpil-post-to-id=\"2611\">Adaptador de corriente<\/a> (Se le enviar\u00e1 un adaptador de CA adecuado como pa\u00eds de env\u00edo)<\/td>\n<\/tr>\n<\/tbody>\n<\/table>\n<\/div>\n<\/div>","protected":false},"excerpt":{"rendered":"<p>5.99 inch 2160*1080 Pixel FHD+ screen,<\/p>\n<p>CPU:Qualcomm Snapdragon 660, Octa Core, 2.2GHz, 64bit,GPU Adreno 512<\/p>\n<p>MIUI 9 (Base on Android 8.1 OS) , 4GB RAM + 64GB ROM<\/p>\n<p>Modo de espera dual con tarjeta Nano SIM dual<\/p>\n<p>Support FDD LTE\/4G+\/3G\/GPS\/dual-band Wifi\/Bluetooth\/Miracast\/OTG\/Type-C\/ultrasonic fingerprint ID<\/p>","protected":false},"featured_media":22996,"template":"","meta":[],"product_brand":[],"product_cat":[1295,1296],"product_tag":[],"class_list":{"0":"post-22955","1":"product","2":"type-product","3":"status-publish","4":"has-post-thumbnail","6":"product_cat-mobile-phone","7":"product_cat-xiaomi-mobile-phone","9":"first","10":"instock","11":"shipping-taxable","12":"product-type-external"},"aioseo_notices":[],"aioseo_head":"\n\t\t<!-- All in One SEO Pro 4.5.9.2 - aioseo.com -->\n\t\t<meta name=\"description\" content=\"5.99 inch 2160*1080 Pixel FHD+ screen, CPU:Qualcomm Snapdragon 660, Octa Core, 2.2GHz, 64bit,GPU Adreno 512 MIUI 9 (Base on Android 8.1 OS) , 4GB RAM + 64GB ROM Dual Nano SIM card dual standby Support FDD LTE\/4G+\/3G\/GPS\/dual-band Wifi\/Bluetooth\/Miracast\/OTG\/Type-C\/ultrasonic fingerprint ID\" \/>\n\t\t<meta name=\"robots\" content=\"max-image-preview:large\" \/>\n\t\t<link rel=\"canonical\" href=\"https:\/\/www.rucashk.com\/es\/producto\/xiaomi-mi-6x-smartphone-with-20mp-front-rear-camera\/\" \/>\n\t\t<meta name=\"generator\" content=\"All in One SEO Pro (AIOSEO) 4.5.9.2\" \/>\n\t\t<meta property=\"og:locale\" content=\"es_ES\" \/>\n\t\t<meta property=\"og:site_name\" content=\"Rucas - One-stop AIoT Distribution Worldwide\" \/>\n\t\t<meta property=\"og:type\" content=\"article\" \/>\n\t\t<meta property=\"og:title\" content=\"Xiaomi Mi 6X Smartphone with 20MP Front &amp; Rear Camera - Rucas - Wholesale and Distribution\" \/>\n\t\t<meta property=\"og:description\" content=\"5.99 inch 2160*1080 Pixel FHD+ screen, CPU:Qualcomm Snapdragon 660, Octa Core, 2.2GHz, 64bit,GPU Adreno 512 MIUI 9 (Base on Android 8.1 OS) , 4GB RAM + 64GB ROM Dual Nano SIM card dual standby Support FDD LTE\/4G+\/3G\/GPS\/dual-band Wifi\/Bluetooth\/Miracast\/OTG\/Type-C\/ultrasonic fingerprint ID\" \/>\n\t\t<meta property=\"og:url\" content=\"https:\/\/www.rucashk.com\/es\/producto\/xiaomi-mi-6x-smartphone-with-20mp-front-rear-camera\/\" \/>\n\t\t<meta property=\"og:image\" content=\"https:\/\/www.rucashk.com\/wp-content\/uploads\/replace\/503b8e645f128a97ccde2b6290747646.jpeg\" \/>\n\t\t<meta property=\"og:image:secure_url\" content=\"https:\/\/www.rucashk.com\/wp-content\/uploads\/replace\/503b8e645f128a97ccde2b6290747646.jpeg\" \/>\n\t\t<meta property=\"og:image:width\" content=\"1456\" \/>\n\t\t<meta property=\"og:image:height\" content=\"816\" \/>\n\t\t<meta property=\"article:published_time\" content=\"2024-01-09T15:50:14+00:00\" \/>\n\t\t<meta property=\"article:modified_time\" content=\"2024-03-13T08:41:18+00:00\" \/>\n\t\t<meta name=\"twitter:card\" content=\"summary_large_image\" \/>\n\t\t<meta name=\"twitter:title\" content=\"Xiaomi Mi 6X Smartphone with 20MP Front &amp; Rear Camera - Rucas - Wholesale and Distribution\" \/>\n\t\t<meta name=\"twitter:description\" content=\"5.99 inch 2160*1080 Pixel FHD+ screen, CPU:Qualcomm Snapdragon 660, Octa Core, 2.2GHz, 64bit,GPU Adreno 512 MIUI 9 (Base on Android 8.1 OS) , 4GB RAM + 64GB ROM Dual Nano SIM card dual standby Support FDD LTE\/4G+\/3G\/GPS\/dual-band Wifi\/Bluetooth\/Miracast\/OTG\/Type-C\/ultrasonic fingerprint ID\" \/>\n\t\t<meta name=\"twitter:image\" content=\"https:\/\/www.rucashk.com\/wp-content\/uploads\/replace\/503b8e645f128a97ccde2b6290747646.jpeg\" \/>\n\t\t<script type=\"application\/ld+json\" class=\"aioseo-schema\">\n\t\t\t{\"@context\":\"https:\\\/\\\/schema.org\",\"@graph\":[{\"@type\":\"BreadcrumbList\",\"@id\":\"https:\\\/\\\/www.rucashk.com\\\/es\\\/producto\\\/xiaomi-mi-6x-smartphone-with-20mp-front-rear-camera\\\/#breadcrumblist\",\"itemListElement\":[{\"@type\":\"ListItem\",\"@id\":\"https:\\\/\\\/www.rucashk.com\\\/es\\\/#listItem\",\"position\":1,\"name\":\"Home\",\"item\":\"https:\\\/\\\/www.rucashk.com\\\/es\\\/\",\"nextItem\":\"https:\\\/\\\/www.rucashk.com\\\/es\\\/producto\\\/xiaomi-mi-6x-smartphone-with-20mp-front-rear-camera\\\/#listItem\"},{\"@type\":\"ListItem\",\"@id\":\"https:\\\/\\\/www.rucashk.com\\\/es\\\/producto\\\/xiaomi-mi-6x-smartphone-with-20mp-front-rear-camera\\\/#listItem\",\"position\":2,\"name\":\"Xiaomi Mi 6X Smartphone with 20MP Front &amp; Rear Camera\",\"previousItem\":\"https:\\\/\\\/www.rucashk.com\\\/es\\\/#listItem\"}]},{\"@type\":\"Organization\",\"@id\":\"https:\\\/\\\/www.rucashk.com\\\/es\\\/#organization\",\"name\":\"Rucas\",\"url\":\"https:\\\/\\\/www.rucashk.com\\\/es\\\/\",\"logo\":{\"@type\":\"ImageObject\",\"url\":\"https:\\\/\\\/www.rucashk.com\\\/wp-content\\\/uploads\\\/2023\\\/12\\\/Rucas_campany_logo.png\",\"@id\":\"https:\\\/\\\/www.rucashk.com\\\/es\\\/producto\\\/xiaomi-mi-6x-smartphone-with-20mp-front-rear-camera\\\/#organizationLogo\",\"width\":221,\"height\":65},\"image\":{\"@id\":\"https:\\\/\\\/www.rucashk.com\\\/es\\\/#organizationLogo\"}},{\"@type\":\"Person\",\"@id\":\"https:\\\/\\\/www.rucashk.com\\\/es\\\/author\\\/admin\\\/#author\",\"url\":\"https:\\\/\\\/www.rucashk.com\\\/es\\\/author\\\/admin\\\/\",\"name\":\"admin\",\"image\":{\"@type\":\"ImageObject\",\"@id\":\"https:\\\/\\\/www.rucashk.com\\\/es\\\/producto\\\/xiaomi-mi-6x-smartphone-with-20mp-front-rear-camera\\\/#authorImage\",\"url\":\"https:\\\/\\\/secure.gravatar.com\\\/avatar\\\/b7c8925b09a27e72b30232f8ecaadbd5af0f70a38c78096863fe51b64f031c24?s=96&d=mm&r=g\",\"width\":96,\"height\":96,\"caption\":\"admin\"}},{\"@type\":\"WebPage\",\"@id\":\"https:\\\/\\\/www.rucashk.com\\\/es\\\/producto\\\/xiaomi-mi-6x-smartphone-with-20mp-front-rear-camera\\\/#webpage\",\"url\":\"https:\\\/\\\/www.rucashk.com\\\/es\\\/producto\\\/xiaomi-mi-6x-smartphone-with-20mp-front-rear-camera\\\/\",\"name\":\"Xiaomi Mi 6X Smartphone with 20MP Front & Rear Camera - Rucas - Wholesale and Distribution\",\"description\":\"5.99 inch 2160*1080 Pixel FHD+ screen, CPU:Qualcomm Snapdragon 660, Octa Core, 2.2GHz, 64bit,GPU Adreno 512 MIUI 9 (Base on Android 8.1 OS) , 4GB RAM + 64GB ROM Dual Nano SIM card dual standby Support FDD LTE\\\/4G+\\\/3G\\\/GPS\\\/dual-band Wifi\\\/Bluetooth\\\/Miracast\\\/OTG\\\/Type-C\\\/ultrasonic fingerprint ID\",\"inLanguage\":\"es-ES\",\"isPartOf\":{\"@id\":\"https:\\\/\\\/www.rucashk.com\\\/es\\\/#website\"},\"breadcrumb\":{\"@id\":\"https:\\\/\\\/www.rucashk.com\\\/es\\\/producto\\\/xiaomi-mi-6x-smartphone-with-20mp-front-rear-camera\\\/#breadcrumblist\"},\"author\":{\"@id\":\"https:\\\/\\\/www.rucashk.com\\\/es\\\/author\\\/admin\\\/#author\"},\"creator\":{\"@id\":\"https:\\\/\\\/www.rucashk.com\\\/es\\\/author\\\/admin\\\/#author\"},\"image\":{\"@type\":\"ImageObject\",\"url\":\"https:\\\/\\\/www.rucashk.com\\\/wp-content\\\/uploads\\\/2024\\\/01\\\/xiaomi-mi-6X.jpg\",\"@id\":\"https:\\\/\\\/www.rucashk.com\\\/es\\\/producto\\\/xiaomi-mi-6x-smartphone-with-20mp-front-rear-camera\\\/#mainImage\",\"width\":527,\"height\":536},\"primaryImageOfPage\":{\"@id\":\"https:\\\/\\\/www.rucashk.com\\\/es\\\/producto\\\/xiaomi-mi-6x-smartphone-with-20mp-front-rear-camera\\\/#mainImage\"},\"datePublished\":\"2024-01-09T15:50:14+00:00\",\"dateModified\":\"2024-03-13T08:41:18+00:00\"},{\"@type\":\"WebSite\",\"@id\":\"https:\\\/\\\/www.rucashk.com\\\/es\\\/#website\",\"url\":\"https:\\\/\\\/www.rucashk.com\\\/es\\\/\",\"name\":\"Rucas - Wholesale and distribution worldwide\",\"alternateName\":\"Rucas - One-stop AIoT Distribution Worldwide\",\"description\":\"One-stop AIoT Distribution Worldwide\",\"inLanguage\":\"es-ES\",\"publisher\":{\"@id\":\"https:\\\/\\\/www.rucashk.com\\\/es\\\/#organization\"}}]}\n\t\t<\/script>\n\t\t<!-- All in One SEO Pro -->\r\n\t\t<title>Xiaomi Mi 6X Smartphone with 20MP Front &amp; Rear Camera - Rucas - Wholesale and Distribution<\/title>\n\n","aioseo_head_json":{"title":"Xiaomi Mi 6X Smartphone with 20MP Front & Rear Camera - Rucas - Wholesale and Distribution","description":"5.99 inch 2160*1080 Pixel FHD+ screen, CPU:Qualcomm Snapdragon 660, Octa Core, 2.2GHz, 64bit,GPU Adreno 512 MIUI 9 (Base on Android 8.1 OS) , 4GB RAM + 64GB ROM Dual Nano SIM card dual standby Support FDD LTE\/4G+\/3G\/GPS\/dual-band Wifi\/Bluetooth\/Miracast\/OTG\/Type-C\/ultrasonic fingerprint ID","canonical_url":"https:\/\/www.rucashk.com\/es\/producto\/xiaomi-mi-6x-smartphone-with-20mp-front-rear-camera\/","robots":"max-image-preview:large","keywords":"","webmasterTools":{"miscellaneous":""},"og:locale":"es_ES","og:site_name":"Rucas - One-stop AIoT Distribution Worldwide","og:type":"article","og:title":"Xiaomi Mi 6X Smartphone with 20MP Front &amp; Rear Camera - Rucas - Wholesale and Distribution","og:description":"5.99 inch 2160*1080 Pixel FHD+ screen, CPU:Qualcomm Snapdragon 660, Octa Core, 2.2GHz, 64bit,GPU Adreno 512 MIUI 9 (Base on Android 8.1 OS) , 4GB RAM + 64GB ROM Dual Nano SIM card dual standby Support FDD LTE\/4G+\/3G\/GPS\/dual-band Wifi\/Bluetooth\/Miracast\/OTG\/Type-C\/ultrasonic fingerprint ID","og:url":"https:\/\/www.rucashk.com\/es\/producto\/xiaomi-mi-6x-smartphone-with-20mp-front-rear-camera\/","og:image":"https:\/\/www.rucashk.com\/wp-content\/uploads\/replace\/503b8e645f128a97ccde2b6290747646.jpeg","og:image:secure_url":"https:\/\/www.rucashk.com\/wp-content\/uploads\/replace\/503b8e645f128a97ccde2b6290747646.jpeg","og:image:width":1456,"og:image:height":816,"article:published_time":"2024-01-09T15:50:14+00:00","article:modified_time":"2024-03-13T08:41:18+00:00","twitter:card":"summary_large_image","twitter:title":"Xiaomi Mi 6X Smartphone with 20MP Front &amp; Rear Camera - Rucas - Wholesale and Distribution","twitter:description":"5.99 inch 2160*1080 Pixel FHD+ screen, CPU:Qualcomm Snapdragon 660, Octa Core, 2.2GHz, 64bit,GPU Adreno 512 MIUI 9 (Base on Android 8.1 OS) , 4GB RAM + 64GB ROM Dual Nano SIM card dual standby Support FDD LTE\/4G+\/3G\/GPS\/dual-band Wifi\/Bluetooth\/Miracast\/OTG\/Type-C\/ultrasonic fingerprint ID","twitter:image":"https:\/\/www.rucashk.com\/wp-content\/uploads\/replace\/503b8e645f128a97ccde2b6290747646.jpeg","schema":{"@context":"https:\/\/schema.org","@graph":[{"@type":"BreadcrumbList","@id":"https:\/\/www.rucashk.com\/es\/producto\/xiaomi-mi-6x-smartphone-with-20mp-front-rear-camera\/#breadcrumblist","itemListElement":[{"@type":"ListItem","@id":"https:\/\/www.rucashk.com\/es\/#listItem","position":1,"name":"Home","item":"https:\/\/www.rucashk.com\/es\/","nextItem":"https:\/\/www.rucashk.com\/es\/producto\/xiaomi-mi-6x-smartphone-with-20mp-front-rear-camera\/#listItem"},{"@type":"ListItem","@id":"https:\/\/www.rucashk.com\/es\/producto\/xiaomi-mi-6x-smartphone-with-20mp-front-rear-camera\/#listItem","position":2,"name":"Xiaomi Mi 6X Smartphone with 20MP Front &amp; Rear Camera","previousItem":"https:\/\/www.rucashk.com\/es\/#listItem"}]},{"@type":"Organization","@id":"https:\/\/www.rucashk.com\/es\/#organization","name":"Rucas","url":"https:\/\/www.rucashk.com\/es\/","logo":{"@type":"ImageObject","url":"https:\/\/www.rucashk.com\/wp-content\/uploads\/2023\/12\/Rucas_campany_logo.png","@id":"https:\/\/www.rucashk.com\/es\/producto\/xiaomi-mi-6x-smartphone-with-20mp-front-rear-camera\/#organizationLogo","width":221,"height":65},"image":{"@id":"https:\/\/www.rucashk.com\/es\/#organizationLogo"}},{"@type":"Person","@id":"https:\/\/www.rucashk.com\/es\/author\/admin\/#author","url":"https:\/\/www.rucashk.com\/es\/author\/admin\/","name":"admin","image":{"@type":"ImageObject","@id":"https:\/\/www.rucashk.com\/es\/producto\/xiaomi-mi-6x-smartphone-with-20mp-front-rear-camera\/#authorImage","url":"https:\/\/secure.gravatar.com\/avatar\/b7c8925b09a27e72b30232f8ecaadbd5af0f70a38c78096863fe51b64f031c24?s=96&d=mm&r=g","width":96,"height":96,"caption":"admin"}},{"@type":"WebPage","@id":"https:\/\/www.rucashk.com\/es\/producto\/xiaomi-mi-6x-smartphone-with-20mp-front-rear-camera\/#webpage","url":"https:\/\/www.rucashk.com\/es\/producto\/xiaomi-mi-6x-smartphone-with-20mp-front-rear-camera\/","name":"Xiaomi Mi 6X Smartphone with 20MP Front & Rear Camera - Rucas - Wholesale and Distribution","description":"5.99 inch 2160*1080 Pixel FHD+ screen, CPU:Qualcomm Snapdragon 660, Octa Core, 2.2GHz, 64bit,GPU Adreno 512 MIUI 9 (Base on Android 8.1 OS) , 4GB RAM + 64GB ROM Dual Nano SIM card dual standby Support FDD LTE\/4G+\/3G\/GPS\/dual-band Wifi\/Bluetooth\/Miracast\/OTG\/Type-C\/ultrasonic fingerprint ID","inLanguage":"es-ES","isPartOf":{"@id":"https:\/\/www.rucashk.com\/es\/#website"},"breadcrumb":{"@id":"https:\/\/www.rucashk.com\/es\/producto\/xiaomi-mi-6x-smartphone-with-20mp-front-rear-camera\/#breadcrumblist"},"author":{"@id":"https:\/\/www.rucashk.com\/es\/author\/admin\/#author"},"creator":{"@id":"https:\/\/www.rucashk.com\/es\/author\/admin\/#author"},"image":{"@type":"ImageObject","url":"https:\/\/www.rucashk.com\/wp-content\/uploads\/2024\/01\/xiaomi-mi-6X.jpg","@id":"https:\/\/www.rucashk.com\/es\/producto\/xiaomi-mi-6x-smartphone-with-20mp-front-rear-camera\/#mainImage","width":527,"height":536},"primaryImageOfPage":{"@id":"https:\/\/www.rucashk.com\/es\/producto\/xiaomi-mi-6x-smartphone-with-20mp-front-rear-camera\/#mainImage"},"datePublished":"2024-01-09T15:50:14+00:00","dateModified":"2024-03-13T08:41:18+00:00"},{"@type":"WebSite","@id":"https:\/\/www.rucashk.com\/es\/#website","url":"https:\/\/www.rucashk.com\/es\/","name":"Rucas - Wholesale and distribution worldwide","alternateName":"Rucas - One-stop AIoT Distribution Worldwide","description":"One-stop AIoT Distribution Worldwide","inLanguage":"es-ES","publisher":{"@id":"https:\/\/www.rucashk.com\/es\/#organization"}}]}},"aioseo_meta_data":{"post_id":"22955","title":null,"description":null,"keywords":null,"keyphrases":null,"primary_term":null,"canonical_url":null,"og_title":null,"og_description":null,"og_object_type":"default","og_image_type":"default","og_image_url":null,"og_image_width":null,"og_image_height":null,"og_image_custom_url":null,"og_image_custom_fields":null,"og_video":null,"og_custom_url":null,"og_article_section":null,"og_article_tags":null,"twitter_use_og":false,"twitter_card":"default","twitter_image_type":"default","twitter_image_url":null,"twitter_image_custom_url":null,"twitter_image_custom_fields":null,"twitter_title":null,"twitter_description":null,"schema":{"blockGraphs":[],"customGraphs":[],"default":{"data":{"Article":[],"Course":[],"Dataset":[],"FAQPage":[],"Movie":[],"Person":[],"Product":[],"Recipe":[],"Service":[],"SoftwareApplication":[],"WebPage":[]},"graphName":"","isEnabled":true},"graphs":[]},"schema_type":"default","schema_type_options":null,"pillar_content":false,"robots_default":true,"robots_noindex":false,"robots_noarchive":false,"robots_nosnippet":false,"robots_nofollow":false,"robots_noimageindex":false,"robots_noodp":false,"robots_notranslate":false,"robots_max_snippet":null,"robots_max_videopreview":null,"robots_max_imagepreview":"large","priority":null,"frequency":null,"local_seo":null,"breadcrumb_settings":null,"limit_modified_date":false,"created":"2024-04-11 01:55:24","updated":"2025-06-22 16:52:57"},"aioseo_breadcrumb":"<div class=\"aioseo-breadcrumbs\"><span class=\"aioseo-breadcrumb\">\n\t<a href=\"https:\/\/www.rucashk.com\/es\" title=\"Home\">Home<\/a>\n<\/span><span class=\"aioseo-breadcrumb-separator\">&raquo;<\/span><span class=\"aioseo-breadcrumb\">\n\t<a href=\"https:\/\/www.rucashk.com\/es\/products\/\" title=\"Productos\">Productos<\/a>\n<\/span><span class=\"aioseo-breadcrumb-separator\">&raquo;<\/span><span class=\"aioseo-breadcrumb\">\n\t<a href=\"https:\/\/www.rucashk.com\/es\/categoria-producto\/mobile-phone\/\" title=\"Mobile Phone\">Mobile Phone<\/a>\n<\/span><span class=\"aioseo-breadcrumb-separator\">&raquo;<\/span><span class=\"aioseo-breadcrumb\">\n\t<a href=\"https:\/\/www.rucashk.com\/es\/categoria-producto\/mobile-phone\/xiaomi-mobile-phone\/\" title=\"Xiaomi\">Xiaomi<\/a>\n<\/span><span class=\"aioseo-breadcrumb-separator\">&raquo;<\/span><span class=\"aioseo-breadcrumb\">\n\tXiaomi Mi 6X Smartphone with 20MP Front &amp; Rear Camera\n<\/span><\/div>","aioseo_breadcrumb_json":[{"label":"Home","link":"https:\/\/www.rucashk.com\/es"},{"label":"Productos","link":"https:\/\/www.rucashk.com\/es\/products\/"},{"label":"Mobile Phone","link":"https:\/\/www.rucashk.com\/es\/categoria-producto\/mobile-phone\/"},{"label":"Xiaomi","link":"https:\/\/www.rucashk.com\/es\/categoria-producto\/mobile-phone\/xiaomi-mobile-phone\/"},{"label":"Xiaomi Mi 6X Smartphone with 20MP Front &amp; Rear Camera","link":"https:\/\/www.rucashk.com\/es\/producto\/xiaomi-mi-6x-smartphone-with-20mp-front-rear-camera\/"}],"_links":{"self":[{"href":"https:\/\/www.rucashk.com\/es\/wp-json\/wp\/v2\/product\/22955","targetHints":{"allow":["GET"]}}],"collection":[{"href":"https:\/\/www.rucashk.com\/es\/wp-json\/wp\/v2\/product"}],"about":[{"href":"https:\/\/www.rucashk.com\/es\/wp-json\/wp\/v2\/types\/product"}],"wp:featuredmedia":[{"embeddable":true,"href":"https:\/\/www.rucashk.com\/es\/wp-json\/wp\/v2\/media\/22996"}],"wp:attachment":[{"href":"https:\/\/www.rucashk.com\/es\/wp-json\/wp\/v2\/media?parent=22955"}],"wp:term":[{"taxonomy":"product_brand","embeddable":true,"href":"https:\/\/www.rucashk.com\/es\/wp-json\/wp\/v2\/product_brand?post=22955"},{"taxonomy":"product_cat","embeddable":true,"href":"https:\/\/www.rucashk.com\/es\/wp-json\/wp\/v2\/product_cat?post=22955"},{"taxonomy":"product_tag","embeddable":true,"href":"https:\/\/www.rucashk.com\/es\/wp-json\/wp\/v2\/product_tag?post=22955"}],"curies":[{"name":"wp","href":"https:\/\/api.w.org\/{rel}","templated":true}]}}