{"id":22832,"date":"2024-01-09T15:48:43","date_gmt":"2024-01-09T15:48:43","guid":{"rendered":"http:\/\/rucashk.com\/?post_type=product&#038;p=22832"},"modified":"2024-03-11T07:52:55","modified_gmt":"2024-03-11T07:52:55","slug":"xiaomi-6","status":"publish","type":"product","link":"https:\/\/www.rucashk.com\/es\/producto\/xiaomi-6\/","title":{"rendered":"Xiaomi 6"},"content":{"rendered":"<div class=\"xxkkk\">\n<p><img fetchpriority=\"high\" decoding=\"async\" class=\"aligncenter\" src=\"\/wp-content\/uploads\/replace\/8a01ceddb02268b7d374206e242e65de.jpeg\" alt=\"Xiaomi 6\" width=\"1000\" height=\"500\" \/><img decoding=\"async\" class=\"aligncenter\" src=\"\/wp-content\/uploads\/replace\/fe3807f5a4e492ea4f891a48408ace15.jpeg\" alt=\"Xiaomi 6\" width=\"1000\" height=\"500\" \/><\/p>\n<\/div>\n<div id=\"product_images\" class=\"xktutu\">\n<div class=\"self-adaption\">\n<p><img decoding=\"async\" class=\"aligncenter\" src=\"\/wp-content\/uploads\/replace\/b4cdba72559b853085c00af70772725f.jpeg\" alt=\" Xiaomi 6\" width=\"1000\" height=\"500\" \/><\/p>\n<p><img loading=\"lazy\" decoding=\"async\" class=\"aligncenter\" src=\"\/wp-content\/uploads\/replace\/990fbff05b739f0462e86454cc806127.jpeg\" alt=\"Xiaomi 6\" width=\"1000\" height=\"500\" \/><\/p>\n<p><img loading=\"lazy\" decoding=\"async\" class=\"aligncenter\" src=\"\/wp-content\/uploads\/replace\/1387f86d183477e0cd2ea1e8841e546c.jpeg\" alt=\"Xiaomi 6\" width=\"1000\" height=\"500\" \/><\/p>\n<p><img loading=\"lazy\" decoding=\"async\" class=\"aligncenter\" src=\"\/wp-content\/uploads\/replace\/619887f9b480ffc22f3248fb1501f201.jpeg\" alt=\"Xiaomi 6\" width=\"1000\" height=\"500\" \/><\/p>\n<p><img loading=\"lazy\" decoding=\"async\" class=\"aligncenter\" src=\"\/wp-content\/uploads\/replace\/7f5e5a59547cda04a0a3812a9c6b052d.jpeg\" alt=\"Xiaomi 6\" width=\"1000\" height=\"500\" \/><\/p>\n<p><img loading=\"lazy\" decoding=\"async\" class=\"aligncenter\" src=\"\/wp-content\/uploads\/replace\/1847ec094187a438537f8654c56c74ce.jpeg\" alt=\"Xiaomi 6\" width=\"1000\" height=\"500\" \/><\/p>\n<p><img loading=\"lazy\" decoding=\"async\" class=\"aligncenter\" src=\"\/wp-content\/uploads\/replace\/a5b17edbdb7d3ebad42fd284918c8e5f.jpeg\" alt=\"Xiaomi 6\" width=\"1000\" height=\"500\" \/><\/p>\n<p><img loading=\"lazy\" decoding=\"async\" class=\"aligncenter\" src=\"\/wp-content\/uploads\/replace\/9ff5bae3deae0cea184381bdc3612484.jpeg\" alt=\"Xiaomi 6\" width=\"1000\" height=\"500\" \/><\/p>\n<p><img loading=\"lazy\" decoding=\"async\" class=\"aligncenter\" src=\"\/wp-content\/uploads\/replace\/9f27acd41fd064f554a8fab256f99bc3.jpeg\" alt=\"Xiaomi 6\" width=\"1000\" height=\"500\" \/><\/p>\n<p><img loading=\"lazy\" decoding=\"async\" class=\"aligncenter\" src=\"\/wp-content\/uploads\/replace\/7da0a2c9145ea8fefbc5673db6aa7290.jpeg\" alt=\"Xiaomi 6\" width=\"1000\" height=\"500\" \/><\/p>\n<p><img loading=\"lazy\" decoding=\"async\" class=\"aligncenter\" src=\"\/wp-content\/uploads\/replace\/3066059226ad881ce13653b7dc33b866.jpeg\" alt=\"Xiaomi 6\" width=\"1000\" height=\"500\" \/><\/p>\n<div class=\"xxkkk2\">Especificaciones:<\/div>\n<div class=\"xkclear\"><\/div>\n<div class=\"xxkkk\">\n<div class=\"xxkkk20\"><strong>Marca:<\/strong>\u00a0Xiaomi<br \/>\n<strong>Tipo:<\/strong>\u00a0Tel\u00e9fono inteligente 4G<br \/>\n<strong>SO:<\/strong>\u00a0MIUI 8<br \/>\n<strong>Proveedor de servicio:<\/strong>\u00a0desbloqueado<br \/>\n<strong>Idioma:<\/strong>ingl\u00e9s y chino<br \/>\n<strong>Ranura para tarjeta SIM:<\/strong>\u00a0Doble SIM, doble modo de espera<br \/>\n<strong>Tipo de tarjeta SIM:<\/strong>\u00a0Tarjeta nano SIM<\/div>\n<div class=\"xxkkk20\"><strong>UPC:<\/strong>\u00a0Qualcomm Snapdragon 835<br \/>\n<strong>N\u00facleos:<\/strong>\u00a02,45 GHz, ocho n\u00facleos<br \/>\n<strong>Memoria externa:<\/strong>\u00a0No soportado<br \/>\n<strong>Versi\u00f3n opcional:<\/strong>\u00a04 GB <a class=\"\" style=\"width: auto !important\" href=\"https:\/\/www.rucashk.com\/es\/producto\/xiaomi-pocophone-f1-64gb-6gb-ram-dual-camera\/\" data-wpil-post-to-id=\"11721\">RAM + 64GB<\/a> ROM<\/div>\n<div class=\"xxkkk20\"><strong>Conectividad inal\u00e1mbrica:<\/strong>\u00a03G,4G,A-GPS,Bluetooth,GPS,GSM,LTE,WiFi<br \/>\n<strong>WIFI:<\/strong>\u00a0Internet inal\u00e1mbrico 802.11a\/b\/g\/n\/ac<br \/>\n<strong>Tipo de red:<\/strong>\u00a0GSM+CDMA+WCDMA+TD-SCDMA+FDD-LTE+TD-LTE<br \/>\n<strong>2G:<\/strong>\u00a0GSM B2\/B3\/B5\/B8<br \/>\n<strong>CDMA:<\/strong>\u00a0CDMA 1X\/EVDO BC0<br \/>\n<strong>3G:<\/strong>\u00a0WCDMA B1\/B2\/B5\/B8<br \/>\n<strong>TD-SCDMA:<\/strong>\u00a0TD-SCDMA B34\/B39<br \/>\n<strong>4G:<\/strong>\u00a0FDD-LTE B1\/B3\/B5\/B7\/B8<br \/>\n<strong>TDD\/TD-LTE:<\/strong>\u00a0TD-LTE B38\/B39\/B40\/41<\/div>\n<div class=\"xxkkk20\"><strong>Tipo de pantalla:<\/strong>\u00a0capacitivo<br \/>\n<strong>Tama\u00f1o de pantalla:<\/strong>\u00a05,15 pulgadas<br \/>\n<strong>Resoluci\u00f3n de la pantalla:<\/strong>\u00a01920 x 1080 (FHD)<br \/>\n<strong>P\u00edxeles por pulgada (PPI):<\/strong>\u00a0428 PPI<\/div>\n<div class=\"xxkkk20\"><strong>Tipo de c\u00e1mara:<\/strong>\u00a0C\u00e1maras triples<br \/>\n<strong>Camara trasera:<\/strong>\u00a012.0MP + 12.0MP con PDAF, apertura f\/1.8 y f\/2.6<br \/>\n<strong>C\u00e1mara frontal:<\/strong>\u00a08.0MP<br \/>\n<strong>Grabaci\u00f3n de v\u00eddeo:<\/strong>\u00a0S\u00ed<br \/>\n<strong>Enfoque t\u00e1ctil:<\/strong>\u00a0S\u00ed<br \/>\n<strong>Enfoque autom\u00e1tico:<\/strong>\u00a0S\u00ed<br \/>\n<strong>Linterna:<\/strong>\u00a0S\u00ed<br \/>\n<strong>Funciones de la c\u00e1mara:<\/strong>\u00a0Belleza facial, detecci\u00f3n de rostros, toma panor\u00e1mica<\/div>\n<div class=\"xxkkk20\"><strong>Formato de imagen:<\/strong>\u00a0BMP, GIF, JPEG, PNG<br \/>\n<strong>Formato de m\u00fasica:<\/strong>\u00a0AAC MP3<br \/>\n<strong>Formato de video:<\/strong>\u00a03GP,4K,MP4<br \/>\n<strong>Juegos:<\/strong>\u00a0APK de Android<\/div>\n<div class=\"xxkkk20\"><strong>Interfaz de E\/S:<\/strong>\u00a02 x ranura Nano SIM, micr\u00f3fono, altavoz, tipo C<br \/>\n<strong>Sensor:<\/strong>\u00a0Aceler\u00f3metro, Sensor de luz ambiental, Br\u00fajula electr\u00f3nica, Sensor de gravedad, Giroscopio, Sensor Hall, Sensor de proximidad<br \/>\n<strong>Caracter\u00edsticas adicionales:<\/strong>\u00a03G,4G,Bluetooth,Navegador,Calculadora,Calendario,MP3,MP4,NFC,Personas,Wi-Fi<\/div>\n<div class=\"xxkkk20\"><strong>Capacidad de la bater\u00eda (mAh):<\/strong>\u00a03350mAh<br \/>\n<strong>Tipo de Bater\u00eda:<\/strong>\u00a0No removible<\/div>\n<div class=\"xxkkk20\">El paquete est\u00e1 incluido:<\/div>\n<p>1 * tel\u00e9fono celular.<\/p>\n<p>1 cable USB.<\/p>\n<p>1 * cargador.<\/p>\n<p>1 * auriculares como regalo gratuito.<\/p>\n<p>1 * vidrio templado como regalo gratuito.<\/p>\n<p>1 * funda de silicona como regalo gratuito.<\/p>\n<p>1 * pin de tarjeta como regalo gratis.<\/p>\n<\/div>\n<\/div>\n<\/div>","protected":false},"excerpt":{"rendered":"<p>147.5 x 71.5 x 8.3 mm (5.81 x 2.81 x 0.33 in)<\/p>\n<p>146 g (5.15 oz)<\/p>\n<p>5.45 inches, 76.7 cm<sup>2<\/sup>\u00a0(~72.7% screen-to-body ratio)<\/p>\n<p>32GB 3GB RAM, 64GB 3GB RAM, 64GB 4GB RAM<\/p>\n<p>Doble SIM (Nano-SIM, doble modo de espera)<\/p>\n<p>Pantalla t\u00e1ctil capacitiva LCD IPS, 16 millones de colores<\/p>","protected":false},"featured_media":22932,"template":"","meta":[],"product_brand":[],"product_cat":[1295,1296],"product_tag":[],"class_list":{"0":"post-22832","1":"product","2":"type-product","3":"status-publish","4":"has-post-thumbnail","6":"product_cat-mobile-phone","7":"product_cat-xiaomi-mobile-phone","9":"first","10":"instock","11":"shipping-taxable","12":"product-type-external"},"aioseo_notices":[],"aioseo_head":"\n\t\t<!-- All in One SEO Pro 4.5.9.2 - aioseo.com -->\n\t\t<meta name=\"description\" content=\"147.5 x 71.5 x 8.3 mm (5.81 x 2.81 x 0.33 in) 146 g (5.15 oz) 5.45 inches, 76.7 cm2 (~72.7% screen-to-body ratio) 32GB 3GB RAM, 64GB 3GB RAM, 64GB 4GB RAM Dual SIM (Nano-SIM, dual stand-by) IPS LCD capacitive touchscreen, 16M colors\" \/>\n\t\t<meta name=\"robots\" content=\"max-image-preview:large\" \/>\n\t\t<link rel=\"canonical\" href=\"https:\/\/www.rucashk.com\/es\/producto\/xiaomi-6\/\" \/>\n\t\t<meta name=\"generator\" content=\"All in One SEO Pro (AIOSEO) 4.5.9.2\" \/>\n\t\t<meta property=\"og:locale\" content=\"es_ES\" \/>\n\t\t<meta property=\"og:site_name\" content=\"Rucas - One-stop AIoT Distribution Worldwide\" \/>\n\t\t<meta property=\"og:type\" content=\"article\" \/>\n\t\t<meta property=\"og:title\" content=\"Xiaomi 6 - Rucas - Wholesale and Distribution\" \/>\n\t\t<meta property=\"og:description\" content=\"147.5 x 71.5 x 8.3 mm (5.81 x 2.81 x 0.33 in) 146 g (5.15 oz) 5.45 inches, 76.7 cm2 (~72.7% screen-to-body ratio) 32GB 3GB RAM, 64GB 3GB RAM, 64GB 4GB RAM Dual SIM (Nano-SIM, dual stand-by) IPS LCD capacitive touchscreen, 16M colors\" \/>\n\t\t<meta property=\"og:url\" content=\"https:\/\/www.rucashk.com\/es\/producto\/xiaomi-6\/\" \/>\n\t\t<meta property=\"og:image\" content=\"https:\/\/www.rucashk.com\/wp-content\/uploads\/replace\/503b8e645f128a97ccde2b6290747646.jpeg\" \/>\n\t\t<meta property=\"og:image:secure_url\" content=\"https:\/\/www.rucashk.com\/wp-content\/uploads\/replace\/503b8e645f128a97ccde2b6290747646.jpeg\" \/>\n\t\t<meta property=\"og:image:width\" content=\"1456\" \/>\n\t\t<meta property=\"og:image:height\" content=\"816\" \/>\n\t\t<meta property=\"article:published_time\" content=\"2024-01-09T15:48:43+00:00\" \/>\n\t\t<meta property=\"article:modified_time\" content=\"2024-03-11T07:52:55+00:00\" \/>\n\t\t<meta name=\"twitter:card\" content=\"summary_large_image\" \/>\n\t\t<meta name=\"twitter:title\" content=\"Xiaomi 6 - Rucas - Wholesale and Distribution\" \/>\n\t\t<meta name=\"twitter:description\" content=\"147.5 x 71.5 x 8.3 mm (5.81 x 2.81 x 0.33 in) 146 g (5.15 oz) 5.45 inches, 76.7 cm2 (~72.7% screen-to-body ratio) 32GB 3GB RAM, 64GB 3GB RAM, 64GB 4GB RAM Dual SIM (Nano-SIM, dual stand-by) IPS LCD capacitive touchscreen, 16M colors\" \/>\n\t\t<meta name=\"twitter:image\" content=\"https:\/\/www.rucashk.com\/wp-content\/uploads\/replace\/503b8e645f128a97ccde2b6290747646.jpeg\" \/>\n\t\t<script type=\"application\/ld+json\" class=\"aioseo-schema\">\n\t\t\t{\"@context\":\"https:\\\/\\\/schema.org\",\"@graph\":[{\"@type\":\"BreadcrumbList\",\"@id\":\"https:\\\/\\\/www.rucashk.com\\\/es\\\/producto\\\/xiaomi-6\\\/#breadcrumblist\",\"itemListElement\":[{\"@type\":\"ListItem\",\"@id\":\"https:\\\/\\\/www.rucashk.com\\\/es\\\/#listItem\",\"position\":1,\"name\":\"Home\",\"item\":\"https:\\\/\\\/www.rucashk.com\\\/es\\\/\",\"nextItem\":\"https:\\\/\\\/www.rucashk.com\\\/es\\\/producto\\\/xiaomi-6\\\/#listItem\"},{\"@type\":\"ListItem\",\"@id\":\"https:\\\/\\\/www.rucashk.com\\\/es\\\/producto\\\/xiaomi-6\\\/#listItem\",\"position\":2,\"name\":\"Xiaomi  6\",\"previousItem\":\"https:\\\/\\\/www.rucashk.com\\\/es\\\/#listItem\"}]},{\"@type\":\"Organization\",\"@id\":\"https:\\\/\\\/www.rucashk.com\\\/es\\\/#organization\",\"name\":\"Rucas\",\"url\":\"https:\\\/\\\/www.rucashk.com\\\/es\\\/\",\"logo\":{\"@type\":\"ImageObject\",\"url\":\"https:\\\/\\\/www.rucashk.com\\\/wp-content\\\/uploads\\\/2023\\\/12\\\/Rucas_campany_logo.png\",\"@id\":\"https:\\\/\\\/www.rucashk.com\\\/es\\\/producto\\\/xiaomi-6\\\/#organizationLogo\",\"width\":221,\"height\":65},\"image\":{\"@id\":\"https:\\\/\\\/www.rucashk.com\\\/es\\\/#organizationLogo\"}},{\"@type\":\"Person\",\"@id\":\"https:\\\/\\\/www.rucashk.com\\\/es\\\/author\\\/admin\\\/#author\",\"url\":\"https:\\\/\\\/www.rucashk.com\\\/es\\\/author\\\/admin\\\/\",\"name\":\"admin\",\"image\":{\"@type\":\"ImageObject\",\"@id\":\"https:\\\/\\\/www.rucashk.com\\\/es\\\/producto\\\/xiaomi-6\\\/#authorImage\",\"url\":\"https:\\\/\\\/secure.gravatar.com\\\/avatar\\\/b7c8925b09a27e72b30232f8ecaadbd5af0f70a38c78096863fe51b64f031c24?s=96&d=mm&r=g\",\"width\":96,\"height\":96,\"caption\":\"admin\"}},{\"@type\":\"WebPage\",\"@id\":\"https:\\\/\\\/www.rucashk.com\\\/es\\\/producto\\\/xiaomi-6\\\/#webpage\",\"url\":\"https:\\\/\\\/www.rucashk.com\\\/es\\\/producto\\\/xiaomi-6\\\/\",\"name\":\"Xiaomi 6 - Rucas - Wholesale and Distribution\",\"description\":\"147.5 x 71.5 x 8.3 mm (5.81 x 2.81 x 0.33 in) 146 g (5.15 oz) 5.45 inches, 76.7 cm2 (~72.7% screen-to-body ratio) 32GB 3GB RAM, 64GB 3GB RAM, 64GB 4GB RAM Dual SIM (Nano-SIM, dual stand-by) IPS LCD capacitive touchscreen, 16M colors\",\"inLanguage\":\"es-ES\",\"isPartOf\":{\"@id\":\"https:\\\/\\\/www.rucashk.com\\\/es\\\/#website\"},\"breadcrumb\":{\"@id\":\"https:\\\/\\\/www.rucashk.com\\\/es\\\/producto\\\/xiaomi-6\\\/#breadcrumblist\"},\"author\":{\"@id\":\"https:\\\/\\\/www.rucashk.com\\\/es\\\/author\\\/admin\\\/#author\"},\"creator\":{\"@id\":\"https:\\\/\\\/www.rucashk.com\\\/es\\\/author\\\/admin\\\/#author\"},\"image\":{\"@type\":\"ImageObject\",\"url\":\"https:\\\/\\\/www.rucashk.com\\\/wp-content\\\/uploads\\\/2024\\\/01\\\/Xiaomi-Redmi-6-1-1.jpg\",\"@id\":\"https:\\\/\\\/www.rucashk.com\\\/es\\\/producto\\\/xiaomi-6\\\/#mainImage\",\"width\":1024,\"height\":993},\"primaryImageOfPage\":{\"@id\":\"https:\\\/\\\/www.rucashk.com\\\/es\\\/producto\\\/xiaomi-6\\\/#mainImage\"},\"datePublished\":\"2024-01-09T15:48:43+00:00\",\"dateModified\":\"2024-03-11T07:52:55+00:00\"},{\"@type\":\"WebSite\",\"@id\":\"https:\\\/\\\/www.rucashk.com\\\/es\\\/#website\",\"url\":\"https:\\\/\\\/www.rucashk.com\\\/es\\\/\",\"name\":\"Rucas - Wholesale and distribution worldwide\",\"alternateName\":\"Rucas - One-stop AIoT Distribution Worldwide\",\"description\":\"One-stop AIoT Distribution Worldwide\",\"inLanguage\":\"es-ES\",\"publisher\":{\"@id\":\"https:\\\/\\\/www.rucashk.com\\\/es\\\/#organization\"}}]}\n\t\t<\/script>\n\t\t<!-- All in One SEO Pro -->\r\n\t\t<title>Xiaomi 6 - Rucas - Wholesale and Distribution<\/title>\n\n","aioseo_head_json":{"title":"Xiaomi 6 - Rucas - Wholesale and Distribution","description":"147.5 x 71.5 x 8.3 mm (5.81 x 2.81 x 0.33 in) 146 g (5.15 oz) 5.45 inches, 76.7 cm2 (~72.7% screen-to-body ratio) 32GB 3GB RAM, 64GB 3GB RAM, 64GB 4GB RAM Dual SIM (Nano-SIM, dual stand-by) IPS LCD capacitive touchscreen, 16M colors","canonical_url":"https:\/\/www.rucashk.com\/es\/producto\/xiaomi-6\/","robots":"max-image-preview:large","keywords":"","webmasterTools":{"miscellaneous":""},"og:locale":"es_ES","og:site_name":"Rucas - One-stop AIoT Distribution Worldwide","og:type":"article","og:title":"Xiaomi 6 - Rucas - Wholesale and Distribution","og:description":"147.5 x 71.5 x 8.3 mm (5.81 x 2.81 x 0.33 in) 146 g (5.15 oz) 5.45 inches, 76.7 cm2 (~72.7% screen-to-body ratio) 32GB 3GB RAM, 64GB 3GB RAM, 64GB 4GB RAM Dual SIM (Nano-SIM, dual stand-by) IPS LCD capacitive touchscreen, 16M colors","og:url":"https:\/\/www.rucashk.com\/es\/producto\/xiaomi-6\/","og:image":"https:\/\/www.rucashk.com\/wp-content\/uploads\/replace\/503b8e645f128a97ccde2b6290747646.jpeg","og:image:secure_url":"https:\/\/www.rucashk.com\/wp-content\/uploads\/replace\/503b8e645f128a97ccde2b6290747646.jpeg","og:image:width":1456,"og:image:height":816,"article:published_time":"2024-01-09T15:48:43+00:00","article:modified_time":"2024-03-11T07:52:55+00:00","twitter:card":"summary_large_image","twitter:title":"Xiaomi 6 - Rucas - Wholesale and Distribution","twitter:description":"147.5 x 71.5 x 8.3 mm (5.81 x 2.81 x 0.33 in) 146 g (5.15 oz) 5.45 inches, 76.7 cm2 (~72.7% screen-to-body ratio) 32GB 3GB RAM, 64GB 3GB RAM, 64GB 4GB RAM Dual SIM (Nano-SIM, dual stand-by) IPS LCD capacitive touchscreen, 16M colors","twitter:image":"https:\/\/www.rucashk.com\/wp-content\/uploads\/replace\/503b8e645f128a97ccde2b6290747646.jpeg","schema":{"@context":"https:\/\/schema.org","@graph":[{"@type":"BreadcrumbList","@id":"https:\/\/www.rucashk.com\/es\/producto\/xiaomi-6\/#breadcrumblist","itemListElement":[{"@type":"ListItem","@id":"https:\/\/www.rucashk.com\/es\/#listItem","position":1,"name":"Home","item":"https:\/\/www.rucashk.com\/es\/","nextItem":"https:\/\/www.rucashk.com\/es\/producto\/xiaomi-6\/#listItem"},{"@type":"ListItem","@id":"https:\/\/www.rucashk.com\/es\/producto\/xiaomi-6\/#listItem","position":2,"name":"Xiaomi  6","previousItem":"https:\/\/www.rucashk.com\/es\/#listItem"}]},{"@type":"Organization","@id":"https:\/\/www.rucashk.com\/es\/#organization","name":"Rucas","url":"https:\/\/www.rucashk.com\/es\/","logo":{"@type":"ImageObject","url":"https:\/\/www.rucashk.com\/wp-content\/uploads\/2023\/12\/Rucas_campany_logo.png","@id":"https:\/\/www.rucashk.com\/es\/producto\/xiaomi-6\/#organizationLogo","width":221,"height":65},"image":{"@id":"https:\/\/www.rucashk.com\/es\/#organizationLogo"}},{"@type":"Person","@id":"https:\/\/www.rucashk.com\/es\/author\/admin\/#author","url":"https:\/\/www.rucashk.com\/es\/author\/admin\/","name":"admin","image":{"@type":"ImageObject","@id":"https:\/\/www.rucashk.com\/es\/producto\/xiaomi-6\/#authorImage","url":"https:\/\/secure.gravatar.com\/avatar\/b7c8925b09a27e72b30232f8ecaadbd5af0f70a38c78096863fe51b64f031c24?s=96&d=mm&r=g","width":96,"height":96,"caption":"admin"}},{"@type":"WebPage","@id":"https:\/\/www.rucashk.com\/es\/producto\/xiaomi-6\/#webpage","url":"https:\/\/www.rucashk.com\/es\/producto\/xiaomi-6\/","name":"Xiaomi 6 - Rucas - Wholesale and Distribution","description":"147.5 x 71.5 x 8.3 mm (5.81 x 2.81 x 0.33 in) 146 g (5.15 oz) 5.45 inches, 76.7 cm2 (~72.7% screen-to-body ratio) 32GB 3GB RAM, 64GB 3GB RAM, 64GB 4GB RAM Dual SIM (Nano-SIM, dual stand-by) IPS LCD capacitive touchscreen, 16M colors","inLanguage":"es-ES","isPartOf":{"@id":"https:\/\/www.rucashk.com\/es\/#website"},"breadcrumb":{"@id":"https:\/\/www.rucashk.com\/es\/producto\/xiaomi-6\/#breadcrumblist"},"author":{"@id":"https:\/\/www.rucashk.com\/es\/author\/admin\/#author"},"creator":{"@id":"https:\/\/www.rucashk.com\/es\/author\/admin\/#author"},"image":{"@type":"ImageObject","url":"https:\/\/www.rucashk.com\/wp-content\/uploads\/2024\/01\/Xiaomi-Redmi-6-1-1.jpg","@id":"https:\/\/www.rucashk.com\/es\/producto\/xiaomi-6\/#mainImage","width":1024,"height":993},"primaryImageOfPage":{"@id":"https:\/\/www.rucashk.com\/es\/producto\/xiaomi-6\/#mainImage"},"datePublished":"2024-01-09T15:48:43+00:00","dateModified":"2024-03-11T07:52:55+00:00"},{"@type":"WebSite","@id":"https:\/\/www.rucashk.com\/es\/#website","url":"https:\/\/www.rucashk.com\/es\/","name":"Rucas - Wholesale and distribution worldwide","alternateName":"Rucas - One-stop AIoT Distribution Worldwide","description":"One-stop AIoT Distribution Worldwide","inLanguage":"es-ES","publisher":{"@id":"https:\/\/www.rucashk.com\/es\/#organization"}}]}},"aioseo_meta_data":{"post_id":"22832","title":null,"description":null,"keywords":null,"keyphrases":null,"primary_term":null,"canonical_url":null,"og_title":null,"og_description":null,"og_object_type":"default","og_image_type":"default","og_image_url":null,"og_image_width":null,"og_image_height":null,"og_image_custom_url":null,"og_image_custom_fields":null,"og_video":null,"og_custom_url":null,"og_article_section":null,"og_article_tags":null,"twitter_use_og":false,"twitter_card":"default","twitter_image_type":"default","twitter_image_url":null,"twitter_image_custom_url":null,"twitter_image_custom_fields":null,"twitter_title":null,"twitter_description":null,"schema":{"blockGraphs":[],"customGraphs":[],"default":{"data":{"Article":[],"Course":[],"Dataset":[],"FAQPage":[],"Movie":[],"Person":[],"Product":[],"Recipe":[],"Service":[],"SoftwareApplication":[],"WebPage":[]},"graphName":"","isEnabled":true},"graphs":[]},"schema_type":"default","schema_type_options":null,"pillar_content":false,"robots_default":true,"robots_noindex":false,"robots_noarchive":false,"robots_nosnippet":false,"robots_nofollow":false,"robots_noimageindex":false,"robots_noodp":false,"robots_notranslate":false,"robots_max_snippet":null,"robots_max_videopreview":null,"robots_max_imagepreview":"large","priority":null,"frequency":null,"local_seo":null,"breadcrumb_settings":null,"limit_modified_date":false,"created":"2024-04-11 01:55:24","updated":"2025-06-22 16:51:59"},"aioseo_breadcrumb":"<div class=\"aioseo-breadcrumbs\"><span class=\"aioseo-breadcrumb\">\n\t<a href=\"https:\/\/www.rucashk.com\/es\" title=\"Home\">Home<\/a>\n<\/span><span class=\"aioseo-breadcrumb-separator\">&raquo;<\/span><span class=\"aioseo-breadcrumb\">\n\t<a href=\"https:\/\/www.rucashk.com\/es\/products\/\" title=\"Productos\">Productos<\/a>\n<\/span><span class=\"aioseo-breadcrumb-separator\">&raquo;<\/span><span class=\"aioseo-breadcrumb\">\n\t<a href=\"https:\/\/www.rucashk.com\/es\/categoria-producto\/mobile-phone\/\" title=\"Mobile Phone\">Mobile Phone<\/a>\n<\/span><span class=\"aioseo-breadcrumb-separator\">&raquo;<\/span><span class=\"aioseo-breadcrumb\">\n\t<a href=\"https:\/\/www.rucashk.com\/es\/categoria-producto\/mobile-phone\/xiaomi-mobile-phone\/\" title=\"Xiaomi\">Xiaomi<\/a>\n<\/span><span class=\"aioseo-breadcrumb-separator\">&raquo;<\/span><span class=\"aioseo-breadcrumb\">\n\tXiaomi  6\n<\/span><\/div>","aioseo_breadcrumb_json":[{"label":"Home","link":"https:\/\/www.rucashk.com\/es"},{"label":"Productos","link":"https:\/\/www.rucashk.com\/es\/products\/"},{"label":"Mobile Phone","link":"https:\/\/www.rucashk.com\/es\/categoria-producto\/mobile-phone\/"},{"label":"Xiaomi","link":"https:\/\/www.rucashk.com\/es\/categoria-producto\/mobile-phone\/xiaomi-mobile-phone\/"},{"label":"Xiaomi  6","link":"https:\/\/www.rucashk.com\/es\/producto\/xiaomi-6\/"}],"_links":{"self":[{"href":"https:\/\/www.rucashk.com\/es\/wp-json\/wp\/v2\/product\/22832","targetHints":{"allow":["GET"]}}],"collection":[{"href":"https:\/\/www.rucashk.com\/es\/wp-json\/wp\/v2\/product"}],"about":[{"href":"https:\/\/www.rucashk.com\/es\/wp-json\/wp\/v2\/types\/product"}],"wp:featuredmedia":[{"embeddable":true,"href":"https:\/\/www.rucashk.com\/es\/wp-json\/wp\/v2\/media\/22932"}],"wp:attachment":[{"href":"https:\/\/www.rucashk.com\/es\/wp-json\/wp\/v2\/media?parent=22832"}],"wp:term":[{"taxonomy":"product_brand","embeddable":true,"href":"https:\/\/www.rucashk.com\/es\/wp-json\/wp\/v2\/product_brand?post=22832"},{"taxonomy":"product_cat","embeddable":true,"href":"https:\/\/www.rucashk.com\/es\/wp-json\/wp\/v2\/product_cat?post=22832"},{"taxonomy":"product_tag","embeddable":true,"href":"https:\/\/www.rucashk.com\/es\/wp-json\/wp\/v2\/product_tag?post=22832"}],"curies":[{"name":"wp","href":"https:\/\/api.w.org\/{rel}","templated":true}]}}