{"id":22831,"date":"2024-01-09T15:48:43","date_gmt":"2024-01-09T15:48:43","guid":{"rendered":"http:\/\/rucashk.com\/?post_type=product&#038;p=22831"},"modified":"2024-03-11T07:53:17","modified_gmt":"2024-03-11T07:53:17","slug":"xiaomi-redmi-5x","status":"publish","type":"product","link":"https:\/\/www.rucashk.com\/es\/producto\/xiaomi-redmi-5x\/","title":{"rendered":"Xiaomi Mi 5X"},"content":{"rendered":"<h2><img fetchpriority=\"high\" decoding=\"async\" class=\"product_lazy aligncenter\" src=\"\/wp-content\/uploads\/replace\/80a0dd3540430c2b03d686c6b8580f45.jpeg\" alt=\"Xiaomi Redmi 5X\" width=\"1000\" height=\"563\" data-original=\"\/\/img.gkbcdn.com\/s3\/d\/201707\/69847542-7621-4e4f-b38f-7af728d0f156.jpg\" \/><img decoding=\"async\" class=\"product_lazy aligncenter\" src=\"\/wp-content\/uploads\/replace\/28da09b7acfe43fa01e7b2466b9f3a64.jpeg\" alt=\"Xiaomi Redmi 5X\" width=\"1000\" height=\"563\" data-original=\"\/\/img.gkbcdn.com\/s3\/d\/201707\/ca4b436d-33ef-4eda-abc3-98d6bc1b28b7.jpg\" \/><img decoding=\"async\" class=\"product_lazy aligncenter\" src=\"\/wp-content\/uploads\/replace\/768cddc3d2c659e402e27032b9359cd9.jpeg\" alt=\"Xiaomi Redmi 5X\" width=\"1000\" height=\"563\" data-original=\"\/\/img.gkbcdn.com\/s3\/d\/201707\/4dfa0198-5a38-46bc-9ad8-b8e6e024c6f6.jpg\" \/><img loading=\"lazy\" decoding=\"async\" class=\"product_lazy aligncenter\" src=\"\/wp-content\/uploads\/replace\/57097927805dcfc4eb70062acd07d18c.jpeg\" alt=\"Xiaomi Redmi 5X\" width=\"1000\" height=\"562\" data-original=\"\/\/img.gkbcdn.com\/s3\/d\/201707\/b791c178-9ba9-45ef-bc12-5e6897091d78.jpg\" \/><img loading=\"lazy\" decoding=\"async\" class=\"product_lazy aligncenter\" src=\"\/wp-content\/uploads\/replace\/ce70d910b9850ea8dec44f2a51abbf07.jpeg\" alt=\"Xiaomi Redmi 5X\" width=\"1000\" height=\"562\" data-original=\"\/\/img.gkbcdn.com\/s3\/d\/201707\/37c2238e-eaad-45f3-9dfc-42e512d4d30f.jpg\" \/><img loading=\"lazy\" decoding=\"async\" class=\"product_lazy aligncenter\" src=\"\/wp-content\/uploads\/replace\/f525d9e9e0707f3d16b155614c6dad02.jpeg\" alt=\"Xiaomi Redmi 5X\" width=\"1000\" height=\"562\" data-original=\"\/\/img.gkbcdn.com\/s3\/d\/201707\/0ee50f49-3c37-4ca9-b929-b37ffe597842.jpg\" \/><img loading=\"lazy\" decoding=\"async\" class=\"product_lazy aligncenter\" src=\"\/wp-content\/uploads\/replace\/1241e0c36cc9b83e7e3eb72e273cd629.jpeg\" alt=\"Xiaomi Redmi 5X\" width=\"1000\" height=\"562\" data-original=\"\/\/img.gkbcdn.com\/s3\/d\/201707\/d532c4a3-3208-4523-9755-3c314a4ed7b8.jpg\" \/><img loading=\"lazy\" decoding=\"async\" class=\"product_lazy aligncenter\" src=\"\/wp-content\/uploads\/replace\/de951b9f0b1bc0c7992ea14d60475ff2.jpeg\" alt=\"Xiaomi Redmi 5X\" width=\"1000\" height=\"563\" data-original=\"\/\/img.gkbcdn.com\/s3\/d\/201707\/5b23b1e8-d284-49de-a7ed-24005c0e70c3.jpg\" \/><img loading=\"lazy\" decoding=\"async\" class=\"product_lazy aligncenter\" src=\"\/wp-content\/uploads\/replace\/30b91f9a7675644ba85f264d0e17ec44.jpeg\" alt=\"Xiaomi Redmi 5X\" width=\"1000\" height=\"563\" data-original=\"\/\/img.gkbcdn.com\/s3\/d\/201707\/c543ca3f-c493-4227-b9a9-2b001a05604a.jpg\" \/><img loading=\"lazy\" decoding=\"async\" class=\"product_lazy aligncenter\" src=\"\/wp-content\/uploads\/replace\/de2e3c489ff527c103e0c219b352894e.jpeg\" alt=\"Xiaomi Redmi 5X\" width=\"1000\" height=\"563\" data-original=\"\/\/img.gkbcdn.com\/s3\/d\/201707\/e9c0894a-42e2-400a-9b45-4829807c4bfc.jpg\" \/><img loading=\"lazy\" decoding=\"async\" class=\"product_lazy aligncenter\" src=\"\/wp-content\/uploads\/replace\/b7efd1245a9ed7aca6a148cfb0d5102b.jpeg\" alt=\"Xiaomi Redmi 5X\" width=\"1000\" height=\"563\" data-original=\"\/\/img.gkbcdn.com\/s3\/d\/201707\/509aafb0-c8c3-4f2f-acef-f253a955d531.jpg\" \/><img loading=\"lazy\" decoding=\"async\" class=\"product_lazy aligncenter\" src=\"\/wp-content\/uploads\/replace\/19720edf47bccd1b82b8a25ea63a1f7b.jpeg\" alt=\"Xiaomi Redmi 5X\" width=\"1000\" height=\"563\" data-original=\"\/\/img.gkbcdn.com\/s3\/d\/201707\/b77f6aca-0ed4-4a35-802e-d6aeb0cf1b00.jpg\" \/><img loading=\"lazy\" decoding=\"async\" class=\"product_lazy aligncenter\" src=\"\/wp-content\/uploads\/replace\/93447b07912761b32ba93bec220b2372.jpeg\" alt=\"Xiaomi Redmi 5X\" width=\"1000\" height=\"563\" data-original=\"\/\/img.gkbcdn.com\/s3\/d\/201707\/ec2e14b7-a008-45a6-a1f5-baff424a0cd6.jpg\" \/><img decoding=\"async\" class=\"product_lazy aligncenter\" src=\"\/wp-content\/uploads\/replace\/e5b62befab43c3db45c7963887fc0ed0.jpeg\" alt=\"Xiaomi Mi 5X 5.5 inch 4G LTE Smartphone 4GB 64GB Snapdragon 625 Octa Core Dual 12.0MP Cam MIUI 9 Android 7.1 Metal Body Touch ID VoLTE - Gold\" data-original=\"\/\/img.gkbcdn.com\/s3\/d\/201707\/01c4f882-a427-46f8-b6ad-a4da5b2ee632.jpg\" \/><\/h2>\n<h2>Especificaci\u00f3n<\/h2>\n<table class=\"jbEidtTable\" border=\"1\" cellspacing=\"0\" cellpadding=\"5\">\n<tbody>\n<tr>\n<td>General<\/td>\n<td>Marca:Xiaomi<br \/>\nModelo: 5X<br \/>\nColor:Oro<\/td>\n<\/tr>\n<tr>\n<td>Sistema<\/td>\n<td>Sistema operativo: MIUI 8.5 (Base en el sistema operativo Android 7.1)<br \/>\nCPU: Snapdragon 625 de ocho n\u00facleos a 2,0 GHz, GPU: Adreno 506<br \/>\nGPU: Adreno 506<br \/>\nRAM: 4GB<br \/>\nROM: 64GB<br \/>\nAlmacenamiento extendido: 128 GB<\/td>\n<\/tr>\n<tr>\n<td>Mostrar<\/td>\n<td>Tipo de pantalla: pantalla capacitiva<br \/>\nTama\u00f1o de pantalla: 5,5 pulgadas<br \/>\nResoluci\u00f3n de pantalla:FHD (1920\u00d71080 p\u00edxeles) <a class=\"\" style=\"width: auto !important\" href=\"https:\/\/www.rucashk.com\/es\/really-fragrant-lenovo-notebook-xiaoxin-15-update-performance-soars-the-screen-display-is-dazzling\/\" data-wpil-post-to-id=\"7164\">visualizaci\u00f3n de la pantalla<\/a><\/td>\n<\/tr>\n<tr>\n<td>Red<\/td>\n<td><a class=\"\" style=\"width: auto !important\" href=\"https:\/\/www.rucashk.com\/es\/producto\/qcy-t5-true-wireless-earphones-bluetooth-5-0-wholesale\/\" data-wpil-post-to-id=\"3129\">Conectividad inal\u00e1mbrica: GSM, 3G, 4G, GPS, WiFi, Bluetooth<\/a><br \/>\nFrecuencia2G: GSM B2\/B3\/B5\/B8; CDMABC0<br \/>\n3G: WCDMA B1\/B2\/B5\/B8; TDS-CDMA 34\/39; CDMA EVDO BC0<br \/>\n4G: FDD-LTE B1\/B3\/B5\/B7\/B8; TD-LTE B34\/B38\/B39\/B40\/B41Bluetooth:S\u00ed.4.2<br \/>\nWiFi: S\u00ed, 802.11a\/b\/g\/n\/ac\/2.4G\/5G\/Direct\/Pantalla<br \/>\nGPS: S\u00ed, GPS, AGPS, GLONASS, Beidou<\/td>\n<\/tr>\n<tr>\n<td>C\u00e1mara<\/td>\n<td>Tipo de c\u00e1mara: una frontal doble trasera<\/p>\n<p>C\u00e1mara trasera doble: 12.0MP<\/p>\n<p>C\u00e1mara frontal: 5.0MP<\/p>\n<p>Grabaci\u00f3n de v\u00eddeo: S\u00ed<\/td>\n<\/tr>\n<tr>\n<td>Conectividad<\/td>\n<td><a class=\"\" style=\"width: auto !important\" href=\"https:\/\/www.rucashk.com\/es\/producto\/wiko-view4-lite\/\" data-wpil-post-to-id=\"5614\">Ranura para tarjeta SIM: Doble<\/a> Tarjeta SIM, modo de espera dual (2 tarjetas Nano SIM o 1 tarjeta Nano y 1 microSD)<br \/>\nRanura para tarjeta TF: S\u00ed<br \/>\nRanura USB: USB tipo C<br \/>\nSalida de audio: S\u00ed (interoperabilidad de boca de carga)<br \/>\nMicr\u00f3fono: compatible<br \/>\nAltavoz: compatible<\/td>\n<\/tr>\n<tr>\n<td>Medios de comunicaci\u00f3n<\/td>\n<td>Formato de v\u00eddeo: 3GP, MP4, RMVB<br \/>\nFormato de audio: WAV, AMR, MP3<br \/>\nFormato de imagen: GIF, JPEG, BMP, PNG<br \/>\nRadio FM: N\/A<\/td>\n<\/tr>\n<tr>\n<td>Idioma<\/td>\n<td>Afrikaas, austriaco, azerbaiyano, catal\u00e1n, dan\u00e9s, bahasa indonesio, bahasa melayu, estonio, euskera, galego, isizulu, island\u00e9s, kiswahili, kurdo, let\u00f3n, alem\u00e1n, norsk, rumantsch, eslovaco, suomi, svenska, ingl\u00e9s, espa\u00f1ol, franc\u00e9s, filipino, italiano, let\u00f3n, magiar, o`zbekcha, polaco, portugu\u00e9s, rumano, esloveno, kazajo, georgiano, am\u00e1rico, armenio, japon\u00e9s, vietnamita, turco, \u010ce\u0161tina, griego, serbio, croata, macedonio, ruso, ucraniano, b\u00falgaro, Hindi, bengal\u00ed, gujarati, tamil, cingal\u00e9s, nepal\u00ed, persa, tailand\u00e9s, \u00e1rabe, urdu, holand\u00e9s, hebreo, coreano, kannada, laosiano, chino (simplificado\/tradicional)<\/td>\n<\/tr>\n<tr>\n<td>Sensor<\/td>\n<td>Infrarrojo <a class=\"\" style=\"width: auto !important\" href=\"https:\/\/www.rucashk.com\/es\/update-your-air-conditioning-xiaomi-releases-a-smart-ai-universal-remote-control\/\" data-wpil-post-to-id=\"9669\">control remoto<\/a><br \/>\nGiroscopio<br \/>\nAceler\u00f3metro<br \/>\nSensor de rango<br \/>\nSensor de luz ambiental<br \/>\nsensor de pasillo<br \/>\nbr\u00fajula electr\u00f3nica<\/td>\n<\/tr>\n<tr>\n<td>Caracter\u00edsticas adicionales<\/td>\n<td>4G, WIFI, GPS, Bluetooth, detecci\u00f3n de gestos, activaci\u00f3n inteligente, libros electr\u00f3nicos, correo electr\u00f3nico, mensajer\u00eda, fondos de pantalla, calendario, calculadora, reloj, c\u00e1mara, Google Play Store, anclaje a red y punto de acceso port\u00e1til, <a class=\"\" style=\"width: auto !important\" href=\"https:\/\/www.rucashk.com\/es\/update-your-air-conditioning-xiaomi-releases-a-smart-ai-universal-remote-control\/\" data-wpil-post-to-id=\"9669\">despertador inteligente, pantalla de transmisi\u00f3n, Touch ID, control remoto por infrarrojos<\/a> controlar, etc.<\/td>\n<\/tr>\n<tr>\n<td>Bater\u00eda<\/td>\n<td>Tipo de bater\u00eda: litio<br \/>\nCapacidad: bater\u00eda de pol\u00edmero de iones de litio de 3080 mAh (t\u00edpica) \/ 3000 mAh (m\u00edn.)<br \/>\nTiempo en espera: alrededor de 2 ~ 3 d\u00edas<br \/>\nCargador:USB, cargador de viaje<\/td>\n<\/tr>\n<tr>\n<td>Dimensi\u00f3n y peso (producto principal)<\/td>\n<td>Dimensi\u00f3n: 155,4 mm * 75,8 mm * 7,3 mm<br \/>\nPeso: 165g<\/td>\n<\/tr>\n<tr>\n<td>contenidos del paquete<\/td>\n<td>1 tel\u00e9fono<\/p>\n<div>1 bater\u00eda integrada.<\/div>\n<div>1 x Pin de expulsi\u00f3n<\/div>\n<div>1 cable USB tipo C.<\/div>\n<div>1 manual de usuario.<\/div>\n<div>1 enchufe estadounidense de 5 V\/2 A. <a class=\"\" style=\"width: auto !important\" href=\"https:\/\/www.rucashk.com\/es\/producto\/xiaomi-mi-usb-c-charger-65w-output-rate-socket-power-adapter\/\" data-wpil-post-to-id=\"2611\">Adaptador de corriente<\/a> (Se le enviar\u00e1 un adaptador de CA adecuado como pa\u00eds de env\u00edo)<\/div>\n<\/td>\n<\/tr>\n<\/tbody>\n<\/table>","protected":false},"excerpt":{"rendered":"<p>5.5-inch capacitive screen, FHD (1920\u00d71080 pixels) screen display,403PPI<\/p>\n<p>CPU: Snapdragon 625 octa-core 2.0GHz, GPU:Adreno 506<\/p>\n<p>MIUI 8.5 (Base on Android 7.1 OS), 4GB RAM + 32GB ROM<\/p>\n<p>Dual camera:5.0MP front camera and dual 12.0MP back camera<\/p>\n<p>Dual SIM Card Dual Standby( 2 Nano SIM Card or 1 Nano and 1 microSD Card)<\/p>\n<p>Full metal unibody,3080mAh(typ) \/ 3000mAh(min) lithium-ion polymer battery<\/p>","protected":false},"featured_media":22931,"template":"","meta":[],"product_brand":[],"product_cat":[1295,1297],"product_tag":[],"class_list":{"0":"post-22831","1":"product","2":"type-product","3":"status-publish","4":"has-post-thumbnail","6":"product_cat-mobile-phone","7":"product_cat-redmi-mobile-phone","9":"first","10":"instock","11":"shipping-taxable","12":"product-type-external"},"aioseo_notices":[],"aioseo_head":"\n\t\t<!-- All in One SEO Pro 4.5.9.2 - aioseo.com -->\n\t\t<meta name=\"description\" content=\"5.5-inch capacitive screen, FHD (1920\u00d71080 pixels) screen display,403PPI CPU: Snapdragon 625 octa-core 2.0GHz, GPU:Adreno 506 MIUI 8.5 (Base on Android 7.1 OS), 4GB RAM + 32GB ROM Dual camera:5.0MP front camera and dual 12.0MP back camera Dual SIM Card Dual Standby( 2 Nano SIM Card or 1 Nano and 1 microSD Card) Full metal unibody,3080mAh(typ) \/ 3000mAh(min) lithium-ion polymer battery\" \/>\n\t\t<meta name=\"robots\" content=\"max-image-preview:large\" \/>\n\t\t<link rel=\"canonical\" href=\"https:\/\/www.rucashk.com\/es\/producto\/xiaomi-redmi-5x\/\" \/>\n\t\t<meta name=\"generator\" content=\"All in One SEO Pro (AIOSEO) 4.5.9.2\" \/>\n\t\t<meta property=\"og:locale\" content=\"es_ES\" \/>\n\t\t<meta property=\"og:site_name\" content=\"Rucas - One-stop AIoT Distribution Worldwide\" \/>\n\t\t<meta property=\"og:type\" content=\"article\" \/>\n\t\t<meta property=\"og:title\" content=\"Xiaomi Redmi 5X - Rucas - Wholesale and Distribution\" \/>\n\t\t<meta property=\"og:description\" content=\"5.5-inch capacitive screen, FHD (1920\u00d71080 pixels) screen display,403PPI CPU: Snapdragon 625 octa-core 2.0GHz, GPU:Adreno 506 MIUI 8.5 (Base on Android 7.1 OS), 4GB RAM + 32GB ROM Dual camera:5.0MP front camera and dual 12.0MP back camera Dual SIM Card Dual Standby( 2 Nano SIM Card or 1 Nano and 1 microSD Card) Full metal unibody,3080mAh(typ) \/ 3000mAh(min) lithium-ion polymer battery\" \/>\n\t\t<meta property=\"og:url\" content=\"https:\/\/www.rucashk.com\/es\/producto\/xiaomi-redmi-5x\/\" \/>\n\t\t<meta property=\"og:image\" content=\"https:\/\/www.rucashk.com\/wp-content\/uploads\/replace\/503b8e645f128a97ccde2b6290747646.jpeg\" \/>\n\t\t<meta property=\"og:image:secure_url\" content=\"https:\/\/www.rucashk.com\/wp-content\/uploads\/replace\/503b8e645f128a97ccde2b6290747646.jpeg\" \/>\n\t\t<meta property=\"og:image:width\" content=\"1456\" \/>\n\t\t<meta property=\"og:image:height\" content=\"816\" \/>\n\t\t<meta property=\"article:published_time\" content=\"2024-01-09T15:48:43+00:00\" \/>\n\t\t<meta property=\"article:modified_time\" content=\"2024-03-11T07:53:17+00:00\" \/>\n\t\t<meta name=\"twitter:card\" content=\"summary_large_image\" \/>\n\t\t<meta name=\"twitter:title\" content=\"Xiaomi Redmi 5X - Rucas - Wholesale and Distribution\" \/>\n\t\t<meta name=\"twitter:description\" content=\"5.5-inch capacitive screen, FHD (1920\u00d71080 pixels) screen display,403PPI CPU: Snapdragon 625 octa-core 2.0GHz, GPU:Adreno 506 MIUI 8.5 (Base on Android 7.1 OS), 4GB RAM + 32GB ROM Dual camera:5.0MP front camera and dual 12.0MP back camera Dual SIM Card Dual Standby( 2 Nano SIM Card or 1 Nano and 1 microSD Card) Full metal unibody,3080mAh(typ) \/ 3000mAh(min) lithium-ion polymer battery\" \/>\n\t\t<meta name=\"twitter:image\" content=\"https:\/\/www.rucashk.com\/wp-content\/uploads\/replace\/503b8e645f128a97ccde2b6290747646.jpeg\" \/>\n\t\t<script type=\"application\/ld+json\" class=\"aioseo-schema\">\n\t\t\t{\"@context\":\"https:\\\/\\\/schema.org\",\"@graph\":[{\"@type\":\"BreadcrumbList\",\"@id\":\"https:\\\/\\\/www.rucashk.com\\\/es\\\/producto\\\/xiaomi-redmi-5x\\\/#breadcrumblist\",\"itemListElement\":[{\"@type\":\"ListItem\",\"@id\":\"https:\\\/\\\/www.rucashk.com\\\/es\\\/#listItem\",\"position\":1,\"name\":\"Home\",\"item\":\"https:\\\/\\\/www.rucashk.com\\\/es\\\/\",\"nextItem\":\"https:\\\/\\\/www.rucashk.com\\\/es\\\/producto\\\/xiaomi-redmi-5x\\\/#listItem\"},{\"@type\":\"ListItem\",\"@id\":\"https:\\\/\\\/www.rucashk.com\\\/es\\\/producto\\\/xiaomi-redmi-5x\\\/#listItem\",\"position\":2,\"name\":\"Xiaomi Redmi 5X\",\"previousItem\":\"https:\\\/\\\/www.rucashk.com\\\/es\\\/#listItem\"}]},{\"@type\":\"Organization\",\"@id\":\"https:\\\/\\\/www.rucashk.com\\\/es\\\/#organization\",\"name\":\"Rucas\",\"url\":\"https:\\\/\\\/www.rucashk.com\\\/es\\\/\",\"logo\":{\"@type\":\"ImageObject\",\"url\":\"https:\\\/\\\/www.rucashk.com\\\/wp-content\\\/uploads\\\/2023\\\/12\\\/Rucas_campany_logo.png\",\"@id\":\"https:\\\/\\\/www.rucashk.com\\\/es\\\/producto\\\/xiaomi-redmi-5x\\\/#organizationLogo\",\"width\":221,\"height\":65},\"image\":{\"@id\":\"https:\\\/\\\/www.rucashk.com\\\/es\\\/#organizationLogo\"}},{\"@type\":\"Person\",\"@id\":\"https:\\\/\\\/www.rucashk.com\\\/es\\\/author\\\/admin\\\/#author\",\"url\":\"https:\\\/\\\/www.rucashk.com\\\/es\\\/author\\\/admin\\\/\",\"name\":\"admin\",\"image\":{\"@type\":\"ImageObject\",\"@id\":\"https:\\\/\\\/www.rucashk.com\\\/es\\\/producto\\\/xiaomi-redmi-5x\\\/#authorImage\",\"url\":\"https:\\\/\\\/secure.gravatar.com\\\/avatar\\\/b7c8925b09a27e72b30232f8ecaadbd5af0f70a38c78096863fe51b64f031c24?s=96&d=mm&r=g\",\"width\":96,\"height\":96,\"caption\":\"admin\"}},{\"@type\":\"WebPage\",\"@id\":\"https:\\\/\\\/www.rucashk.com\\\/es\\\/producto\\\/xiaomi-redmi-5x\\\/#webpage\",\"url\":\"https:\\\/\\\/www.rucashk.com\\\/es\\\/producto\\\/xiaomi-redmi-5x\\\/\",\"name\":\"Xiaomi Redmi 5X - Rucas - Wholesale and Distribution\",\"description\":\"5.5-inch capacitive screen, FHD (1920\\u00d71080 pixels) screen display,403PPI CPU: Snapdragon 625 octa-core 2.0GHz, GPU:Adreno 506 MIUI 8.5 (Base on Android 7.1 OS), 4GB RAM + 32GB ROM Dual camera:5.0MP front camera and dual 12.0MP back camera Dual SIM Card Dual Standby( 2 Nano SIM Card or 1 Nano and 1 microSD Card) Full metal unibody,3080mAh(typ) \\\/ 3000mAh(min) lithium-ion polymer battery\",\"inLanguage\":\"es-ES\",\"isPartOf\":{\"@id\":\"https:\\\/\\\/www.rucashk.com\\\/es\\\/#website\"},\"breadcrumb\":{\"@id\":\"https:\\\/\\\/www.rucashk.com\\\/es\\\/producto\\\/xiaomi-redmi-5x\\\/#breadcrumblist\"},\"author\":{\"@id\":\"https:\\\/\\\/www.rucashk.com\\\/es\\\/author\\\/admin\\\/#author\"},\"creator\":{\"@id\":\"https:\\\/\\\/www.rucashk.com\\\/es\\\/author\\\/admin\\\/#author\"},\"image\":{\"@type\":\"ImageObject\",\"url\":\"https:\\\/\\\/www.rucashk.com\\\/wp-content\\\/uploads\\\/2024\\\/01\\\/xiaomi-5x.jpg\",\"@id\":\"https:\\\/\\\/www.rucashk.com\\\/es\\\/producto\\\/xiaomi-redmi-5x\\\/#mainImage\",\"width\":507,\"height\":535},\"primaryImageOfPage\":{\"@id\":\"https:\\\/\\\/www.rucashk.com\\\/es\\\/producto\\\/xiaomi-redmi-5x\\\/#mainImage\"},\"datePublished\":\"2024-01-09T15:48:43+00:00\",\"dateModified\":\"2024-03-11T07:53:17+00:00\"},{\"@type\":\"WebSite\",\"@id\":\"https:\\\/\\\/www.rucashk.com\\\/es\\\/#website\",\"url\":\"https:\\\/\\\/www.rucashk.com\\\/es\\\/\",\"name\":\"Rucas - Wholesale and distribution worldwide\",\"alternateName\":\"Rucas - One-stop AIoT Distribution Worldwide\",\"description\":\"One-stop AIoT Distribution Worldwide\",\"inLanguage\":\"es-ES\",\"publisher\":{\"@id\":\"https:\\\/\\\/www.rucashk.com\\\/es\\\/#organization\"}}]}\n\t\t<\/script>\n\t\t<!-- All in One SEO Pro -->\r\n\t\t<title>Xiaomi Redmi 5X - Rucas - Wholesale and Distribution<\/title>\n\n","aioseo_head_json":{"title":"Xiaomi Redmi 5X - Rucas - Wholesale and Distribution","description":"5.5-inch capacitive screen, FHD (1920\u00d71080 pixels) screen display,403PPI CPU: Snapdragon 625 octa-core 2.0GHz, GPU:Adreno 506 MIUI 8.5 (Base on Android 7.1 OS), 4GB RAM + 32GB ROM Dual camera:5.0MP front camera and dual 12.0MP back camera Dual SIM Card Dual Standby( 2 Nano SIM Card or 1 Nano and 1 microSD Card) Full metal unibody,3080mAh(typ) \/ 3000mAh(min) lithium-ion polymer battery","canonical_url":"https:\/\/www.rucashk.com\/es\/producto\/xiaomi-redmi-5x\/","robots":"max-image-preview:large","keywords":"","webmasterTools":{"miscellaneous":""},"og:locale":"es_ES","og:site_name":"Rucas - One-stop AIoT Distribution Worldwide","og:type":"article","og:title":"Xiaomi Redmi 5X - Rucas - Wholesale and Distribution","og:description":"5.5-inch capacitive screen, FHD (1920\u00d71080 pixels) screen display,403PPI CPU: Snapdragon 625 octa-core 2.0GHz, GPU:Adreno 506 MIUI 8.5 (Base on Android 7.1 OS), 4GB RAM + 32GB ROM Dual camera:5.0MP front camera and dual 12.0MP back camera Dual SIM Card Dual Standby( 2 Nano SIM Card or 1 Nano and 1 microSD Card) Full metal unibody,3080mAh(typ) \/ 3000mAh(min) lithium-ion polymer battery","og:url":"https:\/\/www.rucashk.com\/es\/producto\/xiaomi-redmi-5x\/","og:image":"https:\/\/www.rucashk.com\/wp-content\/uploads\/replace\/503b8e645f128a97ccde2b6290747646.jpeg","og:image:secure_url":"https:\/\/www.rucashk.com\/wp-content\/uploads\/replace\/503b8e645f128a97ccde2b6290747646.jpeg","og:image:width":1456,"og:image:height":816,"article:published_time":"2024-01-09T15:48:43+00:00","article:modified_time":"2024-03-11T07:53:17+00:00","twitter:card":"summary_large_image","twitter:title":"Xiaomi Redmi 5X - Rucas - Wholesale and Distribution","twitter:description":"5.5-inch capacitive screen, FHD (1920\u00d71080 pixels) screen display,403PPI CPU: Snapdragon 625 octa-core 2.0GHz, GPU:Adreno 506 MIUI 8.5 (Base on Android 7.1 OS), 4GB RAM + 32GB ROM Dual camera:5.0MP front camera and dual 12.0MP back camera Dual SIM Card Dual Standby( 2 Nano SIM Card or 1 Nano and 1 microSD Card) Full metal unibody,3080mAh(typ) \/ 3000mAh(min) lithium-ion polymer battery","twitter:image":"https:\/\/www.rucashk.com\/wp-content\/uploads\/replace\/503b8e645f128a97ccde2b6290747646.jpeg","schema":{"@context":"https:\/\/schema.org","@graph":[{"@type":"BreadcrumbList","@id":"https:\/\/www.rucashk.com\/es\/producto\/xiaomi-redmi-5x\/#breadcrumblist","itemListElement":[{"@type":"ListItem","@id":"https:\/\/www.rucashk.com\/es\/#listItem","position":1,"name":"Home","item":"https:\/\/www.rucashk.com\/es\/","nextItem":"https:\/\/www.rucashk.com\/es\/producto\/xiaomi-redmi-5x\/#listItem"},{"@type":"ListItem","@id":"https:\/\/www.rucashk.com\/es\/producto\/xiaomi-redmi-5x\/#listItem","position":2,"name":"Xiaomi Redmi 5X","previousItem":"https:\/\/www.rucashk.com\/es\/#listItem"}]},{"@type":"Organization","@id":"https:\/\/www.rucashk.com\/es\/#organization","name":"Rucas","url":"https:\/\/www.rucashk.com\/es\/","logo":{"@type":"ImageObject","url":"https:\/\/www.rucashk.com\/wp-content\/uploads\/2023\/12\/Rucas_campany_logo.png","@id":"https:\/\/www.rucashk.com\/es\/producto\/xiaomi-redmi-5x\/#organizationLogo","width":221,"height":65},"image":{"@id":"https:\/\/www.rucashk.com\/es\/#organizationLogo"}},{"@type":"Person","@id":"https:\/\/www.rucashk.com\/es\/author\/admin\/#author","url":"https:\/\/www.rucashk.com\/es\/author\/admin\/","name":"admin","image":{"@type":"ImageObject","@id":"https:\/\/www.rucashk.com\/es\/producto\/xiaomi-redmi-5x\/#authorImage","url":"https:\/\/secure.gravatar.com\/avatar\/b7c8925b09a27e72b30232f8ecaadbd5af0f70a38c78096863fe51b64f031c24?s=96&d=mm&r=g","width":96,"height":96,"caption":"admin"}},{"@type":"WebPage","@id":"https:\/\/www.rucashk.com\/es\/producto\/xiaomi-redmi-5x\/#webpage","url":"https:\/\/www.rucashk.com\/es\/producto\/xiaomi-redmi-5x\/","name":"Xiaomi Redmi 5X - Rucas - Wholesale and Distribution","description":"5.5-inch capacitive screen, FHD (1920\u00d71080 pixels) screen display,403PPI CPU: Snapdragon 625 octa-core 2.0GHz, GPU:Adreno 506 MIUI 8.5 (Base on Android 7.1 OS), 4GB RAM + 32GB ROM Dual camera:5.0MP front camera and dual 12.0MP back camera Dual SIM Card Dual Standby( 2 Nano SIM Card or 1 Nano and 1 microSD Card) Full metal unibody,3080mAh(typ) \/ 3000mAh(min) lithium-ion polymer battery","inLanguage":"es-ES","isPartOf":{"@id":"https:\/\/www.rucashk.com\/es\/#website"},"breadcrumb":{"@id":"https:\/\/www.rucashk.com\/es\/producto\/xiaomi-redmi-5x\/#breadcrumblist"},"author":{"@id":"https:\/\/www.rucashk.com\/es\/author\/admin\/#author"},"creator":{"@id":"https:\/\/www.rucashk.com\/es\/author\/admin\/#author"},"image":{"@type":"ImageObject","url":"https:\/\/www.rucashk.com\/wp-content\/uploads\/2024\/01\/xiaomi-5x.jpg","@id":"https:\/\/www.rucashk.com\/es\/producto\/xiaomi-redmi-5x\/#mainImage","width":507,"height":535},"primaryImageOfPage":{"@id":"https:\/\/www.rucashk.com\/es\/producto\/xiaomi-redmi-5x\/#mainImage"},"datePublished":"2024-01-09T15:48:43+00:00","dateModified":"2024-03-11T07:53:17+00:00"},{"@type":"WebSite","@id":"https:\/\/www.rucashk.com\/es\/#website","url":"https:\/\/www.rucashk.com\/es\/","name":"Rucas - Wholesale and distribution worldwide","alternateName":"Rucas - One-stop AIoT Distribution Worldwide","description":"One-stop AIoT Distribution Worldwide","inLanguage":"es-ES","publisher":{"@id":"https:\/\/www.rucashk.com\/es\/#organization"}}]}},"aioseo_meta_data":{"post_id":"22831","title":null,"description":null,"keywords":null,"keyphrases":null,"primary_term":null,"canonical_url":null,"og_title":null,"og_description":null,"og_object_type":"default","og_image_type":"default","og_image_url":null,"og_image_width":null,"og_image_height":null,"og_image_custom_url":null,"og_image_custom_fields":null,"og_video":null,"og_custom_url":null,"og_article_section":null,"og_article_tags":null,"twitter_use_og":false,"twitter_card":"default","twitter_image_type":"default","twitter_image_url":null,"twitter_image_custom_url":null,"twitter_image_custom_fields":null,"twitter_title":null,"twitter_description":null,"schema":{"blockGraphs":[],"customGraphs":[],"default":{"data":{"Article":[],"Course":[],"Dataset":[],"FAQPage":[],"Movie":[],"Person":[],"Product":[],"Recipe":[],"Service":[],"SoftwareApplication":[],"WebPage":[]},"graphName":"","isEnabled":true},"graphs":[]},"schema_type":"default","schema_type_options":null,"pillar_content":false,"robots_default":true,"robots_noindex":false,"robots_noarchive":false,"robots_nosnippet":false,"robots_nofollow":false,"robots_noimageindex":false,"robots_noodp":false,"robots_notranslate":false,"robots_max_snippet":null,"robots_max_videopreview":null,"robots_max_imagepreview":"large","priority":null,"frequency":null,"local_seo":null,"breadcrumb_settings":null,"limit_modified_date":false,"created":"2024-04-11 01:55:24","updated":"2025-06-22 16:51:59"},"aioseo_breadcrumb":"<div class=\"aioseo-breadcrumbs\"><span class=\"aioseo-breadcrumb\">\n\t<a href=\"https:\/\/www.rucashk.com\/es\" title=\"Home\">Home<\/a>\n<\/span><span class=\"aioseo-breadcrumb-separator\">&raquo;<\/span><span class=\"aioseo-breadcrumb\">\n\t<a href=\"https:\/\/www.rucashk.com\/es\/products\/\" title=\"Productos\">Productos<\/a>\n<\/span><span class=\"aioseo-breadcrumb-separator\">&raquo;<\/span><span class=\"aioseo-breadcrumb\">\n\t<a href=\"https:\/\/www.rucashk.com\/es\/categoria-producto\/mobile-phone\/\" title=\"Mobile Phone\">Mobile Phone<\/a>\n<\/span><span class=\"aioseo-breadcrumb-separator\">&raquo;<\/span><span class=\"aioseo-breadcrumb\">\n\t<a href=\"https:\/\/www.rucashk.com\/es\/categoria-producto\/mobile-phone\/redmi-mobile-phone\/\" title=\"Redmi\">Redmi<\/a>\n<\/span><span class=\"aioseo-breadcrumb-separator\">&raquo;<\/span><span class=\"aioseo-breadcrumb\">\n\tXiaomi Redmi 5X\n<\/span><\/div>","aioseo_breadcrumb_json":[{"label":"Home","link":"https:\/\/www.rucashk.com\/es"},{"label":"Productos","link":"https:\/\/www.rucashk.com\/es\/products\/"},{"label":"Mobile Phone","link":"https:\/\/www.rucashk.com\/es\/categoria-producto\/mobile-phone\/"},{"label":"Redmi","link":"https:\/\/www.rucashk.com\/es\/categoria-producto\/mobile-phone\/redmi-mobile-phone\/"},{"label":"Xiaomi Redmi 5X","link":"https:\/\/www.rucashk.com\/es\/producto\/xiaomi-redmi-5x\/"}],"_links":{"self":[{"href":"https:\/\/www.rucashk.com\/es\/wp-json\/wp\/v2\/product\/22831","targetHints":{"allow":["GET"]}}],"collection":[{"href":"https:\/\/www.rucashk.com\/es\/wp-json\/wp\/v2\/product"}],"about":[{"href":"https:\/\/www.rucashk.com\/es\/wp-json\/wp\/v2\/types\/product"}],"wp:featuredmedia":[{"embeddable":true,"href":"https:\/\/www.rucashk.com\/es\/wp-json\/wp\/v2\/media\/22931"}],"wp:attachment":[{"href":"https:\/\/www.rucashk.com\/es\/wp-json\/wp\/v2\/media?parent=22831"}],"wp:term":[{"taxonomy":"product_brand","embeddable":true,"href":"https:\/\/www.rucashk.com\/es\/wp-json\/wp\/v2\/product_brand?post=22831"},{"taxonomy":"product_cat","embeddable":true,"href":"https:\/\/www.rucashk.com\/es\/wp-json\/wp\/v2\/product_cat?post=22831"},{"taxonomy":"product_tag","embeddable":true,"href":"https:\/\/www.rucashk.com\/es\/wp-json\/wp\/v2\/product_tag?post=22831"}],"curies":[{"name":"wp","href":"https:\/\/api.w.org\/{rel}","templated":true}]}}