{"id":22803,"date":"2024-01-09T15:48:22","date_gmt":"2024-01-09T15:48:22","guid":{"rendered":"http:\/\/rucashk.com\/?post_type=product&#038;p=22803"},"modified":"2024-03-11T07:53:42","modified_gmt":"2024-03-11T07:53:42","slug":"xiaomi-redmi-5a","status":"publish","type":"product","link":"https:\/\/www.rucashk.com\/es\/producto\/xiaomi-redmi-5a\/","title":{"rendered":"Xiaomi Mi 5A"},"content":{"rendered":"<p><img fetchpriority=\"high\" decoding=\"async\" class=\"product_lazy aligncenter\" src=\"\/wp-content\/uploads\/replace\/e4ec1ab453f606e4c19901bf8f8d44cc.jpeg\" alt=\"Xiaomi Redmi 5A\" width=\"1000\" height=\"504\" data-original=\"\/\/img.gkbcdn.com\/s3\/d\/201710\/14c5f5ae-c239-4593-ae68-597c50297a0d.jpg\" \/><img decoding=\"async\" class=\"product_lazy aligncenter\" src=\"\/wp-content\/uploads\/replace\/896c076be8e2c94a6212a90dbaf44a8a.jpeg\" alt=\"Xiaomi Redmi 5A\" width=\"1000\" height=\"552\" data-original=\"\/\/img.gkbcdn.com\/s3\/d\/201710\/6927bca9-add9-492e-8213-3a585efdbc26.jpg\" \/><img decoding=\"async\" class=\"product_lazy aligncenter\" src=\"\/wp-content\/uploads\/replace\/c1d5c7dea27aa18e8446341362bc9444.jpeg\" alt=\"Xiaomi Redmi 5A\" width=\"1000\" height=\"522\" data-original=\"\/\/img.gkbcdn.com\/s3\/d\/201710\/33190cbe-0ce1-4b10-b160-637828e6c4ee.jpg\" \/><img loading=\"lazy\" decoding=\"async\" class=\"product_lazy aligncenter\" src=\"\/wp-content\/uploads\/replace\/eae512686d3ec0cddbfa222c33ead0a0.jpeg\" alt=\"Xiaomi Redmi 5A\" width=\"1000\" height=\"600\" data-original=\"\/\/img.gkbcdn.com\/s3\/d\/201710\/d81835c3-ca46-4542-8894-bf02f8051315.jpg\" \/><img loading=\"lazy\" decoding=\"async\" class=\"product_lazy aligncenter\" src=\"\/wp-content\/uploads\/replace\/28dbec14b7dba76e63b7b728add1c140.jpeg\" alt=\"Xiaomi Redmi 5A\" width=\"1000\" height=\"412\" data-original=\"\/\/img.gkbcdn.com\/s3\/d\/201710\/3eba7cc5-4b20-4d3c-afa4-79f6101ad63c.jpg\" \/><img loading=\"lazy\" decoding=\"async\" class=\"product_lazy aligncenter\" src=\"\/wp-content\/uploads\/replace\/a0f58f95456665b19d2de725fac42c89.jpeg\" alt=\"Xiaomi Redmi 5A\" width=\"1000\" height=\"456\" data-original=\"\/\/img.gkbcdn.com\/s3\/d\/201710\/1afcc82d-9608-4d2d-9ded-d56606e1a1e8.jpg\" \/><img loading=\"lazy\" decoding=\"async\" class=\"product_lazy aligncenter\" src=\"\/wp-content\/uploads\/replace\/e66b2a19c19109264c28002c3dda6ad9.jpeg\" alt=\"Xiaomi Redmi 5A\" width=\"1000\" height=\"504\" data-original=\"\/\/img.gkbcdn.com\/s3\/d\/201710\/e3af24eb-0b66-43f2-8d0e-010601d64d92.jpg\" \/><img loading=\"lazy\" decoding=\"async\" class=\"product_lazy aligncenter\" src=\"\/wp-content\/uploads\/replace\/bd375cf30a4768a4f56c4ce869585081.jpeg\" alt=\"Xiaomi Redmi 5A\" width=\"1000\" height=\"563\" data-original=\"\/\/img.gkbcdn.com\/s3\/d\/201710\/4d3c8451-1a29-4b03-9d98-52ff557e1a48.jpg\" \/><img loading=\"lazy\" decoding=\"async\" class=\"product_lazy aligncenter\" src=\"\/wp-content\/uploads\/replace\/70dae28d795f224c89e44656db382b9d.jpeg\" alt=\"Xiaomi Redmi 5A\" width=\"1000\" height=\"563\" data-original=\"\/\/img.gkbcdn.com\/s3\/d\/201710\/0801d80a-07e7-4604-94c3-b5acd22af536.jpg\" \/><img loading=\"lazy\" decoding=\"async\" class=\"product_lazy aligncenter\" src=\"\/wp-content\/uploads\/replace\/810aa7c1b295ec0615987f445b4ba37c.jpeg\" alt=\"Xiaomi Redmi 5A\" width=\"1000\" height=\"563\" data-original=\"\/\/img.gkbcdn.com\/s3\/d\/201710\/f17d289c-271b-4734-a134-6812c53c7089.jpg\" \/><img loading=\"lazy\" decoding=\"async\" class=\"product_lazy aligncenter\" src=\"\/wp-content\/uploads\/replace\/ddd3e0bd0c67a14325db10a95326b9f3.jpeg\" alt=\"Xiaomi Redmi 5A\" width=\"1000\" height=\"563\" data-original=\"\/\/img.gkbcdn.com\/s3\/d\/201710\/3d9e62c8-5983-421e-bcfd-ba642e071a90.jpg\" \/><\/p>\n<h2>Especificaci\u00f3n<\/h2>\n<table class=\"jbEidtTable\" border=\"1\" cellspacing=\"0\" cellpadding=\"5\">\n<tbody>\n<tr>\n<td>General<\/td>\n<td>Marca: Xiaomi<br \/>\nModelo: <a href=\"https:\/\/www.rucashk.com\/es\/sales-volume-of-redmi-5a-in-india-reached-1-million\/\" class=\"\" style=\"width: auto !important\" data-wpil-post-to-id=\"7363\">Redmi 5A<\/a><br \/>\nColor: Rosa Sakura<\/td>\n<\/tr>\n<tr>\n<td>Sistema<\/td>\n<td>Sistema operativo: MIUI 9 basado en el sistema operativo Android 7.1<br \/>\nCPU: Qualcomm Snapdragon 425, cuatro n\u00facleos de 64 bits a 1,4 GHz, GPU: Adreno 308<br \/>\nRAM: 2GB<br \/>\nROM: 16GB<br \/>\nAlmacenamiento extendido: 128 GB (forma Vfat)<\/td>\n<\/tr>\n<tr>\n<td>Mostrar<\/td>\n<td>Tipo de pantalla: pantalla capacitiva<br \/>\nTama\u00f1o de pantalla: 5 pulgadas<br \/>\nResoluci\u00f3n de pantalla:HD (1280\u00d7720 p\u00edxeles) <a href=\"https:\/\/www.rucashk.com\/es\/really-fragrant-lenovo-notebook-xiaoxin-15-update-performance-soars-the-screen-display-is-dazzling\/\" class=\"\" style=\"width: auto !important\" data-wpil-post-to-id=\"7164\">visualizaci\u00f3n de la pantalla<\/a><\/td>\n<\/tr>\n<tr>\n<td>Red<\/td>\n<td>Conectividad inal\u00e1mbrica: GSM, 3G, 4G, GPS, WiFi, Bluetooth<br \/>\nFrecuencia: GSM B2\/B3\/B5\/B8WCDMA B1\/B2\/B5\/B8<\/p>\n<p>FDD-LTE B1\/B3\/B4\/B5\/B7\/B8\/B20<\/p>\n<p>TD-LTE B38\/B40<\/p>\n<p>Bluetooth: S\u00ed, 4.1<br \/>\nWiFi: S\u00ed, 802.11 b\/g\/n<br \/>\nGPS: S\u00ed, integrado, GPS+GLONASS+AGPS+Beidou<\/td>\n<\/tr>\n<tr>\n<td>C\u00e1mara<\/td>\n<td>Tipo de c\u00e1mara: C\u00e1maras duales (una frontal y otra trasera)<br \/>\nC\u00e1mara trasera: 13.0MP<br \/>\nC\u00e1mara frontal: 5.0MP<br \/>\nGrabaci\u00f3n de v\u00eddeo: S\u00ed<\/td>\n<\/tr>\n<tr>\n<td>Conectividad<\/td>\n<td><a href=\"https:\/\/www.rucashk.com\/es\/producto\/wiko-view4-lite\/\" class=\"\" style=\"width: auto !important\" data-wpil-post-to-id=\"5614\">Ranura para tarjeta SIM: Doble tarjeta Nano SIM dual<\/a> en espera (2 tarjetas Nano SIM\/1 tarjeta Nano Sim y 1 tarjeta TF)<br \/>\nRanura para tarjeta TF: S\u00ed<br \/>\nRanura USB: Micro USB<br \/>\nSalida de audio: S\u00ed (interoperabilidad de boca de carga)<br \/>\nMicr\u00f3fono: compatible<br \/>\nAltavoz: compatible<\/td>\n<\/tr>\n<tr>\n<td>Medios de comunicaci\u00f3n<\/td>\n<td>Formato de v\u00eddeo: 3GP, MP4, RMVB<br \/>\nFormato de audio: WAV, AMR, MP3<br \/>\nFormato de imagen: GIF, JPEG, BMP, PNG<br \/>\nRadio FM: soporte de software<\/td>\n<\/tr>\n<tr>\n<td>Idioma<\/td>\n<td>Bahasa Indonesia, Bahasa Melayu, Deutsch, English(India), English(Reino Unido), English(Estados Unidos), Espa\u00f1ol(Espa\u00f1ol), Espa\u00f1ol(Am\u00e9rica), Franc\u00e9s, Italiano, Magiar, Uzbekist\u00e1n, Polaco, Portugu\u00e9s(Brasil), Romana, eslovena, vietnamita, turca, checa, rusa, ucraniana, b\u00falgara, griega, hindi, bengal\u00ed, gujarati, asam\u00e9s, tamil, telugu, nepal\u00ed, tailandesa, \u00e1rabe, persa, hebrea, coreana, china tradicional\/simplificada.<\/td>\n<\/tr>\n<tr>\n<td>Sensor<\/td>\n<td>Sensor de gravedad, Sensor de luz, Sensor de proximidad, Sensor de infrarrojos<\/td>\n<\/tr>\n<tr>\n<td>Caracter\u00edsticas adicionales<\/td>\n<td>4G, 3G, GPS, OTG, MP3, MP4, calculadora, gesti\u00f3n de archivos ES, cron\u00f3metro, calendario, despertador, Google play, Miracast, E-mail, G-mail, etc.<\/td>\n<\/tr>\n<tr>\n<td>Bater\u00eda<\/td>\n<td>Tipo de bater\u00eda: litio<br \/>\nCapacidad: bater\u00eda incorporada 3000 mAh (t\u00edpica) \/ 2910 mAh (m\u00edn.)<br \/>\nTiempo en espera: alrededor de 2 ~ 3 d\u00edas<br \/>\nCargador:USB<\/td>\n<\/tr>\n<tr>\n<td>Dimensi\u00f3n y peso (producto principal)<\/td>\n<td>Dimensi\u00f3n: 140,4*70,1*8,35mm<br \/>\nPeso: 137g<\/td>\n<\/tr>\n<tr>\n<td>contenidos del paquete<\/td>\n<td>1 \u00d7 tel\u00e9fono<br \/>\n1 \u00d7 bater\u00eda incorporada<br \/>\n1 cable USB.<br \/>\n1 \u00d7 Pin de expulsi\u00f3n<br \/>\n1 \u00d7 EE. UU. <a href=\"https:\/\/www.rucashk.com\/es\/producto\/xiaomi-mi-usb-c-charger-65w-output-rate-socket-power-adapter\/\" class=\"\" style=\"width: auto !important\" data-wpil-post-to-id=\"2611\">Adaptador de corriente<\/a> (Se le enviar\u00e1 un adaptador de CA adecuado como pa\u00eds de env\u00edo)<\/td>\n<\/tr>\n<\/tbody>\n<\/table>","protected":false},"excerpt":{"rendered":"<p>5-inch capacitive screen, HD 1280&#215;720 pixels<\/p>\n<p>CPU:Qualcomm Snapdragon 425, Quad Core 64bit 1.4GHz,GPU:Adreno 308<\/p>\n<p>MIUI 9 based on Android 7.1 OS.<\/p>\n<p>2GB RAM, 16GB ROM, expandable memory up to 128GB with microSD(Vfat Form).<\/p>\n<p>Dual Nano SIM Card dual standby(Both SIM slots are compatible with 4G respectively.<\/p>\n<p>13MP rear camera with LED flash,F \/ 2.2 aperture;<\/p>\n<p>5MP front-facing camera.<\/p>\n<p>Support 4G LTE, Wi-Fi 802.11 b\/g\/n, Bluetooth 4.1, GPS + GLONASS.<\/p>","protected":false},"featured_media":22925,"template":"","meta":[],"product_brand":[],"product_cat":[1295,1297],"product_tag":[],"class_list":{"0":"post-22803","1":"product","2":"type-product","3":"status-publish","4":"has-post-thumbnail","6":"product_cat-mobile-phone","7":"product_cat-redmi-mobile-phone","9":"first","10":"instock","11":"shipping-taxable","12":"product-type-external"},"aioseo_notices":[],"aioseo_head":"\n\t\t<!-- All in One SEO Pro 4.5.9.2 - aioseo.com -->\n\t\t<meta name=\"description\" content=\"5-inch capacitive screen, HD 1280x720 pixels CPU:Qualcomm Snapdragon 425, Quad Core 64bit 1.4GHz,GPU:Adreno 308 MIUI 9 based on Android 7.1 OS. 2GB RAM, 16GB ROM, expandable memory up to 128GB with microSD(Vfat Form). Dual Nano SIM Card dual standby(Both SIM slots are compatible with 4G respectively. 13MP rear camera with LED flash,F \/ 2.2 aperture; 5MP front-facing camera. Support 4G LTE, Wi-Fi 802.11 b\/g\/n, Bluetooth 4.1, GPS + GLONASS.\" \/>\n\t\t<meta name=\"robots\" content=\"max-image-preview:large\" \/>\n\t\t<link rel=\"canonical\" href=\"https:\/\/www.rucashk.com\/es\/producto\/xiaomi-redmi-5a\/\" \/>\n\t\t<meta name=\"generator\" content=\"All in One SEO Pro (AIOSEO) 4.5.9.2\" \/>\n\t\t<meta property=\"og:locale\" content=\"es_ES\" \/>\n\t\t<meta property=\"og:site_name\" content=\"Rucas - One-stop AIoT Distribution Worldwide\" \/>\n\t\t<meta property=\"og:type\" content=\"article\" \/>\n\t\t<meta property=\"og:title\" content=\"Xiaomi Redmi 5A - Rucas - Wholesale and Distribution\" \/>\n\t\t<meta property=\"og:description\" content=\"5-inch capacitive screen, HD 1280x720 pixels CPU:Qualcomm Snapdragon 425, Quad Core 64bit 1.4GHz,GPU:Adreno 308 MIUI 9 based on Android 7.1 OS. 2GB RAM, 16GB ROM, expandable memory up to 128GB with microSD(Vfat Form). Dual Nano SIM Card dual standby(Both SIM slots are compatible with 4G respectively. 13MP rear camera with LED flash,F \/ 2.2 aperture; 5MP front-facing camera. Support 4G LTE, Wi-Fi 802.11 b\/g\/n, Bluetooth 4.1, GPS + GLONASS.\" \/>\n\t\t<meta property=\"og:url\" content=\"https:\/\/www.rucashk.com\/es\/producto\/xiaomi-redmi-5a\/\" \/>\n\t\t<meta property=\"og:image\" content=\"https:\/\/www.rucashk.com\/wp-content\/uploads\/replace\/503b8e645f128a97ccde2b6290747646.jpeg\" \/>\n\t\t<meta property=\"og:image:secure_url\" content=\"https:\/\/www.rucashk.com\/wp-content\/uploads\/replace\/503b8e645f128a97ccde2b6290747646.jpeg\" \/>\n\t\t<meta property=\"og:image:width\" content=\"1456\" \/>\n\t\t<meta property=\"og:image:height\" content=\"816\" \/>\n\t\t<meta property=\"article:published_time\" content=\"2024-01-09T15:48:22+00:00\" \/>\n\t\t<meta property=\"article:modified_time\" content=\"2024-03-11T07:53:42+00:00\" \/>\n\t\t<meta name=\"twitter:card\" content=\"summary_large_image\" \/>\n\t\t<meta name=\"twitter:title\" content=\"Xiaomi Redmi 5A - Rucas - Wholesale and Distribution\" \/>\n\t\t<meta name=\"twitter:description\" content=\"5-inch capacitive screen, HD 1280x720 pixels CPU:Qualcomm Snapdragon 425, Quad Core 64bit 1.4GHz,GPU:Adreno 308 MIUI 9 based on Android 7.1 OS. 2GB RAM, 16GB ROM, expandable memory up to 128GB with microSD(Vfat Form). Dual Nano SIM Card dual standby(Both SIM slots are compatible with 4G respectively. 13MP rear camera with LED flash,F \/ 2.2 aperture; 5MP front-facing camera. Support 4G LTE, Wi-Fi 802.11 b\/g\/n, Bluetooth 4.1, GPS + GLONASS.\" \/>\n\t\t<meta name=\"twitter:image\" content=\"https:\/\/www.rucashk.com\/wp-content\/uploads\/replace\/503b8e645f128a97ccde2b6290747646.jpeg\" \/>\n\t\t<script type=\"application\/ld+json\" class=\"aioseo-schema\">\n\t\t\t{\"@context\":\"https:\\\/\\\/schema.org\",\"@graph\":[{\"@type\":\"BreadcrumbList\",\"@id\":\"https:\\\/\\\/www.rucashk.com\\\/es\\\/producto\\\/xiaomi-redmi-5a\\\/#breadcrumblist\",\"itemListElement\":[{\"@type\":\"ListItem\",\"@id\":\"https:\\\/\\\/www.rucashk.com\\\/es\\\/#listItem\",\"position\":1,\"name\":\"Home\",\"item\":\"https:\\\/\\\/www.rucashk.com\\\/es\\\/\",\"nextItem\":\"https:\\\/\\\/www.rucashk.com\\\/es\\\/producto\\\/xiaomi-redmi-5a\\\/#listItem\"},{\"@type\":\"ListItem\",\"@id\":\"https:\\\/\\\/www.rucashk.com\\\/es\\\/producto\\\/xiaomi-redmi-5a\\\/#listItem\",\"position\":2,\"name\":\"Xiaomi Redmi  5A\",\"previousItem\":\"https:\\\/\\\/www.rucashk.com\\\/es\\\/#listItem\"}]},{\"@type\":\"Organization\",\"@id\":\"https:\\\/\\\/www.rucashk.com\\\/es\\\/#organization\",\"name\":\"Rucas\",\"url\":\"https:\\\/\\\/www.rucashk.com\\\/es\\\/\",\"logo\":{\"@type\":\"ImageObject\",\"url\":\"https:\\\/\\\/www.rucashk.com\\\/wp-content\\\/uploads\\\/2023\\\/12\\\/Rucas_campany_logo.png\",\"@id\":\"https:\\\/\\\/www.rucashk.com\\\/es\\\/producto\\\/xiaomi-redmi-5a\\\/#organizationLogo\",\"width\":221,\"height\":65},\"image\":{\"@id\":\"https:\\\/\\\/www.rucashk.com\\\/es\\\/#organizationLogo\"}},{\"@type\":\"Person\",\"@id\":\"https:\\\/\\\/www.rucashk.com\\\/es\\\/author\\\/admin\\\/#author\",\"url\":\"https:\\\/\\\/www.rucashk.com\\\/es\\\/author\\\/admin\\\/\",\"name\":\"admin\",\"image\":{\"@type\":\"ImageObject\",\"@id\":\"https:\\\/\\\/www.rucashk.com\\\/es\\\/producto\\\/xiaomi-redmi-5a\\\/#authorImage\",\"url\":\"https:\\\/\\\/secure.gravatar.com\\\/avatar\\\/b7c8925b09a27e72b30232f8ecaadbd5af0f70a38c78096863fe51b64f031c24?s=96&d=mm&r=g\",\"width\":96,\"height\":96,\"caption\":\"admin\"}},{\"@type\":\"WebPage\",\"@id\":\"https:\\\/\\\/www.rucashk.com\\\/es\\\/producto\\\/xiaomi-redmi-5a\\\/#webpage\",\"url\":\"https:\\\/\\\/www.rucashk.com\\\/es\\\/producto\\\/xiaomi-redmi-5a\\\/\",\"name\":\"Xiaomi Redmi 5A - Rucas - Wholesale and Distribution\",\"description\":\"5-inch capacitive screen, HD 1280x720 pixels CPU:Qualcomm Snapdragon 425, Quad Core 64bit 1.4GHz,GPU:Adreno 308 MIUI 9 based on Android 7.1 OS. 2GB RAM, 16GB ROM, expandable memory up to 128GB with microSD(Vfat Form). Dual Nano SIM Card dual standby(Both SIM slots are compatible with 4G respectively. 13MP rear camera with LED flash,F \\\/ 2.2 aperture; 5MP front-facing camera. Support 4G LTE, Wi-Fi 802.11 b\\\/g\\\/n, Bluetooth 4.1, GPS + GLONASS.\",\"inLanguage\":\"es-ES\",\"isPartOf\":{\"@id\":\"https:\\\/\\\/www.rucashk.com\\\/es\\\/#website\"},\"breadcrumb\":{\"@id\":\"https:\\\/\\\/www.rucashk.com\\\/es\\\/producto\\\/xiaomi-redmi-5a\\\/#breadcrumblist\"},\"author\":{\"@id\":\"https:\\\/\\\/www.rucashk.com\\\/es\\\/author\\\/admin\\\/#author\"},\"creator\":{\"@id\":\"https:\\\/\\\/www.rucashk.com\\\/es\\\/author\\\/admin\\\/#author\"},\"image\":{\"@type\":\"ImageObject\",\"url\":\"https:\\\/\\\/www.rucashk.com\\\/wp-content\\\/uploads\\\/2024\\\/01\\\/xiaomi-5A.jpg\",\"@id\":\"https:\\\/\\\/www.rucashk.com\\\/es\\\/producto\\\/xiaomi-redmi-5a\\\/#mainImage\",\"width\":516,\"height\":536},\"primaryImageOfPage\":{\"@id\":\"https:\\\/\\\/www.rucashk.com\\\/es\\\/producto\\\/xiaomi-redmi-5a\\\/#mainImage\"},\"datePublished\":\"2024-01-09T15:48:22+00:00\",\"dateModified\":\"2024-03-11T07:53:42+00:00\"},{\"@type\":\"WebSite\",\"@id\":\"https:\\\/\\\/www.rucashk.com\\\/es\\\/#website\",\"url\":\"https:\\\/\\\/www.rucashk.com\\\/es\\\/\",\"name\":\"Rucas - Wholesale and distribution worldwide\",\"alternateName\":\"Rucas - One-stop AIoT Distribution Worldwide\",\"description\":\"One-stop AIoT Distribution Worldwide\",\"inLanguage\":\"es-ES\",\"publisher\":{\"@id\":\"https:\\\/\\\/www.rucashk.com\\\/es\\\/#organization\"}}]}\n\t\t<\/script>\n\t\t<!-- All in One SEO Pro -->\r\n\t\t<title>Xiaomi Redmi 5A - Rucas - Wholesale and Distribution<\/title>\n\n","aioseo_head_json":{"title":"Xiaomi Redmi 5A - Rucas - Wholesale and Distribution","description":"5-inch capacitive screen, HD 1280x720 pixels CPU:Qualcomm Snapdragon 425, Quad Core 64bit 1.4GHz,GPU:Adreno 308 MIUI 9 based on Android 7.1 OS. 2GB RAM, 16GB ROM, expandable memory up to 128GB with microSD(Vfat Form). Dual Nano SIM Card dual standby(Both SIM slots are compatible with 4G respectively. 13MP rear camera with LED flash,F \/ 2.2 aperture; 5MP front-facing camera. Support 4G LTE, Wi-Fi 802.11 b\/g\/n, Bluetooth 4.1, GPS + GLONASS.","canonical_url":"https:\/\/www.rucashk.com\/es\/producto\/xiaomi-redmi-5a\/","robots":"max-image-preview:large","keywords":"","webmasterTools":{"miscellaneous":""},"og:locale":"es_ES","og:site_name":"Rucas - One-stop AIoT Distribution Worldwide","og:type":"article","og:title":"Xiaomi Redmi 5A - Rucas - Wholesale and Distribution","og:description":"5-inch capacitive screen, HD 1280x720 pixels CPU:Qualcomm Snapdragon 425, Quad Core 64bit 1.4GHz,GPU:Adreno 308 MIUI 9 based on Android 7.1 OS. 2GB RAM, 16GB ROM, expandable memory up to 128GB with microSD(Vfat Form). Dual Nano SIM Card dual standby(Both SIM slots are compatible with 4G respectively. 13MP rear camera with LED flash,F \/ 2.2 aperture; 5MP front-facing camera. Support 4G LTE, Wi-Fi 802.11 b\/g\/n, Bluetooth 4.1, GPS + GLONASS.","og:url":"https:\/\/www.rucashk.com\/es\/producto\/xiaomi-redmi-5a\/","og:image":"https:\/\/www.rucashk.com\/wp-content\/uploads\/replace\/503b8e645f128a97ccde2b6290747646.jpeg","og:image:secure_url":"https:\/\/www.rucashk.com\/wp-content\/uploads\/replace\/503b8e645f128a97ccde2b6290747646.jpeg","og:image:width":1456,"og:image:height":816,"article:published_time":"2024-01-09T15:48:22+00:00","article:modified_time":"2024-03-11T07:53:42+00:00","twitter:card":"summary_large_image","twitter:title":"Xiaomi Redmi 5A - Rucas - Wholesale and Distribution","twitter:description":"5-inch capacitive screen, HD 1280x720 pixels CPU:Qualcomm Snapdragon 425, Quad Core 64bit 1.4GHz,GPU:Adreno 308 MIUI 9 based on Android 7.1 OS. 2GB RAM, 16GB ROM, expandable memory up to 128GB with microSD(Vfat Form). Dual Nano SIM Card dual standby(Both SIM slots are compatible with 4G respectively. 13MP rear camera with LED flash,F \/ 2.2 aperture; 5MP front-facing camera. Support 4G LTE, Wi-Fi 802.11 b\/g\/n, Bluetooth 4.1, GPS + GLONASS.","twitter:image":"https:\/\/www.rucashk.com\/wp-content\/uploads\/replace\/503b8e645f128a97ccde2b6290747646.jpeg","schema":{"@context":"https:\/\/schema.org","@graph":[{"@type":"BreadcrumbList","@id":"https:\/\/www.rucashk.com\/es\/producto\/xiaomi-redmi-5a\/#breadcrumblist","itemListElement":[{"@type":"ListItem","@id":"https:\/\/www.rucashk.com\/es\/#listItem","position":1,"name":"Home","item":"https:\/\/www.rucashk.com\/es\/","nextItem":"https:\/\/www.rucashk.com\/es\/producto\/xiaomi-redmi-5a\/#listItem"},{"@type":"ListItem","@id":"https:\/\/www.rucashk.com\/es\/producto\/xiaomi-redmi-5a\/#listItem","position":2,"name":"Xiaomi Redmi  5A","previousItem":"https:\/\/www.rucashk.com\/es\/#listItem"}]},{"@type":"Organization","@id":"https:\/\/www.rucashk.com\/es\/#organization","name":"Rucas","url":"https:\/\/www.rucashk.com\/es\/","logo":{"@type":"ImageObject","url":"https:\/\/www.rucashk.com\/wp-content\/uploads\/2023\/12\/Rucas_campany_logo.png","@id":"https:\/\/www.rucashk.com\/es\/producto\/xiaomi-redmi-5a\/#organizationLogo","width":221,"height":65},"image":{"@id":"https:\/\/www.rucashk.com\/es\/#organizationLogo"}},{"@type":"Person","@id":"https:\/\/www.rucashk.com\/es\/author\/admin\/#author","url":"https:\/\/www.rucashk.com\/es\/author\/admin\/","name":"admin","image":{"@type":"ImageObject","@id":"https:\/\/www.rucashk.com\/es\/producto\/xiaomi-redmi-5a\/#authorImage","url":"https:\/\/secure.gravatar.com\/avatar\/b7c8925b09a27e72b30232f8ecaadbd5af0f70a38c78096863fe51b64f031c24?s=96&d=mm&r=g","width":96,"height":96,"caption":"admin"}},{"@type":"WebPage","@id":"https:\/\/www.rucashk.com\/es\/producto\/xiaomi-redmi-5a\/#webpage","url":"https:\/\/www.rucashk.com\/es\/producto\/xiaomi-redmi-5a\/","name":"Xiaomi Redmi 5A - Rucas - Wholesale and Distribution","description":"5-inch capacitive screen, HD 1280x720 pixels CPU:Qualcomm Snapdragon 425, Quad Core 64bit 1.4GHz,GPU:Adreno 308 MIUI 9 based on Android 7.1 OS. 2GB RAM, 16GB ROM, expandable memory up to 128GB with microSD(Vfat Form). Dual Nano SIM Card dual standby(Both SIM slots are compatible with 4G respectively. 13MP rear camera with LED flash,F \/ 2.2 aperture; 5MP front-facing camera. Support 4G LTE, Wi-Fi 802.11 b\/g\/n, Bluetooth 4.1, GPS + GLONASS.","inLanguage":"es-ES","isPartOf":{"@id":"https:\/\/www.rucashk.com\/es\/#website"},"breadcrumb":{"@id":"https:\/\/www.rucashk.com\/es\/producto\/xiaomi-redmi-5a\/#breadcrumblist"},"author":{"@id":"https:\/\/www.rucashk.com\/es\/author\/admin\/#author"},"creator":{"@id":"https:\/\/www.rucashk.com\/es\/author\/admin\/#author"},"image":{"@type":"ImageObject","url":"https:\/\/www.rucashk.com\/wp-content\/uploads\/2024\/01\/xiaomi-5A.jpg","@id":"https:\/\/www.rucashk.com\/es\/producto\/xiaomi-redmi-5a\/#mainImage","width":516,"height":536},"primaryImageOfPage":{"@id":"https:\/\/www.rucashk.com\/es\/producto\/xiaomi-redmi-5a\/#mainImage"},"datePublished":"2024-01-09T15:48:22+00:00","dateModified":"2024-03-11T07:53:42+00:00"},{"@type":"WebSite","@id":"https:\/\/www.rucashk.com\/es\/#website","url":"https:\/\/www.rucashk.com\/es\/","name":"Rucas - Wholesale and distribution worldwide","alternateName":"Rucas - One-stop AIoT Distribution Worldwide","description":"One-stop AIoT Distribution Worldwide","inLanguage":"es-ES","publisher":{"@id":"https:\/\/www.rucashk.com\/es\/#organization"}}]}},"aioseo_meta_data":{"post_id":"22803","title":null,"description":null,"keywords":null,"keyphrases":null,"primary_term":null,"canonical_url":null,"og_title":null,"og_description":null,"og_object_type":"default","og_image_type":"default","og_image_url":null,"og_image_width":null,"og_image_height":null,"og_image_custom_url":null,"og_image_custom_fields":null,"og_video":null,"og_custom_url":null,"og_article_section":null,"og_article_tags":null,"twitter_use_og":false,"twitter_card":"default","twitter_image_type":"default","twitter_image_url":null,"twitter_image_custom_url":null,"twitter_image_custom_fields":null,"twitter_title":null,"twitter_description":null,"schema":{"blockGraphs":[],"customGraphs":[],"default":{"data":{"Article":[],"Course":[],"Dataset":[],"FAQPage":[],"Movie":[],"Person":[],"Product":[],"Recipe":[],"Service":[],"SoftwareApplication":[],"WebPage":[]},"graphName":"","isEnabled":true},"graphs":[]},"schema_type":"default","schema_type_options":null,"pillar_content":false,"robots_default":true,"robots_noindex":false,"robots_noarchive":false,"robots_nosnippet":false,"robots_nofollow":false,"robots_noimageindex":false,"robots_noodp":false,"robots_notranslate":false,"robots_max_snippet":null,"robots_max_videopreview":null,"robots_max_imagepreview":"large","priority":null,"frequency":null,"local_seo":null,"breadcrumb_settings":null,"limit_modified_date":false,"created":"2024-04-11 01:55:24","updated":"2025-06-22 16:51:58"},"aioseo_breadcrumb":"<div class=\"aioseo-breadcrumbs\"><span class=\"aioseo-breadcrumb\">\n\t<a href=\"https:\/\/www.rucashk.com\/es\" title=\"Home\">Home<\/a>\n<\/span><span class=\"aioseo-breadcrumb-separator\">&raquo;<\/span><span class=\"aioseo-breadcrumb\">\n\t<a href=\"https:\/\/www.rucashk.com\/es\/products\/\" title=\"Productos\">Productos<\/a>\n<\/span><span class=\"aioseo-breadcrumb-separator\">&raquo;<\/span><span class=\"aioseo-breadcrumb\">\n\t<a href=\"https:\/\/www.rucashk.com\/es\/categoria-producto\/mobile-phone\/\" title=\"Mobile Phone\">Mobile Phone<\/a>\n<\/span><span class=\"aioseo-breadcrumb-separator\">&raquo;<\/span><span class=\"aioseo-breadcrumb\">\n\t<a href=\"https:\/\/www.rucashk.com\/es\/categoria-producto\/mobile-phone\/redmi-mobile-phone\/\" title=\"Redmi\">Redmi<\/a>\n<\/span><span class=\"aioseo-breadcrumb-separator\">&raquo;<\/span><span class=\"aioseo-breadcrumb\">\n\tXiaomi Redmi  5A\n<\/span><\/div>","aioseo_breadcrumb_json":[{"label":"Home","link":"https:\/\/www.rucashk.com\/es"},{"label":"Productos","link":"https:\/\/www.rucashk.com\/es\/products\/"},{"label":"Mobile Phone","link":"https:\/\/www.rucashk.com\/es\/categoria-producto\/mobile-phone\/"},{"label":"Redmi","link":"https:\/\/www.rucashk.com\/es\/categoria-producto\/mobile-phone\/redmi-mobile-phone\/"},{"label":"Xiaomi Redmi  5A","link":"https:\/\/www.rucashk.com\/es\/producto\/xiaomi-redmi-5a\/"}],"_links":{"self":[{"href":"https:\/\/www.rucashk.com\/es\/wp-json\/wp\/v2\/product\/22803","targetHints":{"allow":["GET"]}}],"collection":[{"href":"https:\/\/www.rucashk.com\/es\/wp-json\/wp\/v2\/product"}],"about":[{"href":"https:\/\/www.rucashk.com\/es\/wp-json\/wp\/v2\/types\/product"}],"wp:featuredmedia":[{"embeddable":true,"href":"https:\/\/www.rucashk.com\/es\/wp-json\/wp\/v2\/media\/22925"}],"wp:attachment":[{"href":"https:\/\/www.rucashk.com\/es\/wp-json\/wp\/v2\/media?parent=22803"}],"wp:term":[{"taxonomy":"product_brand","embeddable":true,"href":"https:\/\/www.rucashk.com\/es\/wp-json\/wp\/v2\/product_brand?post=22803"},{"taxonomy":"product_cat","embeddable":true,"href":"https:\/\/www.rucashk.com\/es\/wp-json\/wp\/v2\/product_cat?post=22803"},{"taxonomy":"product_tag","embeddable":true,"href":"https:\/\/www.rucashk.com\/es\/wp-json\/wp\/v2\/product_tag?post=22803"}],"curies":[{"name":"wp","href":"https:\/\/api.w.org\/{rel}","templated":true}]}}