{"id":22802,"date":"2024-01-09T15:48:22","date_gmt":"2024-01-09T15:48:22","guid":{"rendered":"http:\/\/rucashk.com\/?post_type=product&#038;p=22802"},"modified":"2024-03-13T08:49:10","modified_gmt":"2024-03-13T08:49:10","slug":"xiaomi-redmi-9-smartphone","status":"publish","type":"product","link":"https:\/\/www.rucashk.com\/es\/producto\/xiaomi-redmi-9-smartphone\/","title":{"rendered":"Tel\u00e9fono inteligente Xiaomi Redmi 9"},"content":{"rendered":"<p><img fetchpriority=\"high\" decoding=\"async\" class=\"alignnone size-full wp-image-13690\" src=\"\/wp-content\/uploads\/replace\/29d1232d89820081fa58faf7bc581bc3.png\" alt=\"Xiaomi Redmi 9 Smartphone\" width=\"1577\" height=\"663\" \/><img decoding=\"async\" class=\"alignnone size-full wp-image-13691\" src=\"\/wp-content\/uploads\/replace\/aaf905e34ded35c5be7cb0bd1ca8ec79.jpeg\" alt=\"Xiaomi Redmi 9 Smartphone\" width=\"1580\" height=\"667\" \/><img decoding=\"async\" class=\"alignnone size-full wp-image-13692\" src=\"\/wp-content\/uploads\/replace\/e1db3ec43400197153fec3fc93e4be1f.png\" alt=\"Xiaomi Redmi 9 Smartphone\" width=\"1581\" height=\"424\" \/><img loading=\"lazy\" decoding=\"async\" class=\"alignnone size-full wp-image-13693\" src=\"\/wp-content\/uploads\/replace\/d197c060b5dbda6b9b8e0103dc8227c1.png\" alt=\"Xiaomi Redmi 9 Smartphone\" width=\"1509\" height=\"676\" \/><img loading=\"lazy\" decoding=\"async\" class=\"alignnone size-full wp-image-13695\" src=\"\/wp-content\/uploads\/replace\/4bc8e285023d982ad165ca8b08071d42.png\" alt=\"Xiaomi Redmi 9 Smartphone\" width=\"1478\" height=\"667\" \/><img loading=\"lazy\" decoding=\"async\" class=\"alignnone size-full wp-image-13697\" src=\"\/wp-content\/uploads\/replace\/22aabfdeba04baee05c330d0ad0c43db.jpeg\" alt=\"Xiaomi Redmi 9 Smartphone\" width=\"1538\" height=\"671\" \/><img loading=\"lazy\" decoding=\"async\" class=\"alignnone size-full wp-image-13698\" src=\"\/wp-content\/uploads\/replace\/33d69d95b525bf3e50439b01bcc08ca5.jpeg\" alt=\"Xiaomi Redmi 9 Smartphone\" width=\"1559\" height=\"666\" \/><img loading=\"lazy\" decoding=\"async\" class=\"alignnone size-full wp-image-13699\" src=\"\/wp-content\/uploads\/replace\/a00f9b2055ecea43914d440444b75729.jpeg\" alt=\"Xiaomi Redmi 9 Smartphone\" width=\"1569\" height=\"665\" \/><img loading=\"lazy\" decoding=\"async\" class=\"alignnone size-full wp-image-13700\" src=\"\/wp-content\/uploads\/replace\/dc820c9b77823c51958bb39b6efd9ae6.jpeg\" alt=\"Xiaomi Redmi 9 Smartphone\" width=\"1390\" height=\"683\" \/><img loading=\"lazy\" decoding=\"async\" class=\"alignnone size-full wp-image-13701\" src=\"\/wp-content\/uploads\/replace\/02280125c8f2b1c40689a5f01f0aa3bf.jpeg\" alt=\"Xiaomi Redmi 9 Smartphone\" width=\"1542\" height=\"675\" \/> Redmi 9 UE<\/p>","protected":false},"excerpt":{"rendered":"<p class=\"textDescTitle\"><strong>Principales caracter\u00edsticas:<\/strong><\/p>\n<p class=\"textDescContent\">La bestia del rendimiento<br \/>\nEl Redmi Note 9S ofrece un rendimiento verdaderamente bestial en todos los aspectos. Este tel\u00e9fono inteligente cuenta con un impresionante conjunto de c\u00e1maras cu\u00e1druples de 48 MP que combina un potente sensor primario de 48 MP, una lente ultra gran angular de 8 MP, una lente macro de 5 MP y una lente macro de 2 MP, para que est\u00e9 listo para hacer clic en cualquier condici\u00f3n. Con tecnolog\u00eda de Qualcomm\u00ae Snapdragon\u2122 720G, jugar es eficiente y sin esfuerzo. Trabaja y juega sin interrupciones con la enorme bater\u00eda de 5020 mAh que viene acompa\u00f1ada del cargador r\u00e1pido de 18 W.<\/p>","protected":false},"featured_media":22915,"template":"","meta":[],"product_brand":[],"product_cat":[1295,1297],"product_tag":[784],"class_list":{"0":"post-22802","1":"product","2":"type-product","3":"status-publish","4":"has-post-thumbnail","6":"product_cat-mobile-phone","7":"product_cat-redmi-mobile-phone","8":"product_tag-redmi-9","10":"first","11":"instock","12":"shipping-taxable","13":"product-type-external"},"aioseo_notices":[],"aioseo_head":"\n\t\t<!-- All in One SEO Pro 4.5.9.2 - aioseo.com -->\n\t\t<meta name=\"description\" content=\"Main Features: The Performance Beast The Redmi Note 9S offers a truly beast performance in every department. This smartphone features an impressive 48MP Quad Camera Array that combines a powerful 48MP primary sensor, a 8MP ultra-wide angle lens, a 5MP macro lens and a 2MP macro lens, so you are ready to click in any condition. Powered by the Qualcomm\u00ae Snapdragon\u2122 720G, gaming is effortless and efficient. Work and play uninterrupted with the huge 5020mAh battery that is accompanied by the 18W Fast Charger.\" \/>\n\t\t<meta name=\"robots\" content=\"max-image-preview:large\" \/>\n\t\t<link rel=\"canonical\" href=\"https:\/\/www.rucashk.com\/es\/producto\/xiaomi-redmi-9-smartphone\/\" \/>\n\t\t<meta name=\"generator\" content=\"All in One SEO Pro (AIOSEO) 4.5.9.2\" \/>\n\t\t<meta property=\"og:locale\" content=\"es_ES\" \/>\n\t\t<meta property=\"og:site_name\" content=\"Rucas - One-stop AIoT Distribution Worldwide\" \/>\n\t\t<meta property=\"og:type\" content=\"article\" \/>\n\t\t<meta property=\"og:title\" content=\"Xiaomi Redmi 9 Smartphone - Rucas - Wholesale and Distribution\" \/>\n\t\t<meta property=\"og:description\" content=\"Main Features: The Performance Beast The Redmi Note 9S offers a truly beast performance in every department. This smartphone features an impressive 48MP Quad Camera Array that combines a powerful 48MP primary sensor, a 8MP ultra-wide angle lens, a 5MP macro lens and a 2MP macro lens, so you are ready to click in any condition. Powered by the Qualcomm\u00ae Snapdragon\u2122 720G, gaming is effortless and efficient. Work and play uninterrupted with the huge 5020mAh battery that is accompanied by the 18W Fast Charger.\" \/>\n\t\t<meta property=\"og:url\" content=\"https:\/\/www.rucashk.com\/es\/producto\/xiaomi-redmi-9-smartphone\/\" \/>\n\t\t<meta property=\"og:image\" content=\"https:\/\/www.rucashk.com\/wp-content\/uploads\/replace\/503b8e645f128a97ccde2b6290747646.jpeg\" \/>\n\t\t<meta property=\"og:image:secure_url\" content=\"https:\/\/www.rucashk.com\/wp-content\/uploads\/replace\/503b8e645f128a97ccde2b6290747646.jpeg\" \/>\n\t\t<meta property=\"og:image:width\" content=\"1456\" \/>\n\t\t<meta property=\"og:image:height\" content=\"816\" \/>\n\t\t<meta property=\"article:published_time\" content=\"2024-01-09T15:48:22+00:00\" \/>\n\t\t<meta property=\"article:modified_time\" content=\"2024-03-13T08:49:10+00:00\" \/>\n\t\t<meta name=\"twitter:card\" content=\"summary_large_image\" \/>\n\t\t<meta name=\"twitter:title\" content=\"Xiaomi Redmi 9 Smartphone - Rucas - Wholesale and Distribution\" \/>\n\t\t<meta name=\"twitter:description\" content=\"Main Features: The Performance Beast The Redmi Note 9S offers a truly beast performance in every department. This smartphone features an impressive 48MP Quad Camera Array that combines a powerful 48MP primary sensor, a 8MP ultra-wide angle lens, a 5MP macro lens and a 2MP macro lens, so you are ready to click in any condition. Powered by the Qualcomm\u00ae Snapdragon\u2122 720G, gaming is effortless and efficient. Work and play uninterrupted with the huge 5020mAh battery that is accompanied by the 18W Fast Charger.\" \/>\n\t\t<meta name=\"twitter:image\" content=\"https:\/\/www.rucashk.com\/wp-content\/uploads\/replace\/503b8e645f128a97ccde2b6290747646.jpeg\" \/>\n\t\t<script type=\"application\/ld+json\" class=\"aioseo-schema\">\n\t\t\t{\"@context\":\"https:\\\/\\\/schema.org\",\"@graph\":[{\"@type\":\"BreadcrumbList\",\"@id\":\"https:\\\/\\\/www.rucashk.com\\\/es\\\/producto\\\/xiaomi-redmi-9-smartphone\\\/#breadcrumblist\",\"itemListElement\":[{\"@type\":\"ListItem\",\"@id\":\"https:\\\/\\\/www.rucashk.com\\\/es\\\/#listItem\",\"position\":1,\"name\":\"Home\",\"item\":\"https:\\\/\\\/www.rucashk.com\\\/es\\\/\",\"nextItem\":\"https:\\\/\\\/www.rucashk.com\\\/es\\\/producto\\\/xiaomi-redmi-9-smartphone\\\/#listItem\"},{\"@type\":\"ListItem\",\"@id\":\"https:\\\/\\\/www.rucashk.com\\\/es\\\/producto\\\/xiaomi-redmi-9-smartphone\\\/#listItem\",\"position\":2,\"name\":\"Xiaomi Redmi 9 Smartphone\",\"previousItem\":\"https:\\\/\\\/www.rucashk.com\\\/es\\\/#listItem\"}]},{\"@type\":\"Organization\",\"@id\":\"https:\\\/\\\/www.rucashk.com\\\/es\\\/#organization\",\"name\":\"Rucas\",\"url\":\"https:\\\/\\\/www.rucashk.com\\\/es\\\/\",\"logo\":{\"@type\":\"ImageObject\",\"url\":\"https:\\\/\\\/www.rucashk.com\\\/wp-content\\\/uploads\\\/2023\\\/12\\\/Rucas_campany_logo.png\",\"@id\":\"https:\\\/\\\/www.rucashk.com\\\/es\\\/producto\\\/xiaomi-redmi-9-smartphone\\\/#organizationLogo\",\"width\":221,\"height\":65},\"image\":{\"@id\":\"https:\\\/\\\/www.rucashk.com\\\/es\\\/#organizationLogo\"}},{\"@type\":\"Person\",\"@id\":\"https:\\\/\\\/www.rucashk.com\\\/es\\\/author\\\/admin\\\/#author\",\"url\":\"https:\\\/\\\/www.rucashk.com\\\/es\\\/author\\\/admin\\\/\",\"name\":\"admin\",\"image\":{\"@type\":\"ImageObject\",\"@id\":\"https:\\\/\\\/www.rucashk.com\\\/es\\\/producto\\\/xiaomi-redmi-9-smartphone\\\/#authorImage\",\"url\":\"https:\\\/\\\/secure.gravatar.com\\\/avatar\\\/b7c8925b09a27e72b30232f8ecaadbd5af0f70a38c78096863fe51b64f031c24?s=96&d=mm&r=g\",\"width\":96,\"height\":96,\"caption\":\"admin\"}},{\"@type\":\"WebPage\",\"@id\":\"https:\\\/\\\/www.rucashk.com\\\/es\\\/producto\\\/xiaomi-redmi-9-smartphone\\\/#webpage\",\"url\":\"https:\\\/\\\/www.rucashk.com\\\/es\\\/producto\\\/xiaomi-redmi-9-smartphone\\\/\",\"name\":\"Xiaomi Redmi 9 Smartphone - Rucas - Wholesale and Distribution\",\"description\":\"Main Features: The Performance Beast The Redmi Note 9S offers a truly beast performance in every department. This smartphone features an impressive 48MP Quad Camera Array that combines a powerful 48MP primary sensor, a 8MP ultra-wide angle lens, a 5MP macro lens and a 2MP macro lens, so you are ready to click in any condition. Powered by the Qualcomm\\u00ae Snapdragon\\u2122 720G, gaming is effortless and efficient. Work and play uninterrupted with the huge 5020mAh battery that is accompanied by the 18W Fast Charger.\",\"inLanguage\":\"es-ES\",\"isPartOf\":{\"@id\":\"https:\\\/\\\/www.rucashk.com\\\/es\\\/#website\"},\"breadcrumb\":{\"@id\":\"https:\\\/\\\/www.rucashk.com\\\/es\\\/producto\\\/xiaomi-redmi-9-smartphone\\\/#breadcrumblist\"},\"author\":{\"@id\":\"https:\\\/\\\/www.rucashk.com\\\/es\\\/author\\\/admin\\\/#author\"},\"creator\":{\"@id\":\"https:\\\/\\\/www.rucashk.com\\\/es\\\/author\\\/admin\\\/#author\"},\"image\":{\"@type\":\"ImageObject\",\"url\":\"https:\\\/\\\/www.rucashk.com\\\/wp-content\\\/uploads\\\/2024\\\/01\\\/7_\\u526f\\u672c-2.jpg\",\"@id\":\"https:\\\/\\\/www.rucashk.com\\\/es\\\/producto\\\/xiaomi-redmi-9-smartphone\\\/#mainImage\",\"width\":800,\"height\":800},\"primaryImageOfPage\":{\"@id\":\"https:\\\/\\\/www.rucashk.com\\\/es\\\/producto\\\/xiaomi-redmi-9-smartphone\\\/#mainImage\"},\"datePublished\":\"2024-01-09T15:48:22+00:00\",\"dateModified\":\"2024-03-13T08:49:10+00:00\"},{\"@type\":\"WebSite\",\"@id\":\"https:\\\/\\\/www.rucashk.com\\\/es\\\/#website\",\"url\":\"https:\\\/\\\/www.rucashk.com\\\/es\\\/\",\"name\":\"Rucas - Wholesale and distribution worldwide\",\"alternateName\":\"Rucas - One-stop AIoT Distribution Worldwide\",\"description\":\"One-stop AIoT Distribution Worldwide\",\"inLanguage\":\"es-ES\",\"publisher\":{\"@id\":\"https:\\\/\\\/www.rucashk.com\\\/es\\\/#organization\"}}]}\n\t\t<\/script>\n\t\t<!-- All in One SEO Pro -->\r\n\t\t<title>Xiaomi Redmi 9 Smartphone - Rucas - Wholesale and Distribution<\/title>\n\n","aioseo_head_json":{"title":"Xiaomi Redmi 9 Smartphone - Rucas - Wholesale and Distribution","description":"Main Features: The Performance Beast The Redmi Note 9S offers a truly beast performance in every department. This smartphone features an impressive 48MP Quad Camera Array that combines a powerful 48MP primary sensor, a 8MP ultra-wide angle lens, a 5MP macro lens and a 2MP macro lens, so you are ready to click in any condition. Powered by the Qualcomm\u00ae Snapdragon\u2122 720G, gaming is effortless and efficient. Work and play uninterrupted with the huge 5020mAh battery that is accompanied by the 18W Fast Charger.","canonical_url":"https:\/\/www.rucashk.com\/es\/producto\/xiaomi-redmi-9-smartphone\/","robots":"max-image-preview:large","keywords":"","webmasterTools":{"miscellaneous":""},"og:locale":"es_ES","og:site_name":"Rucas - One-stop AIoT Distribution Worldwide","og:type":"article","og:title":"Xiaomi Redmi 9 Smartphone - Rucas - Wholesale and Distribution","og:description":"Main Features: The Performance Beast The Redmi Note 9S offers a truly beast performance in every department. This smartphone features an impressive 48MP Quad Camera Array that combines a powerful 48MP primary sensor, a 8MP ultra-wide angle lens, a 5MP macro lens and a 2MP macro lens, so you are ready to click in any condition. Powered by the Qualcomm\u00ae Snapdragon\u2122 720G, gaming is effortless and efficient. Work and play uninterrupted with the huge 5020mAh battery that is accompanied by the 18W Fast Charger.","og:url":"https:\/\/www.rucashk.com\/es\/producto\/xiaomi-redmi-9-smartphone\/","og:image":"https:\/\/www.rucashk.com\/wp-content\/uploads\/replace\/503b8e645f128a97ccde2b6290747646.jpeg","og:image:secure_url":"https:\/\/www.rucashk.com\/wp-content\/uploads\/replace\/503b8e645f128a97ccde2b6290747646.jpeg","og:image:width":1456,"og:image:height":816,"article:published_time":"2024-01-09T15:48:22+00:00","article:modified_time":"2024-03-13T08:49:10+00:00","twitter:card":"summary_large_image","twitter:title":"Xiaomi Redmi 9 Smartphone - Rucas - Wholesale and Distribution","twitter:description":"Main Features: The Performance Beast The Redmi Note 9S offers a truly beast performance in every department. This smartphone features an impressive 48MP Quad Camera Array that combines a powerful 48MP primary sensor, a 8MP ultra-wide angle lens, a 5MP macro lens and a 2MP macro lens, so you are ready to click in any condition. Powered by the Qualcomm\u00ae Snapdragon\u2122 720G, gaming is effortless and efficient. Work and play uninterrupted with the huge 5020mAh battery that is accompanied by the 18W Fast Charger.","twitter:image":"https:\/\/www.rucashk.com\/wp-content\/uploads\/replace\/503b8e645f128a97ccde2b6290747646.jpeg","schema":{"@context":"https:\/\/schema.org","@graph":[{"@type":"BreadcrumbList","@id":"https:\/\/www.rucashk.com\/es\/producto\/xiaomi-redmi-9-smartphone\/#breadcrumblist","itemListElement":[{"@type":"ListItem","@id":"https:\/\/www.rucashk.com\/es\/#listItem","position":1,"name":"Home","item":"https:\/\/www.rucashk.com\/es\/","nextItem":"https:\/\/www.rucashk.com\/es\/producto\/xiaomi-redmi-9-smartphone\/#listItem"},{"@type":"ListItem","@id":"https:\/\/www.rucashk.com\/es\/producto\/xiaomi-redmi-9-smartphone\/#listItem","position":2,"name":"Xiaomi Redmi 9 Smartphone","previousItem":"https:\/\/www.rucashk.com\/es\/#listItem"}]},{"@type":"Organization","@id":"https:\/\/www.rucashk.com\/es\/#organization","name":"Rucas","url":"https:\/\/www.rucashk.com\/es\/","logo":{"@type":"ImageObject","url":"https:\/\/www.rucashk.com\/wp-content\/uploads\/2023\/12\/Rucas_campany_logo.png","@id":"https:\/\/www.rucashk.com\/es\/producto\/xiaomi-redmi-9-smartphone\/#organizationLogo","width":221,"height":65},"image":{"@id":"https:\/\/www.rucashk.com\/es\/#organizationLogo"}},{"@type":"Person","@id":"https:\/\/www.rucashk.com\/es\/author\/admin\/#author","url":"https:\/\/www.rucashk.com\/es\/author\/admin\/","name":"admin","image":{"@type":"ImageObject","@id":"https:\/\/www.rucashk.com\/es\/producto\/xiaomi-redmi-9-smartphone\/#authorImage","url":"https:\/\/secure.gravatar.com\/avatar\/b7c8925b09a27e72b30232f8ecaadbd5af0f70a38c78096863fe51b64f031c24?s=96&d=mm&r=g","width":96,"height":96,"caption":"admin"}},{"@type":"WebPage","@id":"https:\/\/www.rucashk.com\/es\/producto\/xiaomi-redmi-9-smartphone\/#webpage","url":"https:\/\/www.rucashk.com\/es\/producto\/xiaomi-redmi-9-smartphone\/","name":"Xiaomi Redmi 9 Smartphone - Rucas - Wholesale and Distribution","description":"Main Features: The Performance Beast The Redmi Note 9S offers a truly beast performance in every department. This smartphone features an impressive 48MP Quad Camera Array that combines a powerful 48MP primary sensor, a 8MP ultra-wide angle lens, a 5MP macro lens and a 2MP macro lens, so you are ready to click in any condition. Powered by the Qualcomm\u00ae Snapdragon\u2122 720G, gaming is effortless and efficient. Work and play uninterrupted with the huge 5020mAh battery that is accompanied by the 18W Fast Charger.","inLanguage":"es-ES","isPartOf":{"@id":"https:\/\/www.rucashk.com\/es\/#website"},"breadcrumb":{"@id":"https:\/\/www.rucashk.com\/es\/producto\/xiaomi-redmi-9-smartphone\/#breadcrumblist"},"author":{"@id":"https:\/\/www.rucashk.com\/es\/author\/admin\/#author"},"creator":{"@id":"https:\/\/www.rucashk.com\/es\/author\/admin\/#author"},"image":{"@type":"ImageObject","url":"https:\/\/www.rucashk.com\/wp-content\/uploads\/2024\/01\/7_\u526f\u672c-2.jpg","@id":"https:\/\/www.rucashk.com\/es\/producto\/xiaomi-redmi-9-smartphone\/#mainImage","width":800,"height":800},"primaryImageOfPage":{"@id":"https:\/\/www.rucashk.com\/es\/producto\/xiaomi-redmi-9-smartphone\/#mainImage"},"datePublished":"2024-01-09T15:48:22+00:00","dateModified":"2024-03-13T08:49:10+00:00"},{"@type":"WebSite","@id":"https:\/\/www.rucashk.com\/es\/#website","url":"https:\/\/www.rucashk.com\/es\/","name":"Rucas - Wholesale and distribution worldwide","alternateName":"Rucas - One-stop AIoT Distribution Worldwide","description":"One-stop AIoT Distribution Worldwide","inLanguage":"es-ES","publisher":{"@id":"https:\/\/www.rucashk.com\/es\/#organization"}}]}},"aioseo_meta_data":{"post_id":"22802","title":null,"description":null,"keywords":null,"keyphrases":null,"primary_term":null,"canonical_url":null,"og_title":null,"og_description":null,"og_object_type":"default","og_image_type":"default","og_image_url":null,"og_image_width":null,"og_image_height":null,"og_image_custom_url":null,"og_image_custom_fields":null,"og_video":null,"og_custom_url":null,"og_article_section":null,"og_article_tags":null,"twitter_use_og":false,"twitter_card":"default","twitter_image_type":"default","twitter_image_url":null,"twitter_image_custom_url":null,"twitter_image_custom_fields":null,"twitter_title":null,"twitter_description":null,"schema":{"blockGraphs":[],"customGraphs":[],"default":{"data":{"Article":[],"Course":[],"Dataset":[],"FAQPage":[],"Movie":[],"Person":[],"Product":[],"Recipe":[],"Service":[],"SoftwareApplication":[],"WebPage":[]},"graphName":"","isEnabled":true},"graphs":[]},"schema_type":"default","schema_type_options":null,"pillar_content":false,"robots_default":true,"robots_noindex":false,"robots_noarchive":false,"robots_nosnippet":false,"robots_nofollow":false,"robots_noimageindex":false,"robots_noodp":false,"robots_notranslate":false,"robots_max_snippet":null,"robots_max_videopreview":null,"robots_max_imagepreview":"large","priority":null,"frequency":null,"local_seo":null,"breadcrumb_settings":null,"limit_modified_date":false,"created":"2024-04-11 01:55:24","updated":"2025-06-22 16:51:58"},"aioseo_breadcrumb":"<div class=\"aioseo-breadcrumbs\"><span class=\"aioseo-breadcrumb\">\n\t<a href=\"https:\/\/www.rucashk.com\/es\" title=\"Home\">Home<\/a>\n<\/span><span class=\"aioseo-breadcrumb-separator\">&raquo;<\/span><span class=\"aioseo-breadcrumb\">\n\t<a href=\"https:\/\/www.rucashk.com\/es\/products\/\" title=\"Productos\">Productos<\/a>\n<\/span><span class=\"aioseo-breadcrumb-separator\">&raquo;<\/span><span class=\"aioseo-breadcrumb\">\n\t<a href=\"https:\/\/www.rucashk.com\/es\/categoria-producto\/mobile-phone\/\" title=\"Mobile Phone\">Mobile Phone<\/a>\n<\/span><span class=\"aioseo-breadcrumb-separator\">&raquo;<\/span><span class=\"aioseo-breadcrumb\">\n\t<a href=\"https:\/\/www.rucashk.com\/es\/categoria-producto\/mobile-phone\/redmi-mobile-phone\/\" title=\"Redmi\">Redmi<\/a>\n<\/span><span class=\"aioseo-breadcrumb-separator\">&raquo;<\/span><span class=\"aioseo-breadcrumb\">\n\tXiaomi Redmi 9 Smartphone\n<\/span><\/div>","aioseo_breadcrumb_json":[{"label":"Home","link":"https:\/\/www.rucashk.com\/es"},{"label":"Productos","link":"https:\/\/www.rucashk.com\/es\/products\/"},{"label":"Mobile Phone","link":"https:\/\/www.rucashk.com\/es\/categoria-producto\/mobile-phone\/"},{"label":"Redmi","link":"https:\/\/www.rucashk.com\/es\/categoria-producto\/mobile-phone\/redmi-mobile-phone\/"},{"label":"Xiaomi Redmi 9 Smartphone","link":"https:\/\/www.rucashk.com\/es\/producto\/xiaomi-redmi-9-smartphone\/"}],"_links":{"self":[{"href":"https:\/\/www.rucashk.com\/es\/wp-json\/wp\/v2\/product\/22802","targetHints":{"allow":["GET"]}}],"collection":[{"href":"https:\/\/www.rucashk.com\/es\/wp-json\/wp\/v2\/product"}],"about":[{"href":"https:\/\/www.rucashk.com\/es\/wp-json\/wp\/v2\/types\/product"}],"wp:featuredmedia":[{"embeddable":true,"href":"https:\/\/www.rucashk.com\/es\/wp-json\/wp\/v2\/media\/22915"}],"wp:attachment":[{"href":"https:\/\/www.rucashk.com\/es\/wp-json\/wp\/v2\/media?parent=22802"}],"wp:term":[{"taxonomy":"product_brand","embeddable":true,"href":"https:\/\/www.rucashk.com\/es\/wp-json\/wp\/v2\/product_brand?post=22802"},{"taxonomy":"product_cat","embeddable":true,"href":"https:\/\/www.rucashk.com\/es\/wp-json\/wp\/v2\/product_cat?post=22802"},{"taxonomy":"product_tag","embeddable":true,"href":"https:\/\/www.rucashk.com\/es\/wp-json\/wp\/v2\/product_tag?post=22802"}],"curies":[{"name":"wp","href":"https:\/\/api.w.org\/{rel}","templated":true}]}}