{"id":22766,"date":"2024-01-09T15:47:58","date_gmt":"2024-01-09T15:47:58","guid":{"rendered":"http:\/\/rucashk.com\/?post_type=product&#038;p=22766"},"modified":"2024-03-13T09:55:55","modified_gmt":"2024-03-13T09:55:55","slug":"xiaomi-water-tap-purifier","status":"publish","type":"product","link":"https:\/\/www.rucashk.com\/es\/producto\/xiaomi-water-tap-purifier\/","title":{"rendered":"Purificador de agua para grifo Xiaomi"},"content":{"rendered":"<p><img decoding=\"async\" alt=\"Xiaomi Water Tap Purifier\" src=\"\/wp-content\/uploads\/replace\/2490dd062bf8e0989a27eded4c58d116.jpeg\" \/><\/p>\n<p class=\"detail-desc-decorate-title\" data-spm-anchor-id=\"a2g0o.detail.1000023.i4.16865f4e2YjYVB\">Par\u00e1metros<\/p>\n<p class=\"detail-desc-decorate-content\" data-spm-anchor-id=\"a2g0o.detail.1000023.i3.16865f4e2YjYVB\">Nombre del producto: Purificador de agua del grifo Mijia MUL11 Modelo del producto: MUL11 Tama\u00f1o del producto: 145 mm x 54 mm x 71 mm Peso neto: 537 g Valor de adsorci\u00f3n de yodo: \u2265 1000 mg\/g Precisi\u00f3n del carb\u00f3n activado: malla 50-100 Precisi\u00f3n del filtrado: 0,1 um Temperatura del agua aplicable: 4 \u2103 \u2013 38 C Presi\u00f3n de trabajo: 0,1-0,4 MPa Est\u00e1ndar ejecutivo: Q\/BJZMK0017-2020 Precauciones: Limpie y reemplace el elemento filtrante con regularidad.<\/p>\n<p data-spm-anchor-id=\"a2g0o.detail.1000023.i3.16865f4e2YjYVB\"><img decoding=\"async\" alt=\"Xiaomi Water Tap Purifier\" src=\"\/wp-content\/uploads\/replace\/4ace592db3f0ba595c0483be48dc91d7.jpeg\" \/><img decoding=\"async\" alt=\"Xiaomi Water Tap Purifier\" src=\"\/wp-content\/uploads\/replace\/24e1000cdb8bb1376988a2a5d466e910.jpeg\" \/><img decoding=\"async\" alt=\"Xiaomi Water Tap Purifier\" src=\"\/wp-content\/uploads\/replace\/8ea03fd190babe29b0044bfa5b6dbcbd.jpeg\" \/><img decoding=\"async\" alt=\"Xiaomi Water Tap Purifier\" src=\"\/wp-content\/uploads\/replace\/b3841a732873bd29ec0b2a120c47f41a.jpeg\" \/><img decoding=\"async\" alt=\"Xiaomi Water Tap Purifier\" src=\"\/wp-content\/uploads\/replace\/27a2535ece655d1eae7e6d829668496c.jpeg\" \/><img decoding=\"async\" alt=\"Xiaomi Water Tap Purifier\" src=\"\/wp-content\/uploads\/replace\/66c2779a40c6b730c40d873b94c8656b.jpeg\" \/><img decoding=\"async\" alt=\"Xiaomi Water Tap Purifier\" src=\"\/wp-content\/uploads\/replace\/ca75b4984837e0e19358f25bdb2adc79.jpeg\" \/><img decoding=\"async\" alt=\"Xiaomi Water Tap Purifier\" src=\"\/wp-content\/uploads\/replace\/162fb5d5072df3c0d6cf6ba8b66e0a33.jpeg\" \/><img decoding=\"async\" alt=\"Xiaomi Water Tap Purifier\" src=\"\/wp-content\/uploads\/replace\/cbe2f24d0f137967147201c406fe392d.jpeg\" \/><img decoding=\"async\" alt=\"Xiaomi Water Tap Purifier\" src=\"\/wp-content\/uploads\/replace\/3ff0c6727e84e0baae39a251d08210fb.jpeg\" \/><img decoding=\"async\" alt=\"Xiaomi Water Tap Purifier\" src=\"\/wp-content\/uploads\/replace\/6720c170b892720aad233c7c680834eb.jpeg\" \/><img decoding=\"async\" alt=\"Xiaomi Water Tap Purifier\" src=\"\/wp-content\/uploads\/replace\/f3868c5efd0f1aeb99ddda1aff0cf489.jpeg\" \/><img decoding=\"async\" alt=\"Xiaomi Water Tap Purifier\" src=\"\/wp-content\/uploads\/replace\/ea0cca8e13253bf938dd23259ac26d91.jpeg\" \/><\/p>","protected":false},"excerpt":{"rendered":"<p class=\"detail-desc-decorate-title\">Puntos de venta detallados<\/p>\n<p class=\"detail-desc-decorate-content\" data-spm-anchor-id=\"a2g0o.detail.1000023.i18.16865f4e2YjYVB\">\u2022 Filtraci\u00f3n eficiente Elimina bacterias y fl\u00faor residual y retiene sustancias beneficiosas.<\/p>\n<p class=\"detail-desc-decorate-content\" data-spm-anchor-id=\"a2g0o.detail.1000023.i18.16865f4e2YjYVB\">\u2022 Filtraci\u00f3n de 4 capas Purificaci\u00f3n profunda, disfruta de agua de alta calidad.<\/p>\n<p class=\"detail-desc-decorate-content\" data-spm-anchor-id=\"a2g0o.detail.1000023.i18.16865f4e2YjYVB\">\u2022 Ventanas transparentes Observe la cantidad restante de elemento filtrante.<\/p>\n<p class=\"detail-desc-decorate-content\" data-spm-anchor-id=\"a2g0o.detail.1000023.i18.16865f4e2YjYVB\">\u2022 Tres tipos de modos de salida de agua Satisfacen diversas demandas de agua.<\/p>\n<p class=\"detail-desc-decorate-content\" data-spm-anchor-id=\"a2g0o.detail.1000023.i18.16865f4e2YjYVB\">\u2022 Instalaci\u00f3n r\u00e1pida en tres pasos. F\u00e1cil y conveniente, filtra agua de alta calidad.<\/p>","protected":false},"featured_media":22879,"template":"","meta":[],"product_brand":[],"product_cat":[1318,1305],"product_tag":[776],"class_list":{"0":"post-22766","1":"product","2":"type-product","3":"status-publish","4":"has-post-thumbnail","6":"product_cat-gadgets","7":"product_cat-xiaomi-eco","8":"product_tag-xiaomi-water-tap-purifier","10":"first","11":"instock","12":"shipping-taxable","13":"product-type-external"},"aioseo_notices":[],"aioseo_head":"\n\t\t<!-- All in One SEO Pro 4.5.9.2 - aioseo.com -->\n\t\t<meta name=\"description\" content=\"Detailed selling points \u2022 Efficient filtration Remove bacteria and residual fluorine, and retain beneficial substances. \u2022 4-layer filtration Deep purification, enjoy high quality water. \u2022 Transparent windows Observe the remaining amount of filter element. \u2022 Three kinds of water outlet modes Meet various water demands. \u2022 Three step quick installation. Easy and convenient, filter out high quality water.\" \/>\n\t\t<meta name=\"robots\" content=\"max-image-preview:large\" \/>\n\t\t<link rel=\"canonical\" href=\"https:\/\/www.rucashk.com\/es\/producto\/xiaomi-water-tap-purifier\/\" \/>\n\t\t<meta name=\"generator\" content=\"All in One SEO Pro (AIOSEO) 4.5.9.2\" \/>\n\t\t<meta property=\"og:locale\" content=\"es_ES\" \/>\n\t\t<meta property=\"og:site_name\" content=\"Rucas - One-stop AIoT Distribution Worldwide\" \/>\n\t\t<meta property=\"og:type\" content=\"article\" \/>\n\t\t<meta property=\"og:title\" content=\"Xiaomi Water Tap Purifier - Rucas - Wholesale and Distribution\" \/>\n\t\t<meta property=\"og:description\" content=\"Detailed selling points \u2022 Efficient filtration Remove bacteria and residual fluorine, and retain beneficial substances. \u2022 4-layer filtration Deep purification, enjoy high quality water. \u2022 Transparent windows Observe the remaining amount of filter element. \u2022 Three kinds of water outlet modes Meet various water demands. \u2022 Three step quick installation. Easy and convenient, filter out high quality water.\" \/>\n\t\t<meta property=\"og:url\" content=\"https:\/\/www.rucashk.com\/es\/producto\/xiaomi-water-tap-purifier\/\" \/>\n\t\t<meta property=\"og:image\" content=\"https:\/\/www.rucashk.com\/wp-content\/uploads\/replace\/503b8e645f128a97ccde2b6290747646.jpeg\" \/>\n\t\t<meta property=\"og:image:secure_url\" content=\"https:\/\/www.rucashk.com\/wp-content\/uploads\/replace\/503b8e645f128a97ccde2b6290747646.jpeg\" \/>\n\t\t<meta property=\"og:image:width\" content=\"1456\" \/>\n\t\t<meta property=\"og:image:height\" content=\"816\" \/>\n\t\t<meta property=\"article:published_time\" content=\"2024-01-09T15:47:58+00:00\" \/>\n\t\t<meta property=\"article:modified_time\" content=\"2024-03-13T09:55:55+00:00\" \/>\n\t\t<meta name=\"twitter:card\" content=\"summary_large_image\" \/>\n\t\t<meta name=\"twitter:title\" content=\"Xiaomi Water Tap Purifier - Rucas - Wholesale and Distribution\" \/>\n\t\t<meta name=\"twitter:description\" content=\"Detailed selling points \u2022 Efficient filtration Remove bacteria and residual fluorine, and retain beneficial substances. \u2022 4-layer filtration Deep purification, enjoy high quality water. \u2022 Transparent windows Observe the remaining amount of filter element. \u2022 Three kinds of water outlet modes Meet various water demands. \u2022 Three step quick installation. Easy and convenient, filter out high quality water.\" \/>\n\t\t<meta name=\"twitter:image\" content=\"https:\/\/www.rucashk.com\/wp-content\/uploads\/replace\/503b8e645f128a97ccde2b6290747646.jpeg\" \/>\n\t\t<script type=\"application\/ld+json\" class=\"aioseo-schema\">\n\t\t\t{\"@context\":\"https:\\\/\\\/schema.org\",\"@graph\":[{\"@type\":\"BreadcrumbList\",\"@id\":\"https:\\\/\\\/www.rucashk.com\\\/es\\\/producto\\\/xiaomi-water-tap-purifier\\\/#breadcrumblist\",\"itemListElement\":[{\"@type\":\"ListItem\",\"@id\":\"https:\\\/\\\/www.rucashk.com\\\/es\\\/#listItem\",\"position\":1,\"name\":\"Home\",\"item\":\"https:\\\/\\\/www.rucashk.com\\\/es\\\/\",\"nextItem\":\"https:\\\/\\\/www.rucashk.com\\\/es\\\/producto\\\/xiaomi-water-tap-purifier\\\/#listItem\"},{\"@type\":\"ListItem\",\"@id\":\"https:\\\/\\\/www.rucashk.com\\\/es\\\/producto\\\/xiaomi-water-tap-purifier\\\/#listItem\",\"position\":2,\"name\":\"Xiaomi Water Tap Purifier\",\"previousItem\":\"https:\\\/\\\/www.rucashk.com\\\/es\\\/#listItem\"}]},{\"@type\":\"Organization\",\"@id\":\"https:\\\/\\\/www.rucashk.com\\\/es\\\/#organization\",\"name\":\"Rucas\",\"url\":\"https:\\\/\\\/www.rucashk.com\\\/es\\\/\",\"logo\":{\"@type\":\"ImageObject\",\"url\":\"https:\\\/\\\/www.rucashk.com\\\/wp-content\\\/uploads\\\/2023\\\/12\\\/Rucas_campany_logo.png\",\"@id\":\"https:\\\/\\\/www.rucashk.com\\\/es\\\/producto\\\/xiaomi-water-tap-purifier\\\/#organizationLogo\",\"width\":221,\"height\":65},\"image\":{\"@id\":\"https:\\\/\\\/www.rucashk.com\\\/es\\\/#organizationLogo\"}},{\"@type\":\"Person\",\"@id\":\"https:\\\/\\\/www.rucashk.com\\\/es\\\/author\\\/admin\\\/#author\",\"url\":\"https:\\\/\\\/www.rucashk.com\\\/es\\\/author\\\/admin\\\/\",\"name\":\"admin\",\"image\":{\"@type\":\"ImageObject\",\"@id\":\"https:\\\/\\\/www.rucashk.com\\\/es\\\/producto\\\/xiaomi-water-tap-purifier\\\/#authorImage\",\"url\":\"https:\\\/\\\/secure.gravatar.com\\\/avatar\\\/b7c8925b09a27e72b30232f8ecaadbd5af0f70a38c78096863fe51b64f031c24?s=96&d=mm&r=g\",\"width\":96,\"height\":96,\"caption\":\"admin\"}},{\"@type\":\"WebPage\",\"@id\":\"https:\\\/\\\/www.rucashk.com\\\/es\\\/producto\\\/xiaomi-water-tap-purifier\\\/#webpage\",\"url\":\"https:\\\/\\\/www.rucashk.com\\\/es\\\/producto\\\/xiaomi-water-tap-purifier\\\/\",\"name\":\"Xiaomi Water Tap Purifier - Rucas - Wholesale and Distribution\",\"description\":\"Detailed selling points \\u2022 Efficient filtration Remove bacteria and residual fluorine, and retain beneficial substances. \\u2022 4-layer filtration Deep purification, enjoy high quality water. \\u2022 Transparent windows Observe the remaining amount of filter element. \\u2022 Three kinds of water outlet modes Meet various water demands. \\u2022 Three step quick installation. Easy and convenient, filter out high quality water.\",\"inLanguage\":\"es-ES\",\"isPartOf\":{\"@id\":\"https:\\\/\\\/www.rucashk.com\\\/es\\\/#website\"},\"breadcrumb\":{\"@id\":\"https:\\\/\\\/www.rucashk.com\\\/es\\\/producto\\\/xiaomi-water-tap-purifier\\\/#breadcrumblist\"},\"author\":{\"@id\":\"https:\\\/\\\/www.rucashk.com\\\/es\\\/author\\\/admin\\\/#author\"},\"creator\":{\"@id\":\"https:\\\/\\\/www.rucashk.com\\\/es\\\/author\\\/admin\\\/#author\"},\"image\":{\"@type\":\"ImageObject\",\"url\":\"https:\\\/\\\/www.rucashk.com\\\/wp-content\\\/uploads\\\/2024\\\/01\\\/1_\\u526f\\u672c-15.jpg\",\"@id\":\"https:\\\/\\\/www.rucashk.com\\\/es\\\/producto\\\/xiaomi-water-tap-purifier\\\/#mainImage\",\"width\":800,\"height\":800},\"primaryImageOfPage\":{\"@id\":\"https:\\\/\\\/www.rucashk.com\\\/es\\\/producto\\\/xiaomi-water-tap-purifier\\\/#mainImage\"},\"datePublished\":\"2024-01-09T15:47:58+00:00\",\"dateModified\":\"2024-03-13T09:55:55+00:00\"},{\"@type\":\"WebSite\",\"@id\":\"https:\\\/\\\/www.rucashk.com\\\/es\\\/#website\",\"url\":\"https:\\\/\\\/www.rucashk.com\\\/es\\\/\",\"name\":\"Rucas - Wholesale and distribution worldwide\",\"alternateName\":\"Rucas - One-stop AIoT Distribution Worldwide\",\"description\":\"One-stop AIoT Distribution Worldwide\",\"inLanguage\":\"es-ES\",\"publisher\":{\"@id\":\"https:\\\/\\\/www.rucashk.com\\\/es\\\/#organization\"}}]}\n\t\t<\/script>\n\t\t<!-- All in One SEO Pro -->\r\n\t\t<title>Xiaomi Water Tap Purifier - Rucas - Wholesale and Distribution<\/title>\n\n","aioseo_head_json":{"title":"Xiaomi Water Tap Purifier - Rucas - Wholesale and Distribution","description":"Detailed selling points \u2022 Efficient filtration Remove bacteria and residual fluorine, and retain beneficial substances. \u2022 4-layer filtration Deep purification, enjoy high quality water. \u2022 Transparent windows Observe the remaining amount of filter element. \u2022 Three kinds of water outlet modes Meet various water demands. \u2022 Three step quick installation. Easy and convenient, filter out high quality water.","canonical_url":"https:\/\/www.rucashk.com\/es\/producto\/xiaomi-water-tap-purifier\/","robots":"max-image-preview:large","keywords":"","webmasterTools":{"miscellaneous":""},"og:locale":"es_ES","og:site_name":"Rucas - One-stop AIoT Distribution Worldwide","og:type":"article","og:title":"Xiaomi Water Tap Purifier - Rucas - Wholesale and Distribution","og:description":"Detailed selling points \u2022 Efficient filtration Remove bacteria and residual fluorine, and retain beneficial substances. \u2022 4-layer filtration Deep purification, enjoy high quality water. \u2022 Transparent windows Observe the remaining amount of filter element. \u2022 Three kinds of water outlet modes Meet various water demands. \u2022 Three step quick installation. Easy and convenient, filter out high quality water.","og:url":"https:\/\/www.rucashk.com\/es\/producto\/xiaomi-water-tap-purifier\/","og:image":"https:\/\/www.rucashk.com\/wp-content\/uploads\/replace\/503b8e645f128a97ccde2b6290747646.jpeg","og:image:secure_url":"https:\/\/www.rucashk.com\/wp-content\/uploads\/replace\/503b8e645f128a97ccde2b6290747646.jpeg","og:image:width":1456,"og:image:height":816,"article:published_time":"2024-01-09T15:47:58+00:00","article:modified_time":"2024-03-13T09:55:55+00:00","twitter:card":"summary_large_image","twitter:title":"Xiaomi Water Tap Purifier - Rucas - Wholesale and Distribution","twitter:description":"Detailed selling points \u2022 Efficient filtration Remove bacteria and residual fluorine, and retain beneficial substances. \u2022 4-layer filtration Deep purification, enjoy high quality water. \u2022 Transparent windows Observe the remaining amount of filter element. \u2022 Three kinds of water outlet modes Meet various water demands. \u2022 Three step quick installation. Easy and convenient, filter out high quality water.","twitter:image":"https:\/\/www.rucashk.com\/wp-content\/uploads\/replace\/503b8e645f128a97ccde2b6290747646.jpeg","schema":{"@context":"https:\/\/schema.org","@graph":[{"@type":"BreadcrumbList","@id":"https:\/\/www.rucashk.com\/es\/producto\/xiaomi-water-tap-purifier\/#breadcrumblist","itemListElement":[{"@type":"ListItem","@id":"https:\/\/www.rucashk.com\/es\/#listItem","position":1,"name":"Home","item":"https:\/\/www.rucashk.com\/es\/","nextItem":"https:\/\/www.rucashk.com\/es\/producto\/xiaomi-water-tap-purifier\/#listItem"},{"@type":"ListItem","@id":"https:\/\/www.rucashk.com\/es\/producto\/xiaomi-water-tap-purifier\/#listItem","position":2,"name":"Xiaomi Water Tap Purifier","previousItem":"https:\/\/www.rucashk.com\/es\/#listItem"}]},{"@type":"Organization","@id":"https:\/\/www.rucashk.com\/es\/#organization","name":"Rucas","url":"https:\/\/www.rucashk.com\/es\/","logo":{"@type":"ImageObject","url":"https:\/\/www.rucashk.com\/wp-content\/uploads\/2023\/12\/Rucas_campany_logo.png","@id":"https:\/\/www.rucashk.com\/es\/producto\/xiaomi-water-tap-purifier\/#organizationLogo","width":221,"height":65},"image":{"@id":"https:\/\/www.rucashk.com\/es\/#organizationLogo"}},{"@type":"Person","@id":"https:\/\/www.rucashk.com\/es\/author\/admin\/#author","url":"https:\/\/www.rucashk.com\/es\/author\/admin\/","name":"admin","image":{"@type":"ImageObject","@id":"https:\/\/www.rucashk.com\/es\/producto\/xiaomi-water-tap-purifier\/#authorImage","url":"https:\/\/secure.gravatar.com\/avatar\/b7c8925b09a27e72b30232f8ecaadbd5af0f70a38c78096863fe51b64f031c24?s=96&d=mm&r=g","width":96,"height":96,"caption":"admin"}},{"@type":"WebPage","@id":"https:\/\/www.rucashk.com\/es\/producto\/xiaomi-water-tap-purifier\/#webpage","url":"https:\/\/www.rucashk.com\/es\/producto\/xiaomi-water-tap-purifier\/","name":"Xiaomi Water Tap Purifier - Rucas - Wholesale and Distribution","description":"Detailed selling points \u2022 Efficient filtration Remove bacteria and residual fluorine, and retain beneficial substances. \u2022 4-layer filtration Deep purification, enjoy high quality water. \u2022 Transparent windows Observe the remaining amount of filter element. \u2022 Three kinds of water outlet modes Meet various water demands. \u2022 Three step quick installation. Easy and convenient, filter out high quality water.","inLanguage":"es-ES","isPartOf":{"@id":"https:\/\/www.rucashk.com\/es\/#website"},"breadcrumb":{"@id":"https:\/\/www.rucashk.com\/es\/producto\/xiaomi-water-tap-purifier\/#breadcrumblist"},"author":{"@id":"https:\/\/www.rucashk.com\/es\/author\/admin\/#author"},"creator":{"@id":"https:\/\/www.rucashk.com\/es\/author\/admin\/#author"},"image":{"@type":"ImageObject","url":"https:\/\/www.rucashk.com\/wp-content\/uploads\/2024\/01\/1_\u526f\u672c-15.jpg","@id":"https:\/\/www.rucashk.com\/es\/producto\/xiaomi-water-tap-purifier\/#mainImage","width":800,"height":800},"primaryImageOfPage":{"@id":"https:\/\/www.rucashk.com\/es\/producto\/xiaomi-water-tap-purifier\/#mainImage"},"datePublished":"2024-01-09T15:47:58+00:00","dateModified":"2024-03-13T09:55:55+00:00"},{"@type":"WebSite","@id":"https:\/\/www.rucashk.com\/es\/#website","url":"https:\/\/www.rucashk.com\/es\/","name":"Rucas - Wholesale and distribution worldwide","alternateName":"Rucas - One-stop AIoT Distribution Worldwide","description":"One-stop AIoT Distribution Worldwide","inLanguage":"es-ES","publisher":{"@id":"https:\/\/www.rucashk.com\/es\/#organization"}}]}},"aioseo_meta_data":{"post_id":"22766","title":null,"description":null,"keywords":null,"keyphrases":null,"primary_term":null,"canonical_url":null,"og_title":null,"og_description":null,"og_object_type":"default","og_image_type":"default","og_image_url":null,"og_image_width":null,"og_image_height":null,"og_image_custom_url":null,"og_image_custom_fields":null,"og_video":null,"og_custom_url":null,"og_article_section":null,"og_article_tags":null,"twitter_use_og":false,"twitter_card":"default","twitter_image_type":"default","twitter_image_url":null,"twitter_image_custom_url":null,"twitter_image_custom_fields":null,"twitter_title":null,"twitter_description":null,"schema":{"blockGraphs":[],"customGraphs":[],"default":{"data":{"Article":[],"Course":[],"Dataset":[],"FAQPage":[],"Movie":[],"Person":[],"Product":[],"Recipe":[],"Service":[],"SoftwareApplication":[],"WebPage":[]},"graphName":"","isEnabled":true},"graphs":[]},"schema_type":"default","schema_type_options":null,"pillar_content":false,"robots_default":true,"robots_noindex":false,"robots_noarchive":false,"robots_nosnippet":false,"robots_nofollow":false,"robots_noimageindex":false,"robots_noodp":false,"robots_notranslate":false,"robots_max_snippet":null,"robots_max_videopreview":null,"robots_max_imagepreview":"large","priority":null,"frequency":null,"local_seo":null,"breadcrumb_settings":null,"limit_modified_date":false,"created":"2024-04-11 01:55:24","updated":"2025-06-22 16:51:00"},"aioseo_breadcrumb":"<div class=\"aioseo-breadcrumbs\"><span class=\"aioseo-breadcrumb\">\n\t<a href=\"https:\/\/www.rucashk.com\/es\" title=\"Home\">Home<\/a>\n<\/span><span class=\"aioseo-breadcrumb-separator\">&raquo;<\/span><span class=\"aioseo-breadcrumb\">\n\t<a href=\"https:\/\/www.rucashk.com\/es\/products\/\" title=\"Productos\">Productos<\/a>\n<\/span><span class=\"aioseo-breadcrumb-separator\">&raquo;<\/span><span class=\"aioseo-breadcrumb\">\n\t<a href=\"https:\/\/www.rucashk.com\/es\/categoria-producto\/xiaomi-eco\/\" title=\"Xiaomi Eco\">Xiaomi Eco<\/a>\n<\/span><span class=\"aioseo-breadcrumb-separator\">&raquo;<\/span><span class=\"aioseo-breadcrumb\">\n\t<a href=\"https:\/\/www.rucashk.com\/es\/categoria-producto\/xiaomi-eco\/gadgets\/\" title=\"Gadgets\">Gadgets<\/a>\n<\/span><span class=\"aioseo-breadcrumb-separator\">&raquo;<\/span><span class=\"aioseo-breadcrumb\">\n\tXiaomi Water Tap Purifier\n<\/span><\/div>","aioseo_breadcrumb_json":[{"label":"Home","link":"https:\/\/www.rucashk.com\/es"},{"label":"Productos","link":"https:\/\/www.rucashk.com\/es\/products\/"},{"label":"Xiaomi Eco","link":"https:\/\/www.rucashk.com\/es\/categoria-producto\/xiaomi-eco\/"},{"label":"Gadgets","link":"https:\/\/www.rucashk.com\/es\/categoria-producto\/xiaomi-eco\/gadgets\/"},{"label":"Xiaomi Water Tap Purifier","link":"https:\/\/www.rucashk.com\/es\/producto\/xiaomi-water-tap-purifier\/"}],"_links":{"self":[{"href":"https:\/\/www.rucashk.com\/es\/wp-json\/wp\/v2\/product\/22766","targetHints":{"allow":["GET"]}}],"collection":[{"href":"https:\/\/www.rucashk.com\/es\/wp-json\/wp\/v2\/product"}],"about":[{"href":"https:\/\/www.rucashk.com\/es\/wp-json\/wp\/v2\/types\/product"}],"wp:featuredmedia":[{"embeddable":true,"href":"https:\/\/www.rucashk.com\/es\/wp-json\/wp\/v2\/media\/22879"}],"wp:attachment":[{"href":"https:\/\/www.rucashk.com\/es\/wp-json\/wp\/v2\/media?parent=22766"}],"wp:term":[{"taxonomy":"product_brand","embeddable":true,"href":"https:\/\/www.rucashk.com\/es\/wp-json\/wp\/v2\/product_brand?post=22766"},{"taxonomy":"product_cat","embeddable":true,"href":"https:\/\/www.rucashk.com\/es\/wp-json\/wp\/v2\/product_cat?post=22766"},{"taxonomy":"product_tag","embeddable":true,"href":"https:\/\/www.rucashk.com\/es\/wp-json\/wp\/v2\/product_tag?post=22766"}],"curies":[{"name":"wp","href":"https:\/\/api.w.org\/{rel}","templated":true}]}}