{"id":22713,"date":"2024-01-09T15:47:08","date_gmt":"2024-01-09T15:47:08","guid":{"rendered":"http:\/\/rucashk.com\/?post_type=product&#038;p=22713"},"modified":"2024-03-12T04:22:01","modified_gmt":"2024-03-12T04:22:01","slug":"fitbit-versa-lite","status":"publish","type":"product","link":"https:\/\/www.rucashk.com\/es\/producto\/fitbit-versa-lite\/","title":{"rendered":"Fitbit Versa Lite"},"content":{"rendered":"<h2><img fetchpriority=\"high\" decoding=\"async\" class=\"aligncenter\" style=\"font-size: 16px\" src=\"\/wp-content\/uploads\/replace\/ed1812cfec64fd5e47890f23fbb31441.jpeg\" alt=\"Fitbit\u00a0versa Lite\" width=\"1464\" height=\"600\" data-src=\"\/wp-content\/uploads\/replace\/ed1812cfec64fd5e47890f23fbb31441.jpeg\" \/><img decoding=\"async\" class=\"alignnone\" style=\"font-size: 16px\" src=\"\/wp-content\/uploads\/replace\/e817d5798532f77d2a04acebdbfc9405.jpeg\" alt=\"Fitbit\u00a0versa Lite\" width=\"1464\" height=\"600\" \/><\/h2>\n<div class=\"aplus-v2 desktop celwidget\" data-cel-widget=\"aplus\">\n<div class=\"celwidget aplus-module premium-module-13-carousel\" data-cel-widget=\"aplus-premium-module-13-carousel\">\n<div class=\"a-section a-spacing-none premium-aplus premium-aplus-module-13\">\n<div class=\"a-section a-spacing-none aplus-carousel-container\">\n<div id=\"premium-aplus-13-carousel-1-id\" class=\"a-begin a-carousel-container a-carousel-display-single a-carousel-transition-slideCircular a-carousel-initialized\" data-a-carousel-options=\"{&quot;peek_percentage&quot;:0,&quot;minimum_gutter_width&quot;:0,&quot;show_partial_next&quot;:false,&quot;name&quot;:&quot;premium-aplus-13-carousel-1&quot;}\" data-a-display-strategy=\"single\" data-a-transition-strategy=\"slideCircular\">\n<div class=\"a-row a-carousel-controls a-carousel-row a-carousel-has-buttons a-carousel-overlay-buttons a-carousel-rounded-buttons\">\n<div class=\"a-carousel-row-inner\">\n<div class=\"a-carousel-col a-carousel-center\">\n<div id=\"anonCarousel3\" class=\"a-carousel-viewport\">\n<div class=\"a-section a-spacing-none aplus-card-image\"><img decoding=\"async\" class=\"aligncenter\" src=\"\/wp-content\/uploads\/replace\/6902d891c0e6c26cb4a411b4f55449a8.jpeg\" alt=\"Fitbit\u00a0versa Lite\" width=\"1464\" height=\"600\" \/><\/div>\n<div class=\"a-section a-spacing-none aplus-card-image\"><img loading=\"lazy\" decoding=\"async\" class=\"aligncenter\" src=\"\/wp-content\/uploads\/replace\/df7084be4dabd7a435fbfa9eb7ee561f.jpeg\" alt=\"Fitbit\u00a0versa Lite\" width=\"1464\" height=\"600\" \/><\/div>\n<div class=\"a-section a-spacing-none aplus-card-image\"><img loading=\"lazy\" decoding=\"async\" class=\"aligncenter\" src=\"\/wp-content\/uploads\/replace\/fa584b62aebc2c2c18915d736a5e8fa9.jpeg\" alt=\"Fitbit\u00a0versa Lite\" width=\"1464\" height=\"600\" \/><\/div>\n<div class=\"a-section a-spacing-none aplus-card-image\"><img loading=\"lazy\" decoding=\"async\" class=\"aligncenter\" src=\"\/wp-content\/uploads\/replace\/6ed0d5877d2e75ba1a24f7584bc7ccd7.jpeg\" alt=\"Fitbit\u00a0versa Lite\" width=\"1464\" height=\"600\" \/><\/div>\n<div class=\"a-section a-spacing-none aplus-card-image\"><img loading=\"lazy\" decoding=\"async\" class=\"aligncenter\" src=\"\/wp-content\/uploads\/replace\/f369ac6363eda09e3c36049d5f1fea34.jpeg\" alt=\"Fitbit\u00a0versa Lite\" width=\"1464\" height=\"600\" \/><\/div>\n<\/div>\n<\/div>\n<\/div>\n<\/div>\n<\/div>\n<\/div>\n<\/div>\n<\/div>\n<div class=\"celwidget aplus-module premium-module-10-hotspot-plain-image\" data-cel-widget=\"aplus-premium-module-10-hotspot-plain-image\">\n<div class=\"a-section a-spacing-none premium-aplus premium-aplus-module-10\"><img loading=\"lazy\" decoding=\"async\" class=\"aligncenter\" src=\"\/wp-content\/uploads\/replace\/2b7109cf5847419cbe45a3aa7f540a48.jpeg\" alt=\"Fitbit\u00a0versa Lite\" width=\"1464\" height=\"600\" data-src=\"\/wp-content\/uploads\/replace\/2b7109cf5847419cbe45a3aa7f540a48.jpeg\" \/><\/div>\n<\/div>\n<div class=\"celwidget aplus-module premium-module-2-fullbackground-image\" data-cel-widget=\"aplus-premium-module-2-fullbackground-image\">\n<div class=\"a-section a-spacing-none premium-aplus premium-aplus-module-2\">\n<div class=\"a-section a-spacing-none premium-background-wrapper\">\n<div class=\"a-section a-spacing-none background-image\" role=\"img\"><img loading=\"lazy\" decoding=\"async\" class=\"aligncenter\" src=\"\/wp-content\/uploads\/replace\/3f79ca3b8f9f29d36f7fc7598326f581.jpeg\" alt=\"Fitbit\u00a0versa Lite\" width=\"1464\" height=\"600\" data-src=\"\/wp-content\/uploads\/replace\/3f79ca3b8f9f29d36f7fc7598326f581.jpeg\" \/><\/div>\n<\/div>\n<div class=\"a-section a-text-center\"><\/div>\n<\/div>\n<\/div>\n<div class=\"celwidget aplus-module premium-module-2-fullbackground-image\" data-cel-widget=\"aplus-premium-module-2-fullbackground-image\">\n<div class=\"a-section a-spacing-none premium-aplus premium-aplus-module-2\">\n<div class=\"a-section a-spacing-none premium-background-wrapper\">\n<div class=\"a-section a-spacing-none background-image\" role=\"img\"><img loading=\"lazy\" decoding=\"async\" class=\"aligncenter\" src=\"\/wp-content\/uploads\/replace\/76423f84606adabdee7ea7e32e7d9c3a.jpeg\" alt=\"Fitbit\u00a0versa Lite\" width=\"1464\" height=\"600\" data-src=\"\/wp-content\/uploads\/replace\/76423f84606adabdee7ea7e32e7d9c3a.jpeg\" \/><\/div>\n<\/div>\n<div class=\"a-section a-text-center\"><\/div>\n<\/div>\n<\/div>\n<div class=\"celwidget aplus-module premium-module-2-fullbackground-image\" data-cel-widget=\"aplus-premium-module-2-fullbackground-image\">\n<div class=\"a-section a-spacing-none premium-aplus premium-aplus-module-2\">\n<div class=\"a-section a-spacing-none premium-background-wrapper\">\n<div class=\"a-section a-spacing-none background-image\" role=\"img\"><img loading=\"lazy\" decoding=\"async\" class=\"aligncenter\" src=\"\/wp-content\/uploads\/replace\/c4f3b0b08af37dad26ba927340aa0b74.jpeg\" alt=\"Fitbit\u00a0versa Lite\" width=\"1464\" height=\"600\" data-src=\"\/wp-content\/uploads\/replace\/c4f3b0b08af37dad26ba927340aa0b74.jpeg\" \/><\/div>\n<\/div>\n<\/div>\n<\/div>\n<\/div>","protected":false},"excerpt":{"rendered":"<ul class=\"a-unordered-list a-vertical a-spacing-mini\">\n<li><span class=\"a-list-item\">Realice un seguimiento de su actividad durante todo el d\u00eda, frecuencia card\u00edaca 24 horas al d\u00eda, 7 d\u00edas a la semana y etapas de sue\u00f1o, todo con una duraci\u00f3n de bater\u00eda de m\u00e1s de 4 d\u00edas (var\u00eda seg\u00fan el uso y otros factores)<\/span><\/li>\n<li><span class=\"a-list-item\">Utilice m\u00e1s de 15 modos de ejercicio para registrar entrenamientos y conectarse al GPS de su tel\u00e9fono inteligente para obtener un ritmo y distancia en tiempo real m\u00e1s precisos<\/span><\/li>\n<li><span class=\"a-list-item\">Acceda a sus aplicaciones favoritas para deportes, clima y m\u00e1s y reciba alertas de llamadas, calendario, mensajes de texto y aplicaciones<\/span><\/li>\n<li><span class=\"a-list-item\">Reciba notificaciones de llamadas, mensajes de texto, calendario y aplicaciones de tel\u00e9fonos inteligentes cuando su tel\u00e9fono est\u00e9 cerca. Adem\u00e1s, env\u00eda respuestas r\u00e1pidas solo en Android<\/span><\/li>\n<\/ul>","protected":false},"featured_media":22830,"template":"","meta":[],"product_brand":[],"product_cat":[1322],"product_tag":[],"class_list":{"0":"post-22713","1":"product","2":"type-product","3":"status-publish","4":"has-post-thumbnail","6":"product_cat-other-a-brands","8":"first","9":"instock","10":"shipping-taxable","11":"product-type-external"},"aioseo_notices":[],"aioseo_head":"\n\t\t<!-- All in One SEO Pro 4.5.9.2 - aioseo.com -->\n\t\t<meta name=\"description\" content=\"Track your all day activity, 24\/7 heart rate, &amp; sleep stages all with a 4 plus day battery life (varies with use and other factors) Use 15 plus exercise modes to record workouts and connect to smartphone GPS for more precise real time pace &amp; distance Access your favorite apps for sports, weather &amp; more and get call, calendar, text, and app alerts Get call, text, calendar and smartphone app notifications when your phone is nearby. Plus send quick replies on android only\" \/>\n\t\t<meta name=\"robots\" content=\"max-image-preview:large\" \/>\n\t\t<link rel=\"canonical\" href=\"https:\/\/www.rucashk.com\/es\/producto\/fitbit-versa-lite\/\" \/>\n\t\t<meta name=\"generator\" content=\"All in One SEO Pro (AIOSEO) 4.5.9.2\" \/>\n\t\t<meta property=\"og:locale\" content=\"es_ES\" \/>\n\t\t<meta property=\"og:site_name\" content=\"Rucas - One-stop AIoT Distribution Worldwide\" \/>\n\t\t<meta property=\"og:type\" content=\"article\" \/>\n\t\t<meta property=\"og:title\" content=\"Fitbit Versa Lite - Rucas - Wholesale and Distribution\" \/>\n\t\t<meta property=\"og:description\" content=\"Track your all day activity, 24\/7 heart rate, &amp; sleep stages all with a 4 plus day battery life (varies with use and other factors) Use 15 plus exercise modes to record workouts and connect to smartphone GPS for more precise real time pace &amp; distance Access your favorite apps for sports, weather &amp; more and get call, calendar, text, and app alerts Get call, text, calendar and smartphone app notifications when your phone is nearby. Plus send quick replies on android only\" \/>\n\t\t<meta property=\"og:url\" content=\"https:\/\/www.rucashk.com\/es\/producto\/fitbit-versa-lite\/\" \/>\n\t\t<meta property=\"og:image\" content=\"https:\/\/www.rucashk.com\/wp-content\/uploads\/replace\/503b8e645f128a97ccde2b6290747646.jpeg\" \/>\n\t\t<meta property=\"og:image:secure_url\" content=\"https:\/\/www.rucashk.com\/wp-content\/uploads\/replace\/503b8e645f128a97ccde2b6290747646.jpeg\" \/>\n\t\t<meta property=\"og:image:width\" content=\"1456\" \/>\n\t\t<meta property=\"og:image:height\" content=\"816\" \/>\n\t\t<meta property=\"article:published_time\" content=\"2024-01-09T15:47:08+00:00\" \/>\n\t\t<meta property=\"article:modified_time\" content=\"2024-03-12T04:22:01+00:00\" \/>\n\t\t<meta name=\"twitter:card\" content=\"summary_large_image\" \/>\n\t\t<meta name=\"twitter:title\" content=\"Fitbit Versa Lite - Rucas - Wholesale and Distribution\" \/>\n\t\t<meta name=\"twitter:description\" content=\"Track your all day activity, 24\/7 heart rate, &amp; sleep stages all with a 4 plus day battery life (varies with use and other factors) Use 15 plus exercise modes to record workouts and connect to smartphone GPS for more precise real time pace &amp; distance Access your favorite apps for sports, weather &amp; more and get call, calendar, text, and app alerts Get call, text, calendar and smartphone app notifications when your phone is nearby. Plus send quick replies on android only\" \/>\n\t\t<meta name=\"twitter:image\" content=\"https:\/\/www.rucashk.com\/wp-content\/uploads\/replace\/503b8e645f128a97ccde2b6290747646.jpeg\" \/>\n\t\t<script type=\"application\/ld+json\" class=\"aioseo-schema\">\n\t\t\t{\"@context\":\"https:\\\/\\\/schema.org\",\"@graph\":[{\"@type\":\"BreadcrumbList\",\"@id\":\"https:\\\/\\\/www.rucashk.com\\\/es\\\/producto\\\/fitbit-versa-lite\\\/#breadcrumblist\",\"itemListElement\":[{\"@type\":\"ListItem\",\"@id\":\"https:\\\/\\\/www.rucashk.com\\\/es\\\/#listItem\",\"position\":1,\"name\":\"Home\",\"item\":\"https:\\\/\\\/www.rucashk.com\\\/es\\\/\",\"nextItem\":\"https:\\\/\\\/www.rucashk.com\\\/es\\\/producto\\\/fitbit-versa-lite\\\/#listItem\"},{\"@type\":\"ListItem\",\"@id\":\"https:\\\/\\\/www.rucashk.com\\\/es\\\/producto\\\/fitbit-versa-lite\\\/#listItem\",\"position\":2,\"name\":\"Fitbit\\u00a0Versa Lite\",\"previousItem\":\"https:\\\/\\\/www.rucashk.com\\\/es\\\/#listItem\"}]},{\"@type\":\"Organization\",\"@id\":\"https:\\\/\\\/www.rucashk.com\\\/es\\\/#organization\",\"name\":\"Rucas\",\"url\":\"https:\\\/\\\/www.rucashk.com\\\/es\\\/\",\"logo\":{\"@type\":\"ImageObject\",\"url\":\"https:\\\/\\\/www.rucashk.com\\\/wp-content\\\/uploads\\\/2023\\\/12\\\/Rucas_campany_logo.png\",\"@id\":\"https:\\\/\\\/www.rucashk.com\\\/es\\\/producto\\\/fitbit-versa-lite\\\/#organizationLogo\",\"width\":221,\"height\":65},\"image\":{\"@id\":\"https:\\\/\\\/www.rucashk.com\\\/es\\\/#organizationLogo\"}},{\"@type\":\"Person\",\"@id\":\"https:\\\/\\\/www.rucashk.com\\\/es\\\/author\\\/admin\\\/#author\",\"url\":\"https:\\\/\\\/www.rucashk.com\\\/es\\\/author\\\/admin\\\/\",\"name\":\"admin\",\"image\":{\"@type\":\"ImageObject\",\"@id\":\"https:\\\/\\\/www.rucashk.com\\\/es\\\/producto\\\/fitbit-versa-lite\\\/#authorImage\",\"url\":\"https:\\\/\\\/secure.gravatar.com\\\/avatar\\\/b7c8925b09a27e72b30232f8ecaadbd5af0f70a38c78096863fe51b64f031c24?s=96&d=mm&r=g\",\"width\":96,\"height\":96,\"caption\":\"admin\"}},{\"@type\":\"WebPage\",\"@id\":\"https:\\\/\\\/www.rucashk.com\\\/es\\\/producto\\\/fitbit-versa-lite\\\/#webpage\",\"url\":\"https:\\\/\\\/www.rucashk.com\\\/es\\\/producto\\\/fitbit-versa-lite\\\/\",\"name\":\"Fitbit Versa Lite - Rucas - Wholesale and Distribution\",\"description\":\"Track your all day activity, 24\\\/7 heart rate, & sleep stages all with a 4 plus day battery life (varies with use and other factors) Use 15 plus exercise modes to record workouts and connect to smartphone GPS for more precise real time pace & distance Access your favorite apps for sports, weather & more and get call, calendar, text, and app alerts Get call, text, calendar and smartphone app notifications when your phone is nearby. Plus send quick replies on android only\",\"inLanguage\":\"es-ES\",\"isPartOf\":{\"@id\":\"https:\\\/\\\/www.rucashk.com\\\/es\\\/#website\"},\"breadcrumb\":{\"@id\":\"https:\\\/\\\/www.rucashk.com\\\/es\\\/producto\\\/fitbit-versa-lite\\\/#breadcrumblist\"},\"author\":{\"@id\":\"https:\\\/\\\/www.rucashk.com\\\/es\\\/author\\\/admin\\\/#author\"},\"creator\":{\"@id\":\"https:\\\/\\\/www.rucashk.com\\\/es\\\/author\\\/admin\\\/#author\"},\"image\":{\"@type\":\"ImageObject\",\"url\":\"https:\\\/\\\/www.rucashk.com\\\/wp-content\\\/uploads\\\/2024\\\/01\\\/fitbit-versa-lite.jpg\",\"@id\":\"https:\\\/\\\/www.rucashk.com\\\/es\\\/producto\\\/fitbit-versa-lite\\\/#mainImage\",\"width\":449,\"height\":426},\"primaryImageOfPage\":{\"@id\":\"https:\\\/\\\/www.rucashk.com\\\/es\\\/producto\\\/fitbit-versa-lite\\\/#mainImage\"},\"datePublished\":\"2024-01-09T15:47:08+00:00\",\"dateModified\":\"2024-03-12T04:22:01+00:00\"},{\"@type\":\"WebSite\",\"@id\":\"https:\\\/\\\/www.rucashk.com\\\/es\\\/#website\",\"url\":\"https:\\\/\\\/www.rucashk.com\\\/es\\\/\",\"name\":\"Rucas - Wholesale and distribution worldwide\",\"alternateName\":\"Rucas - One-stop AIoT Distribution Worldwide\",\"description\":\"One-stop AIoT Distribution Worldwide\",\"inLanguage\":\"es-ES\",\"publisher\":{\"@id\":\"https:\\\/\\\/www.rucashk.com\\\/es\\\/#organization\"}}]}\n\t\t<\/script>\n\t\t<!-- All in One SEO Pro -->\r\n\t\t<title>Fitbit Versa Lite - Rucas - Wholesale and Distribution<\/title>\n\n","aioseo_head_json":{"title":"Fitbit Versa Lite - Rucas - Wholesale and Distribution","description":"Track your all day activity, 24\/7 heart rate, & sleep stages all with a 4 plus day battery life (varies with use and other factors) Use 15 plus exercise modes to record workouts and connect to smartphone GPS for more precise real time pace & distance Access your favorite apps for sports, weather & more and get call, calendar, text, and app alerts Get call, text, calendar and smartphone app notifications when your phone is nearby. Plus send quick replies on android only","canonical_url":"https:\/\/www.rucashk.com\/es\/producto\/fitbit-versa-lite\/","robots":"max-image-preview:large","keywords":"","webmasterTools":{"miscellaneous":""},"og:locale":"es_ES","og:site_name":"Rucas - One-stop AIoT Distribution Worldwide","og:type":"article","og:title":"Fitbit Versa Lite - Rucas - Wholesale and Distribution","og:description":"Track your all day activity, 24\/7 heart rate, &amp; sleep stages all with a 4 plus day battery life (varies with use and other factors) Use 15 plus exercise modes to record workouts and connect to smartphone GPS for more precise real time pace &amp; distance Access your favorite apps for sports, weather &amp; more and get call, calendar, text, and app alerts Get call, text, calendar and smartphone app notifications when your phone is nearby. Plus send quick replies on android only","og:url":"https:\/\/www.rucashk.com\/es\/producto\/fitbit-versa-lite\/","og:image":"https:\/\/www.rucashk.com\/wp-content\/uploads\/replace\/503b8e645f128a97ccde2b6290747646.jpeg","og:image:secure_url":"https:\/\/www.rucashk.com\/wp-content\/uploads\/replace\/503b8e645f128a97ccde2b6290747646.jpeg","og:image:width":1456,"og:image:height":816,"article:published_time":"2024-01-09T15:47:08+00:00","article:modified_time":"2024-03-12T04:22:01+00:00","twitter:card":"summary_large_image","twitter:title":"Fitbit Versa Lite - Rucas - Wholesale and Distribution","twitter:description":"Track your all day activity, 24\/7 heart rate, &amp; sleep stages all with a 4 plus day battery life (varies with use and other factors) Use 15 plus exercise modes to record workouts and connect to smartphone GPS for more precise real time pace &amp; distance Access your favorite apps for sports, weather &amp; more and get call, calendar, text, and app alerts Get call, text, calendar and smartphone app notifications when your phone is nearby. Plus send quick replies on android only","twitter:image":"https:\/\/www.rucashk.com\/wp-content\/uploads\/replace\/503b8e645f128a97ccde2b6290747646.jpeg","schema":{"@context":"https:\/\/schema.org","@graph":[{"@type":"BreadcrumbList","@id":"https:\/\/www.rucashk.com\/es\/producto\/fitbit-versa-lite\/#breadcrumblist","itemListElement":[{"@type":"ListItem","@id":"https:\/\/www.rucashk.com\/es\/#listItem","position":1,"name":"Home","item":"https:\/\/www.rucashk.com\/es\/","nextItem":"https:\/\/www.rucashk.com\/es\/producto\/fitbit-versa-lite\/#listItem"},{"@type":"ListItem","@id":"https:\/\/www.rucashk.com\/es\/producto\/fitbit-versa-lite\/#listItem","position":2,"name":"Fitbit\u00a0Versa Lite","previousItem":"https:\/\/www.rucashk.com\/es\/#listItem"}]},{"@type":"Organization","@id":"https:\/\/www.rucashk.com\/es\/#organization","name":"Rucas","url":"https:\/\/www.rucashk.com\/es\/","logo":{"@type":"ImageObject","url":"https:\/\/www.rucashk.com\/wp-content\/uploads\/2023\/12\/Rucas_campany_logo.png","@id":"https:\/\/www.rucashk.com\/es\/producto\/fitbit-versa-lite\/#organizationLogo","width":221,"height":65},"image":{"@id":"https:\/\/www.rucashk.com\/es\/#organizationLogo"}},{"@type":"Person","@id":"https:\/\/www.rucashk.com\/es\/author\/admin\/#author","url":"https:\/\/www.rucashk.com\/es\/author\/admin\/","name":"admin","image":{"@type":"ImageObject","@id":"https:\/\/www.rucashk.com\/es\/producto\/fitbit-versa-lite\/#authorImage","url":"https:\/\/secure.gravatar.com\/avatar\/b7c8925b09a27e72b30232f8ecaadbd5af0f70a38c78096863fe51b64f031c24?s=96&d=mm&r=g","width":96,"height":96,"caption":"admin"}},{"@type":"WebPage","@id":"https:\/\/www.rucashk.com\/es\/producto\/fitbit-versa-lite\/#webpage","url":"https:\/\/www.rucashk.com\/es\/producto\/fitbit-versa-lite\/","name":"Fitbit Versa Lite - Rucas - Wholesale and Distribution","description":"Track your all day activity, 24\/7 heart rate, & sleep stages all with a 4 plus day battery life (varies with use and other factors) Use 15 plus exercise modes to record workouts and connect to smartphone GPS for more precise real time pace & distance Access your favorite apps for sports, weather & more and get call, calendar, text, and app alerts Get call, text, calendar and smartphone app notifications when your phone is nearby. Plus send quick replies on android only","inLanguage":"es-ES","isPartOf":{"@id":"https:\/\/www.rucashk.com\/es\/#website"},"breadcrumb":{"@id":"https:\/\/www.rucashk.com\/es\/producto\/fitbit-versa-lite\/#breadcrumblist"},"author":{"@id":"https:\/\/www.rucashk.com\/es\/author\/admin\/#author"},"creator":{"@id":"https:\/\/www.rucashk.com\/es\/author\/admin\/#author"},"image":{"@type":"ImageObject","url":"https:\/\/www.rucashk.com\/wp-content\/uploads\/2024\/01\/fitbit-versa-lite.jpg","@id":"https:\/\/www.rucashk.com\/es\/producto\/fitbit-versa-lite\/#mainImage","width":449,"height":426},"primaryImageOfPage":{"@id":"https:\/\/www.rucashk.com\/es\/producto\/fitbit-versa-lite\/#mainImage"},"datePublished":"2024-01-09T15:47:08+00:00","dateModified":"2024-03-12T04:22:01+00:00"},{"@type":"WebSite","@id":"https:\/\/www.rucashk.com\/es\/#website","url":"https:\/\/www.rucashk.com\/es\/","name":"Rucas - Wholesale and distribution worldwide","alternateName":"Rucas - One-stop AIoT Distribution Worldwide","description":"One-stop AIoT Distribution Worldwide","inLanguage":"es-ES","publisher":{"@id":"https:\/\/www.rucashk.com\/es\/#organization"}}]}},"aioseo_meta_data":{"post_id":"22713","title":null,"description":null,"keywords":null,"keyphrases":null,"primary_term":null,"canonical_url":null,"og_title":null,"og_description":null,"og_object_type":"default","og_image_type":"default","og_image_url":null,"og_image_width":null,"og_image_height":null,"og_image_custom_url":null,"og_image_custom_fields":null,"og_video":null,"og_custom_url":null,"og_article_section":null,"og_article_tags":null,"twitter_use_og":false,"twitter_card":"default","twitter_image_type":"default","twitter_image_url":null,"twitter_image_custom_url":null,"twitter_image_custom_fields":null,"twitter_title":null,"twitter_description":null,"schema":{"blockGraphs":[],"customGraphs":[],"default":{"data":{"Article":[],"Course":[],"Dataset":[],"FAQPage":[],"Movie":[],"Person":[],"Product":[],"Recipe":[],"Service":[],"SoftwareApplication":[],"WebPage":[]},"graphName":"","isEnabled":true},"graphs":[]},"schema_type":"default","schema_type_options":null,"pillar_content":false,"robots_default":true,"robots_noindex":false,"robots_noarchive":false,"robots_nosnippet":false,"robots_nofollow":false,"robots_noimageindex":false,"robots_noodp":false,"robots_notranslate":false,"robots_max_snippet":null,"robots_max_videopreview":null,"robots_max_imagepreview":"large","priority":null,"frequency":null,"local_seo":null,"breadcrumb_settings":null,"limit_modified_date":false,"created":"2024-04-11 01:55:24","updated":"2025-06-22 16:49:57"},"aioseo_breadcrumb":"<div class=\"aioseo-breadcrumbs\"><span class=\"aioseo-breadcrumb\">\n\t<a href=\"https:\/\/www.rucashk.com\/es\" title=\"Home\">Home<\/a>\n<\/span><span class=\"aioseo-breadcrumb-separator\">&raquo;<\/span><span class=\"aioseo-breadcrumb\">\n\t<a href=\"https:\/\/www.rucashk.com\/es\/products\/\" title=\"Productos\">Productos<\/a>\n<\/span><span class=\"aioseo-breadcrumb-separator\">&raquo;<\/span><span class=\"aioseo-breadcrumb\">\n\t<a href=\"https:\/\/www.rucashk.com\/es\/categoria-producto\/other-a-brands\/\" title=\"Other A-Brands\">Other A-Brands<\/a>\n<\/span><span class=\"aioseo-breadcrumb-separator\">&raquo;<\/span><span class=\"aioseo-breadcrumb\">\n\tFitbit\u00a0Versa Lite\n<\/span><\/div>","aioseo_breadcrumb_json":[{"label":"Home","link":"https:\/\/www.rucashk.com\/es"},{"label":"Productos","link":"https:\/\/www.rucashk.com\/es\/products\/"},{"label":"Other A-Brands","link":"https:\/\/www.rucashk.com\/es\/categoria-producto\/other-a-brands\/"},{"label":"Fitbit\u00a0Versa Lite","link":"https:\/\/www.rucashk.com\/es\/producto\/fitbit-versa-lite\/"}],"_links":{"self":[{"href":"https:\/\/www.rucashk.com\/es\/wp-json\/wp\/v2\/product\/22713","targetHints":{"allow":["GET"]}}],"collection":[{"href":"https:\/\/www.rucashk.com\/es\/wp-json\/wp\/v2\/product"}],"about":[{"href":"https:\/\/www.rucashk.com\/es\/wp-json\/wp\/v2\/types\/product"}],"wp:featuredmedia":[{"embeddable":true,"href":"https:\/\/www.rucashk.com\/es\/wp-json\/wp\/v2\/media\/22830"}],"wp:attachment":[{"href":"https:\/\/www.rucashk.com\/es\/wp-json\/wp\/v2\/media?parent=22713"}],"wp:term":[{"taxonomy":"product_brand","embeddable":true,"href":"https:\/\/www.rucashk.com\/es\/wp-json\/wp\/v2\/product_brand?post=22713"},{"taxonomy":"product_cat","embeddable":true,"href":"https:\/\/www.rucashk.com\/es\/wp-json\/wp\/v2\/product_cat?post=22713"},{"taxonomy":"product_tag","embeddable":true,"href":"https:\/\/www.rucashk.com\/es\/wp-json\/wp\/v2\/product_tag?post=22713"}],"curies":[{"name":"wp","href":"https:\/\/api.w.org\/{rel}","templated":true}]}}