{"id":22706,"date":"2024-01-09T15:47:07","date_gmt":"2024-01-09T15:47:07","guid":{"rendered":"http:\/\/rucashk.com\/?post_type=product&#038;p=22706"},"modified":"2024-03-11T07:55:41","modified_gmt":"2024-03-11T07:55:41","slug":"xiaomi-redmi-3s","status":"publish","type":"product","link":"https:\/\/www.rucashk.com\/es\/producto\/xiaomi-redmi-3s\/","title":{"rendered":"Xiaomi Mi 3S"},"content":{"rendered":"<h2><img fetchpriority=\"high\" decoding=\"async\" class=\"product_lazy aligncenter\" src=\"\/wp-content\/uploads\/replace\/aa768c7b5c1428d6a72f2c93acb94a61.jpeg\" alt=\"Xiaomi Redmi 3S\" width=\"800\" height=\"415\" data-original=\"\/\/img.gkbcdn.com\/s3\/d\/201606\/90aad697-6648-4503-b84d-30ce0679f78a.jpg\" \/><img decoding=\"async\" class=\"product_lazy aligncenter\" src=\"\/wp-content\/uploads\/replace\/0e6ab553a80728b5ec4c205ef62f561f.jpeg\" alt=\"Xiaomi Redmi 3S\" width=\"800\" height=\"249\" data-original=\"\/\/img.gkbcdn.com\/s3\/d\/201606\/97e46e33-1d83-4903-bc8d-d3ac57fffc4f.jpg\" \/><img decoding=\"async\" class=\"product_lazy aligncenter\" src=\"\/wp-content\/uploads\/replace\/8d5717e5de7624a0f918d782ff604cd3.jpeg\" alt=\"Xiaomi Redmi 3S\" width=\"800\" height=\"897\" data-original=\"\/\/img.gkbcdn.com\/s3\/d\/201606\/26952c9b-6d15-4fb3-9373-b8d02258e1ff.jpg\" \/><img loading=\"lazy\" decoding=\"async\" class=\"product_lazy aligncenter\" src=\"\/wp-content\/uploads\/replace\/452926bad8009ac5fce83e1dce93dc7d.jpeg\" alt=\"Xiaomi Redmi 3S\" width=\"800\" height=\"618\" data-original=\"\/\/img.gkbcdn.com\/s3\/d\/201606\/53b1d986-8706-42cc-8c94-d0758e05ccd6.jpg\" \/><img loading=\"lazy\" decoding=\"async\" class=\"product_lazy aligncenter\" src=\"\/wp-content\/uploads\/replace\/d97729f283b3c7b7b8b62464db9b2edf.jpeg\" alt=\"Xiaomi Redmi 3S\" width=\"800\" height=\"799\" data-original=\"\/\/img.gkbcdn.com\/s3\/d\/201606\/527ee2ee-7ee9-4402-b834-e551f159c08e.jpg\" \/><img loading=\"lazy\" decoding=\"async\" class=\"product_lazy aligncenter\" src=\"\/wp-content\/uploads\/replace\/172ebe68c4a1308535e3165d100ab788.jpeg\" alt=\"Xiaomi Redmi 3S\" width=\"800\" height=\"524\" data-original=\"\/\/img.gkbcdn.com\/s3\/d\/201606\/5524d4f1-aec3-47ab-aa25-11b346af8b03.jpg\" \/><img loading=\"lazy\" decoding=\"async\" class=\"product_lazy aligncenter\" src=\"\/wp-content\/uploads\/replace\/3b5efe54e30030158353407359da93f3.jpeg\" alt=\"Xiaomi Redmi 3S\" width=\"800\" height=\"496\" data-original=\"\/\/img.gkbcdn.com\/s3\/d\/201606\/7da78ff6-690f-44f3-9513-1084fd3ee2b3.jpg\" \/><img loading=\"lazy\" decoding=\"async\" class=\"product_lazy aligncenter\" src=\"\/wp-content\/uploads\/replace\/9d1cd44e87f7681f6af72888a26ae792.jpeg\" alt=\"Xiaomi Redmi 3S\" width=\"800\" height=\"694\" data-original=\"\/\/img.gkbcdn.com\/s3\/d\/201606\/3d130af1-43d8-4a82-a22f-6ba19302a15a.jpg\" \/><img loading=\"lazy\" decoding=\"async\" class=\"product_lazy aligncenter\" src=\"\/wp-content\/uploads\/replace\/5c2f8c95bf039a472b8deb4e38936cbe.jpeg\" alt=\"Xiaomi Redmi 3S\" width=\"800\" height=\"453\" data-original=\"\/\/img.gkbcdn.com\/s3\/d\/201606\/20280a60-07a0-4879-9032-7c86fac9d01c.jpg\" \/><img loading=\"lazy\" decoding=\"async\" class=\"product_lazy aligncenter\" src=\"\/wp-content\/uploads\/replace\/90435237b6a7d40e381eae9ad98379e3.jpeg\" alt=\"Xiaomi Redmi 3S\" width=\"800\" height=\"800\" data-original=\"\/\/img.gkbcdn.com\/s3\/d\/201606\/f0742c31-00d2-4562-84a7-db3905cdaf3f.jpg\" \/><\/h2>\n<h2>Especificaci\u00f3n<\/h2>\n<table class=\"jbEidtTable\" border=\"1\" cellspacing=\"0\" cellpadding=\"5\">\n<tbody>\n<tr>\n<th colspan=\"2\">General<\/th>\n<\/tr>\n<tr>\n<td>Marca<\/td>\n<td>Xiaomi<\/td>\n<\/tr>\n<tr>\n<td>Modelo<\/td>\n<td>Redmi 3S<\/td>\n<\/tr>\n<tr>\n<td>Color<\/td>\n<td>Plata<\/td>\n<\/tr>\n<tr>\n<th colspan=\"2\"><strong>Sistema<\/strong><\/th>\n<\/tr>\n<tr>\n<td>Sistema operativo<\/td>\n<td>MIUI 7 Android 6.0<\/td>\n<\/tr>\n<tr>\n<td>UPC<\/td>\n<td>Qualcomm <a class=\"\" style=\"width: auto !important\" href=\"https:\/\/www.rucashk.com\/es\/producto\/mi-mix-3-snapdragon-855-octa-core-5g-smartphone\/\" data-wpil-post-to-id=\"1703\">Snapdragon 430 octava<\/a> N\u00facleo, (4\u00d71,4 GHz + 4\u00d71,1 GHz)<\/td>\n<\/tr>\n<tr>\n<td>GPU<\/td>\n<td>Adren 505<\/td>\n<\/tr>\n<tr>\n<td>RAM<\/td>\n<td>2 GB de RAM LPDDR3<\/td>\n<\/tr>\n<tr>\n<td>ROM<\/td>\n<td>16GB eMMC5.0<\/td>\n<\/tr>\n<tr>\n<td>Almacenamiento extendido<\/td>\n<td>128GB<\/td>\n<\/tr>\n<tr>\n<th colspan=\"2\"><strong>Mostrar<\/strong><\/th>\n<\/tr>\n<tr>\n<td>Tipo de pantalla<\/td>\n<td>Pantalla t\u00e1ctil capacitiva IPS,OGS<\/td>\n<\/tr>\n<tr>\n<td>Tama\u00f1o de pantalla<\/td>\n<td>5,0 pulgadas<\/td>\n<\/tr>\n<tr>\n<td>Resoluci\u00f3n de la pantalla<\/td>\n<td>Pantalla HD de 1280\u00d7720 p\u00edxeles<\/td>\n<\/tr>\n<tr>\n<th colspan=\"2\"><strong>Red<\/strong><\/th>\n<\/tr>\n<tr>\n<td>Conectividad inal\u00e1mbrica<\/td>\n<td>GSM, 3G, 4G, GPS, WiFi, Bluetooth<\/td>\n<\/tr>\n<tr>\n<td>Frecuencia<\/td>\n<td>2GGSM: 850\/900\/1800\/1900MHz;<br \/>\n3G WCDMA: 850\/900\/1900\/2100MHz<br \/>\n4G FDD-LTE: 1800\/2100\/2600MHz, TDD-LTE (B38\/B39\/B40\/B41: 2555-2655MHz)<\/td>\n<\/tr>\n<tr>\n<td>Bluetooth<\/td>\n<td>S\u00ed, 4.1<\/td>\n<\/tr>\n<tr>\n<td>Wifi<\/td>\n<td>S\u00ed, 802.11 b\/g\/n<\/td>\n<\/tr>\n<tr>\n<td>GPS<\/td>\n<td>S\u00ed, integrado, GPS + GLONASS+AGPS+Beidou<\/td>\n<\/tr>\n<tr>\n<th colspan=\"2\"><strong>C\u00e1mara<\/strong><\/th>\n<\/tr>\n<tr>\n<td>Tipo de c\u00e1mara<\/td>\n<td><a class=\"\" style=\"width: auto !important\" href=\"https:\/\/www.rucashk.com\/es\/producto\/xiaomi-pocophone-f1-64gb-6gb-ram-dual-camera\/\" data-wpil-post-to-id=\"11721\">C\u00e1maras duales<\/a> (uno al frente y otro atr\u00e1s)<\/td>\n<\/tr>\n<tr>\n<td>Camara trasera<\/td>\n<td>C\u00e1mara trasera de 13.0MP con PDAF, flash LED, apertura f\/2.0, grabaci\u00f3n de video 1080p<\/td>\n<\/tr>\n<tr>\n<td>C\u00e1mara frontal<\/td>\n<td>C\u00e1mara frontal de 5.0MP, apertura f\/2.2, grabaci\u00f3n de video 1080p<\/td>\n<\/tr>\n<tr>\n<td>Grabaci\u00f3n de v\u00eddeo<\/td>\n<td>S\u00ed<\/td>\n<\/tr>\n<tr>\n<th colspan=\"2\"><strong>Conectividad<\/strong><\/th>\n<\/tr>\n<tr>\n<td>Ranura para tarjeta SIM<\/td>\n<td>Micro + Nano SIM, Doble SIM, Doble modo de espera (SIM1\/2 <a class=\"\" style=\"width: auto !important\" href=\"https:\/\/www.rucashk.com\/es\/airpods-studio-will-support-head-and-neck-monitoring-and-automatic-switching-of-left-and-right-channels\/\" data-wpil-post-to-id=\"7369\">Admite red 4g, se puede configurar en el interruptor de interfaz<\/a> Modo comercial de datos SIM1\/2, otra ranura para tarjeta solo admite GSM en este momento, tarjeta SIM compatible con tarjeta microSD, se puede usar seg\u00fan la demanda)<\/td>\n<\/tr>\n<tr>\n<td>Ranura para tarjetas TF<\/td>\n<td>S\u00ed<\/td>\n<\/tr>\n<tr>\n<td>Ranura micro USB<\/td>\n<td>S\u00ed<\/td>\n<\/tr>\n<tr>\n<td>Salida de audio<\/td>\n<td>S\u00ed (puerto de salida de audio de 3,5 mm)<\/td>\n<\/tr>\n<tr>\n<td>Micr\u00f3fono<\/td>\n<td>Soportado<\/td>\n<\/tr>\n<tr>\n<td>Vocero<\/td>\n<td>Soportado<\/td>\n<\/tr>\n<tr>\n<th colspan=\"2\"><strong>Medios de comunicaci\u00f3n<\/strong><\/th>\n<\/tr>\n<tr>\n<td>Formato de video<\/td>\n<td>MP4, 3GP, MOV, MKV, AVI, FLV, MPEG<\/td>\n<\/tr>\n<tr>\n<td>Formato de audio<\/td>\n<td>FLAC, mono, AAC, MKA, OGG, MIDI, M4A, AMR<\/td>\n<\/tr>\n<tr>\n<td>Formato de imagen<\/td>\n<td>GIF, JPEG, BMP, PNG<\/td>\n<\/tr>\n<tr>\n<td>Radio FM<\/td>\n<td>Soporte de software<\/td>\n<\/tr>\n<tr>\n<th colspan=\"2\">Idioma y caracter\u00edstica<\/th>\n<\/tr>\n<tr>\n<td>Idioma<\/td>\n<td>Bahasa Indonesia, Bahasa Melayu, catal\u00e1n, checo, dan\u00e9s, alem\u00e1n, estonio, ingl\u00e9s, espa\u00f1ol, filipino, franc\u00e9s, croata, italiano, let\u00f3n, lituano, h\u00fangaro, holand\u00e9s, noruego, polaco, portugu\u00e9s, rumano, esloveno, eslovaco, finland\u00e9s, Sueco, vietnamita, turco, griego, b\u00falgaro, ruso, serbio, ucraniano, armenio, hebreo, urdu, \u00e1rabe, persa, hindi, bengal\u00ed, tailand\u00e9s, birmano, camboyano, coreano, japon\u00e9s, chino tradicional\/simplificado, etc.<\/td>\n<\/tr>\n<tr>\n<td>Sensor<\/td>\n<td>Sensor de gravedad, Sensor de luz, Sensor de proximidad<\/td>\n<\/tr>\n<tr>\n<td>Caracter\u00edsticas adicionales<\/td>\n<td>4G, 3G, GPS, OTG, Touch ID, MP3, MP4, calculadora, gesti\u00f3n de archivos ES, cron\u00f3metro, calendario, despertador, Google play, Miracast, correo electr\u00f3nico, G-mail, br\u00fajula, carga r\u00e1pida, etc.<\/td>\n<\/tr>\n<tr>\n<th colspan=\"2\">Bater\u00eda<\/th>\n<\/tr>\n<tr>\n<td>Tipo de Bater\u00eda<\/td>\n<td>Litio<\/td>\n<\/tr>\n<tr>\n<td>Capacidad<\/td>\n<td>Bater\u00eda de 4000 mAh \/ 4100 mAh (t\u00edpica) incorporada<\/td>\n<\/tr>\n<tr>\n<td>Tiempo de espera<\/td>\n<td>Alrededor de 2 ~ 3 d\u00edas<\/td>\n<\/tr>\n<tr>\n<td>Cargador<\/td>\n<td>USB, cargador de viaje<\/td>\n<\/tr>\n<tr>\n<th colspan=\"2\">Dimensi\u00f3n y peso (producto principal)<\/th>\n<\/tr>\n<tr>\n<td>Dimensi\u00f3n<\/td>\n<td>139,3\u00d769,6\u00d78,5 mm<\/td>\n<\/tr>\n<tr>\n<td>Peso<\/td>\n<td>144g<\/td>\n<\/tr>\n<tr>\n<th colspan=\"2\">contenidos del paquete<\/th>\n<\/tr>\n<tr>\n<td colspan=\"2\">1 \u00d7 tel\u00e9fono<\/td>\n<\/tr>\n<tr>\n<td colspan=\"2\">1 \u00d7 bater\u00eda incorporada<\/td>\n<\/tr>\n<tr>\n<td colspan=\"2\">1 \u00d7 cable USB<\/td>\n<\/tr>\n<tr>\n<td colspan=\"2\">1 \u00d7 pasador de expulsi\u00f3n<\/td>\n<\/tr>\n<tr>\n<td colspan=\"2\">1 \u00d7 <a class=\"\" style=\"width: auto !important\" href=\"https:\/\/www.rucashk.com\/es\/producto\/xiaomi-mi-usb-c-charger-65w-output-rate-socket-power-adapter\/\" data-wpil-post-to-id=\"2611\">Adaptador de corriente<\/a> (Se le enviar\u00e1 un adaptador de CA adecuado como pa\u00eds de env\u00edo)<\/td>\n<\/tr>\n<\/tbody>\n<\/table>","protected":false},"excerpt":{"rendered":"<ul>\n<li>5.0 inch HD IPS OGS capacitive screen, 1280&#215;720 pixels<\/li>\n<li>CPU:Qualcomm Snapdragon 430 Octa Core,(4&#215;1.4GHz + 4&#215;1.1GHz)<\/li>\n<li>GPU: Adreno 505<\/li>\n<li>MIUI 7 basado en Android 6.0<\/li>\n<li>2GB LPDDR3 RAM, 16GB ROM eMMC5.0, memoria ampliable hasta 128GB con microSD<\/li>\n<li>Modo de espera dual SIM dual<\/li>\n<li><\/li>\n<\/ul>","protected":false},"featured_media":22821,"template":"","meta":[],"product_brand":[],"product_cat":[1295,1297],"product_tag":[],"class_list":{"0":"post-22706","1":"product","2":"type-product","3":"status-publish","4":"has-post-thumbnail","6":"product_cat-mobile-phone","7":"product_cat-redmi-mobile-phone","9":"first","10":"instock","11":"shipping-taxable","12":"product-type-simple"},"aioseo_notices":[],"aioseo_head":"\n\t\t<!-- All in One SEO Pro 4.5.9.2 - aioseo.com -->\n\t\t<meta name=\"description\" content=\"5.0 inch HD IPS OGS capacitive screen, 1280x720 pixels CPU:Qualcomm Snapdragon 430 Octa Core,(4x1.4GHz + 4x1.1GHz) GPU:Adreno 505 MIUI 7 based on Android 6.0 2GB LPDDR3 RAM, 16GB ROM eMMC5.0, expandable memory up to 128GB with microSD Dual SIM dual standby\" \/>\n\t\t<meta name=\"robots\" content=\"max-image-preview:large\" \/>\n\t\t<link rel=\"canonical\" href=\"https:\/\/www.rucashk.com\/es\/producto\/xiaomi-redmi-3s\/\" \/>\n\t\t<meta name=\"generator\" content=\"All in One SEO Pro (AIOSEO) 4.5.9.2\" \/>\n\t\t<meta property=\"og:locale\" content=\"es_ES\" \/>\n\t\t<meta property=\"og:site_name\" content=\"Rucas - One-stop AIoT Distribution Worldwide\" \/>\n\t\t<meta property=\"og:type\" content=\"article\" \/>\n\t\t<meta property=\"og:title\" content=\"Xiaomi Redmi 3S - Rucas - Wholesale and Distribution\" \/>\n\t\t<meta property=\"og:description\" content=\"5.0 inch HD IPS OGS capacitive screen, 1280x720 pixels CPU:Qualcomm Snapdragon 430 Octa Core,(4x1.4GHz + 4x1.1GHz) GPU:Adreno 505 MIUI 7 based on Android 6.0 2GB LPDDR3 RAM, 16GB ROM eMMC5.0, expandable memory up to 128GB with microSD Dual SIM dual standby\" \/>\n\t\t<meta property=\"og:url\" content=\"https:\/\/www.rucashk.com\/es\/producto\/xiaomi-redmi-3s\/\" \/>\n\t\t<meta property=\"og:image\" content=\"https:\/\/www.rucashk.com\/wp-content\/uploads\/replace\/503b8e645f128a97ccde2b6290747646.jpeg\" \/>\n\t\t<meta property=\"og:image:secure_url\" content=\"https:\/\/www.rucashk.com\/wp-content\/uploads\/replace\/503b8e645f128a97ccde2b6290747646.jpeg\" \/>\n\t\t<meta property=\"og:image:width\" content=\"1456\" \/>\n\t\t<meta property=\"og:image:height\" content=\"816\" \/>\n\t\t<meta property=\"article:published_time\" content=\"2024-01-09T15:47:07+00:00\" \/>\n\t\t<meta property=\"article:modified_time\" content=\"2024-03-11T07:55:41+00:00\" \/>\n\t\t<meta name=\"twitter:card\" content=\"summary_large_image\" \/>\n\t\t<meta name=\"twitter:title\" content=\"Xiaomi Redmi 3S - Rucas - Wholesale and Distribution\" \/>\n\t\t<meta name=\"twitter:description\" content=\"5.0 inch HD IPS OGS capacitive screen, 1280x720 pixels CPU:Qualcomm Snapdragon 430 Octa Core,(4x1.4GHz + 4x1.1GHz) GPU:Adreno 505 MIUI 7 based on Android 6.0 2GB LPDDR3 RAM, 16GB ROM eMMC5.0, expandable memory up to 128GB with microSD Dual SIM dual standby\" \/>\n\t\t<meta name=\"twitter:image\" content=\"https:\/\/www.rucashk.com\/wp-content\/uploads\/replace\/503b8e645f128a97ccde2b6290747646.jpeg\" \/>\n\t\t<script type=\"application\/ld+json\" class=\"aioseo-schema\">\n\t\t\t{\"@context\":\"https:\\\/\\\/schema.org\",\"@graph\":[{\"@type\":\"BreadcrumbList\",\"@id\":\"https:\\\/\\\/www.rucashk.com\\\/es\\\/producto\\\/xiaomi-redmi-3s\\\/#breadcrumblist\",\"itemListElement\":[{\"@type\":\"ListItem\",\"@id\":\"https:\\\/\\\/www.rucashk.com\\\/es\\\/#listItem\",\"position\":1,\"name\":\"Home\",\"item\":\"https:\\\/\\\/www.rucashk.com\\\/es\\\/\",\"nextItem\":\"https:\\\/\\\/www.rucashk.com\\\/es\\\/producto\\\/xiaomi-redmi-3s\\\/#listItem\"},{\"@type\":\"ListItem\",\"@id\":\"https:\\\/\\\/www.rucashk.com\\\/es\\\/producto\\\/xiaomi-redmi-3s\\\/#listItem\",\"position\":2,\"name\":\"Xiaomi Redmi 3S\",\"previousItem\":\"https:\\\/\\\/www.rucashk.com\\\/es\\\/#listItem\"}]},{\"@type\":\"Organization\",\"@id\":\"https:\\\/\\\/www.rucashk.com\\\/es\\\/#organization\",\"name\":\"Rucas\",\"url\":\"https:\\\/\\\/www.rucashk.com\\\/es\\\/\",\"logo\":{\"@type\":\"ImageObject\",\"url\":\"https:\\\/\\\/www.rucashk.com\\\/wp-content\\\/uploads\\\/2023\\\/12\\\/Rucas_campany_logo.png\",\"@id\":\"https:\\\/\\\/www.rucashk.com\\\/es\\\/producto\\\/xiaomi-redmi-3s\\\/#organizationLogo\",\"width\":221,\"height\":65},\"image\":{\"@id\":\"https:\\\/\\\/www.rucashk.com\\\/es\\\/#organizationLogo\"}},{\"@type\":\"Person\",\"@id\":\"https:\\\/\\\/www.rucashk.com\\\/es\\\/author\\\/admin\\\/#author\",\"url\":\"https:\\\/\\\/www.rucashk.com\\\/es\\\/author\\\/admin\\\/\",\"name\":\"admin\",\"image\":{\"@type\":\"ImageObject\",\"@id\":\"https:\\\/\\\/www.rucashk.com\\\/es\\\/producto\\\/xiaomi-redmi-3s\\\/#authorImage\",\"url\":\"https:\\\/\\\/secure.gravatar.com\\\/avatar\\\/b7c8925b09a27e72b30232f8ecaadbd5af0f70a38c78096863fe51b64f031c24?s=96&d=mm&r=g\",\"width\":96,\"height\":96,\"caption\":\"admin\"}},{\"@type\":\"WebPage\",\"@id\":\"https:\\\/\\\/www.rucashk.com\\\/es\\\/producto\\\/xiaomi-redmi-3s\\\/#webpage\",\"url\":\"https:\\\/\\\/www.rucashk.com\\\/es\\\/producto\\\/xiaomi-redmi-3s\\\/\",\"name\":\"Xiaomi Redmi 3S - Rucas - Wholesale and Distribution\",\"description\":\"5.0 inch HD IPS OGS capacitive screen, 1280x720 pixels CPU:Qualcomm Snapdragon 430 Octa Core,(4x1.4GHz + 4x1.1GHz) GPU:Adreno 505 MIUI 7 based on Android 6.0 2GB LPDDR3 RAM, 16GB ROM eMMC5.0, expandable memory up to 128GB with microSD Dual SIM dual standby\",\"inLanguage\":\"es-ES\",\"isPartOf\":{\"@id\":\"https:\\\/\\\/www.rucashk.com\\\/es\\\/#website\"},\"breadcrumb\":{\"@id\":\"https:\\\/\\\/www.rucashk.com\\\/es\\\/producto\\\/xiaomi-redmi-3s\\\/#breadcrumblist\"},\"author\":{\"@id\":\"https:\\\/\\\/www.rucashk.com\\\/es\\\/author\\\/admin\\\/#author\"},\"creator\":{\"@id\":\"https:\\\/\\\/www.rucashk.com\\\/es\\\/author\\\/admin\\\/#author\"},\"image\":{\"@type\":\"ImageObject\",\"url\":\"https:\\\/\\\/www.rucashk.com\\\/wp-content\\\/uploads\\\/2024\\\/01\\\/Xiaomi-Redmi-3s.jpg\",\"@id\":\"https:\\\/\\\/www.rucashk.com\\\/es\\\/producto\\\/xiaomi-redmi-3s\\\/#mainImage\",\"width\":565,\"height\":534},\"primaryImageOfPage\":{\"@id\":\"https:\\\/\\\/www.rucashk.com\\\/es\\\/producto\\\/xiaomi-redmi-3s\\\/#mainImage\"},\"datePublished\":\"2024-01-09T15:47:07+00:00\",\"dateModified\":\"2024-03-11T07:55:41+00:00\"},{\"@type\":\"WebSite\",\"@id\":\"https:\\\/\\\/www.rucashk.com\\\/es\\\/#website\",\"url\":\"https:\\\/\\\/www.rucashk.com\\\/es\\\/\",\"name\":\"Rucas - Wholesale and distribution worldwide\",\"alternateName\":\"Rucas - One-stop AIoT Distribution Worldwide\",\"description\":\"One-stop AIoT Distribution Worldwide\",\"inLanguage\":\"es-ES\",\"publisher\":{\"@id\":\"https:\\\/\\\/www.rucashk.com\\\/es\\\/#organization\"}}]}\n\t\t<\/script>\n\t\t<!-- All in One SEO Pro -->\r\n\t\t<title>Xiaomi Redmi 3S - Rucas - Wholesale and Distribution<\/title>\n\n","aioseo_head_json":{"title":"Xiaomi Redmi 3S - Rucas - Wholesale and Distribution","description":"5.0 inch HD IPS OGS capacitive screen, 1280x720 pixels CPU:Qualcomm Snapdragon 430 Octa Core,(4x1.4GHz + 4x1.1GHz) GPU:Adreno 505 MIUI 7 based on Android 6.0 2GB LPDDR3 RAM, 16GB ROM eMMC5.0, expandable memory up to 128GB with microSD Dual SIM dual standby","canonical_url":"https:\/\/www.rucashk.com\/es\/producto\/xiaomi-redmi-3s\/","robots":"max-image-preview:large","keywords":"","webmasterTools":{"miscellaneous":""},"og:locale":"es_ES","og:site_name":"Rucas - One-stop AIoT Distribution Worldwide","og:type":"article","og:title":"Xiaomi Redmi 3S - Rucas - Wholesale and Distribution","og:description":"5.0 inch HD IPS OGS capacitive screen, 1280x720 pixels CPU:Qualcomm Snapdragon 430 Octa Core,(4x1.4GHz + 4x1.1GHz) GPU:Adreno 505 MIUI 7 based on Android 6.0 2GB LPDDR3 RAM, 16GB ROM eMMC5.0, expandable memory up to 128GB with microSD Dual SIM dual standby","og:url":"https:\/\/www.rucashk.com\/es\/producto\/xiaomi-redmi-3s\/","og:image":"https:\/\/www.rucashk.com\/wp-content\/uploads\/replace\/503b8e645f128a97ccde2b6290747646.jpeg","og:image:secure_url":"https:\/\/www.rucashk.com\/wp-content\/uploads\/replace\/503b8e645f128a97ccde2b6290747646.jpeg","og:image:width":1456,"og:image:height":816,"article:published_time":"2024-01-09T15:47:07+00:00","article:modified_time":"2024-03-11T07:55:41+00:00","twitter:card":"summary_large_image","twitter:title":"Xiaomi Redmi 3S - Rucas - Wholesale and Distribution","twitter:description":"5.0 inch HD IPS OGS capacitive screen, 1280x720 pixels CPU:Qualcomm Snapdragon 430 Octa Core,(4x1.4GHz + 4x1.1GHz) GPU:Adreno 505 MIUI 7 based on Android 6.0 2GB LPDDR3 RAM, 16GB ROM eMMC5.0, expandable memory up to 128GB with microSD Dual SIM dual standby","twitter:image":"https:\/\/www.rucashk.com\/wp-content\/uploads\/replace\/503b8e645f128a97ccde2b6290747646.jpeg","schema":{"@context":"https:\/\/schema.org","@graph":[{"@type":"BreadcrumbList","@id":"https:\/\/www.rucashk.com\/es\/producto\/xiaomi-redmi-3s\/#breadcrumblist","itemListElement":[{"@type":"ListItem","@id":"https:\/\/www.rucashk.com\/es\/#listItem","position":1,"name":"Home","item":"https:\/\/www.rucashk.com\/es\/","nextItem":"https:\/\/www.rucashk.com\/es\/producto\/xiaomi-redmi-3s\/#listItem"},{"@type":"ListItem","@id":"https:\/\/www.rucashk.com\/es\/producto\/xiaomi-redmi-3s\/#listItem","position":2,"name":"Xiaomi Redmi 3S","previousItem":"https:\/\/www.rucashk.com\/es\/#listItem"}]},{"@type":"Organization","@id":"https:\/\/www.rucashk.com\/es\/#organization","name":"Rucas","url":"https:\/\/www.rucashk.com\/es\/","logo":{"@type":"ImageObject","url":"https:\/\/www.rucashk.com\/wp-content\/uploads\/2023\/12\/Rucas_campany_logo.png","@id":"https:\/\/www.rucashk.com\/es\/producto\/xiaomi-redmi-3s\/#organizationLogo","width":221,"height":65},"image":{"@id":"https:\/\/www.rucashk.com\/es\/#organizationLogo"}},{"@type":"Person","@id":"https:\/\/www.rucashk.com\/es\/author\/admin\/#author","url":"https:\/\/www.rucashk.com\/es\/author\/admin\/","name":"admin","image":{"@type":"ImageObject","@id":"https:\/\/www.rucashk.com\/es\/producto\/xiaomi-redmi-3s\/#authorImage","url":"https:\/\/secure.gravatar.com\/avatar\/b7c8925b09a27e72b30232f8ecaadbd5af0f70a38c78096863fe51b64f031c24?s=96&d=mm&r=g","width":96,"height":96,"caption":"admin"}},{"@type":"WebPage","@id":"https:\/\/www.rucashk.com\/es\/producto\/xiaomi-redmi-3s\/#webpage","url":"https:\/\/www.rucashk.com\/es\/producto\/xiaomi-redmi-3s\/","name":"Xiaomi Redmi 3S - Rucas - Wholesale and Distribution","description":"5.0 inch HD IPS OGS capacitive screen, 1280x720 pixels CPU:Qualcomm Snapdragon 430 Octa Core,(4x1.4GHz + 4x1.1GHz) GPU:Adreno 505 MIUI 7 based on Android 6.0 2GB LPDDR3 RAM, 16GB ROM eMMC5.0, expandable memory up to 128GB with microSD Dual SIM dual standby","inLanguage":"es-ES","isPartOf":{"@id":"https:\/\/www.rucashk.com\/es\/#website"},"breadcrumb":{"@id":"https:\/\/www.rucashk.com\/es\/producto\/xiaomi-redmi-3s\/#breadcrumblist"},"author":{"@id":"https:\/\/www.rucashk.com\/es\/author\/admin\/#author"},"creator":{"@id":"https:\/\/www.rucashk.com\/es\/author\/admin\/#author"},"image":{"@type":"ImageObject","url":"https:\/\/www.rucashk.com\/wp-content\/uploads\/2024\/01\/Xiaomi-Redmi-3s.jpg","@id":"https:\/\/www.rucashk.com\/es\/producto\/xiaomi-redmi-3s\/#mainImage","width":565,"height":534},"primaryImageOfPage":{"@id":"https:\/\/www.rucashk.com\/es\/producto\/xiaomi-redmi-3s\/#mainImage"},"datePublished":"2024-01-09T15:47:07+00:00","dateModified":"2024-03-11T07:55:41+00:00"},{"@type":"WebSite","@id":"https:\/\/www.rucashk.com\/es\/#website","url":"https:\/\/www.rucashk.com\/es\/","name":"Rucas - Wholesale and distribution worldwide","alternateName":"Rucas - One-stop AIoT Distribution Worldwide","description":"One-stop AIoT Distribution Worldwide","inLanguage":"es-ES","publisher":{"@id":"https:\/\/www.rucashk.com\/es\/#organization"}}]}},"aioseo_meta_data":{"post_id":"22706","title":null,"description":null,"keywords":null,"keyphrases":null,"primary_term":null,"canonical_url":null,"og_title":null,"og_description":null,"og_object_type":"default","og_image_type":"default","og_image_url":null,"og_image_width":null,"og_image_height":null,"og_image_custom_url":null,"og_image_custom_fields":null,"og_video":null,"og_custom_url":null,"og_article_section":null,"og_article_tags":null,"twitter_use_og":false,"twitter_card":"default","twitter_image_type":"default","twitter_image_url":null,"twitter_image_custom_url":null,"twitter_image_custom_fields":null,"twitter_title":null,"twitter_description":null,"schema":{"blockGraphs":[],"customGraphs":[],"default":{"data":{"Article":[],"Course":[],"Dataset":[],"FAQPage":[],"Movie":[],"Person":[],"Product":[],"Recipe":[],"Service":[],"SoftwareApplication":[],"WebPage":[]},"graphName":"","isEnabled":true},"graphs":[]},"schema_type":"default","schema_type_options":null,"pillar_content":false,"robots_default":true,"robots_noindex":false,"robots_noarchive":false,"robots_nosnippet":false,"robots_nofollow":false,"robots_noimageindex":false,"robots_noodp":false,"robots_notranslate":false,"robots_max_snippet":null,"robots_max_videopreview":null,"robots_max_imagepreview":"large","priority":null,"frequency":null,"local_seo":null,"breadcrumb_settings":null,"limit_modified_date":false,"created":"2024-04-11 01:55:24","updated":"2025-06-22 16:49:54"},"aioseo_breadcrumb":"<div class=\"aioseo-breadcrumbs\"><span class=\"aioseo-breadcrumb\">\n\t<a href=\"https:\/\/www.rucashk.com\/es\" title=\"Home\">Home<\/a>\n<\/span><span class=\"aioseo-breadcrumb-separator\">&raquo;<\/span><span class=\"aioseo-breadcrumb\">\n\t<a href=\"https:\/\/www.rucashk.com\/es\/products\/\" title=\"Productos\">Productos<\/a>\n<\/span><span class=\"aioseo-breadcrumb-separator\">&raquo;<\/span><span class=\"aioseo-breadcrumb\">\n\t<a href=\"https:\/\/www.rucashk.com\/es\/categoria-producto\/mobile-phone\/\" title=\"Mobile Phone\">Mobile Phone<\/a>\n<\/span><span class=\"aioseo-breadcrumb-separator\">&raquo;<\/span><span class=\"aioseo-breadcrumb\">\n\t<a href=\"https:\/\/www.rucashk.com\/es\/categoria-producto\/mobile-phone\/redmi-mobile-phone\/\" title=\"Redmi\">Redmi<\/a>\n<\/span><span class=\"aioseo-breadcrumb-separator\">&raquo;<\/span><span class=\"aioseo-breadcrumb\">\n\tXiaomi Redmi 3S\n<\/span><\/div>","aioseo_breadcrumb_json":[{"label":"Home","link":"https:\/\/www.rucashk.com\/es"},{"label":"Productos","link":"https:\/\/www.rucashk.com\/es\/products\/"},{"label":"Mobile Phone","link":"https:\/\/www.rucashk.com\/es\/categoria-producto\/mobile-phone\/"},{"label":"Redmi","link":"https:\/\/www.rucashk.com\/es\/categoria-producto\/mobile-phone\/redmi-mobile-phone\/"},{"label":"Xiaomi Redmi 3S","link":"https:\/\/www.rucashk.com\/es\/producto\/xiaomi-redmi-3s\/"}],"_links":{"self":[{"href":"https:\/\/www.rucashk.com\/es\/wp-json\/wp\/v2\/product\/22706","targetHints":{"allow":["GET"]}}],"collection":[{"href":"https:\/\/www.rucashk.com\/es\/wp-json\/wp\/v2\/product"}],"about":[{"href":"https:\/\/www.rucashk.com\/es\/wp-json\/wp\/v2\/types\/product"}],"wp:featuredmedia":[{"embeddable":true,"href":"https:\/\/www.rucashk.com\/es\/wp-json\/wp\/v2\/media\/22821"}],"wp:attachment":[{"href":"https:\/\/www.rucashk.com\/es\/wp-json\/wp\/v2\/media?parent=22706"}],"wp:term":[{"taxonomy":"product_brand","embeddable":true,"href":"https:\/\/www.rucashk.com\/es\/wp-json\/wp\/v2\/product_brand?post=22706"},{"taxonomy":"product_cat","embeddable":true,"href":"https:\/\/www.rucashk.com\/es\/wp-json\/wp\/v2\/product_cat?post=22706"},{"taxonomy":"product_tag","embeddable":true,"href":"https:\/\/www.rucashk.com\/es\/wp-json\/wp\/v2\/product_tag?post=22706"}],"curies":[{"name":"wp","href":"https:\/\/api.w.org\/{rel}","templated":true}]}}