{"id":22705,"date":"2024-01-09T15:47:07","date_gmt":"2024-01-09T15:47:07","guid":{"rendered":"http:\/\/rucashk.com\/?post_type=product&#038;p=22705"},"modified":"2024-03-11T07:55:17","modified_gmt":"2024-03-11T07:55:17","slug":"xiaomi-qin1","status":"publish","type":"product","link":"https:\/\/www.rucashk.com\/es\/producto\/xiaomi-qin1\/","title":{"rendered":"Xiaomi Qin1"},"content":{"rendered":"<p><img fetchpriority=\"high\" decoding=\"async\" alt=\"Xiaomi Qin1\" class=\"inline-image aligncenter\" src=\"\/wp-content\/uploads\/replace\/3cade5d6bb97292887d07bf584b2887e.jpeg\" width=\"728\" height=\"728\" \/><\/p>\n<p style=\"text-align: center\"><a href=\"https:\/\/www.gsmarena.com\/xiaomi_qin_feature_phone_official-news-32576.php#\">El tel\u00e9fono viene con una pantalla t\u00e1ctil de 2,80 pulgadas con una resoluci\u00f3n de 240\u00d7320 p\u00edxeles. Xiaomi Qin1 funciona con un procesador MediaTek MT6260A de doble n\u00facleo. Viene con 8 MB de RAM. El Xiaomi Qin1 funciona con una bater\u00eda no extra\u00edble de 1480 mAh.<img decoding=\"async\" class=\"aligncenter\" src=\"\/wp-content\/uploads\/replace\/5f343a67e369e6bd0848f21f9774f76a.jpeg\" alt=\"Official Xiaomi Qin slides\" width=\"706\" height=\"439\" \/><\/a><a href=\"https:\/\/www.gsmarena.com\/xiaomi_qin_feature_phone_official-news-32576.php#\"><br \/>\n<img decoding=\"async\" class=\"aligncenter\" src=\"\/wp-content\/uploads\/replace\/900b63a634d8bd239d091d276698e2d5.jpeg\" alt=\"Official Xiaomi Qin slides\" width=\"706\" height=\"440\" \/>Xiaomi Qin1 incluye 16 MB de almacenamiento incorporado. El Xiaomi Qin1 es un m\u00f3vil dual SIM (GSM y GSM) que acepta tarjetas Nano-SIM y Nano-SIM. El Xiaomi Qin1 mide 132,00 x 53,80 x 8,50 mm (alto x ancho x grosor). Fue <a href=\"https:\/\/www.rucashk.com\/es\/no-more-white-apple-plans-to-launch-its-apple-pencil-for-black-version\/\" class=\"\" style=\"width: auto !important\" data-wpil-post-to-id=\"10770\">lanzado en blanco y negro<\/a> colores.<\/a><\/p>\n<p class=\"image-row clearfix\">\u00a0\u00a0<a href=\"https:\/\/www.gsmarena.com\/xiaomi_qin_feature_phone_official-news-32576.php#\"><img loading=\"lazy\" decoding=\"async\" class=\"aligncenter\" src=\"\/wp-content\/uploads\/replace\/97e7771ef4d3efe13d4ff99c6caf0f47.jpeg\" alt=\"More official images of the Xiaomi Qin phone\" width=\"714\" height=\"714\" \/><\/a><\/p>\n<p style=\"text-align: center\">Opciones de conectividad en el <a href=\"https:\/\/www.rucashk.com\/es\/producto\/xiaomi-redmi-airdots-wireless-earphone-bluetooth-5-0-wholesale\/\" class=\"\" style=\"width: auto !important\" data-wpil-post-to-id=\"3205\">Xiaomi Qin1 incluye Wi-Fi, Bluetooth<\/a> v4.20 y USB tipo C.<\/p>\n<h2 class=\"inc _hd\">Especificaciones completas de Xiaomi Qin1<\/h2>\n<div class=\"_gry-bg _spctbl _ovfhide\">\n<div class=\"_flx\">\n<div class=\"_hd\">General<\/div>\n<\/div>\n<table>\n<tbody>\n<tr>\n<td>Marca<\/td>\n<td>Xiaomi<\/td>\n<\/tr>\n<tr>\n<td>Modelo<\/td>\n<td>Qin1<\/td>\n<\/tr>\n<tr>\n<td>Fecha de lanzamiento<\/td>\n<td>agosto 2018<\/td>\n<\/tr>\n<tr>\n<td>Factor de forma<\/td>\n<td>Bar<\/td>\n<\/tr>\n<tr>\n<td>Dimensiones (mm)<\/td>\n<td>132,00 x 53,80 x 8,50<\/td>\n<\/tr>\n<tr>\n<td>Capacidad de la bater\u00eda (mAh)<\/td>\n<td>1480<\/td>\n<\/tr>\n<tr>\n<td>Bater\u00eda extra\u00edble<\/td>\n<td>No<\/td>\n<\/tr>\n<tr>\n<td>Colores<\/td>\n<td>Blanco negro<\/td>\n<\/tr>\n<\/tbody>\n<\/table>\n<\/div>\n<div class=\"_gry-bg _spctbl _ovfhide\">\n<div class=\"_flx\">\n<div class=\"_hd\">Mostrar<\/div>\n<\/div>\n<table>\n<tbody>\n<tr>\n<td>Tama\u00f1o de pantalla (pulgadas)<\/td>\n<td>2.80<\/td>\n<\/tr>\n<tr>\n<td>Pantalla t\u00e1ctil<\/td>\n<td>S\u00ed<\/td>\n<\/tr>\n<tr>\n<td>Resoluci\u00f3n<\/td>\n<td>240\u00d7320 p\u00edxeles<\/td>\n<\/tr>\n<\/tbody>\n<\/table>\n<\/div>\n<div class=\"_gry-bg _spctbl _ovfhide\">\n<div class=\"_flx\">\n<div class=\"_hd\">Hardware<\/div>\n<\/div>\n<table>\n<tbody>\n<tr>\n<td>Procesador<\/td>\n<td>doble n\u00facleo<\/td>\n<\/tr>\n<tr>\n<td>Marca del procesador<\/td>\n<td>MediaTek MT6260A<\/td>\n<\/tr>\n<tr>\n<td>RAM<\/td>\n<td>8MB<\/td>\n<\/tr>\n<tr>\n<td>Almacenamiento interno<\/td>\n<td>16MB<\/td>\n<\/tr>\n<tr>\n<td>Almacenamiento ampliable<\/td>\n<td>No<\/td>\n<\/tr>\n<\/tbody>\n<\/table>\n<\/div>\n<div class=\"_gry-bg _spctbl _ovfhide\">\n<div class=\"_flx\">\n<div class=\"_hd\">Conectividad<\/div>\n<\/div>\n<table>\n<tbody>\n<tr>\n<td>Wifi<\/td>\n<td>S\u00ed<\/td>\n<\/tr>\n<tr>\n<td>GPS<\/td>\n<td>No<\/td>\n<\/tr>\n<tr>\n<td>Bluetooth<\/td>\n<td>S\u00ed, versi\u00f3n 4.20<\/td>\n<\/tr>\n<tr>\n<td><a href=\"https:\/\/www.rucashk.com\/es\/producto\/xiaomi-anc-earphones-hybrid-usb-type-c-headphones\/\" class=\"\" style=\"width: auto !important\" data-wpil-post-to-id=\"14393\">USB tipo C<\/a><\/td>\n<td>S\u00ed<\/td>\n<\/tr>\n<tr>\n<td>N\u00famero de SIM<\/td>\n<td>2<\/td>\n<\/tr>\n<tr>\n<td class=\"_sim\" colspan=\"2\">Tarjeta SIM 1<\/td>\n<\/tr>\n<tr>\n<td>Tipo de tarjeta SIM<\/td>\n<td>Nano SIM<\/td>\n<\/tr>\n<tr>\n<td>GSM\/CDMA<\/td>\n<td>GSM<\/td>\n<\/tr>\n<tr>\n<td class=\"_sim\" colspan=\"2\">tarjeta SIM 2<\/td>\n<\/tr>\n<tr>\n<td>Tipo de tarjeta SIM<\/td>\n<td>Nano SIM<\/td>\n<\/tr>\n<tr>\n<td>GSM\/CDMA<\/td>\n<td>GSM<\/td>\n<\/tr>\n<\/tbody>\n<\/table>\n<\/div>","protected":false},"excerpt":{"rendered":"<p>Xiaomi Qin1 comes with a 2.8 inches No display with a screen resolution of 240 x 320 pixels. Display type IPS.<br \/>\nThe smartphone makes use of an Dual Core, MediaTek MT6260A 8 MB RAM and 16 MB Storage default memory capacity.<\/p>\n<p>This storage can be expanded up to another Yes with the help of a microSD Card.<\/p>","protected":false},"featured_media":22820,"template":"","meta":[],"product_brand":[],"product_cat":[1295,1296],"product_tag":[],"class_list":{"0":"post-22705","1":"product","2":"type-product","3":"status-publish","4":"has-post-thumbnail","6":"product_cat-mobile-phone","7":"product_cat-xiaomi-mobile-phone","9":"first","10":"instock","11":"shipping-taxable","12":"product-type-external"},"aioseo_notices":[],"aioseo_head":"\n\t\t<!-- All in One SEO Pro 4.5.9.2 - aioseo.com -->\n\t\t<meta name=\"description\" content=\"Xiaomi Qin1 comes with a 2.8 inches No display with a screen resolution of 240 x 320 pixels. Display type IPS. The smartphone makes use of an Dual Core, MediaTek MT6260A 8 MB RAM and 16 MB Storage default memory capacity. This storage can be expanded up to another Yes with the help of a microSD Card.\" \/>\n\t\t<meta name=\"robots\" content=\"max-image-preview:large\" \/>\n\t\t<link rel=\"canonical\" href=\"https:\/\/www.rucashk.com\/es\/producto\/xiaomi-qin1\/\" \/>\n\t\t<meta name=\"generator\" content=\"All in One SEO Pro (AIOSEO) 4.5.9.2\" \/>\n\t\t<meta property=\"og:locale\" content=\"es_ES\" \/>\n\t\t<meta property=\"og:site_name\" content=\"Rucas - One-stop AIoT Distribution Worldwide\" \/>\n\t\t<meta property=\"og:type\" content=\"article\" \/>\n\t\t<meta property=\"og:title\" content=\"Xiaomi Qin1 - Rucas - Wholesale and Distribution\" \/>\n\t\t<meta property=\"og:description\" content=\"Xiaomi Qin1 comes with a 2.8 inches No display with a screen resolution of 240 x 320 pixels. Display type IPS. The smartphone makes use of an Dual Core, MediaTek MT6260A 8 MB RAM and 16 MB Storage default memory capacity. This storage can be expanded up to another Yes with the help of a microSD Card.\" \/>\n\t\t<meta property=\"og:url\" content=\"https:\/\/www.rucashk.com\/es\/producto\/xiaomi-qin1\/\" \/>\n\t\t<meta property=\"og:image\" content=\"https:\/\/www.rucashk.com\/wp-content\/uploads\/replace\/503b8e645f128a97ccde2b6290747646.jpeg\" \/>\n\t\t<meta property=\"og:image:secure_url\" content=\"https:\/\/www.rucashk.com\/wp-content\/uploads\/replace\/503b8e645f128a97ccde2b6290747646.jpeg\" \/>\n\t\t<meta property=\"og:image:width\" content=\"1456\" \/>\n\t\t<meta property=\"og:image:height\" content=\"816\" \/>\n\t\t<meta property=\"article:published_time\" content=\"2024-01-09T15:47:07+00:00\" \/>\n\t\t<meta property=\"article:modified_time\" content=\"2024-03-11T07:55:17+00:00\" \/>\n\t\t<meta name=\"twitter:card\" content=\"summary_large_image\" \/>\n\t\t<meta name=\"twitter:title\" content=\"Xiaomi Qin1 - Rucas - Wholesale and Distribution\" \/>\n\t\t<meta name=\"twitter:description\" content=\"Xiaomi Qin1 comes with a 2.8 inches No display with a screen resolution of 240 x 320 pixels. Display type IPS. The smartphone makes use of an Dual Core, MediaTek MT6260A 8 MB RAM and 16 MB Storage default memory capacity. This storage can be expanded up to another Yes with the help of a microSD Card.\" \/>\n\t\t<meta name=\"twitter:image\" content=\"https:\/\/www.rucashk.com\/wp-content\/uploads\/replace\/503b8e645f128a97ccde2b6290747646.jpeg\" \/>\n\t\t<script type=\"application\/ld+json\" class=\"aioseo-schema\">\n\t\t\t{\"@context\":\"https:\\\/\\\/schema.org\",\"@graph\":[{\"@type\":\"BreadcrumbList\",\"@id\":\"https:\\\/\\\/www.rucashk.com\\\/es\\\/producto\\\/xiaomi-qin1\\\/#breadcrumblist\",\"itemListElement\":[{\"@type\":\"ListItem\",\"@id\":\"https:\\\/\\\/www.rucashk.com\\\/es\\\/#listItem\",\"position\":1,\"name\":\"Home\",\"item\":\"https:\\\/\\\/www.rucashk.com\\\/es\\\/\",\"nextItem\":\"https:\\\/\\\/www.rucashk.com\\\/es\\\/producto\\\/xiaomi-qin1\\\/#listItem\"},{\"@type\":\"ListItem\",\"@id\":\"https:\\\/\\\/www.rucashk.com\\\/es\\\/producto\\\/xiaomi-qin1\\\/#listItem\",\"position\":2,\"name\":\"Xiaomi Qin1\",\"previousItem\":\"https:\\\/\\\/www.rucashk.com\\\/es\\\/#listItem\"}]},{\"@type\":\"Organization\",\"@id\":\"https:\\\/\\\/www.rucashk.com\\\/es\\\/#organization\",\"name\":\"Rucas\",\"url\":\"https:\\\/\\\/www.rucashk.com\\\/es\\\/\",\"logo\":{\"@type\":\"ImageObject\",\"url\":\"https:\\\/\\\/www.rucashk.com\\\/wp-content\\\/uploads\\\/2023\\\/12\\\/Rucas_campany_logo.png\",\"@id\":\"https:\\\/\\\/www.rucashk.com\\\/es\\\/producto\\\/xiaomi-qin1\\\/#organizationLogo\",\"width\":221,\"height\":65},\"image\":{\"@id\":\"https:\\\/\\\/www.rucashk.com\\\/es\\\/#organizationLogo\"}},{\"@type\":\"Person\",\"@id\":\"https:\\\/\\\/www.rucashk.com\\\/es\\\/author\\\/admin\\\/#author\",\"url\":\"https:\\\/\\\/www.rucashk.com\\\/es\\\/author\\\/admin\\\/\",\"name\":\"admin\",\"image\":{\"@type\":\"ImageObject\",\"@id\":\"https:\\\/\\\/www.rucashk.com\\\/es\\\/producto\\\/xiaomi-qin1\\\/#authorImage\",\"url\":\"https:\\\/\\\/secure.gravatar.com\\\/avatar\\\/b7c8925b09a27e72b30232f8ecaadbd5af0f70a38c78096863fe51b64f031c24?s=96&d=mm&r=g\",\"width\":96,\"height\":96,\"caption\":\"admin\"}},{\"@type\":\"WebPage\",\"@id\":\"https:\\\/\\\/www.rucashk.com\\\/es\\\/producto\\\/xiaomi-qin1\\\/#webpage\",\"url\":\"https:\\\/\\\/www.rucashk.com\\\/es\\\/producto\\\/xiaomi-qin1\\\/\",\"name\":\"Xiaomi Qin1 - Rucas - Wholesale and Distribution\",\"description\":\"Xiaomi Qin1 comes with a 2.8 inches No display with a screen resolution of 240 x 320 pixels. Display type IPS. The smartphone makes use of an Dual Core, MediaTek MT6260A 8 MB RAM and 16 MB Storage default memory capacity. This storage can be expanded up to another Yes with the help of a microSD Card.\",\"inLanguage\":\"es-ES\",\"isPartOf\":{\"@id\":\"https:\\\/\\\/www.rucashk.com\\\/es\\\/#website\"},\"breadcrumb\":{\"@id\":\"https:\\\/\\\/www.rucashk.com\\\/es\\\/producto\\\/xiaomi-qin1\\\/#breadcrumblist\"},\"author\":{\"@id\":\"https:\\\/\\\/www.rucashk.com\\\/es\\\/author\\\/admin\\\/#author\"},\"creator\":{\"@id\":\"https:\\\/\\\/www.rucashk.com\\\/es\\\/author\\\/admin\\\/#author\"},\"image\":{\"@type\":\"ImageObject\",\"url\":\"https:\\\/\\\/www.rucashk.com\\\/wp-content\\\/uploads\\\/2024\\\/01\\\/xiaomi-qin1.jpg\",\"@id\":\"https:\\\/\\\/www.rucashk.com\\\/es\\\/producto\\\/xiaomi-qin1\\\/#mainImage\",\"width\":549,\"height\":546},\"primaryImageOfPage\":{\"@id\":\"https:\\\/\\\/www.rucashk.com\\\/es\\\/producto\\\/xiaomi-qin1\\\/#mainImage\"},\"datePublished\":\"2024-01-09T15:47:07+00:00\",\"dateModified\":\"2024-03-11T07:55:17+00:00\"},{\"@type\":\"WebSite\",\"@id\":\"https:\\\/\\\/www.rucashk.com\\\/es\\\/#website\",\"url\":\"https:\\\/\\\/www.rucashk.com\\\/es\\\/\",\"name\":\"Rucas - Wholesale and distribution worldwide\",\"alternateName\":\"Rucas - One-stop AIoT Distribution Worldwide\",\"description\":\"One-stop AIoT Distribution Worldwide\",\"inLanguage\":\"es-ES\",\"publisher\":{\"@id\":\"https:\\\/\\\/www.rucashk.com\\\/es\\\/#organization\"}}]}\n\t\t<\/script>\n\t\t<!-- All in One SEO Pro -->\r\n\t\t<title>Xiaomi Qin1 - Rucas - Wholesale and Distribution<\/title>\n\n","aioseo_head_json":{"title":"Xiaomi Qin1 - Rucas - Wholesale and Distribution","description":"Xiaomi Qin1 comes with a 2.8 inches No display with a screen resolution of 240 x 320 pixels. Display type IPS. The smartphone makes use of an Dual Core, MediaTek MT6260A 8 MB RAM and 16 MB Storage default memory capacity. This storage can be expanded up to another Yes with the help of a microSD Card.","canonical_url":"https:\/\/www.rucashk.com\/es\/producto\/xiaomi-qin1\/","robots":"max-image-preview:large","keywords":"","webmasterTools":{"miscellaneous":""},"og:locale":"es_ES","og:site_name":"Rucas - One-stop AIoT Distribution Worldwide","og:type":"article","og:title":"Xiaomi Qin1 - Rucas - Wholesale and Distribution","og:description":"Xiaomi Qin1 comes with a 2.8 inches No display with a screen resolution of 240 x 320 pixels. Display type IPS. The smartphone makes use of an Dual Core, MediaTek MT6260A 8 MB RAM and 16 MB Storage default memory capacity. This storage can be expanded up to another Yes with the help of a microSD Card.","og:url":"https:\/\/www.rucashk.com\/es\/producto\/xiaomi-qin1\/","og:image":"https:\/\/www.rucashk.com\/wp-content\/uploads\/replace\/503b8e645f128a97ccde2b6290747646.jpeg","og:image:secure_url":"https:\/\/www.rucashk.com\/wp-content\/uploads\/replace\/503b8e645f128a97ccde2b6290747646.jpeg","og:image:width":1456,"og:image:height":816,"article:published_time":"2024-01-09T15:47:07+00:00","article:modified_time":"2024-03-11T07:55:17+00:00","twitter:card":"summary_large_image","twitter:title":"Xiaomi Qin1 - Rucas - Wholesale and Distribution","twitter:description":"Xiaomi Qin1 comes with a 2.8 inches No display with a screen resolution of 240 x 320 pixels. Display type IPS. The smartphone makes use of an Dual Core, MediaTek MT6260A 8 MB RAM and 16 MB Storage default memory capacity. This storage can be expanded up to another Yes with the help of a microSD Card.","twitter:image":"https:\/\/www.rucashk.com\/wp-content\/uploads\/replace\/503b8e645f128a97ccde2b6290747646.jpeg","schema":{"@context":"https:\/\/schema.org","@graph":[{"@type":"BreadcrumbList","@id":"https:\/\/www.rucashk.com\/es\/producto\/xiaomi-qin1\/#breadcrumblist","itemListElement":[{"@type":"ListItem","@id":"https:\/\/www.rucashk.com\/es\/#listItem","position":1,"name":"Home","item":"https:\/\/www.rucashk.com\/es\/","nextItem":"https:\/\/www.rucashk.com\/es\/producto\/xiaomi-qin1\/#listItem"},{"@type":"ListItem","@id":"https:\/\/www.rucashk.com\/es\/producto\/xiaomi-qin1\/#listItem","position":2,"name":"Xiaomi Qin1","previousItem":"https:\/\/www.rucashk.com\/es\/#listItem"}]},{"@type":"Organization","@id":"https:\/\/www.rucashk.com\/es\/#organization","name":"Rucas","url":"https:\/\/www.rucashk.com\/es\/","logo":{"@type":"ImageObject","url":"https:\/\/www.rucashk.com\/wp-content\/uploads\/2023\/12\/Rucas_campany_logo.png","@id":"https:\/\/www.rucashk.com\/es\/producto\/xiaomi-qin1\/#organizationLogo","width":221,"height":65},"image":{"@id":"https:\/\/www.rucashk.com\/es\/#organizationLogo"}},{"@type":"Person","@id":"https:\/\/www.rucashk.com\/es\/author\/admin\/#author","url":"https:\/\/www.rucashk.com\/es\/author\/admin\/","name":"admin","image":{"@type":"ImageObject","@id":"https:\/\/www.rucashk.com\/es\/producto\/xiaomi-qin1\/#authorImage","url":"https:\/\/secure.gravatar.com\/avatar\/b7c8925b09a27e72b30232f8ecaadbd5af0f70a38c78096863fe51b64f031c24?s=96&d=mm&r=g","width":96,"height":96,"caption":"admin"}},{"@type":"WebPage","@id":"https:\/\/www.rucashk.com\/es\/producto\/xiaomi-qin1\/#webpage","url":"https:\/\/www.rucashk.com\/es\/producto\/xiaomi-qin1\/","name":"Xiaomi Qin1 - Rucas - Wholesale and Distribution","description":"Xiaomi Qin1 comes with a 2.8 inches No display with a screen resolution of 240 x 320 pixels. Display type IPS. The smartphone makes use of an Dual Core, MediaTek MT6260A 8 MB RAM and 16 MB Storage default memory capacity. This storage can be expanded up to another Yes with the help of a microSD Card.","inLanguage":"es-ES","isPartOf":{"@id":"https:\/\/www.rucashk.com\/es\/#website"},"breadcrumb":{"@id":"https:\/\/www.rucashk.com\/es\/producto\/xiaomi-qin1\/#breadcrumblist"},"author":{"@id":"https:\/\/www.rucashk.com\/es\/author\/admin\/#author"},"creator":{"@id":"https:\/\/www.rucashk.com\/es\/author\/admin\/#author"},"image":{"@type":"ImageObject","url":"https:\/\/www.rucashk.com\/wp-content\/uploads\/2024\/01\/xiaomi-qin1.jpg","@id":"https:\/\/www.rucashk.com\/es\/producto\/xiaomi-qin1\/#mainImage","width":549,"height":546},"primaryImageOfPage":{"@id":"https:\/\/www.rucashk.com\/es\/producto\/xiaomi-qin1\/#mainImage"},"datePublished":"2024-01-09T15:47:07+00:00","dateModified":"2024-03-11T07:55:17+00:00"},{"@type":"WebSite","@id":"https:\/\/www.rucashk.com\/es\/#website","url":"https:\/\/www.rucashk.com\/es\/","name":"Rucas - Wholesale and distribution worldwide","alternateName":"Rucas - One-stop AIoT Distribution Worldwide","description":"One-stop AIoT Distribution Worldwide","inLanguage":"es-ES","publisher":{"@id":"https:\/\/www.rucashk.com\/es\/#organization"}}]}},"aioseo_meta_data":{"post_id":"22705","title":null,"description":null,"keywords":null,"keyphrases":null,"primary_term":null,"canonical_url":null,"og_title":null,"og_description":null,"og_object_type":"default","og_image_type":"default","og_image_url":null,"og_image_width":null,"og_image_height":null,"og_image_custom_url":null,"og_image_custom_fields":null,"og_video":null,"og_custom_url":null,"og_article_section":null,"og_article_tags":null,"twitter_use_og":false,"twitter_card":"default","twitter_image_type":"default","twitter_image_url":null,"twitter_image_custom_url":null,"twitter_image_custom_fields":null,"twitter_title":null,"twitter_description":null,"schema":{"blockGraphs":[],"customGraphs":[],"default":{"data":{"Article":[],"Course":[],"Dataset":[],"FAQPage":[],"Movie":[],"Person":[],"Product":[],"Recipe":[],"Service":[],"SoftwareApplication":[],"WebPage":[]},"graphName":"","isEnabled":true},"graphs":[]},"schema_type":"default","schema_type_options":null,"pillar_content":false,"robots_default":true,"robots_noindex":false,"robots_noarchive":false,"robots_nosnippet":false,"robots_nofollow":false,"robots_noimageindex":false,"robots_noodp":false,"robots_notranslate":false,"robots_max_snippet":null,"robots_max_videopreview":null,"robots_max_imagepreview":"large","priority":null,"frequency":null,"local_seo":null,"breadcrumb_settings":null,"limit_modified_date":false,"created":"2024-04-11 01:55:24","updated":"2025-06-22 16:49:03"},"aioseo_breadcrumb":"<div class=\"aioseo-breadcrumbs\"><span class=\"aioseo-breadcrumb\">\n\t<a href=\"https:\/\/www.rucashk.com\/es\" title=\"Home\">Home<\/a>\n<\/span><span class=\"aioseo-breadcrumb-separator\">&raquo;<\/span><span class=\"aioseo-breadcrumb\">\n\t<a href=\"https:\/\/www.rucashk.com\/es\/products\/\" title=\"Productos\">Productos<\/a>\n<\/span><span class=\"aioseo-breadcrumb-separator\">&raquo;<\/span><span class=\"aioseo-breadcrumb\">\n\t<a href=\"https:\/\/www.rucashk.com\/es\/categoria-producto\/mobile-phone\/\" title=\"Mobile Phone\">Mobile Phone<\/a>\n<\/span><span class=\"aioseo-breadcrumb-separator\">&raquo;<\/span><span class=\"aioseo-breadcrumb\">\n\t<a href=\"https:\/\/www.rucashk.com\/es\/categoria-producto\/mobile-phone\/xiaomi-mobile-phone\/\" title=\"Xiaomi\">Xiaomi<\/a>\n<\/span><span class=\"aioseo-breadcrumb-separator\">&raquo;<\/span><span class=\"aioseo-breadcrumb\">\n\tXiaomi Qin1\n<\/span><\/div>","aioseo_breadcrumb_json":[{"label":"Home","link":"https:\/\/www.rucashk.com\/es"},{"label":"Productos","link":"https:\/\/www.rucashk.com\/es\/products\/"},{"label":"Mobile Phone","link":"https:\/\/www.rucashk.com\/es\/categoria-producto\/mobile-phone\/"},{"label":"Xiaomi","link":"https:\/\/www.rucashk.com\/es\/categoria-producto\/mobile-phone\/xiaomi-mobile-phone\/"},{"label":"Xiaomi Qin1","link":"https:\/\/www.rucashk.com\/es\/producto\/xiaomi-qin1\/"}],"_links":{"self":[{"href":"https:\/\/www.rucashk.com\/es\/wp-json\/wp\/v2\/product\/22705","targetHints":{"allow":["GET"]}}],"collection":[{"href":"https:\/\/www.rucashk.com\/es\/wp-json\/wp\/v2\/product"}],"about":[{"href":"https:\/\/www.rucashk.com\/es\/wp-json\/wp\/v2\/types\/product"}],"wp:featuredmedia":[{"embeddable":true,"href":"https:\/\/www.rucashk.com\/es\/wp-json\/wp\/v2\/media\/22820"}],"wp:attachment":[{"href":"https:\/\/www.rucashk.com\/es\/wp-json\/wp\/v2\/media?parent=22705"}],"wp:term":[{"taxonomy":"product_brand","embeddable":true,"href":"https:\/\/www.rucashk.com\/es\/wp-json\/wp\/v2\/product_brand?post=22705"},{"taxonomy":"product_cat","embeddable":true,"href":"https:\/\/www.rucashk.com\/es\/wp-json\/wp\/v2\/product_cat?post=22705"},{"taxonomy":"product_tag","embeddable":true,"href":"https:\/\/www.rucashk.com\/es\/wp-json\/wp\/v2\/product_tag?post=22705"}],"curies":[{"name":"wp","href":"https:\/\/api.w.org\/{rel}","templated":true}]}}