{"id":22671,"date":"2024-01-09T15:46:42","date_gmt":"2024-01-09T15:46:42","guid":{"rendered":"http:\/\/rucashk.com\/?post_type=product&#038;p=22671"},"modified":"2024-03-13T10:17:06","modified_gmt":"2024-03-13T10:17:06","slug":"xiaomi-mi-wifi-amplifier-pro-wholesale","status":"publish","type":"product","link":"https:\/\/www.rucashk.com\/es\/producto\/xiaomi-mi-wifi-amplifier-pro-wholesale\/","title":{"rendered":"Amplificador Xiaomi Mi Wifi Pro al por mayor"},"content":{"rendered":"<p><img fetchpriority=\"high\" decoding=\"async\" class=\"alignnone\" src=\"\/wp-content\/uploads\/replace\/81869eadf1cf71175cb1364cc8bbefa2.jpeg\" alt=\"Xiaomi Mi Wifi Amplifier Pro Wholesale\" width=\"1000\" height=\"1000\" \/><img decoding=\"async\" class=\"alignnone\" src=\"\/wp-content\/uploads\/replace\/69068e1e2af37e9edf9ed4698b4321e5.jpeg\" alt=\"Xiaomi Mi Wifi Amplifier Pro Wholesale\" width=\"1000\" height=\"1007\" \/><img decoding=\"async\" alt=\"Xiaomi Mi Wifi Amplifier Pro Wholesale\" src=\"\/wp-content\/uploads\/replace\/b6848af59f8582ad8c4efd2eac7344c7.jpeg\" \/><img decoding=\"async\" class=\"alignnone\" src=\"\/wp-content\/uploads\/replace\/1bec4fd6fa6f1fc68c621fbcecd99cec.jpeg\" alt=\"Xiaomi Mi Wifi Amplifier Pro Wholesale\" width=\"1000\" height=\"843\" \/><img loading=\"lazy\" decoding=\"async\" class=\"alignnone\" src=\"\/wp-content\/uploads\/replace\/c16419ce6f35372e4036e0fbfbc706b0.jpeg\" alt=\"Xiaomi Mi Wifi Amplifier Pro Wholesale\" width=\"1000\" height=\"995\" \/><img loading=\"lazy\" decoding=\"async\" class=\"alignnone\" src=\"\/wp-content\/uploads\/replace\/e7f050ab0bdfa35c228503a6c634e295.jpeg\" alt=\"Xiaomi Mi Wifi Amplifier Pro Wholesale\" width=\"1000\" height=\"1037\" \/><img loading=\"lazy\" decoding=\"async\" class=\"alignnone\" src=\"\/wp-content\/uploads\/replace\/16590f0f70c02644d5242134689d32fb.jpeg\" alt=\"Xiaomi Mi Wifi Amplifier Pro Wholesale\" width=\"1000\" height=\"993\" \/><img loading=\"lazy\" decoding=\"async\" class=\"alignnone\" src=\"\/wp-content\/uploads\/replace\/b1a0da30aaf322df8cb8c77c8594a54c.jpeg\" alt=\"Xiaomi Mi Wifi Amplifier Pro Wholesale\" width=\"1000\" height=\"688\" \/><\/p>","protected":false},"excerpt":{"rendered":"<p><strong>Principales caracter\u00edsticas:<\/strong><br \/>\n\u25cf2 antenas externas<br \/>\nAntena externa dual de alta ganancia con velocidades de transferencia de hasta 300 Mbps.<br \/>\n\u25cfFunciona con la mayor\u00eda de los enrutadores<br \/>\nAmpl\u00ede su WiFi y proporcione una cobertura confiable, compatible con la mayor\u00eda de enrutadores o puertas de enlace est\u00e1ndar.<br \/>\n\u25cfDise\u00f1o montado en la pared<br \/>\nF\u00e1cil de conectar a cualquier toma de corriente para expansi\u00f3n WiFi, plug and play despu\u00e9s de la primera configuraci\u00f3n.<br \/>\n\u25cfActualizaci\u00f3n autom\u00e1tica<br \/>\nSe actualizar\u00e1 autom\u00e1ticamente sin operaciones engorrosas.<br \/>\n\u25cfAmpliar la cobertura Wi-Fi<br \/>\nAdmite hasta 64 dispositivos para conectarse al mismo tiempo, manteni\u00e9ndose conectado desde todos los rincones.<\/p>","protected":false},"featured_media":22812,"template":"","meta":[],"product_brand":[],"product_cat":[1315,1305],"product_tag":[767],"class_list":{"0":"post-22671","1":"product","2":"type-product","3":"status-publish","4":"has-post-thumbnail","6":"product_cat-tv-accessories","7":"product_cat-xiaomi-eco","8":"product_tag-xiaomi-mi-wifi-amplifier-pro","10":"first","11":"instock","12":"shipping-taxable","13":"product-type-external"},"aioseo_notices":[],"aioseo_head":"\n\t\t<!-- All in One SEO Pro 4.5.9.2 - aioseo.com -->\n\t\t<meta name=\"description\" content=\"Main Features: \u25cf2 external antennas Dual external high gain antenna with transfer rates up to 300Mbps. \u25cfWorks with most routers Extend your WiFi and provide reliable coverage, compatible with most standard routers or gateways. \u25cfWall-mounted design Easy to plug into any outlet for WiFi expansion, plug and play after the first setup. \u25cfAutomatic update It will be updated automatically without any cumbersome operations. \u25cfExpand Wi-Fi coverage Supports up to 64 devices to connect at the same time, staying connected from all corners.\" \/>\n\t\t<meta name=\"robots\" content=\"max-image-preview:large\" \/>\n\t\t<link rel=\"canonical\" href=\"https:\/\/www.rucashk.com\/es\/producto\/xiaomi-mi-wifi-amplifier-pro-wholesale\/\" \/>\n\t\t<meta name=\"generator\" content=\"All in One SEO Pro (AIOSEO) 4.5.9.2\" \/>\n\t\t<meta property=\"og:locale\" content=\"es_ES\" \/>\n\t\t<meta property=\"og:site_name\" content=\"Rucas - One-stop AIoT Distribution Worldwide\" \/>\n\t\t<meta property=\"og:type\" content=\"article\" \/>\n\t\t<meta property=\"og:title\" content=\"Xiaomi Mi Wifi Amplifier Pro Wholesale - Rucas - Wholesale and Distribution\" \/>\n\t\t<meta property=\"og:description\" content=\"Main Features: \u25cf2 external antennas Dual external high gain antenna with transfer rates up to 300Mbps. \u25cfWorks with most routers Extend your WiFi and provide reliable coverage, compatible with most standard routers or gateways. \u25cfWall-mounted design Easy to plug into any outlet for WiFi expansion, plug and play after the first setup. \u25cfAutomatic update It will be updated automatically without any cumbersome operations. \u25cfExpand Wi-Fi coverage Supports up to 64 devices to connect at the same time, staying connected from all corners.\" \/>\n\t\t<meta property=\"og:url\" content=\"https:\/\/www.rucashk.com\/es\/producto\/xiaomi-mi-wifi-amplifier-pro-wholesale\/\" \/>\n\t\t<meta property=\"og:image\" content=\"https:\/\/www.rucashk.com\/wp-content\/uploads\/replace\/503b8e645f128a97ccde2b6290747646.jpeg\" \/>\n\t\t<meta property=\"og:image:secure_url\" content=\"https:\/\/www.rucashk.com\/wp-content\/uploads\/replace\/503b8e645f128a97ccde2b6290747646.jpeg\" \/>\n\t\t<meta property=\"og:image:width\" content=\"1456\" \/>\n\t\t<meta property=\"og:image:height\" content=\"816\" \/>\n\t\t<meta property=\"article:published_time\" content=\"2024-01-09T15:46:42+00:00\" \/>\n\t\t<meta property=\"article:modified_time\" content=\"2024-03-13T10:17:06+00:00\" \/>\n\t\t<meta name=\"twitter:card\" content=\"summary_large_image\" \/>\n\t\t<meta name=\"twitter:title\" content=\"Xiaomi Mi Wifi Amplifier Pro Wholesale - Rucas - Wholesale and Distribution\" \/>\n\t\t<meta name=\"twitter:description\" content=\"Main Features: \u25cf2 external antennas Dual external high gain antenna with transfer rates up to 300Mbps. \u25cfWorks with most routers Extend your WiFi and provide reliable coverage, compatible with most standard routers or gateways. \u25cfWall-mounted design Easy to plug into any outlet for WiFi expansion, plug and play after the first setup. \u25cfAutomatic update It will be updated automatically without any cumbersome operations. \u25cfExpand Wi-Fi coverage Supports up to 64 devices to connect at the same time, staying connected from all corners.\" \/>\n\t\t<meta name=\"twitter:image\" content=\"https:\/\/www.rucashk.com\/wp-content\/uploads\/replace\/503b8e645f128a97ccde2b6290747646.jpeg\" \/>\n\t\t<script type=\"application\/ld+json\" class=\"aioseo-schema\">\n\t\t\t{\"@context\":\"https:\\\/\\\/schema.org\",\"@graph\":[{\"@type\":\"BreadcrumbList\",\"@id\":\"https:\\\/\\\/www.rucashk.com\\\/es\\\/producto\\\/xiaomi-mi-wifi-amplifier-pro-wholesale\\\/#breadcrumblist\",\"itemListElement\":[{\"@type\":\"ListItem\",\"@id\":\"https:\\\/\\\/www.rucashk.com\\\/es\\\/#listItem\",\"position\":1,\"name\":\"Home\",\"item\":\"https:\\\/\\\/www.rucashk.com\\\/es\\\/\",\"nextItem\":\"https:\\\/\\\/www.rucashk.com\\\/es\\\/producto\\\/xiaomi-mi-wifi-amplifier-pro-wholesale\\\/#listItem\"},{\"@type\":\"ListItem\",\"@id\":\"https:\\\/\\\/www.rucashk.com\\\/es\\\/producto\\\/xiaomi-mi-wifi-amplifier-pro-wholesale\\\/#listItem\",\"position\":2,\"name\":\"Xiaomi Mi Wifi Amplifier Pro Wholesale\",\"previousItem\":\"https:\\\/\\\/www.rucashk.com\\\/es\\\/#listItem\"}]},{\"@type\":\"Organization\",\"@id\":\"https:\\\/\\\/www.rucashk.com\\\/es\\\/#organization\",\"name\":\"Rucas\",\"url\":\"https:\\\/\\\/www.rucashk.com\\\/es\\\/\",\"logo\":{\"@type\":\"ImageObject\",\"url\":\"https:\\\/\\\/www.rucashk.com\\\/wp-content\\\/uploads\\\/2023\\\/12\\\/Rucas_campany_logo.png\",\"@id\":\"https:\\\/\\\/www.rucashk.com\\\/es\\\/producto\\\/xiaomi-mi-wifi-amplifier-pro-wholesale\\\/#organizationLogo\",\"width\":221,\"height\":65},\"image\":{\"@id\":\"https:\\\/\\\/www.rucashk.com\\\/es\\\/#organizationLogo\"}},{\"@type\":\"Person\",\"@id\":\"https:\\\/\\\/www.rucashk.com\\\/es\\\/author\\\/admin\\\/#author\",\"url\":\"https:\\\/\\\/www.rucashk.com\\\/es\\\/author\\\/admin\\\/\",\"name\":\"admin\",\"image\":{\"@type\":\"ImageObject\",\"@id\":\"https:\\\/\\\/www.rucashk.com\\\/es\\\/producto\\\/xiaomi-mi-wifi-amplifier-pro-wholesale\\\/#authorImage\",\"url\":\"https:\\\/\\\/secure.gravatar.com\\\/avatar\\\/b7c8925b09a27e72b30232f8ecaadbd5af0f70a38c78096863fe51b64f031c24?s=96&d=mm&r=g\",\"width\":96,\"height\":96,\"caption\":\"admin\"}},{\"@type\":\"WebPage\",\"@id\":\"https:\\\/\\\/www.rucashk.com\\\/es\\\/producto\\\/xiaomi-mi-wifi-amplifier-pro-wholesale\\\/#webpage\",\"url\":\"https:\\\/\\\/www.rucashk.com\\\/es\\\/producto\\\/xiaomi-mi-wifi-amplifier-pro-wholesale\\\/\",\"name\":\"Xiaomi Mi Wifi Amplifier Pro Wholesale - Rucas - Wholesale and Distribution\",\"description\":\"Main Features: \\u25cf2 external antennas Dual external high gain antenna with transfer rates up to 300Mbps. \\u25cfWorks with most routers Extend your WiFi and provide reliable coverage, compatible with most standard routers or gateways. \\u25cfWall-mounted design Easy to plug into any outlet for WiFi expansion, plug and play after the first setup. \\u25cfAutomatic update It will be updated automatically without any cumbersome operations. \\u25cfExpand Wi-Fi coverage Supports up to 64 devices to connect at the same time, staying connected from all corners.\",\"inLanguage\":\"es-ES\",\"isPartOf\":{\"@id\":\"https:\\\/\\\/www.rucashk.com\\\/es\\\/#website\"},\"breadcrumb\":{\"@id\":\"https:\\\/\\\/www.rucashk.com\\\/es\\\/producto\\\/xiaomi-mi-wifi-amplifier-pro-wholesale\\\/#breadcrumblist\"},\"author\":{\"@id\":\"https:\\\/\\\/www.rucashk.com\\\/es\\\/author\\\/admin\\\/#author\"},\"creator\":{\"@id\":\"https:\\\/\\\/www.rucashk.com\\\/es\\\/author\\\/admin\\\/#author\"},\"image\":{\"@type\":\"ImageObject\",\"url\":\"https:\\\/\\\/www.rucashk.com\\\/wp-content\\\/uploads\\\/2024\\\/01\\\/6_\\u526f\\u672c-4-1.jpg\",\"@id\":\"https:\\\/\\\/www.rucashk.com\\\/es\\\/producto\\\/xiaomi-mi-wifi-amplifier-pro-wholesale\\\/#mainImage\",\"width\":800,\"height\":800},\"primaryImageOfPage\":{\"@id\":\"https:\\\/\\\/www.rucashk.com\\\/es\\\/producto\\\/xiaomi-mi-wifi-amplifier-pro-wholesale\\\/#mainImage\"},\"datePublished\":\"2024-01-09T15:46:42+00:00\",\"dateModified\":\"2024-03-13T10:17:06+00:00\"},{\"@type\":\"WebSite\",\"@id\":\"https:\\\/\\\/www.rucashk.com\\\/es\\\/#website\",\"url\":\"https:\\\/\\\/www.rucashk.com\\\/es\\\/\",\"name\":\"Rucas - Wholesale and distribution worldwide\",\"alternateName\":\"Rucas - One-stop AIoT Distribution Worldwide\",\"description\":\"One-stop AIoT Distribution Worldwide\",\"inLanguage\":\"es-ES\",\"publisher\":{\"@id\":\"https:\\\/\\\/www.rucashk.com\\\/es\\\/#organization\"}}]}\n\t\t<\/script>\n\t\t<!-- All in One SEO Pro -->\r\n\t\t<title>Xiaomi Mi Wifi Amplifier Pro Wholesale - Rucas - Wholesale and Distribution<\/title>\n\n","aioseo_head_json":{"title":"Xiaomi Mi Wifi Amplifier Pro Wholesale - Rucas - Wholesale and Distribution","description":"Main Features: \u25cf2 external antennas Dual external high gain antenna with transfer rates up to 300Mbps. \u25cfWorks with most routers Extend your WiFi and provide reliable coverage, compatible with most standard routers or gateways. \u25cfWall-mounted design Easy to plug into any outlet for WiFi expansion, plug and play after the first setup. \u25cfAutomatic update It will be updated automatically without any cumbersome operations. \u25cfExpand Wi-Fi coverage Supports up to 64 devices to connect at the same time, staying connected from all corners.","canonical_url":"https:\/\/www.rucashk.com\/es\/producto\/xiaomi-mi-wifi-amplifier-pro-wholesale\/","robots":"max-image-preview:large","keywords":"","webmasterTools":{"miscellaneous":""},"og:locale":"es_ES","og:site_name":"Rucas - One-stop AIoT Distribution Worldwide","og:type":"article","og:title":"Xiaomi Mi Wifi Amplifier Pro Wholesale - Rucas - Wholesale and Distribution","og:description":"Main Features: \u25cf2 external antennas Dual external high gain antenna with transfer rates up to 300Mbps. \u25cfWorks with most routers Extend your WiFi and provide reliable coverage, compatible with most standard routers or gateways. \u25cfWall-mounted design Easy to plug into any outlet for WiFi expansion, plug and play after the first setup. \u25cfAutomatic update It will be updated automatically without any cumbersome operations. \u25cfExpand Wi-Fi coverage Supports up to 64 devices to connect at the same time, staying connected from all corners.","og:url":"https:\/\/www.rucashk.com\/es\/producto\/xiaomi-mi-wifi-amplifier-pro-wholesale\/","og:image":"https:\/\/www.rucashk.com\/wp-content\/uploads\/replace\/503b8e645f128a97ccde2b6290747646.jpeg","og:image:secure_url":"https:\/\/www.rucashk.com\/wp-content\/uploads\/replace\/503b8e645f128a97ccde2b6290747646.jpeg","og:image:width":1456,"og:image:height":816,"article:published_time":"2024-01-09T15:46:42+00:00","article:modified_time":"2024-03-13T10:17:06+00:00","twitter:card":"summary_large_image","twitter:title":"Xiaomi Mi Wifi Amplifier Pro Wholesale - Rucas - Wholesale and Distribution","twitter:description":"Main Features: \u25cf2 external antennas Dual external high gain antenna with transfer rates up to 300Mbps. \u25cfWorks with most routers Extend your WiFi and provide reliable coverage, compatible with most standard routers or gateways. \u25cfWall-mounted design Easy to plug into any outlet for WiFi expansion, plug and play after the first setup. \u25cfAutomatic update It will be updated automatically without any cumbersome operations. \u25cfExpand Wi-Fi coverage Supports up to 64 devices to connect at the same time, staying connected from all corners.","twitter:image":"https:\/\/www.rucashk.com\/wp-content\/uploads\/replace\/503b8e645f128a97ccde2b6290747646.jpeg","schema":{"@context":"https:\/\/schema.org","@graph":[{"@type":"BreadcrumbList","@id":"https:\/\/www.rucashk.com\/es\/producto\/xiaomi-mi-wifi-amplifier-pro-wholesale\/#breadcrumblist","itemListElement":[{"@type":"ListItem","@id":"https:\/\/www.rucashk.com\/es\/#listItem","position":1,"name":"Home","item":"https:\/\/www.rucashk.com\/es\/","nextItem":"https:\/\/www.rucashk.com\/es\/producto\/xiaomi-mi-wifi-amplifier-pro-wholesale\/#listItem"},{"@type":"ListItem","@id":"https:\/\/www.rucashk.com\/es\/producto\/xiaomi-mi-wifi-amplifier-pro-wholesale\/#listItem","position":2,"name":"Xiaomi Mi Wifi Amplifier Pro Wholesale","previousItem":"https:\/\/www.rucashk.com\/es\/#listItem"}]},{"@type":"Organization","@id":"https:\/\/www.rucashk.com\/es\/#organization","name":"Rucas","url":"https:\/\/www.rucashk.com\/es\/","logo":{"@type":"ImageObject","url":"https:\/\/www.rucashk.com\/wp-content\/uploads\/2023\/12\/Rucas_campany_logo.png","@id":"https:\/\/www.rucashk.com\/es\/producto\/xiaomi-mi-wifi-amplifier-pro-wholesale\/#organizationLogo","width":221,"height":65},"image":{"@id":"https:\/\/www.rucashk.com\/es\/#organizationLogo"}},{"@type":"Person","@id":"https:\/\/www.rucashk.com\/es\/author\/admin\/#author","url":"https:\/\/www.rucashk.com\/es\/author\/admin\/","name":"admin","image":{"@type":"ImageObject","@id":"https:\/\/www.rucashk.com\/es\/producto\/xiaomi-mi-wifi-amplifier-pro-wholesale\/#authorImage","url":"https:\/\/secure.gravatar.com\/avatar\/b7c8925b09a27e72b30232f8ecaadbd5af0f70a38c78096863fe51b64f031c24?s=96&d=mm&r=g","width":96,"height":96,"caption":"admin"}},{"@type":"WebPage","@id":"https:\/\/www.rucashk.com\/es\/producto\/xiaomi-mi-wifi-amplifier-pro-wholesale\/#webpage","url":"https:\/\/www.rucashk.com\/es\/producto\/xiaomi-mi-wifi-amplifier-pro-wholesale\/","name":"Xiaomi Mi Wifi Amplifier Pro Wholesale - Rucas - Wholesale and Distribution","description":"Main Features: \u25cf2 external antennas Dual external high gain antenna with transfer rates up to 300Mbps. \u25cfWorks with most routers Extend your WiFi and provide reliable coverage, compatible with most standard routers or gateways. \u25cfWall-mounted design Easy to plug into any outlet for WiFi expansion, plug and play after the first setup. \u25cfAutomatic update It will be updated automatically without any cumbersome operations. \u25cfExpand Wi-Fi coverage Supports up to 64 devices to connect at the same time, staying connected from all corners.","inLanguage":"es-ES","isPartOf":{"@id":"https:\/\/www.rucashk.com\/es\/#website"},"breadcrumb":{"@id":"https:\/\/www.rucashk.com\/es\/producto\/xiaomi-mi-wifi-amplifier-pro-wholesale\/#breadcrumblist"},"author":{"@id":"https:\/\/www.rucashk.com\/es\/author\/admin\/#author"},"creator":{"@id":"https:\/\/www.rucashk.com\/es\/author\/admin\/#author"},"image":{"@type":"ImageObject","url":"https:\/\/www.rucashk.com\/wp-content\/uploads\/2024\/01\/6_\u526f\u672c-4-1.jpg","@id":"https:\/\/www.rucashk.com\/es\/producto\/xiaomi-mi-wifi-amplifier-pro-wholesale\/#mainImage","width":800,"height":800},"primaryImageOfPage":{"@id":"https:\/\/www.rucashk.com\/es\/producto\/xiaomi-mi-wifi-amplifier-pro-wholesale\/#mainImage"},"datePublished":"2024-01-09T15:46:42+00:00","dateModified":"2024-03-13T10:17:06+00:00"},{"@type":"WebSite","@id":"https:\/\/www.rucashk.com\/es\/#website","url":"https:\/\/www.rucashk.com\/es\/","name":"Rucas - Wholesale and distribution worldwide","alternateName":"Rucas - One-stop AIoT Distribution Worldwide","description":"One-stop AIoT Distribution Worldwide","inLanguage":"es-ES","publisher":{"@id":"https:\/\/www.rucashk.com\/es\/#organization"}}]}},"aioseo_meta_data":{"post_id":"22671","title":null,"description":null,"keywords":null,"keyphrases":null,"primary_term":null,"canonical_url":null,"og_title":null,"og_description":null,"og_object_type":"default","og_image_type":"default","og_image_url":null,"og_image_width":null,"og_image_height":null,"og_image_custom_url":null,"og_image_custom_fields":null,"og_video":null,"og_custom_url":null,"og_article_section":null,"og_article_tags":null,"twitter_use_og":false,"twitter_card":"default","twitter_image_type":"default","twitter_image_url":null,"twitter_image_custom_url":null,"twitter_image_custom_fields":null,"twitter_title":null,"twitter_description":null,"schema":{"blockGraphs":[],"customGraphs":[],"default":{"data":{"Article":[],"Course":[],"Dataset":[],"FAQPage":[],"Movie":[],"Person":[],"Product":[],"Recipe":[],"Service":[],"SoftwareApplication":[],"WebPage":[]},"graphName":"","isEnabled":true},"graphs":[]},"schema_type":"default","schema_type_options":null,"pillar_content":false,"robots_default":true,"robots_noindex":false,"robots_noarchive":false,"robots_nosnippet":false,"robots_nofollow":false,"robots_noimageindex":false,"robots_noodp":false,"robots_notranslate":false,"robots_max_snippet":null,"robots_max_videopreview":null,"robots_max_imagepreview":"large","priority":null,"frequency":null,"local_seo":null,"breadcrumb_settings":null,"limit_modified_date":false,"created":"2024-04-11 01:55:24","updated":"2025-06-22 16:49:02"},"aioseo_breadcrumb":"<div class=\"aioseo-breadcrumbs\"><span class=\"aioseo-breadcrumb\">\n\t<a href=\"https:\/\/www.rucashk.com\/es\" title=\"Home\">Home<\/a>\n<\/span><span class=\"aioseo-breadcrumb-separator\">&raquo;<\/span><span class=\"aioseo-breadcrumb\">\n\t<a href=\"https:\/\/www.rucashk.com\/es\/products\/\" title=\"Productos\">Productos<\/a>\n<\/span><span class=\"aioseo-breadcrumb-separator\">&raquo;<\/span><span class=\"aioseo-breadcrumb\">\n\t<a href=\"https:\/\/www.rucashk.com\/es\/categoria-producto\/xiaomi-eco\/\" title=\"Xiaomi Eco\">Xiaomi Eco<\/a>\n<\/span><span class=\"aioseo-breadcrumb-separator\">&raquo;<\/span><span class=\"aioseo-breadcrumb\">\n\t<a href=\"https:\/\/www.rucashk.com\/es\/categoria-producto\/xiaomi-eco\/tv-accessories\/\" title=\"TV Accessories\">TV Accessories<\/a>\n<\/span><span class=\"aioseo-breadcrumb-separator\">&raquo;<\/span><span class=\"aioseo-breadcrumb\">\n\tXiaomi Mi Wifi Amplifier Pro Wholesale\n<\/span><\/div>","aioseo_breadcrumb_json":[{"label":"Home","link":"https:\/\/www.rucashk.com\/es"},{"label":"Productos","link":"https:\/\/www.rucashk.com\/es\/products\/"},{"label":"Xiaomi Eco","link":"https:\/\/www.rucashk.com\/es\/categoria-producto\/xiaomi-eco\/"},{"label":"TV Accessories","link":"https:\/\/www.rucashk.com\/es\/categoria-producto\/xiaomi-eco\/tv-accessories\/"},{"label":"Xiaomi Mi Wifi Amplifier Pro Wholesale","link":"https:\/\/www.rucashk.com\/es\/producto\/xiaomi-mi-wifi-amplifier-pro-wholesale\/"}],"_links":{"self":[{"href":"https:\/\/www.rucashk.com\/es\/wp-json\/wp\/v2\/product\/22671","targetHints":{"allow":["GET"]}}],"collection":[{"href":"https:\/\/www.rucashk.com\/es\/wp-json\/wp\/v2\/product"}],"about":[{"href":"https:\/\/www.rucashk.com\/es\/wp-json\/wp\/v2\/types\/product"}],"wp:featuredmedia":[{"embeddable":true,"href":"https:\/\/www.rucashk.com\/es\/wp-json\/wp\/v2\/media\/22812"}],"wp:attachment":[{"href":"https:\/\/www.rucashk.com\/es\/wp-json\/wp\/v2\/media?parent=22671"}],"wp:term":[{"taxonomy":"product_brand","embeddable":true,"href":"https:\/\/www.rucashk.com\/es\/wp-json\/wp\/v2\/product_brand?post=22671"},{"taxonomy":"product_cat","embeddable":true,"href":"https:\/\/www.rucashk.com\/es\/wp-json\/wp\/v2\/product_cat?post=22671"},{"taxonomy":"product_tag","embeddable":true,"href":"https:\/\/www.rucashk.com\/es\/wp-json\/wp\/v2\/product_tag?post=22671"}],"curies":[{"name":"wp","href":"https:\/\/api.w.org\/{rel}","templated":true}]}}