{"id":22633,"date":"2024-01-09T15:46:19","date_gmt":"2024-01-09T15:46:19","guid":{"rendered":"http:\/\/rucashk.com\/?post_type=product&#038;p=22633"},"modified":"2024-03-13T08:57:21","modified_gmt":"2024-03-13T08:57:21","slug":"laxcare-waterproof-facial-cleansing-brush","status":"publish","type":"product","link":"https:\/\/www.rucashk.com\/es\/producto\/laxcare-waterproof-facial-cleansing-brush\/","title":{"rendered":"Cepillo de limpieza facial impermeable Laxcare"},"content":{"rendered":"<p><img decoding=\"async\" alt=\"Laxcare Waterproof Facial Cleansing Brush\" src=\"\/wp-content\/uploads\/replace\/802bae6f1520cf6074ce2bb1a7245cbe.jpeg\" \/><img decoding=\"async\" alt=\"Laxcare Waterproof Facial Cleansing Brush\" src=\"\/wp-content\/uploads\/replace\/3a43a18f1b06c18aa072684e6db656c1.jpeg\" \/><\/p>\n<p><img decoding=\"async\" alt=\"Laxcare Waterproof Facial Cleansing Brush\" src=\"\/wp-content\/uploads\/replace\/ee865fd94e1942b2c06e624938a36bf7.jpeg\" \/><\/p>\n<h3 class=\"a-spacing-mini\">Cepillo Limpiador Facial S\u00f3nico Laxcare<\/h3>\n<h4 class=\"a-spacing-mini a-color-secondary a-text-italic\">Los modos de trabajo innovadores hacen que la limpieza sea m\u00e1s f\u00e1cil y m\u00e1s eficiente.<\/h4>\n<p class=\"a-spacing-base\"><span class=\"a-text-bold\">Para la limpieza facial diaria:<\/span><\/p>\n<p class=\"a-spacing-base\">Vibraci\u00f3n con modo de calor: con vibraci\u00f3n de alta frecuencia, <a href=\"https:\/\/www.rucashk.com\/es\/producto\/inface-ultrasonic-facial-skin-scrubber-ion-deep-face-cleaning\/\" class=\"\" style=\"width: auto !important\" data-wpil-post-to-id=\"9600\">La silicona de grado amigable con la piel ayuda a que los poros se abran r\u00e1pidamente y limpie la cara.<\/a> efectivamente<\/p>\n<p class=\"a-spacing-base\"><span class=\"a-text-bold\">Para una limpieza profunda de la zona T<\/span><\/p>\n<p class=\"a-spacing-base\">Modo CVT: la vibraci\u00f3n cambia de fuerte a d\u00e9bil en segundos. el curvo <a href=\"https:\/\/www.rucashk.com\/es\/producto\/xiaomi-so-white-ex3-toothbrush-heads-soocas-electric-sonic-ultrasonic-automatic-tooth-brush\/\" class=\"\" style=\"width: auto !important\" data-wpil-post-to-id=\"10256\">cabeza del cepillo<\/a> Es f\u00e1cil de limpiar la zona T y elimina eficazmente el aceite y la suciedad.<\/p>\n<p><img decoding=\"async\" alt=\"Laxcare Waterproof Facial Cleansing Brush\" src=\"\/wp-content\/uploads\/replace\/eef1d98399c926f1ac7ffe54198a8296.jpeg\" \/><\/p>\n<ul class=\"a-unordered-list a-vertical\">\n<li><span class=\"a-list-item\"><span class=\"a-text-bold\">Ayuda a eliminar los puntos negros, reducir los poros dilatados y mejorar la piel grasa.\u00a0<\/span>Despu\u00e9s de un uso prolongado de nuestro cepillo facial, su <a href=\"https:\/\/www.rucashk.com\/es\/producto\/beauty-star-ultrasonic-face-cleaning-skin\/\" class=\"\" style=\"width: auto !important\" data-wpil-post-to-id=\"9677\">La piel se sentir\u00e1 mucho m\u00e1s suave y limpia.<\/a> que antes.<\/span><\/li>\n<li><span class=\"a-list-item\"><span class=\"a-text-bold\">Deja de gastar dinero en cosas caras <a href=\"https:\/\/www.rucashk.com\/es\/producto\/soocas-facial-cleansing-brush-head\/\" class=\"\" style=\"width: auto !important\" data-wpil-post-to-id=\"15302\">cabeza del cepillo<\/a> reemplazo.\u00a0<\/span>Nuestro <a href=\"https:\/\/www.rucashk.com\/es\/producto\/inface-facial-cleansing-brush-upgrade-version-mijia-electric-sonic-face-brush\/\" class=\"\" style=\"width: auto !important\" data-wpil-post-to-id=\"9583\">cepillo facial<\/a> Tiene forma integral, resistencia al agua IPX7, puerto de carga casi sellado, silicona de grado alimenticio, puede usarlo en la ducha sin preocupaciones.<\/span><\/li>\n<li><span class=\"a-list-item\"><span class=\"a-text-bold\">Las bater\u00edas de litio de 1000 mAh proporcionan un modo de espera prolongado.\u00a0<\/span>Solo se carga 1 vez para todo el mes (5 minutos\/cada vez, una vez al d\u00eda)<\/span><\/li>\n<li><img decoding=\"async\" alt=\"Laxcare Waterproof Facial Cleansing Brush\" src=\"\/wp-content\/uploads\/replace\/4c3f065b37c3bcc49e253f0ce2aa5d64.jpeg\" \/><br \/>\n<h3 class=\"a-spacing-mini\">El paquete incluye:<\/h3>\n<p class=\"a-spacing-base\">1 * cepillo de limpieza facial<\/p>\n<p class=\"a-spacing-base\">1 * cable de carga<\/p>\n<\/li>\n<li><img decoding=\"async\" alt=\"Laxcare Waterproof Facial Cleansing Brush\" src=\"\/wp-content\/uploads\/replace\/70b0fb12ea82e1038df982dcb00f1420.jpeg\" \/><\/li>\n<li>\n<h3 class=\"a-spacing-mini\">C\u00f3mo cargar:<\/h3>\n<p class=\"a-spacing-base\">En la parte posterior del dispositivo, encima del DC 5V, hay un peque\u00f1o c\u00edrculo donde inserta el cargador.<\/p>\n<\/li>\n<li><img decoding=\"async\" alt=\"Laxcare Waterproof Facial Cleansing Brush\" src=\"\/wp-content\/uploads\/replace\/81131729e5cb58365787e1d368b16790.jpeg\" \/><br \/>\n<h3 class=\"a-spacing-mini\">IPX7 resistente al agua:<\/h3>\n<p class=\"a-spacing-base\">IPX7 resistente al agua, seguro y c\u00f3modo de usar en la ducha. Deje de gastar dinero en costosos reemplazos del cabezal del cepillo.<\/p>\n<\/li>\n<li><img decoding=\"async\" alt=\"Laxcare Waterproof Facial Cleansing Brush\" src=\"\/wp-content\/uploads\/replace\/d60d55243a7f8b004ab947b8c4c1cb59.jpeg\" \/><br \/>\n<h3 class=\"a-spacing-mini\">Indicadores:<\/h3>\n<p class=\"a-spacing-base\">Vibraci\u00f3n con modo de calor: indicador amarillo, el dispositivo se apaga autom\u00e1ticamente despu\u00e9s de 5 minutos<\/p>\n<p class=\"a-spacing-base\">Modo CVT: indicadores blancos, el dispositivo se apaga autom\u00e1ticamente despu\u00e9s de 5 minutos<\/p>\n<p class=\"a-spacing-base\">Bater\u00eda&lt;30%: Los indicadores (amarillos o blancos) parpadean<\/p>\n<p class=\"a-spacing-base\">Bater\u00eda&lt;10%: el dispositivo se apaga autom\u00e1ticamente, el indicador se apaga<\/p>\n<p class=\"a-spacing-base\">En carga: los indicadores amarillos parpadean<\/p>\n<\/li>\n<\/ul>","protected":false},"excerpt":{"rendered":"<table border=\"0\" cellspacing=\"0\" cellpadding=\"0\">\n<tbody>\n<tr>\n<td class=\"bucket\">\n<h2>Detalles de producto<\/h2>\n<div class=\"content\">\n<ul>\n<li><b>Peso del art\u00edculo:\u00a0<\/b>5,6 onzas<\/li>\n<li><b>Peso de env\u00edo:<\/b>\u00a014,4 onzas (<a href=\"https:\/\/www.amazon.com\/gp\/help\/seller\/shipping.html\/ref=dp_pd_shipping?ie=UTF8&amp;asin=B07DQCG76T&amp;seller=ATVPDKIKX0DER\">Ver tarifas y pol\u00edticas de env\u00edo<\/a>)<\/li>\n<li><b>COMO EN:\u00a0<\/b>B07DQCG76T<\/li>\n<li><b>UPC:<\/b>\u00a0646690377161<\/li>\n<li><b>Bater\u00edas:<\/b>\u00a0Se requieren 1 bater\u00edas de iones de litio. (incluido)<\/li>\n<\/ul>\n<\/div>\n<\/td>\n<\/tr>\n<\/tbody>\n<\/table>","protected":false},"featured_media":22734,"template":"","meta":[],"product_brand":[],"product_cat":[1320,1305],"product_tag":[753],"class_list":{"0":"post-22633","1":"product","2":"type-product","3":"status-publish","4":"has-post-thumbnail","6":"product_cat-personal-care","7":"product_cat-xiaomi-eco","8":"product_tag-laxcare-waterproof-facial-cleansing-brush","10":"first","11":"instock","12":"shipping-taxable","13":"product-type-external"},"aioseo_notices":[],"aioseo_head":"\n\t\t<!-- All in One SEO Pro 4.5.9.2 - aioseo.com -->\n\t\t<meta name=\"description\" content=\"Product details Item Weight: 5.6 ounces Shipping Weight: 14.4 ounces (View shipping rates and policies) ASIN: B07DQCG76T UPC: 646690377161 Batteries: 1 Lithium ion batteries required. (included)\" \/>\n\t\t<meta name=\"robots\" content=\"max-image-preview:large\" \/>\n\t\t<link rel=\"canonical\" href=\"https:\/\/www.rucashk.com\/es\/producto\/laxcare-waterproof-facial-cleansing-brush\/\" \/>\n\t\t<meta name=\"generator\" content=\"All in One SEO Pro (AIOSEO) 4.5.9.2\" \/>\n\t\t<meta property=\"og:locale\" content=\"es_ES\" \/>\n\t\t<meta property=\"og:site_name\" content=\"Rucas - One-stop AIoT Distribution Worldwide\" \/>\n\t\t<meta property=\"og:type\" content=\"article\" \/>\n\t\t<meta property=\"og:title\" content=\"Laxcare Waterproof Facial Cleansing Brush - Rucas - Wholesale and Distribution\" \/>\n\t\t<meta property=\"og:description\" content=\"Product details Item Weight: 5.6 ounces Shipping Weight: 14.4 ounces (View shipping rates and policies) ASIN: B07DQCG76T UPC: 646690377161 Batteries: 1 Lithium ion batteries required. (included)\" \/>\n\t\t<meta property=\"og:url\" content=\"https:\/\/www.rucashk.com\/es\/producto\/laxcare-waterproof-facial-cleansing-brush\/\" \/>\n\t\t<meta property=\"og:image\" content=\"https:\/\/www.rucashk.com\/wp-content\/uploads\/replace\/503b8e645f128a97ccde2b6290747646.jpeg\" \/>\n\t\t<meta property=\"og:image:secure_url\" content=\"https:\/\/www.rucashk.com\/wp-content\/uploads\/replace\/503b8e645f128a97ccde2b6290747646.jpeg\" \/>\n\t\t<meta property=\"og:image:width\" content=\"1456\" \/>\n\t\t<meta property=\"og:image:height\" content=\"816\" \/>\n\t\t<meta property=\"article:published_time\" content=\"2024-01-09T15:46:19+00:00\" \/>\n\t\t<meta property=\"article:modified_time\" content=\"2024-03-13T08:57:21+00:00\" \/>\n\t\t<meta name=\"twitter:card\" content=\"summary_large_image\" \/>\n\t\t<meta name=\"twitter:title\" content=\"Laxcare Waterproof Facial Cleansing Brush - Rucas - Wholesale and Distribution\" \/>\n\t\t<meta name=\"twitter:description\" content=\"Product details Item Weight: 5.6 ounces Shipping Weight: 14.4 ounces (View shipping rates and policies) ASIN: B07DQCG76T UPC: 646690377161 Batteries: 1 Lithium ion batteries required. (included)\" \/>\n\t\t<meta name=\"twitter:image\" content=\"https:\/\/www.rucashk.com\/wp-content\/uploads\/replace\/503b8e645f128a97ccde2b6290747646.jpeg\" \/>\n\t\t<script type=\"application\/ld+json\" class=\"aioseo-schema\">\n\t\t\t{\"@context\":\"https:\\\/\\\/schema.org\",\"@graph\":[{\"@type\":\"BreadcrumbList\",\"@id\":\"https:\\\/\\\/www.rucashk.com\\\/es\\\/producto\\\/laxcare-waterproof-facial-cleansing-brush\\\/#breadcrumblist\",\"itemListElement\":[{\"@type\":\"ListItem\",\"@id\":\"https:\\\/\\\/www.rucashk.com\\\/es\\\/#listItem\",\"position\":1,\"name\":\"Home\",\"item\":\"https:\\\/\\\/www.rucashk.com\\\/es\\\/\",\"nextItem\":\"https:\\\/\\\/www.rucashk.com\\\/es\\\/producto\\\/laxcare-waterproof-facial-cleansing-brush\\\/#listItem\"},{\"@type\":\"ListItem\",\"@id\":\"https:\\\/\\\/www.rucashk.com\\\/es\\\/producto\\\/laxcare-waterproof-facial-cleansing-brush\\\/#listItem\",\"position\":2,\"name\":\"Laxcare Waterproof Facial Cleansing Brush\",\"previousItem\":\"https:\\\/\\\/www.rucashk.com\\\/es\\\/#listItem\"}]},{\"@type\":\"Organization\",\"@id\":\"https:\\\/\\\/www.rucashk.com\\\/es\\\/#organization\",\"name\":\"Rucas\",\"url\":\"https:\\\/\\\/www.rucashk.com\\\/es\\\/\",\"logo\":{\"@type\":\"ImageObject\",\"url\":\"https:\\\/\\\/www.rucashk.com\\\/wp-content\\\/uploads\\\/2023\\\/12\\\/Rucas_campany_logo.png\",\"@id\":\"https:\\\/\\\/www.rucashk.com\\\/es\\\/producto\\\/laxcare-waterproof-facial-cleansing-brush\\\/#organizationLogo\",\"width\":221,\"height\":65},\"image\":{\"@id\":\"https:\\\/\\\/www.rucashk.com\\\/es\\\/#organizationLogo\"}},{\"@type\":\"Person\",\"@id\":\"https:\\\/\\\/www.rucashk.com\\\/es\\\/author\\\/admin\\\/#author\",\"url\":\"https:\\\/\\\/www.rucashk.com\\\/es\\\/author\\\/admin\\\/\",\"name\":\"admin\",\"image\":{\"@type\":\"ImageObject\",\"@id\":\"https:\\\/\\\/www.rucashk.com\\\/es\\\/producto\\\/laxcare-waterproof-facial-cleansing-brush\\\/#authorImage\",\"url\":\"https:\\\/\\\/secure.gravatar.com\\\/avatar\\\/b7c8925b09a27e72b30232f8ecaadbd5af0f70a38c78096863fe51b64f031c24?s=96&d=mm&r=g\",\"width\":96,\"height\":96,\"caption\":\"admin\"}},{\"@type\":\"WebPage\",\"@id\":\"https:\\\/\\\/www.rucashk.com\\\/es\\\/producto\\\/laxcare-waterproof-facial-cleansing-brush\\\/#webpage\",\"url\":\"https:\\\/\\\/www.rucashk.com\\\/es\\\/producto\\\/laxcare-waterproof-facial-cleansing-brush\\\/\",\"name\":\"Laxcare Waterproof Facial Cleansing Brush - Rucas - Wholesale and Distribution\",\"description\":\"Product details Item Weight: 5.6 ounces Shipping Weight: 14.4 ounces (View shipping rates and policies) ASIN: B07DQCG76T UPC: 646690377161 Batteries: 1 Lithium ion batteries required. (included)\",\"inLanguage\":\"es-ES\",\"isPartOf\":{\"@id\":\"https:\\\/\\\/www.rucashk.com\\\/es\\\/#website\"},\"breadcrumb\":{\"@id\":\"https:\\\/\\\/www.rucashk.com\\\/es\\\/producto\\\/laxcare-waterproof-facial-cleansing-brush\\\/#breadcrumblist\"},\"author\":{\"@id\":\"https:\\\/\\\/www.rucashk.com\\\/es\\\/author\\\/admin\\\/#author\"},\"creator\":{\"@id\":\"https:\\\/\\\/www.rucashk.com\\\/es\\\/author\\\/admin\\\/#author\"},\"image\":{\"@type\":\"ImageObject\",\"url\":\"https:\\\/\\\/www.rucashk.com\\\/wp-content\\\/uploads\\\/2024\\\/01\\\/8_\\u526f\\u672c.jpg\",\"@id\":\"https:\\\/\\\/www.rucashk.com\\\/es\\\/producto\\\/laxcare-waterproof-facial-cleansing-brush\\\/#mainImage\",\"width\":800,\"height\":800},\"primaryImageOfPage\":{\"@id\":\"https:\\\/\\\/www.rucashk.com\\\/es\\\/producto\\\/laxcare-waterproof-facial-cleansing-brush\\\/#mainImage\"},\"datePublished\":\"2024-01-09T15:46:19+00:00\",\"dateModified\":\"2024-03-13T08:57:21+00:00\"},{\"@type\":\"WebSite\",\"@id\":\"https:\\\/\\\/www.rucashk.com\\\/es\\\/#website\",\"url\":\"https:\\\/\\\/www.rucashk.com\\\/es\\\/\",\"name\":\"Rucas - Wholesale and distribution worldwide\",\"alternateName\":\"Rucas - One-stop AIoT Distribution Worldwide\",\"description\":\"One-stop AIoT Distribution Worldwide\",\"inLanguage\":\"es-ES\",\"publisher\":{\"@id\":\"https:\\\/\\\/www.rucashk.com\\\/es\\\/#organization\"}}]}\n\t\t<\/script>\n\t\t<!-- All in One SEO Pro -->\r\n\t\t<title>Laxcare Waterproof Facial Cleansing Brush - Rucas - Wholesale and Distribution<\/title>\n\n","aioseo_head_json":{"title":"Laxcare Waterproof Facial Cleansing Brush - Rucas - Wholesale and Distribution","description":"Product details Item Weight: 5.6 ounces Shipping Weight: 14.4 ounces (View shipping rates and policies) ASIN: B07DQCG76T UPC: 646690377161 Batteries: 1 Lithium ion batteries required. (included)","canonical_url":"https:\/\/www.rucashk.com\/es\/producto\/laxcare-waterproof-facial-cleansing-brush\/","robots":"max-image-preview:large","keywords":"","webmasterTools":{"miscellaneous":""},"og:locale":"es_ES","og:site_name":"Rucas - One-stop AIoT Distribution Worldwide","og:type":"article","og:title":"Laxcare Waterproof Facial Cleansing Brush - Rucas - Wholesale and Distribution","og:description":"Product details Item Weight: 5.6 ounces Shipping Weight: 14.4 ounces (View shipping rates and policies) ASIN: B07DQCG76T UPC: 646690377161 Batteries: 1 Lithium ion batteries required. (included)","og:url":"https:\/\/www.rucashk.com\/es\/producto\/laxcare-waterproof-facial-cleansing-brush\/","og:image":"https:\/\/www.rucashk.com\/wp-content\/uploads\/replace\/503b8e645f128a97ccde2b6290747646.jpeg","og:image:secure_url":"https:\/\/www.rucashk.com\/wp-content\/uploads\/replace\/503b8e645f128a97ccde2b6290747646.jpeg","og:image:width":1456,"og:image:height":816,"article:published_time":"2024-01-09T15:46:19+00:00","article:modified_time":"2024-03-13T08:57:21+00:00","twitter:card":"summary_large_image","twitter:title":"Laxcare Waterproof Facial Cleansing Brush - Rucas - Wholesale and Distribution","twitter:description":"Product details Item Weight: 5.6 ounces Shipping Weight: 14.4 ounces (View shipping rates and policies) ASIN: B07DQCG76T UPC: 646690377161 Batteries: 1 Lithium ion batteries required. (included)","twitter:image":"https:\/\/www.rucashk.com\/wp-content\/uploads\/replace\/503b8e645f128a97ccde2b6290747646.jpeg","schema":{"@context":"https:\/\/schema.org","@graph":[{"@type":"BreadcrumbList","@id":"https:\/\/www.rucashk.com\/es\/producto\/laxcare-waterproof-facial-cleansing-brush\/#breadcrumblist","itemListElement":[{"@type":"ListItem","@id":"https:\/\/www.rucashk.com\/es\/#listItem","position":1,"name":"Home","item":"https:\/\/www.rucashk.com\/es\/","nextItem":"https:\/\/www.rucashk.com\/es\/producto\/laxcare-waterproof-facial-cleansing-brush\/#listItem"},{"@type":"ListItem","@id":"https:\/\/www.rucashk.com\/es\/producto\/laxcare-waterproof-facial-cleansing-brush\/#listItem","position":2,"name":"Laxcare Waterproof Facial Cleansing Brush","previousItem":"https:\/\/www.rucashk.com\/es\/#listItem"}]},{"@type":"Organization","@id":"https:\/\/www.rucashk.com\/es\/#organization","name":"Rucas","url":"https:\/\/www.rucashk.com\/es\/","logo":{"@type":"ImageObject","url":"https:\/\/www.rucashk.com\/wp-content\/uploads\/2023\/12\/Rucas_campany_logo.png","@id":"https:\/\/www.rucashk.com\/es\/producto\/laxcare-waterproof-facial-cleansing-brush\/#organizationLogo","width":221,"height":65},"image":{"@id":"https:\/\/www.rucashk.com\/es\/#organizationLogo"}},{"@type":"Person","@id":"https:\/\/www.rucashk.com\/es\/author\/admin\/#author","url":"https:\/\/www.rucashk.com\/es\/author\/admin\/","name":"admin","image":{"@type":"ImageObject","@id":"https:\/\/www.rucashk.com\/es\/producto\/laxcare-waterproof-facial-cleansing-brush\/#authorImage","url":"https:\/\/secure.gravatar.com\/avatar\/b7c8925b09a27e72b30232f8ecaadbd5af0f70a38c78096863fe51b64f031c24?s=96&d=mm&r=g","width":96,"height":96,"caption":"admin"}},{"@type":"WebPage","@id":"https:\/\/www.rucashk.com\/es\/producto\/laxcare-waterproof-facial-cleansing-brush\/#webpage","url":"https:\/\/www.rucashk.com\/es\/producto\/laxcare-waterproof-facial-cleansing-brush\/","name":"Laxcare Waterproof Facial Cleansing Brush - Rucas - Wholesale and Distribution","description":"Product details Item Weight: 5.6 ounces Shipping Weight: 14.4 ounces (View shipping rates and policies) ASIN: B07DQCG76T UPC: 646690377161 Batteries: 1 Lithium ion batteries required. (included)","inLanguage":"es-ES","isPartOf":{"@id":"https:\/\/www.rucashk.com\/es\/#website"},"breadcrumb":{"@id":"https:\/\/www.rucashk.com\/es\/producto\/laxcare-waterproof-facial-cleansing-brush\/#breadcrumblist"},"author":{"@id":"https:\/\/www.rucashk.com\/es\/author\/admin\/#author"},"creator":{"@id":"https:\/\/www.rucashk.com\/es\/author\/admin\/#author"},"image":{"@type":"ImageObject","url":"https:\/\/www.rucashk.com\/wp-content\/uploads\/2024\/01\/8_\u526f\u672c.jpg","@id":"https:\/\/www.rucashk.com\/es\/producto\/laxcare-waterproof-facial-cleansing-brush\/#mainImage","width":800,"height":800},"primaryImageOfPage":{"@id":"https:\/\/www.rucashk.com\/es\/producto\/laxcare-waterproof-facial-cleansing-brush\/#mainImage"},"datePublished":"2024-01-09T15:46:19+00:00","dateModified":"2024-03-13T08:57:21+00:00"},{"@type":"WebSite","@id":"https:\/\/www.rucashk.com\/es\/#website","url":"https:\/\/www.rucashk.com\/es\/","name":"Rucas - Wholesale and distribution worldwide","alternateName":"Rucas - One-stop AIoT Distribution Worldwide","description":"One-stop AIoT Distribution Worldwide","inLanguage":"es-ES","publisher":{"@id":"https:\/\/www.rucashk.com\/es\/#organization"}}]}},"aioseo_meta_data":{"post_id":"22633","title":null,"description":null,"keywords":null,"keyphrases":null,"primary_term":null,"canonical_url":null,"og_title":null,"og_description":null,"og_object_type":"default","og_image_type":"default","og_image_url":null,"og_image_width":null,"og_image_height":null,"og_image_custom_url":null,"og_image_custom_fields":null,"og_video":null,"og_custom_url":null,"og_article_section":null,"og_article_tags":null,"twitter_use_og":false,"twitter_card":"default","twitter_image_type":"default","twitter_image_url":null,"twitter_image_custom_url":null,"twitter_image_custom_fields":null,"twitter_title":null,"twitter_description":null,"schema":{"blockGraphs":[],"customGraphs":[],"default":{"data":{"Article":[],"Course":[],"Dataset":[],"FAQPage":[],"Movie":[],"Person":[],"Product":[],"Recipe":[],"Service":[],"SoftwareApplication":[],"WebPage":[]},"graphName":"","isEnabled":true},"graphs":[]},"schema_type":"default","schema_type_options":null,"pillar_content":false,"robots_default":true,"robots_noindex":false,"robots_noarchive":false,"robots_nosnippet":false,"robots_nofollow":false,"robots_noimageindex":false,"robots_noodp":false,"robots_notranslate":false,"robots_max_snippet":null,"robots_max_videopreview":null,"robots_max_imagepreview":"large","priority":null,"frequency":null,"local_seo":null,"breadcrumb_settings":null,"limit_modified_date":false,"created":"2024-04-11 01:55:24","updated":"2025-06-22 16:48:06"},"aioseo_breadcrumb":"<div class=\"aioseo-breadcrumbs\"><span class=\"aioseo-breadcrumb\">\n\t<a href=\"https:\/\/www.rucashk.com\/es\" title=\"Home\">Home<\/a>\n<\/span><span class=\"aioseo-breadcrumb-separator\">&raquo;<\/span><span class=\"aioseo-breadcrumb\">\n\t<a href=\"https:\/\/www.rucashk.com\/es\/products\/\" title=\"Productos\">Productos<\/a>\n<\/span><span class=\"aioseo-breadcrumb-separator\">&raquo;<\/span><span class=\"aioseo-breadcrumb\">\n\t<a href=\"https:\/\/www.rucashk.com\/es\/categoria-producto\/xiaomi-eco\/\" title=\"Xiaomi Eco\">Xiaomi Eco<\/a>\n<\/span><span class=\"aioseo-breadcrumb-separator\">&raquo;<\/span><span class=\"aioseo-breadcrumb\">\n\t<a href=\"https:\/\/www.rucashk.com\/es\/categoria-producto\/xiaomi-eco\/personal-care\/\" title=\"Personal Care\">Personal Care<\/a>\n<\/span><span class=\"aioseo-breadcrumb-separator\">&raquo;<\/span><span class=\"aioseo-breadcrumb\">\n\tLaxcare Waterproof Facial Cleansing Brush\n<\/span><\/div>","aioseo_breadcrumb_json":[{"label":"Home","link":"https:\/\/www.rucashk.com\/es"},{"label":"Productos","link":"https:\/\/www.rucashk.com\/es\/products\/"},{"label":"Xiaomi Eco","link":"https:\/\/www.rucashk.com\/es\/categoria-producto\/xiaomi-eco\/"},{"label":"Personal Care","link":"https:\/\/www.rucashk.com\/es\/categoria-producto\/xiaomi-eco\/personal-care\/"},{"label":"Laxcare Waterproof Facial Cleansing Brush","link":"https:\/\/www.rucashk.com\/es\/producto\/laxcare-waterproof-facial-cleansing-brush\/"}],"_links":{"self":[{"href":"https:\/\/www.rucashk.com\/es\/wp-json\/wp\/v2\/product\/22633","targetHints":{"allow":["GET"]}}],"collection":[{"href":"https:\/\/www.rucashk.com\/es\/wp-json\/wp\/v2\/product"}],"about":[{"href":"https:\/\/www.rucashk.com\/es\/wp-json\/wp\/v2\/types\/product"}],"wp:featuredmedia":[{"embeddable":true,"href":"https:\/\/www.rucashk.com\/es\/wp-json\/wp\/v2\/media\/22734"}],"wp:attachment":[{"href":"https:\/\/www.rucashk.com\/es\/wp-json\/wp\/v2\/media?parent=22633"}],"wp:term":[{"taxonomy":"product_brand","embeddable":true,"href":"https:\/\/www.rucashk.com\/es\/wp-json\/wp\/v2\/product_brand?post=22633"},{"taxonomy":"product_cat","embeddable":true,"href":"https:\/\/www.rucashk.com\/es\/wp-json\/wp\/v2\/product_cat?post=22633"},{"taxonomy":"product_tag","embeddable":true,"href":"https:\/\/www.rucashk.com\/es\/wp-json\/wp\/v2\/product_tag?post=22633"}],"curies":[{"name":"wp","href":"https:\/\/api.w.org\/{rel}","templated":true}]}}