{"id":22600,"date":"2024-01-09T15:45:54","date_gmt":"2024-01-09T15:45:54","guid":{"rendered":"http:\/\/rucashk.com\/?post_type=product&#038;p=22600"},"modified":"2024-03-13T09:00:21","modified_gmt":"2024-03-13T09:00:21","slug":"xiaomi-e-bike-himo-c16","status":"publish","type":"product","link":"https:\/\/www.rucashk.com\/es\/producto\/xiaomi-e-bike-himo-c16\/","title":{"rendered":"Bicicleta el\u00e9ctrica Xiaomi HIMO C16"},"content":{"rendered":"<p><img decoding=\"async\" alt=\"Xiaomi\u00a0E-Bike HIMO C16\" src=\"\/wp-content\/uploads\/replace\/5bd3830c69378087c95c424d910fed48.jpeg\" \/><\/p>\n<p><img decoding=\"async\" alt=\"Xiaomi\u00a0E-Bike HIMO C16\" src=\"\/wp-content\/uploads\/replace\/0d6af81aed964392d6a6ac01e7362a4b.jpeg\" \/><\/p>\n<p><img decoding=\"async\" alt=\"Xiaomi\u00a0E-Bike HIMO C16\" src=\"\/wp-content\/uploads\/replace\/00fd7a6c1bb8cce12249452c2c3432d3.jpeg\" \/><\/p>\n<p><img decoding=\"async\" alt=\"Xiaomi\u00a0E-Bike HIMO C16\" src=\"\/wp-content\/uploads\/replace\/a3e0ef31a4139c1e0c280bb5a8bc6c17.jpeg\" \/><\/p>\n<p><img decoding=\"async\" alt=\"Xiaomi\u00a0E-Bike HIMO C16\" src=\"\/wp-content\/uploads\/replace\/769127da88a02af89624be4db78d1944.jpeg\" \/><\/p>\n<p><img decoding=\"async\" alt=\"Xiaomi\u00a0E-Bike HIMO C16\" src=\"\/wp-content\/uploads\/replace\/d8847a3ce2eafd269dfc7402d8a96be3.jpeg\" \/><\/p>\n<p>&nbsp;<\/p>","protected":false},"excerpt":{"rendered":"<div><strong>Caracter\u00edsticas:<\/strong><br \/>\n\u25cf El motor sin escobillas de 250 W proporciona una velocidad m\u00e1xima de 25 km\/h.<\/div>\n<div>\u25cf Bater\u00eda de iones de litio de 12 Ah y 48 V (incluida en el producto) para un kilometraje m\u00e1ximo de 75 km con modo el\u00e9ctrico puro y un kilometraje de 55 km con modo ciclomotor.<\/div>\n<div>\u25cfNeum\u00e1tico de caucho inflable de 16 pulgadas para diferentes terrenos.<\/div>\n<div>\u25cf Alturas ajustables del sill\u00edn para diferentes alturas de personas.<\/div>\n<div>\u25cfModo de pedal, modo ciclomotor y modo el\u00e9ctrico puro para elegir.<\/div>\n<div>\u25cf Luz frontal LED para circular de noche con seguridad.<\/div>\n<div>\u25cf Carcasa de aleaci\u00f3n de aluminio para una carga \u00fatil m\u00e1xima de 100 kg.<\/div>\n<div>\u25cf Apto para adultos y adolescentes.<\/div>","protected":false},"featured_media":22700,"template":"","meta":[],"product_brand":[],"product_cat":[1321,1305],"product_tag":[747],"class_list":{"0":"post-22600","1":"product","2":"type-product","3":"status-publish","4":"has-post-thumbnail","6":"product_cat-sports","7":"product_cat-xiaomi-eco","8":"product_tag-xiaomi-e-bike-himo-c16","10":"first","11":"instock","12":"shipping-taxable","13":"product-type-simple"},"aioseo_notices":[],"aioseo_head":"\n\t\t<!-- All in One SEO Pro 4.5.9.2 - aioseo.com -->\n\t\t<meta name=\"description\" content=\"Features: \u25cf 250W brushless motor provides the max 25km\/h speed. \u25cf 12Ah 48V Li-ion battery ( included in product ) for max 75km mileage with pure electric mode and 55km mileage with moped mode. \u25cf16 inch inflatable rubber tire for different grounds. \u25cf Adjustable heights of saddle for different heights of people. \u25cfPedal mode, moped mode, and pure electric mode for choose. \u25cf LED front light to ride at night safely. \u25cf Aluminum alloy shell for max 100kg payload. \u25cf Suitable for adults and teenagers.\" \/>\n\t\t<meta name=\"robots\" content=\"max-image-preview:large\" \/>\n\t\t<link rel=\"canonical\" href=\"https:\/\/www.rucashk.com\/es\/producto\/xiaomi-e-bike-himo-c16\/\" \/>\n\t\t<meta name=\"generator\" content=\"All in One SEO Pro (AIOSEO) 4.5.9.2\" \/>\n\t\t<meta property=\"og:locale\" content=\"es_ES\" \/>\n\t\t<meta property=\"og:site_name\" content=\"Rucas - One-stop AIoT Distribution Worldwide\" \/>\n\t\t<meta property=\"og:type\" content=\"article\" \/>\n\t\t<meta property=\"og:title\" content=\"Xiaomi E-Bike HIMO C16 - Rucas - Wholesale and Distribution\" \/>\n\t\t<meta property=\"og:description\" content=\"Features: \u25cf 250W brushless motor provides the max 25km\/h speed. \u25cf 12Ah 48V Li-ion battery ( included in product ) for max 75km mileage with pure electric mode and 55km mileage with moped mode. \u25cf16 inch inflatable rubber tire for different grounds. \u25cf Adjustable heights of saddle for different heights of people. \u25cfPedal mode, moped mode, and pure electric mode for choose. \u25cf LED front light to ride at night safely. \u25cf Aluminum alloy shell for max 100kg payload. \u25cf Suitable for adults and teenagers.\" \/>\n\t\t<meta property=\"og:url\" content=\"https:\/\/www.rucashk.com\/es\/producto\/xiaomi-e-bike-himo-c16\/\" \/>\n\t\t<meta property=\"og:image\" content=\"https:\/\/www.rucashk.com\/wp-content\/uploads\/replace\/503b8e645f128a97ccde2b6290747646.jpeg\" \/>\n\t\t<meta property=\"og:image:secure_url\" content=\"https:\/\/www.rucashk.com\/wp-content\/uploads\/replace\/503b8e645f128a97ccde2b6290747646.jpeg\" \/>\n\t\t<meta property=\"og:image:width\" content=\"1456\" \/>\n\t\t<meta property=\"og:image:height\" content=\"816\" \/>\n\t\t<meta property=\"article:published_time\" content=\"2024-01-09T15:45:54+00:00\" \/>\n\t\t<meta property=\"article:modified_time\" content=\"2024-03-13T09:00:21+00:00\" \/>\n\t\t<meta name=\"twitter:card\" content=\"summary_large_image\" \/>\n\t\t<meta name=\"twitter:title\" content=\"Xiaomi E-Bike HIMO C16 - Rucas - Wholesale and Distribution\" \/>\n\t\t<meta name=\"twitter:description\" content=\"Features: \u25cf 250W brushless motor provides the max 25km\/h speed. \u25cf 12Ah 48V Li-ion battery ( included in product ) for max 75km mileage with pure electric mode and 55km mileage with moped mode. \u25cf16 inch inflatable rubber tire for different grounds. \u25cf Adjustable heights of saddle for different heights of people. \u25cfPedal mode, moped mode, and pure electric mode for choose. \u25cf LED front light to ride at night safely. \u25cf Aluminum alloy shell for max 100kg payload. \u25cf Suitable for adults and teenagers.\" \/>\n\t\t<meta name=\"twitter:image\" content=\"https:\/\/www.rucashk.com\/wp-content\/uploads\/replace\/503b8e645f128a97ccde2b6290747646.jpeg\" \/>\n\t\t<script type=\"application\/ld+json\" class=\"aioseo-schema\">\n\t\t\t{\"@context\":\"https:\\\/\\\/schema.org\",\"@graph\":[{\"@type\":\"BreadcrumbList\",\"@id\":\"https:\\\/\\\/www.rucashk.com\\\/es\\\/producto\\\/xiaomi-e-bike-himo-c16\\\/#breadcrumblist\",\"itemListElement\":[{\"@type\":\"ListItem\",\"@id\":\"https:\\\/\\\/www.rucashk.com\\\/es\\\/#listItem\",\"position\":1,\"name\":\"Home\",\"item\":\"https:\\\/\\\/www.rucashk.com\\\/es\\\/\",\"nextItem\":\"https:\\\/\\\/www.rucashk.com\\\/es\\\/producto\\\/xiaomi-e-bike-himo-c16\\\/#listItem\"},{\"@type\":\"ListItem\",\"@id\":\"https:\\\/\\\/www.rucashk.com\\\/es\\\/producto\\\/xiaomi-e-bike-himo-c16\\\/#listItem\",\"position\":2,\"name\":\"Xiaomi\\u00a0E-Bike HIMO C16\",\"previousItem\":\"https:\\\/\\\/www.rucashk.com\\\/es\\\/#listItem\"}]},{\"@type\":\"Organization\",\"@id\":\"https:\\\/\\\/www.rucashk.com\\\/es\\\/#organization\",\"name\":\"Rucas\",\"url\":\"https:\\\/\\\/www.rucashk.com\\\/es\\\/\",\"logo\":{\"@type\":\"ImageObject\",\"url\":\"https:\\\/\\\/www.rucashk.com\\\/wp-content\\\/uploads\\\/2023\\\/12\\\/Rucas_campany_logo.png\",\"@id\":\"https:\\\/\\\/www.rucashk.com\\\/es\\\/producto\\\/xiaomi-e-bike-himo-c16\\\/#organizationLogo\",\"width\":221,\"height\":65},\"image\":{\"@id\":\"https:\\\/\\\/www.rucashk.com\\\/es\\\/#organizationLogo\"}},{\"@type\":\"Person\",\"@id\":\"https:\\\/\\\/www.rucashk.com\\\/es\\\/author\\\/admin\\\/#author\",\"url\":\"https:\\\/\\\/www.rucashk.com\\\/es\\\/author\\\/admin\\\/\",\"name\":\"admin\",\"image\":{\"@type\":\"ImageObject\",\"@id\":\"https:\\\/\\\/www.rucashk.com\\\/es\\\/producto\\\/xiaomi-e-bike-himo-c16\\\/#authorImage\",\"url\":\"https:\\\/\\\/secure.gravatar.com\\\/avatar\\\/b7c8925b09a27e72b30232f8ecaadbd5af0f70a38c78096863fe51b64f031c24?s=96&d=mm&r=g\",\"width\":96,\"height\":96,\"caption\":\"admin\"}},{\"@type\":\"WebPage\",\"@id\":\"https:\\\/\\\/www.rucashk.com\\\/es\\\/producto\\\/xiaomi-e-bike-himo-c16\\\/#webpage\",\"url\":\"https:\\\/\\\/www.rucashk.com\\\/es\\\/producto\\\/xiaomi-e-bike-himo-c16\\\/\",\"name\":\"Xiaomi E-Bike HIMO C16 - Rucas - Wholesale and Distribution\",\"description\":\"Features: \\u25cf 250W brushless motor provides the max 25km\\\/h speed. \\u25cf 12Ah 48V Li-ion battery ( included in product ) for max 75km mileage with pure electric mode and 55km mileage with moped mode. \\u25cf16 inch inflatable rubber tire for different grounds. \\u25cf Adjustable heights of saddle for different heights of people. \\u25cfPedal mode, moped mode, and pure electric mode for choose. \\u25cf LED front light to ride at night safely. \\u25cf Aluminum alloy shell for max 100kg payload. \\u25cf Suitable for adults and teenagers.\",\"inLanguage\":\"es-ES\",\"isPartOf\":{\"@id\":\"https:\\\/\\\/www.rucashk.com\\\/es\\\/#website\"},\"breadcrumb\":{\"@id\":\"https:\\\/\\\/www.rucashk.com\\\/es\\\/producto\\\/xiaomi-e-bike-himo-c16\\\/#breadcrumblist\"},\"author\":{\"@id\":\"https:\\\/\\\/www.rucashk.com\\\/es\\\/author\\\/admin\\\/#author\"},\"creator\":{\"@id\":\"https:\\\/\\\/www.rucashk.com\\\/es\\\/author\\\/admin\\\/#author\"},\"image\":{\"@type\":\"ImageObject\",\"url\":\"https:\\\/\\\/www.rucashk.com\\\/wp-content\\\/uploads\\\/2024\\\/01\\\/2_\\u526f\\u672c-9.jpg\",\"@id\":\"https:\\\/\\\/www.rucashk.com\\\/es\\\/producto\\\/xiaomi-e-bike-himo-c16\\\/#mainImage\",\"width\":800,\"height\":800},\"primaryImageOfPage\":{\"@id\":\"https:\\\/\\\/www.rucashk.com\\\/es\\\/producto\\\/xiaomi-e-bike-himo-c16\\\/#mainImage\"},\"datePublished\":\"2024-01-09T15:45:54+00:00\",\"dateModified\":\"2024-03-13T09:00:21+00:00\"},{\"@type\":\"WebSite\",\"@id\":\"https:\\\/\\\/www.rucashk.com\\\/es\\\/#website\",\"url\":\"https:\\\/\\\/www.rucashk.com\\\/es\\\/\",\"name\":\"Rucas - Wholesale and distribution worldwide\",\"alternateName\":\"Rucas - One-stop AIoT Distribution Worldwide\",\"description\":\"One-stop AIoT Distribution Worldwide\",\"inLanguage\":\"es-ES\",\"publisher\":{\"@id\":\"https:\\\/\\\/www.rucashk.com\\\/es\\\/#organization\"}}]}\n\t\t<\/script>\n\t\t<!-- All in One SEO Pro -->\r\n\t\t<title>Xiaomi E-Bike HIMO C16 - Rucas - Wholesale and Distribution<\/title>\n\n","aioseo_head_json":{"title":"Xiaomi E-Bike HIMO C16 - Rucas - Wholesale and Distribution","description":"Features: \u25cf 250W brushless motor provides the max 25km\/h speed. \u25cf 12Ah 48V Li-ion battery ( included in product ) for max 75km mileage with pure electric mode and 55km mileage with moped mode. \u25cf16 inch inflatable rubber tire for different grounds. \u25cf Adjustable heights of saddle for different heights of people. \u25cfPedal mode, moped mode, and pure electric mode for choose. \u25cf LED front light to ride at night safely. \u25cf Aluminum alloy shell for max 100kg payload. \u25cf Suitable for adults and teenagers.","canonical_url":"https:\/\/www.rucashk.com\/es\/producto\/xiaomi-e-bike-himo-c16\/","robots":"max-image-preview:large","keywords":"","webmasterTools":{"miscellaneous":""},"og:locale":"es_ES","og:site_name":"Rucas - One-stop AIoT Distribution Worldwide","og:type":"article","og:title":"Xiaomi E-Bike HIMO C16 - Rucas - Wholesale and Distribution","og:description":"Features: \u25cf 250W brushless motor provides the max 25km\/h speed. \u25cf 12Ah 48V Li-ion battery ( included in product ) for max 75km mileage with pure electric mode and 55km mileage with moped mode. \u25cf16 inch inflatable rubber tire for different grounds. \u25cf Adjustable heights of saddle for different heights of people. \u25cfPedal mode, moped mode, and pure electric mode for choose. \u25cf LED front light to ride at night safely. \u25cf Aluminum alloy shell for max 100kg payload. \u25cf Suitable for adults and teenagers.","og:url":"https:\/\/www.rucashk.com\/es\/producto\/xiaomi-e-bike-himo-c16\/","og:image":"https:\/\/www.rucashk.com\/wp-content\/uploads\/replace\/503b8e645f128a97ccde2b6290747646.jpeg","og:image:secure_url":"https:\/\/www.rucashk.com\/wp-content\/uploads\/replace\/503b8e645f128a97ccde2b6290747646.jpeg","og:image:width":1456,"og:image:height":816,"article:published_time":"2024-01-09T15:45:54+00:00","article:modified_time":"2024-03-13T09:00:21+00:00","twitter:card":"summary_large_image","twitter:title":"Xiaomi E-Bike HIMO C16 - Rucas - Wholesale and Distribution","twitter:description":"Features: \u25cf 250W brushless motor provides the max 25km\/h speed. \u25cf 12Ah 48V Li-ion battery ( included in product ) for max 75km mileage with pure electric mode and 55km mileage with moped mode. \u25cf16 inch inflatable rubber tire for different grounds. \u25cf Adjustable heights of saddle for different heights of people. \u25cfPedal mode, moped mode, and pure electric mode for choose. \u25cf LED front light to ride at night safely. \u25cf Aluminum alloy shell for max 100kg payload. \u25cf Suitable for adults and teenagers.","twitter:image":"https:\/\/www.rucashk.com\/wp-content\/uploads\/replace\/503b8e645f128a97ccde2b6290747646.jpeg","schema":{"@context":"https:\/\/schema.org","@graph":[{"@type":"BreadcrumbList","@id":"https:\/\/www.rucashk.com\/es\/producto\/xiaomi-e-bike-himo-c16\/#breadcrumblist","itemListElement":[{"@type":"ListItem","@id":"https:\/\/www.rucashk.com\/es\/#listItem","position":1,"name":"Home","item":"https:\/\/www.rucashk.com\/es\/","nextItem":"https:\/\/www.rucashk.com\/es\/producto\/xiaomi-e-bike-himo-c16\/#listItem"},{"@type":"ListItem","@id":"https:\/\/www.rucashk.com\/es\/producto\/xiaomi-e-bike-himo-c16\/#listItem","position":2,"name":"Xiaomi\u00a0E-Bike HIMO C16","previousItem":"https:\/\/www.rucashk.com\/es\/#listItem"}]},{"@type":"Organization","@id":"https:\/\/www.rucashk.com\/es\/#organization","name":"Rucas","url":"https:\/\/www.rucashk.com\/es\/","logo":{"@type":"ImageObject","url":"https:\/\/www.rucashk.com\/wp-content\/uploads\/2023\/12\/Rucas_campany_logo.png","@id":"https:\/\/www.rucashk.com\/es\/producto\/xiaomi-e-bike-himo-c16\/#organizationLogo","width":221,"height":65},"image":{"@id":"https:\/\/www.rucashk.com\/es\/#organizationLogo"}},{"@type":"Person","@id":"https:\/\/www.rucashk.com\/es\/author\/admin\/#author","url":"https:\/\/www.rucashk.com\/es\/author\/admin\/","name":"admin","image":{"@type":"ImageObject","@id":"https:\/\/www.rucashk.com\/es\/producto\/xiaomi-e-bike-himo-c16\/#authorImage","url":"https:\/\/secure.gravatar.com\/avatar\/b7c8925b09a27e72b30232f8ecaadbd5af0f70a38c78096863fe51b64f031c24?s=96&d=mm&r=g","width":96,"height":96,"caption":"admin"}},{"@type":"WebPage","@id":"https:\/\/www.rucashk.com\/es\/producto\/xiaomi-e-bike-himo-c16\/#webpage","url":"https:\/\/www.rucashk.com\/es\/producto\/xiaomi-e-bike-himo-c16\/","name":"Xiaomi E-Bike HIMO C16 - Rucas - Wholesale and Distribution","description":"Features: \u25cf 250W brushless motor provides the max 25km\/h speed. \u25cf 12Ah 48V Li-ion battery ( included in product ) for max 75km mileage with pure electric mode and 55km mileage with moped mode. \u25cf16 inch inflatable rubber tire for different grounds. \u25cf Adjustable heights of saddle for different heights of people. \u25cfPedal mode, moped mode, and pure electric mode for choose. \u25cf LED front light to ride at night safely. \u25cf Aluminum alloy shell for max 100kg payload. \u25cf Suitable for adults and teenagers.","inLanguage":"es-ES","isPartOf":{"@id":"https:\/\/www.rucashk.com\/es\/#website"},"breadcrumb":{"@id":"https:\/\/www.rucashk.com\/es\/producto\/xiaomi-e-bike-himo-c16\/#breadcrumblist"},"author":{"@id":"https:\/\/www.rucashk.com\/es\/author\/admin\/#author"},"creator":{"@id":"https:\/\/www.rucashk.com\/es\/author\/admin\/#author"},"image":{"@type":"ImageObject","url":"https:\/\/www.rucashk.com\/wp-content\/uploads\/2024\/01\/2_\u526f\u672c-9.jpg","@id":"https:\/\/www.rucashk.com\/es\/producto\/xiaomi-e-bike-himo-c16\/#mainImage","width":800,"height":800},"primaryImageOfPage":{"@id":"https:\/\/www.rucashk.com\/es\/producto\/xiaomi-e-bike-himo-c16\/#mainImage"},"datePublished":"2024-01-09T15:45:54+00:00","dateModified":"2024-03-13T09:00:21+00:00"},{"@type":"WebSite","@id":"https:\/\/www.rucashk.com\/es\/#website","url":"https:\/\/www.rucashk.com\/es\/","name":"Rucas - Wholesale and distribution worldwide","alternateName":"Rucas - One-stop AIoT Distribution Worldwide","description":"One-stop AIoT Distribution Worldwide","inLanguage":"es-ES","publisher":{"@id":"https:\/\/www.rucashk.com\/es\/#organization"}}]}},"aioseo_meta_data":{"post_id":"22600","title":null,"description":null,"keywords":null,"keyphrases":null,"primary_term":null,"canonical_url":null,"og_title":null,"og_description":null,"og_object_type":"default","og_image_type":"default","og_image_url":null,"og_image_width":null,"og_image_height":null,"og_image_custom_url":null,"og_image_custom_fields":null,"og_video":null,"og_custom_url":null,"og_article_section":null,"og_article_tags":null,"twitter_use_og":false,"twitter_card":"default","twitter_image_type":"default","twitter_image_url":null,"twitter_image_custom_url":null,"twitter_image_custom_fields":null,"twitter_title":null,"twitter_description":null,"schema":{"blockGraphs":[],"customGraphs":[],"default":{"data":{"Article":[],"Course":[],"Dataset":[],"FAQPage":[],"Movie":[],"Person":[],"Product":[],"Recipe":[],"Service":[],"SoftwareApplication":[],"WebPage":[]},"graphName":"","isEnabled":true},"graphs":[]},"schema_type":"default","schema_type_options":null,"pillar_content":false,"robots_default":true,"robots_noindex":false,"robots_noarchive":false,"robots_nosnippet":false,"robots_nofollow":false,"robots_noimageindex":false,"robots_noodp":false,"robots_notranslate":false,"robots_max_snippet":null,"robots_max_videopreview":null,"robots_max_imagepreview":"large","priority":null,"frequency":null,"local_seo":null,"breadcrumb_settings":null,"limit_modified_date":false,"created":"2024-04-11 01:55:23","updated":"2025-06-22 16:46:56"},"aioseo_breadcrumb":"<div class=\"aioseo-breadcrumbs\"><span class=\"aioseo-breadcrumb\">\n\t<a href=\"https:\/\/www.rucashk.com\/es\" title=\"Home\">Home<\/a>\n<\/span><span class=\"aioseo-breadcrumb-separator\">&raquo;<\/span><span class=\"aioseo-breadcrumb\">\n\t<a href=\"https:\/\/www.rucashk.com\/es\/products\/\" title=\"Productos\">Productos<\/a>\n<\/span><span class=\"aioseo-breadcrumb-separator\">&raquo;<\/span><span class=\"aioseo-breadcrumb\">\n\t<a href=\"https:\/\/www.rucashk.com\/es\/categoria-producto\/xiaomi-eco\/\" title=\"Xiaomi Eco\">Xiaomi Eco<\/a>\n<\/span><span class=\"aioseo-breadcrumb-separator\">&raquo;<\/span><span class=\"aioseo-breadcrumb\">\n\t<a href=\"https:\/\/www.rucashk.com\/es\/categoria-producto\/xiaomi-eco\/sports\/\" title=\"Sports\">Sports<\/a>\n<\/span><span class=\"aioseo-breadcrumb-separator\">&raquo;<\/span><span class=\"aioseo-breadcrumb\">\n\tXiaomi\u00a0E-Bike HIMO C16\n<\/span><\/div>","aioseo_breadcrumb_json":[{"label":"Home","link":"https:\/\/www.rucashk.com\/es"},{"label":"Productos","link":"https:\/\/www.rucashk.com\/es\/products\/"},{"label":"Xiaomi Eco","link":"https:\/\/www.rucashk.com\/es\/categoria-producto\/xiaomi-eco\/"},{"label":"Sports","link":"https:\/\/www.rucashk.com\/es\/categoria-producto\/xiaomi-eco\/sports\/"},{"label":"Xiaomi\u00a0E-Bike HIMO C16","link":"https:\/\/www.rucashk.com\/es\/producto\/xiaomi-e-bike-himo-c16\/"}],"_links":{"self":[{"href":"https:\/\/www.rucashk.com\/es\/wp-json\/wp\/v2\/product\/22600","targetHints":{"allow":["GET"]}}],"collection":[{"href":"https:\/\/www.rucashk.com\/es\/wp-json\/wp\/v2\/product"}],"about":[{"href":"https:\/\/www.rucashk.com\/es\/wp-json\/wp\/v2\/types\/product"}],"wp:featuredmedia":[{"embeddable":true,"href":"https:\/\/www.rucashk.com\/es\/wp-json\/wp\/v2\/media\/22700"}],"wp:attachment":[{"href":"https:\/\/www.rucashk.com\/es\/wp-json\/wp\/v2\/media?parent=22600"}],"wp:term":[{"taxonomy":"product_brand","embeddable":true,"href":"https:\/\/www.rucashk.com\/es\/wp-json\/wp\/v2\/product_brand?post=22600"},{"taxonomy":"product_cat","embeddable":true,"href":"https:\/\/www.rucashk.com\/es\/wp-json\/wp\/v2\/product_cat?post=22600"},{"taxonomy":"product_tag","embeddable":true,"href":"https:\/\/www.rucashk.com\/es\/wp-json\/wp\/v2\/product_tag?post=22600"}],"curies":[{"name":"wp","href":"https:\/\/api.w.org\/{rel}","templated":true}]}}